{"id":1685,"date":"2023-01-12T11:46:18","date_gmt":"2023-01-12T03:46:18","guid":{"rendered":"http:\/\/qingdaohf.com\/?post_type=product&#038;p=1685"},"modified":"2025-11-13T09:06:58","modified_gmt":"2025-11-13T01:06:58","slug":"x-flat-tie","status":"publish","type":"product","link":"https:\/\/qingdaohf.com\/sk\/produkt\/x-plocha-kravata\/","title":{"rendered":"Tvarovanie bet\u00f3nu X Ploch\u00e9 v\u00e4zby"},"content":{"rendered":"<h2>X FLAT Tie<\/h2>\n<p><strong>Presnos\u0165 a spo\u013eahlivos\u0165: Z\u00e1kladn\u00e1 po\u017eiadavka<\/strong><\/p>\n<p><strong>Stabilita debnenia:<\/strong> Potrebujete pr\u00edslu\u0161enstvo na debnenie bet\u00f3nu, ktor\u00e9 pevne zaist\u00ed debniace kon\u0161trukcie a zabezpe\u010d\u00ed ich stabilitu po\u010das beton\u00e1\u017ee.<\/p>\n<p><strong>Jednotn\u00e9 povrchov\u00e9 \u00fapravy bet\u00f3nu:<\/strong> Dosiahnutie hladk\u00e9ho a rovnomern\u00e9ho bet\u00f3nov\u00e9ho povrchu je prvorad\u00e9. Kravata X FLAT je vynikaj\u00faca pri udr\u017eiavan\u00ed vyrovnanosti debnenia, \u010do zaru\u010duje dokonal\u00fd povrch bet\u00f3nu bez nedokonalost\u00ed.<\/p>\n<p><strong>V\u0161estrann\u00e9 pou\u017eitie:<\/strong> Va\u0161e projekty sa l\u00ed\u0161ia rozsahom a zlo\u017eitos\u0165ou. V\u010faka prisp\u00f4sobivosti a jednoduch\u00e9mu pou\u017e\u00edvaniu je X FLAT Tie univerz\u00e1lnou vo\u013ebou, ktor\u00e1 vyhovuje \u0161irokej \u0161k\u00e1le stavebn\u00fdch scen\u00e1rov.<\/p>\n<h3>\u0164a\u017ek\u00e1 x ploch\u00e1 kravata<\/h3>\n<h3>\u0160tandardn\u00e1 x ploch\u00e1 kravata<\/h3>\n<h3>Klinov\u00e1 skrutka<\/h3>\n<h3>Zakriven\u00e9 kliny traight Wedge<\/h3>\n<h3>Qingdao H&amp;F: V\u00e1\u0161 partner v presnosti<\/h3>\n<p><strong>Dokonalos\u0165 v uspokojovan\u00ed potrieb kupuj\u00facich<\/strong><\/p>\n<p>Spolo\u010dnos\u0165 Qingdao H&amp;F je d\u00f4kazom prec\u00edznosti a kvality v oblasti pr\u00edslu\u0161enstva na tvarovanie bet\u00f3nu a upev\u0148ovacieho hardv\u00e9ru. V\u00fdhody na\u0161ej spolo\u010dnosti sa dokonale zhoduj\u00fa s va\u0161imi po\u017eiadavkami:<\/p>\n<p><strong>\u0160irok\u00fd rozsah ve\u013ekost\u00ed:<\/strong> S hrdos\u0165ou pon\u00fakame kravaty X FLAT vo ve\u013ekostiach od 4 palcov a\u017e po impozantn\u00fdch 48 palcov. Na\u0161e rozsiahle mo\u017enosti rozmerov vyhovuj\u00fa r\u00f4znym potreb\u00e1m stavebn\u00fdch projektov a zaru\u010duj\u00fa, \u017ee n\u00e1jdete perfektn\u00fa vo\u013ebu pre svoje po\u017eiadavky.<\/p>\n<p><strong>Podpora prisp\u00f4sobenia:<\/strong> Ch\u00e1peme, \u017ee \u017eiadne dva projekty nie s\u00fa rovnak\u00e9. Na\u0161e mo\u017enosti prisp\u00f4sobenia v\u00e1m umo\u017enia prisp\u00f4sobi\u0165 na\u0161e v\u00fdrobky presne pod\u013ea va\u0161ich \u0161pecifik\u00e1ci\u00ed, \u010d\u00edm sa zabezpe\u010d\u00ed, \u017ee bud\u00fa sp\u013a\u0148a\u0165 va\u0161e jedine\u010dn\u00e9 potreby.<\/p>\n<p><strong>Dostupnos\u0165 produktu:<\/strong> V\u010faka na\u0161im produktom, ktor\u00e9 s\u00fa v\u017edy na sklade, m\u00e1te k dispoz\u00edcii n\u00e1stroje, ktor\u00e9 potrebujete, ke\u010f je \u010das rozhoduj\u00faci, a m\u00e1te istotu, \u017ee va\u0161e projekty bud\u00fa prebieha\u0165 pod\u013ea pl\u00e1nu.<\/p>\n<p><strong>Konkuren\u010dn\u00e9 ceny:<\/strong> Sme presved\u010den\u00ed, \u017ee kvalita nemus\u00ed by\u0165 drah\u00e1. N\u00e1\u0161 z\u00e1v\u00e4zok ku konkurencieschopn\u00fdm cen\u00e1m znamen\u00e1, \u017ee za svoju invest\u00edciu dostanete v\u00fdnimo\u010dn\u00fa hodnotu.<\/p>\n<p><strong>Zabezpe\u010denie kvality:<\/strong> Ka\u017ed\u00e1 kravata X FLAT sa dod\u00e1va so spr\u00e1vou o kontrole kvality, ktor\u00e1 je nespochybnite\u013en\u00fdm d\u00f4kazom kvality a v\u00fdkonu a poskytuje v\u00e1m istotu.<\/p>\n<p><strong>Dostupnos\u0165 vzorky:<\/strong> Sme presved\u010den\u00ed o kvalite na\u0161ich v\u00fdrobkov a pon\u00fakame v\u00e1m bezplatn\u00e9 vzorky, aby ste sa mohli na vlastnej ko\u017ei presved\u010di\u0165 o dokonalosti kravaty X FLAT.<\/p>\n<p><strong>Personalizovan\u00e9 slu\u017eby:<\/strong> Sme viac ako dod\u00e1vate\u013e, sme v\u00e1\u0161 oddan\u00fd partner. N\u00e1\u0161 t\u00edm poskytuje individu\u00e1lne slu\u017eby a sprev\u00e1dza v\u00e1s v ka\u017edej f\u00e1ze, od v\u00fdberu produktu a\u017e po podporu po n\u00e1kupe.<\/p>\n<p>&nbsp;<\/p>\n<div class=\"ast-oembed-container\" style=\"height: 100%;\"><iframe title=\"X Ploch\u00e1 kravata, \u0161tandardn\u00e1 klinov\u00e1 skrutka, kombinovan\u00fd kol\u00edk, kol\u00edk s okr\u00fahlou hlavou Zakriven\u00fd klin a rovn\u00fd klin\" width=\"500\" height=\"281\" src=\"https:\/\/www.youtube.com\/embed\/RafUudL8gBk?feature=oembed\" frameborder=\"0\" allow=\"accelerometer; autoplay; clipboard-write; encrypted-media; gyroscope; picture-in-picture; web-share\" referrerpolicy=\"strict-origin-when-cross-origin\" allowfullscreen><\/iframe><\/div>","protected":false},"excerpt":{"rendered":"<p>Ploch\u00fd viaza\u010d X je vysoko v\u00fdkonn\u00e9, odoln\u00e9 a \u013eahko pou\u017eite\u013en\u00e9 pr\u00edslu\u0161enstvo pre bet\u00f3nov\u00e9 tvarovky. Je navrhnut\u00fd pre presnos\u0165 a zabezpe\u010duje spo\u013eahliv\u00e9 vyrovnanie a bezpe\u010dn\u00e9 upevnenie v debnen\u00ed.<\/p>\n<p>Ploch\u00fd viaza\u010d X m\u00e1 siln\u00fa pevnos\u0165 v \u0165ahu a hladk\u00fd povrch na lep\u0161ie spojenie, tak\u017ee je ide\u00e1lny na \u0161irok\u00fa \u0161k\u00e1lu obytn\u00fdch a komer\u010dn\u00fdch aplik\u00e1ci\u00ed.<\/p>\n<p>N\u00e1\u0161mu produktu X Flat Tie od spolo\u010dnosti Qingdao H&amp;F m\u00f4\u017eete plne d\u00f4verova\u0165 pre jeho dokonalos\u0165, dlh\u00fa \u017eivotnos\u0165, spr\u00e1vu o kontrole kvality a v\u010dasn\u00e9 dodanie.<\/p>","protected":false},"featured_media":4700,"comment_status":"open","ping_status":"closed","template":"","meta":{"site-sidebar-layout":"default","site-content-layout":"default","ast-site-content-layout":"default","site-content-style":"default","site-sidebar-style":"default","ast-global-header-display":"","ast-banner-title-visibility":"","ast-main-header-display":"","ast-hfb-above-header-display":"","ast-hfb-below-header-display":"","ast-hfb-mobile-header-display":"","site-post-title":"","ast-breadcrumbs-content":"","ast-featured-img":"","footer-sml-layout":"","theme-transparent-header-meta":"default","adv-header-id-meta":"","stick-header-meta":"default","header-above-stick-meta":"","header-main-stick-meta":"","header-below-stick-meta":"","astra-migrate-meta-layouts":"set","ast-page-background-enabled":"default","ast-page-background-meta":{"desktop":{"background-color":"","background-image":"","background-repeat":"repeat","background-position":"center center","background-size":"auto","background-attachment":"scroll","background-type":"","background-media":"","overlay-type":"","overlay-color":"","overlay-opacity":"","overlay-gradient":""},"tablet":{"background-color":"","background-image":"","background-repeat":"repeat","background-position":"center center","background-size":"auto","background-attachment":"scroll","background-type":"","background-media":"","overlay-type":"","overlay-color":"","overlay-opacity":"","overlay-gradient":""},"mobile":{"background-color":"","background-image":"","background-repeat":"repeat","background-position":"center center","background-size":"auto","background-attachment":"scroll","background-type":"","background-media":"","overlay-type":"","overlay-color":"","overlay-opacity":"","overlay-gradient":""}},"ast-content-background-meta":{"desktop":{"background-color":"var(--ast-global-color-5)","background-image":"","background-repeat":"repeat","background-position":"center center","background-size":"auto","background-attachment":"scroll","background-type":"","background-media":"","overlay-type":"","overlay-color":"","overlay-opacity":"","overlay-gradient":""},"tablet":{"background-color":"var(--ast-global-color-5)","background-image":"","background-repeat":"repeat","background-position":"center center","background-size":"auto","background-attachment":"scroll","background-type":"","background-media":"","overlay-type":"","overlay-color":"","overlay-opacity":"","overlay-gradient":""},"mobile":{"background-color":"var(--ast-global-color-5)","background-image":"","background-repeat":"repeat","background-position":"center center","background-size":"auto","background-attachment":"scroll","background-type":"","background-media":"","overlay-type":"","overlay-color":"","overlay-opacity":"","overlay-gradient":""}}},"product_brand":[],"product_cat":[50,20,64,28],"product_tag":[],"class_list":{"0":"post-1685","1":"product","2":"type-product","3":"status-publish","4":"has-post-thumbnail","6":"product_cat-concrete-form-accessories","7":"product_cat-concrete-wall-tie","8":"product_cat-concrete-flat-tie","9":"product_cat-concrete-forming","10":"desktop-align-left","11":"tablet-align-left","12":"mobile-align-left","13":"ast-product-gallery-layout-horizontal-slider","14":"ast-product-tabs-layout-horizontal","16":"first","17":"instock","18":"shipping-taxable","19":"purchasable","20":"product-type-simple"},"yoast_head":"<!-- This site is optimized with the Yoast SEO plugin v25.2 - https:\/\/yoast.com\/wordpress\/plugins\/seo\/ -->\n<title>Heavy Duty Concrete Forming X Flat Ties<\/title>\n<meta name=\"description\" content=\"X Flat Tie is a vital component in modern construction, offering improved strength, stability, and ease of use in concrete formwork.\" \/>\n<meta name=\"robots\" content=\"index, follow, max-snippet:-1, max-image-preview:large, max-video-preview:-1\" \/>\n<link rel=\"canonical\" href=\"https:\/\/qingdaohf.com\/sk\/produkt\/x-plocha-kravata\/\" \/>\n<meta property=\"og:locale\" content=\"sk_SK\" \/>\n<meta property=\"og:type\" content=\"article\" \/>\n<meta property=\"og:title\" content=\"Heavy Duty Concrete Forming X Flat Ties\" \/>\n<meta property=\"og:description\" content=\"X Flat Tie is a vital component in modern construction, offering improved strength, stability, and ease of use in concrete formwork.\" \/>\n<meta property=\"og:url\" content=\"https:\/\/qingdaohf.com\/sk\/produkt\/x-plocha-kravata\/\" \/>\n<meta property=\"og:site_name\" content=\"Concrete Form &amp; Rigging Hardware Supplier\" \/>\n<meta property=\"article:publisher\" content=\"https:\/\/www.facebook.com\/qingdaohf\" \/>\n<meta property=\"article:modified_time\" content=\"2025-11-13T01:06:58+00:00\" \/>\n<meta property=\"og:image\" content=\"https:\/\/qingdaohf.com\/wp-content\/uploads\/2023\/01\/X-FLAT-TIE-5.jpg\" \/>\n\t<meta property=\"og:image:width\" content=\"1000\" \/>\n\t<meta property=\"og:image:height\" content=\"1000\" \/>\n\t<meta property=\"og:image:type\" content=\"image\/jpeg\" \/>\n<meta name=\"twitter:card\" content=\"summary_large_image\" \/>\n<meta name=\"twitter:label1\" content=\"Predpokladan\u00fd \u010das \u010d\u00edtania\" \/>\n\t<meta name=\"twitter:data1\" content=\"2 min\u00faty\" \/>\n<script type=\"application\/ld+json\" class=\"yoast-schema-graph\">{\"@context\":\"https:\/\/schema.org\",\"@graph\":[{\"@type\":\"WebPage\",\"@id\":\"https:\/\/qingdaohf.com\/product\/x-flat-tie\/\",\"url\":\"https:\/\/qingdaohf.com\/product\/x-flat-tie\/\",\"name\":\"Heavy Duty Concrete Forming X Flat Ties\",\"isPartOf\":{\"@id\":\"https:\/\/qingdaohf.com\/bg\/#website\"},\"primaryImageOfPage\":{\"@id\":\"https:\/\/qingdaohf.com\/product\/x-flat-tie\/#primaryimage\"},\"image\":{\"@id\":\"https:\/\/qingdaohf.com\/product\/x-flat-tie\/#primaryimage\"},\"thumbnailUrl\":\"https:\/\/qingdaohf.com\/wp-content\/uploads\/2023\/01\/X-FLAT-TIE-5.jpg\",\"datePublished\":\"2023-01-12T03:46:18+00:00\",\"dateModified\":\"2025-11-13T01:06:58+00:00\",\"description\":\"X Flat Tie is a vital component in modern construction, offering improved strength, stability, and ease of use in concrete formwork.\",\"breadcrumb\":{\"@id\":\"https:\/\/qingdaohf.com\/product\/x-flat-tie\/#breadcrumb\"},\"inLanguage\":\"sk-SK\",\"potentialAction\":[{\"@type\":\"ReadAction\",\"target\":[\"https:\/\/qingdaohf.com\/product\/x-flat-tie\/\"]}]},{\"@type\":\"ImageObject\",\"inLanguage\":\"sk-SK\",\"@id\":\"https:\/\/qingdaohf.com\/product\/x-flat-tie\/#primaryimage\",\"url\":\"https:\/\/qingdaohf.com\/wp-content\/uploads\/2023\/01\/X-FLAT-TIE-5.jpg\",\"contentUrl\":\"https:\/\/qingdaohf.com\/wp-content\/uploads\/2023\/01\/X-FLAT-TIE-5.jpg\",\"width\":1000,\"height\":1000,\"caption\":\"X FLAT TIE\"},{\"@type\":\"BreadcrumbList\",\"@id\":\"https:\/\/qingdaohf.com\/product\/x-flat-tie\/#breadcrumb\",\"itemListElement\":[{\"@type\":\"ListItem\",\"position\":1,\"name\":\"Home\",\"item\":\"https:\/\/qingdaohf.com\/\"},{\"@type\":\"ListItem\",\"position\":2,\"name\":\"Concrete Forming Accessories and Rigging Hardware\",\"item\":\"https:\/\/qingdaohf.com\/bg\/?page_id=944\"},{\"@type\":\"ListItem\",\"position\":3,\"name\":\"Heavy Duty Concrete Forming X Flat Ties\"}]},{\"@type\":\"WebSite\",\"@id\":\"https:\/\/qingdaohf.com\/bg\/#website\",\"url\":\"https:\/\/qingdaohf.com\/bg\/\",\"name\":\"Concrete Form & Rigging Hardware Supplier\",\"description\":\"\",\"publisher\":{\"@id\":\"https:\/\/qingdaohf.com\/bg\/#organization\"},\"potentialAction\":[{\"@type\":\"SearchAction\",\"target\":{\"@type\":\"EntryPoint\",\"urlTemplate\":\"https:\/\/qingdaohf.com\/bg\/?s={search_term_string}\"},\"query-input\":{\"@type\":\"PropertyValueSpecification\",\"valueRequired\":true,\"valueName\":\"search_term_string\"}}],\"inLanguage\":\"sk-SK\"},{\"@type\":\"Organization\",\"@id\":\"https:\/\/qingdaohf.com\/bg\/#organization\",\"name\":\"Qingdao H&F\",\"url\":\"https:\/\/qingdaohf.com\/bg\/\",\"logo\":{\"@type\":\"ImageObject\",\"inLanguage\":\"sk-SK\",\"@id\":\"https:\/\/qingdaohf.com\/bg\/#\/schema\/logo\/image\/\",\"url\":\"https:\/\/qingdaohf.com\/wp-content\/uploads\/2022\/12\/cropped-HF-LOGO.png\",\"contentUrl\":\"https:\/\/qingdaohf.com\/wp-content\/uploads\/2022\/12\/cropped-HF-LOGO.png\",\"width\":391,\"height\":249,\"caption\":\"Qingdao H&F\"},\"image\":{\"@id\":\"https:\/\/qingdaohf.com\/bg\/#\/schema\/logo\/image\/\"},\"sameAs\":[\"https:\/\/www.facebook.com\/qingdaohf\"]}]}<\/script>\n<!-- \/ Yoast SEO plugin. -->","yoast_head_json":{"title":"Heavy Duty Concrete Forming X Flat Ties","description":"X Flat Tie is a vital component in modern construction, offering improved strength, stability, and ease of use in concrete formwork.","robots":{"index":"index","follow":"follow","max-snippet":"max-snippet:-1","max-image-preview":"max-image-preview:large","max-video-preview":"max-video-preview:-1"},"canonical":"https:\/\/qingdaohf.com\/sk\/produkt\/x-plocha-kravata\/","og_locale":"sk_SK","og_type":"article","og_title":"Heavy Duty Concrete Forming X Flat Ties","og_description":"X Flat Tie is a vital component in modern construction, offering improved strength, stability, and ease of use in concrete formwork.","og_url":"https:\/\/qingdaohf.com\/sk\/produkt\/x-plocha-kravata\/","og_site_name":"Concrete Form &amp; Rigging Hardware Supplier","article_publisher":"https:\/\/www.facebook.com\/qingdaohf","article_modified_time":"2025-11-13T01:06:58+00:00","og_image":[{"width":1000,"height":1000,"url":"https:\/\/qingdaohf.com\/wp-content\/uploads\/2023\/01\/X-FLAT-TIE-5.jpg","type":"image\/jpeg"}],"twitter_card":"summary_large_image","twitter_misc":{"Predpokladan\u00fd \u010das \u010d\u00edtania":"2 min\u00faty"},"schema":{"@context":"https:\/\/schema.org","@graph":[{"@type":"WebPage","@id":"https:\/\/qingdaohf.com\/product\/x-flat-tie\/","url":"https:\/\/qingdaohf.com\/product\/x-flat-tie\/","name":"Heavy Duty Concrete Forming X Flat Ties","isPartOf":{"@id":"https:\/\/qingdaohf.com\/bg\/#website"},"primaryImageOfPage":{"@id":"https:\/\/qingdaohf.com\/product\/x-flat-tie\/#primaryimage"},"image":{"@id":"https:\/\/qingdaohf.com\/product\/x-flat-tie\/#primaryimage"},"thumbnailUrl":"https:\/\/qingdaohf.com\/wp-content\/uploads\/2023\/01\/X-FLAT-TIE-5.jpg","datePublished":"2023-01-12T03:46:18+00:00","dateModified":"2025-11-13T01:06:58+00:00","description":"X Flat Tie is a vital component in modern construction, offering improved strength, stability, and ease of use in concrete formwork.","breadcrumb":{"@id":"https:\/\/qingdaohf.com\/product\/x-flat-tie\/#breadcrumb"},"inLanguage":"sk-SK","potentialAction":[{"@type":"ReadAction","target":["https:\/\/qingdaohf.com\/product\/x-flat-tie\/"]}]},{"@type":"ImageObject","inLanguage":"sk-SK","@id":"https:\/\/qingdaohf.com\/product\/x-flat-tie\/#primaryimage","url":"https:\/\/qingdaohf.com\/wp-content\/uploads\/2023\/01\/X-FLAT-TIE-5.jpg","contentUrl":"https:\/\/qingdaohf.com\/wp-content\/uploads\/2023\/01\/X-FLAT-TIE-5.jpg","width":1000,"height":1000,"caption":"X FLAT TIE"},{"@type":"BreadcrumbList","@id":"https:\/\/qingdaohf.com\/product\/x-flat-tie\/#breadcrumb","itemListElement":[{"@type":"ListItem","position":1,"name":"Home","item":"https:\/\/qingdaohf.com\/"},{"@type":"ListItem","position":2,"name":"Concrete Forming Accessories and Rigging Hardware","item":"https:\/\/qingdaohf.com\/bg\/?page_id=944"},{"@type":"ListItem","position":3,"name":"Heavy Duty Concrete Forming X Flat Ties"}]},{"@type":"WebSite","@id":"https:\/\/qingdaohf.com\/bg\/#website","url":"https:\/\/qingdaohf.com\/bg\/","name":"Concrete Form & Rigging Hardware Supplier","description":"","publisher":{"@id":"https:\/\/qingdaohf.com\/bg\/#organization"},"potentialAction":[{"@type":"SearchAction","target":{"@type":"EntryPoint","urlTemplate":"https:\/\/qingdaohf.com\/bg\/?s={search_term_string}"},"query-input":{"@type":"PropertyValueSpecification","valueRequired":true,"valueName":"search_term_string"}}],"inLanguage":"sk-SK"},{"@type":"Organization","@id":"https:\/\/qingdaohf.com\/bg\/#organization","name":"Qingdao H&F","url":"https:\/\/qingdaohf.com\/bg\/","logo":{"@type":"ImageObject","inLanguage":"sk-SK","@id":"https:\/\/qingdaohf.com\/bg\/#\/schema\/logo\/image\/","url":"https:\/\/qingdaohf.com\/wp-content\/uploads\/2022\/12\/cropped-HF-LOGO.png","contentUrl":"https:\/\/qingdaohf.com\/wp-content\/uploads\/2022\/12\/cropped-HF-LOGO.png","width":391,"height":249,"caption":"Qingdao H&F"},"image":{"@id":"https:\/\/qingdaohf.com\/bg\/#\/schema\/logo\/image\/"},"sameAs":["https:\/\/www.facebook.com\/qingdaohf"]}]}},"_links":{"self":[{"href":"https:\/\/qingdaohf.com\/sk\/wp-json\/wp\/v2\/product\/1685","targetHints":{"allow":["GET"]}}],"collection":[{"href":"https:\/\/qingdaohf.com\/sk\/wp-json\/wp\/v2\/product"}],"about":[{"href":"https:\/\/qingdaohf.com\/sk\/wp-json\/wp\/v2\/types\/product"}],"replies":[{"embeddable":true,"href":"https:\/\/qingdaohf.com\/sk\/wp-json\/wp\/v2\/comments?post=1685"}],"version-history":[{"count":25,"href":"https:\/\/qingdaohf.com\/sk\/wp-json\/wp\/v2\/product\/1685\/revisions"}],"predecessor-version":[{"id":10249,"href":"https:\/\/qingdaohf.com\/sk\/wp-json\/wp\/v2\/product\/1685\/revisions\/10249"}],"wp:featuredmedia":[{"embeddable":true,"href":"https:\/\/qingdaohf.com\/sk\/wp-json\/wp\/v2\/media\/4700"}],"wp:attachment":[{"href":"https:\/\/qingdaohf.com\/sk\/wp-json\/wp\/v2\/media?parent=1685"}],"wp:term":[{"taxonomy":"product_brand","embeddable":true,"href":"https:\/\/qingdaohf.com\/sk\/wp-json\/wp\/v2\/product_brand?post=1685"},{"taxonomy":"product_cat","embeddable":true,"href":"https:\/\/qingdaohf.com\/sk\/wp-json\/wp\/v2\/product_cat?post=1685"},{"taxonomy":"product_tag","embeddable":true,"href":"https:\/\/qingdaohf.com\/sk\/wp-json\/wp\/v2\/product_tag?post=1685"}],"curies":[{"name":"wp","href":"https:\/\/api.w.org\/{rel}","templated":true}]}}