{"id":1731,"date":"2024-06-24T14:06:56","date_gmt":"2024-06-24T06:06:56","guid":{"rendered":"http:\/\/qingdaohf.com\/?post_type=product&#038;p=1731"},"modified":"2025-11-13T09:03:15","modified_gmt":"2025-11-13T01:03:15","slug":"spreader-cleats","status":"publish","type":"product","link":"https:\/\/qingdaohf.com\/sk\/produkt\/distancny-ramik\/","title":{"rendered":"Rozpern\u00e9 klie\u0161te na rozprestieranie bet\u00f3nov\u00fdch vrstiev"},"content":{"rendered":"<h2 data-pm-slice=\"1 1 []\">V\u00fdznam rozpern\u00fdch klie\u0161t\u00ed na bet\u00f3nov\u00e9 vrstvy v stavebn\u00edctve<\/h2>\n<p>V n\u00e1ro\u010dnom svete bet\u00f3nov\u00fdch kon\u0161trukci\u00ed s\u00fa presnos\u0165 a stabilita rozhoduj\u00face pre dosiahnutie kvalitn\u00fdch v\u00fdsledkov. Rozpern\u00e9 klie\u0161te na bet\u00f3nov\u00e9 vrstvy zohr\u00e1vaj\u00fa k\u013e\u00fa\u010dov\u00fa \u00falohu pri udr\u017eiavan\u00ed rovnomern\u00fdch rozstupov medzi debniacimi panelmi, \u010d\u00edm sa zabezpe\u010duje, \u017ee kone\u010dn\u00e1 kon\u0161trukcia sp\u013a\u0148a po\u017eadovan\u00e9 rozmery a pevnostn\u00e9 normy. Tieto rozpery poskytuj\u00fa z\u00e1kladn\u00fa oporu t\u00fdm, \u017ee zabezpe\u010duj\u00fa preglejkov\u00e9 debnenie na mieste, zabra\u0148uj\u00fa deform\u00e1ci\u00e1m a umo\u017e\u0148uj\u00fa rovnomern\u00e9 vylievanie bet\u00f3nu. \u010ci u\u017e sa pou\u017e\u00edvaj\u00fa pri rozsiahlych infra\u0161trukt\u00farnych projektoch alebo men\u0161\u00edch obytn\u00fdch stavb\u00e1ch, spr\u00e1vne rozpern\u00e9 klie\u0161tiny m\u00f4\u017eu v\u00fdrazne zv\u00fd\u0161i\u0165 odolnos\u0165 a povrchov\u00fa \u00fapravu bet\u00f3nov\u00fdch povrchov.<\/p>\n<p>V spolo\u010dnosti Qingdao H&amp;F rozumieme v\u00fdzvam, ktor\u00fdm \u010delia profesion\u00e1li v stavebn\u00edctve, a preto pon\u00fakame rad vysoko v\u00fdkonn\u00fdch rozpern\u00fdch klie\u0161t\u00ed navrhnut\u00fdch tak, aby sp\u013a\u0148ali najn\u00e1ro\u010dnej\u0161ie po\u017eiadavky projektov. V\u010faka n\u00e1\u0161mu z\u00e1v\u00e4zku ku kvalite, r\u00fdchlym dodac\u00edm cyklom a \u0161pecializovan\u00e9mu z\u00e1kazn\u00edckemu servisu poskytujeme bezkonkuren\u010dn\u00fa kombin\u00e1ciu spo\u013eahlivosti a efekt\u00edvnosti pre va\u0161e stavebn\u00e9 potreby.<\/p>\n<p><img fetchpriority=\"high\" decoding=\"async\" class=\"alignnone wp-image-1732 size-full\" src=\"http:\/\/qingdaohf.com\/wp-content\/uploads\/2023\/01\/PLY-SPACER.png\" alt=\"PLY SPACER\" width=\"650\" height=\"458\" srcset=\"https:\/\/qingdaohf.com\/wp-content\/uploads\/2023\/01\/PLY-SPACER.png 650w, https:\/\/qingdaohf.com\/wp-content\/uploads\/2023\/01\/PLY-SPACER-300x211.png 300w, https:\/\/qingdaohf.com\/wp-content\/uploads\/2023\/01\/PLY-SPACER-600x423.png 600w\" sizes=\"(max-width: 650px) 100vw, 650px\" \/><\/p>\n<h2>Vlastnosti a v\u00fdhody rozpern\u00fdch klie\u0161t\u00ed na bet\u00f3nov\u00e9 vrstvy<\/h2>\n<p>V\u00fdber spr\u00e1vnych rozn\u00e1\u0161ac\u00edch klie\u0161t\u00ed je rozhoduj\u00faci pre optimaliz\u00e1ciu \u00fa\u010dinnosti debnenia a zabezpe\u010denie bezchybnej povrchovej \u00fapravy bet\u00f3nu. Na\u0161e rozpern\u00e9 klie\u0161te na rozprestieranie bet\u00f3nov\u00fdch vrstiev sa dod\u00e1vaj\u00fa s r\u00f4znymi funkciami, ktor\u00e9 ich robia nepostr\u00e1date\u013en\u00fdmi pre modern\u00e9 stavebn\u00e9 projekty.<\/p>\n<p>Jednou z k\u013e\u00fa\u010dov\u00fdch vlastnost\u00ed na\u0161ich kopa\u010diek je ich odolnos\u0165. Vyr\u00e1baj\u00fa sa z vysokopevnostn\u00fdch materi\u00e1lov, ako je pozinkovan\u00e1 oce\u013e alebo vystu\u017een\u00fd plast, a s\u00fa odoln\u00e9 vo\u010di kor\u00f3zii, deform\u00e1cii a n\u00e1ro\u010dn\u00fdm podmienkam pri pr\u00e1ci s bet\u00f3nom. To zaru\u010duje ich dlh\u00fa \u017eivotnos\u0165 a konzistentn\u00fd v\u00fdkon pri viacn\u00e1sobnom pou\u017eit\u00ed, v\u010faka \u010domu s\u00fa pre zhotovite\u013eov n\u00e1kladovo efekt\u00edvnym rie\u0161en\u00edm.<\/p>\n<p>\u010eal\u0161ou ve\u013ekou v\u00fdhodou s\u00fa presn\u00e9 rozstupy, ktor\u00e9 poskytuj\u00fa. Nerovnomern\u00e9 alebo zle nastaven\u00e9 debnenie m\u00f4\u017ee vies\u0165 k \u0161truktur\u00e1lnym nedostatkom a zlej estetike hotov\u00e9ho bet\u00f3nu. Na\u0161e rozpern\u00e9 kliny zaru\u010duj\u00fa rovnomern\u00e9 rozmiestnenie debniacich panelov, \u010d\u00edm sa eliminuj\u00fa odch\u00fdlky a zabezpe\u010duje sa hladk\u00fd a jednotn\u00fd povrch.<\/p>\n<p>Nezanedbate\u013enou v\u00fdhodou je aj jednoduch\u00e1 in\u0161tal\u00e1cia. Na\u0161e kliny s\u00fa navrhnut\u00e9 na r\u00fdchlu a bezprobl\u00e9mov\u00fa aplik\u00e1ciu a umo\u017e\u0148uj\u00fa pracovn\u00edkom nastavi\u0165 debnenie s minim\u00e1lnym \u00fasil\u00edm, \u010d\u00edm sa zni\u017euje \u010das a n\u00e1klady na pr\u00e1cu. Ich u\u017e\u00edvate\u013esky pr\u00edvetiv\u00fd dizajn zaru\u010duje, \u017ee aj menej sk\u00fasen\u00ed pracovn\u00edci m\u00f4\u017eu dosiahnu\u0165 profesion\u00e1lne v\u00fdsledky bez potreby \u0161pecializovan\u00e9ho n\u00e1radia alebo vybavenia.<\/p>\n<h2>V\u00fdber spr\u00e1vnych rozpern\u00fdch klie\u0161t\u00ed pre v\u00e1\u0161 projekt<\/h2>\n<p>Ke\u010f\u017ee s\u00fa k dispoz\u00edcii r\u00f4zne ve\u013ekosti a materi\u00e1ly, v\u00fdber vhodn\u00fdch rozpern\u00fdch klie\u0161t\u00ed z\u00e1vis\u00ed od konkr\u00e9tnych po\u017eiadaviek v\u00e1\u0161ho projektu. V pr\u00edpade n\u00e1ro\u010dn\u00fdch aplik\u00e1ci\u00ed, ako s\u00fa mostn\u00e9 alebo v\u00fd\u0161kov\u00e9 kon\u0161trukcie, sa \u010dasto uprednost\u0148uj\u00fa oce\u013eov\u00e9 rozpery v\u010faka ich v\u00fdnimo\u010dnej nosnosti a odolnosti vo\u010di opotrebovaniu. Na druhej strane, plastov\u00e9 rozpery pon\u00fakaj\u00fa \u013eahk\u00fa a cenovo v\u00fdhodn\u00fa alternat\u00edvu pre projekty, ktor\u00e9 nevy\u017eaduj\u00fa extr\u00e9mnu pevnos\u0165.<\/p>\n<p>D\u00f4le\u017eit\u00e9 s\u00fa aj \u0161pecifik\u00e1cie hr\u00fabky a \u0161\u00edrky. Na\u0161e rozpern\u00e9 kliny s\u00fa k dispoz\u00edcii v r\u00f4znych rozmeroch, aby sa prisp\u00f4sobili r\u00f4znym nastaveniam debnenia a zabezpe\u010dili kompatibilitu s r\u00f4znymi typmi preglejok a hr\u00fabkami bet\u00f3nu. N\u00e1\u0161 t\u00edm v spolo\u010dnosti Qingdao H&amp;F poskytuje odborn\u00e9 poradenstvo, ktor\u00e9 v\u00e1m pom\u00f4\u017ee ur\u010di\u0165 najlep\u0161ie rozpern\u00e9 kliny pre va\u0161e jedine\u010dn\u00e9 stavebn\u00e9 potreby.<\/p>\n<p>Okrem toho je rozhoduj\u00facim faktorom dodr\u017eiavanie priemyseln\u00fdch noriem. V\u0161etky na\u0161e rozn\u00e1\u0161acie klie\u0161te na bet\u00f3n prech\u00e1dzaj\u00fa pr\u00edsnym testovan\u00edm kvality a dod\u00e1vaj\u00fa sa s podrobn\u00fdmi kontroln\u00fdmi spr\u00e1vami. To zaru\u010duje, \u017ee dostanete v\u00fdrobky, ktor\u00e9 sp\u013a\u0148aj\u00fa bezpe\u010dnostn\u00e9 predpisy a poskytuj\u00fa konzistentn\u00fd v\u00fdkon, \u010d\u00edm sa zni\u017euje riziko por\u00fach debnenia a oneskorenia v\u00fdstavby.<\/p>\n<h2>Pre\u010do si vybra\u0165 spolo\u010dnos\u0165 Qingdao H&amp;F pre pr\u00edslu\u0161enstvo pre bet\u00f3nov\u00e9 debnenie?<\/h2>\n<p>V spolo\u010dnosti Qingdao H&amp;F ideme nad r\u00e1mec dod\u00e1vok stavebn\u00fdch materi\u00e1lov - venujeme sa poskytovaniu rie\u0161en\u00ed, ktor\u00e9 prid\u00e1vaj\u00fa hodnotu va\u0161im projektom. N\u00e1\u0161 individu\u00e1lny z\u00e1kazn\u00edcky servis v\u00e1m zaru\u010d\u00ed individu\u00e1lnu pomoc po\u010das cel\u00e9ho procesu n\u00e1kupu, od v\u00fdberu produktu a\u017e po popredajn\u00fa podporu. Na rozdiel od in\u00fdch dod\u00e1vate\u013eov, ktor\u00ed m\u00f4\u017eu uprednost\u0148ova\u0165 objem pred kvalitou, my sa zameriavame na dod\u00e1vanie v\u00fdrobkov, ktor\u00e9 sp\u013a\u0148aj\u00fa pr\u00edsne normy kvality.<\/p>\n<p>\u010eal\u0161ou na\u0161ou v\u00fdhodou je r\u00fdchlos\u0165. Uvedomujeme si, \u017ee \u010das je pri v\u00fdstavbe rozhoduj\u00facim faktorom a oneskorenie m\u00f4\u017ee vies\u0165 k zv\u00fd\u0161en\u00fdm n\u00e1kladom. Preto garantujeme r\u00fdchle dodacie cykly, v\u010faka ktor\u00fdm dostanete rozpern\u00e9 kliny presne vtedy, ke\u010f ich potrebujete. Na\u0161a spo\u013eahliv\u00e1 logistick\u00e1 sie\u0165 n\u00e1m umo\u017e\u0148uje efekt\u00edvne plni\u0165 objedn\u00e1vky, \u010d\u00edm minimalizujeme prestoje a udr\u017eiavame va\u0161e projekty v s\u00falade s harmonogramom.<\/p>\n<p>Okrem toho n\u00e1s odli\u0161uje n\u00e1\u0161 z\u00e1v\u00e4zok transparentnosti a d\u00f4very. Ku ka\u017edej d\u00e1vke rozprestierac\u00edch klie\u0161t\u00ed na bet\u00f3nov\u00e9 dla\u017edice s\u00fa prilo\u017een\u00e9 komplexn\u00e9 spr\u00e1vy o kontrole kvality, ktor\u00e9 v\u00e1m d\u00e1vaj\u00fa pln\u00fa d\u00f4veru v materi\u00e1ly, ktor\u00e9 pou\u017e\u00edvate. T\u00e1to \u00farove\u0148 zodpovednosti zaru\u010duje, \u017ee m\u00f4\u017eete splni\u0165 \u0161pecifik\u00e1cie projektu bez ob\u00e1v o v\u00fdkonnos\u0165 v\u00fdrobku.<\/p>\n<h2>Z\u00e1ver<\/h2>\n<p>Rozpern\u00e9 klie\u0161te na bet\u00f3nov\u00e9 dosky s\u00fa nepostr\u00e1date\u013en\u00fdmi komponentmi na dosiahnutie presnosti a stability bet\u00f3nov\u00e9ho debnenia. Zvy\u0161uj\u00fa \u0161truktur\u00e1lnu integritu projektov t\u00fdm, \u017ee udr\u017eiavaj\u00fa rovnomern\u00e9 rozstupy, zabra\u0148uj\u00fa deform\u00e1cii debnenia a u\u013eah\u010duj\u00fa hladk\u00e9 vylievanie bet\u00f3nu. V\u00fdber vysokokvalitn\u00fdch rozpern\u00fdch klie\u0161t\u00ed od spolo\u010dnosti Qingdao H&amp;F znamen\u00e1, \u017ee budete ma\u0165 prospech z trvanlivosti, jednoduchej in\u0161tal\u00e1cie a zhody s priemyseln\u00fdmi predpismi.<\/p>\n<p>V\u010faka na\u0161ej oddanosti kvalite, r\u00fdchlym dod\u00e1vkam a individu\u00e1lnym slu\u017eb\u00e1m sme ide\u00e1lnym partnerom pre va\u0161e potreby v oblasti stavebn\u00e9ho materi\u00e1lu. \u010ci u\u017e po\u017eadujete \u0161tandardn\u00e9 rozmery alebo z\u00e1kazkov\u00e9 \u0161pecifik\u00e1cie, m\u00e1me odborn\u00e9 znalosti a zdroje na splnenie va\u0161ich po\u017eiadaviek. Kontaktujte n\u00e1s e\u0161te dnes a dozviete sa viac o na\u0161om sortimente rozpern\u00fdch klie\u0161tin na bet\u00f3n a o tom, ako m\u00f4\u017eu zv\u00fd\u0161i\u0165 efektivitu a spo\u013eahlivos\u0165 va\u0161ich stavebn\u00fdch projektov.<\/p>\n<div class=\"ast-oembed-container\" style=\"height: 100%;\"><iframe title=\"Syst\u00e9m HF na viazanie bet\u00f3nov\u00fdch stien\" width=\"500\" height=\"281\" src=\"https:\/\/www.youtube.com\/embed\/KNe3GjndsAs?feature=oembed\" frameborder=\"0\" allow=\"accelerometer; autoplay; clipboard-write; encrypted-media; gyroscope; picture-in-picture; web-share\" referrerpolicy=\"strict-origin-when-cross-origin\" allowfullscreen><\/iframe><\/div>\n<p>&nbsp;<\/p>","protected":false},"excerpt":{"rendered":"<p>Rozpern\u00e9 klie\u0161te na rozprestieranie bet\u00f3nov\u00fdch vrstiev zohr\u00e1vaj\u00fa v\u00fdznamn\u00fa \u00falohu pri podpore presn\u00e9ho vyrovnania a stability v r\u00e1mci debniacich syst\u00e9mov, najm\u00e4 v projektoch bet\u00f3nov\u00fdch stavieb. Rozpery s\u00fa \u00fa\u010dinn\u00e9 rozpery, ktor\u00e9 zabra\u0148uj\u00fa deform\u00e1cii alebo pohybu preglejky po\u010das liatia, \u010do vedie k \u0161truktur\u00e1lne pevn\u00fdm a rovn\u00fdm bet\u00f3nov\u00fdm povrchom. V spolo\u010dnosti Qingdao H&amp;F dod\u00e1vame vysokokvalitn\u00e9 rozpern\u00e9 kliny z r\u00f4znych materi\u00e1lov a s r\u00f4znymi rozmermi, ktor\u00e9 vyhovuj\u00fa r\u00f4znym \u0161pecifik\u00e1ci\u00e1m projektu. N\u00e1\u0161 individu\u00e1lny z\u00e1kazn\u00edcky servis, f\u00e9rov\u00e9 ceny a z\u00e1v\u00e4zky t\u00fdkaj\u00face sa \u010dasu realiz\u00e1cie v\u00e1m zaru\u010duj\u00fa najlep\u0161ie rie\u0161enie, ktor\u00e9 vyhovuje va\u0161im potreb\u00e1m. Pre n\u00e1\u0161 tovar poskytujeme aj d\u00f4kladn\u00fa spr\u00e1vu o kontrole kvality, \u010do v\u00e1m d\u00e1va istotu pri ka\u017edej dod\u00e1vke.<\/p>","protected":false},"featured_media":2918,"comment_status":"open","ping_status":"closed","template":"","meta":{"site-sidebar-layout":"default","site-content-layout":"default","ast-site-content-layout":"default","site-content-style":"default","site-sidebar-style":"default","ast-global-header-display":"","ast-banner-title-visibility":"","ast-main-header-display":"","ast-hfb-above-header-display":"","ast-hfb-below-header-display":"","ast-hfb-mobile-header-display":"","site-post-title":"","ast-breadcrumbs-content":"","ast-featured-img":"","footer-sml-layout":"","theme-transparent-header-meta":"default","adv-header-id-meta":"","stick-header-meta":"default","header-above-stick-meta":"","header-main-stick-meta":"","header-below-stick-meta":"","astra-migrate-meta-layouts":"set","ast-page-background-enabled":"default","ast-page-background-meta":{"desktop":{"background-color":"","background-image":"","background-repeat":"repeat","background-position":"center center","background-size":"auto","background-attachment":"scroll","background-type":"","background-media":"","overlay-type":"","overlay-color":"","overlay-opacity":"","overlay-gradient":""},"tablet":{"background-color":"","background-image":"","background-repeat":"repeat","background-position":"center center","background-size":"auto","background-attachment":"scroll","background-type":"","background-media":"","overlay-type":"","overlay-color":"","overlay-opacity":"","overlay-gradient":""},"mobile":{"background-color":"","background-image":"","background-repeat":"repeat","background-position":"center center","background-size":"auto","background-attachment":"scroll","background-type":"","background-media":"","overlay-type":"","overlay-color":"","overlay-opacity":"","overlay-gradient":""}},"ast-content-background-meta":{"desktop":{"background-color":"var(--ast-global-color-5)","background-image":"","background-repeat":"repeat","background-position":"center center","background-size":"auto","background-attachment":"scroll","background-type":"","background-media":"","overlay-type":"","overlay-color":"","overlay-opacity":"","overlay-gradient":""},"tablet":{"background-color":"var(--ast-global-color-5)","background-image":"","background-repeat":"repeat","background-position":"center center","background-size":"auto","background-attachment":"scroll","background-type":"","background-media":"","overlay-type":"","overlay-color":"","overlay-opacity":"","overlay-gradient":""},"mobile":{"background-color":"var(--ast-global-color-5)","background-image":"","background-repeat":"repeat","background-position":"center center","background-size":"auto","background-attachment":"scroll","background-type":"","background-media":"","overlay-type":"","overlay-color":"","overlay-opacity":"","overlay-gradient":""}}},"product_brand":[],"product_cat":[28],"product_tag":[],"class_list":{"0":"post-1731","1":"product","2":"type-product","3":"status-publish","4":"has-post-thumbnail","6":"product_cat-concrete-forming","7":"desktop-align-left","8":"tablet-align-left","9":"mobile-align-left","10":"ast-product-gallery-layout-horizontal-slider","11":"ast-product-tabs-layout-horizontal","13":"first","14":"instock","15":"shipping-taxable","16":"purchasable","17":"product-type-simple"},"yoast_head":"<!-- This site is optimized with the Yoast SEO plugin v25.2 - https:\/\/yoast.com\/wordpress\/plugins\/seo\/ -->\n<title>Concrete Ply Spacer Spreader Cleats<\/title>\n<meta name=\"description\" content=\"Plywood form concrete ply spacer.3\/4&quot; ply spacer,1-1\/8&quot; ply spacer.\" \/>\n<meta name=\"robots\" content=\"index, follow, max-snippet:-1, max-image-preview:large, max-video-preview:-1\" \/>\n<link rel=\"canonical\" href=\"https:\/\/qingdaohf.com\/sk\/produkt\/distancny-ramik\/\" \/>\n<meta property=\"og:locale\" content=\"sk_SK\" \/>\n<meta property=\"og:type\" content=\"article\" \/>\n<meta property=\"og:title\" content=\"Concrete Ply Spacer Spreader Cleats\" \/>\n<meta property=\"og:description\" content=\"Plywood form concrete ply spacer.3\/4&quot; ply spacer,1-1\/8&quot; ply spacer.\" \/>\n<meta property=\"og:url\" content=\"https:\/\/qingdaohf.com\/sk\/produkt\/distancny-ramik\/\" \/>\n<meta property=\"og:site_name\" content=\"Concrete Form &amp; Rigging Hardware Supplier\" \/>\n<meta property=\"article:publisher\" content=\"https:\/\/www.facebook.com\/qingdaohf\" \/>\n<meta property=\"article:modified_time\" content=\"2025-11-13T01:03:15+00:00\" \/>\n<meta property=\"og:image\" content=\"https:\/\/qingdaohf.com\/wp-content\/uploads\/2023\/01\/PLY-SPACER-3.jpg\" \/>\n\t<meta property=\"og:image:width\" content=\"1000\" \/>\n\t<meta property=\"og:image:height\" content=\"1000\" \/>\n\t<meta property=\"og:image:type\" content=\"image\/jpeg\" \/>\n<meta name=\"twitter:card\" content=\"summary_large_image\" \/>\n<meta name=\"twitter:label1\" content=\"Predpokladan\u00fd \u010das \u010d\u00edtania\" \/>\n\t<meta name=\"twitter:data1\" content=\"4 min\u00faty\" \/>\n<script type=\"application\/ld+json\" class=\"yoast-schema-graph\">{\"@context\":\"https:\/\/schema.org\",\"@graph\":[{\"@type\":\"WebPage\",\"@id\":\"https:\/\/qingdaohf.com\/product\/spreader-cleats\/\",\"url\":\"https:\/\/qingdaohf.com\/product\/spreader-cleats\/\",\"name\":\"Concrete Ply Spacer Spreader Cleats\",\"isPartOf\":{\"@id\":\"https:\/\/qingdaohf.com\/bg\/#website\"},\"primaryImageOfPage\":{\"@id\":\"https:\/\/qingdaohf.com\/product\/spreader-cleats\/#primaryimage\"},\"image\":{\"@id\":\"https:\/\/qingdaohf.com\/product\/spreader-cleats\/#primaryimage\"},\"thumbnailUrl\":\"https:\/\/qingdaohf.com\/wp-content\/uploads\/2023\/01\/PLY-SPACER-3.jpg\",\"datePublished\":\"2024-06-24T06:06:56+00:00\",\"dateModified\":\"2025-11-13T01:03:15+00:00\",\"description\":\"Plywood form concrete ply spacer.3\/4\\\" ply spacer,1-1\/8\\\" ply spacer.\",\"breadcrumb\":{\"@id\":\"https:\/\/qingdaohf.com\/product\/spreader-cleats\/#breadcrumb\"},\"inLanguage\":\"sk-SK\",\"potentialAction\":[{\"@type\":\"ReadAction\",\"target\":[\"https:\/\/qingdaohf.com\/product\/spreader-cleats\/\"]}]},{\"@type\":\"ImageObject\",\"inLanguage\":\"sk-SK\",\"@id\":\"https:\/\/qingdaohf.com\/product\/spreader-cleats\/#primaryimage\",\"url\":\"https:\/\/qingdaohf.com\/wp-content\/uploads\/2023\/01\/PLY-SPACER-3.jpg\",\"contentUrl\":\"https:\/\/qingdaohf.com\/wp-content\/uploads\/2023\/01\/PLY-SPACER-3.jpg\",\"width\":1000,\"height\":1000,\"caption\":\"PLY SPACER\"},{\"@type\":\"BreadcrumbList\",\"@id\":\"https:\/\/qingdaohf.com\/product\/spreader-cleats\/#breadcrumb\",\"itemListElement\":[{\"@type\":\"ListItem\",\"position\":1,\"name\":\"Home\",\"item\":\"https:\/\/qingdaohf.com\/\"},{\"@type\":\"ListItem\",\"position\":2,\"name\":\"Concrete Forming Accessories and Rigging Hardware\",\"item\":\"https:\/\/qingdaohf.com\/bg\/?page_id=944\"},{\"@type\":\"ListItem\",\"position\":3,\"name\":\"Concrete Ply Spacer Spreader Cleats\"}]},{\"@type\":\"WebSite\",\"@id\":\"https:\/\/qingdaohf.com\/bg\/#website\",\"url\":\"https:\/\/qingdaohf.com\/bg\/\",\"name\":\"Concrete Form & Rigging Hardware Supplier\",\"description\":\"\",\"publisher\":{\"@id\":\"https:\/\/qingdaohf.com\/bg\/#organization\"},\"potentialAction\":[{\"@type\":\"SearchAction\",\"target\":{\"@type\":\"EntryPoint\",\"urlTemplate\":\"https:\/\/qingdaohf.com\/bg\/?s={search_term_string}\"},\"query-input\":{\"@type\":\"PropertyValueSpecification\",\"valueRequired\":true,\"valueName\":\"search_term_string\"}}],\"inLanguage\":\"sk-SK\"},{\"@type\":\"Organization\",\"@id\":\"https:\/\/qingdaohf.com\/bg\/#organization\",\"name\":\"Qingdao H&F\",\"url\":\"https:\/\/qingdaohf.com\/bg\/\",\"logo\":{\"@type\":\"ImageObject\",\"inLanguage\":\"sk-SK\",\"@id\":\"https:\/\/qingdaohf.com\/bg\/#\/schema\/logo\/image\/\",\"url\":\"https:\/\/qingdaohf.com\/wp-content\/uploads\/2022\/12\/cropped-HF-LOGO.png\",\"contentUrl\":\"https:\/\/qingdaohf.com\/wp-content\/uploads\/2022\/12\/cropped-HF-LOGO.png\",\"width\":391,\"height\":249,\"caption\":\"Qingdao H&F\"},\"image\":{\"@id\":\"https:\/\/qingdaohf.com\/bg\/#\/schema\/logo\/image\/\"},\"sameAs\":[\"https:\/\/www.facebook.com\/qingdaohf\"]}]}<\/script>\n<!-- \/ Yoast SEO plugin. -->","yoast_head_json":{"title":"Concrete Ply Spacer Spreader Cleats","description":"Plywood form concrete ply spacer.3\/4\" ply spacer,1-1\/8\" ply spacer.","robots":{"index":"index","follow":"follow","max-snippet":"max-snippet:-1","max-image-preview":"max-image-preview:large","max-video-preview":"max-video-preview:-1"},"canonical":"https:\/\/qingdaohf.com\/sk\/produkt\/distancny-ramik\/","og_locale":"sk_SK","og_type":"article","og_title":"Concrete Ply Spacer Spreader Cleats","og_description":"Plywood form concrete ply spacer.3\/4\" ply spacer,1-1\/8\" ply spacer.","og_url":"https:\/\/qingdaohf.com\/sk\/produkt\/distancny-ramik\/","og_site_name":"Concrete Form &amp; Rigging Hardware Supplier","article_publisher":"https:\/\/www.facebook.com\/qingdaohf","article_modified_time":"2025-11-13T01:03:15+00:00","og_image":[{"width":1000,"height":1000,"url":"https:\/\/qingdaohf.com\/wp-content\/uploads\/2023\/01\/PLY-SPACER-3.jpg","type":"image\/jpeg"}],"twitter_card":"summary_large_image","twitter_misc":{"Predpokladan\u00fd \u010das \u010d\u00edtania":"4 min\u00faty"},"schema":{"@context":"https:\/\/schema.org","@graph":[{"@type":"WebPage","@id":"https:\/\/qingdaohf.com\/product\/spreader-cleats\/","url":"https:\/\/qingdaohf.com\/product\/spreader-cleats\/","name":"Concrete Ply Spacer Spreader Cleats","isPartOf":{"@id":"https:\/\/qingdaohf.com\/bg\/#website"},"primaryImageOfPage":{"@id":"https:\/\/qingdaohf.com\/product\/spreader-cleats\/#primaryimage"},"image":{"@id":"https:\/\/qingdaohf.com\/product\/spreader-cleats\/#primaryimage"},"thumbnailUrl":"https:\/\/qingdaohf.com\/wp-content\/uploads\/2023\/01\/PLY-SPACER-3.jpg","datePublished":"2024-06-24T06:06:56+00:00","dateModified":"2025-11-13T01:03:15+00:00","description":"Plywood form concrete ply spacer.3\/4\" ply spacer,1-1\/8\" ply spacer.","breadcrumb":{"@id":"https:\/\/qingdaohf.com\/product\/spreader-cleats\/#breadcrumb"},"inLanguage":"sk-SK","potentialAction":[{"@type":"ReadAction","target":["https:\/\/qingdaohf.com\/product\/spreader-cleats\/"]}]},{"@type":"ImageObject","inLanguage":"sk-SK","@id":"https:\/\/qingdaohf.com\/product\/spreader-cleats\/#primaryimage","url":"https:\/\/qingdaohf.com\/wp-content\/uploads\/2023\/01\/PLY-SPACER-3.jpg","contentUrl":"https:\/\/qingdaohf.com\/wp-content\/uploads\/2023\/01\/PLY-SPACER-3.jpg","width":1000,"height":1000,"caption":"PLY SPACER"},{"@type":"BreadcrumbList","@id":"https:\/\/qingdaohf.com\/product\/spreader-cleats\/#breadcrumb","itemListElement":[{"@type":"ListItem","position":1,"name":"Home","item":"https:\/\/qingdaohf.com\/"},{"@type":"ListItem","position":2,"name":"Concrete Forming Accessories and Rigging Hardware","item":"https:\/\/qingdaohf.com\/bg\/?page_id=944"},{"@type":"ListItem","position":3,"name":"Concrete Ply Spacer Spreader Cleats"}]},{"@type":"WebSite","@id":"https:\/\/qingdaohf.com\/bg\/#website","url":"https:\/\/qingdaohf.com\/bg\/","name":"Concrete Form & Rigging Hardware Supplier","description":"","publisher":{"@id":"https:\/\/qingdaohf.com\/bg\/#organization"},"potentialAction":[{"@type":"SearchAction","target":{"@type":"EntryPoint","urlTemplate":"https:\/\/qingdaohf.com\/bg\/?s={search_term_string}"},"query-input":{"@type":"PropertyValueSpecification","valueRequired":true,"valueName":"search_term_string"}}],"inLanguage":"sk-SK"},{"@type":"Organization","@id":"https:\/\/qingdaohf.com\/bg\/#organization","name":"Qingdao H&F","url":"https:\/\/qingdaohf.com\/bg\/","logo":{"@type":"ImageObject","inLanguage":"sk-SK","@id":"https:\/\/qingdaohf.com\/bg\/#\/schema\/logo\/image\/","url":"https:\/\/qingdaohf.com\/wp-content\/uploads\/2022\/12\/cropped-HF-LOGO.png","contentUrl":"https:\/\/qingdaohf.com\/wp-content\/uploads\/2022\/12\/cropped-HF-LOGO.png","width":391,"height":249,"caption":"Qingdao H&F"},"image":{"@id":"https:\/\/qingdaohf.com\/bg\/#\/schema\/logo\/image\/"},"sameAs":["https:\/\/www.facebook.com\/qingdaohf"]}]}},"_links":{"self":[{"href":"https:\/\/qingdaohf.com\/sk\/wp-json\/wp\/v2\/product\/1731","targetHints":{"allow":["GET"]}}],"collection":[{"href":"https:\/\/qingdaohf.com\/sk\/wp-json\/wp\/v2\/product"}],"about":[{"href":"https:\/\/qingdaohf.com\/sk\/wp-json\/wp\/v2\/types\/product"}],"replies":[{"embeddable":true,"href":"https:\/\/qingdaohf.com\/sk\/wp-json\/wp\/v2\/comments?post=1731"}],"version-history":[{"count":5,"href":"https:\/\/qingdaohf.com\/sk\/wp-json\/wp\/v2\/product\/1731\/revisions"}],"predecessor-version":[{"id":9012,"href":"https:\/\/qingdaohf.com\/sk\/wp-json\/wp\/v2\/product\/1731\/revisions\/9012"}],"wp:featuredmedia":[{"embeddable":true,"href":"https:\/\/qingdaohf.com\/sk\/wp-json\/wp\/v2\/media\/2918"}],"wp:attachment":[{"href":"https:\/\/qingdaohf.com\/sk\/wp-json\/wp\/v2\/media?parent=1731"}],"wp:term":[{"taxonomy":"product_brand","embeddable":true,"href":"https:\/\/qingdaohf.com\/sk\/wp-json\/wp\/v2\/product_brand?post=1731"},{"taxonomy":"product_cat","embeddable":true,"href":"https:\/\/qingdaohf.com\/sk\/wp-json\/wp\/v2\/product_cat?post=1731"},{"taxonomy":"product_tag","embeddable":true,"href":"https:\/\/qingdaohf.com\/sk\/wp-json\/wp\/v2\/product_tag?post=1731"}],"curies":[{"name":"wp","href":"https:\/\/api.w.org\/{rel}","templated":true}]}}