{"id":2062,"date":"2023-02-07T18:07:00","date_gmt":"2023-02-07T10:07:00","guid":{"rendered":"http:\/\/qingdaohf.com\/?post_type=product&#038;p=2062"},"modified":"2025-11-13T09:06:37","modified_gmt":"2025-11-13T01:06:37","slug":"loop-tie-wire-bar-tie-wire","status":"publish","type":"product","link":"https:\/\/qingdaohf.com\/sk\/produkt\/slucka-viazacieho-drotu-tycovy-viazaci-drot\/","title":{"rendered":"Dr\u00f4t na viazanie slu\u010diek"},"content":{"rendered":"<h3 class=\"text-2xl font-bold mt-1 text-text-200\">D\u00f4veryhodn\u00e9 rie\u0161enie pre r\u00f4zne aplik\u00e1cie<\/h3>\n<p class=\"whitespace-pre-wrap break-words\">Slu\u010dkov\u00fd viazac\u00ed dr\u00f4t je z\u00e1kladn\u00fdm produktom, ktor\u00fd n\u00e1jdete na nespo\u010detn\u00fdch stavb\u00e1ch. Je to z\u00e1kladn\u00fd n\u00e1stroj, ktor\u00fd jednoducho funguje, od stavebn\u00fdch t\u00edmov pri upev\u0148ovan\u00ed v\u00fdstu\u017ee a\u017e po baliace t\u00edmy pri viazan\u00ed materi\u00e1lov. \u010co sp\u00f4sobuje, \u017ee sa dr\u017e\u00ed? Po prv\u00e9, je ve\u013emi jednoduch\u00fd na pou\u017e\u00edvanie. Navy\u0161e sa dod\u00e1va vo v\u0161etk\u00fdch potrebn\u00fdch variantoch - z pozinkovanej ocele, \u017e\u00edhan\u00e9ho dr\u00f4tu, s PVC povlakom, na \u010do si len spomeniete. Nechajte ho vonku na da\u017edi alebo ho pou\u017e\u00edvajte de\u0148 \u010do de\u0148 - tento materi\u00e1l vydr\u017e\u00ed n\u00e1por a pokra\u010duje \u010falej.<\/p>\n<p class=\"whitespace-pre-wrap break-words\">V spolo\u010dnosti Qingdao H&amp;F s vami spolupracujeme, aby sme z\u00edskali presne tak\u00fd dr\u00f4t, ktor\u00fd vyhovuje va\u0161im potreb\u00e1m. Preto\u017ee ke\u010f m\u00e1te spr\u00e1vne n\u00e1stroje, v\u0161etko ostatn\u00e9 zapadne na svoje miesto.<\/p>\n<h3 class=\"text-2xl font-bold mt-1 text-text-200\">Presnos\u0165 v\u00fdroby a konzistentn\u00e1 kvalita<\/h3>\n<p class=\"whitespace-pre-wrap break-words\">V\u00fdroba dobr\u00e9ho dr\u00f4tu nie je raketov\u00e1 veda, ale vy\u017eaduje si pozornos\u0165 k detailom. D\u00e1vame pozor na v\u0161etko - na hr\u00fabku, pevnos\u0165, pru\u017enos\u0165 - a uis\u0165ujeme sa, \u017ee ka\u017ed\u00e1 d\u00e1vka vyhovuje po\u017eiadavk\u00e1m. V\u0161etko d\u00f4kladne testujeme, preto\u017ee na\u0161i z\u00e1kazn\u00edci si zakladaj\u00fa na konzistentnosti.<\/p>\n<p class=\"whitespace-pre-wrap break-words\">Porozpr\u00e1vajte sa s ka\u017ed\u00fdm kupuj\u00facim a ten v\u00e1m povie, \u017ee zl\u00e1 spr\u00e1va znamen\u00e1 zl\u00fa spr\u00e1vu. M\u00f4\u017ee to by\u0165 straten\u00fd \u010das, m\u00f4\u017ee to by\u0165 e\u0161te hor\u0161ie. Preto sa ku ka\u017edej objedn\u00e1vke dod\u00e1vaj\u00fa podrobn\u00e9 spr\u00e1vy o kvalite. Presne vid\u00edte, \u010do dost\u00e1vate, od testov pevnosti a\u017e po kontrolu kor\u00f3zie. \u017diadne prekvapenia, len sol\u00eddny v\u00fdkon.<\/p>\n<p class=\"whitespace-pre-wrap break-words\">Z\u00e1le\u017e\u00ed aj na mali\u010dkostiach - napr\u00edklad na tom, aby bol v\u00e1\u0161 k\u00e1bel spr\u00e1vne zabalen\u00fd a jasne ozna\u010den\u00fd. Preto\u017ee posledn\u00e1 vec, ktor\u00fa potrebujete, je boles\u0165 hlavy, ke\u010f z\u00e1sielka doraz\u00ed.<\/p>\n<h3 class=\"text-2xl font-bold mt-1 text-text-200\">N\u00e1kupn\u00fd z\u00e1\u017eitok navrhnut\u00fd pre v\u00e1s<\/h3>\n<p class=\"whitespace-pre-wrap break-words\">Dvadsa\u0165 rokov v zahrani\u010dnom obchode v\u00e1s nau\u010d\u00ed, \u010do je pre kupuj\u00facich d\u00f4le\u017eit\u00e9. R\u00fdchle reakcie, osobn\u00e9 slu\u017eby, flexibiln\u00e1 doprava - to nie je pr\u00edjemn\u00e9, ale povinn\u00e9.<\/p>\n<p class=\"whitespace-pre-wrap break-words\">Na\u0161i z\u00e1kazn\u00edci oce\u0148uj\u00fa najm\u00e4 to, \u017ee maj\u00fa svojho vlastn\u00e9ho z\u00e1stupcu. Niekoho, kto pozn\u00e1 ich biznis a dok\u00e1\u017ee sa postara\u0165 o v\u0161etko od v\u00fdberu dr\u00f4tu a\u017e po logistiku prepravy. \u017diadne obch\u00e1dzanie, \u017eiadne dvojit\u00e9 vysvet\u013eovanie.<\/p>\n<p class=\"whitespace-pre-wrap break-words\">Ch\u00e1peme to - ke\u010f z\u00e1soby doch\u00e1dzaj\u00fa, pr\u00e1ca sa zastav\u00ed. Preto sme n\u00e1\u0161 dod\u00e1vate\u013esk\u00fd re\u0165azec vybudovali tak, aby sme dod\u00e1vali r\u00fdchlo, aj v kr\u00e1tkych term\u00ednoch, bez toho, aby sme sa museli uskromni\u0165 s kvalitou.<\/p>\n<p class=\"whitespace-pre-wrap break-words\">Tie spr\u00e1vy o kontrole kvality, ktor\u00e9 sme spom\u00ednali? S\u00fa na\u0161\u00edm sp\u00f4sobom, ako v\u00e1m uk\u00e1za\u0165, \u017ee m\u00f4\u017eete d\u00f4verova\u0165 tomu, \u010do kupujete, objedn\u00e1vku za objedn\u00e1vkou. Nepred\u00e1vame len dr\u00f4ty - budujeme dlhodob\u00e9 vz\u0165ahy.<\/p>\n<h3 class=\"text-2xl font-bold mt-1 text-text-200\">Z\u00e1vere\u010dn\u00e9 my\u0161lienky<\/h3>\n<p class=\"whitespace-pre-wrap break-words\">Slu\u010dkov\u00fd viazac\u00ed dr\u00f4t sa m\u00f4\u017ee zda\u0165 z\u00e1kladn\u00fd, ale je to jeden z t\u00fdch produktov, ktor\u00e9 udr\u017eiavaj\u00fa priemysel v pohybe. V spolo\u010dnosti Qingdao H&amp;F sa pot\u00edme pri detailoch, aby ste vy nemuseli. \u010ci u\u017e zabezpe\u010dujete materi\u00e1ly na stavenisku alebo zv\u00e4zujete v\u00fdrobky v sklade, n\u00e1\u0161 dr\u00f4t jednoducho funguje.<\/p>\n<p class=\"whitespace-pre-wrap break-words\">Na\u0161\u00edm cie\u013eom je by\u0165 viac ako len \u010fal\u0161\u00edm dod\u00e1vate\u013eom. Chceme by\u0165 partnerom, na ktor\u00e9ho sa m\u00f4\u017eete spo\u013eahn\u00fa\u0165 a ktor\u00fd v\u00e1m poskytne kvalitu bez probl\u00e9mov.<\/p>","protected":false},"excerpt":{"rendered":"<p>Slu\u010dkov\u00fd viazac\u00ed dr\u00f4t je prisp\u00f4sobiv\u00e9 a spo\u013eahliv\u00e9 upev\u0148ovacie rie\u0161enie, ktor\u00e9 sa pou\u017e\u00edva v r\u00f4znych oblastiach na zabezpe\u010denie, zv\u00e4zovanie alebo spevnenie materi\u00e1lov. V\u00e4\u010d\u0161ina kupuj\u00facich sa prikl\u00e1\u0148a k v\u00fdrobku, ktor\u00fd m\u00e1 zabezpe\u010den\u00fa st\u00e1lu kvalitu, v\u010dasn\u00e9 dodanie a servis po\u010das cel\u00e9ho procesu n\u00e1kupu. V spolo\u010dnosti Qingdao H&amp;F rie\u0161ime tieto obavy prostredn\u00edctvom individu\u00e1lneho z\u00e1kazn\u00edckeho servisu, r\u00fdchleho dodacieho cyklu a komplexn\u00fdch spr\u00e1v o kontrole kvality. N\u00e1\u0161 z\u00e1v\u00e4zok zlep\u0161ova\u0165 sk\u00fasenosti s n\u00e1kupom zaru\u010duje, \u017ee ka\u017ed\u00fd slu\u010dkov\u00fd viazac\u00ed dr\u00f4t sp\u013a\u0148a najvy\u0161\u0161ie \u0161tandardy, \u010d\u00edm zabezpe\u010duje bezkonkuren\u010dn\u00fd v\u00fdkon a pokoj.<\/p>","protected":false},"featured_media":2875,"comment_status":"open","ping_status":"closed","template":"","meta":{"site-sidebar-layout":"default","site-content-layout":"default","ast-site-content-layout":"default","site-content-style":"default","site-sidebar-style":"default","ast-global-header-display":"","ast-banner-title-visibility":"","ast-main-header-display":"","ast-hfb-above-header-display":"","ast-hfb-below-header-display":"","ast-hfb-mobile-header-display":"","site-post-title":"","ast-breadcrumbs-content":"","ast-featured-img":"","footer-sml-layout":"","theme-transparent-header-meta":"default","adv-header-id-meta":"","stick-header-meta":"default","header-above-stick-meta":"","header-main-stick-meta":"","header-below-stick-meta":"","astra-migrate-meta-layouts":"set","ast-page-background-enabled":"default","ast-page-background-meta":{"desktop":{"background-color":"","background-image":"","background-repeat":"repeat","background-position":"center center","background-size":"auto","background-attachment":"scroll","background-type":"","background-media":"","overlay-type":"","overlay-color":"","overlay-opacity":"","overlay-gradient":""},"tablet":{"background-color":"","background-image":"","background-repeat":"repeat","background-position":"center center","background-size":"auto","background-attachment":"scroll","background-type":"","background-media":"","overlay-type":"","overlay-color":"","overlay-opacity":"","overlay-gradient":""},"mobile":{"background-color":"","background-image":"","background-repeat":"repeat","background-position":"center center","background-size":"auto","background-attachment":"scroll","background-type":"","background-media":"","overlay-type":"","overlay-color":"","overlay-opacity":"","overlay-gradient":""}},"ast-content-background-meta":{"desktop":{"background-color":"var(--ast-global-color-5)","background-image":"","background-repeat":"repeat","background-position":"center center","background-size":"auto","background-attachment":"scroll","background-type":"","background-media":"","overlay-type":"","overlay-color":"","overlay-opacity":"","overlay-gradient":""},"tablet":{"background-color":"var(--ast-global-color-5)","background-image":"","background-repeat":"repeat","background-position":"center center","background-size":"auto","background-attachment":"scroll","background-type":"","background-media":"","overlay-type":"","overlay-color":"","overlay-opacity":"","overlay-gradient":""},"mobile":{"background-color":"var(--ast-global-color-5)","background-image":"","background-repeat":"repeat","background-position":"center center","background-size":"auto","background-attachment":"scroll","background-type":"","background-media":"","overlay-type":"","overlay-color":"","overlay-opacity":"","overlay-gradient":""}}},"product_brand":[],"product_cat":[36],"product_tag":[],"class_list":{"0":"post-2062","1":"product","2":"type-product","3":"status-publish","4":"has-post-thumbnail","6":"product_cat-tie-wire","7":"desktop-align-left","8":"tablet-align-left","9":"mobile-align-left","10":"ast-product-gallery-layout-horizontal-slider","11":"ast-product-tabs-layout-horizontal","13":"first","14":"instock","15":"shipping-taxable","16":"purchasable","17":"product-type-simple"},"yoast_head":"<!-- This site is optimized with the Yoast SEO plugin v25.2 - https:\/\/yoast.com\/wordpress\/plugins\/seo\/ -->\n<title>Loop Tie Wire<\/title>\n<meta name=\"description\" content=\"Loop tie wire is an adaptable and dependable fastening solution applied in various fields to secure, bundle, or reinforce materials.\" \/>\n<meta name=\"robots\" content=\"index, follow, max-snippet:-1, max-image-preview:large, max-video-preview:-1\" \/>\n<link rel=\"canonical\" href=\"https:\/\/qingdaohf.com\/sk\/produkt\/slucka-viazacieho-drotu-tycovy-viazaci-drot\/\" \/>\n<meta property=\"og:locale\" content=\"sk_SK\" \/>\n<meta property=\"og:type\" content=\"article\" \/>\n<meta property=\"og:title\" content=\"Loop Tie Wire\" \/>\n<meta property=\"og:description\" content=\"Loop tie wire is an adaptable and dependable fastening solution applied in various fields to secure, bundle, or reinforce materials.\" \/>\n<meta property=\"og:url\" content=\"https:\/\/qingdaohf.com\/sk\/produkt\/slucka-viazacieho-drotu-tycovy-viazaci-drot\/\" \/>\n<meta property=\"og:site_name\" content=\"Concrete Form &amp; Rigging Hardware Supplier\" \/>\n<meta property=\"article:publisher\" content=\"https:\/\/www.facebook.com\/qingdaohf\" \/>\n<meta property=\"article:modified_time\" content=\"2025-11-13T01:06:37+00:00\" \/>\n<meta property=\"og:image\" content=\"https:\/\/qingdaohf.com\/wp-content\/uploads\/2023\/02\/Loop-Tie-Bar-Tie-Wire-7.jpg\" \/>\n\t<meta property=\"og:image:width\" content=\"1000\" \/>\n\t<meta property=\"og:image:height\" content=\"1000\" \/>\n\t<meta property=\"og:image:type\" content=\"image\/jpeg\" \/>\n<meta name=\"twitter:card\" content=\"summary_large_image\" \/>\n<meta name=\"twitter:label1\" content=\"Predpokladan\u00fd \u010das \u010d\u00edtania\" \/>\n\t<meta name=\"twitter:data1\" content=\"3 min\u00faty\" \/>\n<script type=\"application\/ld+json\" class=\"yoast-schema-graph\">{\"@context\":\"https:\/\/schema.org\",\"@graph\":[{\"@type\":\"WebPage\",\"@id\":\"https:\/\/qingdaohf.com\/product\/loop-tie-wire-bar-tie-wire\/\",\"url\":\"https:\/\/qingdaohf.com\/product\/loop-tie-wire-bar-tie-wire\/\",\"name\":\"Loop Tie Wire\",\"isPartOf\":{\"@id\":\"https:\/\/qingdaohf.com\/bg\/#website\"},\"primaryImageOfPage\":{\"@id\":\"https:\/\/qingdaohf.com\/product\/loop-tie-wire-bar-tie-wire\/#primaryimage\"},\"image\":{\"@id\":\"https:\/\/qingdaohf.com\/product\/loop-tie-wire-bar-tie-wire\/#primaryimage\"},\"thumbnailUrl\":\"https:\/\/qingdaohf.com\/wp-content\/uploads\/2023\/02\/Loop-Tie-Bar-Tie-Wire-7.jpg\",\"datePublished\":\"2023-02-07T10:07:00+00:00\",\"dateModified\":\"2025-11-13T01:06:37+00:00\",\"description\":\"Loop tie wire is an adaptable and dependable fastening solution applied in various fields to secure, bundle, or reinforce materials.\",\"breadcrumb\":{\"@id\":\"https:\/\/qingdaohf.com\/product\/loop-tie-wire-bar-tie-wire\/#breadcrumb\"},\"inLanguage\":\"sk-SK\",\"potentialAction\":[{\"@type\":\"ReadAction\",\"target\":[\"https:\/\/qingdaohf.com\/product\/loop-tie-wire-bar-tie-wire\/\"]}]},{\"@type\":\"ImageObject\",\"inLanguage\":\"sk-SK\",\"@id\":\"https:\/\/qingdaohf.com\/product\/loop-tie-wire-bar-tie-wire\/#primaryimage\",\"url\":\"https:\/\/qingdaohf.com\/wp-content\/uploads\/2023\/02\/Loop-Tie-Bar-Tie-Wire-7.jpg\",\"contentUrl\":\"https:\/\/qingdaohf.com\/wp-content\/uploads\/2023\/02\/Loop-Tie-Bar-Tie-Wire-7.jpg\",\"width\":1000,\"height\":1000,\"caption\":\"Loop Tie Bar Tie Wire\"},{\"@type\":\"BreadcrumbList\",\"@id\":\"https:\/\/qingdaohf.com\/product\/loop-tie-wire-bar-tie-wire\/#breadcrumb\",\"itemListElement\":[{\"@type\":\"ListItem\",\"position\":1,\"name\":\"Home\",\"item\":\"https:\/\/qingdaohf.com\/\"},{\"@type\":\"ListItem\",\"position\":2,\"name\":\"Concrete Forming Accessories and Rigging Hardware\",\"item\":\"https:\/\/qingdaohf.com\/bg\/?page_id=944\"},{\"@type\":\"ListItem\",\"position\":3,\"name\":\"Loop Tie Wire\"}]},{\"@type\":\"WebSite\",\"@id\":\"https:\/\/qingdaohf.com\/bg\/#website\",\"url\":\"https:\/\/qingdaohf.com\/bg\/\",\"name\":\"Concrete Form & Rigging Hardware Supplier\",\"description\":\"\",\"publisher\":{\"@id\":\"https:\/\/qingdaohf.com\/bg\/#organization\"},\"potentialAction\":[{\"@type\":\"SearchAction\",\"target\":{\"@type\":\"EntryPoint\",\"urlTemplate\":\"https:\/\/qingdaohf.com\/bg\/?s={search_term_string}\"},\"query-input\":{\"@type\":\"PropertyValueSpecification\",\"valueRequired\":true,\"valueName\":\"search_term_string\"}}],\"inLanguage\":\"sk-SK\"},{\"@type\":\"Organization\",\"@id\":\"https:\/\/qingdaohf.com\/bg\/#organization\",\"name\":\"Qingdao H&F\",\"url\":\"https:\/\/qingdaohf.com\/bg\/\",\"logo\":{\"@type\":\"ImageObject\",\"inLanguage\":\"sk-SK\",\"@id\":\"https:\/\/qingdaohf.com\/bg\/#\/schema\/logo\/image\/\",\"url\":\"https:\/\/qingdaohf.com\/wp-content\/uploads\/2022\/12\/cropped-HF-LOGO.png\",\"contentUrl\":\"https:\/\/qingdaohf.com\/wp-content\/uploads\/2022\/12\/cropped-HF-LOGO.png\",\"width\":391,\"height\":249,\"caption\":\"Qingdao H&F\"},\"image\":{\"@id\":\"https:\/\/qingdaohf.com\/bg\/#\/schema\/logo\/image\/\"},\"sameAs\":[\"https:\/\/www.facebook.com\/qingdaohf\"]}]}<\/script>\n<!-- \/ Yoast SEO plugin. -->","yoast_head_json":{"title":"Loop Tie Wire","description":"Loop tie wire is an adaptable and dependable fastening solution applied in various fields to secure, bundle, or reinforce materials.","robots":{"index":"index","follow":"follow","max-snippet":"max-snippet:-1","max-image-preview":"max-image-preview:large","max-video-preview":"max-video-preview:-1"},"canonical":"https:\/\/qingdaohf.com\/sk\/produkt\/slucka-viazacieho-drotu-tycovy-viazaci-drot\/","og_locale":"sk_SK","og_type":"article","og_title":"Loop Tie Wire","og_description":"Loop tie wire is an adaptable and dependable fastening solution applied in various fields to secure, bundle, or reinforce materials.","og_url":"https:\/\/qingdaohf.com\/sk\/produkt\/slucka-viazacieho-drotu-tycovy-viazaci-drot\/","og_site_name":"Concrete Form &amp; Rigging Hardware Supplier","article_publisher":"https:\/\/www.facebook.com\/qingdaohf","article_modified_time":"2025-11-13T01:06:37+00:00","og_image":[{"width":1000,"height":1000,"url":"https:\/\/qingdaohf.com\/wp-content\/uploads\/2023\/02\/Loop-Tie-Bar-Tie-Wire-7.jpg","type":"image\/jpeg"}],"twitter_card":"summary_large_image","twitter_misc":{"Predpokladan\u00fd \u010das \u010d\u00edtania":"3 min\u00faty"},"schema":{"@context":"https:\/\/schema.org","@graph":[{"@type":"WebPage","@id":"https:\/\/qingdaohf.com\/product\/loop-tie-wire-bar-tie-wire\/","url":"https:\/\/qingdaohf.com\/product\/loop-tie-wire-bar-tie-wire\/","name":"Loop Tie Wire","isPartOf":{"@id":"https:\/\/qingdaohf.com\/bg\/#website"},"primaryImageOfPage":{"@id":"https:\/\/qingdaohf.com\/product\/loop-tie-wire-bar-tie-wire\/#primaryimage"},"image":{"@id":"https:\/\/qingdaohf.com\/product\/loop-tie-wire-bar-tie-wire\/#primaryimage"},"thumbnailUrl":"https:\/\/qingdaohf.com\/wp-content\/uploads\/2023\/02\/Loop-Tie-Bar-Tie-Wire-7.jpg","datePublished":"2023-02-07T10:07:00+00:00","dateModified":"2025-11-13T01:06:37+00:00","description":"Loop tie wire is an adaptable and dependable fastening solution applied in various fields to secure, bundle, or reinforce materials.","breadcrumb":{"@id":"https:\/\/qingdaohf.com\/product\/loop-tie-wire-bar-tie-wire\/#breadcrumb"},"inLanguage":"sk-SK","potentialAction":[{"@type":"ReadAction","target":["https:\/\/qingdaohf.com\/product\/loop-tie-wire-bar-tie-wire\/"]}]},{"@type":"ImageObject","inLanguage":"sk-SK","@id":"https:\/\/qingdaohf.com\/product\/loop-tie-wire-bar-tie-wire\/#primaryimage","url":"https:\/\/qingdaohf.com\/wp-content\/uploads\/2023\/02\/Loop-Tie-Bar-Tie-Wire-7.jpg","contentUrl":"https:\/\/qingdaohf.com\/wp-content\/uploads\/2023\/02\/Loop-Tie-Bar-Tie-Wire-7.jpg","width":1000,"height":1000,"caption":"Loop Tie Bar Tie Wire"},{"@type":"BreadcrumbList","@id":"https:\/\/qingdaohf.com\/product\/loop-tie-wire-bar-tie-wire\/#breadcrumb","itemListElement":[{"@type":"ListItem","position":1,"name":"Home","item":"https:\/\/qingdaohf.com\/"},{"@type":"ListItem","position":2,"name":"Concrete Forming Accessories and Rigging Hardware","item":"https:\/\/qingdaohf.com\/bg\/?page_id=944"},{"@type":"ListItem","position":3,"name":"Loop Tie Wire"}]},{"@type":"WebSite","@id":"https:\/\/qingdaohf.com\/bg\/#website","url":"https:\/\/qingdaohf.com\/bg\/","name":"Concrete Form & Rigging Hardware Supplier","description":"","publisher":{"@id":"https:\/\/qingdaohf.com\/bg\/#organization"},"potentialAction":[{"@type":"SearchAction","target":{"@type":"EntryPoint","urlTemplate":"https:\/\/qingdaohf.com\/bg\/?s={search_term_string}"},"query-input":{"@type":"PropertyValueSpecification","valueRequired":true,"valueName":"search_term_string"}}],"inLanguage":"sk-SK"},{"@type":"Organization","@id":"https:\/\/qingdaohf.com\/bg\/#organization","name":"Qingdao H&F","url":"https:\/\/qingdaohf.com\/bg\/","logo":{"@type":"ImageObject","inLanguage":"sk-SK","@id":"https:\/\/qingdaohf.com\/bg\/#\/schema\/logo\/image\/","url":"https:\/\/qingdaohf.com\/wp-content\/uploads\/2022\/12\/cropped-HF-LOGO.png","contentUrl":"https:\/\/qingdaohf.com\/wp-content\/uploads\/2022\/12\/cropped-HF-LOGO.png","width":391,"height":249,"caption":"Qingdao H&F"},"image":{"@id":"https:\/\/qingdaohf.com\/bg\/#\/schema\/logo\/image\/"},"sameAs":["https:\/\/www.facebook.com\/qingdaohf"]}]}},"_links":{"self":[{"href":"https:\/\/qingdaohf.com\/sk\/wp-json\/wp\/v2\/product\/2062","targetHints":{"allow":["GET"]}}],"collection":[{"href":"https:\/\/qingdaohf.com\/sk\/wp-json\/wp\/v2\/product"}],"about":[{"href":"https:\/\/qingdaohf.com\/sk\/wp-json\/wp\/v2\/types\/product"}],"replies":[{"embeddable":true,"href":"https:\/\/qingdaohf.com\/sk\/wp-json\/wp\/v2\/comments?post=2062"}],"version-history":[{"count":2,"href":"https:\/\/qingdaohf.com\/sk\/wp-json\/wp\/v2\/product\/2062\/revisions"}],"predecessor-version":[{"id":8706,"href":"https:\/\/qingdaohf.com\/sk\/wp-json\/wp\/v2\/product\/2062\/revisions\/8706"}],"wp:featuredmedia":[{"embeddable":true,"href":"https:\/\/qingdaohf.com\/sk\/wp-json\/wp\/v2\/media\/2875"}],"wp:attachment":[{"href":"https:\/\/qingdaohf.com\/sk\/wp-json\/wp\/v2\/media?parent=2062"}],"wp:term":[{"taxonomy":"product_brand","embeddable":true,"href":"https:\/\/qingdaohf.com\/sk\/wp-json\/wp\/v2\/product_brand?post=2062"},{"taxonomy":"product_cat","embeddable":true,"href":"https:\/\/qingdaohf.com\/sk\/wp-json\/wp\/v2\/product_cat?post=2062"},{"taxonomy":"product_tag","embeddable":true,"href":"https:\/\/qingdaohf.com\/sk\/wp-json\/wp\/v2\/product_tag?post=2062"}],"curies":[{"name":"wp","href":"https:\/\/api.w.org\/{rel}","templated":true}]}}