{"id":2076,"date":"2023-02-08T16:18:02","date_gmt":"2023-02-08T08:18:02","guid":{"rendered":"http:\/\/qingdaohf.com\/?post_type=product&#038;p=2076"},"modified":"2025-11-13T09:06:36","modified_gmt":"2025-11-13T01:06:36","slug":"concrete-form-pins","status":"publish","type":"product","link":"https:\/\/qingdaohf.com\/sk\/produkt\/koliky-do-betonovej-formy\/","title":{"rendered":"Kol\u00edky na bet\u00f3nov\u00e9 tvarovky"},"content":{"rendered":"<div class=\"ast-oembed-container\" style=\"height: 100%;\"><iframe title=\"Bet\u00f3nov\u00fd oce\u013eov\u00fd kol\u00edk\" width=\"500\" height=\"281\" src=\"https:\/\/www.youtube.com\/embed\/kDArajRbFtQ?feature=oembed\" frameborder=\"0\" allow=\"accelerometer; autoplay; clipboard-write; encrypted-media; gyroscope; picture-in-picture; web-share\" referrerpolicy=\"strict-origin-when-cross-origin\" allowfullscreen><\/iframe><\/div>\n<p>Ch\u00e1peme, \u017ee pri h\u013eadan\u00ed najkvalitnej\u0161\u00edch stavebn\u00fdch materi\u00e1lov vy\u017eadujete dokonalos\u0165 a spo\u013eahlivos\u0165. Pr\u00e1ve tu prich\u00e1dza spolo\u010dnos\u0165 Qingdao H&amp;F - v\u00e1\u0161 d\u00f4veryhodn\u00fd partner pre v\u0161etky va\u0161e stavebn\u00e9 potreby, ktor\u00fd pon\u00faka tie najlep\u0161ie okr\u00fahle oce\u013eov\u00e9 klincov\u00e9 kol\u00edky podporen\u00e9 na\u0161imi 20-ro\u010dn\u00fdmi sk\u00fasenos\u0165ami v odbore.<\/p>\n<p><strong>1. Bezkonkuren\u010dn\u00e1 odolnos\u0165 a pevnos\u0165:<\/strong> Uvedomujeme si, \u017ee pri okr\u00fahlych oce\u013eov\u00fdch kol\u00edkoch je \u017eivotnos\u0165 a pevnos\u0165 neod\u0161kriepite\u013en\u00e1. N\u00e1\u0161 kooperuj\u00faci z\u00e1vod, ktor\u00fd sa \u0161pecializuje na pr\u00edslu\u0161enstvo pre bet\u00f3nov\u00e9 tvarovanie a v\u00fdstu\u017e, vyr\u00e1ba tieto kol\u00edky prec\u00edzne z vysokokvalitnej ocele. To zaru\u010duje robustnos\u0165 a odolnos\u0165, ktor\u00fa si va\u0161e projekty vy\u017eaduj\u00fa.<\/p>\n<p><strong>2. Konzistentnos\u0165, ktorej m\u00f4\u017eete d\u00f4verova\u0165:<\/strong> D\u00f4slednos\u0165 a zabezpe\u010denie kvality s\u00fa prvorad\u00e9. Ka\u017ed\u00fd okr\u00fahly oce\u013eov\u00fd klinec prech\u00e1dza pr\u00edsnou kontrolou a ku ka\u017edej objedn\u00e1vke poskytujeme komplexn\u00fa spr\u00e1vu o kontrole kvality. To zaru\u010duje, \u017ee v\u017edy dostanete v\u00fdrobky sp\u013a\u0148aj\u00face najvy\u0161\u0161ie priemyseln\u00e9 normy.<\/p>\n<p><strong>3. Prisp\u00f4soben\u00e9 va\u0161im potreb\u00e1m:<\/strong> Va\u0161e projekty s\u00fa jedine\u010dn\u00e9 a mo\u017enosti prisp\u00f4sobenia s\u00fa ve\u013emi d\u00f4le\u017eit\u00e9. Pon\u00fakame flexibilitu prisp\u00f4sobenia okr\u00fahlych oce\u013eov\u00fdch klincov pod\u013ea va\u0161ich presn\u00fdch rozmerov a \u0161pecifik\u00e1ci\u00ed, \u010d\u00edm zabezpe\u010d\u00edme ich bezprobl\u00e9mov\u00fa integr\u00e1ciu do va\u0161ich z\u00e1merov.<\/p>\n<p><strong>4. Konkuren\u010dn\u00e9 ceny:<\/strong> Uvedomujeme si, \u017ee hoci je kvalita k\u013e\u00fa\u010dov\u00e1, d\u00f4le\u017eit\u00e1 je aj konkurencieschopn\u00e1 cena. Na\u0161e efekt\u00edvne v\u00fdrobn\u00e9 procesy n\u00e1m umo\u017e\u0148uj\u00fa pon\u00faka\u0165 okr\u00fahle oce\u013eov\u00e9 klince za ceny, ktor\u00e9 vyhovuj\u00fa v\u00e1\u0161mu rozpo\u010dtu, bez toho, aby sme museli robi\u0165 kompromisy v kvalite.<\/p>\n<p><strong>5. R\u00fdchla dostupnos\u0165 a pohodlie:<\/strong> V\u00e1\u0161 \u010das je neocenite\u013en\u00fd a \u013eahko dostupn\u00e9 produkty s\u00fa nevyhnutn\u00e9. Udr\u017eiavame optim\u00e1lne skladov\u00e9 z\u00e1soby, \u010d\u00edm zabezpe\u010dujeme r\u00fdchly pr\u00edstup k okr\u00fahlym oce\u013eov\u00fdm klincom a skracujeme prestoje projektu.<\/p>\n<p><strong>6. Za\u017eite na\u0161u oddanos\u0165:<\/strong> Objavte rozdiel s Qingdao H&amp;F. Pon\u00fakame mo\u017enos\u0165 po\u017eiada\u0165 o bezplatn\u00e9 vzorky na\u0161ich okr\u00fahlych oce\u013eov\u00fdch klincov, aby ste sa mohli presved\u010di\u0165 o ich kvalite na vlastnej ko\u017ei. Navy\u0161e, n\u00e1\u0161 individu\u00e1lny z\u00e1kazn\u00edcky servis v\u00e1m zaru\u010d\u00ed poradenstvo a podporu, ktor\u00fa potrebujete po\u010das celej n\u00e1kupnej cesty.<\/p>\n<p>Sme viac ako len dod\u00e1vate\u013e alebo ve\u013ekoobchodn\u00edk; sme v\u00e1\u0161 oddan\u00fd partner pri z\u00edskavan\u00ed vysokokvalitn\u00fdch okr\u00fahlych oce\u013eov\u00fdch klincov vo ve\u013ekom. V\u010faka na\u0161im odborn\u00fdm znalostiam, konkurencieschopn\u00fdm cen\u00e1m a neochvejn\u00e9mu z\u00e1v\u00e4zku k va\u0161ej spokojnosti je spolo\u010dnos\u0165 Qingdao H&amp;F va\u0161\u00edm d\u00f4veryhodn\u00fdm zdrojom pre v\u0161etky va\u0161e po\u017eiadavky v oblasti stavebn\u00edctva a tvarovania bet\u00f3nu.<\/p>\n<p>Vyberte si n\u00e1s pre bezprobl\u00e9mov\u00fd z\u00e1\u017eitok, ktor\u00fd sa dokonale prisp\u00f4sob\u00ed va\u0161im jedine\u010dn\u00fdm po\u017eiadavk\u00e1m na projekt. Spoznajte v\u00fdhody spolupr\u00e1ce s renomovanou spolo\u010dnos\u0165ou, ktor\u00e1 sa m\u00f4\u017ee pochv\u00e1li\u0165 dvadsiatimi rokmi vynikaj\u00facich sk\u00fasenost\u00ed v odbore. Va\u0161e h\u013eadanie \u0161pi\u010dkov\u00fdch okr\u00fahlych oce\u013eov\u00fdch klincov sa tu kon\u010d\u00ed - kontaktujte n\u00e1s e\u0161te dnes a pozdvihnite svoje stavebn\u00e9 projekty na nov\u00fa \u00farove\u0148.<\/p>\n<p><img fetchpriority=\"high\" decoding=\"async\" class=\"alignnone wp-image-5536\" src=\"http:\/\/qingdaohf.com\/wp-content\/uploads\/2023\/02\/round-steel-stake-1.jpg\" alt=\"okr\u00fahly oce\u013eov\u00fd kol\u00edk\" width=\"1200\" height=\"1200\" srcset=\"https:\/\/qingdaohf.com\/wp-content\/uploads\/2023\/02\/round-steel-stake-1.jpg 1000w, https:\/\/qingdaohf.com\/wp-content\/uploads\/2023\/02\/round-steel-stake-1-300x300.jpg 300w, https:\/\/qingdaohf.com\/wp-content\/uploads\/2023\/02\/round-steel-stake-1-150x150.jpg 150w, https:\/\/qingdaohf.com\/wp-content\/uploads\/2023\/02\/round-steel-stake-1-768x768.jpg 768w, https:\/\/qingdaohf.com\/wp-content\/uploads\/2023\/02\/round-steel-stake-1-500x500.jpg 500w, https:\/\/qingdaohf.com\/wp-content\/uploads\/2023\/02\/round-steel-stake-1-100x100.jpg 100w\" sizes=\"(max-width: 1200px) 100vw, 1200px\" \/><\/p>\n<p><img decoding=\"async\" class=\"alignnone size-full wp-image-2789\" src=\"http:\/\/qingdaohf.com\/wp-content\/uploads\/2023\/02\/\u672a\u6807\u9898-1.jpg\" alt=\"\" width=\"1200\" height=\"1200\" srcset=\"https:\/\/qingdaohf.com\/wp-content\/uploads\/2023\/02\/\u672a\u6807\u9898-1.jpg 1200w, https:\/\/qingdaohf.com\/wp-content\/uploads\/2023\/02\/\u672a\u6807\u9898-1-500x500.jpg 500w, https:\/\/qingdaohf.com\/wp-content\/uploads\/2023\/02\/\u672a\u6807\u9898-1-100x100.jpg 100w, https:\/\/qingdaohf.com\/wp-content\/uploads\/2023\/02\/\u672a\u6807\u9898-1-1000x1000.jpg 1000w, https:\/\/qingdaohf.com\/wp-content\/uploads\/2023\/02\/\u672a\u6807\u9898-1-300x300.jpg 300w, https:\/\/qingdaohf.com\/wp-content\/uploads\/2023\/02\/\u672a\u6807\u9898-1-1024x1024.jpg 1024w, https:\/\/qingdaohf.com\/wp-content\/uploads\/2023\/02\/\u672a\u6807\u9898-1-150x150.jpg 150w, https:\/\/qingdaohf.com\/wp-content\/uploads\/2023\/02\/\u672a\u6807\u9898-1-768x768.jpg 768w\" sizes=\"(max-width: 1200px) 100vw, 1200px\" \/><\/p>\n<div class=\"flex-1 overflow-hidden\">\n<div class=\"react-scroll-to-bottom--css-kwokg-79elbk h-full dark:bg-gray-800\">\n<div class=\"react-scroll-to-bottom--css-kwokg-1n7m0yu\">\n<div class=\"flex flex-col items-center text-sm dark:bg-gray-800\">\n<div class=\"w-full border-b border-black\/10 dark:border-gray-900\/50 text-gray-800 dark:text-gray-100 group bg-gray-50 dark:bg-[#444654]\">\n<div class=\"text-base gap-4 md:gap-6 m-auto md:max-w-2xl lg:max-w-2xl xl:max-w-3xl p-4 md:py-6 flex lg:px-0\">\n<div class=\"relative flex w-[calc(100%-50px)] flex-col gap-1 md:gap-3 lg:w-[calc(100%-115px)]\">\n<div class=\"flex flex-grow flex-col gap-3\">\n<div class=\"min-h-[20px] flex flex-col items-start gap-4 whitespace-pre-wrap\">\n<div class=\"markdown prose w-full break-words dark:prose-invert light\">\n<p>&nbsp;<\/p>\n<\/div>\n<\/div>\n<\/div>\n<\/div>\n<\/div>\n<\/div>\n<\/div>\n<\/div>\n<\/div>\n<\/div>","protected":false},"excerpt":{"rendered":"<p>12\u2033-48\u2033 oce\u013eov\u00e9 kol\u00edky pre bet\u00f3nov\u00e9 formy. Bet\u00f3nov\u00e9 tvarovacie kol\u00edky dr\u017eia bet\u00f3nov\u00e9 formy na mieste a maj\u00fa otvory na mnoh\u00fdch miestach, ktor\u00e9 umo\u017e\u0148uj\u00fa r\u00fdchle prib\u00edjanie.<\/p>\n<p>Okr\u00fahle oce\u013eov\u00e9 kol\u00edky s\u00fa najbe\u017enej\u0161\u00edm typom oce\u013eov\u00fdch kol\u00edkov, ktor\u00e9 sa pou\u017e\u00edvaj\u00fa pri tvarovan\u00ed bet\u00f3nu. Zvy\u010dajne s\u00fa vyroben\u00e9 z vysokopevnostnej ocele a s\u00fa dostupn\u00e9 v r\u00f4znych priemeroch a d\u013a\u017ekach. Okr\u00fahle oce\u013eov\u00e9 koly sa \u013eahko in\u0161taluj\u00fa a odstra\u0148uj\u00fa a poskytuj\u00fa vynikaj\u00facu stabilitu a oporu pre debnenie.<\/p>","protected":false},"featured_media":2791,"comment_status":"open","ping_status":"closed","template":"","meta":{"site-sidebar-layout":"default","site-content-layout":"default","ast-site-content-layout":"default","site-content-style":"default","site-sidebar-style":"default","ast-global-header-display":"","ast-banner-title-visibility":"","ast-main-header-display":"","ast-hfb-above-header-display":"","ast-hfb-below-header-display":"","ast-hfb-mobile-header-display":"","site-post-title":"","ast-breadcrumbs-content":"","ast-featured-img":"","footer-sml-layout":"","theme-transparent-header-meta":"default","adv-header-id-meta":"","stick-header-meta":"default","header-above-stick-meta":"","header-main-stick-meta":"","header-below-stick-meta":"","astra-migrate-meta-layouts":"set","ast-page-background-enabled":"default","ast-page-background-meta":{"desktop":{"background-color":"","background-image":"","background-repeat":"repeat","background-position":"center center","background-size":"auto","background-attachment":"scroll","background-type":"","background-media":"","overlay-type":"","overlay-color":"","overlay-opacity":"","overlay-gradient":""},"tablet":{"background-color":"","background-image":"","background-repeat":"repeat","background-position":"center center","background-size":"auto","background-attachment":"scroll","background-type":"","background-media":"","overlay-type":"","overlay-color":"","overlay-opacity":"","overlay-gradient":""},"mobile":{"background-color":"","background-image":"","background-repeat":"repeat","background-position":"center center","background-size":"auto","background-attachment":"scroll","background-type":"","background-media":"","overlay-type":"","overlay-color":"","overlay-opacity":"","overlay-gradient":""}},"ast-content-background-meta":{"desktop":{"background-color":"var(--ast-global-color-5)","background-image":"","background-repeat":"repeat","background-position":"center center","background-size":"auto","background-attachment":"scroll","background-type":"","background-media":"","overlay-type":"","overlay-color":"","overlay-opacity":"","overlay-gradient":""},"tablet":{"background-color":"var(--ast-global-color-5)","background-image":"","background-repeat":"repeat","background-position":"center center","background-size":"auto","background-attachment":"scroll","background-type":"","background-media":"","overlay-type":"","overlay-color":"","overlay-opacity":"","overlay-gradient":""},"mobile":{"background-color":"var(--ast-global-color-5)","background-image":"","background-repeat":"repeat","background-position":"center center","background-size":"auto","background-attachment":"scroll","background-type":"","background-media":"","overlay-type":"","overlay-color":"","overlay-opacity":"","overlay-gradient":""}}},"product_brand":[],"product_cat":[28,53],"product_tag":[],"class_list":{"0":"post-2076","1":"product","2":"type-product","3":"status-publish","4":"has-post-thumbnail","6":"product_cat-concrete-forming","7":"product_cat-steel-stake","8":"desktop-align-left","9":"tablet-align-left","10":"mobile-align-left","11":"ast-product-gallery-layout-horizontal-slider","12":"ast-product-tabs-layout-horizontal","14":"first","15":"instock","16":"shipping-taxable","17":"purchasable","18":"product-type-simple"},"yoast_head":"<!-- This site is optimized with the Yoast SEO plugin v25.2 - https:\/\/yoast.com\/wordpress\/plugins\/seo\/ -->\n<title>Concrete Form Pins<\/title>\n<meta name=\"description\" content=\"12&quot;-48&quot; Round Steel Stake These forming stakes hold concrete forms in place and have holes in many spots to allow for quick nailing.\" \/>\n<meta name=\"robots\" content=\"index, follow, max-snippet:-1, max-image-preview:large, max-video-preview:-1\" \/>\n<link rel=\"canonical\" href=\"https:\/\/qingdaohf.com\/sk\/produkt\/koliky-do-betonovej-formy\/\" \/>\n<meta property=\"og:locale\" content=\"sk_SK\" \/>\n<meta property=\"og:type\" content=\"article\" \/>\n<meta property=\"og:title\" content=\"Concrete Form Pins\" \/>\n<meta property=\"og:description\" content=\"12&quot;-48&quot; Round Steel Stake These forming stakes hold concrete forms in place and have holes in many spots to allow for quick nailing.\" \/>\n<meta property=\"og:url\" content=\"https:\/\/qingdaohf.com\/sk\/produkt\/koliky-do-betonovej-formy\/\" \/>\n<meta property=\"og:site_name\" content=\"Concrete Form &amp; Rigging Hardware Supplier\" \/>\n<meta property=\"article:publisher\" content=\"https:\/\/www.facebook.com\/qingdaohf\" \/>\n<meta property=\"article:modified_time\" content=\"2025-11-13T01:06:36+00:00\" \/>\n<meta property=\"og:image\" content=\"https:\/\/qingdaohf.com\/wp-content\/uploads\/2023\/02\/steel-stake-1-1.jpg\" \/>\n\t<meta property=\"og:image:width\" content=\"1000\" \/>\n\t<meta property=\"og:image:height\" content=\"1000\" \/>\n\t<meta property=\"og:image:type\" content=\"image\/jpeg\" \/>\n<meta name=\"twitter:card\" content=\"summary_large_image\" \/>\n<meta name=\"twitter:label1\" content=\"Predpokladan\u00fd \u010das \u010d\u00edtania\" \/>\n\t<meta name=\"twitter:data1\" content=\"3 min\u00faty\" \/>\n<script type=\"application\/ld+json\" class=\"yoast-schema-graph\">{\"@context\":\"https:\/\/schema.org\",\"@graph\":[{\"@type\":\"WebPage\",\"@id\":\"https:\/\/qingdaohf.com\/product\/concrete-form-pins\/\",\"url\":\"https:\/\/qingdaohf.com\/product\/concrete-form-pins\/\",\"name\":\"Concrete Form Pins\",\"isPartOf\":{\"@id\":\"https:\/\/qingdaohf.com\/bg\/#website\"},\"primaryImageOfPage\":{\"@id\":\"https:\/\/qingdaohf.com\/product\/concrete-form-pins\/#primaryimage\"},\"image\":{\"@id\":\"https:\/\/qingdaohf.com\/product\/concrete-form-pins\/#primaryimage\"},\"thumbnailUrl\":\"https:\/\/qingdaohf.com\/wp-content\/uploads\/2023\/02\/steel-stake-1-1.jpg\",\"datePublished\":\"2023-02-08T08:18:02+00:00\",\"dateModified\":\"2025-11-13T01:06:36+00:00\",\"description\":\"12\\\"-48\\\" Round Steel Stake These forming stakes hold concrete forms in place and have holes in many spots to allow for quick nailing.\",\"breadcrumb\":{\"@id\":\"https:\/\/qingdaohf.com\/product\/concrete-form-pins\/#breadcrumb\"},\"inLanguage\":\"sk-SK\",\"potentialAction\":[{\"@type\":\"ReadAction\",\"target\":[\"https:\/\/qingdaohf.com\/product\/concrete-form-pins\/\"]}]},{\"@type\":\"ImageObject\",\"inLanguage\":\"sk-SK\",\"@id\":\"https:\/\/qingdaohf.com\/product\/concrete-form-pins\/#primaryimage\",\"url\":\"https:\/\/qingdaohf.com\/wp-content\/uploads\/2023\/02\/steel-stake-1-1.jpg\",\"contentUrl\":\"https:\/\/qingdaohf.com\/wp-content\/uploads\/2023\/02\/steel-stake-1-1.jpg\",\"width\":1000,\"height\":1000,\"caption\":\"round steel stake\"},{\"@type\":\"BreadcrumbList\",\"@id\":\"https:\/\/qingdaohf.com\/product\/concrete-form-pins\/#breadcrumb\",\"itemListElement\":[{\"@type\":\"ListItem\",\"position\":1,\"name\":\"Home\",\"item\":\"https:\/\/qingdaohf.com\/\"},{\"@type\":\"ListItem\",\"position\":2,\"name\":\"Concrete Forming Accessories and Rigging Hardware\",\"item\":\"https:\/\/qingdaohf.com\/bg\/?page_id=944\"},{\"@type\":\"ListItem\",\"position\":3,\"name\":\"Concrete Form Pins\"}]},{\"@type\":\"WebSite\",\"@id\":\"https:\/\/qingdaohf.com\/bg\/#website\",\"url\":\"https:\/\/qingdaohf.com\/bg\/\",\"name\":\"Concrete Form & Rigging Hardware Supplier\",\"description\":\"\",\"publisher\":{\"@id\":\"https:\/\/qingdaohf.com\/bg\/#organization\"},\"potentialAction\":[{\"@type\":\"SearchAction\",\"target\":{\"@type\":\"EntryPoint\",\"urlTemplate\":\"https:\/\/qingdaohf.com\/bg\/?s={search_term_string}\"},\"query-input\":{\"@type\":\"PropertyValueSpecification\",\"valueRequired\":true,\"valueName\":\"search_term_string\"}}],\"inLanguage\":\"sk-SK\"},{\"@type\":\"Organization\",\"@id\":\"https:\/\/qingdaohf.com\/bg\/#organization\",\"name\":\"Qingdao H&F\",\"url\":\"https:\/\/qingdaohf.com\/bg\/\",\"logo\":{\"@type\":\"ImageObject\",\"inLanguage\":\"sk-SK\",\"@id\":\"https:\/\/qingdaohf.com\/bg\/#\/schema\/logo\/image\/\",\"url\":\"https:\/\/qingdaohf.com\/wp-content\/uploads\/2022\/12\/cropped-HF-LOGO.png\",\"contentUrl\":\"https:\/\/qingdaohf.com\/wp-content\/uploads\/2022\/12\/cropped-HF-LOGO.png\",\"width\":391,\"height\":249,\"caption\":\"Qingdao H&F\"},\"image\":{\"@id\":\"https:\/\/qingdaohf.com\/bg\/#\/schema\/logo\/image\/\"},\"sameAs\":[\"https:\/\/www.facebook.com\/qingdaohf\"]}]}<\/script>\n<!-- \/ Yoast SEO plugin. -->","yoast_head_json":{"title":"Concrete Form Pins","description":"12\"-48\" Round Steel Stake These forming stakes hold concrete forms in place and have holes in many spots to allow for quick nailing.","robots":{"index":"index","follow":"follow","max-snippet":"max-snippet:-1","max-image-preview":"max-image-preview:large","max-video-preview":"max-video-preview:-1"},"canonical":"https:\/\/qingdaohf.com\/sk\/produkt\/koliky-do-betonovej-formy\/","og_locale":"sk_SK","og_type":"article","og_title":"Concrete Form Pins","og_description":"12\"-48\" Round Steel Stake These forming stakes hold concrete forms in place and have holes in many spots to allow for quick nailing.","og_url":"https:\/\/qingdaohf.com\/sk\/produkt\/koliky-do-betonovej-formy\/","og_site_name":"Concrete Form &amp; Rigging Hardware Supplier","article_publisher":"https:\/\/www.facebook.com\/qingdaohf","article_modified_time":"2025-11-13T01:06:36+00:00","og_image":[{"width":1000,"height":1000,"url":"https:\/\/qingdaohf.com\/wp-content\/uploads\/2023\/02\/steel-stake-1-1.jpg","type":"image\/jpeg"}],"twitter_card":"summary_large_image","twitter_misc":{"Predpokladan\u00fd \u010das \u010d\u00edtania":"3 min\u00faty"},"schema":{"@context":"https:\/\/schema.org","@graph":[{"@type":"WebPage","@id":"https:\/\/qingdaohf.com\/product\/concrete-form-pins\/","url":"https:\/\/qingdaohf.com\/product\/concrete-form-pins\/","name":"Concrete Form Pins","isPartOf":{"@id":"https:\/\/qingdaohf.com\/bg\/#website"},"primaryImageOfPage":{"@id":"https:\/\/qingdaohf.com\/product\/concrete-form-pins\/#primaryimage"},"image":{"@id":"https:\/\/qingdaohf.com\/product\/concrete-form-pins\/#primaryimage"},"thumbnailUrl":"https:\/\/qingdaohf.com\/wp-content\/uploads\/2023\/02\/steel-stake-1-1.jpg","datePublished":"2023-02-08T08:18:02+00:00","dateModified":"2025-11-13T01:06:36+00:00","description":"12\"-48\" Round Steel Stake These forming stakes hold concrete forms in place and have holes in many spots to allow for quick nailing.","breadcrumb":{"@id":"https:\/\/qingdaohf.com\/product\/concrete-form-pins\/#breadcrumb"},"inLanguage":"sk-SK","potentialAction":[{"@type":"ReadAction","target":["https:\/\/qingdaohf.com\/product\/concrete-form-pins\/"]}]},{"@type":"ImageObject","inLanguage":"sk-SK","@id":"https:\/\/qingdaohf.com\/product\/concrete-form-pins\/#primaryimage","url":"https:\/\/qingdaohf.com\/wp-content\/uploads\/2023\/02\/steel-stake-1-1.jpg","contentUrl":"https:\/\/qingdaohf.com\/wp-content\/uploads\/2023\/02\/steel-stake-1-1.jpg","width":1000,"height":1000,"caption":"round steel stake"},{"@type":"BreadcrumbList","@id":"https:\/\/qingdaohf.com\/product\/concrete-form-pins\/#breadcrumb","itemListElement":[{"@type":"ListItem","position":1,"name":"Home","item":"https:\/\/qingdaohf.com\/"},{"@type":"ListItem","position":2,"name":"Concrete Forming Accessories and Rigging Hardware","item":"https:\/\/qingdaohf.com\/bg\/?page_id=944"},{"@type":"ListItem","position":3,"name":"Concrete Form Pins"}]},{"@type":"WebSite","@id":"https:\/\/qingdaohf.com\/bg\/#website","url":"https:\/\/qingdaohf.com\/bg\/","name":"Concrete Form & Rigging Hardware Supplier","description":"","publisher":{"@id":"https:\/\/qingdaohf.com\/bg\/#organization"},"potentialAction":[{"@type":"SearchAction","target":{"@type":"EntryPoint","urlTemplate":"https:\/\/qingdaohf.com\/bg\/?s={search_term_string}"},"query-input":{"@type":"PropertyValueSpecification","valueRequired":true,"valueName":"search_term_string"}}],"inLanguage":"sk-SK"},{"@type":"Organization","@id":"https:\/\/qingdaohf.com\/bg\/#organization","name":"Qingdao H&F","url":"https:\/\/qingdaohf.com\/bg\/","logo":{"@type":"ImageObject","inLanguage":"sk-SK","@id":"https:\/\/qingdaohf.com\/bg\/#\/schema\/logo\/image\/","url":"https:\/\/qingdaohf.com\/wp-content\/uploads\/2022\/12\/cropped-HF-LOGO.png","contentUrl":"https:\/\/qingdaohf.com\/wp-content\/uploads\/2022\/12\/cropped-HF-LOGO.png","width":391,"height":249,"caption":"Qingdao H&F"},"image":{"@id":"https:\/\/qingdaohf.com\/bg\/#\/schema\/logo\/image\/"},"sameAs":["https:\/\/www.facebook.com\/qingdaohf"]}]}},"_links":{"self":[{"href":"https:\/\/qingdaohf.com\/sk\/wp-json\/wp\/v2\/product\/2076","targetHints":{"allow":["GET"]}}],"collection":[{"href":"https:\/\/qingdaohf.com\/sk\/wp-json\/wp\/v2\/product"}],"about":[{"href":"https:\/\/qingdaohf.com\/sk\/wp-json\/wp\/v2\/types\/product"}],"replies":[{"embeddable":true,"href":"https:\/\/qingdaohf.com\/sk\/wp-json\/wp\/v2\/comments?post=2076"}],"version-history":[{"count":16,"href":"https:\/\/qingdaohf.com\/sk\/wp-json\/wp\/v2\/product\/2076\/revisions"}],"predecessor-version":[{"id":9251,"href":"https:\/\/qingdaohf.com\/sk\/wp-json\/wp\/v2\/product\/2076\/revisions\/9251"}],"wp:featuredmedia":[{"embeddable":true,"href":"https:\/\/qingdaohf.com\/sk\/wp-json\/wp\/v2\/media\/2791"}],"wp:attachment":[{"href":"https:\/\/qingdaohf.com\/sk\/wp-json\/wp\/v2\/media?parent=2076"}],"wp:term":[{"taxonomy":"product_brand","embeddable":true,"href":"https:\/\/qingdaohf.com\/sk\/wp-json\/wp\/v2\/product_brand?post=2076"},{"taxonomy":"product_cat","embeddable":true,"href":"https:\/\/qingdaohf.com\/sk\/wp-json\/wp\/v2\/product_cat?post=2076"},{"taxonomy":"product_tag","embeddable":true,"href":"https:\/\/qingdaohf.com\/sk\/wp-json\/wp\/v2\/product_tag?post=2076"}],"curies":[{"name":"wp","href":"https:\/\/api.w.org\/{rel}","templated":true}]}}