{"id":2094,"date":"2023-02-09T17:22:35","date_gmt":"2023-02-09T09:22:35","guid":{"rendered":"http:\/\/qingdaohf.com\/?post_type=product&#038;p=2094"},"modified":"2025-11-13T09:06:36","modified_gmt":"2025-11-13T01:06:36","slug":"scaffolding-coupler","status":"publish","type":"product","link":"https:\/\/qingdaohf.com\/sk\/produkt\/lesenarska-spojka\/","title":{"rendered":"Le\u0161en\u00e1rska spojka Le\u0161en\u00e1rska svorka"},"content":{"rendered":"<p><strong>Constrcution\u00a0<\/strong><strong>\u0160pecifik\u00e1cie le\u0161en\u00e1rskej spojky<\/strong><\/p>\n<p><img fetchpriority=\"high\" decoding=\"async\" class=\"alignnone wp-image-2095 size-full\" src=\"http:\/\/qingdaohf.com\/wp-content\/uploads\/2023\/02\/Scaffolding-Coupler-1.png\" alt=\"Le\u0161enie-spojka\" width=\"705\" height=\"1910\" srcset=\"https:\/\/qingdaohf.com\/wp-content\/uploads\/2023\/02\/Scaffolding-Coupler-1.png 705w, https:\/\/qingdaohf.com\/wp-content\/uploads\/2023\/02\/Scaffolding-Coupler-1-111x300.png 111w, https:\/\/qingdaohf.com\/wp-content\/uploads\/2023\/02\/Scaffolding-Coupler-1-378x1024.png 378w, https:\/\/qingdaohf.com\/wp-content\/uploads\/2023\/02\/Scaffolding-Coupler-1-567x1536.png 567w, https:\/\/qingdaohf.com\/wp-content\/uploads\/2023\/02\/Scaffolding-Coupler-1-600x1626.png 600w\" sizes=\"(max-width: 705px) 100vw, 705px\" \/><\/p>\n<p>Le\u0161en\u00e1rska spojka je zariadenie, ktor\u00e9 sa pou\u017e\u00edva na spojenie dvoch le\u0161en\u00e1rskych r\u00farok s cie\u013eom vytvori\u0165 stabiln\u00fa a bezpe\u010dn\u00fa plo\u0161inu, na ktorej m\u00f4\u017eu pracovn\u00edci st\u00e1\u0165 po\u010das stavebn\u00fdch pr\u00e1c alebo \u00fadr\u017eby. V kontexte debnenia bet\u00f3nu sa le\u0161en\u00e1rske spojky \u010dasto pou\u017e\u00edvaj\u00fa na spojenie vertik\u00e1lnych a horizont\u00e1lnych le\u0161en\u00e1rskych r\u00farok, ktor\u00e9 podopieraj\u00fa bet\u00f3nov\u00e9 debnenie.<\/p>\n<p>Bet\u00f3nov\u00e9 debnenie ozna\u010duje do\u010dasn\u00e9 kon\u0161trukcie, ktor\u00e9 sa pou\u017e\u00edvaj\u00fa na podopretie \u010derstvo vyliateho bet\u00f3nu, k\u00fdm nezatvrdne a neunesie vlastn\u00fa hmotnos\u0165. Le\u0161en\u00e1rske r\u00farky a spojky pou\u017e\u00edvan\u00e9 v bet\u00f3novom debnen\u00ed zohr\u00e1vaj\u00fa rozhoduj\u00facu \u00falohu pri zabezpe\u010dovan\u00ed stability a bezpe\u010dnosti debniacej kon\u0161trukcie, ktor\u00e1 mus\u00ed by\u0165 schopn\u00e1 unies\u0165 hmotnos\u0165 mokr\u00e9ho bet\u00f3nu, ako aj pracovn\u00edkov a zariaden\u00ed, ktor\u00ed bud\u00fa na kon\u0161trukcii pracova\u0165.<\/p>\n<p>Le\u0161en\u00e1rske spojky pou\u017e\u00edvan\u00e9 v bet\u00f3novom debnen\u00ed s\u00fa zvy\u010dajne vyroben\u00e9 z vysokopevnostnej ocele a s\u00fa navrhnut\u00e9 tak, aby odolali ve\u013ek\u00e9mu za\u0165a\u017eeniu a n\u00e1ro\u010dn\u00fdm podmienkam prostredia. M\u00f4\u017eu by\u0165 vybaven\u00e9 blokovac\u00edmi mechanizmami alebo in\u00fdmi bezpe\u010dnostn\u00fdmi prvkami, ktor\u00e9 zabra\u0148uj\u00fa n\u00e1hodn\u00e9mu rozpojeniu alebo zr\u00fateniu kon\u0161trukcie le\u0161enia.<\/p>","protected":false},"excerpt":{"rendered":"<p>Le\u0161en\u00e1rske spojky s\u00fa le\u0161en\u00e1rske spojky a tvarovky, ktor\u00e9 sa pou\u017e\u00edvaj\u00fa na upevnenie le\u0161en\u00e1rskych r\u00farok a r\u00farok na mieste. Le\u0161en\u00e1rske spojky sa naz\u00fdvaj\u00fa aj le\u0161en\u00e1rske svorky, le\u0161en\u00e1rske tvarovky, le\u0161en\u00e1rske r\u00farov\u00e9 tvarovky, le\u0161en\u00e1rske r\u00farov\u00e9 svorky, le\u0161en\u00e1rske spojky, le\u0161en\u00e1rske spojky, le\u0161en\u00e1rske k\u013aby at\u010f.<\/p>","protected":false},"featured_media":2930,"comment_status":"open","ping_status":"closed","template":"","meta":{"site-sidebar-layout":"default","site-content-layout":"default","ast-site-content-layout":"","site-content-style":"default","site-sidebar-style":"default","ast-global-header-display":"","ast-banner-title-visibility":"","ast-main-header-display":"","ast-hfb-above-header-display":"","ast-hfb-below-header-display":"","ast-hfb-mobile-header-display":"","site-post-title":"","ast-breadcrumbs-content":"","ast-featured-img":"","footer-sml-layout":"","theme-transparent-header-meta":"default","adv-header-id-meta":"","stick-header-meta":"default","header-above-stick-meta":"","header-main-stick-meta":"","header-below-stick-meta":"","astra-migrate-meta-layouts":"default","ast-page-background-enabled":"default","ast-page-background-meta":{"desktop":{"background-color":"","background-image":"","background-repeat":"repeat","background-position":"center center","background-size":"auto","background-attachment":"scroll","background-type":"","background-media":"","overlay-type":"","overlay-color":"","overlay-opacity":"","overlay-gradient":""},"tablet":{"background-color":"","background-image":"","background-repeat":"repeat","background-position":"center center","background-size":"auto","background-attachment":"scroll","background-type":"","background-media":"","overlay-type":"","overlay-color":"","overlay-opacity":"","overlay-gradient":""},"mobile":{"background-color":"","background-image":"","background-repeat":"repeat","background-position":"center center","background-size":"auto","background-attachment":"scroll","background-type":"","background-media":"","overlay-type":"","overlay-color":"","overlay-opacity":"","overlay-gradient":""}},"ast-content-background-meta":{"desktop":{"background-color":"var(--ast-global-color-5)","background-image":"","background-repeat":"repeat","background-position":"center center","background-size":"auto","background-attachment":"scroll","background-type":"","background-media":"","overlay-type":"","overlay-color":"","overlay-opacity":"","overlay-gradient":""},"tablet":{"background-color":"var(--ast-global-color-5)","background-image":"","background-repeat":"repeat","background-position":"center center","background-size":"auto","background-attachment":"scroll","background-type":"","background-media":"","overlay-type":"","overlay-color":"","overlay-opacity":"","overlay-gradient":""},"mobile":{"background-color":"var(--ast-global-color-5)","background-image":"","background-repeat":"repeat","background-position":"center center","background-size":"auto","background-attachment":"scroll","background-type":"","background-media":"","overlay-type":"","overlay-color":"","overlay-opacity":"","overlay-gradient":""}}},"product_brand":[],"product_cat":[28],"product_tag":[],"class_list":{"0":"post-2094","1":"product","2":"type-product","3":"status-publish","4":"has-post-thumbnail","6":"product_cat-concrete-forming","7":"desktop-align-left","8":"tablet-align-left","9":"mobile-align-left","10":"ast-product-gallery-layout-horizontal-slider","11":"ast-product-tabs-layout-horizontal","13":"first","14":"instock","15":"shipping-taxable","16":"purchasable","17":"product-type-simple"},"yoast_head":"<!-- This site is optimized with the Yoast SEO plugin v25.2 - https:\/\/yoast.com\/wordpress\/plugins\/seo\/ -->\n<title>Scaffolding Coupler Scaffolding Clamp<\/title>\n<meta name=\"description\" content=\"Scaffolding couplers are scaffold connectors and fittings used to fix\u00a0scaffold tubes and pipes\u00a0in position.\" \/>\n<meta name=\"robots\" content=\"index, follow, max-snippet:-1, max-image-preview:large, max-video-preview:-1\" \/>\n<link rel=\"canonical\" href=\"https:\/\/qingdaohf.com\/sk\/produkt\/lesenarska-spojka\/\" \/>\n<meta property=\"og:locale\" content=\"sk_SK\" \/>\n<meta property=\"og:type\" content=\"article\" \/>\n<meta property=\"og:title\" content=\"Scaffolding Coupler Scaffolding Clamp\" \/>\n<meta property=\"og:description\" content=\"Scaffolding couplers are scaffold connectors and fittings used to fix\u00a0scaffold tubes and pipes\u00a0in position.\" \/>\n<meta property=\"og:url\" content=\"https:\/\/qingdaohf.com\/sk\/produkt\/lesenarska-spojka\/\" \/>\n<meta property=\"og:site_name\" content=\"Concrete Form &amp; Rigging Hardware Supplier\" \/>\n<meta property=\"article:publisher\" content=\"https:\/\/www.facebook.com\/qingdaohf\" \/>\n<meta property=\"article:modified_time\" content=\"2025-11-13T01:06:36+00:00\" \/>\n<meta property=\"og:image\" content=\"https:\/\/qingdaohf.com\/wp-content\/uploads\/2023\/02\/Scaffolding-Coupler-2.jpg\" \/>\n\t<meta property=\"og:image:width\" content=\"1000\" \/>\n\t<meta property=\"og:image:height\" content=\"1000\" \/>\n\t<meta property=\"og:image:type\" content=\"image\/jpeg\" \/>\n<meta name=\"twitter:card\" content=\"summary_large_image\" \/>\n<meta name=\"twitter:label1\" content=\"Predpokladan\u00fd \u010das \u010d\u00edtania\" \/>\n\t<meta name=\"twitter:data1\" content=\"1 min\u00fata\" \/>\n<script type=\"application\/ld+json\" class=\"yoast-schema-graph\">{\"@context\":\"https:\/\/schema.org\",\"@graph\":[{\"@type\":\"WebPage\",\"@id\":\"https:\/\/qingdaohf.com\/product\/scaffolding-coupler\/\",\"url\":\"https:\/\/qingdaohf.com\/product\/scaffolding-coupler\/\",\"name\":\"Scaffolding Coupler Scaffolding Clamp\",\"isPartOf\":{\"@id\":\"https:\/\/qingdaohf.com\/bg\/#website\"},\"primaryImageOfPage\":{\"@id\":\"https:\/\/qingdaohf.com\/product\/scaffolding-coupler\/#primaryimage\"},\"image\":{\"@id\":\"https:\/\/qingdaohf.com\/product\/scaffolding-coupler\/#primaryimage\"},\"thumbnailUrl\":\"https:\/\/qingdaohf.com\/wp-content\/uploads\/2023\/02\/Scaffolding-Coupler-2.jpg\",\"datePublished\":\"2023-02-09T09:22:35+00:00\",\"dateModified\":\"2025-11-13T01:06:36+00:00\",\"description\":\"Scaffolding couplers are scaffold connectors and fittings used to fix\u00a0scaffold tubes and pipes\u00a0in position.\",\"breadcrumb\":{\"@id\":\"https:\/\/qingdaohf.com\/product\/scaffolding-coupler\/#breadcrumb\"},\"inLanguage\":\"sk-SK\",\"potentialAction\":[{\"@type\":\"ReadAction\",\"target\":[\"https:\/\/qingdaohf.com\/product\/scaffolding-coupler\/\"]}]},{\"@type\":\"ImageObject\",\"inLanguage\":\"sk-SK\",\"@id\":\"https:\/\/qingdaohf.com\/product\/scaffolding-coupler\/#primaryimage\",\"url\":\"https:\/\/qingdaohf.com\/wp-content\/uploads\/2023\/02\/Scaffolding-Coupler-2.jpg\",\"contentUrl\":\"https:\/\/qingdaohf.com\/wp-content\/uploads\/2023\/02\/Scaffolding-Coupler-2.jpg\",\"width\":1000,\"height\":1000,\"caption\":\"Scaffolding Coupler\"},{\"@type\":\"BreadcrumbList\",\"@id\":\"https:\/\/qingdaohf.com\/product\/scaffolding-coupler\/#breadcrumb\",\"itemListElement\":[{\"@type\":\"ListItem\",\"position\":1,\"name\":\"Home\",\"item\":\"https:\/\/qingdaohf.com\/\"},{\"@type\":\"ListItem\",\"position\":2,\"name\":\"Concrete Forming Accessories and Rigging Hardware\",\"item\":\"https:\/\/qingdaohf.com\/bg\/?page_id=944\"},{\"@type\":\"ListItem\",\"position\":3,\"name\":\"Scaffolding Coupler Scaffolding Clamp\"}]},{\"@type\":\"WebSite\",\"@id\":\"https:\/\/qingdaohf.com\/bg\/#website\",\"url\":\"https:\/\/qingdaohf.com\/bg\/\",\"name\":\"Concrete Form & Rigging Hardware Supplier\",\"description\":\"\",\"publisher\":{\"@id\":\"https:\/\/qingdaohf.com\/bg\/#organization\"},\"potentialAction\":[{\"@type\":\"SearchAction\",\"target\":{\"@type\":\"EntryPoint\",\"urlTemplate\":\"https:\/\/qingdaohf.com\/bg\/?s={search_term_string}\"},\"query-input\":{\"@type\":\"PropertyValueSpecification\",\"valueRequired\":true,\"valueName\":\"search_term_string\"}}],\"inLanguage\":\"sk-SK\"},{\"@type\":\"Organization\",\"@id\":\"https:\/\/qingdaohf.com\/bg\/#organization\",\"name\":\"Qingdao H&F\",\"url\":\"https:\/\/qingdaohf.com\/bg\/\",\"logo\":{\"@type\":\"ImageObject\",\"inLanguage\":\"sk-SK\",\"@id\":\"https:\/\/qingdaohf.com\/bg\/#\/schema\/logo\/image\/\",\"url\":\"https:\/\/qingdaohf.com\/wp-content\/uploads\/2022\/12\/cropped-HF-LOGO.png\",\"contentUrl\":\"https:\/\/qingdaohf.com\/wp-content\/uploads\/2022\/12\/cropped-HF-LOGO.png\",\"width\":391,\"height\":249,\"caption\":\"Qingdao H&F\"},\"image\":{\"@id\":\"https:\/\/qingdaohf.com\/bg\/#\/schema\/logo\/image\/\"},\"sameAs\":[\"https:\/\/www.facebook.com\/qingdaohf\"]}]}<\/script>\n<!-- \/ Yoast SEO plugin. -->","yoast_head_json":{"title":"Scaffolding Coupler Scaffolding Clamp","description":"Scaffolding couplers are scaffold connectors and fittings used to fix\u00a0scaffold tubes and pipes\u00a0in position.","robots":{"index":"index","follow":"follow","max-snippet":"max-snippet:-1","max-image-preview":"max-image-preview:large","max-video-preview":"max-video-preview:-1"},"canonical":"https:\/\/qingdaohf.com\/sk\/produkt\/lesenarska-spojka\/","og_locale":"sk_SK","og_type":"article","og_title":"Scaffolding Coupler Scaffolding Clamp","og_description":"Scaffolding couplers are scaffold connectors and fittings used to fix\u00a0scaffold tubes and pipes\u00a0in position.","og_url":"https:\/\/qingdaohf.com\/sk\/produkt\/lesenarska-spojka\/","og_site_name":"Concrete Form &amp; Rigging Hardware Supplier","article_publisher":"https:\/\/www.facebook.com\/qingdaohf","article_modified_time":"2025-11-13T01:06:36+00:00","og_image":[{"width":1000,"height":1000,"url":"https:\/\/qingdaohf.com\/wp-content\/uploads\/2023\/02\/Scaffolding-Coupler-2.jpg","type":"image\/jpeg"}],"twitter_card":"summary_large_image","twitter_misc":{"Predpokladan\u00fd \u010das \u010d\u00edtania":"1 min\u00fata"},"schema":{"@context":"https:\/\/schema.org","@graph":[{"@type":"WebPage","@id":"https:\/\/qingdaohf.com\/product\/scaffolding-coupler\/","url":"https:\/\/qingdaohf.com\/product\/scaffolding-coupler\/","name":"Scaffolding Coupler Scaffolding Clamp","isPartOf":{"@id":"https:\/\/qingdaohf.com\/bg\/#website"},"primaryImageOfPage":{"@id":"https:\/\/qingdaohf.com\/product\/scaffolding-coupler\/#primaryimage"},"image":{"@id":"https:\/\/qingdaohf.com\/product\/scaffolding-coupler\/#primaryimage"},"thumbnailUrl":"https:\/\/qingdaohf.com\/wp-content\/uploads\/2023\/02\/Scaffolding-Coupler-2.jpg","datePublished":"2023-02-09T09:22:35+00:00","dateModified":"2025-11-13T01:06:36+00:00","description":"Scaffolding couplers are scaffold connectors and fittings used to fix\u00a0scaffold tubes and pipes\u00a0in position.","breadcrumb":{"@id":"https:\/\/qingdaohf.com\/product\/scaffolding-coupler\/#breadcrumb"},"inLanguage":"sk-SK","potentialAction":[{"@type":"ReadAction","target":["https:\/\/qingdaohf.com\/product\/scaffolding-coupler\/"]}]},{"@type":"ImageObject","inLanguage":"sk-SK","@id":"https:\/\/qingdaohf.com\/product\/scaffolding-coupler\/#primaryimage","url":"https:\/\/qingdaohf.com\/wp-content\/uploads\/2023\/02\/Scaffolding-Coupler-2.jpg","contentUrl":"https:\/\/qingdaohf.com\/wp-content\/uploads\/2023\/02\/Scaffolding-Coupler-2.jpg","width":1000,"height":1000,"caption":"Scaffolding Coupler"},{"@type":"BreadcrumbList","@id":"https:\/\/qingdaohf.com\/product\/scaffolding-coupler\/#breadcrumb","itemListElement":[{"@type":"ListItem","position":1,"name":"Home","item":"https:\/\/qingdaohf.com\/"},{"@type":"ListItem","position":2,"name":"Concrete Forming Accessories and Rigging Hardware","item":"https:\/\/qingdaohf.com\/bg\/?page_id=944"},{"@type":"ListItem","position":3,"name":"Scaffolding Coupler Scaffolding Clamp"}]},{"@type":"WebSite","@id":"https:\/\/qingdaohf.com\/bg\/#website","url":"https:\/\/qingdaohf.com\/bg\/","name":"Concrete Form & Rigging Hardware Supplier","description":"","publisher":{"@id":"https:\/\/qingdaohf.com\/bg\/#organization"},"potentialAction":[{"@type":"SearchAction","target":{"@type":"EntryPoint","urlTemplate":"https:\/\/qingdaohf.com\/bg\/?s={search_term_string}"},"query-input":{"@type":"PropertyValueSpecification","valueRequired":true,"valueName":"search_term_string"}}],"inLanguage":"sk-SK"},{"@type":"Organization","@id":"https:\/\/qingdaohf.com\/bg\/#organization","name":"Qingdao H&F","url":"https:\/\/qingdaohf.com\/bg\/","logo":{"@type":"ImageObject","inLanguage":"sk-SK","@id":"https:\/\/qingdaohf.com\/bg\/#\/schema\/logo\/image\/","url":"https:\/\/qingdaohf.com\/wp-content\/uploads\/2022\/12\/cropped-HF-LOGO.png","contentUrl":"https:\/\/qingdaohf.com\/wp-content\/uploads\/2022\/12\/cropped-HF-LOGO.png","width":391,"height":249,"caption":"Qingdao H&F"},"image":{"@id":"https:\/\/qingdaohf.com\/bg\/#\/schema\/logo\/image\/"},"sameAs":["https:\/\/www.facebook.com\/qingdaohf"]}]}},"_links":{"self":[{"href":"https:\/\/qingdaohf.com\/sk\/wp-json\/wp\/v2\/product\/2094","targetHints":{"allow":["GET"]}}],"collection":[{"href":"https:\/\/qingdaohf.com\/sk\/wp-json\/wp\/v2\/product"}],"about":[{"href":"https:\/\/qingdaohf.com\/sk\/wp-json\/wp\/v2\/types\/product"}],"replies":[{"embeddable":true,"href":"https:\/\/qingdaohf.com\/sk\/wp-json\/wp\/v2\/comments?post=2094"}],"version-history":[{"count":2,"href":"https:\/\/qingdaohf.com\/sk\/wp-json\/wp\/v2\/product\/2094\/revisions"}],"predecessor-version":[{"id":10460,"href":"https:\/\/qingdaohf.com\/sk\/wp-json\/wp\/v2\/product\/2094\/revisions\/10460"}],"wp:featuredmedia":[{"embeddable":true,"href":"https:\/\/qingdaohf.com\/sk\/wp-json\/wp\/v2\/media\/2930"}],"wp:attachment":[{"href":"https:\/\/qingdaohf.com\/sk\/wp-json\/wp\/v2\/media?parent=2094"}],"wp:term":[{"taxonomy":"product_brand","embeddable":true,"href":"https:\/\/qingdaohf.com\/sk\/wp-json\/wp\/v2\/product_brand?post=2094"},{"taxonomy":"product_cat","embeddable":true,"href":"https:\/\/qingdaohf.com\/sk\/wp-json\/wp\/v2\/product_cat?post=2094"},{"taxonomy":"product_tag","embeddable":true,"href":"https:\/\/qingdaohf.com\/sk\/wp-json\/wp\/v2\/product_tag?post=2094"}],"curies":[{"name":"wp","href":"https:\/\/api.w.org\/{rel}","templated":true}]}}