{"id":2130,"date":"2023-02-10T17:04:57","date_gmt":"2023-02-10T09:04:57","guid":{"rendered":"http:\/\/qingdaohf.com\/?post_type=product&#038;p=2130"},"modified":"2025-11-13T09:06:35","modified_gmt":"2025-11-13T01:06:35","slug":"flat-rib-washer","status":"publish","type":"product","link":"https:\/\/qingdaohf.com\/sk\/produkt\/plocha-rebrova-podlozka\/","title":{"rendered":"Ploch\u00e1 rebrov\u00e1 podlo\u017eka"},"content":{"rendered":"<p>Ploch\u00e1 rebrov\u00e1 podlo\u017eka je mal\u00e1, ale d\u00f4le\u017eit\u00e1 s\u00fa\u010das\u0165 pou\u017e\u00edvan\u00e1 pri tv\u00e1rnen\u00ed bet\u00f3nu. Zvy\u010dajne je vyroben\u00e1 z odoln\u00fdch a kor\u00f3zii odoln\u00fdch materi\u00e1lov, ako je pozinkovan\u00e1 oce\u013e alebo nehrdzavej\u00faca oce\u013e, a je ur\u010den\u00e1 na zabezpe\u010denie bezpe\u010dn\u00e9ho a tesn\u00e9ho spojenia medzi panelmi bet\u00f3nov\u00e9ho debnenia.<\/p>\n<p>Ploch\u00e1 rebrov\u00e1 podlo\u017eka sa pou\u017e\u00edva v spojen\u00ed s karab\u00ednou, \u010do je kovov\u00e1 ty\u010d alebo dr\u00f4t, ktor\u00fd sa vklad\u00e1 cez otvor v tvarovacom paneli, aby dr\u017eal tvar na mieste. Ploch\u00e1 rebrinov\u00e1 podlo\u017eka sa potom umiestni na zaklap\u00e1vaciu v\u00e4zbu, aby sa zabr\u00e1nilo jej pretiahnutiu cez debniaci panel pri beton\u00e1\u017ei.<\/p>\n<p>Kon\u0161trukcia plochej rebrovej podlo\u017eky obsahuje rebr\u00e1 na povrchu, ktor\u00e9 vytv\u00e1raj\u00fa trenie o bet\u00f3n, \u010do pom\u00e1ha udr\u017ea\u0165 debniaci panel na mieste po\u010das procesu liatia. To pom\u00e1ha zabr\u00e1ni\u0165 ak\u00e9muko\u013evek pohybu alebo posunu tvarov\u00fdch panelov, \u010do by mohlo ma\u0165 za n\u00e1sledok nerovn\u00fd alebo deformovan\u00fd povrch bet\u00f3nu.<\/p>\n<p>&nbsp;<\/p>\n<p><img fetchpriority=\"high\" decoding=\"async\" class=\"alignnone size-full wp-image-2776\" src=\"http:\/\/qingdaohf.com\/wp-content\/uploads\/2023\/02\/flat-rib-washer-1_\u526f\u672c.jpg\" alt=\"Ploch\u00e1 rebrov\u00e1 podlo\u017eka\" width=\"1200\" height=\"871\" srcset=\"https:\/\/qingdaohf.com\/wp-content\/uploads\/2023\/02\/flat-rib-washer-1_\u526f\u672c.jpg 1200w, https:\/\/qingdaohf.com\/wp-content\/uploads\/2023\/02\/flat-rib-washer-1_\u526f\u672c-1000x726.jpg 1000w, https:\/\/qingdaohf.com\/wp-content\/uploads\/2023\/02\/flat-rib-washer-1_\u526f\u672c-300x218.jpg 300w, https:\/\/qingdaohf.com\/wp-content\/uploads\/2023\/02\/flat-rib-washer-1_\u526f\u672c-1024x743.jpg 1024w, https:\/\/qingdaohf.com\/wp-content\/uploads\/2023\/02\/flat-rib-washer-1_\u526f\u672c-768x557.jpg 768w\" sizes=\"(max-width: 1200px) 100vw, 1200px\" \/><\/p>\n<p><img decoding=\"async\" class=\"alignnone size-full wp-image-2777\" src=\"http:\/\/qingdaohf.com\/wp-content\/uploads\/2023\/02\/13-2.jpg\" alt=\"Ploch\u00e1 rebrov\u00e1 podlo\u017eka\" width=\"1200\" height=\"308\" srcset=\"https:\/\/qingdaohf.com\/wp-content\/uploads\/2023\/02\/13-2.jpg 1200w, https:\/\/qingdaohf.com\/wp-content\/uploads\/2023\/02\/13-2-1000x257.jpg 1000w, https:\/\/qingdaohf.com\/wp-content\/uploads\/2023\/02\/13-2-300x77.jpg 300w, https:\/\/qingdaohf.com\/wp-content\/uploads\/2023\/02\/13-2-1024x263.jpg 1024w, https:\/\/qingdaohf.com\/wp-content\/uploads\/2023\/02\/13-2-768x197.jpg 768w\" sizes=\"(max-width: 1200px) 100vw, 1200px\" \/><\/p>\n<p>&nbsp;<\/p>","protected":false},"excerpt":{"rendered":"<p>Ploch\u00e1 rebrov\u00e1 podlo\u017eka sa pou\u017e\u00edva s Form Tie , \u0161es\u0165hrannou maticou na spojenie a upevnenie dvoch debnen\u00ed v stavebnom debnen\u00ed.Ploch\u00e9 rebrov\u00e9 podlo\u017eky s\u00fa vysoko odoln\u00e9 vo\u010di neust\u00e1lemu pou\u017e\u00edvaniu a r\u00f4znym typom n\u00e1razov, \u010d\u00edm pon\u00fakaj\u00fa spo\u013eahliv\u00fa slu\u017ebu.<\/p>","protected":false},"featured_media":2771,"comment_status":"open","ping_status":"closed","template":"","meta":{"site-sidebar-layout":"default","site-content-layout":"default","ast-site-content-layout":"","site-content-style":"default","site-sidebar-style":"default","ast-global-header-display":"","ast-banner-title-visibility":"","ast-main-header-display":"","ast-hfb-above-header-display":"","ast-hfb-below-header-display":"","ast-hfb-mobile-header-display":"","site-post-title":"","ast-breadcrumbs-content":"","ast-featured-img":"","footer-sml-layout":"","theme-transparent-header-meta":"default","adv-header-id-meta":"","stick-header-meta":"default","header-above-stick-meta":"","header-main-stick-meta":"","header-below-stick-meta":"","astra-migrate-meta-layouts":"default","ast-page-background-enabled":"default","ast-page-background-meta":{"desktop":{"background-color":"","background-image":"","background-repeat":"repeat","background-position":"center center","background-size":"auto","background-attachment":"scroll","background-type":"","background-media":"","overlay-type":"","overlay-color":"","overlay-opacity":"","overlay-gradient":""},"tablet":{"background-color":"","background-image":"","background-repeat":"repeat","background-position":"center center","background-size":"auto","background-attachment":"scroll","background-type":"","background-media":"","overlay-type":"","overlay-color":"","overlay-opacity":"","overlay-gradient":""},"mobile":{"background-color":"","background-image":"","background-repeat":"repeat","background-position":"center center","background-size":"auto","background-attachment":"scroll","background-type":"","background-media":"","overlay-type":"","overlay-color":"","overlay-opacity":"","overlay-gradient":""}},"ast-content-background-meta":{"desktop":{"background-color":"var(--ast-global-color-5)","background-image":"","background-repeat":"repeat","background-position":"center center","background-size":"auto","background-attachment":"scroll","background-type":"","background-media":"","overlay-type":"","overlay-color":"","overlay-opacity":"","overlay-gradient":""},"tablet":{"background-color":"var(--ast-global-color-5)","background-image":"","background-repeat":"repeat","background-position":"center center","background-size":"auto","background-attachment":"scroll","background-type":"","background-media":"","overlay-type":"","overlay-color":"","overlay-opacity":"","overlay-gradient":""},"mobile":{"background-color":"var(--ast-global-color-5)","background-image":"","background-repeat":"repeat","background-position":"center center","background-size":"auto","background-attachment":"scroll","background-type":"","background-media":"","overlay-type":"","overlay-color":"","overlay-opacity":"","overlay-gradient":""}}},"product_brand":[],"product_cat":[31],"product_tag":[],"class_list":{"0":"post-2130","1":"product","2":"type-product","3":"status-publish","4":"has-post-thumbnail","6":"product_cat-fasteners","7":"desktop-align-left","8":"tablet-align-left","9":"mobile-align-left","10":"ast-product-gallery-layout-horizontal-slider","11":"ast-product-tabs-layout-horizontal","13":"first","14":"instock","15":"shipping-taxable","16":"purchasable","17":"product-type-simple"},"yoast_head":"<!-- This site is optimized with the Yoast SEO plugin v25.2 - https:\/\/yoast.com\/wordpress\/plugins\/seo\/ -->\n<title>Flat Rib Washer<\/title>\n<meta name=\"description\" content=\"Flat rib washer is used with Form Tie ,Hex Nut to connect and fix two formworks in building formwork.\" \/>\n<meta name=\"robots\" content=\"index, follow, max-snippet:-1, max-image-preview:large, max-video-preview:-1\" \/>\n<link rel=\"canonical\" href=\"https:\/\/qingdaohf.com\/sk\/produkt\/plocha-rebrova-podlozka\/\" \/>\n<meta property=\"og:locale\" content=\"sk_SK\" \/>\n<meta property=\"og:type\" content=\"article\" \/>\n<meta property=\"og:title\" content=\"Flat Rib Washer\" \/>\n<meta property=\"og:description\" content=\"Flat rib washer is used with Form Tie ,Hex Nut to connect and fix two formworks in building formwork.\" \/>\n<meta property=\"og:url\" content=\"https:\/\/qingdaohf.com\/sk\/produkt\/plocha-rebrova-podlozka\/\" \/>\n<meta property=\"og:site_name\" content=\"Concrete Form &amp; Rigging Hardware Supplier\" \/>\n<meta property=\"article:publisher\" content=\"https:\/\/www.facebook.com\/qingdaohf\" \/>\n<meta property=\"article:modified_time\" content=\"2025-11-13T01:06:35+00:00\" \/>\n<meta property=\"og:image\" content=\"https:\/\/qingdaohf.com\/wp-content\/uploads\/2023\/02\/Flat-Rib-Washer-1-1.jpg\" \/>\n\t<meta property=\"og:image:width\" content=\"1000\" \/>\n\t<meta property=\"og:image:height\" content=\"1000\" \/>\n\t<meta property=\"og:image:type\" content=\"image\/jpeg\" \/>\n<meta name=\"twitter:card\" content=\"summary_large_image\" \/>\n<meta name=\"twitter:label1\" content=\"Predpokladan\u00fd \u010das \u010d\u00edtania\" \/>\n\t<meta name=\"twitter:data1\" content=\"2 min\u00faty\" \/>\n<script type=\"application\/ld+json\" class=\"yoast-schema-graph\">{\"@context\":\"https:\/\/schema.org\",\"@graph\":[{\"@type\":\"WebPage\",\"@id\":\"https:\/\/qingdaohf.com\/product\/flat-rib-washer\/\",\"url\":\"https:\/\/qingdaohf.com\/product\/flat-rib-washer\/\",\"name\":\"Flat Rib Washer\",\"isPartOf\":{\"@id\":\"https:\/\/qingdaohf.com\/bg\/#website\"},\"primaryImageOfPage\":{\"@id\":\"https:\/\/qingdaohf.com\/product\/flat-rib-washer\/#primaryimage\"},\"image\":{\"@id\":\"https:\/\/qingdaohf.com\/product\/flat-rib-washer\/#primaryimage\"},\"thumbnailUrl\":\"https:\/\/qingdaohf.com\/wp-content\/uploads\/2023\/02\/Flat-Rib-Washer-1-1.jpg\",\"datePublished\":\"2023-02-10T09:04:57+00:00\",\"dateModified\":\"2025-11-13T01:06:35+00:00\",\"description\":\"Flat rib washer is used with Form Tie ,Hex Nut to connect and fix two formworks in building formwork.\",\"breadcrumb\":{\"@id\":\"https:\/\/qingdaohf.com\/product\/flat-rib-washer\/#breadcrumb\"},\"inLanguage\":\"sk-SK\",\"potentialAction\":[{\"@type\":\"ReadAction\",\"target\":[\"https:\/\/qingdaohf.com\/product\/flat-rib-washer\/\"]}]},{\"@type\":\"ImageObject\",\"inLanguage\":\"sk-SK\",\"@id\":\"https:\/\/qingdaohf.com\/product\/flat-rib-washer\/#primaryimage\",\"url\":\"https:\/\/qingdaohf.com\/wp-content\/uploads\/2023\/02\/Flat-Rib-Washer-1-1.jpg\",\"contentUrl\":\"https:\/\/qingdaohf.com\/wp-content\/uploads\/2023\/02\/Flat-Rib-Washer-1-1.jpg\",\"width\":1000,\"height\":1000,\"caption\":\"Flat Rib Washer\"},{\"@type\":\"BreadcrumbList\",\"@id\":\"https:\/\/qingdaohf.com\/product\/flat-rib-washer\/#breadcrumb\",\"itemListElement\":[{\"@type\":\"ListItem\",\"position\":1,\"name\":\"Home\",\"item\":\"https:\/\/qingdaohf.com\/\"},{\"@type\":\"ListItem\",\"position\":2,\"name\":\"Concrete Forming Accessories and Rigging Hardware\",\"item\":\"https:\/\/qingdaohf.com\/bg\/?page_id=944\"},{\"@type\":\"ListItem\",\"position\":3,\"name\":\"Flat Rib Washer\"}]},{\"@type\":\"WebSite\",\"@id\":\"https:\/\/qingdaohf.com\/bg\/#website\",\"url\":\"https:\/\/qingdaohf.com\/bg\/\",\"name\":\"Concrete Form & Rigging Hardware Supplier\",\"description\":\"\",\"publisher\":{\"@id\":\"https:\/\/qingdaohf.com\/bg\/#organization\"},\"potentialAction\":[{\"@type\":\"SearchAction\",\"target\":{\"@type\":\"EntryPoint\",\"urlTemplate\":\"https:\/\/qingdaohf.com\/bg\/?s={search_term_string}\"},\"query-input\":{\"@type\":\"PropertyValueSpecification\",\"valueRequired\":true,\"valueName\":\"search_term_string\"}}],\"inLanguage\":\"sk-SK\"},{\"@type\":\"Organization\",\"@id\":\"https:\/\/qingdaohf.com\/bg\/#organization\",\"name\":\"Qingdao H&F\",\"url\":\"https:\/\/qingdaohf.com\/bg\/\",\"logo\":{\"@type\":\"ImageObject\",\"inLanguage\":\"sk-SK\",\"@id\":\"https:\/\/qingdaohf.com\/bg\/#\/schema\/logo\/image\/\",\"url\":\"https:\/\/qingdaohf.com\/wp-content\/uploads\/2022\/12\/cropped-HF-LOGO.png\",\"contentUrl\":\"https:\/\/qingdaohf.com\/wp-content\/uploads\/2022\/12\/cropped-HF-LOGO.png\",\"width\":391,\"height\":249,\"caption\":\"Qingdao H&F\"},\"image\":{\"@id\":\"https:\/\/qingdaohf.com\/bg\/#\/schema\/logo\/image\/\"},\"sameAs\":[\"https:\/\/www.facebook.com\/qingdaohf\"]}]}<\/script>\n<!-- \/ Yoast SEO plugin. -->","yoast_head_json":{"title":"Flat Rib Washer","description":"Flat rib washer is used with Form Tie ,Hex Nut to connect and fix two formworks in building formwork.","robots":{"index":"index","follow":"follow","max-snippet":"max-snippet:-1","max-image-preview":"max-image-preview:large","max-video-preview":"max-video-preview:-1"},"canonical":"https:\/\/qingdaohf.com\/sk\/produkt\/plocha-rebrova-podlozka\/","og_locale":"sk_SK","og_type":"article","og_title":"Flat Rib Washer","og_description":"Flat rib washer is used with Form Tie ,Hex Nut to connect and fix two formworks in building formwork.","og_url":"https:\/\/qingdaohf.com\/sk\/produkt\/plocha-rebrova-podlozka\/","og_site_name":"Concrete Form &amp; Rigging Hardware Supplier","article_publisher":"https:\/\/www.facebook.com\/qingdaohf","article_modified_time":"2025-11-13T01:06:35+00:00","og_image":[{"width":1000,"height":1000,"url":"https:\/\/qingdaohf.com\/wp-content\/uploads\/2023\/02\/Flat-Rib-Washer-1-1.jpg","type":"image\/jpeg"}],"twitter_card":"summary_large_image","twitter_misc":{"Predpokladan\u00fd \u010das \u010d\u00edtania":"2 min\u00faty"},"schema":{"@context":"https:\/\/schema.org","@graph":[{"@type":"WebPage","@id":"https:\/\/qingdaohf.com\/product\/flat-rib-washer\/","url":"https:\/\/qingdaohf.com\/product\/flat-rib-washer\/","name":"Flat Rib Washer","isPartOf":{"@id":"https:\/\/qingdaohf.com\/bg\/#website"},"primaryImageOfPage":{"@id":"https:\/\/qingdaohf.com\/product\/flat-rib-washer\/#primaryimage"},"image":{"@id":"https:\/\/qingdaohf.com\/product\/flat-rib-washer\/#primaryimage"},"thumbnailUrl":"https:\/\/qingdaohf.com\/wp-content\/uploads\/2023\/02\/Flat-Rib-Washer-1-1.jpg","datePublished":"2023-02-10T09:04:57+00:00","dateModified":"2025-11-13T01:06:35+00:00","description":"Flat rib washer is used with Form Tie ,Hex Nut to connect and fix two formworks in building formwork.","breadcrumb":{"@id":"https:\/\/qingdaohf.com\/product\/flat-rib-washer\/#breadcrumb"},"inLanguage":"sk-SK","potentialAction":[{"@type":"ReadAction","target":["https:\/\/qingdaohf.com\/product\/flat-rib-washer\/"]}]},{"@type":"ImageObject","inLanguage":"sk-SK","@id":"https:\/\/qingdaohf.com\/product\/flat-rib-washer\/#primaryimage","url":"https:\/\/qingdaohf.com\/wp-content\/uploads\/2023\/02\/Flat-Rib-Washer-1-1.jpg","contentUrl":"https:\/\/qingdaohf.com\/wp-content\/uploads\/2023\/02\/Flat-Rib-Washer-1-1.jpg","width":1000,"height":1000,"caption":"Flat Rib Washer"},{"@type":"BreadcrumbList","@id":"https:\/\/qingdaohf.com\/product\/flat-rib-washer\/#breadcrumb","itemListElement":[{"@type":"ListItem","position":1,"name":"Home","item":"https:\/\/qingdaohf.com\/"},{"@type":"ListItem","position":2,"name":"Concrete Forming Accessories and Rigging Hardware","item":"https:\/\/qingdaohf.com\/bg\/?page_id=944"},{"@type":"ListItem","position":3,"name":"Flat Rib Washer"}]},{"@type":"WebSite","@id":"https:\/\/qingdaohf.com\/bg\/#website","url":"https:\/\/qingdaohf.com\/bg\/","name":"Concrete Form & Rigging Hardware Supplier","description":"","publisher":{"@id":"https:\/\/qingdaohf.com\/bg\/#organization"},"potentialAction":[{"@type":"SearchAction","target":{"@type":"EntryPoint","urlTemplate":"https:\/\/qingdaohf.com\/bg\/?s={search_term_string}"},"query-input":{"@type":"PropertyValueSpecification","valueRequired":true,"valueName":"search_term_string"}}],"inLanguage":"sk-SK"},{"@type":"Organization","@id":"https:\/\/qingdaohf.com\/bg\/#organization","name":"Qingdao H&F","url":"https:\/\/qingdaohf.com\/bg\/","logo":{"@type":"ImageObject","inLanguage":"sk-SK","@id":"https:\/\/qingdaohf.com\/bg\/#\/schema\/logo\/image\/","url":"https:\/\/qingdaohf.com\/wp-content\/uploads\/2022\/12\/cropped-HF-LOGO.png","contentUrl":"https:\/\/qingdaohf.com\/wp-content\/uploads\/2022\/12\/cropped-HF-LOGO.png","width":391,"height":249,"caption":"Qingdao H&F"},"image":{"@id":"https:\/\/qingdaohf.com\/bg\/#\/schema\/logo\/image\/"},"sameAs":["https:\/\/www.facebook.com\/qingdaohf"]}]}},"_links":{"self":[{"href":"https:\/\/qingdaohf.com\/sk\/wp-json\/wp\/v2\/product\/2130","targetHints":{"allow":["GET"]}}],"collection":[{"href":"https:\/\/qingdaohf.com\/sk\/wp-json\/wp\/v2\/product"}],"about":[{"href":"https:\/\/qingdaohf.com\/sk\/wp-json\/wp\/v2\/types\/product"}],"replies":[{"embeddable":true,"href":"https:\/\/qingdaohf.com\/sk\/wp-json\/wp\/v2\/comments?post=2130"}],"version-history":[{"count":2,"href":"https:\/\/qingdaohf.com\/sk\/wp-json\/wp\/v2\/product\/2130\/revisions"}],"predecessor-version":[{"id":10458,"href":"https:\/\/qingdaohf.com\/sk\/wp-json\/wp\/v2\/product\/2130\/revisions\/10458"}],"wp:featuredmedia":[{"embeddable":true,"href":"https:\/\/qingdaohf.com\/sk\/wp-json\/wp\/v2\/media\/2771"}],"wp:attachment":[{"href":"https:\/\/qingdaohf.com\/sk\/wp-json\/wp\/v2\/media?parent=2130"}],"wp:term":[{"taxonomy":"product_brand","embeddable":true,"href":"https:\/\/qingdaohf.com\/sk\/wp-json\/wp\/v2\/product_brand?post=2130"},{"taxonomy":"product_cat","embeddable":true,"href":"https:\/\/qingdaohf.com\/sk\/wp-json\/wp\/v2\/product_cat?post=2130"},{"taxonomy":"product_tag","embeddable":true,"href":"https:\/\/qingdaohf.com\/sk\/wp-json\/wp\/v2\/product_tag?post=2130"}],"curies":[{"name":"wp","href":"https:\/\/api.w.org\/{rel}","templated":true}]}}