{"id":2195,"date":"2023-02-14T17:51:08","date_gmt":"2023-02-14T09:51:08","guid":{"rendered":"http:\/\/qingdaohf.com\/?post_type=product&#038;p=2195"},"modified":"2025-11-13T09:06:18","modified_gmt":"2025-11-13T01:06:18","slug":"danforth-anchor","status":"publish","type":"product","link":"https:\/\/qingdaohf.com\/sk\/produkt\/kotva-danforth\/","title":{"rendered":"Kotva Danforth"},"content":{"rendered":"<p>Kotva je skon\u0161truovan\u00e1 so stojanom na korunke, ktor\u00fd sl\u00fa\u017ei ako oto\u010dn\u00fd bod pre chvosty. Chlopne maj\u00fa tvar \u0161irok\u00fdch, \u0161picat\u00fdch lopatiek, ktor\u00e9 s\u00fa zavesen\u00e9 na k\u013abe. Zvy\u010dajne s\u00fa to dve chvostov\u00e9 ty\u010de, ktor\u00e9 sa m\u00f4\u017eu ot\u00e1\u010da\u0165 a zapichova\u0165 do morsk\u00e9ho dna, ke\u010f je kotva nastaven\u00e1.<\/p>\n<p>Jednou z charakteristick\u00fdch vlastnost\u00ed kotvy Danforth je jej \u013eahk\u00e1 a kompaktn\u00e1 kon\u0161trukcia, v\u010faka ktorej sa s \u0148ou \u013eahko manipuluje a \u013eahko sa uklad\u00e1 na palubu lode. \u010casto je vyroben\u00e1 z vysokopevnostnej ocele, \u010do zaru\u010duje trvanlivos\u0165 a odolnos\u0165 vo\u010di kor\u00f3zii.<\/p>\n<p>Chlopne kotvy Danforth s\u00fa navrhnut\u00e9 tak, aby prenikali do r\u00f4znych typov morsk\u00e9ho dna vr\u00e1tane piesku, bahna a \u0161trku. Ke\u010f je kotva spusten\u00e1, spolieha sa na svoje chvosty, ktor\u00e9 sa zaryj\u00fa do morsk\u00e9ho dna a zaistia bezpe\u010dn\u00e9 uchytenie. Ostr\u00e9 hroty a \u0161irok\u00e9 lopatky chvostov pom\u00e1haj\u00fa zvy\u0161ova\u0165 silu kotvy, najm\u00e4 v pies\u010ditom alebo bahnitom dne.<\/p>\n<p>Na zv\u00fd\u0161enie stability a zabr\u00e1nenie prevr\u00e1teniu kotvy je kotva Danforth na korunke vybaven\u00e1 podperou. Tento podstavec zabezpe\u010duje, \u017ee kotva zostane v spr\u00e1vnej orient\u00e1cii, aby sa maximalizovala jej schopnos\u0165 dr\u017ea\u0165.<\/p>\n<p>Kotva Danforth sa be\u017ene pou\u017e\u00edva pri rekrea\u010dnej plavbe, na plachetniciach a men\u0161\u00edch plavidl\u00e1ch. Je ob\u013e\u00faben\u00e1 pre svoju silu dr\u017eania, jednoduch\u00fa manipul\u00e1ciu a schopnos\u0165 obnovi\u0165 sa, ak sa zmen\u00ed vietor alebo pr\u00fad. Nemus\u00ed v\u0161ak by\u0165 tak\u00e1 \u00fa\u010dinn\u00e1 v skalnat\u00fdch alebo silne zarasten\u00fdch oblastiach, kde sa jej chvosty m\u00f4\u017eu zamota\u0165.<\/p>\n<p><img fetchpriority=\"high\" decoding=\"async\" class=\"alignnone wp-image-8305 size-full\" src=\"http:\/\/qingdaohf.com\/wp-content\/uploads\/2023\/02\/danforth-anchor-1.png\" alt=\"danforth-anchor \" width=\"600\" height=\"519\" srcset=\"https:\/\/qingdaohf.com\/wp-content\/uploads\/2023\/02\/danforth-anchor-1.png 600w, https:\/\/qingdaohf.com\/wp-content\/uploads\/2023\/02\/danforth-anchor-1-300x260.png 300w, https:\/\/qingdaohf.com\/wp-content\/uploads\/2023\/02\/danforth-anchor-1-14x12.png 14w\" sizes=\"(max-width: 600px) 100vw, 600px\" \/> <img decoding=\"async\" class=\"alignnone wp-image-8306 size-full\" src=\"http:\/\/qingdaohf.com\/wp-content\/uploads\/2023\/02\/danforth-anchor-2.png\" alt=\"danforth-anchor \" width=\"582\" height=\"661\" srcset=\"https:\/\/qingdaohf.com\/wp-content\/uploads\/2023\/02\/danforth-anchor-2.png 582w, https:\/\/qingdaohf.com\/wp-content\/uploads\/2023\/02\/danforth-anchor-2-264x300.png 264w, https:\/\/qingdaohf.com\/wp-content\/uploads\/2023\/02\/danforth-anchor-2-11x12.png 11w\" sizes=\"(max-width: 582px) 100vw, 582px\" \/><\/p>\n<p>&nbsp;<\/p>\n<p><img decoding=\"async\" class=\"alignnone size-full wp-image-3881\" src=\"http:\/\/qingdaohf.com\/wp-content\/uploads\/2023\/02\/Danforth-Anchor-1.jpg\" alt=\"Kotva Danforth\" width=\"750\" height=\"562\" srcset=\"https:\/\/qingdaohf.com\/wp-content\/uploads\/2023\/02\/Danforth-Anchor-1.jpg 750w, https:\/\/qingdaohf.com\/wp-content\/uploads\/2023\/02\/Danforth-Anchor-1-300x225.jpg 300w\" sizes=\"(max-width: 750px) 100vw, 750px\" \/> <img loading=\"lazy\" decoding=\"async\" class=\"alignnone size-full wp-image-3882\" src=\"http:\/\/qingdaohf.com\/wp-content\/uploads\/2023\/02\/Danforth-Anchor-2.jpg\" alt=\"Kotva Danforth\" width=\"750\" height=\"562\" srcset=\"https:\/\/qingdaohf.com\/wp-content\/uploads\/2023\/02\/Danforth-Anchor-2.jpg 750w, https:\/\/qingdaohf.com\/wp-content\/uploads\/2023\/02\/Danforth-Anchor-2-300x225.jpg 300w\" sizes=\"(max-width: 750px) 100vw, 750px\" \/><\/p>","protected":false},"excerpt":{"rendered":"<p>Kotva Danforth je v\u0161eobecne uzn\u00e1van\u00fd a ob\u013e\u00faben\u00fd typ kotvy pou\u017e\u00edvanej pri plavbe na lodi a n\u00e1morn\u00fdch aktivit\u00e1ch. Je pomenovan\u00e1 po svojom vyn\u00e1lezcovi Richardovi Danforthovi, ktor\u00fd ju vyvinul v polovici 20. storo\u010dia. Danforthova kotva je zn\u00e1ma svojou vynikaj\u00facou dr\u017eiacou silou a univerz\u00e1lnos\u0165ou v r\u00f4znych podmienkach morsk\u00e9ho dna.<\/p>","protected":false},"featured_media":3880,"comment_status":"open","ping_status":"closed","template":"","meta":{"site-sidebar-layout":"default","site-content-layout":"default","ast-site-content-layout":"default","site-content-style":"default","site-sidebar-style":"default","ast-global-header-display":"","ast-banner-title-visibility":"","ast-main-header-display":"","ast-hfb-above-header-display":"","ast-hfb-below-header-display":"","ast-hfb-mobile-header-display":"","site-post-title":"","ast-breadcrumbs-content":"","ast-featured-img":"","footer-sml-layout":"","theme-transparent-header-meta":"default","adv-header-id-meta":"","stick-header-meta":"default","header-above-stick-meta":"","header-main-stick-meta":"","header-below-stick-meta":"","astra-migrate-meta-layouts":"set","ast-page-background-enabled":"default","ast-page-background-meta":{"desktop":{"background-color":"","background-image":"","background-repeat":"repeat","background-position":"center center","background-size":"auto","background-attachment":"scroll","background-type":"","background-media":"","overlay-type":"","overlay-color":"","overlay-opacity":"","overlay-gradient":""},"tablet":{"background-color":"","background-image":"","background-repeat":"repeat","background-position":"center center","background-size":"auto","background-attachment":"scroll","background-type":"","background-media":"","overlay-type":"","overlay-color":"","overlay-opacity":"","overlay-gradient":""},"mobile":{"background-color":"","background-image":"","background-repeat":"repeat","background-position":"center center","background-size":"auto","background-attachment":"scroll","background-type":"","background-media":"","overlay-type":"","overlay-color":"","overlay-opacity":"","overlay-gradient":""}},"ast-content-background-meta":{"desktop":{"background-color":"var(--ast-global-color-5)","background-image":"","background-repeat":"repeat","background-position":"center center","background-size":"auto","background-attachment":"scroll","background-type":"","background-media":"","overlay-type":"","overlay-color":"","overlay-opacity":"","overlay-gradient":""},"tablet":{"background-color":"var(--ast-global-color-5)","background-image":"","background-repeat":"repeat","background-position":"center center","background-size":"auto","background-attachment":"scroll","background-type":"","background-media":"","overlay-type":"","overlay-color":"","overlay-opacity":"","overlay-gradient":""},"mobile":{"background-color":"var(--ast-global-color-5)","background-image":"","background-repeat":"repeat","background-position":"center center","background-size":"auto","background-attachment":"scroll","background-type":"","background-media":"","overlay-type":"","overlay-color":"","overlay-opacity":"","overlay-gradient":""}}},"product_brand":[],"product_cat":[74,43],"product_tag":[],"class_list":{"0":"post-2195","1":"product","2":"type-product","3":"status-publish","4":"has-post-thumbnail","6":"product_cat-boat-anchor","7":"product_cat-rigging-hardware","8":"desktop-align-left","9":"tablet-align-left","10":"mobile-align-left","11":"ast-product-gallery-layout-horizontal-slider","12":"ast-product-tabs-layout-horizontal","14":"first","15":"instock","16":"shipping-taxable","17":"purchasable","18":"product-type-simple"},"yoast_head":"<!-- This site is optimized with the Yoast SEO plugin v25.2 - https:\/\/yoast.com\/wordpress\/plugins\/seo\/ -->\n<title>Danforth Anchor<\/title>\n<meta name=\"description\" content=\"The Danforth Anchor is a widely recognized and popular type of anchor used in boating and maritime activities. The Danforth Anchor is a widely recognized and popular type of anchor used in boating and maritime activities.\" \/>\n<meta name=\"robots\" content=\"index, follow, max-snippet:-1, max-image-preview:large, max-video-preview:-1\" \/>\n<link rel=\"canonical\" href=\"https:\/\/qingdaohf.com\/sk\/produkt\/kotva-danforth\/\" \/>\n<meta property=\"og:locale\" content=\"sk_SK\" \/>\n<meta property=\"og:type\" content=\"article\" \/>\n<meta property=\"og:title\" content=\"Danforth Anchor\" \/>\n<meta property=\"og:description\" content=\"The Danforth Anchor is a widely recognized and popular type of anchor used in boating and maritime activities. The Danforth Anchor is a widely recognized and popular type of anchor used in boating and maritime activities.\" \/>\n<meta property=\"og:url\" content=\"https:\/\/qingdaohf.com\/sk\/produkt\/kotva-danforth\/\" \/>\n<meta property=\"og:site_name\" content=\"Concrete Form &amp; Rigging Hardware Supplier\" \/>\n<meta property=\"article:publisher\" content=\"https:\/\/www.facebook.com\/qingdaohf\" \/>\n<meta property=\"article:modified_time\" content=\"2025-11-13T01:06:18+00:00\" \/>\n<meta property=\"og:image\" content=\"https:\/\/qingdaohf.com\/wp-content\/uploads\/2023\/02\/Danforth-Anchor-8.jpg\" \/>\n\t<meta property=\"og:image:width\" content=\"1000\" \/>\n\t<meta property=\"og:image:height\" content=\"1000\" \/>\n\t<meta property=\"og:image:type\" content=\"image\/jpeg\" \/>\n<meta name=\"twitter:card\" content=\"summary_large_image\" \/>\n<meta name=\"twitter:label1\" content=\"Predpokladan\u00fd \u010das \u010d\u00edtania\" \/>\n\t<meta name=\"twitter:data1\" content=\"3 min\u00faty\" \/>\n<script type=\"application\/ld+json\" class=\"yoast-schema-graph\">{\"@context\":\"https:\/\/schema.org\",\"@graph\":[{\"@type\":\"WebPage\",\"@id\":\"https:\/\/qingdaohf.com\/product\/danforth-anchor\/\",\"url\":\"https:\/\/qingdaohf.com\/product\/danforth-anchor\/\",\"name\":\"Danforth Anchor\",\"isPartOf\":{\"@id\":\"https:\/\/qingdaohf.com\/bg\/#website\"},\"primaryImageOfPage\":{\"@id\":\"https:\/\/qingdaohf.com\/product\/danforth-anchor\/#primaryimage\"},\"image\":{\"@id\":\"https:\/\/qingdaohf.com\/product\/danforth-anchor\/#primaryimage\"},\"thumbnailUrl\":\"https:\/\/qingdaohf.com\/wp-content\/uploads\/2023\/02\/Danforth-Anchor-8.jpg\",\"datePublished\":\"2023-02-14T09:51:08+00:00\",\"dateModified\":\"2025-11-13T01:06:18+00:00\",\"description\":\"The Danforth Anchor is a widely recognized and popular type of anchor used in boating and maritime activities. The Danforth Anchor is a widely recognized and popular type of anchor used in boating and maritime activities.\",\"breadcrumb\":{\"@id\":\"https:\/\/qingdaohf.com\/product\/danforth-anchor\/#breadcrumb\"},\"inLanguage\":\"sk-SK\",\"potentialAction\":[{\"@type\":\"ReadAction\",\"target\":[\"https:\/\/qingdaohf.com\/product\/danforth-anchor\/\"]}]},{\"@type\":\"ImageObject\",\"inLanguage\":\"sk-SK\",\"@id\":\"https:\/\/qingdaohf.com\/product\/danforth-anchor\/#primaryimage\",\"url\":\"https:\/\/qingdaohf.com\/wp-content\/uploads\/2023\/02\/Danforth-Anchor-8.jpg\",\"contentUrl\":\"https:\/\/qingdaohf.com\/wp-content\/uploads\/2023\/02\/Danforth-Anchor-8.jpg\",\"width\":1000,\"height\":1000,\"caption\":\"Danforth Anchor\"},{\"@type\":\"BreadcrumbList\",\"@id\":\"https:\/\/qingdaohf.com\/product\/danforth-anchor\/#breadcrumb\",\"itemListElement\":[{\"@type\":\"ListItem\",\"position\":1,\"name\":\"Home\",\"item\":\"https:\/\/qingdaohf.com\/\"},{\"@type\":\"ListItem\",\"position\":2,\"name\":\"Concrete Forming Accessories and Rigging Hardware\",\"item\":\"https:\/\/qingdaohf.com\/bg\/?page_id=944\"},{\"@type\":\"ListItem\",\"position\":3,\"name\":\"Danforth Anchor\"}]},{\"@type\":\"WebSite\",\"@id\":\"https:\/\/qingdaohf.com\/bg\/#website\",\"url\":\"https:\/\/qingdaohf.com\/bg\/\",\"name\":\"Concrete Form & Rigging Hardware Supplier\",\"description\":\"\",\"publisher\":{\"@id\":\"https:\/\/qingdaohf.com\/bg\/#organization\"},\"potentialAction\":[{\"@type\":\"SearchAction\",\"target\":{\"@type\":\"EntryPoint\",\"urlTemplate\":\"https:\/\/qingdaohf.com\/bg\/?s={search_term_string}\"},\"query-input\":{\"@type\":\"PropertyValueSpecification\",\"valueRequired\":true,\"valueName\":\"search_term_string\"}}],\"inLanguage\":\"sk-SK\"},{\"@type\":\"Organization\",\"@id\":\"https:\/\/qingdaohf.com\/bg\/#organization\",\"name\":\"Qingdao H&F\",\"url\":\"https:\/\/qingdaohf.com\/bg\/\",\"logo\":{\"@type\":\"ImageObject\",\"inLanguage\":\"sk-SK\",\"@id\":\"https:\/\/qingdaohf.com\/bg\/#\/schema\/logo\/image\/\",\"url\":\"https:\/\/qingdaohf.com\/wp-content\/uploads\/2022\/12\/cropped-HF-LOGO.png\",\"contentUrl\":\"https:\/\/qingdaohf.com\/wp-content\/uploads\/2022\/12\/cropped-HF-LOGO.png\",\"width\":391,\"height\":249,\"caption\":\"Qingdao H&F\"},\"image\":{\"@id\":\"https:\/\/qingdaohf.com\/bg\/#\/schema\/logo\/image\/\"},\"sameAs\":[\"https:\/\/www.facebook.com\/qingdaohf\"]}]}<\/script>\n<!-- \/ Yoast SEO plugin. -->","yoast_head_json":{"title":"Danforth Anchor","description":"The Danforth Anchor is a widely recognized and popular type of anchor used in boating and maritime activities. The Danforth Anchor is a widely recognized and popular type of anchor used in boating and maritime activities.","robots":{"index":"index","follow":"follow","max-snippet":"max-snippet:-1","max-image-preview":"max-image-preview:large","max-video-preview":"max-video-preview:-1"},"canonical":"https:\/\/qingdaohf.com\/sk\/produkt\/kotva-danforth\/","og_locale":"sk_SK","og_type":"article","og_title":"Danforth Anchor","og_description":"The Danforth Anchor is a widely recognized and popular type of anchor used in boating and maritime activities. The Danforth Anchor is a widely recognized and popular type of anchor used in boating and maritime activities.","og_url":"https:\/\/qingdaohf.com\/sk\/produkt\/kotva-danforth\/","og_site_name":"Concrete Form &amp; Rigging Hardware Supplier","article_publisher":"https:\/\/www.facebook.com\/qingdaohf","article_modified_time":"2025-11-13T01:06:18+00:00","og_image":[{"width":1000,"height":1000,"url":"https:\/\/qingdaohf.com\/wp-content\/uploads\/2023\/02\/Danforth-Anchor-8.jpg","type":"image\/jpeg"}],"twitter_card":"summary_large_image","twitter_misc":{"Predpokladan\u00fd \u010das \u010d\u00edtania":"3 min\u00faty"},"schema":{"@context":"https:\/\/schema.org","@graph":[{"@type":"WebPage","@id":"https:\/\/qingdaohf.com\/product\/danforth-anchor\/","url":"https:\/\/qingdaohf.com\/product\/danforth-anchor\/","name":"Danforth Anchor","isPartOf":{"@id":"https:\/\/qingdaohf.com\/bg\/#website"},"primaryImageOfPage":{"@id":"https:\/\/qingdaohf.com\/product\/danforth-anchor\/#primaryimage"},"image":{"@id":"https:\/\/qingdaohf.com\/product\/danforth-anchor\/#primaryimage"},"thumbnailUrl":"https:\/\/qingdaohf.com\/wp-content\/uploads\/2023\/02\/Danforth-Anchor-8.jpg","datePublished":"2023-02-14T09:51:08+00:00","dateModified":"2025-11-13T01:06:18+00:00","description":"The Danforth Anchor is a widely recognized and popular type of anchor used in boating and maritime activities. The Danforth Anchor is a widely recognized and popular type of anchor used in boating and maritime activities.","breadcrumb":{"@id":"https:\/\/qingdaohf.com\/product\/danforth-anchor\/#breadcrumb"},"inLanguage":"sk-SK","potentialAction":[{"@type":"ReadAction","target":["https:\/\/qingdaohf.com\/product\/danforth-anchor\/"]}]},{"@type":"ImageObject","inLanguage":"sk-SK","@id":"https:\/\/qingdaohf.com\/product\/danforth-anchor\/#primaryimage","url":"https:\/\/qingdaohf.com\/wp-content\/uploads\/2023\/02\/Danforth-Anchor-8.jpg","contentUrl":"https:\/\/qingdaohf.com\/wp-content\/uploads\/2023\/02\/Danforth-Anchor-8.jpg","width":1000,"height":1000,"caption":"Danforth Anchor"},{"@type":"BreadcrumbList","@id":"https:\/\/qingdaohf.com\/product\/danforth-anchor\/#breadcrumb","itemListElement":[{"@type":"ListItem","position":1,"name":"Home","item":"https:\/\/qingdaohf.com\/"},{"@type":"ListItem","position":2,"name":"Concrete Forming Accessories and Rigging Hardware","item":"https:\/\/qingdaohf.com\/bg\/?page_id=944"},{"@type":"ListItem","position":3,"name":"Danforth Anchor"}]},{"@type":"WebSite","@id":"https:\/\/qingdaohf.com\/bg\/#website","url":"https:\/\/qingdaohf.com\/bg\/","name":"Concrete Form & Rigging Hardware Supplier","description":"","publisher":{"@id":"https:\/\/qingdaohf.com\/bg\/#organization"},"potentialAction":[{"@type":"SearchAction","target":{"@type":"EntryPoint","urlTemplate":"https:\/\/qingdaohf.com\/bg\/?s={search_term_string}"},"query-input":{"@type":"PropertyValueSpecification","valueRequired":true,"valueName":"search_term_string"}}],"inLanguage":"sk-SK"},{"@type":"Organization","@id":"https:\/\/qingdaohf.com\/bg\/#organization","name":"Qingdao H&F","url":"https:\/\/qingdaohf.com\/bg\/","logo":{"@type":"ImageObject","inLanguage":"sk-SK","@id":"https:\/\/qingdaohf.com\/bg\/#\/schema\/logo\/image\/","url":"https:\/\/qingdaohf.com\/wp-content\/uploads\/2022\/12\/cropped-HF-LOGO.png","contentUrl":"https:\/\/qingdaohf.com\/wp-content\/uploads\/2022\/12\/cropped-HF-LOGO.png","width":391,"height":249,"caption":"Qingdao H&F"},"image":{"@id":"https:\/\/qingdaohf.com\/bg\/#\/schema\/logo\/image\/"},"sameAs":["https:\/\/www.facebook.com\/qingdaohf"]}]}},"_links":{"self":[{"href":"https:\/\/qingdaohf.com\/sk\/wp-json\/wp\/v2\/product\/2195","targetHints":{"allow":["GET"]}}],"collection":[{"href":"https:\/\/qingdaohf.com\/sk\/wp-json\/wp\/v2\/product"}],"about":[{"href":"https:\/\/qingdaohf.com\/sk\/wp-json\/wp\/v2\/types\/product"}],"replies":[{"embeddable":true,"href":"https:\/\/qingdaohf.com\/sk\/wp-json\/wp\/v2\/comments?post=2195"}],"version-history":[{"count":2,"href":"https:\/\/qingdaohf.com\/sk\/wp-json\/wp\/v2\/product\/2195\/revisions"}],"predecessor-version":[{"id":8307,"href":"https:\/\/qingdaohf.com\/sk\/wp-json\/wp\/v2\/product\/2195\/revisions\/8307"}],"wp:featuredmedia":[{"embeddable":true,"href":"https:\/\/qingdaohf.com\/sk\/wp-json\/wp\/v2\/media\/3880"}],"wp:attachment":[{"href":"https:\/\/qingdaohf.com\/sk\/wp-json\/wp\/v2\/media?parent=2195"}],"wp:term":[{"taxonomy":"product_brand","embeddable":true,"href":"https:\/\/qingdaohf.com\/sk\/wp-json\/wp\/v2\/product_brand?post=2195"},{"taxonomy":"product_cat","embeddable":true,"href":"https:\/\/qingdaohf.com\/sk\/wp-json\/wp\/v2\/product_cat?post=2195"},{"taxonomy":"product_tag","embeddable":true,"href":"https:\/\/qingdaohf.com\/sk\/wp-json\/wp\/v2\/product_tag?post=2195"}],"curies":[{"name":"wp","href":"https:\/\/api.w.org\/{rel}","templated":true}]}}