{"id":2312,"date":"2023-02-21T17:34:53","date_gmt":"2023-02-21T09:34:53","guid":{"rendered":"http:\/\/qingdaohf.com\/?post_type=product&#038;p=2312"},"modified":"2025-11-13T09:06:16","modified_gmt":"2025-11-13T01:06:16","slug":"slab-bolster-dipped","status":"publish","type":"product","link":"https:\/\/qingdaohf.com\/sk\/produkt\/doska-podpera-ponorena\/","title":{"rendered":"Doska Bolster Dipped SBD"},"content":{"rendered":"<h2 data-pm-slice=\"1 1 []\">\u010co je ponorenie do dosky (SBD)?<\/h2>\n<p>Slab Bolster Dipped (SBD) je d\u00f4le\u017eit\u00fdm doplnkom v\u00fdstu\u017ee v bet\u00f3novej kon\u0161trukcii, ktor\u00fd je ur\u010den\u00fd na zachovanie presn\u00fdch vzdialenost\u00ed medzi v\u00fdstu\u017eou a debnen\u00edm. Vyr\u00e1ba sa z vysokopevnostnej ocele s povrchovou \u00fapravou pon\u00e1ran\u00edm a pon\u00faka zv\u00fd\u0161en\u00fa trvanlivos\u0165 a odolnos\u0165 proti kor\u00f3zii. SBD sa pou\u017e\u00edva predov\u0161etk\u00fdm v projektoch s doskami na \u00farovni ter\u00e9nu, prefabrik\u00e1toch a naklonen\u00fdch kon\u0161trukci\u00e1ch a zabezpe\u010duje rovnomern\u00e9 pokrytie bet\u00f3nom, ktor\u00e9 je nevyhnutn\u00e9 pre pevnos\u0165 a dlh\u00fa \u017eivotnos\u0165 kon\u0161trukcie. Jeho priebe\u017en\u00fd podporn\u00fd syst\u00e9m zabra\u0148uje preh\u00fdbaniu, \u010d\u00edm udr\u017eiava v\u00fdstu\u017e bezpe\u010dne na mieste po\u010das procesu liatia a vytvrdzovania.<\/p>\n<h2>K\u013e\u00fa\u010dov\u00e9 v\u00fdhody pou\u017e\u00edvania ponorn\u00fdch dosiek (SBD)<\/h2>\n<p>SBD zohr\u00e1va nezastupite\u013en\u00fa \u00falohu pri dosahovan\u00ed vynikaj\u00facich vlastnost\u00ed bet\u00f3nu. Jednou z jeho hlavn\u00fdch v\u00fdhod je odolnos\u0165 vo\u010di kor\u00f3zii a po\u0161kodeniu \u017eivotn\u00e9ho prostredia v\u010faka ponorn\u00e9mu n\u00e1teru. V\u010faka tejto dodato\u010dnej ochrannej vrstve je obzvl\u00e1\u0161\u0165 vhodn\u00e1 do vlhk\u00e9ho alebo chemicky agres\u00edvneho prostredia, kde sa \u0161tandardn\u00e1 oce\u013e bez povlaku m\u00f4\u017ee \u010dasom znehodnoti\u0165.<\/p>\n<p>\u010eal\u0161ou v\u00fdznamnou v\u00fdhodou je jeho schopnos\u0165 udr\u017eiava\u0165 konzistentn\u00fa polohu v\u00fdstu\u017ee. Spr\u00e1vne rozmiestnenie priamo ovplyv\u0148uje \u00fanosnos\u0165 bet\u00f3nu a odolnos\u0165 proti vzniku trhl\u00edn, v\u010faka \u010domu je SBD spo\u013eahlivou vo\u013ebou pre projekty vy\u017eaduj\u00face vysok\u00fa integritu kon\u0161trukcie. \u010ci u\u017e sa SBD pou\u017e\u00edva v komer\u010dn\u00fdch, obytn\u00fdch alebo priemyseln\u00fdch aplik\u00e1ci\u00e1ch, prispieva k rovnomernej hr\u00fabke bet\u00f3nu a zabra\u0148uje posunu po\u010das beton\u00e1\u017ee.<\/p>\n<h2>Aplik\u00e1cie ponorenia do dosky (SBD)<\/h2>\n<p>Doska Bolster Dipped je univerz\u00e1lna a \u0161iroko pou\u017e\u00edvan\u00e1 v r\u00f4znych stavebn\u00fdch projektoch. Je obzvl\u00e1\u0161\u0165 \u00fa\u010dinn\u00fd pri plo\u0161n\u00fdch pr\u00e1cach, ako s\u00fa dia\u013enice, mosty a z\u00e1klady budov, kde je rozhoduj\u00faca presn\u00e1 v\u00fd\u0161ka v\u00fdstu\u017ee. Prefabrik\u00e1ty sa tie\u017e spoliehaj\u00fa na SBD pri udr\u017eiavan\u00ed rovnomern\u00fdch rozstupov medzi vrstvami v\u00fdstu\u017ee, \u010d\u00edm sa zabezpe\u010duje konzistentn\u00e1 kvalita v\u00fdrobkov. Pri mont\u00e1\u017ei na klopen\u00e9 kon\u0161trukcie SBD pom\u00e1ha podopiera\u0165 panely pred ich zdvihnut\u00edm na miesto a zabezpe\u010duje stabilitu po\u010das celej f\u00e1zy vytvrdzovania.<\/p>\n<p>V\u010faka nam\u00e1\u010danej povrchovej \u00faprave je SBD vhodn\u00fd do prostredia vystaven\u00e9ho vlhkosti, rozmrazovac\u00edm soliam alebo agres\u00edvnym chemik\u00e1li\u00e1m. T\u00e1to vlastnos\u0165 z neho rob\u00ed preferovan\u00fa vo\u013ebu pre infra\u0161trukt\u00farne projekty, ako s\u00fa tunely, parkovacie \u0161trukt\u00fary a n\u00e1morn\u00e9 aplik\u00e1cie, kde je prioritou odolnos\u0165 vo\u010di kor\u00f3zii.<\/p>\n<h2>Pre\u010do si vybra\u0165 Qingdao H&amp;F pre svoje potreby v tvare dosky?<\/h2>\n<p>Ako d\u00f4veryhodn\u00e1 obchodn\u00e1 spolo\u010dnos\u0165 sa spolo\u010dnos\u0165 Qingdao H&amp;F venuje poskytovaniu vysokokvalitn\u00e9ho bet\u00f3nov\u00e9ho pr\u00edslu\u0161enstva s bezkonkuren\u010dnou z\u00e1kazn\u00edckou podporou. V tomto odvetv\u00ed vynik\u00e1me individu\u00e1lnym z\u00e1kazn\u00edckym servisom, v\u010faka ktor\u00e9mu ka\u017ed\u00fd klient dostane rie\u0161enia \u0161it\u00e9 na mieru, ktor\u00e9 zodpovedaj\u00fa jeho \u0161pecifick\u00fdm po\u017eiadavk\u00e1m projektu. Na\u0161e r\u00fdchle dodacie cykly znamenaj\u00fa, \u017ee dostanete potrebn\u00e9 materi\u00e1ly bez zbyto\u010dn\u00fdch oneskoren\u00ed, v\u010faka \u010domu sa va\u0161e projekty bud\u00fa realizova\u0165 pod\u013ea pl\u00e1nu a v r\u00e1mci rozpo\u010dtu.<\/p>\n<p>Zabezpe\u010denie kvality je pre n\u00e1s najvy\u0161\u0161ou prioritou. Poskytujeme komplexn\u00e9 kontroln\u00e9 spr\u00e1vy vr\u00e1tane certifik\u00e1tov materi\u00e1lov a \u00fadajov o v\u00fdkonnostn\u00fdch testoch, aby ste si mohli by\u0165 ist\u00ed spo\u013eahlivos\u0165ou na\u0161ich v\u00fdrobkov. Okrem toho pon\u00fakame konkurencieschopn\u00e9 ceny bez kompromisov v kvalite, v\u010faka \u010domu sme cenovo v\u00fdhodnou vo\u013ebou pre dod\u00e1vate\u013eov a zhotovite\u013eov, ktor\u00ed h\u013eadaj\u00fa spo\u013eahliv\u00e9 pr\u00edslu\u0161enstvo pre bet\u00f3nov\u00e9 tvarovky.<\/p>\n<p>Spolo\u010dnos\u0165 Qingdao H&amp;F, ktor\u00e1 sa v\u00fdrazne zaviazala k dokonalosti a spokojnosti z\u00e1kazn\u00edkov, je va\u0161\u00edm partnerom v oblasti ponoren\u00fdch dosiek a in\u00fdch rie\u0161en\u00ed na vystu\u017eenie. Kontaktujte n\u00e1s e\u0161te dnes a dozviete sa viac o tom, ako m\u00f4\u017eeme podpori\u0165 va\u0161e stavebn\u00e9 projekty \u0161pi\u010dkov\u00fdmi v\u00fdrobkami a v\u00fdnimo\u010dn\u00fdmi slu\u017ebami.<\/p>","protected":false},"excerpt":{"rendered":"<p data-pm-slice=\"1 1 []\">Slab Bolster Dipped (SBD) je z\u00e1kladn\u00fdm pr\u00edslu\u0161enstvom pre beton\u00e1rsku v\u00fdstu\u017e, ktor\u00e9 zabezpe\u010duje presn\u00e9 umiestnenie v\u00fdstu\u017ee a optim\u00e1lnu integritu kon\u0161trukcie. SBD s povrchovou \u00fapravou pon\u00e1ran\u00edm pre vynikaj\u00facu odolnos\u0165 proti kor\u00f3zii poskytuje spo\u013eahliv\u00fa podporu pre aplik\u00e1cie s doskami na \u00farovni ter\u00e9nu, prefabrik\u00e1ty a naklonen\u00e9 kon\u0161trukcie. V spolo\u010dnosti Qingdao H&amp;F zaru\u010dujeme prvotriednu kvalitu s r\u00f4znymi kontroln\u00fdmi spr\u00e1vami, r\u00fdchlymi dodac\u00edmi cyklami a \u0161pecializovan\u00fdm individu\u00e1lnym z\u00e1kazn\u00edckym servisom, ktor\u00fd v\u00e1m u\u013eah\u010d\u00ed n\u00e1kup. Na\u0161e konkuren\u010dn\u00e9 ceny a z\u00e1v\u00e4zok k dokonalosti z n\u00e1s robia d\u00f4veryhodn\u00e9ho partnera pre v\u0161etky va\u0161e stavebn\u00e9 potreby.<\/p>","protected":false},"featured_media":8004,"comment_status":"open","ping_status":"closed","template":"","meta":{"site-sidebar-layout":"default","site-content-layout":"default","ast-site-content-layout":"default","site-content-style":"default","site-sidebar-style":"default","ast-global-header-display":"","ast-banner-title-visibility":"","ast-main-header-display":"","ast-hfb-above-header-display":"","ast-hfb-below-header-display":"","ast-hfb-mobile-header-display":"","site-post-title":"","ast-breadcrumbs-content":"","ast-featured-img":"","footer-sml-layout":"","theme-transparent-header-meta":"default","adv-header-id-meta":"","stick-header-meta":"default","header-above-stick-meta":"","header-main-stick-meta":"","header-below-stick-meta":"","astra-migrate-meta-layouts":"set","ast-page-background-enabled":"default","ast-page-background-meta":{"desktop":{"background-color":"","background-image":"","background-repeat":"repeat","background-position":"center center","background-size":"auto","background-attachment":"scroll","background-type":"","background-media":"","overlay-type":"","overlay-color":"","overlay-opacity":"","overlay-gradient":""},"tablet":{"background-color":"","background-image":"","background-repeat":"repeat","background-position":"center center","background-size":"auto","background-attachment":"scroll","background-type":"","background-media":"","overlay-type":"","overlay-color":"","overlay-opacity":"","overlay-gradient":""},"mobile":{"background-color":"","background-image":"","background-repeat":"repeat","background-position":"center center","background-size":"auto","background-attachment":"scroll","background-type":"","background-media":"","overlay-type":"","overlay-color":"","overlay-opacity":"","overlay-gradient":""}},"ast-content-background-meta":{"desktop":{"background-color":"var(--ast-global-color-5)","background-image":"","background-repeat":"repeat","background-position":"center center","background-size":"auto","background-attachment":"scroll","background-type":"","background-media":"","overlay-type":"","overlay-color":"","overlay-opacity":"","overlay-gradient":""},"tablet":{"background-color":"var(--ast-global-color-5)","background-image":"","background-repeat":"repeat","background-position":"center center","background-size":"auto","background-attachment":"scroll","background-type":"","background-media":"","overlay-type":"","overlay-color":"","overlay-opacity":"","overlay-gradient":""},"mobile":{"background-color":"var(--ast-global-color-5)","background-image":"","background-repeat":"repeat","background-position":"center center","background-size":"auto","background-attachment":"scroll","background-type":"","background-media":"","overlay-type":"","overlay-color":"","overlay-opacity":"","overlay-gradient":""}}},"product_brand":[],"product_cat":[35],"product_tag":[],"class_list":{"0":"post-2312","1":"product","2":"type-product","3":"status-publish","4":"has-post-thumbnail","6":"product_cat-concrete-rebar-support","7":"desktop-align-left","8":"tablet-align-left","9":"mobile-align-left","10":"ast-product-gallery-layout-horizontal-slider","11":"ast-product-tabs-layout-horizontal","13":"first","14":"instock","15":"shipping-taxable","16":"purchasable","17":"product-type-simple"},"yoast_head":"<!-- This site is optimized with the Yoast SEO plugin v25.2 - https:\/\/yoast.com\/wordpress\/plugins\/seo\/ -->\n<title>Slab Bolster Dipped SBD<\/title>\n<meta name=\"description\" content=\"Slab Bolster Dipped (SBD) is an essential accessory for concrete reinforcement, ensuring precise rebar placement and optimal structural integrity.\" \/>\n<meta name=\"robots\" content=\"index, follow, max-snippet:-1, max-image-preview:large, max-video-preview:-1\" \/>\n<link rel=\"canonical\" href=\"https:\/\/qingdaohf.com\/sk\/produkt\/doska-podpera-ponorena\/\" \/>\n<meta property=\"og:locale\" content=\"sk_SK\" \/>\n<meta property=\"og:type\" content=\"article\" \/>\n<meta property=\"og:title\" content=\"Slab Bolster Dipped SBD\" \/>\n<meta property=\"og:description\" content=\"Slab Bolster Dipped (SBD) is an essential accessory for concrete reinforcement, ensuring precise rebar placement and optimal structural integrity.\" \/>\n<meta property=\"og:url\" content=\"https:\/\/qingdaohf.com\/sk\/produkt\/doska-podpera-ponorena\/\" \/>\n<meta property=\"og:site_name\" content=\"Concrete Form &amp; Rigging Hardware Supplier\" \/>\n<meta property=\"article:publisher\" content=\"https:\/\/www.facebook.com\/qingdaohf\" \/>\n<meta property=\"article:modified_time\" content=\"2025-11-13T01:06:16+00:00\" \/>\n<meta property=\"og:image\" content=\"https:\/\/qingdaohf.com\/wp-content\/uploads\/2023\/02\/Slab-Bolster-Dipped-1-1.jpg\" \/>\n\t<meta property=\"og:image:width\" content=\"1000\" \/>\n\t<meta property=\"og:image:height\" content=\"1000\" \/>\n\t<meta property=\"og:image:type\" content=\"image\/jpeg\" \/>\n<meta name=\"twitter:card\" content=\"summary_large_image\" \/>\n<meta name=\"twitter:label1\" content=\"Predpokladan\u00fd \u010das \u010d\u00edtania\" \/>\n\t<meta name=\"twitter:data1\" content=\"3 min\u00faty\" \/>\n<script type=\"application\/ld+json\" class=\"yoast-schema-graph\">{\"@context\":\"https:\/\/schema.org\",\"@graph\":[{\"@type\":\"WebPage\",\"@id\":\"https:\/\/qingdaohf.com\/product\/slab-bolster-dipped\/\",\"url\":\"https:\/\/qingdaohf.com\/product\/slab-bolster-dipped\/\",\"name\":\"Slab Bolster Dipped SBD\",\"isPartOf\":{\"@id\":\"https:\/\/qingdaohf.com\/bg\/#website\"},\"primaryImageOfPage\":{\"@id\":\"https:\/\/qingdaohf.com\/product\/slab-bolster-dipped\/#primaryimage\"},\"image\":{\"@id\":\"https:\/\/qingdaohf.com\/product\/slab-bolster-dipped\/#primaryimage\"},\"thumbnailUrl\":\"https:\/\/qingdaohf.com\/wp-content\/uploads\/2023\/02\/Slab-Bolster-Dipped-1-1.jpg\",\"datePublished\":\"2023-02-21T09:34:53+00:00\",\"dateModified\":\"2025-11-13T01:06:16+00:00\",\"description\":\"Slab Bolster Dipped (SBD) is an essential accessory for concrete reinforcement, ensuring precise rebar placement and optimal structural integrity.\",\"breadcrumb\":{\"@id\":\"https:\/\/qingdaohf.com\/product\/slab-bolster-dipped\/#breadcrumb\"},\"inLanguage\":\"sk-SK\",\"potentialAction\":[{\"@type\":\"ReadAction\",\"target\":[\"https:\/\/qingdaohf.com\/product\/slab-bolster-dipped\/\"]}]},{\"@type\":\"ImageObject\",\"inLanguage\":\"sk-SK\",\"@id\":\"https:\/\/qingdaohf.com\/product\/slab-bolster-dipped\/#primaryimage\",\"url\":\"https:\/\/qingdaohf.com\/wp-content\/uploads\/2023\/02\/Slab-Bolster-Dipped-1-1.jpg\",\"contentUrl\":\"https:\/\/qingdaohf.com\/wp-content\/uploads\/2023\/02\/Slab-Bolster-Dipped-1-1.jpg\",\"width\":1000,\"height\":1000,\"caption\":\"Slab Bolster Dipped\"},{\"@type\":\"BreadcrumbList\",\"@id\":\"https:\/\/qingdaohf.com\/product\/slab-bolster-dipped\/#breadcrumb\",\"itemListElement\":[{\"@type\":\"ListItem\",\"position\":1,\"name\":\"Home\",\"item\":\"https:\/\/qingdaohf.com\/\"},{\"@type\":\"ListItem\",\"position\":2,\"name\":\"Concrete Forming Accessories and Rigging Hardware\",\"item\":\"https:\/\/qingdaohf.com\/bg\/?page_id=944\"},{\"@type\":\"ListItem\",\"position\":3,\"name\":\"Slab Bolster Dipped SBD\"}]},{\"@type\":\"WebSite\",\"@id\":\"https:\/\/qingdaohf.com\/bg\/#website\",\"url\":\"https:\/\/qingdaohf.com\/bg\/\",\"name\":\"Concrete Form & Rigging Hardware Supplier\",\"description\":\"\",\"publisher\":{\"@id\":\"https:\/\/qingdaohf.com\/bg\/#organization\"},\"potentialAction\":[{\"@type\":\"SearchAction\",\"target\":{\"@type\":\"EntryPoint\",\"urlTemplate\":\"https:\/\/qingdaohf.com\/bg\/?s={search_term_string}\"},\"query-input\":{\"@type\":\"PropertyValueSpecification\",\"valueRequired\":true,\"valueName\":\"search_term_string\"}}],\"inLanguage\":\"sk-SK\"},{\"@type\":\"Organization\",\"@id\":\"https:\/\/qingdaohf.com\/bg\/#organization\",\"name\":\"Qingdao H&F\",\"url\":\"https:\/\/qingdaohf.com\/bg\/\",\"logo\":{\"@type\":\"ImageObject\",\"inLanguage\":\"sk-SK\",\"@id\":\"https:\/\/qingdaohf.com\/bg\/#\/schema\/logo\/image\/\",\"url\":\"https:\/\/qingdaohf.com\/wp-content\/uploads\/2022\/12\/cropped-HF-LOGO.png\",\"contentUrl\":\"https:\/\/qingdaohf.com\/wp-content\/uploads\/2022\/12\/cropped-HF-LOGO.png\",\"width\":391,\"height\":249,\"caption\":\"Qingdao H&F\"},\"image\":{\"@id\":\"https:\/\/qingdaohf.com\/bg\/#\/schema\/logo\/image\/\"},\"sameAs\":[\"https:\/\/www.facebook.com\/qingdaohf\"]}]}<\/script>\n<!-- \/ Yoast SEO plugin. -->","yoast_head_json":{"title":"Slab Bolster Dipped SBD","description":"Slab Bolster Dipped (SBD) is an essential accessory for concrete reinforcement, ensuring precise rebar placement and optimal structural integrity.","robots":{"index":"index","follow":"follow","max-snippet":"max-snippet:-1","max-image-preview":"max-image-preview:large","max-video-preview":"max-video-preview:-1"},"canonical":"https:\/\/qingdaohf.com\/sk\/produkt\/doska-podpera-ponorena\/","og_locale":"sk_SK","og_type":"article","og_title":"Slab Bolster Dipped SBD","og_description":"Slab Bolster Dipped (SBD) is an essential accessory for concrete reinforcement, ensuring precise rebar placement and optimal structural integrity.","og_url":"https:\/\/qingdaohf.com\/sk\/produkt\/doska-podpera-ponorena\/","og_site_name":"Concrete Form &amp; Rigging Hardware Supplier","article_publisher":"https:\/\/www.facebook.com\/qingdaohf","article_modified_time":"2025-11-13T01:06:16+00:00","og_image":[{"width":1000,"height":1000,"url":"https:\/\/qingdaohf.com\/wp-content\/uploads\/2023\/02\/Slab-Bolster-Dipped-1-1.jpg","type":"image\/jpeg"}],"twitter_card":"summary_large_image","twitter_misc":{"Predpokladan\u00fd \u010das \u010d\u00edtania":"3 min\u00faty"},"schema":{"@context":"https:\/\/schema.org","@graph":[{"@type":"WebPage","@id":"https:\/\/qingdaohf.com\/product\/slab-bolster-dipped\/","url":"https:\/\/qingdaohf.com\/product\/slab-bolster-dipped\/","name":"Slab Bolster Dipped SBD","isPartOf":{"@id":"https:\/\/qingdaohf.com\/bg\/#website"},"primaryImageOfPage":{"@id":"https:\/\/qingdaohf.com\/product\/slab-bolster-dipped\/#primaryimage"},"image":{"@id":"https:\/\/qingdaohf.com\/product\/slab-bolster-dipped\/#primaryimage"},"thumbnailUrl":"https:\/\/qingdaohf.com\/wp-content\/uploads\/2023\/02\/Slab-Bolster-Dipped-1-1.jpg","datePublished":"2023-02-21T09:34:53+00:00","dateModified":"2025-11-13T01:06:16+00:00","description":"Slab Bolster Dipped (SBD) is an essential accessory for concrete reinforcement, ensuring precise rebar placement and optimal structural integrity.","breadcrumb":{"@id":"https:\/\/qingdaohf.com\/product\/slab-bolster-dipped\/#breadcrumb"},"inLanguage":"sk-SK","potentialAction":[{"@type":"ReadAction","target":["https:\/\/qingdaohf.com\/product\/slab-bolster-dipped\/"]}]},{"@type":"ImageObject","inLanguage":"sk-SK","@id":"https:\/\/qingdaohf.com\/product\/slab-bolster-dipped\/#primaryimage","url":"https:\/\/qingdaohf.com\/wp-content\/uploads\/2023\/02\/Slab-Bolster-Dipped-1-1.jpg","contentUrl":"https:\/\/qingdaohf.com\/wp-content\/uploads\/2023\/02\/Slab-Bolster-Dipped-1-1.jpg","width":1000,"height":1000,"caption":"Slab Bolster Dipped"},{"@type":"BreadcrumbList","@id":"https:\/\/qingdaohf.com\/product\/slab-bolster-dipped\/#breadcrumb","itemListElement":[{"@type":"ListItem","position":1,"name":"Home","item":"https:\/\/qingdaohf.com\/"},{"@type":"ListItem","position":2,"name":"Concrete Forming Accessories and Rigging Hardware","item":"https:\/\/qingdaohf.com\/bg\/?page_id=944"},{"@type":"ListItem","position":3,"name":"Slab Bolster Dipped SBD"}]},{"@type":"WebSite","@id":"https:\/\/qingdaohf.com\/bg\/#website","url":"https:\/\/qingdaohf.com\/bg\/","name":"Concrete Form & Rigging Hardware Supplier","description":"","publisher":{"@id":"https:\/\/qingdaohf.com\/bg\/#organization"},"potentialAction":[{"@type":"SearchAction","target":{"@type":"EntryPoint","urlTemplate":"https:\/\/qingdaohf.com\/bg\/?s={search_term_string}"},"query-input":{"@type":"PropertyValueSpecification","valueRequired":true,"valueName":"search_term_string"}}],"inLanguage":"sk-SK"},{"@type":"Organization","@id":"https:\/\/qingdaohf.com\/bg\/#organization","name":"Qingdao H&F","url":"https:\/\/qingdaohf.com\/bg\/","logo":{"@type":"ImageObject","inLanguage":"sk-SK","@id":"https:\/\/qingdaohf.com\/bg\/#\/schema\/logo\/image\/","url":"https:\/\/qingdaohf.com\/wp-content\/uploads\/2022\/12\/cropped-HF-LOGO.png","contentUrl":"https:\/\/qingdaohf.com\/wp-content\/uploads\/2022\/12\/cropped-HF-LOGO.png","width":391,"height":249,"caption":"Qingdao H&F"},"image":{"@id":"https:\/\/qingdaohf.com\/bg\/#\/schema\/logo\/image\/"},"sameAs":["https:\/\/www.facebook.com\/qingdaohf"]}]}},"_links":{"self":[{"href":"https:\/\/qingdaohf.com\/sk\/wp-json\/wp\/v2\/product\/2312","targetHints":{"allow":["GET"]}}],"collection":[{"href":"https:\/\/qingdaohf.com\/sk\/wp-json\/wp\/v2\/product"}],"about":[{"href":"https:\/\/qingdaohf.com\/sk\/wp-json\/wp\/v2\/types\/product"}],"replies":[{"embeddable":true,"href":"https:\/\/qingdaohf.com\/sk\/wp-json\/wp\/v2\/comments?post=2312"}],"version-history":[{"count":11,"href":"https:\/\/qingdaohf.com\/sk\/wp-json\/wp\/v2\/product\/2312\/revisions"}],"predecessor-version":[{"id":10248,"href":"https:\/\/qingdaohf.com\/sk\/wp-json\/wp\/v2\/product\/2312\/revisions\/10248"}],"wp:featuredmedia":[{"embeddable":true,"href":"https:\/\/qingdaohf.com\/sk\/wp-json\/wp\/v2\/media\/8004"}],"wp:attachment":[{"href":"https:\/\/qingdaohf.com\/sk\/wp-json\/wp\/v2\/media?parent=2312"}],"wp:term":[{"taxonomy":"product_brand","embeddable":true,"href":"https:\/\/qingdaohf.com\/sk\/wp-json\/wp\/v2\/product_brand?post=2312"},{"taxonomy":"product_cat","embeddable":true,"href":"https:\/\/qingdaohf.com\/sk\/wp-json\/wp\/v2\/product_cat?post=2312"},{"taxonomy":"product_tag","embeddable":true,"href":"https:\/\/qingdaohf.com\/sk\/wp-json\/wp\/v2\/product_tag?post=2312"}],"curies":[{"name":"wp","href":"https:\/\/api.w.org\/{rel}","templated":true}]}}