{"id":2316,"date":"2023-02-22T10:23:19","date_gmt":"2023-02-22T02:23:19","guid":{"rendered":"http:\/\/qingdaohf.com\/?post_type=product&#038;p=2316"},"modified":"2025-11-13T09:06:16","modified_gmt":"2025-11-13T01:06:16","slug":"lifting-clutch","status":"publish","type":"product","link":"https:\/\/qingdaohf.com\/sk\/produkt\/zdvihacia-spojka\/","title":{"rendered":"Zdv\u00edhacia spojka bet\u00f3nu | Kr\u00fa\u017eok pre bet\u00f3nov\u00e9 prefabrik\u00e1ty"},"content":{"rendered":"<div class=\"ast-oembed-container\" style=\"height: 100%;\"><iframe title=\"Zdv\u00edhac\u00ed syst\u00e9m Zdv\u00edhacia spojka Prstencov\u00e1 spojka\" width=\"500\" height=\"375\" src=\"https:\/\/www.youtube.com\/embed\/2t3mD7-W5ng?feature=oembed\" frameborder=\"0\" allow=\"accelerometer; autoplay; clipboard-write; encrypted-media; gyroscope; picture-in-picture; web-share\" referrerpolicy=\"strict-origin-when-cross-origin\" allowfullscreen><\/iframe><\/div>\n<p>Zdv\u00edhacia spojka je navrhnut\u00e1 tak, aby rovnomerne rozde\u013eovala za\u0165a\u017eenie na viacero bodov, \u010d\u00edm sa zni\u017euje za\u0165a\u017eenie jedn\u00e9ho bodu a minimalizuje riziko sk\u013aznutia alebo nevyv\u00e1\u017eenosti bremena po\u010das zdv\u00edhania. To z nej rob\u00ed z\u00e1kladn\u00fd n\u00e1stroj na zdv\u00edhanie \u0165a\u017ek\u00fdch a objemn\u00fdch predmetov, ako s\u00fa prefabrikovan\u00e9 bet\u00f3nov\u00e9 panely, oce\u013eov\u00e9 nosn\u00edky a strojn\u00e9 zariadenia.<\/p>\n<p>Zdv\u00edhacie spojky sa dod\u00e1vaj\u00fa v r\u00f4znych ve\u013ekostiach a hmotnostn\u00fdch kapacit\u00e1ch, aby vyhovovali r\u00f4znym po\u017eiadavk\u00e1m na za\u0165a\u017eenie. \u010casto s\u00fa vyroben\u00e9 z vysokopevnostnej ocele, aby vydr\u017eali nam\u00e1hanie pri zdv\u00edhan\u00ed \u0165a\u017ek\u00fdch bremien, a s\u00fa navrhnut\u00e9 tak, aby sp\u013a\u0148ali medzin\u00e1rodn\u00e9 bezpe\u010dnostn\u00e9 normy.<\/p>\n<h3 class=\"wp-block-heading has-medium-font-size\"><strong>Materi\u00e1l a kon\u0161trukcia:<\/strong><\/h3>\n<p>Prefabrikovan\u00e9 zdv\u00edhacie spojky s\u00fa zvy\u010dajne vyroben\u00e9 z vysokopevnostnej ocele, aby vydr\u017eali n\u00e1ro\u010dn\u00e9 podmienky pri zdv\u00edhan\u00ed \u0165a\u017ek\u00fdch bremien. Oce\u013eov\u00e1 kon\u0161trukcia zaru\u010duje odolnos\u0165 a spo\u013eahlivos\u0165, v\u010faka \u010domu s\u00fa vhodn\u00e9 na pou\u017eitie v r\u00f4znych stavebn\u00fdch prostrediach. Spojky s\u00fa skon\u0161truovan\u00e9 tak, aby sp\u013a\u0148ali \u0161pecifick\u00e9 nosnosti, \u010do zabezpe\u010duje, \u017ee dok\u00e1\u017eu bezpe\u010dne zdv\u00edha\u0165 a prepravova\u0165 bet\u00f3nov\u00e9 prefabrik\u00e1ty r\u00f4znych ve\u013ekost\u00ed a hmotnost\u00ed.<\/p>\n<h3 class=\"wp-block-heading has-medium-font-size\"><strong>Dizajn a funk\u010dnos\u0165:<\/strong><\/h3>\n<p>Kon\u0161trukcia prefabrikovan\u00fdch zdv\u00edhac\u00edch spojok sa vyzna\u010duje robustnou a kompaktnou kon\u0161trukciou s h\u00e1kov\u00fdm alebo slu\u010dkov\u00fdm mechanizmom, ktor\u00fd sa bezpe\u010dne pripev\u0148uje k zdv\u00edhac\u00edm kotv\u00e1m zabudovan\u00fdm v bet\u00f3nov\u00fdch prefabrik\u00e1toch. Toto upevnenie zabezpe\u010duje stabiln\u00e9 spojenie medzi zdv\u00edhacou spojkou a bet\u00f3nov\u00fdm prvkom, \u010do umo\u017e\u0148uje bezpe\u010dn\u00e9 zdv\u00edhanie a manipul\u00e1ciu.<\/p>\n<h3 class=\"wp-block-heading has-medium-font-size\"><strong>Scen\u00e1re pou\u017eitia:<\/strong><\/h3>\n<p>Prefabrikovan\u00e9 zdv\u00edhacie spojky sa \u0161iroko pou\u017e\u00edvaj\u00fa v r\u00f4znych stavebn\u00fdch aplik\u00e1ci\u00e1ch vr\u00e1tane:<\/p>\n<p><strong>V\u00fdrobne bet\u00f3nov\u00fdch prefabrik\u00e1tov:<\/strong>\u00a0Zdv\u00edhacie spojky sa pou\u017e\u00edvaj\u00fa po\u010das v\u00fdrobn\u00e9ho procesu na zdv\u00edhanie a prepravu bet\u00f3nov\u00fdch prefabrik\u00e1tov vo v\u00fdrobnom z\u00e1vode.<\/p>\n<p><strong>Stavenisk\u00e1:<\/strong>\u00a0Zdv\u00edhacie spojky s\u00fa nevyhnutn\u00e9 na zdv\u00edhanie a in\u0161tal\u00e1ciu prefabrikovan\u00fdch bet\u00f3nov\u00fdch prvkov na stavb\u00e1ch vr\u00e1tane budov, mostov, parkovac\u00edch \u0161trukt\u00far a projektov infra\u0161trukt\u00fary.<\/p>\n<p><strong>Projekty moderniz\u00e1cie a renov\u00e1cie:<\/strong>\u00a0Zdv\u00edhacie spojky sa pou\u017e\u00edvaj\u00fa aj pri projektoch moderniz\u00e1cie a renov\u00e1cie, ktor\u00e9 zah\u0155\u0148aj\u00fa in\u0161tal\u00e1ciu prefabrikovan\u00fdch bet\u00f3nov\u00fdch komponentov do existuj\u00facich kon\u0161trukci\u00ed.<\/p>\n<h3 class=\"wp-block-heading has-medium-font-size\"><strong>V\u00fdhody pou\u017e\u00edvania prefabrikovan\u00fdch zdv\u00edhac\u00edch spojok:<\/strong><\/h3>\n<p><strong>Bezpe\u010dnos\u0165:<\/strong>\u00a0Prefabrikovan\u00e9 zdv\u00edhacie spojky s\u00fa navrhnut\u00e9 tak, aby zabezpe\u010dili bezpe\u010dn\u00e9 pripevnenie k prefabrikovan\u00fdm bet\u00f3nov\u00fdm prvkom a minimalizovali riziko neh\u00f4d alebo ne\u0161\u0165astn\u00fdch n\u00e1hod po\u010das zdv\u00edhac\u00edch oper\u00e1ci\u00ed.<\/p>\n<p><strong>\u00da\u010dinnos\u0165:<\/strong>\u00a0Pou\u017eitie zdv\u00edhac\u00edch spojok zefekt\u00edv\u0148uje proces zdv\u00edhania a manipul\u00e1cie, \u010do umo\u017e\u0148uje r\u00fdchlej\u0161iu a efekt\u00edvnej\u0161iu mont\u00e1\u017e bet\u00f3nov\u00fdch prefabrik\u00e1tov.<\/p>\n<p><strong>V\u0161estrannos\u0165:<\/strong>\u00a0Prefabrikovan\u00e9 zdv\u00edhacie spojky s\u00fa kompatibiln\u00e9 s r\u00f4znymi typmi zdv\u00edhac\u00edch zariaden\u00ed vr\u00e1tane \u017eeriavov, kladkostrojov a vysokozdvi\u017en\u00fdch voz\u00edkov, v\u010faka \u010domu s\u00fa vhodn\u00e9 pre \u0161irok\u00fa \u0161k\u00e1lu stavebn\u00fdch aplik\u00e1ci\u00ed.<\/p>\n<p><strong>N\u00e1kladov\u00e1 efekt\u00edvnos\u0165:<\/strong>\u00a0V\u010faka r\u00fdchlej\u0161ej mont\u00e1\u017ei a minimaliz\u00e1cii potreby manu\u00e1lnej pr\u00e1ce pom\u00e1haj\u00fa prefabrikovan\u00e9 zdv\u00edhacie spojky zn\u00ed\u017ei\u0165 celkov\u00e9 n\u00e1klady na projekt.<\/p>","protected":false},"excerpt":{"rendered":"<p>Zdv\u00edhacia spojka alebo zdv\u00edhac\u00ed prstenec je n\u00e1stroj, ktor\u00fd sa pou\u017e\u00edva v zdv\u00edhac\u00edch syst\u00e9moch na bezpe\u010dn\u00e9 a efekt\u00edvne pripevnenie a zdv\u00edhanie \u0165a\u017ek\u00fdch bremien. Pozost\u00e1va z kovov\u00e9ho kr\u00fa\u017eku alebo s\u00fapravy h\u00e1kov, ktor\u00e9 mo\u017eno pripevni\u0165 k bremenu a pripoji\u0165 k zdv\u00edhaciemu zariadeniu, ako je \u017eeriav alebo kladkostroj.<\/p>","protected":false},"featured_media":3188,"comment_status":"open","ping_status":"closed","template":"","meta":{"site-sidebar-layout":"default","site-content-layout":"default","ast-site-content-layout":"default","site-content-style":"default","site-sidebar-style":"default","ast-global-header-display":"","ast-banner-title-visibility":"","ast-main-header-display":"","ast-hfb-above-header-display":"","ast-hfb-below-header-display":"","ast-hfb-mobile-header-display":"","site-post-title":"","ast-breadcrumbs-content":"","ast-featured-img":"","footer-sml-layout":"","theme-transparent-header-meta":"default","adv-header-id-meta":"","stick-header-meta":"default","header-above-stick-meta":"","header-main-stick-meta":"","header-below-stick-meta":"","astra-migrate-meta-layouts":"set","ast-page-background-enabled":"default","ast-page-background-meta":{"desktop":{"background-color":"","background-image":"","background-repeat":"repeat","background-position":"center center","background-size":"auto","background-attachment":"scroll","background-type":"","background-media":"","overlay-type":"","overlay-color":"","overlay-opacity":"","overlay-gradient":""},"tablet":{"background-color":"","background-image":"","background-repeat":"repeat","background-position":"center center","background-size":"auto","background-attachment":"scroll","background-type":"","background-media":"","overlay-type":"","overlay-color":"","overlay-opacity":"","overlay-gradient":""},"mobile":{"background-color":"","background-image":"","background-repeat":"repeat","background-position":"center center","background-size":"auto","background-attachment":"scroll","background-type":"","background-media":"","overlay-type":"","overlay-color":"","overlay-opacity":"","overlay-gradient":""}},"ast-content-background-meta":{"desktop":{"background-color":"var(--ast-global-color-5)","background-image":"","background-repeat":"repeat","background-position":"center center","background-size":"auto","background-attachment":"scroll","background-type":"","background-media":"","overlay-type":"","overlay-color":"","overlay-opacity":"","overlay-gradient":""},"tablet":{"background-color":"var(--ast-global-color-5)","background-image":"","background-repeat":"repeat","background-position":"center center","background-size":"auto","background-attachment":"scroll","background-type":"","background-media":"","overlay-type":"","overlay-color":"","overlay-opacity":"","overlay-gradient":""},"mobile":{"background-color":"var(--ast-global-color-5)","background-image":"","background-repeat":"repeat","background-position":"center center","background-size":"auto","background-attachment":"scroll","background-type":"","background-media":"","overlay-type":"","overlay-color":"","overlay-opacity":"","overlay-gradient":""}}},"product_brand":[],"product_cat":[30],"product_tag":[],"class_list":{"0":"post-2316","1":"product","2":"type-product","3":"status-publish","4":"has-post-thumbnail","6":"product_cat-lifting-anchor","7":"desktop-align-left","8":"tablet-align-left","9":"mobile-align-left","10":"ast-product-gallery-layout-horizontal-slider","11":"ast-product-tabs-layout-horizontal","13":"first","14":"instock","15":"shipping-taxable","16":"purchasable","17":"product-type-simple"},"yoast_head":"<!-- This site is optimized with the Yoast SEO plugin v25.2 - https:\/\/yoast.com\/wordpress\/plugins\/seo\/ -->\n<title>Concrete Lifting Clutch | Ring for Precast Concrete<\/title>\n<meta name=\"description\" content=\"A Lifting Clutch or Ring Lifting is a tool used in lifting systems to attach and lift heavy loads safely and efficiently.\" \/>\n<meta name=\"robots\" content=\"index, follow, max-snippet:-1, max-image-preview:large, max-video-preview:-1\" \/>\n<link rel=\"canonical\" href=\"https:\/\/qingdaohf.com\/sk\/produkt\/zdvihacia-spojka\/\" \/>\n<meta property=\"og:locale\" content=\"sk_SK\" \/>\n<meta property=\"og:type\" content=\"article\" \/>\n<meta property=\"og:title\" content=\"Concrete Lifting Clutch | Ring for Precast Concrete\" \/>\n<meta property=\"og:description\" content=\"A Lifting Clutch or Ring Lifting is a tool used in lifting systems to attach and lift heavy loads safely and efficiently.\" \/>\n<meta property=\"og:url\" content=\"https:\/\/qingdaohf.com\/sk\/produkt\/zdvihacia-spojka\/\" \/>\n<meta property=\"og:site_name\" content=\"Concrete Form &amp; Rigging Hardware Supplier\" \/>\n<meta property=\"article:publisher\" content=\"https:\/\/www.facebook.com\/qingdaohf\" \/>\n<meta property=\"article:modified_time\" content=\"2025-11-13T01:06:16+00:00\" \/>\n<meta property=\"og:image\" content=\"https:\/\/qingdaohf.com\/wp-content\/uploads\/2023\/02\/Lifting-clutchring-lifting-2.jpg\" \/>\n\t<meta property=\"og:image:width\" content=\"1000\" \/>\n\t<meta property=\"og:image:height\" content=\"1000\" \/>\n\t<meta property=\"og:image:type\" content=\"image\/jpeg\" \/>\n<meta name=\"twitter:card\" content=\"summary_large_image\" \/>\n<meta name=\"twitter:label1\" content=\"Predpokladan\u00fd \u010das \u010d\u00edtania\" \/>\n\t<meta name=\"twitter:data1\" content=\"2 min\u00faty\" \/>\n<script type=\"application\/ld+json\" class=\"yoast-schema-graph\">{\"@context\":\"https:\/\/schema.org\",\"@graph\":[{\"@type\":\"WebPage\",\"@id\":\"https:\/\/qingdaohf.com\/product\/lifting-clutch\/\",\"url\":\"https:\/\/qingdaohf.com\/product\/lifting-clutch\/\",\"name\":\"Concrete Lifting Clutch | Ring for Precast Concrete\",\"isPartOf\":{\"@id\":\"https:\/\/qingdaohf.com\/bg\/#website\"},\"primaryImageOfPage\":{\"@id\":\"https:\/\/qingdaohf.com\/product\/lifting-clutch\/#primaryimage\"},\"image\":{\"@id\":\"https:\/\/qingdaohf.com\/product\/lifting-clutch\/#primaryimage\"},\"thumbnailUrl\":\"https:\/\/qingdaohf.com\/wp-content\/uploads\/2023\/02\/Lifting-clutchring-lifting-2.jpg\",\"datePublished\":\"2023-02-22T02:23:19+00:00\",\"dateModified\":\"2025-11-13T01:06:16+00:00\",\"description\":\"A Lifting Clutch or Ring Lifting is a tool used in lifting systems to attach and lift heavy loads safely and efficiently.\",\"breadcrumb\":{\"@id\":\"https:\/\/qingdaohf.com\/product\/lifting-clutch\/#breadcrumb\"},\"inLanguage\":\"sk-SK\",\"potentialAction\":[{\"@type\":\"ReadAction\",\"target\":[\"https:\/\/qingdaohf.com\/product\/lifting-clutch\/\"]}]},{\"@type\":\"ImageObject\",\"inLanguage\":\"sk-SK\",\"@id\":\"https:\/\/qingdaohf.com\/product\/lifting-clutch\/#primaryimage\",\"url\":\"https:\/\/qingdaohf.com\/wp-content\/uploads\/2023\/02\/Lifting-clutchring-lifting-2.jpg\",\"contentUrl\":\"https:\/\/qingdaohf.com\/wp-content\/uploads\/2023\/02\/Lifting-clutchring-lifting-2.jpg\",\"width\":1000,\"height\":1000,\"caption\":\"Lifting Clutch \\\\Ring Lifting\"},{\"@type\":\"BreadcrumbList\",\"@id\":\"https:\/\/qingdaohf.com\/product\/lifting-clutch\/#breadcrumb\",\"itemListElement\":[{\"@type\":\"ListItem\",\"position\":1,\"name\":\"Home\",\"item\":\"https:\/\/qingdaohf.com\/\"},{\"@type\":\"ListItem\",\"position\":2,\"name\":\"Concrete Forming Accessories and Rigging Hardware\",\"item\":\"https:\/\/qingdaohf.com\/bg\/?page_id=944\"},{\"@type\":\"ListItem\",\"position\":3,\"name\":\"Concrete Lifting Clutch | Ring for Precast Concrete\"}]},{\"@type\":\"WebSite\",\"@id\":\"https:\/\/qingdaohf.com\/bg\/#website\",\"url\":\"https:\/\/qingdaohf.com\/bg\/\",\"name\":\"Concrete Form & Rigging Hardware Supplier\",\"description\":\"\",\"publisher\":{\"@id\":\"https:\/\/qingdaohf.com\/bg\/#organization\"},\"potentialAction\":[{\"@type\":\"SearchAction\",\"target\":{\"@type\":\"EntryPoint\",\"urlTemplate\":\"https:\/\/qingdaohf.com\/bg\/?s={search_term_string}\"},\"query-input\":{\"@type\":\"PropertyValueSpecification\",\"valueRequired\":true,\"valueName\":\"search_term_string\"}}],\"inLanguage\":\"sk-SK\"},{\"@type\":\"Organization\",\"@id\":\"https:\/\/qingdaohf.com\/bg\/#organization\",\"name\":\"Qingdao H&F\",\"url\":\"https:\/\/qingdaohf.com\/bg\/\",\"logo\":{\"@type\":\"ImageObject\",\"inLanguage\":\"sk-SK\",\"@id\":\"https:\/\/qingdaohf.com\/bg\/#\/schema\/logo\/image\/\",\"url\":\"https:\/\/qingdaohf.com\/wp-content\/uploads\/2022\/12\/cropped-HF-LOGO.png\",\"contentUrl\":\"https:\/\/qingdaohf.com\/wp-content\/uploads\/2022\/12\/cropped-HF-LOGO.png\",\"width\":391,\"height\":249,\"caption\":\"Qingdao H&F\"},\"image\":{\"@id\":\"https:\/\/qingdaohf.com\/bg\/#\/schema\/logo\/image\/\"},\"sameAs\":[\"https:\/\/www.facebook.com\/qingdaohf\"]}]}<\/script>\n<!-- \/ Yoast SEO plugin. -->","yoast_head_json":{"title":"Concrete Lifting Clutch | Ring for Precast Concrete","description":"A Lifting Clutch or Ring Lifting is a tool used in lifting systems to attach and lift heavy loads safely and efficiently.","robots":{"index":"index","follow":"follow","max-snippet":"max-snippet:-1","max-image-preview":"max-image-preview:large","max-video-preview":"max-video-preview:-1"},"canonical":"https:\/\/qingdaohf.com\/sk\/produkt\/zdvihacia-spojka\/","og_locale":"sk_SK","og_type":"article","og_title":"Concrete Lifting Clutch | Ring for Precast Concrete","og_description":"A Lifting Clutch or Ring Lifting is a tool used in lifting systems to attach and lift heavy loads safely and efficiently.","og_url":"https:\/\/qingdaohf.com\/sk\/produkt\/zdvihacia-spojka\/","og_site_name":"Concrete Form &amp; Rigging Hardware Supplier","article_publisher":"https:\/\/www.facebook.com\/qingdaohf","article_modified_time":"2025-11-13T01:06:16+00:00","og_image":[{"width":1000,"height":1000,"url":"https:\/\/qingdaohf.com\/wp-content\/uploads\/2023\/02\/Lifting-clutchring-lifting-2.jpg","type":"image\/jpeg"}],"twitter_card":"summary_large_image","twitter_misc":{"Predpokladan\u00fd \u010das \u010d\u00edtania":"2 min\u00faty"},"schema":{"@context":"https:\/\/schema.org","@graph":[{"@type":"WebPage","@id":"https:\/\/qingdaohf.com\/product\/lifting-clutch\/","url":"https:\/\/qingdaohf.com\/product\/lifting-clutch\/","name":"Concrete Lifting Clutch | Ring for Precast Concrete","isPartOf":{"@id":"https:\/\/qingdaohf.com\/bg\/#website"},"primaryImageOfPage":{"@id":"https:\/\/qingdaohf.com\/product\/lifting-clutch\/#primaryimage"},"image":{"@id":"https:\/\/qingdaohf.com\/product\/lifting-clutch\/#primaryimage"},"thumbnailUrl":"https:\/\/qingdaohf.com\/wp-content\/uploads\/2023\/02\/Lifting-clutchring-lifting-2.jpg","datePublished":"2023-02-22T02:23:19+00:00","dateModified":"2025-11-13T01:06:16+00:00","description":"A Lifting Clutch or Ring Lifting is a tool used in lifting systems to attach and lift heavy loads safely and efficiently.","breadcrumb":{"@id":"https:\/\/qingdaohf.com\/product\/lifting-clutch\/#breadcrumb"},"inLanguage":"sk-SK","potentialAction":[{"@type":"ReadAction","target":["https:\/\/qingdaohf.com\/product\/lifting-clutch\/"]}]},{"@type":"ImageObject","inLanguage":"sk-SK","@id":"https:\/\/qingdaohf.com\/product\/lifting-clutch\/#primaryimage","url":"https:\/\/qingdaohf.com\/wp-content\/uploads\/2023\/02\/Lifting-clutchring-lifting-2.jpg","contentUrl":"https:\/\/qingdaohf.com\/wp-content\/uploads\/2023\/02\/Lifting-clutchring-lifting-2.jpg","width":1000,"height":1000,"caption":"Lifting Clutch \\Ring Lifting"},{"@type":"BreadcrumbList","@id":"https:\/\/qingdaohf.com\/product\/lifting-clutch\/#breadcrumb","itemListElement":[{"@type":"ListItem","position":1,"name":"Home","item":"https:\/\/qingdaohf.com\/"},{"@type":"ListItem","position":2,"name":"Concrete Forming Accessories and Rigging Hardware","item":"https:\/\/qingdaohf.com\/bg\/?page_id=944"},{"@type":"ListItem","position":3,"name":"Concrete Lifting Clutch | Ring for Precast Concrete"}]},{"@type":"WebSite","@id":"https:\/\/qingdaohf.com\/bg\/#website","url":"https:\/\/qingdaohf.com\/bg\/","name":"Concrete Form & Rigging Hardware Supplier","description":"","publisher":{"@id":"https:\/\/qingdaohf.com\/bg\/#organization"},"potentialAction":[{"@type":"SearchAction","target":{"@type":"EntryPoint","urlTemplate":"https:\/\/qingdaohf.com\/bg\/?s={search_term_string}"},"query-input":{"@type":"PropertyValueSpecification","valueRequired":true,"valueName":"search_term_string"}}],"inLanguage":"sk-SK"},{"@type":"Organization","@id":"https:\/\/qingdaohf.com\/bg\/#organization","name":"Qingdao H&F","url":"https:\/\/qingdaohf.com\/bg\/","logo":{"@type":"ImageObject","inLanguage":"sk-SK","@id":"https:\/\/qingdaohf.com\/bg\/#\/schema\/logo\/image\/","url":"https:\/\/qingdaohf.com\/wp-content\/uploads\/2022\/12\/cropped-HF-LOGO.png","contentUrl":"https:\/\/qingdaohf.com\/wp-content\/uploads\/2022\/12\/cropped-HF-LOGO.png","width":391,"height":249,"caption":"Qingdao H&F"},"image":{"@id":"https:\/\/qingdaohf.com\/bg\/#\/schema\/logo\/image\/"},"sameAs":["https:\/\/www.facebook.com\/qingdaohf"]}]}},"_links":{"self":[{"href":"https:\/\/qingdaohf.com\/sk\/wp-json\/wp\/v2\/product\/2316","targetHints":{"allow":["GET"]}}],"collection":[{"href":"https:\/\/qingdaohf.com\/sk\/wp-json\/wp\/v2\/product"}],"about":[{"href":"https:\/\/qingdaohf.com\/sk\/wp-json\/wp\/v2\/types\/product"}],"replies":[{"embeddable":true,"href":"https:\/\/qingdaohf.com\/sk\/wp-json\/wp\/v2\/comments?post=2316"}],"version-history":[{"count":5,"href":"https:\/\/qingdaohf.com\/sk\/wp-json\/wp\/v2\/product\/2316\/revisions"}],"predecessor-version":[{"id":10255,"href":"https:\/\/qingdaohf.com\/sk\/wp-json\/wp\/v2\/product\/2316\/revisions\/10255"}],"wp:featuredmedia":[{"embeddable":true,"href":"https:\/\/qingdaohf.com\/sk\/wp-json\/wp\/v2\/media\/3188"}],"wp:attachment":[{"href":"https:\/\/qingdaohf.com\/sk\/wp-json\/wp\/v2\/media?parent=2316"}],"wp:term":[{"taxonomy":"product_brand","embeddable":true,"href":"https:\/\/qingdaohf.com\/sk\/wp-json\/wp\/v2\/product_brand?post=2316"},{"taxonomy":"product_cat","embeddable":true,"href":"https:\/\/qingdaohf.com\/sk\/wp-json\/wp\/v2\/product_cat?post=2316"},{"taxonomy":"product_tag","embeddable":true,"href":"https:\/\/qingdaohf.com\/sk\/wp-json\/wp\/v2\/product_tag?post=2316"}],"curies":[{"name":"wp","href":"https:\/\/api.w.org\/{rel}","templated":true}]}}