{"id":2327,"date":"2023-02-23T11:03:22","date_gmt":"2023-02-23T03:03:22","guid":{"rendered":"http:\/\/qingdaohf.com\/?post_type=product&#038;p=2327"},"modified":"2025-11-13T09:06:15","modified_gmt":"2025-11-13T01:06:15","slug":"thread-insert","status":"publish","type":"product","link":"https:\/\/qingdaohf.com\/sk\/produkt\/zavitova-vlozka\/","title":{"rendered":"Vlo\u017eka na opravu z\u00e1vitov"},"content":{"rendered":"<p>Vlo\u017eky na opravu z\u00e1vitov s\u00fa be\u017ene zn\u00e1me aj ako z\u00e1vitov\u00e9 vlo\u017eky alebo vlo\u017eky so \u0161pir\u00e1lou. S\u00fa to valcov\u00e9 kovov\u00e9 komponenty, ktor\u00e9 sa pou\u017e\u00edvaj\u00fa na opravu alebo zosilnenie po\u0161koden\u00fdch z\u00e1vitov v r\u00f4znych materi\u00e1loch, ako je kov, plast alebo drevo.<\/p>\n<p>Vlo\u017eka na opravu z\u00e1vitov pozost\u00e1va zo \u0161pir\u00e1lovej cievky, ktor\u00e1 m\u00e1 vn\u00fatorn\u00fd a vonkaj\u0161\u00ed z\u00e1vit. Zvy\u010dajne je vyroben\u00e1 z nehrdzavej\u00facej ocele, mosadze alebo in\u00fdch odoln\u00fdch materi\u00e1lov. Vonkaj\u0161ie z\u00e1vity vlo\u017eky zodpovedaj\u00fa ve\u013ekosti a st\u00fapaniu po\u0161koden\u00fdch alebo strhnut\u00fdch z\u00e1vitov v z\u00e1kladnom materi\u00e1li. Vn\u00fatorn\u00e9 z\u00e1vity vlo\u017eky s\u00fa ur\u010den\u00e9 na prijatie spojovacieho prvku, ktor\u00fd sa pou\u017eije v opravovanom otvore.<\/p>\n<p>Vlo\u017eky na opravu z\u00e1vitov sa pou\u017e\u00edvaj\u00fa vtedy, ke\u010f s\u00fa p\u00f4vodn\u00e9 z\u00e1vity odizolovan\u00e9, opotrebovan\u00e9 alebo inak po\u0161koden\u00e9, \u010do znemo\u017e\u0148uje navle\u010denie skrutky do materi\u00e1lu. In\u0161tal\u00e1cia vlo\u017eky na opravu z\u00e1vitu je \u00fa\u010dinn\u00fdm rie\u0161en\u00edm na obnovenie pevnosti a integrity z\u00e1vitov\u00e9ho otvoru. Vlo\u017eka poskytuje nov\u00fd, odoln\u00fd a spo\u013eahliv\u00fd povrch z\u00e1vitu, na ktorom sa spojovac\u00ed prvok uchyt\u00ed, \u010d\u00edm sa zabezpe\u010d\u00ed bezpe\u010dn\u00e9 a dlhotrvaj\u00face spojenie.<\/p>\n<p><img fetchpriority=\"high\" decoding=\"async\" class=\"alignnone size-full wp-image-3229\" src=\"http:\/\/qingdaohf.com\/wp-content\/uploads\/2023\/02\/27-1.jpg\" alt=\"Vlo\u017eka na opravu z\u00e1vitov\" width=\"1200\" height=\"520\" srcset=\"https:\/\/qingdaohf.com\/wp-content\/uploads\/2023\/02\/27-1.jpg 1200w, https:\/\/qingdaohf.com\/wp-content\/uploads\/2023\/02\/27-1-300x130.jpg 300w, https:\/\/qingdaohf.com\/wp-content\/uploads\/2023\/02\/27-1-1024x444.jpg 1024w, https:\/\/qingdaohf.com\/wp-content\/uploads\/2023\/02\/27-1-768x333.jpg 768w, https:\/\/qingdaohf.com\/wp-content\/uploads\/2023\/02\/27-1-1000x433.jpg 1000w\" sizes=\"(max-width: 1200px) 100vw, 1200px\" \/><\/p>\n<p>&nbsp;<\/p>","protected":false},"excerpt":{"rendered":"<p>Vlo\u017eky na opravu z\u00e1vitov s\u00fa be\u017ene zn\u00e1me aj ako z\u00e1vitov\u00e9 vlo\u017eky alebo vlo\u017eky so \u0161pir\u00e1lou. S\u00fa to valcov\u00e9 kovov\u00e9 komponenty, ktor\u00e9 sa pou\u017e\u00edvaj\u00fa na opravu alebo zosilnenie po\u0161koden\u00fdch z\u00e1vitov v r\u00f4znych materi\u00e1loch, ako je kov, plast alebo drevo.<\/p>","protected":false},"featured_media":3225,"comment_status":"open","ping_status":"closed","template":"","meta":{"site-sidebar-layout":"default","site-content-layout":"default","ast-site-content-layout":"","site-content-style":"default","site-sidebar-style":"default","ast-global-header-display":"","ast-banner-title-visibility":"","ast-main-header-display":"","ast-hfb-above-header-display":"","ast-hfb-below-header-display":"","ast-hfb-mobile-header-display":"","site-post-title":"","ast-breadcrumbs-content":"","ast-featured-img":"","footer-sml-layout":"","theme-transparent-header-meta":"default","adv-header-id-meta":"","stick-header-meta":"default","header-above-stick-meta":"","header-main-stick-meta":"","header-below-stick-meta":"","astra-migrate-meta-layouts":"default","ast-page-background-enabled":"default","ast-page-background-meta":{"desktop":{"background-color":"","background-image":"","background-repeat":"repeat","background-position":"center center","background-size":"auto","background-attachment":"scroll","background-type":"","background-media":"","overlay-type":"","overlay-color":"","overlay-opacity":"","overlay-gradient":""},"tablet":{"background-color":"","background-image":"","background-repeat":"repeat","background-position":"center center","background-size":"auto","background-attachment":"scroll","background-type":"","background-media":"","overlay-type":"","overlay-color":"","overlay-opacity":"","overlay-gradient":""},"mobile":{"background-color":"","background-image":"","background-repeat":"repeat","background-position":"center center","background-size":"auto","background-attachment":"scroll","background-type":"","background-media":"","overlay-type":"","overlay-color":"","overlay-opacity":"","overlay-gradient":""}},"ast-content-background-meta":{"desktop":{"background-color":"var(--ast-global-color-5)","background-image":"","background-repeat":"repeat","background-position":"center center","background-size":"auto","background-attachment":"scroll","background-type":"","background-media":"","overlay-type":"","overlay-color":"","overlay-opacity":"","overlay-gradient":""},"tablet":{"background-color":"var(--ast-global-color-5)","background-image":"","background-repeat":"repeat","background-position":"center center","background-size":"auto","background-attachment":"scroll","background-type":"","background-media":"","overlay-type":"","overlay-color":"","overlay-opacity":"","overlay-gradient":""},"mobile":{"background-color":"var(--ast-global-color-5)","background-image":"","background-repeat":"repeat","background-position":"center center","background-size":"auto","background-attachment":"scroll","background-type":"","background-media":"","overlay-type":"","overlay-color":"","overlay-opacity":"","overlay-gradient":""}}},"product_brand":[],"product_cat":[31],"product_tag":[],"class_list":{"0":"post-2327","1":"product","2":"type-product","3":"status-publish","4":"has-post-thumbnail","6":"product_cat-fasteners","7":"desktop-align-left","8":"tablet-align-left","9":"mobile-align-left","10":"ast-product-gallery-layout-horizontal-slider","11":"ast-product-tabs-layout-horizontal","13":"first","14":"instock","15":"shipping-taxable","16":"purchasable","17":"product-type-simple"},"yoast_head":"<!-- This site is optimized with the Yoast SEO plugin v25.2 - https:\/\/yoast.com\/wordpress\/plugins\/seo\/ -->\n<title>Thread Repair Insert<\/title>\n<meta name=\"description\" content=\"Thread repair inserts are also commonly known as threaded inserts or helicoil inserts.\" \/>\n<meta name=\"robots\" content=\"index, follow, max-snippet:-1, max-image-preview:large, max-video-preview:-1\" \/>\n<link rel=\"canonical\" href=\"https:\/\/qingdaohf.com\/sk\/produkt\/zavitova-vlozka\/\" \/>\n<meta property=\"og:locale\" content=\"sk_SK\" \/>\n<meta property=\"og:type\" content=\"article\" \/>\n<meta property=\"og:title\" content=\"Thread Repair Insert\" \/>\n<meta property=\"og:description\" content=\"Thread repair inserts are also commonly known as threaded inserts or helicoil inserts.\" \/>\n<meta property=\"og:url\" content=\"https:\/\/qingdaohf.com\/sk\/produkt\/zavitova-vlozka\/\" \/>\n<meta property=\"og:site_name\" content=\"Concrete Form &amp; Rigging Hardware Supplier\" \/>\n<meta property=\"article:publisher\" content=\"https:\/\/www.facebook.com\/qingdaohf\" \/>\n<meta property=\"article:modified_time\" content=\"2025-11-13T01:06:15+00:00\" \/>\n<meta property=\"og:image\" content=\"https:\/\/qingdaohf.com\/wp-content\/uploads\/2023\/02\/thread-insert-1.jpg\" \/>\n\t<meta property=\"og:image:width\" content=\"1000\" \/>\n\t<meta property=\"og:image:height\" content=\"1000\" \/>\n\t<meta property=\"og:image:type\" content=\"image\/jpeg\" \/>\n<meta name=\"twitter:card\" content=\"summary_large_image\" \/>\n<meta name=\"twitter:label1\" content=\"Predpokladan\u00fd \u010das \u010d\u00edtania\" \/>\n\t<meta name=\"twitter:data1\" content=\"1 min\u00fata\" \/>\n<script type=\"application\/ld+json\" class=\"yoast-schema-graph\">{\"@context\":\"https:\/\/schema.org\",\"@graph\":[{\"@type\":\"WebPage\",\"@id\":\"https:\/\/qingdaohf.com\/product\/thread-insert\/\",\"url\":\"https:\/\/qingdaohf.com\/product\/thread-insert\/\",\"name\":\"Thread Repair Insert\",\"isPartOf\":{\"@id\":\"https:\/\/qingdaohf.com\/bg\/#website\"},\"primaryImageOfPage\":{\"@id\":\"https:\/\/qingdaohf.com\/product\/thread-insert\/#primaryimage\"},\"image\":{\"@id\":\"https:\/\/qingdaohf.com\/product\/thread-insert\/#primaryimage\"},\"thumbnailUrl\":\"https:\/\/qingdaohf.com\/wp-content\/uploads\/2023\/02\/thread-insert-1.jpg\",\"datePublished\":\"2023-02-23T03:03:22+00:00\",\"dateModified\":\"2025-11-13T01:06:15+00:00\",\"description\":\"Thread repair inserts are also commonly known as threaded inserts or helicoil inserts.\",\"breadcrumb\":{\"@id\":\"https:\/\/qingdaohf.com\/product\/thread-insert\/#breadcrumb\"},\"inLanguage\":\"sk-SK\",\"potentialAction\":[{\"@type\":\"ReadAction\",\"target\":[\"https:\/\/qingdaohf.com\/product\/thread-insert\/\"]}]},{\"@type\":\"ImageObject\",\"inLanguage\":\"sk-SK\",\"@id\":\"https:\/\/qingdaohf.com\/product\/thread-insert\/#primaryimage\",\"url\":\"https:\/\/qingdaohf.com\/wp-content\/uploads\/2023\/02\/thread-insert-1.jpg\",\"contentUrl\":\"https:\/\/qingdaohf.com\/wp-content\/uploads\/2023\/02\/thread-insert-1.jpg\",\"width\":1000,\"height\":1000,\"caption\":\"Thread Repair Insert\"},{\"@type\":\"BreadcrumbList\",\"@id\":\"https:\/\/qingdaohf.com\/product\/thread-insert\/#breadcrumb\",\"itemListElement\":[{\"@type\":\"ListItem\",\"position\":1,\"name\":\"Home\",\"item\":\"https:\/\/qingdaohf.com\/\"},{\"@type\":\"ListItem\",\"position\":2,\"name\":\"Concrete Forming Accessories and Rigging Hardware\",\"item\":\"https:\/\/qingdaohf.com\/bg\/?page_id=944\"},{\"@type\":\"ListItem\",\"position\":3,\"name\":\"Thread Repair Insert\"}]},{\"@type\":\"WebSite\",\"@id\":\"https:\/\/qingdaohf.com\/bg\/#website\",\"url\":\"https:\/\/qingdaohf.com\/bg\/\",\"name\":\"Concrete Form & Rigging Hardware Supplier\",\"description\":\"\",\"publisher\":{\"@id\":\"https:\/\/qingdaohf.com\/bg\/#organization\"},\"potentialAction\":[{\"@type\":\"SearchAction\",\"target\":{\"@type\":\"EntryPoint\",\"urlTemplate\":\"https:\/\/qingdaohf.com\/bg\/?s={search_term_string}\"},\"query-input\":{\"@type\":\"PropertyValueSpecification\",\"valueRequired\":true,\"valueName\":\"search_term_string\"}}],\"inLanguage\":\"sk-SK\"},{\"@type\":\"Organization\",\"@id\":\"https:\/\/qingdaohf.com\/bg\/#organization\",\"name\":\"Qingdao H&F\",\"url\":\"https:\/\/qingdaohf.com\/bg\/\",\"logo\":{\"@type\":\"ImageObject\",\"inLanguage\":\"sk-SK\",\"@id\":\"https:\/\/qingdaohf.com\/bg\/#\/schema\/logo\/image\/\",\"url\":\"https:\/\/qingdaohf.com\/wp-content\/uploads\/2022\/12\/cropped-HF-LOGO.png\",\"contentUrl\":\"https:\/\/qingdaohf.com\/wp-content\/uploads\/2022\/12\/cropped-HF-LOGO.png\",\"width\":391,\"height\":249,\"caption\":\"Qingdao H&F\"},\"image\":{\"@id\":\"https:\/\/qingdaohf.com\/bg\/#\/schema\/logo\/image\/\"},\"sameAs\":[\"https:\/\/www.facebook.com\/qingdaohf\"]}]}<\/script>\n<!-- \/ Yoast SEO plugin. -->","yoast_head_json":{"title":"Thread Repair Insert","description":"Thread repair inserts are also commonly known as threaded inserts or helicoil inserts.","robots":{"index":"index","follow":"follow","max-snippet":"max-snippet:-1","max-image-preview":"max-image-preview:large","max-video-preview":"max-video-preview:-1"},"canonical":"https:\/\/qingdaohf.com\/sk\/produkt\/zavitova-vlozka\/","og_locale":"sk_SK","og_type":"article","og_title":"Thread Repair Insert","og_description":"Thread repair inserts are also commonly known as threaded inserts or helicoil inserts.","og_url":"https:\/\/qingdaohf.com\/sk\/produkt\/zavitova-vlozka\/","og_site_name":"Concrete Form &amp; Rigging Hardware Supplier","article_publisher":"https:\/\/www.facebook.com\/qingdaohf","article_modified_time":"2025-11-13T01:06:15+00:00","og_image":[{"width":1000,"height":1000,"url":"https:\/\/qingdaohf.com\/wp-content\/uploads\/2023\/02\/thread-insert-1.jpg","type":"image\/jpeg"}],"twitter_card":"summary_large_image","twitter_misc":{"Predpokladan\u00fd \u010das \u010d\u00edtania":"1 min\u00fata"},"schema":{"@context":"https:\/\/schema.org","@graph":[{"@type":"WebPage","@id":"https:\/\/qingdaohf.com\/product\/thread-insert\/","url":"https:\/\/qingdaohf.com\/product\/thread-insert\/","name":"Thread Repair Insert","isPartOf":{"@id":"https:\/\/qingdaohf.com\/bg\/#website"},"primaryImageOfPage":{"@id":"https:\/\/qingdaohf.com\/product\/thread-insert\/#primaryimage"},"image":{"@id":"https:\/\/qingdaohf.com\/product\/thread-insert\/#primaryimage"},"thumbnailUrl":"https:\/\/qingdaohf.com\/wp-content\/uploads\/2023\/02\/thread-insert-1.jpg","datePublished":"2023-02-23T03:03:22+00:00","dateModified":"2025-11-13T01:06:15+00:00","description":"Thread repair inserts are also commonly known as threaded inserts or helicoil inserts.","breadcrumb":{"@id":"https:\/\/qingdaohf.com\/product\/thread-insert\/#breadcrumb"},"inLanguage":"sk-SK","potentialAction":[{"@type":"ReadAction","target":["https:\/\/qingdaohf.com\/product\/thread-insert\/"]}]},{"@type":"ImageObject","inLanguage":"sk-SK","@id":"https:\/\/qingdaohf.com\/product\/thread-insert\/#primaryimage","url":"https:\/\/qingdaohf.com\/wp-content\/uploads\/2023\/02\/thread-insert-1.jpg","contentUrl":"https:\/\/qingdaohf.com\/wp-content\/uploads\/2023\/02\/thread-insert-1.jpg","width":1000,"height":1000,"caption":"Thread Repair Insert"},{"@type":"BreadcrumbList","@id":"https:\/\/qingdaohf.com\/product\/thread-insert\/#breadcrumb","itemListElement":[{"@type":"ListItem","position":1,"name":"Home","item":"https:\/\/qingdaohf.com\/"},{"@type":"ListItem","position":2,"name":"Concrete Forming Accessories and Rigging Hardware","item":"https:\/\/qingdaohf.com\/bg\/?page_id=944"},{"@type":"ListItem","position":3,"name":"Thread Repair Insert"}]},{"@type":"WebSite","@id":"https:\/\/qingdaohf.com\/bg\/#website","url":"https:\/\/qingdaohf.com\/bg\/","name":"Concrete Form & Rigging Hardware Supplier","description":"","publisher":{"@id":"https:\/\/qingdaohf.com\/bg\/#organization"},"potentialAction":[{"@type":"SearchAction","target":{"@type":"EntryPoint","urlTemplate":"https:\/\/qingdaohf.com\/bg\/?s={search_term_string}"},"query-input":{"@type":"PropertyValueSpecification","valueRequired":true,"valueName":"search_term_string"}}],"inLanguage":"sk-SK"},{"@type":"Organization","@id":"https:\/\/qingdaohf.com\/bg\/#organization","name":"Qingdao H&F","url":"https:\/\/qingdaohf.com\/bg\/","logo":{"@type":"ImageObject","inLanguage":"sk-SK","@id":"https:\/\/qingdaohf.com\/bg\/#\/schema\/logo\/image\/","url":"https:\/\/qingdaohf.com\/wp-content\/uploads\/2022\/12\/cropped-HF-LOGO.png","contentUrl":"https:\/\/qingdaohf.com\/wp-content\/uploads\/2022\/12\/cropped-HF-LOGO.png","width":391,"height":249,"caption":"Qingdao H&F"},"image":{"@id":"https:\/\/qingdaohf.com\/bg\/#\/schema\/logo\/image\/"},"sameAs":["https:\/\/www.facebook.com\/qingdaohf"]}]}},"_links":{"self":[{"href":"https:\/\/qingdaohf.com\/sk\/wp-json\/wp\/v2\/product\/2327","targetHints":{"allow":["GET"]}}],"collection":[{"href":"https:\/\/qingdaohf.com\/sk\/wp-json\/wp\/v2\/product"}],"about":[{"href":"https:\/\/qingdaohf.com\/sk\/wp-json\/wp\/v2\/types\/product"}],"replies":[{"embeddable":true,"href":"https:\/\/qingdaohf.com\/sk\/wp-json\/wp\/v2\/comments?post=2327"}],"version-history":[{"count":2,"href":"https:\/\/qingdaohf.com\/sk\/wp-json\/wp\/v2\/product\/2327\/revisions"}],"predecessor-version":[{"id":10452,"href":"https:\/\/qingdaohf.com\/sk\/wp-json\/wp\/v2\/product\/2327\/revisions\/10452"}],"wp:featuredmedia":[{"embeddable":true,"href":"https:\/\/qingdaohf.com\/sk\/wp-json\/wp\/v2\/media\/3225"}],"wp:attachment":[{"href":"https:\/\/qingdaohf.com\/sk\/wp-json\/wp\/v2\/media?parent=2327"}],"wp:term":[{"taxonomy":"product_brand","embeddable":true,"href":"https:\/\/qingdaohf.com\/sk\/wp-json\/wp\/v2\/product_brand?post=2327"},{"taxonomy":"product_cat","embeddable":true,"href":"https:\/\/qingdaohf.com\/sk\/wp-json\/wp\/v2\/product_cat?post=2327"},{"taxonomy":"product_tag","embeddable":true,"href":"https:\/\/qingdaohf.com\/sk\/wp-json\/wp\/v2\/product_tag?post=2327"}],"curies":[{"name":"wp","href":"https:\/\/api.w.org\/{rel}","templated":true}]}}