{"id":2640,"date":"2023-03-02T10:32:39","date_gmt":"2023-03-02T02:32:39","guid":{"rendered":"http:\/\/qingdaohf.com\/?post_type=product&#038;p=2640"},"modified":"2025-11-13T09:05:53","modified_gmt":"2025-11-13T01:05:53","slug":"erection-anchor","status":"publish","type":"product","link":"https:\/\/qingdaohf.com\/sk\/produkt\/montazna-kotva\/","title":{"rendered":"Zdv\u00edhacia mont\u00e1\u017ena kotva Kotva s dvoma otvormi"},"content":{"rendered":"<p>Mont\u00e1\u017ene kotvy na zdv\u00edhanie bet\u00f3nov\u00fdch prefabrik\u00e1tov s\u00fa zariadenia, ktor\u00e9 sa pou\u017e\u00edvaj\u00fa na zdv\u00edhanie a upev\u0148ovanie bet\u00f3nov\u00fdch prefabrik\u00e1tov po\u010das v\u00fdstavby. Tieto kotvy s\u00fa navrhnut\u00e9 tak, aby sa pred mont\u00e1\u017eou zaliali do bet\u00f3nov\u00fdch prvkov a poskytovali bezpe\u010dn\u00fd upev\u0148ovac\u00ed bod na zdv\u00edhanie a umiestnenie prvku na miesto.<\/p>\n<p>Mont\u00e1\u017ene kotvy na zdv\u00edhanie bet\u00f3nov\u00fdch prefabrik\u00e1tov sa zvy\u010dajne vyr\u00e1baj\u00fa z vysokopevnostnej ocele a maj\u00fa r\u00f4zne ve\u013ekosti a tvary, aby sa prisp\u00f4sobili r\u00f4znym typom bet\u00f3nov\u00fdch prefabrik\u00e1tov. S\u00fa tie\u017e navrhnut\u00e9 s oh\u013eadom na bezpe\u010dnos\u0165 a vyzna\u010duj\u00fa sa nosnos\u0165ou, ktor\u00e1 zaru\u010duje, \u017ee zvl\u00e1dnu hmotnos\u0165 zdv\u00edhan\u00e9ho bet\u00f3nov\u00e9ho prvku.<\/p>\n<p>Po\u010das mont\u00e1\u017ee sa kotvy vlo\u017eia do prefabrikovan\u00e9ho prvku a zaistia sa na mieste epoxidom alebo in\u00fdmi spojovac\u00edmi prostriedkami. Po vytvrdnut\u00ed epoxidu sa ku kotv\u00e1m m\u00f4\u017eu pripoji\u0165 zdv\u00edhacie re\u0165aze alebo lan\u00e1 a prefabrik\u00e1t sa m\u00f4\u017ee bezpe\u010dne zdvihn\u00fa\u0165 a umiestni\u0165 na miesto.<\/p>\n<p>Mont\u00e1\u017ene kotvy na zdv\u00edhanie bet\u00f3nov\u00fdch prefabrik\u00e1tov s\u00fa nevyhnutnou s\u00fa\u010das\u0165ou modernej prefabrikovanej bet\u00f3novej kon\u0161trukcie, preto\u017ee umo\u017e\u0148uj\u00fa r\u00fdchlu a efekt\u00edvnu mont\u00e1\u017e prefabrik\u00e1tov a z\u00e1rove\u0148 zabezpe\u010duj\u00fa bezpe\u010dnos\u0165 pracovn\u00edkov a minimalizuj\u00fa riziko po\u0161kodenia prefabrikovan\u00e9ho prvku po\u010das mont\u00e1\u017ee.<\/p>\n<p>&nbsp;<\/p>\n<p>&nbsp;<\/p>\n<p>&nbsp;<\/p>","protected":false},"excerpt":{"rendered":"<p>Mont\u00e1\u017ene kotvy na zdv\u00edhanie bet\u00f3nov\u00fdch prefabrik\u00e1tov s\u00fa zariadenia, ktor\u00e9 sa pou\u017e\u00edvaj\u00fa na zdv\u00edhanie a upev\u0148ovanie bet\u00f3nov\u00fdch prefabrik\u00e1tov po\u010das v\u00fdstavby. Tieto kotvy s\u00fa navrhnut\u00e9 tak, aby sa pred mont\u00e1\u017eou zaliali do bet\u00f3nov\u00fdch prvkov a poskytovali bezpe\u010dn\u00fd upev\u0148ovac\u00ed bod na zdv\u00edhanie a umiestnenie prvku na miesto.<\/p>","protected":false},"featured_media":6130,"comment_status":"open","ping_status":"closed","template":"","meta":{"site-sidebar-layout":"default","site-content-layout":"default","ast-site-content-layout":"default","site-content-style":"default","site-sidebar-style":"default","ast-global-header-display":"","ast-banner-title-visibility":"","ast-main-header-display":"","ast-hfb-above-header-display":"","ast-hfb-below-header-display":"","ast-hfb-mobile-header-display":"","site-post-title":"","ast-breadcrumbs-content":"","ast-featured-img":"","footer-sml-layout":"","theme-transparent-header-meta":"default","adv-header-id-meta":"","stick-header-meta":"default","header-above-stick-meta":"","header-main-stick-meta":"","header-below-stick-meta":"","astra-migrate-meta-layouts":"set","ast-page-background-enabled":"default","ast-page-background-meta":{"desktop":{"background-color":"","background-image":"","background-repeat":"repeat","background-position":"center center","background-size":"auto","background-attachment":"scroll","background-type":"","background-media":"","overlay-type":"","overlay-color":"","overlay-opacity":"","overlay-gradient":""},"tablet":{"background-color":"","background-image":"","background-repeat":"repeat","background-position":"center center","background-size":"auto","background-attachment":"scroll","background-type":"","background-media":"","overlay-type":"","overlay-color":"","overlay-opacity":"","overlay-gradient":""},"mobile":{"background-color":"","background-image":"","background-repeat":"repeat","background-position":"center center","background-size":"auto","background-attachment":"scroll","background-type":"","background-media":"","overlay-type":"","overlay-color":"","overlay-opacity":"","overlay-gradient":""}},"ast-content-background-meta":{"desktop":{"background-color":"var(--ast-global-color-5)","background-image":"","background-repeat":"repeat","background-position":"center center","background-size":"auto","background-attachment":"scroll","background-type":"","background-media":"","overlay-type":"","overlay-color":"","overlay-opacity":"","overlay-gradient":""},"tablet":{"background-color":"var(--ast-global-color-5)","background-image":"","background-repeat":"repeat","background-position":"center center","background-size":"auto","background-attachment":"scroll","background-type":"","background-media":"","overlay-type":"","overlay-color":"","overlay-opacity":"","overlay-gradient":""},"mobile":{"background-color":"var(--ast-global-color-5)","background-image":"","background-repeat":"repeat","background-position":"center center","background-size":"auto","background-attachment":"scroll","background-type":"","background-media":"","overlay-type":"","overlay-color":"","overlay-opacity":"","overlay-gradient":""}}},"product_brand":[],"product_cat":[50,28,30],"product_tag":[],"class_list":{"0":"post-2640","1":"product","2":"type-product","3":"status-publish","4":"has-post-thumbnail","6":"product_cat-concrete-form-accessories","7":"product_cat-concrete-forming","8":"product_cat-lifting-anchor","9":"desktop-align-left","10":"tablet-align-left","11":"mobile-align-left","12":"ast-product-gallery-layout-horizontal-slider","13":"ast-product-tabs-layout-horizontal","15":"first","16":"instock","17":"shipping-taxable","18":"purchasable","19":"product-type-simple"},"yoast_head":"<!-- This site is optimized with the Yoast SEO plugin v25.2 - https:\/\/yoast.com\/wordpress\/plugins\/seo\/ -->\n<title>Lifting Erection Anchor Two Hole Anchor<\/title>\n<meta name=\"description\" content=\"Precast concrete lifting erection anchors are devices used to lift and secure precast concrete elements during construction.\" \/>\n<meta name=\"robots\" content=\"index, follow, max-snippet:-1, max-image-preview:large, max-video-preview:-1\" \/>\n<link rel=\"canonical\" href=\"https:\/\/qingdaohf.com\/sk\/produkt\/montazna-kotva\/\" \/>\n<meta property=\"og:locale\" content=\"sk_SK\" \/>\n<meta property=\"og:type\" content=\"article\" \/>\n<meta property=\"og:title\" content=\"Lifting Erection Anchor Two Hole Anchor\" \/>\n<meta property=\"og:description\" content=\"Precast concrete lifting erection anchors are devices used to lift and secure precast concrete elements during construction.\" \/>\n<meta property=\"og:url\" content=\"https:\/\/qingdaohf.com\/sk\/produkt\/montazna-kotva\/\" \/>\n<meta property=\"og:site_name\" content=\"Concrete Form &amp; Rigging Hardware Supplier\" \/>\n<meta property=\"article:publisher\" content=\"https:\/\/www.facebook.com\/qingdaohf\" \/>\n<meta property=\"article:modified_time\" content=\"2025-11-13T01:05:53+00:00\" \/>\n<meta property=\"og:image\" content=\"https:\/\/qingdaohf.com\/wp-content\/uploads\/2023\/03\/erection-anchor.webp\" \/>\n\t<meta property=\"og:image:width\" content=\"1000\" \/>\n\t<meta property=\"og:image:height\" content=\"1000\" \/>\n\t<meta property=\"og:image:type\" content=\"image\/webp\" \/>\n<meta name=\"twitter:card\" content=\"summary_large_image\" \/>\n<meta name=\"twitter:label1\" content=\"Predpokladan\u00fd \u010das \u010d\u00edtania\" \/>\n\t<meta name=\"twitter:data1\" content=\"2 min\u00faty\" \/>\n<script type=\"application\/ld+json\" class=\"yoast-schema-graph\">{\"@context\":\"https:\/\/schema.org\",\"@graph\":[{\"@type\":\"WebPage\",\"@id\":\"https:\/\/qingdaohf.com\/product\/erection-anchor\/\",\"url\":\"https:\/\/qingdaohf.com\/product\/erection-anchor\/\",\"name\":\"Lifting Erection Anchor Two Hole Anchor\",\"isPartOf\":{\"@id\":\"https:\/\/qingdaohf.com\/bg\/#website\"},\"primaryImageOfPage\":{\"@id\":\"https:\/\/qingdaohf.com\/product\/erection-anchor\/#primaryimage\"},\"image\":{\"@id\":\"https:\/\/qingdaohf.com\/product\/erection-anchor\/#primaryimage\"},\"thumbnailUrl\":\"https:\/\/qingdaohf.com\/wp-content\/uploads\/2023\/03\/erection-anchor.webp\",\"datePublished\":\"2023-03-02T02:32:39+00:00\",\"dateModified\":\"2025-11-13T01:05:53+00:00\",\"description\":\"Precast concrete lifting erection anchors are devices used to lift and secure precast concrete elements during construction.\",\"breadcrumb\":{\"@id\":\"https:\/\/qingdaohf.com\/product\/erection-anchor\/#breadcrumb\"},\"inLanguage\":\"sk-SK\",\"potentialAction\":[{\"@type\":\"ReadAction\",\"target\":[\"https:\/\/qingdaohf.com\/product\/erection-anchor\/\"]}]},{\"@type\":\"ImageObject\",\"inLanguage\":\"sk-SK\",\"@id\":\"https:\/\/qingdaohf.com\/product\/erection-anchor\/#primaryimage\",\"url\":\"https:\/\/qingdaohf.com\/wp-content\/uploads\/2023\/03\/erection-anchor.webp\",\"contentUrl\":\"https:\/\/qingdaohf.com\/wp-content\/uploads\/2023\/03\/erection-anchor.webp\",\"width\":1000,\"height\":1000,\"caption\":\"erection anchor\"},{\"@type\":\"BreadcrumbList\",\"@id\":\"https:\/\/qingdaohf.com\/product\/erection-anchor\/#breadcrumb\",\"itemListElement\":[{\"@type\":\"ListItem\",\"position\":1,\"name\":\"Home\",\"item\":\"https:\/\/qingdaohf.com\/\"},{\"@type\":\"ListItem\",\"position\":2,\"name\":\"Concrete Forming Accessories and Rigging Hardware\",\"item\":\"https:\/\/qingdaohf.com\/bg\/?page_id=944\"},{\"@type\":\"ListItem\",\"position\":3,\"name\":\"Lifting Erection Anchor Two Hole Anchor\"}]},{\"@type\":\"WebSite\",\"@id\":\"https:\/\/qingdaohf.com\/bg\/#website\",\"url\":\"https:\/\/qingdaohf.com\/bg\/\",\"name\":\"Concrete Form & Rigging Hardware Supplier\",\"description\":\"\",\"publisher\":{\"@id\":\"https:\/\/qingdaohf.com\/bg\/#organization\"},\"potentialAction\":[{\"@type\":\"SearchAction\",\"target\":{\"@type\":\"EntryPoint\",\"urlTemplate\":\"https:\/\/qingdaohf.com\/bg\/?s={search_term_string}\"},\"query-input\":{\"@type\":\"PropertyValueSpecification\",\"valueRequired\":true,\"valueName\":\"search_term_string\"}}],\"inLanguage\":\"sk-SK\"},{\"@type\":\"Organization\",\"@id\":\"https:\/\/qingdaohf.com\/bg\/#organization\",\"name\":\"Qingdao H&F\",\"url\":\"https:\/\/qingdaohf.com\/bg\/\",\"logo\":{\"@type\":\"ImageObject\",\"inLanguage\":\"sk-SK\",\"@id\":\"https:\/\/qingdaohf.com\/bg\/#\/schema\/logo\/image\/\",\"url\":\"https:\/\/qingdaohf.com\/wp-content\/uploads\/2022\/12\/cropped-HF-LOGO.png\",\"contentUrl\":\"https:\/\/qingdaohf.com\/wp-content\/uploads\/2022\/12\/cropped-HF-LOGO.png\",\"width\":391,\"height\":249,\"caption\":\"Qingdao H&F\"},\"image\":{\"@id\":\"https:\/\/qingdaohf.com\/bg\/#\/schema\/logo\/image\/\"},\"sameAs\":[\"https:\/\/www.facebook.com\/qingdaohf\"]}]}<\/script>\n<!-- \/ Yoast SEO plugin. -->","yoast_head_json":{"title":"Lifting Erection Anchor Two Hole Anchor","description":"Precast concrete lifting erection anchors are devices used to lift and secure precast concrete elements during construction.","robots":{"index":"index","follow":"follow","max-snippet":"max-snippet:-1","max-image-preview":"max-image-preview:large","max-video-preview":"max-video-preview:-1"},"canonical":"https:\/\/qingdaohf.com\/sk\/produkt\/montazna-kotva\/","og_locale":"sk_SK","og_type":"article","og_title":"Lifting Erection Anchor Two Hole Anchor","og_description":"Precast concrete lifting erection anchors are devices used to lift and secure precast concrete elements during construction.","og_url":"https:\/\/qingdaohf.com\/sk\/produkt\/montazna-kotva\/","og_site_name":"Concrete Form &amp; Rigging Hardware Supplier","article_publisher":"https:\/\/www.facebook.com\/qingdaohf","article_modified_time":"2025-11-13T01:05:53+00:00","og_image":[{"width":1000,"height":1000,"url":"https:\/\/qingdaohf.com\/wp-content\/uploads\/2023\/03\/erection-anchor.webp","type":"image\/webp"}],"twitter_card":"summary_large_image","twitter_misc":{"Predpokladan\u00fd \u010das \u010d\u00edtania":"2 min\u00faty"},"schema":{"@context":"https:\/\/schema.org","@graph":[{"@type":"WebPage","@id":"https:\/\/qingdaohf.com\/product\/erection-anchor\/","url":"https:\/\/qingdaohf.com\/product\/erection-anchor\/","name":"Lifting Erection Anchor Two Hole Anchor","isPartOf":{"@id":"https:\/\/qingdaohf.com\/bg\/#website"},"primaryImageOfPage":{"@id":"https:\/\/qingdaohf.com\/product\/erection-anchor\/#primaryimage"},"image":{"@id":"https:\/\/qingdaohf.com\/product\/erection-anchor\/#primaryimage"},"thumbnailUrl":"https:\/\/qingdaohf.com\/wp-content\/uploads\/2023\/03\/erection-anchor.webp","datePublished":"2023-03-02T02:32:39+00:00","dateModified":"2025-11-13T01:05:53+00:00","description":"Precast concrete lifting erection anchors are devices used to lift and secure precast concrete elements during construction.","breadcrumb":{"@id":"https:\/\/qingdaohf.com\/product\/erection-anchor\/#breadcrumb"},"inLanguage":"sk-SK","potentialAction":[{"@type":"ReadAction","target":["https:\/\/qingdaohf.com\/product\/erection-anchor\/"]}]},{"@type":"ImageObject","inLanguage":"sk-SK","@id":"https:\/\/qingdaohf.com\/product\/erection-anchor\/#primaryimage","url":"https:\/\/qingdaohf.com\/wp-content\/uploads\/2023\/03\/erection-anchor.webp","contentUrl":"https:\/\/qingdaohf.com\/wp-content\/uploads\/2023\/03\/erection-anchor.webp","width":1000,"height":1000,"caption":"erection anchor"},{"@type":"BreadcrumbList","@id":"https:\/\/qingdaohf.com\/product\/erection-anchor\/#breadcrumb","itemListElement":[{"@type":"ListItem","position":1,"name":"Home","item":"https:\/\/qingdaohf.com\/"},{"@type":"ListItem","position":2,"name":"Concrete Forming Accessories and Rigging Hardware","item":"https:\/\/qingdaohf.com\/bg\/?page_id=944"},{"@type":"ListItem","position":3,"name":"Lifting Erection Anchor Two Hole Anchor"}]},{"@type":"WebSite","@id":"https:\/\/qingdaohf.com\/bg\/#website","url":"https:\/\/qingdaohf.com\/bg\/","name":"Concrete Form & Rigging Hardware Supplier","description":"","publisher":{"@id":"https:\/\/qingdaohf.com\/bg\/#organization"},"potentialAction":[{"@type":"SearchAction","target":{"@type":"EntryPoint","urlTemplate":"https:\/\/qingdaohf.com\/bg\/?s={search_term_string}"},"query-input":{"@type":"PropertyValueSpecification","valueRequired":true,"valueName":"search_term_string"}}],"inLanguage":"sk-SK"},{"@type":"Organization","@id":"https:\/\/qingdaohf.com\/bg\/#organization","name":"Qingdao H&F","url":"https:\/\/qingdaohf.com\/bg\/","logo":{"@type":"ImageObject","inLanguage":"sk-SK","@id":"https:\/\/qingdaohf.com\/bg\/#\/schema\/logo\/image\/","url":"https:\/\/qingdaohf.com\/wp-content\/uploads\/2022\/12\/cropped-HF-LOGO.png","contentUrl":"https:\/\/qingdaohf.com\/wp-content\/uploads\/2022\/12\/cropped-HF-LOGO.png","width":391,"height":249,"caption":"Qingdao H&F"},"image":{"@id":"https:\/\/qingdaohf.com\/bg\/#\/schema\/logo\/image\/"},"sameAs":["https:\/\/www.facebook.com\/qingdaohf"]}]}},"_links":{"self":[{"href":"https:\/\/qingdaohf.com\/sk\/wp-json\/wp\/v2\/product\/2640","targetHints":{"allow":["GET"]}}],"collection":[{"href":"https:\/\/qingdaohf.com\/sk\/wp-json\/wp\/v2\/product"}],"about":[{"href":"https:\/\/qingdaohf.com\/sk\/wp-json\/wp\/v2\/types\/product"}],"replies":[{"embeddable":true,"href":"https:\/\/qingdaohf.com\/sk\/wp-json\/wp\/v2\/comments?post=2640"}],"version-history":[{"count":7,"href":"https:\/\/qingdaohf.com\/sk\/wp-json\/wp\/v2\/product\/2640\/revisions"}],"predecessor-version":[{"id":10256,"href":"https:\/\/qingdaohf.com\/sk\/wp-json\/wp\/v2\/product\/2640\/revisions\/10256"}],"wp:featuredmedia":[{"embeddable":true,"href":"https:\/\/qingdaohf.com\/sk\/wp-json\/wp\/v2\/media\/6130"}],"wp:attachment":[{"href":"https:\/\/qingdaohf.com\/sk\/wp-json\/wp\/v2\/media?parent=2640"}],"wp:term":[{"taxonomy":"product_brand","embeddable":true,"href":"https:\/\/qingdaohf.com\/sk\/wp-json\/wp\/v2\/product_brand?post=2640"},{"taxonomy":"product_cat","embeddable":true,"href":"https:\/\/qingdaohf.com\/sk\/wp-json\/wp\/v2\/product_cat?post=2640"},{"taxonomy":"product_tag","embeddable":true,"href":"https:\/\/qingdaohf.com\/sk\/wp-json\/wp\/v2\/product_tag?post=2640"}],"curies":[{"name":"wp","href":"https:\/\/api.w.org\/{rel}","templated":true}]}}