{"id":2646,"date":"2023-03-02T15:27:12","date_gmt":"2023-03-02T07:27:12","guid":{"rendered":"http:\/\/qingdaohf.com\/?post_type=product&#038;p=2646"},"modified":"2025-11-13T09:05:52","modified_gmt":"2025-11-13T01:05:52","slug":"elephant-foot-ferrule","status":"publish","type":"product","link":"https:\/\/qingdaohf.com\/sk\/produkt\/hrube-kovanie-slonia-patka-kovanie\/","title":{"rendered":"Slonia noha"},"content":{"rendered":"<h2 class=\"text-2xl font-bold mt-1 text-text-200\">\u010co s\u00fa to kovania na slonie nohy a pre\u010do s\u00fa d\u00f4le\u017eit\u00e9?<\/h2>\n<p class=\"whitespace-pre-wrap break-words\">Zamysleli ste sa niekedy nad t\u00fdm, pre\u010do sa naz\u00fdvaj\u00fa \"slonia noha\"? Pozrite sa na jednu z nich a pochop\u00edte to - tieto kritick\u00e9 s\u00fa\u010dasti v\u00fdstroja maj\u00fa charakteristick\u00fa roz\u0161\u00edren\u00fa z\u00e1klad\u0148u, ktor\u00e1 odr\u00e1\u017ea sloniu nohu. Ich jedine\u010dn\u00fd tvar v\u0161ak nie je len na par\u00e1du. Tieto \u0161pecializovan\u00e9 kovania s\u00fa neop\u00edsan\u00fdmi hrdinami sveta takel\u00e1\u017ee, preto\u017ee vytv\u00e1raj\u00fa pevn\u00e9 spojenia medzi oce\u013eov\u00fdmi lanami a zdv\u00edhac\u00edmi syst\u00e9mami. Ich d\u00f4myseln\u00e1 kon\u0161trukcia rovnomerne rozklad\u00e1 tlak na vl\u00e1kna lana, \u010d\u00edm zabra\u0148uje jeho rozt\u0159epeniu a udr\u017eiava pevnos\u0165 lana v \u010dase, ke\u010f je to najd\u00f4le\u017eitej\u0161ie.<\/p>\n<p class=\"whitespace-pre-wrap break-words\">Povedzme si pravdu - v\u00fdber spr\u00e1vneho kovania nie je \u013eahk\u00e1 \u00faloha. Pri zdv\u00edhan\u00ed \u0165a\u017ek\u00fdch bremien, n\u00e1morn\u00fdch pr\u00e1cach alebo in\u00fdch mont\u00e1\u017enych pr\u00e1cach, pri ktor\u00fdch je nap\u00e4tie vysok\u00e9, m\u00f4\u017ee v\u00fdber kovania rozhodn\u00fa\u0165 o priebehu oper\u00e1cie - niekedy doslova. Preto je znalos\u0165 t\u00fdchto komponentov zvn\u00fatra a zvonku nielen u\u017eito\u010dn\u00e1, ale pre ka\u017ed\u00e9ho v tejto oblasti nevyhnutn\u00e1.<\/p>\n<p><img fetchpriority=\"high\" decoding=\"async\" class=\"alignnone size-full wp-image-3403\" src=\"http:\/\/qingdaohf.com\/wp-content\/uploads\/2023\/03\/50-3.jpg\" alt=\"karta\" width=\"1200\" height=\"412\" srcset=\"https:\/\/qingdaohf.com\/wp-content\/uploads\/2023\/03\/50-3.jpg 1200w, https:\/\/qingdaohf.com\/wp-content\/uploads\/2023\/03\/50-3-300x103.jpg 300w, https:\/\/qingdaohf.com\/wp-content\/uploads\/2023\/03\/50-3-1024x352.jpg 1024w, https:\/\/qingdaohf.com\/wp-content\/uploads\/2023\/03\/50-3-768x264.jpg 768w, https:\/\/qingdaohf.com\/wp-content\/uploads\/2023\/03\/50-3-1000x343.jpg 1000w\" sizes=\"(max-width: 1200px) 100vw, 1200px\" \/><\/p>\n<h2 class=\"text-2xl font-bold mt-1 text-text-200\">Pre\u010do si vybra\u0165 spolo\u010dnos\u0165 Qingdao H&amp;F pre va\u0161e kovania na slonie nohy?<\/h2>\n<p class=\"whitespace-pre-wrap break-words\">My v spolo\u010dnosti Qingdao H&amp;F to ch\u00e1peme - ke\u010f zh\u00e1\u0148ate hardv\u00e9r na mont\u00e1\u017e, potrebujete partnera, ktor\u00fd v\u00e1m dod\u00e1 viac ne\u017e len s\u00fa\u010diastky. Na z\u00e1klade dlhoro\u010dn\u00fdch sk\u00fasenost\u00ed z medzin\u00e1rodn\u00e9ho obchodu sme si vybudovali reput\u00e1ciu na v\u00fdrobe prvotriednych kovan\u00ed, ktor\u00e9 vydr\u017eia dlh\u00fa cestu. Vieme v\u0161ak, \u017ee skvel\u00e9 v\u00fdrobky s\u00fa len v\u00fdchodiskov\u00fdm bodom.<\/p>\n<p class=\"whitespace-pre-wrap break-words\">\u010co n\u00e1s odli\u0161uje? Na za\u010diatok budete pracova\u0165 priamo s osobou, ktor\u00e1 sa venuje podpore a vie, \u010do rob\u00ed. \u017diadne telef\u00f3nne stromy, \u017eiadne obch\u00e1dzanie - len priamy rozhovor a rie\u0161enia prisp\u00f4soben\u00e9 po\u017eiadavk\u00e1m v\u00e1\u0161ho projektu. Potrebujete vlastn\u00e9 \u0161pecifik\u00e1cie? \u0160peci\u00e1lne certifik\u00e1cie? M\u00e1me pre v\u00e1s rie\u0161enie. A preto\u017ee \u010das s\u00fa peniaze, zjednodu\u0161ili sme n\u00e1\u0161 proces dod\u00e1vok, aby sa va\u0161a prev\u00e1dzka h\u00fdbala.<\/p>\n<p class=\"whitespace-pre-wrap break-words\">Kvalita tu nie je len m\u00f3dnym slovom. Ka\u017ed\u00e9 kovanie prech\u00e1dza d\u00f4kladn\u00fdm testovan\u00edm - hovor\u00edme o pevnosti materi\u00e1lu, odolnosti proti kor\u00f3zii, presnosti rozmerov a podobne. Ka\u017ed\u00e1 objedn\u00e1vka, \u010di u\u017e ide o jeden kus alebo tis\u00edc kusov, je podlo\u017een\u00e1 podrobn\u00fdmi kontroln\u00fdmi spr\u00e1vami. Preto\u017ee ke\u010f ide o bezpe\u010dnos\u0165, \"dos\u0165 dobr\u00e9\" jednoducho nie je.<\/p>\n<h2 class=\"text-2xl font-bold mt-1 text-text-200\">Pochopenie kon\u0161trukcie a pou\u017eitia kovania so slon\u00edmi p\u00e4tkami<\/h2>\n<p class=\"whitespace-pre-wrap break-words\">Genialita t\u00fdchto kovan\u00ed spo\u010d\u00edva v ich charakteristickom tvare. T\u00e1to \u0161ir\u0161ia z\u00e1klad\u0148a nie je len na poh\u013ead - vytv\u00e1ra dodato\u010dn\u00fa kompresn\u00fa plochu, ktor\u00e1 uchopuje oce\u013eov\u00e9 lano efekt\u00edvnej\u0161ie, ne\u017e by to dok\u00e1zali \u0161tandardn\u00e9 kovania. Pri tlaku sa za\u0165a\u017eenie rovnomerne rozlo\u017e\u00ed na v\u0161etky vl\u00e1kna lana, \u010d\u00edm sa zabr\u00e1ni vzniku hor\u00facich bodov nap\u00e4tia, ktor\u00e9 m\u00f4\u017eu vies\u0165 k poruch\u00e1m. T\u00e1to inteligentn\u00e1 kon\u0161trukcia tie\u017e zni\u017euje trenie tam, kde je to d\u00f4le\u017eit\u00e9, \u010d\u00edm sa predl\u017euje \u017eivotnos\u0165 obj\u00edmky aj lana.<\/p>\n<p class=\"whitespace-pre-wrap break-words\">Od vrtn\u00fdch plo\u0161\u00edn na mori a\u017e po stavenisk\u00e1, v\u0161ade tam, kde sa vykon\u00e1vaj\u00fa v\u00e1\u017ene zdv\u00edhacie pr\u00e1ce, n\u00e1jdete tieto kovania v \u0165a\u017ekej pr\u00e1ci. Ich skuto\u010dn\u00e1 sila? Prisp\u00f4sobivos\u0165. \u010ci u\u017e pracujete s nehrdzavej\u00facou oce\u013eou, pozinkovanou oce\u013eou alebo \u0161peci\u00e1lnymi zliatinov\u00fdmi lanami, slonie p\u00e4tky to zvl\u00e1dnu. V\u010faka tejto v\u0161estrannosti s\u00fa ide\u00e1lne na trval\u00e9 in\u0161tal\u00e1cie aj do\u010dasn\u00e9 zostavy, pri ktor\u00fdch nemo\u017eno ohrozi\u0165 spo\u013eahlivos\u0165.<\/p>\n<h2 class=\"text-2xl font-bold mt-1 text-text-200\">Ako prispievaj\u00fa k bezpe\u010dnosti a v\u00fdkonnosti kovania na slon\u00edch noh\u00e1ch<\/h2>\n<p class=\"whitespace-pre-wrap break-words\">Vo svete \u0165a\u017ek\u00fdch strojov a zdv\u00edhac\u00edch zariaden\u00ed neexistuje \"menej d\u00f4le\u017eit\u00fd\" komponent. Ka\u017ed\u00e1 \u010das\u0165 je d\u00f4le\u017eit\u00e1 a tieto kovania zohr\u00e1vaj\u00fa k\u013e\u00fa\u010dov\u00fa \u00falohu pri predch\u00e1dzan\u00ed scen\u00e1rom no\u010dnej mory - sk\u013aznutiu lana, roztrhnutiu alebo katastrofick\u00fdm zlomom. Ke\u010f zdv\u00edhate bremen\u00e1, ktor\u00e9 by mohli sp\u00f4sobi\u0165 v\u00e1\u017ene \u0161kody alebo zranenia, ak sa nie\u010do pokaz\u00ed, potrebujete hardv\u00e9r, ktor\u00e9mu m\u00f4\u017eete d\u00f4verova\u0165.<\/p>\n<p class=\"whitespace-pre-wrap break-words\">Toto nie s\u00fa oby\u010dajn\u00e9 kovania. S\u00fa vyroben\u00e9 z prvotriednych materi\u00e1lov a prec\u00edzne skon\u0161truovan\u00e9 tak, aby vydr\u017eali b\u00farku - doslova. Od koroz\u00edvneho prostredia a\u017e po extr\u00e9mne teploty a aplik\u00e1cie s vysok\u00fdm za\u0165a\u017een\u00edm, funguj\u00fa aj vtedy, ke\u010f by menej kvalitn\u00fd hardv\u00e9r zlyhal. V spojen\u00ed s na\u0161ou pr\u00edsnou kontrolou kvality m\u00e1te istotu, na ktor\u00fa sa m\u00f4\u017eete spo\u013eahn\u00fa\u0165.<\/p>\n<h2 class=\"text-2xl font-bold mt-1 text-text-200\">V\u00fdhoda spolo\u010dnosti Qingdao H&amp;F<\/h2>\n<p><img decoding=\"async\" class=\"alignnone wp-image-8732 size-full\" src=\"http:\/\/qingdaohf.com\/wp-content\/uploads\/2023\/03\/HF-packing-5-1.webp\" alt=\"Balenie HF\" width=\"1920\" height=\"1080\" srcset=\"https:\/\/qingdaohf.com\/wp-content\/uploads\/2023\/03\/HF-packing-5-1.webp 1920w, https:\/\/qingdaohf.com\/wp-content\/uploads\/2023\/03\/HF-packing-5-1-300x169.webp 300w, https:\/\/qingdaohf.com\/wp-content\/uploads\/2023\/03\/HF-packing-5-1-1024x576.webp 1024w, https:\/\/qingdaohf.com\/wp-content\/uploads\/2023\/03\/HF-packing-5-1-768x432.webp 768w, https:\/\/qingdaohf.com\/wp-content\/uploads\/2023\/03\/HF-packing-5-1-1536x864.webp 1536w, https:\/\/qingdaohf.com\/wp-content\/uploads\/2023\/03\/HF-packing-5-1-18x10.webp 18w, https:\/\/qingdaohf.com\/wp-content\/uploads\/2023\/03\/HF-packing-5-1-1000x563.webp 1000w\" sizes=\"(max-width: 1920px) 100vw, 1920px\" \/><\/p>\n<p class=\"whitespace-pre-wrap break-words\">V\u00fdber spolo\u010dnosti Qingdao H&amp;F znamen\u00e1 viac ne\u017e len n\u00e1kup kovania - z\u00edskavate partnera, ktor\u00fd investuje do v\u00e1\u0161ho \u00faspechu. N\u00e1\u0161 t\u00edm \u017eije a d\u00fdcha mont\u00e1\u017enym priemyslom a sme tu, aby sme v\u00e1m pomohli vyrie\u0161i\u0165 okam\u017eit\u00e9 v\u00fdzvy aj dlhodob\u00e9 ciele.<\/p>\n<p class=\"whitespace-pre-wrap break-words\">Svoju poves\u0165 sme si z\u00edskali tvrd\u00fdm sp\u00f4sobom - d\u00f4sledn\u00fdm poskytovan\u00edm kvalitn\u00fdch produktov, r\u00fdchlym dodan\u00edm a podporou, na ktor\u00fa sa m\u00f4\u017eete spo\u013eahn\u00fa\u0165. Chcete otestova\u0165 pred invest\u00edciou? Po\u0161leme v\u00e1m bezplatn\u00e9 vzorky na\u0161ich v\u00fdrobkov z oce\u013eov\u00fdch l\u00e1n. Tento praktick\u00fd pr\u00edstup v\u00e1m umo\u017en\u00ed overi\u0165 si kompatibilitu a v\u00fdkon pred prijat\u00edm z\u00e1sadn\u00fdch rozhodnut\u00ed.<\/p>\n<h2 class=\"text-2xl font-bold mt-1 text-text-200\">Z\u00e1ver<\/h2>\n<p class=\"whitespace-pre-wrap break-words\">Pokia\u013e ide o zdv\u00edhacie oper\u00e1cie, kovania slon\u00edch n\u00f4h nie s\u00fa len \u010fal\u0161ou s\u00fa\u010das\u0165ou - s\u00fa pokojom v du\u0161i z kovu. V spolo\u010dnosti Qingdao H&amp;F kombinujeme pr\u00e9miov\u00e9 v\u00fdrobky s odborn\u00fdmi znalos\u0165ami a slu\u017ebami, ktor\u00e9 potrebujete na zabezpe\u010denie hladk\u00e9ho chodu vec\u00ed. \u010ci u\u017e pracujete v stavebn\u00edctve, n\u00e1morn\u00edctve alebo v akejko\u013evek oblasti, ktor\u00e1 si vy\u017eaduje nepriestreln\u00e9 s\u00fa\u010dasti v\u00fdstroja, na\u0161e kovania v\u00e1m ich poskytn\u00fa. V\u010faka komplexn\u00e9mu testovaniu, osobnej podpore a r\u00fdchlym dodac\u00edm lehot\u00e1m sme pripraven\u00ed sta\u0165 sa va\u0161\u00edm partnerom pre takel\u00e1\u017ene a zdv\u00edhacie zariadenia. Ste pripraven\u00ed dozvedie\u0165 sa viac? Porozpr\u00e1vajme sa o tom, ako m\u00f4\u017eu na\u0161e kovania so slon\u00edmi p\u00e4tkami pozdvihn\u00fa\u0165 \u00farove\u0148 v\u00e1\u0161ho \u010fal\u0161ieho projektu.<\/p>","protected":false},"excerpt":{"rendered":"<p>Slonie p\u00e4tky s\u00fa ve\u013emi d\u00f4le\u017eit\u00e9 v odvetv\u00ed manipul\u00e1cie a zdv\u00edhania, kde sl\u00fa\u017eia na vytvorenie pevn\u00e9ho a bezpe\u010dn\u00e9ho spojenia medzi oce\u013eov\u00fdmi lanami na dosiahnutie lep\u0161ieho v\u00fdkonu pri n\u00e1ro\u010dn\u00fdch aplik\u00e1ci\u00e1ch. Kvalita, presnos\u0165 a kompatibilita s\u00fa obvykl\u00fdmi z\u00e1ujmami ka\u017ed\u00e9ho kupuj\u00faceho; s ferulkami so slon\u00edmi p\u00e4tkami od spolo\u010dnosti Qingdao H&amp;F si m\u00f4\u017eete by\u0165 ist\u00ed vysokokvalitn\u00fdm rie\u0161en\u00edm, ktor\u00e9 spln\u00ed aj tie najn\u00e1ro\u010dnej\u0161ie po\u017eiadavky. Individu\u00e1lny z\u00e1kazn\u00edcky servis, r\u00fdchle dodacie cykly a komplexn\u00e9 spr\u00e1vy o kontrole kvality s\u00fa len niektor\u00e9 z v\u00fdhod, ktor\u00e9 v\u00e1m zaru\u010dia, \u017ee zaka\u017ed\u00fdm dostanete ten najlep\u0161\u00ed v\u00fdrobok prisp\u00f4soben\u00fd va\u0161im potreb\u00e1m. \u010ci u\u017e potrebujete z\u00e1kazkov\u00e9 rozmery alebo r\u00fdchle rie\u0161enie, pom\u00f4\u017eeme v\u00e1\u0161mu projektu na ka\u017edom kroku.<\/p>","protected":false},"featured_media":3398,"comment_status":"open","ping_status":"closed","template":"","meta":{"site-sidebar-layout":"default","site-content-layout":"default","ast-site-content-layout":"default","site-content-style":"default","site-sidebar-style":"default","ast-global-header-display":"","ast-banner-title-visibility":"","ast-main-header-display":"","ast-hfb-above-header-display":"","ast-hfb-below-header-display":"","ast-hfb-mobile-header-display":"","site-post-title":"","ast-breadcrumbs-content":"","ast-featured-img":"","footer-sml-layout":"","theme-transparent-header-meta":"default","adv-header-id-meta":"","stick-header-meta":"default","header-above-stick-meta":"","header-main-stick-meta":"","header-below-stick-meta":"","astra-migrate-meta-layouts":"set","ast-page-background-enabled":"default","ast-page-background-meta":{"desktop":{"background-color":"","background-image":"","background-repeat":"repeat","background-position":"center center","background-size":"auto","background-attachment":"scroll","background-type":"","background-media":"","overlay-type":"","overlay-color":"","overlay-opacity":"","overlay-gradient":""},"tablet":{"background-color":"","background-image":"","background-repeat":"repeat","background-position":"center center","background-size":"auto","background-attachment":"scroll","background-type":"","background-media":"","overlay-type":"","overlay-color":"","overlay-opacity":"","overlay-gradient":""},"mobile":{"background-color":"","background-image":"","background-repeat":"repeat","background-position":"center center","background-size":"auto","background-attachment":"scroll","background-type":"","background-media":"","overlay-type":"","overlay-color":"","overlay-opacity":"","overlay-gradient":""}},"ast-content-background-meta":{"desktop":{"background-color":"var(--ast-global-color-5)","background-image":"","background-repeat":"repeat","background-position":"center center","background-size":"auto","background-attachment":"scroll","background-type":"","background-media":"","overlay-type":"","overlay-color":"","overlay-opacity":"","overlay-gradient":""},"tablet":{"background-color":"var(--ast-global-color-5)","background-image":"","background-repeat":"repeat","background-position":"center center","background-size":"auto","background-attachment":"scroll","background-type":"","background-media":"","overlay-type":"","overlay-color":"","overlay-opacity":"","overlay-gradient":""},"mobile":{"background-color":"var(--ast-global-color-5)","background-image":"","background-repeat":"repeat","background-position":"center center","background-size":"auto","background-attachment":"scroll","background-type":"","background-media":"","overlay-type":"","overlay-color":"","overlay-opacity":"","overlay-gradient":""}}},"product_brand":[],"product_cat":[50,30],"product_tag":[],"class_list":{"0":"post-2646","1":"product","2":"type-product","3":"status-publish","4":"has-post-thumbnail","6":"product_cat-concrete-form-accessories","7":"product_cat-lifting-anchor","8":"desktop-align-left","9":"tablet-align-left","10":"mobile-align-left","11":"ast-product-gallery-layout-horizontal-slider","12":"ast-product-tabs-layout-horizontal","14":"first","15":"instock","16":"shipping-taxable","17":"purchasable","18":"product-type-simple"},"yoast_head":"<!-- This site is optimized with the Yoast SEO plugin v25.2 - https:\/\/yoast.com\/wordpress\/plugins\/seo\/ -->\n<title>Elephant Foot Ferrule<\/title>\n<meta name=\"description\" content=\"Roud Ferrule and Elephant Foot Ferrule it helps to ensure the integrity and longevity of the structures we build.\" \/>\n<meta name=\"robots\" content=\"index, follow, max-snippet:-1, max-image-preview:large, max-video-preview:-1\" \/>\n<link rel=\"canonical\" href=\"https:\/\/qingdaohf.com\/sk\/produkt\/hrube-kovanie-slonia-patka-kovanie\/\" \/>\n<meta property=\"og:locale\" content=\"sk_SK\" \/>\n<meta property=\"og:type\" content=\"article\" \/>\n<meta property=\"og:title\" content=\"Elephant Foot Ferrule\" \/>\n<meta property=\"og:description\" content=\"Roud Ferrule and Elephant Foot Ferrule it helps to ensure the integrity and longevity of the structures we build.\" \/>\n<meta property=\"og:url\" content=\"https:\/\/qingdaohf.com\/sk\/produkt\/hrube-kovanie-slonia-patka-kovanie\/\" \/>\n<meta property=\"og:site_name\" content=\"Concrete Form &amp; Rigging Hardware Supplier\" \/>\n<meta property=\"article:publisher\" content=\"https:\/\/www.facebook.com\/qingdaohf\" \/>\n<meta property=\"article:modified_time\" content=\"2025-11-13T01:05:52+00:00\" \/>\n<meta property=\"og:image\" content=\"https:\/\/qingdaohf.com\/wp-content\/uploads\/2023\/03\/roud-ferrule-elephant-foot-ferrule-4-1.jpg\" \/>\n\t<meta property=\"og:image:width\" content=\"1000\" \/>\n\t<meta property=\"og:image:height\" content=\"1000\" \/>\n\t<meta property=\"og:image:type\" content=\"image\/jpeg\" \/>\n<meta name=\"twitter:card\" content=\"summary_large_image\" \/>\n<meta name=\"twitter:label1\" content=\"Predpokladan\u00fd \u010das \u010d\u00edtania\" \/>\n\t<meta name=\"twitter:data1\" content=\"4 min\u00faty\" \/>\n<script type=\"application\/ld+json\" class=\"yoast-schema-graph\">{\"@context\":\"https:\/\/schema.org\",\"@graph\":[{\"@type\":\"WebPage\",\"@id\":\"https:\/\/qingdaohf.com\/product\/elephant-foot-ferrule\/\",\"url\":\"https:\/\/qingdaohf.com\/product\/elephant-foot-ferrule\/\",\"name\":\"Elephant Foot Ferrule\",\"isPartOf\":{\"@id\":\"https:\/\/qingdaohf.com\/bg\/#website\"},\"primaryImageOfPage\":{\"@id\":\"https:\/\/qingdaohf.com\/product\/elephant-foot-ferrule\/#primaryimage\"},\"image\":{\"@id\":\"https:\/\/qingdaohf.com\/product\/elephant-foot-ferrule\/#primaryimage\"},\"thumbnailUrl\":\"https:\/\/qingdaohf.com\/wp-content\/uploads\/2023\/03\/roud-ferrule-elephant-foot-ferrule-4-1.jpg\",\"datePublished\":\"2023-03-02T07:27:12+00:00\",\"dateModified\":\"2025-11-13T01:05:52+00:00\",\"description\":\"Roud Ferrule and Elephant Foot Ferrule it helps to ensure the integrity and longevity of the structures we build.\",\"breadcrumb\":{\"@id\":\"https:\/\/qingdaohf.com\/product\/elephant-foot-ferrule\/#breadcrumb\"},\"inLanguage\":\"sk-SK\",\"potentialAction\":[{\"@type\":\"ReadAction\",\"target\":[\"https:\/\/qingdaohf.com\/product\/elephant-foot-ferrule\/\"]}]},{\"@type\":\"ImageObject\",\"inLanguage\":\"sk-SK\",\"@id\":\"https:\/\/qingdaohf.com\/product\/elephant-foot-ferrule\/#primaryimage\",\"url\":\"https:\/\/qingdaohf.com\/wp-content\/uploads\/2023\/03\/roud-ferrule-elephant-foot-ferrule-4-1.jpg\",\"contentUrl\":\"https:\/\/qingdaohf.com\/wp-content\/uploads\/2023\/03\/roud-ferrule-elephant-foot-ferrule-4-1.jpg\",\"width\":1000,\"height\":1000,\"caption\":\"roud ferrule elephant foot ferrule\"},{\"@type\":\"BreadcrumbList\",\"@id\":\"https:\/\/qingdaohf.com\/product\/elephant-foot-ferrule\/#breadcrumb\",\"itemListElement\":[{\"@type\":\"ListItem\",\"position\":1,\"name\":\"Home\",\"item\":\"https:\/\/qingdaohf.com\/\"},{\"@type\":\"ListItem\",\"position\":2,\"name\":\"Concrete Forming Accessories and Rigging Hardware\",\"item\":\"https:\/\/qingdaohf.com\/bg\/?page_id=944\"},{\"@type\":\"ListItem\",\"position\":3,\"name\":\"Elephant Foot Ferrule\"}]},{\"@type\":\"WebSite\",\"@id\":\"https:\/\/qingdaohf.com\/bg\/#website\",\"url\":\"https:\/\/qingdaohf.com\/bg\/\",\"name\":\"Concrete Form & Rigging Hardware Supplier\",\"description\":\"\",\"publisher\":{\"@id\":\"https:\/\/qingdaohf.com\/bg\/#organization\"},\"potentialAction\":[{\"@type\":\"SearchAction\",\"target\":{\"@type\":\"EntryPoint\",\"urlTemplate\":\"https:\/\/qingdaohf.com\/bg\/?s={search_term_string}\"},\"query-input\":{\"@type\":\"PropertyValueSpecification\",\"valueRequired\":true,\"valueName\":\"search_term_string\"}}],\"inLanguage\":\"sk-SK\"},{\"@type\":\"Organization\",\"@id\":\"https:\/\/qingdaohf.com\/bg\/#organization\",\"name\":\"Qingdao H&F\",\"url\":\"https:\/\/qingdaohf.com\/bg\/\",\"logo\":{\"@type\":\"ImageObject\",\"inLanguage\":\"sk-SK\",\"@id\":\"https:\/\/qingdaohf.com\/bg\/#\/schema\/logo\/image\/\",\"url\":\"https:\/\/qingdaohf.com\/wp-content\/uploads\/2022\/12\/cropped-HF-LOGO.png\",\"contentUrl\":\"https:\/\/qingdaohf.com\/wp-content\/uploads\/2022\/12\/cropped-HF-LOGO.png\",\"width\":391,\"height\":249,\"caption\":\"Qingdao H&F\"},\"image\":{\"@id\":\"https:\/\/qingdaohf.com\/bg\/#\/schema\/logo\/image\/\"},\"sameAs\":[\"https:\/\/www.facebook.com\/qingdaohf\"]}]}<\/script>\n<!-- \/ Yoast SEO plugin. -->","yoast_head_json":{"title":"Elephant Foot Ferrule","description":"Roud Ferrule and Elephant Foot Ferrule it helps to ensure the integrity and longevity of the structures we build.","robots":{"index":"index","follow":"follow","max-snippet":"max-snippet:-1","max-image-preview":"max-image-preview:large","max-video-preview":"max-video-preview:-1"},"canonical":"https:\/\/qingdaohf.com\/sk\/produkt\/hrube-kovanie-slonia-patka-kovanie\/","og_locale":"sk_SK","og_type":"article","og_title":"Elephant Foot Ferrule","og_description":"Roud Ferrule and Elephant Foot Ferrule it helps to ensure the integrity and longevity of the structures we build.","og_url":"https:\/\/qingdaohf.com\/sk\/produkt\/hrube-kovanie-slonia-patka-kovanie\/","og_site_name":"Concrete Form &amp; Rigging Hardware Supplier","article_publisher":"https:\/\/www.facebook.com\/qingdaohf","article_modified_time":"2025-11-13T01:05:52+00:00","og_image":[{"width":1000,"height":1000,"url":"https:\/\/qingdaohf.com\/wp-content\/uploads\/2023\/03\/roud-ferrule-elephant-foot-ferrule-4-1.jpg","type":"image\/jpeg"}],"twitter_card":"summary_large_image","twitter_misc":{"Predpokladan\u00fd \u010das \u010d\u00edtania":"4 min\u00faty"},"schema":{"@context":"https:\/\/schema.org","@graph":[{"@type":"WebPage","@id":"https:\/\/qingdaohf.com\/product\/elephant-foot-ferrule\/","url":"https:\/\/qingdaohf.com\/product\/elephant-foot-ferrule\/","name":"Elephant Foot Ferrule","isPartOf":{"@id":"https:\/\/qingdaohf.com\/bg\/#website"},"primaryImageOfPage":{"@id":"https:\/\/qingdaohf.com\/product\/elephant-foot-ferrule\/#primaryimage"},"image":{"@id":"https:\/\/qingdaohf.com\/product\/elephant-foot-ferrule\/#primaryimage"},"thumbnailUrl":"https:\/\/qingdaohf.com\/wp-content\/uploads\/2023\/03\/roud-ferrule-elephant-foot-ferrule-4-1.jpg","datePublished":"2023-03-02T07:27:12+00:00","dateModified":"2025-11-13T01:05:52+00:00","description":"Roud Ferrule and Elephant Foot Ferrule it helps to ensure the integrity and longevity of the structures we build.","breadcrumb":{"@id":"https:\/\/qingdaohf.com\/product\/elephant-foot-ferrule\/#breadcrumb"},"inLanguage":"sk-SK","potentialAction":[{"@type":"ReadAction","target":["https:\/\/qingdaohf.com\/product\/elephant-foot-ferrule\/"]}]},{"@type":"ImageObject","inLanguage":"sk-SK","@id":"https:\/\/qingdaohf.com\/product\/elephant-foot-ferrule\/#primaryimage","url":"https:\/\/qingdaohf.com\/wp-content\/uploads\/2023\/03\/roud-ferrule-elephant-foot-ferrule-4-1.jpg","contentUrl":"https:\/\/qingdaohf.com\/wp-content\/uploads\/2023\/03\/roud-ferrule-elephant-foot-ferrule-4-1.jpg","width":1000,"height":1000,"caption":"roud ferrule elephant foot ferrule"},{"@type":"BreadcrumbList","@id":"https:\/\/qingdaohf.com\/product\/elephant-foot-ferrule\/#breadcrumb","itemListElement":[{"@type":"ListItem","position":1,"name":"Home","item":"https:\/\/qingdaohf.com\/"},{"@type":"ListItem","position":2,"name":"Concrete Forming Accessories and Rigging Hardware","item":"https:\/\/qingdaohf.com\/bg\/?page_id=944"},{"@type":"ListItem","position":3,"name":"Elephant Foot Ferrule"}]},{"@type":"WebSite","@id":"https:\/\/qingdaohf.com\/bg\/#website","url":"https:\/\/qingdaohf.com\/bg\/","name":"Concrete Form & Rigging Hardware Supplier","description":"","publisher":{"@id":"https:\/\/qingdaohf.com\/bg\/#organization"},"potentialAction":[{"@type":"SearchAction","target":{"@type":"EntryPoint","urlTemplate":"https:\/\/qingdaohf.com\/bg\/?s={search_term_string}"},"query-input":{"@type":"PropertyValueSpecification","valueRequired":true,"valueName":"search_term_string"}}],"inLanguage":"sk-SK"},{"@type":"Organization","@id":"https:\/\/qingdaohf.com\/bg\/#organization","name":"Qingdao H&F","url":"https:\/\/qingdaohf.com\/bg\/","logo":{"@type":"ImageObject","inLanguage":"sk-SK","@id":"https:\/\/qingdaohf.com\/bg\/#\/schema\/logo\/image\/","url":"https:\/\/qingdaohf.com\/wp-content\/uploads\/2022\/12\/cropped-HF-LOGO.png","contentUrl":"https:\/\/qingdaohf.com\/wp-content\/uploads\/2022\/12\/cropped-HF-LOGO.png","width":391,"height":249,"caption":"Qingdao H&F"},"image":{"@id":"https:\/\/qingdaohf.com\/bg\/#\/schema\/logo\/image\/"},"sameAs":["https:\/\/www.facebook.com\/qingdaohf"]}]}},"_links":{"self":[{"href":"https:\/\/qingdaohf.com\/sk\/wp-json\/wp\/v2\/product\/2646","targetHints":{"allow":["GET"]}}],"collection":[{"href":"https:\/\/qingdaohf.com\/sk\/wp-json\/wp\/v2\/product"}],"about":[{"href":"https:\/\/qingdaohf.com\/sk\/wp-json\/wp\/v2\/types\/product"}],"replies":[{"embeddable":true,"href":"https:\/\/qingdaohf.com\/sk\/wp-json\/wp\/v2\/comments?post=2646"}],"version-history":[{"count":4,"href":"https:\/\/qingdaohf.com\/sk\/wp-json\/wp\/v2\/product\/2646\/revisions"}],"predecessor-version":[{"id":8734,"href":"https:\/\/qingdaohf.com\/sk\/wp-json\/wp\/v2\/product\/2646\/revisions\/8734"}],"wp:featuredmedia":[{"embeddable":true,"href":"https:\/\/qingdaohf.com\/sk\/wp-json\/wp\/v2\/media\/3398"}],"wp:attachment":[{"href":"https:\/\/qingdaohf.com\/sk\/wp-json\/wp\/v2\/media?parent=2646"}],"wp:term":[{"taxonomy":"product_brand","embeddable":true,"href":"https:\/\/qingdaohf.com\/sk\/wp-json\/wp\/v2\/product_brand?post=2646"},{"taxonomy":"product_cat","embeddable":true,"href":"https:\/\/qingdaohf.com\/sk\/wp-json\/wp\/v2\/product_cat?post=2646"},{"taxonomy":"product_tag","embeddable":true,"href":"https:\/\/qingdaohf.com\/sk\/wp-json\/wp\/v2\/product_tag?post=2646"}],"curies":[{"name":"wp","href":"https:\/\/api.w.org\/{rel}","templated":true}]}}