{"id":2657,"date":"2023-03-02T16:03:13","date_gmt":"2023-03-02T08:03:13","guid":{"rendered":"http:\/\/qingdaohf.com\/?post_type=product&#038;p=2657"},"modified":"2025-11-13T09:05:52","modified_gmt":"2025-11-13T01:05:52","slug":"flat-steel-socket","status":"publish","type":"product","link":"https:\/\/qingdaohf.com\/sk\/produkt\/plocha-ocelova-zasuvka\/","title":{"rendered":"Tvarovanie bet\u00f3nu Ploch\u00e1 oce\u013eov\u00e1 z\u00e1suvka"},"content":{"rendered":"<p>Ploch\u00e1 oce\u013eov\u00e1 obj\u00edmka je vyroben\u00e1 z vysokopevnostnej ocele a na jednom konci m\u00e1 ploch\u00fa dosku, ktor\u00e1 je zapusten\u00e1 do bet\u00f3novej formy. Druh\u00fd koniec spojky m\u00e1 z\u00e1vitov\u00fa \u010das\u0165, ktor\u00e1 sa pou\u017e\u00edva na pripojenie k zarovn\u00e1va\u010du tvarov, ktor\u00fd sa pou\u017e\u00edva na spr\u00e1vne zarovnanie tvaroviek a zabezpe\u010denie, aby zostali v spr\u00e1vnej polohe po\u010das beton\u00e1\u017ee.<\/p>\n<p>Ploch\u00e9 oce\u013eov\u00e9 puzdro je navrhnut\u00e9 tak, aby odol\u00e1valo bo\u010dn\u00e9mu tlaku, ktor\u00fd vyv\u00edja mokr\u00fd bet\u00f3n pri jeho liat\u00ed do debnenia. Po vytvrdnut\u00ed bet\u00f3nu sa debniace v\u00e4zby odstr\u00e1nia uvo\u013enen\u00edm mat\u00edc na z\u00e1vitovom konci a vytiahnut\u00edm v\u00e4zieb z bet\u00f3nu. Ploch\u00e1 oce\u013eov\u00e1 z\u00e1suvka je be\u017ene pou\u017e\u00edvan\u00fdm a \u00fa\u010dinn\u00fdm zariaden\u00edm v projektoch bet\u00f3nov\u00fdch kon\u0161trukci\u00ed a pom\u00e1ha zabezpe\u010di\u0165, aby bola bet\u00f3nov\u00e1 kon\u0161trukcia pevn\u00e1, odoln\u00e1 a spr\u00e1vne zarovnan\u00e1.<\/p>\n<p><img fetchpriority=\"high\" decoding=\"async\" class=\"alignnone size-full wp-image-3358\" src=\"http:\/\/qingdaohf.com\/wp-content\/uploads\/2023\/03\/51-1.jpg\" alt=\"Ploch\u00e1 oce\u013eov\u00e1 z\u00e1suvka\" width=\"1200\" height=\"488\" srcset=\"https:\/\/qingdaohf.com\/wp-content\/uploads\/2023\/03\/51-1.jpg 1200w, https:\/\/qingdaohf.com\/wp-content\/uploads\/2023\/03\/51-1-300x122.jpg 300w, https:\/\/qingdaohf.com\/wp-content\/uploads\/2023\/03\/51-1-1024x416.jpg 1024w, https:\/\/qingdaohf.com\/wp-content\/uploads\/2023\/03\/51-1-768x312.jpg 768w, https:\/\/qingdaohf.com\/wp-content\/uploads\/2023\/03\/51-1-1000x407.jpg 1000w\" sizes=\"(max-width: 1200px) 100vw, 1200px\" \/><\/p>","protected":false},"excerpt":{"rendered":"<p>Ploch\u00e1 oce\u013eov\u00e1 z\u00e1suvka na bet\u00f3nov\u00e9 debnenie, zn\u00e1ma aj ako ploch\u00e1 oce\u013eov\u00e1 tvarovka alebo jednoducho tvarovka, je zariadenie pou\u017e\u00edvan\u00e9 v syst\u00e9moch bet\u00f3nov\u00e9ho debnenia na zaistenie dvoch paraleln\u00fdch tvaroviek po\u010das liatia a tvrdnutia bet\u00f3nu.<\/p>","protected":false},"featured_media":3331,"comment_status":"open","ping_status":"closed","template":"","meta":{"site-sidebar-layout":"default","site-content-layout":"default","ast-site-content-layout":"","site-content-style":"default","site-sidebar-style":"default","ast-global-header-display":"","ast-banner-title-visibility":"","ast-main-header-display":"","ast-hfb-above-header-display":"","ast-hfb-below-header-display":"","ast-hfb-mobile-header-display":"","site-post-title":"","ast-breadcrumbs-content":"","ast-featured-img":"","footer-sml-layout":"","theme-transparent-header-meta":"default","adv-header-id-meta":"","stick-header-meta":"default","header-above-stick-meta":"","header-main-stick-meta":"","header-below-stick-meta":"","astra-migrate-meta-layouts":"default","ast-page-background-enabled":"default","ast-page-background-meta":{"desktop":{"background-color":"","background-image":"","background-repeat":"repeat","background-position":"center center","background-size":"auto","background-attachment":"scroll","background-type":"","background-media":"","overlay-type":"","overlay-color":"","overlay-opacity":"","overlay-gradient":""},"tablet":{"background-color":"","background-image":"","background-repeat":"repeat","background-position":"center center","background-size":"auto","background-attachment":"scroll","background-type":"","background-media":"","overlay-type":"","overlay-color":"","overlay-opacity":"","overlay-gradient":""},"mobile":{"background-color":"","background-image":"","background-repeat":"repeat","background-position":"center center","background-size":"auto","background-attachment":"scroll","background-type":"","background-media":"","overlay-type":"","overlay-color":"","overlay-opacity":"","overlay-gradient":""}},"ast-content-background-meta":{"desktop":{"background-color":"var(--ast-global-color-5)","background-image":"","background-repeat":"repeat","background-position":"center center","background-size":"auto","background-attachment":"scroll","background-type":"","background-media":"","overlay-type":"","overlay-color":"","overlay-opacity":"","overlay-gradient":""},"tablet":{"background-color":"var(--ast-global-color-5)","background-image":"","background-repeat":"repeat","background-position":"center center","background-size":"auto","background-attachment":"scroll","background-type":"","background-media":"","overlay-type":"","overlay-color":"","overlay-opacity":"","overlay-gradient":""},"mobile":{"background-color":"var(--ast-global-color-5)","background-image":"","background-repeat":"repeat","background-position":"center center","background-size":"auto","background-attachment":"scroll","background-type":"","background-media":"","overlay-type":"","overlay-color":"","overlay-opacity":"","overlay-gradient":""}}},"product_brand":[],"product_cat":[28],"product_tag":[],"class_list":{"0":"post-2657","1":"product","2":"type-product","3":"status-publish","4":"has-post-thumbnail","6":"product_cat-concrete-forming","7":"desktop-align-left","8":"tablet-align-left","9":"mobile-align-left","10":"ast-product-gallery-layout-horizontal-slider","11":"ast-product-tabs-layout-horizontal","13":"first","14":"instock","15":"shipping-taxable","16":"purchasable","17":"product-type-simple"},"yoast_head":"<!-- This site is optimized with the Yoast SEO plugin v25.2 - https:\/\/yoast.com\/wordpress\/plugins\/seo\/ -->\n<title>Concrete Forming Flat Steel Socket<\/title>\n<meta name=\"description\" content=\"A concrete forming flat steel socket, also known as a flat steel form tie or simply a form tie, is a device used in concrete formwork systems to secure two parallel forms together during the pouring and curing of concrete.\" \/>\n<meta name=\"robots\" content=\"index, follow, max-snippet:-1, max-image-preview:large, max-video-preview:-1\" \/>\n<link rel=\"canonical\" href=\"https:\/\/qingdaohf.com\/sk\/produkt\/plocha-ocelova-zasuvka\/\" \/>\n<meta property=\"og:locale\" content=\"sk_SK\" \/>\n<meta property=\"og:type\" content=\"article\" \/>\n<meta property=\"og:title\" content=\"Concrete Forming Flat Steel Socket\" \/>\n<meta property=\"og:description\" content=\"A concrete forming flat steel socket, also known as a flat steel form tie or simply a form tie, is a device used in concrete formwork systems to secure two parallel forms together during the pouring and curing of concrete.\" \/>\n<meta property=\"og:url\" content=\"https:\/\/qingdaohf.com\/sk\/produkt\/plocha-ocelova-zasuvka\/\" \/>\n<meta property=\"og:site_name\" content=\"Concrete Form &amp; Rigging Hardware Supplier\" \/>\n<meta property=\"article:publisher\" content=\"https:\/\/www.facebook.com\/qingdaohf\" \/>\n<meta property=\"article:modified_time\" content=\"2025-11-13T01:05:52+00:00\" \/>\n<meta property=\"og:image\" content=\"https:\/\/qingdaohf.com\/wp-content\/uploads\/2023\/03\/Flat-Steel-Socket-1.jpg\" \/>\n\t<meta property=\"og:image:width\" content=\"1000\" \/>\n\t<meta property=\"og:image:height\" content=\"1000\" \/>\n\t<meta property=\"og:image:type\" content=\"image\/jpeg\" \/>\n<meta name=\"twitter:card\" content=\"summary_large_image\" \/>\n<meta name=\"twitter:label1\" content=\"Predpokladan\u00fd \u010das \u010d\u00edtania\" \/>\n\t<meta name=\"twitter:data1\" content=\"1 min\u00fata\" \/>\n<script type=\"application\/ld+json\" class=\"yoast-schema-graph\">{\"@context\":\"https:\/\/schema.org\",\"@graph\":[{\"@type\":\"WebPage\",\"@id\":\"https:\/\/qingdaohf.com\/product\/flat-steel-socket\/\",\"url\":\"https:\/\/qingdaohf.com\/product\/flat-steel-socket\/\",\"name\":\"Concrete Forming Flat Steel Socket\",\"isPartOf\":{\"@id\":\"https:\/\/qingdaohf.com\/bg\/#website\"},\"primaryImageOfPage\":{\"@id\":\"https:\/\/qingdaohf.com\/product\/flat-steel-socket\/#primaryimage\"},\"image\":{\"@id\":\"https:\/\/qingdaohf.com\/product\/flat-steel-socket\/#primaryimage\"},\"thumbnailUrl\":\"https:\/\/qingdaohf.com\/wp-content\/uploads\/2023\/03\/Flat-Steel-Socket-1.jpg\",\"datePublished\":\"2023-03-02T08:03:13+00:00\",\"dateModified\":\"2025-11-13T01:05:52+00:00\",\"description\":\"A concrete forming flat steel socket, also known as a flat steel form tie or simply a form tie, is a device used in concrete formwork systems to secure two parallel forms together during the pouring and curing of concrete.\",\"breadcrumb\":{\"@id\":\"https:\/\/qingdaohf.com\/product\/flat-steel-socket\/#breadcrumb\"},\"inLanguage\":\"sk-SK\",\"potentialAction\":[{\"@type\":\"ReadAction\",\"target\":[\"https:\/\/qingdaohf.com\/product\/flat-steel-socket\/\"]}]},{\"@type\":\"ImageObject\",\"inLanguage\":\"sk-SK\",\"@id\":\"https:\/\/qingdaohf.com\/product\/flat-steel-socket\/#primaryimage\",\"url\":\"https:\/\/qingdaohf.com\/wp-content\/uploads\/2023\/03\/Flat-Steel-Socket-1.jpg\",\"contentUrl\":\"https:\/\/qingdaohf.com\/wp-content\/uploads\/2023\/03\/Flat-Steel-Socket-1.jpg\",\"width\":1000,\"height\":1000,\"caption\":\"Flat Steel Socket\"},{\"@type\":\"BreadcrumbList\",\"@id\":\"https:\/\/qingdaohf.com\/product\/flat-steel-socket\/#breadcrumb\",\"itemListElement\":[{\"@type\":\"ListItem\",\"position\":1,\"name\":\"Home\",\"item\":\"https:\/\/qingdaohf.com\/\"},{\"@type\":\"ListItem\",\"position\":2,\"name\":\"Concrete Forming Accessories and Rigging Hardware\",\"item\":\"https:\/\/qingdaohf.com\/bg\/?page_id=944\"},{\"@type\":\"ListItem\",\"position\":3,\"name\":\"Concrete Forming Flat Steel Socket\"}]},{\"@type\":\"WebSite\",\"@id\":\"https:\/\/qingdaohf.com\/bg\/#website\",\"url\":\"https:\/\/qingdaohf.com\/bg\/\",\"name\":\"Concrete Form & Rigging Hardware Supplier\",\"description\":\"\",\"publisher\":{\"@id\":\"https:\/\/qingdaohf.com\/bg\/#organization\"},\"potentialAction\":[{\"@type\":\"SearchAction\",\"target\":{\"@type\":\"EntryPoint\",\"urlTemplate\":\"https:\/\/qingdaohf.com\/bg\/?s={search_term_string}\"},\"query-input\":{\"@type\":\"PropertyValueSpecification\",\"valueRequired\":true,\"valueName\":\"search_term_string\"}}],\"inLanguage\":\"sk-SK\"},{\"@type\":\"Organization\",\"@id\":\"https:\/\/qingdaohf.com\/bg\/#organization\",\"name\":\"Qingdao H&F\",\"url\":\"https:\/\/qingdaohf.com\/bg\/\",\"logo\":{\"@type\":\"ImageObject\",\"inLanguage\":\"sk-SK\",\"@id\":\"https:\/\/qingdaohf.com\/bg\/#\/schema\/logo\/image\/\",\"url\":\"https:\/\/qingdaohf.com\/wp-content\/uploads\/2022\/12\/cropped-HF-LOGO.png\",\"contentUrl\":\"https:\/\/qingdaohf.com\/wp-content\/uploads\/2022\/12\/cropped-HF-LOGO.png\",\"width\":391,\"height\":249,\"caption\":\"Qingdao H&F\"},\"image\":{\"@id\":\"https:\/\/qingdaohf.com\/bg\/#\/schema\/logo\/image\/\"},\"sameAs\":[\"https:\/\/www.facebook.com\/qingdaohf\"]}]}<\/script>\n<!-- \/ Yoast SEO plugin. -->","yoast_head_json":{"title":"Concrete Forming Flat Steel Socket","description":"A concrete forming flat steel socket, also known as a flat steel form tie or simply a form tie, is a device used in concrete formwork systems to secure two parallel forms together during the pouring and curing of concrete.","robots":{"index":"index","follow":"follow","max-snippet":"max-snippet:-1","max-image-preview":"max-image-preview:large","max-video-preview":"max-video-preview:-1"},"canonical":"https:\/\/qingdaohf.com\/sk\/produkt\/plocha-ocelova-zasuvka\/","og_locale":"sk_SK","og_type":"article","og_title":"Concrete Forming Flat Steel Socket","og_description":"A concrete forming flat steel socket, also known as a flat steel form tie or simply a form tie, is a device used in concrete formwork systems to secure two parallel forms together during the pouring and curing of concrete.","og_url":"https:\/\/qingdaohf.com\/sk\/produkt\/plocha-ocelova-zasuvka\/","og_site_name":"Concrete Form &amp; Rigging Hardware Supplier","article_publisher":"https:\/\/www.facebook.com\/qingdaohf","article_modified_time":"2025-11-13T01:05:52+00:00","og_image":[{"width":1000,"height":1000,"url":"https:\/\/qingdaohf.com\/wp-content\/uploads\/2023\/03\/Flat-Steel-Socket-1.jpg","type":"image\/jpeg"}],"twitter_card":"summary_large_image","twitter_misc":{"Predpokladan\u00fd \u010das \u010d\u00edtania":"1 min\u00fata"},"schema":{"@context":"https:\/\/schema.org","@graph":[{"@type":"WebPage","@id":"https:\/\/qingdaohf.com\/product\/flat-steel-socket\/","url":"https:\/\/qingdaohf.com\/product\/flat-steel-socket\/","name":"Concrete Forming Flat Steel Socket","isPartOf":{"@id":"https:\/\/qingdaohf.com\/bg\/#website"},"primaryImageOfPage":{"@id":"https:\/\/qingdaohf.com\/product\/flat-steel-socket\/#primaryimage"},"image":{"@id":"https:\/\/qingdaohf.com\/product\/flat-steel-socket\/#primaryimage"},"thumbnailUrl":"https:\/\/qingdaohf.com\/wp-content\/uploads\/2023\/03\/Flat-Steel-Socket-1.jpg","datePublished":"2023-03-02T08:03:13+00:00","dateModified":"2025-11-13T01:05:52+00:00","description":"A concrete forming flat steel socket, also known as a flat steel form tie or simply a form tie, is a device used in concrete formwork systems to secure two parallel forms together during the pouring and curing of concrete.","breadcrumb":{"@id":"https:\/\/qingdaohf.com\/product\/flat-steel-socket\/#breadcrumb"},"inLanguage":"sk-SK","potentialAction":[{"@type":"ReadAction","target":["https:\/\/qingdaohf.com\/product\/flat-steel-socket\/"]}]},{"@type":"ImageObject","inLanguage":"sk-SK","@id":"https:\/\/qingdaohf.com\/product\/flat-steel-socket\/#primaryimage","url":"https:\/\/qingdaohf.com\/wp-content\/uploads\/2023\/03\/Flat-Steel-Socket-1.jpg","contentUrl":"https:\/\/qingdaohf.com\/wp-content\/uploads\/2023\/03\/Flat-Steel-Socket-1.jpg","width":1000,"height":1000,"caption":"Flat Steel Socket"},{"@type":"BreadcrumbList","@id":"https:\/\/qingdaohf.com\/product\/flat-steel-socket\/#breadcrumb","itemListElement":[{"@type":"ListItem","position":1,"name":"Home","item":"https:\/\/qingdaohf.com\/"},{"@type":"ListItem","position":2,"name":"Concrete Forming Accessories and Rigging Hardware","item":"https:\/\/qingdaohf.com\/bg\/?page_id=944"},{"@type":"ListItem","position":3,"name":"Concrete Forming Flat Steel Socket"}]},{"@type":"WebSite","@id":"https:\/\/qingdaohf.com\/bg\/#website","url":"https:\/\/qingdaohf.com\/bg\/","name":"Concrete Form & Rigging Hardware Supplier","description":"","publisher":{"@id":"https:\/\/qingdaohf.com\/bg\/#organization"},"potentialAction":[{"@type":"SearchAction","target":{"@type":"EntryPoint","urlTemplate":"https:\/\/qingdaohf.com\/bg\/?s={search_term_string}"},"query-input":{"@type":"PropertyValueSpecification","valueRequired":true,"valueName":"search_term_string"}}],"inLanguage":"sk-SK"},{"@type":"Organization","@id":"https:\/\/qingdaohf.com\/bg\/#organization","name":"Qingdao H&F","url":"https:\/\/qingdaohf.com\/bg\/","logo":{"@type":"ImageObject","inLanguage":"sk-SK","@id":"https:\/\/qingdaohf.com\/bg\/#\/schema\/logo\/image\/","url":"https:\/\/qingdaohf.com\/wp-content\/uploads\/2022\/12\/cropped-HF-LOGO.png","contentUrl":"https:\/\/qingdaohf.com\/wp-content\/uploads\/2022\/12\/cropped-HF-LOGO.png","width":391,"height":249,"caption":"Qingdao H&F"},"image":{"@id":"https:\/\/qingdaohf.com\/bg\/#\/schema\/logo\/image\/"},"sameAs":["https:\/\/www.facebook.com\/qingdaohf"]}]}},"_links":{"self":[{"href":"https:\/\/qingdaohf.com\/sk\/wp-json\/wp\/v2\/product\/2657","targetHints":{"allow":["GET"]}}],"collection":[{"href":"https:\/\/qingdaohf.com\/sk\/wp-json\/wp\/v2\/product"}],"about":[{"href":"https:\/\/qingdaohf.com\/sk\/wp-json\/wp\/v2\/types\/product"}],"replies":[{"embeddable":true,"href":"https:\/\/qingdaohf.com\/sk\/wp-json\/wp\/v2\/comments?post=2657"}],"version-history":[{"count":2,"href":"https:\/\/qingdaohf.com\/sk\/wp-json\/wp\/v2\/product\/2657\/revisions"}],"predecessor-version":[{"id":10443,"href":"https:\/\/qingdaohf.com\/sk\/wp-json\/wp\/v2\/product\/2657\/revisions\/10443"}],"wp:featuredmedia":[{"embeddable":true,"href":"https:\/\/qingdaohf.com\/sk\/wp-json\/wp\/v2\/media\/3331"}],"wp:attachment":[{"href":"https:\/\/qingdaohf.com\/sk\/wp-json\/wp\/v2\/media?parent=2657"}],"wp:term":[{"taxonomy":"product_brand","embeddable":true,"href":"https:\/\/qingdaohf.com\/sk\/wp-json\/wp\/v2\/product_brand?post=2657"},{"taxonomy":"product_cat","embeddable":true,"href":"https:\/\/qingdaohf.com\/sk\/wp-json\/wp\/v2\/product_cat?post=2657"},{"taxonomy":"product_tag","embeddable":true,"href":"https:\/\/qingdaohf.com\/sk\/wp-json\/wp\/v2\/product_tag?post=2657"}],"curies":[{"name":"wp","href":"https:\/\/api.w.org\/{rel}","templated":true}]}}