{"id":2663,"date":"2023-03-02T16:44:34","date_gmt":"2023-03-02T08:44:34","guid":{"rendered":"http:\/\/qingdaohf.com\/?post_type=product&#038;p=2663"},"modified":"2025-11-13T09:05:51","modified_gmt":"2025-11-13T01:05:51","slug":"straight-threaded-anchor","status":"publish","type":"product","link":"https:\/\/qingdaohf.com\/sk\/produkt\/priama-zavitova-kotva\/","title":{"rendered":"Priama z\u00e1vitov\u00e1 kotva"},"content":{"rendered":"<p>Priama z\u00e1vitov\u00e1 kotva, zn\u00e1ma aj ako klinov\u00e1 kotva, je typ spojovacieho prvku, ktor\u00fd sa be\u017ene pou\u017e\u00edva na upevnenie \u0165a\u017ek\u00fdch bremien do pevn\u00fdch materi\u00e1lov, ako je bet\u00f3n alebo murivo. Pozost\u00e1va zo z\u00e1vitovej ty\u010de s ku\u017ee\u013eovit\u00fdm koncom, ktor\u00e1 sa vklad\u00e1 do vopred vyv\u0155tan\u00e9ho otvoru. Kotva sa potom nastav\u00ed utiahnut\u00edm matice, \u010do sp\u00f4sob\u00ed, \u017ee sa ku\u017ee\u013eovit\u00fd koniec roztiahne a pevne zaklin\u00ed po stran\u00e1ch otvoru, \u010d\u00edm sa zabezpe\u010d\u00ed bezpe\u010dn\u00e9 uchytenie.<\/p>\n<p>Priame z\u00e1vitov\u00e9 kotvy s\u00fa zvy\u010dajne vyroben\u00e9 z nehrdzavej\u00facej alebo uhl\u00edkovej ocele a s\u00fa k dispoz\u00edcii v r\u00f4znych d\u013a\u017ekach a priemeroch, aby vyhovovali r\u00f4znym aplik\u00e1ci\u00e1m. Be\u017ene sa pou\u017e\u00edvaj\u00fa v stavebn\u00fdch a in\u017einierskych projektoch, kde sa vy\u017eaduje pevn\u00e1 a spo\u013eahliv\u00e1 met\u00f3da upevnenia. Medzi typick\u00e9 aplik\u00e1cie patr\u00ed upev\u0148ovanie kon\u0161truk\u010dn\u00fdch oce\u013eov\u00fdch podpier, upev\u0148ovanie zariaden\u00ed na bet\u00f3nov\u00e9 podlahy a in\u0161tal\u00e1cia strojov a zariaden\u00ed.<\/p>\n<p><img fetchpriority=\"high\" decoding=\"async\" class=\"alignnone size-full wp-image-3425\" src=\"http:\/\/qingdaohf.com\/wp-content\/uploads\/2023\/03\/51-3.jpg\" alt=\"Priama z\u00e1vitov\u00e1 kotva \" width=\"1200\" height=\"524\" srcset=\"https:\/\/qingdaohf.com\/wp-content\/uploads\/2023\/03\/51-3.jpg 1200w, https:\/\/qingdaohf.com\/wp-content\/uploads\/2023\/03\/51-3-300x131.jpg 300w, https:\/\/qingdaohf.com\/wp-content\/uploads\/2023\/03\/51-3-1024x447.jpg 1024w, https:\/\/qingdaohf.com\/wp-content\/uploads\/2023\/03\/51-3-768x335.jpg 768w, https:\/\/qingdaohf.com\/wp-content\/uploads\/2023\/03\/51-3-1000x437.jpg 1000w\" sizes=\"(max-width: 1200px) 100vw, 1200px\" \/><\/p>","protected":false},"excerpt":{"rendered":"<p>Priama z\u00e1vitov\u00e1 kotva, zn\u00e1ma aj ako klinov\u00e1 kotva, je typ spojovacieho prvku, ktor\u00fd sa be\u017ene pou\u017e\u00edva na upevnenie \u0165a\u017ek\u00fdch bremien do pevn\u00fdch materi\u00e1lov, ako je bet\u00f3n alebo murivo. Pozost\u00e1va zo z\u00e1vitovej ty\u010de s ku\u017ee\u013eovit\u00fdm koncom, ktor\u00e1 sa vklad\u00e1 do vopred vyv\u0155tan\u00e9ho otvoru. Kotva sa potom nastav\u00ed utiahnut\u00edm matice, \u010do sp\u00f4sob\u00ed, \u017ee sa ku\u017ee\u013eovit\u00fd koniec roztiahne a pevne zaklin\u00ed po stran\u00e1ch otvoru, \u010d\u00edm sa zabezpe\u010d\u00ed bezpe\u010dn\u00e9 uchytenie.<\/p>","protected":false},"featured_media":3421,"comment_status":"open","ping_status":"closed","template":"","meta":{"site-sidebar-layout":"default","site-content-layout":"default","ast-site-content-layout":"","site-content-style":"default","site-sidebar-style":"default","ast-global-header-display":"","ast-banner-title-visibility":"","ast-main-header-display":"","ast-hfb-above-header-display":"","ast-hfb-below-header-display":"","ast-hfb-mobile-header-display":"","site-post-title":"","ast-breadcrumbs-content":"","ast-featured-img":"","footer-sml-layout":"","theme-transparent-header-meta":"default","adv-header-id-meta":"","stick-header-meta":"default","header-above-stick-meta":"","header-main-stick-meta":"","header-below-stick-meta":"","astra-migrate-meta-layouts":"default","ast-page-background-enabled":"default","ast-page-background-meta":{"desktop":{"background-color":"","background-image":"","background-repeat":"repeat","background-position":"center center","background-size":"auto","background-attachment":"scroll","background-type":"","background-media":"","overlay-type":"","overlay-color":"","overlay-opacity":"","overlay-gradient":""},"tablet":{"background-color":"","background-image":"","background-repeat":"repeat","background-position":"center center","background-size":"auto","background-attachment":"scroll","background-type":"","background-media":"","overlay-type":"","overlay-color":"","overlay-opacity":"","overlay-gradient":""},"mobile":{"background-color":"","background-image":"","background-repeat":"repeat","background-position":"center center","background-size":"auto","background-attachment":"scroll","background-type":"","background-media":"","overlay-type":"","overlay-color":"","overlay-opacity":"","overlay-gradient":""}},"ast-content-background-meta":{"desktop":{"background-color":"var(--ast-global-color-5)","background-image":"","background-repeat":"repeat","background-position":"center center","background-size":"auto","background-attachment":"scroll","background-type":"","background-media":"","overlay-type":"","overlay-color":"","overlay-opacity":"","overlay-gradient":""},"tablet":{"background-color":"var(--ast-global-color-5)","background-image":"","background-repeat":"repeat","background-position":"center center","background-size":"auto","background-attachment":"scroll","background-type":"","background-media":"","overlay-type":"","overlay-color":"","overlay-opacity":"","overlay-gradient":""},"mobile":{"background-color":"var(--ast-global-color-5)","background-image":"","background-repeat":"repeat","background-position":"center center","background-size":"auto","background-attachment":"scroll","background-type":"","background-media":"","overlay-type":"","overlay-color":"","overlay-opacity":"","overlay-gradient":""}}},"product_brand":[],"product_cat":[50,28,30],"product_tag":[],"class_list":{"0":"post-2663","1":"product","2":"type-product","3":"status-publish","4":"has-post-thumbnail","6":"product_cat-concrete-form-accessories","7":"product_cat-concrete-forming","8":"product_cat-lifting-anchor","9":"desktop-align-left","10":"tablet-align-left","11":"mobile-align-left","12":"ast-product-gallery-layout-horizontal-slider","13":"ast-product-tabs-layout-horizontal","15":"first","16":"instock","17":"shipping-taxable","18":"purchasable","19":"product-type-simple"},"yoast_head":"<!-- This site is optimized with the Yoast SEO plugin v25.2 - https:\/\/yoast.com\/wordpress\/plugins\/seo\/ -->\n<title>Straight Threaded Anchor<\/title>\n<meta name=\"description\" content=\"A Straight Threaded Anchor, also known as a Wedge Anchor, is a type of fastener that is commonly used to secure heavy loads into solid materials such as concrete or masonry.\" \/>\n<meta name=\"robots\" content=\"index, follow, max-snippet:-1, max-image-preview:large, max-video-preview:-1\" \/>\n<link rel=\"canonical\" href=\"https:\/\/qingdaohf.com\/sk\/produkt\/priama-zavitova-kotva\/\" \/>\n<meta property=\"og:locale\" content=\"sk_SK\" \/>\n<meta property=\"og:type\" content=\"article\" \/>\n<meta property=\"og:title\" content=\"Straight Threaded Anchor\" \/>\n<meta property=\"og:description\" content=\"A Straight Threaded Anchor, also known as a Wedge Anchor, is a type of fastener that is commonly used to secure heavy loads into solid materials such as concrete or masonry.\" \/>\n<meta property=\"og:url\" content=\"https:\/\/qingdaohf.com\/sk\/produkt\/priama-zavitova-kotva\/\" \/>\n<meta property=\"og:site_name\" content=\"Concrete Form &amp; Rigging Hardware Supplier\" \/>\n<meta property=\"article:publisher\" content=\"https:\/\/www.facebook.com\/qingdaohf\" \/>\n<meta property=\"article:modified_time\" content=\"2025-11-13T01:05:51+00:00\" \/>\n<meta property=\"og:image\" content=\"https:\/\/qingdaohf.com\/wp-content\/uploads\/2023\/03\/straight-threaded-anchor-1.jpg\" \/>\n\t<meta property=\"og:image:width\" content=\"1000\" \/>\n\t<meta property=\"og:image:height\" content=\"1000\" \/>\n\t<meta property=\"og:image:type\" content=\"image\/jpeg\" \/>\n<meta name=\"twitter:card\" content=\"summary_large_image\" \/>\n<meta name=\"twitter:label1\" content=\"Predpokladan\u00fd \u010das \u010d\u00edtania\" \/>\n\t<meta name=\"twitter:data1\" content=\"1 min\u00fata\" \/>\n<script type=\"application\/ld+json\" class=\"yoast-schema-graph\">{\"@context\":\"https:\/\/schema.org\",\"@graph\":[{\"@type\":\"WebPage\",\"@id\":\"https:\/\/qingdaohf.com\/product\/straight-threaded-anchor\/\",\"url\":\"https:\/\/qingdaohf.com\/product\/straight-threaded-anchor\/\",\"name\":\"Straight Threaded Anchor\",\"isPartOf\":{\"@id\":\"https:\/\/qingdaohf.com\/bg\/#website\"},\"primaryImageOfPage\":{\"@id\":\"https:\/\/qingdaohf.com\/product\/straight-threaded-anchor\/#primaryimage\"},\"image\":{\"@id\":\"https:\/\/qingdaohf.com\/product\/straight-threaded-anchor\/#primaryimage\"},\"thumbnailUrl\":\"https:\/\/qingdaohf.com\/wp-content\/uploads\/2023\/03\/straight-threaded-anchor-1.jpg\",\"datePublished\":\"2023-03-02T08:44:34+00:00\",\"dateModified\":\"2025-11-13T01:05:51+00:00\",\"description\":\"A Straight Threaded Anchor, also known as a Wedge Anchor, is a type of fastener that is commonly used to secure heavy loads into solid materials such as concrete or masonry.\",\"breadcrumb\":{\"@id\":\"https:\/\/qingdaohf.com\/product\/straight-threaded-anchor\/#breadcrumb\"},\"inLanguage\":\"sk-SK\",\"potentialAction\":[{\"@type\":\"ReadAction\",\"target\":[\"https:\/\/qingdaohf.com\/product\/straight-threaded-anchor\/\"]}]},{\"@type\":\"ImageObject\",\"inLanguage\":\"sk-SK\",\"@id\":\"https:\/\/qingdaohf.com\/product\/straight-threaded-anchor\/#primaryimage\",\"url\":\"https:\/\/qingdaohf.com\/wp-content\/uploads\/2023\/03\/straight-threaded-anchor-1.jpg\",\"contentUrl\":\"https:\/\/qingdaohf.com\/wp-content\/uploads\/2023\/03\/straight-threaded-anchor-1.jpg\",\"width\":1000,\"height\":1000,\"caption\":\"Straight Threaded Anchor\"},{\"@type\":\"BreadcrumbList\",\"@id\":\"https:\/\/qingdaohf.com\/product\/straight-threaded-anchor\/#breadcrumb\",\"itemListElement\":[{\"@type\":\"ListItem\",\"position\":1,\"name\":\"Home\",\"item\":\"https:\/\/qingdaohf.com\/\"},{\"@type\":\"ListItem\",\"position\":2,\"name\":\"Concrete Forming Accessories and Rigging Hardware\",\"item\":\"https:\/\/qingdaohf.com\/bg\/?page_id=944\"},{\"@type\":\"ListItem\",\"position\":3,\"name\":\"Straight Threaded Anchor\"}]},{\"@type\":\"WebSite\",\"@id\":\"https:\/\/qingdaohf.com\/bg\/#website\",\"url\":\"https:\/\/qingdaohf.com\/bg\/\",\"name\":\"Concrete Form & Rigging Hardware Supplier\",\"description\":\"\",\"publisher\":{\"@id\":\"https:\/\/qingdaohf.com\/bg\/#organization\"},\"potentialAction\":[{\"@type\":\"SearchAction\",\"target\":{\"@type\":\"EntryPoint\",\"urlTemplate\":\"https:\/\/qingdaohf.com\/bg\/?s={search_term_string}\"},\"query-input\":{\"@type\":\"PropertyValueSpecification\",\"valueRequired\":true,\"valueName\":\"search_term_string\"}}],\"inLanguage\":\"sk-SK\"},{\"@type\":\"Organization\",\"@id\":\"https:\/\/qingdaohf.com\/bg\/#organization\",\"name\":\"Qingdao H&F\",\"url\":\"https:\/\/qingdaohf.com\/bg\/\",\"logo\":{\"@type\":\"ImageObject\",\"inLanguage\":\"sk-SK\",\"@id\":\"https:\/\/qingdaohf.com\/bg\/#\/schema\/logo\/image\/\",\"url\":\"https:\/\/qingdaohf.com\/wp-content\/uploads\/2022\/12\/cropped-HF-LOGO.png\",\"contentUrl\":\"https:\/\/qingdaohf.com\/wp-content\/uploads\/2022\/12\/cropped-HF-LOGO.png\",\"width\":391,\"height\":249,\"caption\":\"Qingdao H&F\"},\"image\":{\"@id\":\"https:\/\/qingdaohf.com\/bg\/#\/schema\/logo\/image\/\"},\"sameAs\":[\"https:\/\/www.facebook.com\/qingdaohf\"]}]}<\/script>\n<!-- \/ Yoast SEO plugin. -->","yoast_head_json":{"title":"Straight Threaded Anchor","description":"A Straight Threaded Anchor, also known as a Wedge Anchor, is a type of fastener that is commonly used to secure heavy loads into solid materials such as concrete or masonry.","robots":{"index":"index","follow":"follow","max-snippet":"max-snippet:-1","max-image-preview":"max-image-preview:large","max-video-preview":"max-video-preview:-1"},"canonical":"https:\/\/qingdaohf.com\/sk\/produkt\/priama-zavitova-kotva\/","og_locale":"sk_SK","og_type":"article","og_title":"Straight Threaded Anchor","og_description":"A Straight Threaded Anchor, also known as a Wedge Anchor, is a type of fastener that is commonly used to secure heavy loads into solid materials such as concrete or masonry.","og_url":"https:\/\/qingdaohf.com\/sk\/produkt\/priama-zavitova-kotva\/","og_site_name":"Concrete Form &amp; Rigging Hardware Supplier","article_publisher":"https:\/\/www.facebook.com\/qingdaohf","article_modified_time":"2025-11-13T01:05:51+00:00","og_image":[{"width":1000,"height":1000,"url":"https:\/\/qingdaohf.com\/wp-content\/uploads\/2023\/03\/straight-threaded-anchor-1.jpg","type":"image\/jpeg"}],"twitter_card":"summary_large_image","twitter_misc":{"Predpokladan\u00fd \u010das \u010d\u00edtania":"1 min\u00fata"},"schema":{"@context":"https:\/\/schema.org","@graph":[{"@type":"WebPage","@id":"https:\/\/qingdaohf.com\/product\/straight-threaded-anchor\/","url":"https:\/\/qingdaohf.com\/product\/straight-threaded-anchor\/","name":"Straight Threaded Anchor","isPartOf":{"@id":"https:\/\/qingdaohf.com\/bg\/#website"},"primaryImageOfPage":{"@id":"https:\/\/qingdaohf.com\/product\/straight-threaded-anchor\/#primaryimage"},"image":{"@id":"https:\/\/qingdaohf.com\/product\/straight-threaded-anchor\/#primaryimage"},"thumbnailUrl":"https:\/\/qingdaohf.com\/wp-content\/uploads\/2023\/03\/straight-threaded-anchor-1.jpg","datePublished":"2023-03-02T08:44:34+00:00","dateModified":"2025-11-13T01:05:51+00:00","description":"A Straight Threaded Anchor, also known as a Wedge Anchor, is a type of fastener that is commonly used to secure heavy loads into solid materials such as concrete or masonry.","breadcrumb":{"@id":"https:\/\/qingdaohf.com\/product\/straight-threaded-anchor\/#breadcrumb"},"inLanguage":"sk-SK","potentialAction":[{"@type":"ReadAction","target":["https:\/\/qingdaohf.com\/product\/straight-threaded-anchor\/"]}]},{"@type":"ImageObject","inLanguage":"sk-SK","@id":"https:\/\/qingdaohf.com\/product\/straight-threaded-anchor\/#primaryimage","url":"https:\/\/qingdaohf.com\/wp-content\/uploads\/2023\/03\/straight-threaded-anchor-1.jpg","contentUrl":"https:\/\/qingdaohf.com\/wp-content\/uploads\/2023\/03\/straight-threaded-anchor-1.jpg","width":1000,"height":1000,"caption":"Straight Threaded Anchor"},{"@type":"BreadcrumbList","@id":"https:\/\/qingdaohf.com\/product\/straight-threaded-anchor\/#breadcrumb","itemListElement":[{"@type":"ListItem","position":1,"name":"Home","item":"https:\/\/qingdaohf.com\/"},{"@type":"ListItem","position":2,"name":"Concrete Forming Accessories and Rigging Hardware","item":"https:\/\/qingdaohf.com\/bg\/?page_id=944"},{"@type":"ListItem","position":3,"name":"Straight Threaded Anchor"}]},{"@type":"WebSite","@id":"https:\/\/qingdaohf.com\/bg\/#website","url":"https:\/\/qingdaohf.com\/bg\/","name":"Concrete Form & Rigging Hardware Supplier","description":"","publisher":{"@id":"https:\/\/qingdaohf.com\/bg\/#organization"},"potentialAction":[{"@type":"SearchAction","target":{"@type":"EntryPoint","urlTemplate":"https:\/\/qingdaohf.com\/bg\/?s={search_term_string}"},"query-input":{"@type":"PropertyValueSpecification","valueRequired":true,"valueName":"search_term_string"}}],"inLanguage":"sk-SK"},{"@type":"Organization","@id":"https:\/\/qingdaohf.com\/bg\/#organization","name":"Qingdao H&F","url":"https:\/\/qingdaohf.com\/bg\/","logo":{"@type":"ImageObject","inLanguage":"sk-SK","@id":"https:\/\/qingdaohf.com\/bg\/#\/schema\/logo\/image\/","url":"https:\/\/qingdaohf.com\/wp-content\/uploads\/2022\/12\/cropped-HF-LOGO.png","contentUrl":"https:\/\/qingdaohf.com\/wp-content\/uploads\/2022\/12\/cropped-HF-LOGO.png","width":391,"height":249,"caption":"Qingdao H&F"},"image":{"@id":"https:\/\/qingdaohf.com\/bg\/#\/schema\/logo\/image\/"},"sameAs":["https:\/\/www.facebook.com\/qingdaohf"]}]}},"_links":{"self":[{"href":"https:\/\/qingdaohf.com\/sk\/wp-json\/wp\/v2\/product\/2663","targetHints":{"allow":["GET"]}}],"collection":[{"href":"https:\/\/qingdaohf.com\/sk\/wp-json\/wp\/v2\/product"}],"about":[{"href":"https:\/\/qingdaohf.com\/sk\/wp-json\/wp\/v2\/types\/product"}],"replies":[{"embeddable":true,"href":"https:\/\/qingdaohf.com\/sk\/wp-json\/wp\/v2\/comments?post=2663"}],"version-history":[{"count":2,"href":"https:\/\/qingdaohf.com\/sk\/wp-json\/wp\/v2\/product\/2663\/revisions"}],"predecessor-version":[{"id":6119,"href":"https:\/\/qingdaohf.com\/sk\/wp-json\/wp\/v2\/product\/2663\/revisions\/6119"}],"wp:featuredmedia":[{"embeddable":true,"href":"https:\/\/qingdaohf.com\/sk\/wp-json\/wp\/v2\/media\/3421"}],"wp:attachment":[{"href":"https:\/\/qingdaohf.com\/sk\/wp-json\/wp\/v2\/media?parent=2663"}],"wp:term":[{"taxonomy":"product_brand","embeddable":true,"href":"https:\/\/qingdaohf.com\/sk\/wp-json\/wp\/v2\/product_brand?post=2663"},{"taxonomy":"product_cat","embeddable":true,"href":"https:\/\/qingdaohf.com\/sk\/wp-json\/wp\/v2\/product_cat?post=2663"},{"taxonomy":"product_tag","embeddable":true,"href":"https:\/\/qingdaohf.com\/sk\/wp-json\/wp\/v2\/product_tag?post=2663"}],"curies":[{"name":"wp","href":"https:\/\/api.w.org\/{rel}","templated":true}]}}