{"id":2669,"date":"2023-03-03T10:35:35","date_gmt":"2023-03-03T02:35:35","guid":{"rendered":"http:\/\/qingdaohf.com\/?post_type=product&#038;p=2669"},"modified":"2025-11-13T09:05:34","modified_gmt":"2025-11-13T01:05:34","slug":"wire-rope-loop","status":"publish","type":"product","link":"https:\/\/qingdaohf.com\/sk\/produkt\/slucka-z-oceloveho-lana\/","title":{"rendered":"Zdv\u00edhacia slu\u010dka z oce\u013eov\u00e9ho lana"},"content":{"rendered":"<p>Lanov\u00e9 slu\u010dky sa zvy\u010dajne vyr\u00e1baj\u00fa spleten\u00edm alebo skr\u00faten\u00edm viacer\u00fdch vl\u00e1kien dr\u00f4tu, \u010d\u00edm sa vytvor\u00ed pevn\u00fd a pru\u017en\u00fd k\u00e1bel. Konce oce\u013eov\u00e9ho lana sa potom pripevnia k pr\u00edslu\u0161enstvu, napr\u00edklad k n\u00e1prstku alebo z\u00e1suvke, ktor\u00e9 sa pou\u017eije na vytvorenie slu\u010dky.<\/p>\n<p>Jednou z hlavn\u00fdch v\u00fdhod oce\u013eov\u00fdch lanov\u00fdch slu\u010diek je ich pevnos\u0165 a odolnos\u0165. Dok\u00e1\u017eu unies\u0165 ve\u013ek\u00e9 za\u0165a\u017eenie bez toho, aby sa zlomili alebo natiahli, a vydr\u017eia p\u00f4sobenie n\u00e1ro\u010dn\u00fdch prostred\u00ed, ako je slan\u00e1 voda, extr\u00e9mne teploty a chemik\u00e1lie.<\/p>\n<p>Oce\u013eov\u00e9 lanov\u00e9 slu\u010dky sa dod\u00e1vaj\u00fa v r\u00f4znych ve\u013ekostiach a konfigur\u00e1ci\u00e1ch vr\u00e1tane jedno- a viacnoh\u00fdch kon\u0161trukci\u00ed a mo\u017eno ich prisp\u00f4sobi\u0165 konkr\u00e9tnym potreb\u00e1m zdv\u00edhania. Je v\u0161ak d\u00f4le\u017eit\u00e9 zabezpe\u010di\u0165, aby bola lanov\u00e1 slu\u010dka spr\u00e1vne dimenzovan\u00e1 na zdv\u00edhan\u00e9 bremeno a aby sa pravidelne kontrolovala, \u010di nevykazuje zn\u00e1mky opotrebovania a po\u0161kodenia.<\/p>\n<p><img fetchpriority=\"high\" decoding=\"async\" class=\"alignnone size-full wp-image-3241\" src=\"http:\/\/qingdaohf.com\/wp-content\/uploads\/2023\/03\/Wire-Rope-Loop-6.jpg\" alt=\"Slu\u010dka z oce\u013eov\u00e9ho lana \" width=\"800\" height=\"235\" srcset=\"https:\/\/qingdaohf.com\/wp-content\/uploads\/2023\/03\/Wire-Rope-Loop-6.jpg 800w, https:\/\/qingdaohf.com\/wp-content\/uploads\/2023\/03\/Wire-Rope-Loop-6-300x88.jpg 300w, https:\/\/qingdaohf.com\/wp-content\/uploads\/2023\/03\/Wire-Rope-Loop-6-768x226.jpg 768w\" sizes=\"(max-width: 800px) 100vw, 800px\" \/><\/p>","protected":false},"excerpt":{"rendered":"<p>Smy\u010dka z oce\u013eov\u00e9ho lana, zn\u00e1ma aj ako z\u00e1ves z oce\u013eov\u00e9ho lana, je typ zdv\u00edhacieho z\u00e1vesu vyroben\u00e9ho z d\u013a\u017eky oce\u013eov\u00e9ho lana, ktor\u00e9 bolo vytvoren\u00e9 do slu\u010dky. Oce\u013eov\u00e9 lanov\u00e9 slu\u010dky sa be\u017ene pou\u017e\u00edvaj\u00fa v stavebn\u00edctve, lodnej doprave a in\u00fdch odvetviach na zdv\u00edhanie a premiest\u0148ovanie \u0165a\u017ek\u00fdch predmetov.<\/p>","protected":false},"featured_media":3242,"comment_status":"open","ping_status":"closed","template":"","meta":{"site-sidebar-layout":"default","site-content-layout":"default","ast-site-content-layout":"default","site-content-style":"default","site-sidebar-style":"default","ast-global-header-display":"","ast-banner-title-visibility":"","ast-main-header-display":"","ast-hfb-above-header-display":"","ast-hfb-below-header-display":"","ast-hfb-mobile-header-display":"","site-post-title":"","ast-breadcrumbs-content":"","ast-featured-img":"","footer-sml-layout":"","theme-transparent-header-meta":"default","adv-header-id-meta":"","stick-header-meta":"default","header-above-stick-meta":"","header-main-stick-meta":"","header-below-stick-meta":"","astra-migrate-meta-layouts":"set","ast-page-background-enabled":"default","ast-page-background-meta":{"desktop":{"background-color":"","background-image":"","background-repeat":"repeat","background-position":"center center","background-size":"auto","background-attachment":"scroll","background-type":"","background-media":"","overlay-type":"","overlay-color":"","overlay-opacity":"","overlay-gradient":""},"tablet":{"background-color":"","background-image":"","background-repeat":"repeat","background-position":"center center","background-size":"auto","background-attachment":"scroll","background-type":"","background-media":"","overlay-type":"","overlay-color":"","overlay-opacity":"","overlay-gradient":""},"mobile":{"background-color":"","background-image":"","background-repeat":"repeat","background-position":"center center","background-size":"auto","background-attachment":"scroll","background-type":"","background-media":"","overlay-type":"","overlay-color":"","overlay-opacity":"","overlay-gradient":""}},"ast-content-background-meta":{"desktop":{"background-color":"var(--ast-global-color-5)","background-image":"","background-repeat":"repeat","background-position":"center center","background-size":"auto","background-attachment":"scroll","background-type":"","background-media":"","overlay-type":"","overlay-color":"","overlay-opacity":"","overlay-gradient":""},"tablet":{"background-color":"var(--ast-global-color-5)","background-image":"","background-repeat":"repeat","background-position":"center center","background-size":"auto","background-attachment":"scroll","background-type":"","background-media":"","overlay-type":"","overlay-color":"","overlay-opacity":"","overlay-gradient":""},"mobile":{"background-color":"var(--ast-global-color-5)","background-image":"","background-repeat":"repeat","background-position":"center center","background-size":"auto","background-attachment":"scroll","background-type":"","background-media":"","overlay-type":"","overlay-color":"","overlay-opacity":"","overlay-gradient":""}}},"product_brand":[],"product_cat":[50,30],"product_tag":[],"class_list":{"0":"post-2669","1":"product","2":"type-product","3":"status-publish","4":"has-post-thumbnail","6":"product_cat-concrete-form-accessories","7":"product_cat-lifting-anchor","8":"desktop-align-left","9":"tablet-align-left","10":"mobile-align-left","11":"ast-product-gallery-layout-horizontal-slider","12":"ast-product-tabs-layout-horizontal","14":"first","15":"instock","16":"shipping-taxable","17":"purchasable","18":"product-type-simple"},"yoast_head":"<!-- This site is optimized with the Yoast SEO plugin v25.2 - https:\/\/yoast.com\/wordpress\/plugins\/seo\/ -->\n<title>Wire Rope Lifting Loop<\/title>\n<meta name=\"description\" content=\"A wire rope loop, also known as a wire rope sling, is a type of lifting sling made from a length of wire rope that has been formed into a loop.\" \/>\n<meta name=\"robots\" content=\"index, follow, max-snippet:-1, max-image-preview:large, max-video-preview:-1\" \/>\n<link rel=\"canonical\" href=\"https:\/\/qingdaohf.com\/sk\/produkt\/slucka-z-oceloveho-lana\/\" \/>\n<meta property=\"og:locale\" content=\"sk_SK\" \/>\n<meta property=\"og:type\" content=\"article\" \/>\n<meta property=\"og:title\" content=\"Wire Rope Lifting Loop\" \/>\n<meta property=\"og:description\" content=\"A wire rope loop, also known as a wire rope sling, is a type of lifting sling made from a length of wire rope that has been formed into a loop.\" \/>\n<meta property=\"og:url\" content=\"https:\/\/qingdaohf.com\/sk\/produkt\/slucka-z-oceloveho-lana\/\" \/>\n<meta property=\"og:site_name\" content=\"Concrete Form &amp; Rigging Hardware Supplier\" \/>\n<meta property=\"article:publisher\" content=\"https:\/\/www.facebook.com\/qingdaohf\" \/>\n<meta property=\"article:modified_time\" content=\"2025-11-13T01:05:34+00:00\" \/>\n<meta property=\"og:image\" content=\"https:\/\/qingdaohf.com\/wp-content\/uploads\/2023\/03\/Wire-Rope-Loop-2.jpg\" \/>\n\t<meta property=\"og:image:width\" content=\"1000\" \/>\n\t<meta property=\"og:image:height\" content=\"1000\" \/>\n\t<meta property=\"og:image:type\" content=\"image\/jpeg\" \/>\n<meta name=\"twitter:card\" content=\"summary_large_image\" \/>\n<meta name=\"twitter:label1\" content=\"Predpokladan\u00fd \u010das \u010d\u00edtania\" \/>\n\t<meta name=\"twitter:data1\" content=\"2 min\u00faty\" \/>\n<script type=\"application\/ld+json\" class=\"yoast-schema-graph\">{\"@context\":\"https:\/\/schema.org\",\"@graph\":[{\"@type\":\"WebPage\",\"@id\":\"https:\/\/qingdaohf.com\/product\/wire-rope-loop\/\",\"url\":\"https:\/\/qingdaohf.com\/product\/wire-rope-loop\/\",\"name\":\"Wire Rope Lifting Loop\",\"isPartOf\":{\"@id\":\"https:\/\/qingdaohf.com\/bg\/#website\"},\"primaryImageOfPage\":{\"@id\":\"https:\/\/qingdaohf.com\/product\/wire-rope-loop\/#primaryimage\"},\"image\":{\"@id\":\"https:\/\/qingdaohf.com\/product\/wire-rope-loop\/#primaryimage\"},\"thumbnailUrl\":\"https:\/\/qingdaohf.com\/wp-content\/uploads\/2023\/03\/Wire-Rope-Loop-2.jpg\",\"datePublished\":\"2023-03-03T02:35:35+00:00\",\"dateModified\":\"2025-11-13T01:05:34+00:00\",\"description\":\"A wire rope loop, also known as a wire rope sling, is a type of lifting sling made from a length of wire rope that has been formed into a loop.\",\"breadcrumb\":{\"@id\":\"https:\/\/qingdaohf.com\/product\/wire-rope-loop\/#breadcrumb\"},\"inLanguage\":\"sk-SK\",\"potentialAction\":[{\"@type\":\"ReadAction\",\"target\":[\"https:\/\/qingdaohf.com\/product\/wire-rope-loop\/\"]}]},{\"@type\":\"ImageObject\",\"inLanguage\":\"sk-SK\",\"@id\":\"https:\/\/qingdaohf.com\/product\/wire-rope-loop\/#primaryimage\",\"url\":\"https:\/\/qingdaohf.com\/wp-content\/uploads\/2023\/03\/Wire-Rope-Loop-2.jpg\",\"contentUrl\":\"https:\/\/qingdaohf.com\/wp-content\/uploads\/2023\/03\/Wire-Rope-Loop-2.jpg\",\"width\":1000,\"height\":1000,\"caption\":\"Wire Rope Loop\"},{\"@type\":\"BreadcrumbList\",\"@id\":\"https:\/\/qingdaohf.com\/product\/wire-rope-loop\/#breadcrumb\",\"itemListElement\":[{\"@type\":\"ListItem\",\"position\":1,\"name\":\"Home\",\"item\":\"https:\/\/qingdaohf.com\/\"},{\"@type\":\"ListItem\",\"position\":2,\"name\":\"Concrete Forming Accessories and Rigging Hardware\",\"item\":\"https:\/\/qingdaohf.com\/bg\/?page_id=944\"},{\"@type\":\"ListItem\",\"position\":3,\"name\":\"Wire Rope Lifting Loop\"}]},{\"@type\":\"WebSite\",\"@id\":\"https:\/\/qingdaohf.com\/bg\/#website\",\"url\":\"https:\/\/qingdaohf.com\/bg\/\",\"name\":\"Concrete Form & Rigging Hardware Supplier\",\"description\":\"\",\"publisher\":{\"@id\":\"https:\/\/qingdaohf.com\/bg\/#organization\"},\"potentialAction\":[{\"@type\":\"SearchAction\",\"target\":{\"@type\":\"EntryPoint\",\"urlTemplate\":\"https:\/\/qingdaohf.com\/bg\/?s={search_term_string}\"},\"query-input\":{\"@type\":\"PropertyValueSpecification\",\"valueRequired\":true,\"valueName\":\"search_term_string\"}}],\"inLanguage\":\"sk-SK\"},{\"@type\":\"Organization\",\"@id\":\"https:\/\/qingdaohf.com\/bg\/#organization\",\"name\":\"Qingdao H&F\",\"url\":\"https:\/\/qingdaohf.com\/bg\/\",\"logo\":{\"@type\":\"ImageObject\",\"inLanguage\":\"sk-SK\",\"@id\":\"https:\/\/qingdaohf.com\/bg\/#\/schema\/logo\/image\/\",\"url\":\"https:\/\/qingdaohf.com\/wp-content\/uploads\/2022\/12\/cropped-HF-LOGO.png\",\"contentUrl\":\"https:\/\/qingdaohf.com\/wp-content\/uploads\/2022\/12\/cropped-HF-LOGO.png\",\"width\":391,\"height\":249,\"caption\":\"Qingdao H&F\"},\"image\":{\"@id\":\"https:\/\/qingdaohf.com\/bg\/#\/schema\/logo\/image\/\"},\"sameAs\":[\"https:\/\/www.facebook.com\/qingdaohf\"]}]}<\/script>\n<!-- \/ Yoast SEO plugin. -->","yoast_head_json":{"title":"Wire Rope Lifting Loop","description":"A wire rope loop, also known as a wire rope sling, is a type of lifting sling made from a length of wire rope that has been formed into a loop.","robots":{"index":"index","follow":"follow","max-snippet":"max-snippet:-1","max-image-preview":"max-image-preview:large","max-video-preview":"max-video-preview:-1"},"canonical":"https:\/\/qingdaohf.com\/sk\/produkt\/slucka-z-oceloveho-lana\/","og_locale":"sk_SK","og_type":"article","og_title":"Wire Rope Lifting Loop","og_description":"A wire rope loop, also known as a wire rope sling, is a type of lifting sling made from a length of wire rope that has been formed into a loop.","og_url":"https:\/\/qingdaohf.com\/sk\/produkt\/slucka-z-oceloveho-lana\/","og_site_name":"Concrete Form &amp; Rigging Hardware Supplier","article_publisher":"https:\/\/www.facebook.com\/qingdaohf","article_modified_time":"2025-11-13T01:05:34+00:00","og_image":[{"width":1000,"height":1000,"url":"https:\/\/qingdaohf.com\/wp-content\/uploads\/2023\/03\/Wire-Rope-Loop-2.jpg","type":"image\/jpeg"}],"twitter_card":"summary_large_image","twitter_misc":{"Predpokladan\u00fd \u010das \u010d\u00edtania":"2 min\u00faty"},"schema":{"@context":"https:\/\/schema.org","@graph":[{"@type":"WebPage","@id":"https:\/\/qingdaohf.com\/product\/wire-rope-loop\/","url":"https:\/\/qingdaohf.com\/product\/wire-rope-loop\/","name":"Wire Rope Lifting Loop","isPartOf":{"@id":"https:\/\/qingdaohf.com\/bg\/#website"},"primaryImageOfPage":{"@id":"https:\/\/qingdaohf.com\/product\/wire-rope-loop\/#primaryimage"},"image":{"@id":"https:\/\/qingdaohf.com\/product\/wire-rope-loop\/#primaryimage"},"thumbnailUrl":"https:\/\/qingdaohf.com\/wp-content\/uploads\/2023\/03\/Wire-Rope-Loop-2.jpg","datePublished":"2023-03-03T02:35:35+00:00","dateModified":"2025-11-13T01:05:34+00:00","description":"A wire rope loop, also known as a wire rope sling, is a type of lifting sling made from a length of wire rope that has been formed into a loop.","breadcrumb":{"@id":"https:\/\/qingdaohf.com\/product\/wire-rope-loop\/#breadcrumb"},"inLanguage":"sk-SK","potentialAction":[{"@type":"ReadAction","target":["https:\/\/qingdaohf.com\/product\/wire-rope-loop\/"]}]},{"@type":"ImageObject","inLanguage":"sk-SK","@id":"https:\/\/qingdaohf.com\/product\/wire-rope-loop\/#primaryimage","url":"https:\/\/qingdaohf.com\/wp-content\/uploads\/2023\/03\/Wire-Rope-Loop-2.jpg","contentUrl":"https:\/\/qingdaohf.com\/wp-content\/uploads\/2023\/03\/Wire-Rope-Loop-2.jpg","width":1000,"height":1000,"caption":"Wire Rope Loop"},{"@type":"BreadcrumbList","@id":"https:\/\/qingdaohf.com\/product\/wire-rope-loop\/#breadcrumb","itemListElement":[{"@type":"ListItem","position":1,"name":"Home","item":"https:\/\/qingdaohf.com\/"},{"@type":"ListItem","position":2,"name":"Concrete Forming Accessories and Rigging Hardware","item":"https:\/\/qingdaohf.com\/bg\/?page_id=944"},{"@type":"ListItem","position":3,"name":"Wire Rope Lifting Loop"}]},{"@type":"WebSite","@id":"https:\/\/qingdaohf.com\/bg\/#website","url":"https:\/\/qingdaohf.com\/bg\/","name":"Concrete Form & Rigging Hardware Supplier","description":"","publisher":{"@id":"https:\/\/qingdaohf.com\/bg\/#organization"},"potentialAction":[{"@type":"SearchAction","target":{"@type":"EntryPoint","urlTemplate":"https:\/\/qingdaohf.com\/bg\/?s={search_term_string}"},"query-input":{"@type":"PropertyValueSpecification","valueRequired":true,"valueName":"search_term_string"}}],"inLanguage":"sk-SK"},{"@type":"Organization","@id":"https:\/\/qingdaohf.com\/bg\/#organization","name":"Qingdao H&F","url":"https:\/\/qingdaohf.com\/bg\/","logo":{"@type":"ImageObject","inLanguage":"sk-SK","@id":"https:\/\/qingdaohf.com\/bg\/#\/schema\/logo\/image\/","url":"https:\/\/qingdaohf.com\/wp-content\/uploads\/2022\/12\/cropped-HF-LOGO.png","contentUrl":"https:\/\/qingdaohf.com\/wp-content\/uploads\/2022\/12\/cropped-HF-LOGO.png","width":391,"height":249,"caption":"Qingdao H&F"},"image":{"@id":"https:\/\/qingdaohf.com\/bg\/#\/schema\/logo\/image\/"},"sameAs":["https:\/\/www.facebook.com\/qingdaohf"]}]}},"_links":{"self":[{"href":"https:\/\/qingdaohf.com\/sk\/wp-json\/wp\/v2\/product\/2669","targetHints":{"allow":["GET"]}}],"collection":[{"href":"https:\/\/qingdaohf.com\/sk\/wp-json\/wp\/v2\/product"}],"about":[{"href":"https:\/\/qingdaohf.com\/sk\/wp-json\/wp\/v2\/types\/product"}],"replies":[{"embeddable":true,"href":"https:\/\/qingdaohf.com\/sk\/wp-json\/wp\/v2\/comments?post=2669"}],"version-history":[{"count":4,"href":"https:\/\/qingdaohf.com\/sk\/wp-json\/wp\/v2\/product\/2669\/revisions"}],"predecessor-version":[{"id":7427,"href":"https:\/\/qingdaohf.com\/sk\/wp-json\/wp\/v2\/product\/2669\/revisions\/7427"}],"wp:featuredmedia":[{"embeddable":true,"href":"https:\/\/qingdaohf.com\/sk\/wp-json\/wp\/v2\/media\/3242"}],"wp:attachment":[{"href":"https:\/\/qingdaohf.com\/sk\/wp-json\/wp\/v2\/media?parent=2669"}],"wp:term":[{"taxonomy":"product_brand","embeddable":true,"href":"https:\/\/qingdaohf.com\/sk\/wp-json\/wp\/v2\/product_brand?post=2669"},{"taxonomy":"product_cat","embeddable":true,"href":"https:\/\/qingdaohf.com\/sk\/wp-json\/wp\/v2\/product_cat?post=2669"},{"taxonomy":"product_tag","embeddable":true,"href":"https:\/\/qingdaohf.com\/sk\/wp-json\/wp\/v2\/product_tag?post=2669"}],"curies":[{"name":"wp","href":"https:\/\/api.w.org\/{rel}","templated":true}]}}