{"id":2698,"date":"2023-03-06T17:54:45","date_gmt":"2023-03-06T09:54:45","guid":{"rendered":"http:\/\/qingdaohf.com\/?post_type=product&#038;p=2698"},"modified":"2025-11-13T09:05:32","modified_gmt":"2025-11-13T01:05:32","slug":"magnetic-recess-former","status":"publish","type":"product","link":"https:\/\/qingdaohf.com\/sk\/produkt\/magneticka-priehlbina\/","title":{"rendered":"Magnetick\u00e1 z\u00e1pustka"},"content":{"rendered":"<p>Magnet na vytv\u00e1ranie priehlb\u00edn v bet\u00f3nov\u00fdch prefabrik\u00e1toch je \u0161pecializovan\u00fd n\u00e1stroj pou\u017e\u00edvan\u00fd v stavebn\u00edctve na vytv\u00e1ranie priehlb\u00edn alebo dut\u00edn v bet\u00f3nov\u00fdch prefabrik\u00e1toch. Sklad\u00e1 sa z magnetu a oce\u013eov\u00e9ho pl\u00e1\u0161\u0165a, ktor\u00e9 sa umiestnia do formy pred vyliat\u00edm bet\u00f3nu. Po vytvrdnut\u00ed bet\u00f3nu sa magnet odstr\u00e1ni a v bet\u00f3ne zostane dokonale vytvoren\u00e1 priehlbina.<\/p>\n<p>Tieto v\u00fdklenky sa \u010dasto pou\u017e\u00edvaj\u00fa na u\u013eah\u010denie in\u0161tal\u00e1cie pr\u00edslu\u0161enstva alebo komponentov, ako s\u00fa elektrick\u00e9 skrinky alebo vodovodn\u00e9 potrubia. Pou\u017eitie prefabrikovan\u00fdch magnetov na vytv\u00e1ranie v\u00fdklenkov m\u00f4\u017ee v\u00fdrazne ur\u00fdchli\u0165 proces v\u00fdstavby a zn\u00ed\u017ei\u0165 n\u00e1klady na pracovn\u00fa silu t\u00fdm, \u017ee odpad\u00e1 potreba ru\u010dn\u00e9ho rezania alebo v\u0155tania v\u00fdklenkov.<\/p>\n<p><strong>Magnetick\u00e1 z\u00e1klad\u0148a<\/strong>: Z\u00e1pustka je vybaven\u00e1 siln\u00fdmi magnetmi, ktor\u00e9 sa bezpe\u010dne pripevnia ku kovov\u00fdm povrchom, \u010d\u00edm sa zabezpe\u010d\u00ed stabilita a presn\u00e9 umiestnenie po\u010das in\u0161tal\u00e1cie.<\/p>\n<p><strong>Nastavite\u013en\u00e1 h\u013abka<\/strong>: Pou\u017e\u00edvatelia m\u00f4\u017eu \u013eahko upravi\u0165 h\u013abku v\u00fdklenku pod\u013ea konkr\u00e9tnych po\u017eiadaviek, \u010do umo\u017e\u0148uje flexibilitu pri umiest\u0148ovan\u00ed r\u00f4znych svietidiel a elektrick\u00fdch komponentov.<\/p>\n<p><strong>Jednoduch\u00e1 in\u0161tal\u00e1cia<\/strong>: Magnetick\u00e1 dr\u00e1\u017ekova\u010dka zjednodu\u0161uje proces vytv\u00e1rania dr\u00e1\u017eok a odstra\u0148uje potrebu zlo\u017eit\u00e9ho merania a ozna\u010dovania. Jeho intuit\u00edvny dizajn umo\u017e\u0148uje r\u00fdchlu a presn\u00fa in\u0161tal\u00e1ciu, \u010d\u00edm \u0161etr\u00ed \u010das a n\u00e1mahu na pracovisku.<\/p>\n<p><strong>Odoln\u00e1 kon\u0161trukcia<\/strong>: Vyroben\u00fd z vysokokvalitn\u00fdch materi\u00e1lov, je kon\u0161truovan\u00fd tak, aby odol\u00e1val n\u00e1ro\u010dn\u00fdm podmienkam v stavebnom prostred\u00ed a zabezpe\u010dil dlhodob\u00fa \u017eivotnos\u0165 a spo\u013eahlivos\u0165.<\/p>\n<p><strong>Univerz\u00e1lna kompatibilita<\/strong>: Magnetick\u00e1 vpus\u0165 je kompatibiln\u00e1 so \u0161irokou \u0161k\u00e1lou materi\u00e1lov vr\u00e1tane sadrokart\u00f3nu, dreva, omietky a \u010fal\u0161\u00edch, je vhodn\u00e1 na r\u00f4zne stavebn\u00e9 a renova\u010dn\u00e9 projekty.<\/p>\n<p><strong>Bezpe\u010dnos\u0165<\/strong>: Z\u00e1pustka podporuje bezpe\u010dnos\u0165 t\u00fdm, \u017ee poskytuje presn\u00fa a kontrolovan\u00fa met\u00f3du vytv\u00e1rania z\u00e1pustiek, \u010d\u00edm zni\u017euje riziko ch\u00fdb alebo neh\u00f4d po\u010das in\u0161tal\u00e1cie.<\/p>\n<div class=\"ast-oembed-container\" style=\"height: 100%;\"><iframe title=\"testovanie b\u00fdval\u00fdch magnetov\" width=\"500\" height=\"281\" src=\"https:\/\/www.youtube.com\/embed\/qN5QjbRsaqI?feature=oembed\" frameborder=\"0\" allow=\"accelerometer; autoplay; clipboard-write; encrypted-media; gyroscope; picture-in-picture; web-share\" referrerpolicy=\"strict-origin-when-cross-origin\" allowfullscreen><\/iframe><\/div>\n<p><img fetchpriority=\"high\" decoding=\"async\" class=\"alignnone size-full wp-image-3492\" src=\"http:\/\/qingdaohf.com\/wp-content\/uploads\/2023\/03\/73-1.jpg\" alt=\"karta\" width=\"1200\" height=\"1288\" srcset=\"https:\/\/qingdaohf.com\/wp-content\/uploads\/2023\/03\/73-1.jpg 1200w, https:\/\/qingdaohf.com\/wp-content\/uploads\/2023\/03\/73-1-280x300.jpg 280w, https:\/\/qingdaohf.com\/wp-content\/uploads\/2023\/03\/73-1-954x1024.jpg 954w, https:\/\/qingdaohf.com\/wp-content\/uploads\/2023\/03\/73-1-768x824.jpg 768w, https:\/\/qingdaohf.com\/wp-content\/uploads\/2023\/03\/73-1-1000x1073.jpg 1000w\" sizes=\"(max-width: 1200px) 100vw, 1200px\" \/><\/p>\n<p><img decoding=\"async\" class=\"alignnone size-full wp-image-3496\" src=\"http:\/\/qingdaohf.com\/wp-content\/uploads\/2023\/03\/recess-former-magnet-8.jpg\" alt=\"zapusten\u00fd b\u00fdval\u00fd magnet\" width=\"800\" height=\"1777\" srcset=\"https:\/\/qingdaohf.com\/wp-content\/uploads\/2023\/03\/recess-former-magnet-8.jpg 800w, https:\/\/qingdaohf.com\/wp-content\/uploads\/2023\/03\/recess-former-magnet-8-135x300.jpg 135w, https:\/\/qingdaohf.com\/wp-content\/uploads\/2023\/03\/recess-former-magnet-8-461x1024.jpg 461w, https:\/\/qingdaohf.com\/wp-content\/uploads\/2023\/03\/recess-former-magnet-8-768x1706.jpg 768w, https:\/\/qingdaohf.com\/wp-content\/uploads\/2023\/03\/recess-former-magnet-8-692x1536.jpg 692w\" sizes=\"(max-width: 800px) 100vw, 800px\" \/> \u00a0<img decoding=\"async\" class=\"alignnone size-full wp-image-3495\" src=\"http:\/\/qingdaohf.com\/wp-content\/uploads\/2023\/03\/recess-former-magnet-7.jpg\" alt=\"zapusten\u00fd b\u00fdval\u00fd magnet\" width=\"800\" height=\"1777\" srcset=\"https:\/\/qingdaohf.com\/wp-content\/uploads\/2023\/03\/recess-former-magnet-7.jpg 800w, https:\/\/qingdaohf.com\/wp-content\/uploads\/2023\/03\/recess-former-magnet-7-135x300.jpg 135w, https:\/\/qingdaohf.com\/wp-content\/uploads\/2023\/03\/recess-former-magnet-7-461x1024.jpg 461w, https:\/\/qingdaohf.com\/wp-content\/uploads\/2023\/03\/recess-former-magnet-7-768x1706.jpg 768w, https:\/\/qingdaohf.com\/wp-content\/uploads\/2023\/03\/recess-former-magnet-7-692x1536.jpg 692w\" sizes=\"(max-width: 800px) 100vw, 800px\" \/><\/p>","protected":false},"excerpt":{"rendered":"<p>Magnetick\u00e1 tvarovka je revolu\u010dn\u00fd n\u00e1stroj ur\u010den\u00fd na pou\u017eitie v stavebn\u00fdch a renova\u010dn\u00fdch projektoch. Sl\u00fa\u017ei ako pohodln\u00e9 rie\u0161enie na vytv\u00e1ranie priehlb\u00edn alebo z\u00e1rezov v r\u00f4znych materi\u00e1loch vr\u00e1tane sadrokart\u00f3nu, dreva a omietky na umiestnenie elektrick\u00fdch z\u00e1suviek, vyp\u00edna\u010dov a in\u00fdch zariaden\u00ed.<\/p>","protected":false},"featured_media":3489,"comment_status":"open","ping_status":"closed","template":"","meta":{"site-sidebar-layout":"default","site-content-layout":"default","ast-site-content-layout":"default","site-content-style":"default","site-sidebar-style":"default","ast-global-header-display":"","ast-banner-title-visibility":"","ast-main-header-display":"","ast-hfb-above-header-display":"","ast-hfb-below-header-display":"","ast-hfb-mobile-header-display":"","site-post-title":"","ast-breadcrumbs-content":"","ast-featured-img":"","footer-sml-layout":"","theme-transparent-header-meta":"default","adv-header-id-meta":"","stick-header-meta":"default","header-above-stick-meta":"","header-main-stick-meta":"","header-below-stick-meta":"","astra-migrate-meta-layouts":"set","ast-page-background-enabled":"default","ast-page-background-meta":{"desktop":{"background-color":"","background-image":"","background-repeat":"repeat","background-position":"center center","background-size":"auto","background-attachment":"scroll","background-type":"","background-media":"","overlay-type":"","overlay-color":"","overlay-opacity":"","overlay-gradient":""},"tablet":{"background-color":"","background-image":"","background-repeat":"repeat","background-position":"center center","background-size":"auto","background-attachment":"scroll","background-type":"","background-media":"","overlay-type":"","overlay-color":"","overlay-opacity":"","overlay-gradient":""},"mobile":{"background-color":"","background-image":"","background-repeat":"repeat","background-position":"center center","background-size":"auto","background-attachment":"scroll","background-type":"","background-media":"","overlay-type":"","overlay-color":"","overlay-opacity":"","overlay-gradient":""}},"ast-content-background-meta":{"desktop":{"background-color":"var(--ast-global-color-5)","background-image":"","background-repeat":"repeat","background-position":"center center","background-size":"auto","background-attachment":"scroll","background-type":"","background-media":"","overlay-type":"","overlay-color":"","overlay-opacity":"","overlay-gradient":""},"tablet":{"background-color":"var(--ast-global-color-5)","background-image":"","background-repeat":"repeat","background-position":"center center","background-size":"auto","background-attachment":"scroll","background-type":"","background-media":"","overlay-type":"","overlay-color":"","overlay-opacity":"","overlay-gradient":""},"mobile":{"background-color":"var(--ast-global-color-5)","background-image":"","background-repeat":"repeat","background-position":"center center","background-size":"auto","background-attachment":"scroll","background-type":"","background-media":"","overlay-type":"","overlay-color":"","overlay-opacity":"","overlay-gradient":""}}},"product_brand":[],"product_cat":[28],"product_tag":[],"class_list":{"0":"post-2698","1":"product","2":"type-product","3":"status-publish","4":"has-post-thumbnail","6":"product_cat-concrete-forming","7":"desktop-align-left","8":"tablet-align-left","9":"mobile-align-left","10":"ast-product-gallery-layout-horizontal-slider","11":"ast-product-tabs-layout-horizontal","13":"first","14":"instock","15":"shipping-taxable","16":"purchasable","17":"product-type-simple"},"yoast_head":"<!-- This site is optimized with the Yoast SEO plugin v25.2 - https:\/\/yoast.com\/wordpress\/plugins\/seo\/ -->\n<title>Magnetic Recess Former<\/title>\n<meta name=\"description\" content=\"A precast concrete recess former magnet is a specialized tool used in construction to create recesses or voids in precast concrete components.\" \/>\n<meta name=\"robots\" content=\"index, follow, max-snippet:-1, max-image-preview:large, max-video-preview:-1\" \/>\n<link rel=\"canonical\" href=\"https:\/\/qingdaohf.com\/sk\/produkt\/magneticka-priehlbina\/\" \/>\n<meta property=\"og:locale\" content=\"sk_SK\" \/>\n<meta property=\"og:type\" content=\"article\" \/>\n<meta property=\"og:title\" content=\"Magnetic Recess Former\" \/>\n<meta property=\"og:description\" content=\"A precast concrete recess former magnet is a specialized tool used in construction to create recesses or voids in precast concrete components.\" \/>\n<meta property=\"og:url\" content=\"https:\/\/qingdaohf.com\/sk\/produkt\/magneticka-priehlbina\/\" \/>\n<meta property=\"og:site_name\" content=\"Concrete Form &amp; Rigging Hardware Supplier\" \/>\n<meta property=\"article:publisher\" content=\"https:\/\/www.facebook.com\/qingdaohf\" \/>\n<meta property=\"article:modified_time\" content=\"2025-11-13T01:05:32+00:00\" \/>\n<meta property=\"og:image\" content=\"https:\/\/qingdaohf.com\/wp-content\/uploads\/2023\/03\/recess-former-magnet-5.jpg\" \/>\n\t<meta property=\"og:image:width\" content=\"1000\" \/>\n\t<meta property=\"og:image:height\" content=\"1000\" \/>\n\t<meta property=\"og:image:type\" content=\"image\/jpeg\" \/>\n<meta name=\"twitter:card\" content=\"summary_large_image\" \/>\n<meta name=\"twitter:label1\" content=\"Predpokladan\u00fd \u010das \u010d\u00edtania\" \/>\n\t<meta name=\"twitter:data1\" content=\"2 min\u00faty\" \/>\n<script type=\"application\/ld+json\" class=\"yoast-schema-graph\">{\"@context\":\"https:\/\/schema.org\",\"@graph\":[{\"@type\":\"WebPage\",\"@id\":\"https:\/\/qingdaohf.com\/product\/magnetic-recess-former\/\",\"url\":\"https:\/\/qingdaohf.com\/product\/magnetic-recess-former\/\",\"name\":\"Magnetic Recess Former\",\"isPartOf\":{\"@id\":\"https:\/\/qingdaohf.com\/bg\/#website\"},\"primaryImageOfPage\":{\"@id\":\"https:\/\/qingdaohf.com\/product\/magnetic-recess-former\/#primaryimage\"},\"image\":{\"@id\":\"https:\/\/qingdaohf.com\/product\/magnetic-recess-former\/#primaryimage\"},\"thumbnailUrl\":\"https:\/\/qingdaohf.com\/wp-content\/uploads\/2023\/03\/recess-former-magnet-5.jpg\",\"datePublished\":\"2023-03-06T09:54:45+00:00\",\"dateModified\":\"2025-11-13T01:05:32+00:00\",\"description\":\"A precast concrete recess former magnet is a specialized tool used in construction to create recesses or voids in precast concrete components.\",\"breadcrumb\":{\"@id\":\"https:\/\/qingdaohf.com\/product\/magnetic-recess-former\/#breadcrumb\"},\"inLanguage\":\"sk-SK\",\"potentialAction\":[{\"@type\":\"ReadAction\",\"target\":[\"https:\/\/qingdaohf.com\/product\/magnetic-recess-former\/\"]}]},{\"@type\":\"ImageObject\",\"inLanguage\":\"sk-SK\",\"@id\":\"https:\/\/qingdaohf.com\/product\/magnetic-recess-former\/#primaryimage\",\"url\":\"https:\/\/qingdaohf.com\/wp-content\/uploads\/2023\/03\/recess-former-magnet-5.jpg\",\"contentUrl\":\"https:\/\/qingdaohf.com\/wp-content\/uploads\/2023\/03\/recess-former-magnet-5.jpg\",\"width\":1000,\"height\":1000,\"caption\":\"recess former magnet\"},{\"@type\":\"BreadcrumbList\",\"@id\":\"https:\/\/qingdaohf.com\/product\/magnetic-recess-former\/#breadcrumb\",\"itemListElement\":[{\"@type\":\"ListItem\",\"position\":1,\"name\":\"Home\",\"item\":\"https:\/\/qingdaohf.com\/\"},{\"@type\":\"ListItem\",\"position\":2,\"name\":\"Concrete Forming Accessories and Rigging Hardware\",\"item\":\"https:\/\/qingdaohf.com\/bg\/?page_id=944\"},{\"@type\":\"ListItem\",\"position\":3,\"name\":\"Magnetic Recess Former\"}]},{\"@type\":\"WebSite\",\"@id\":\"https:\/\/qingdaohf.com\/bg\/#website\",\"url\":\"https:\/\/qingdaohf.com\/bg\/\",\"name\":\"Concrete Form & Rigging Hardware Supplier\",\"description\":\"\",\"publisher\":{\"@id\":\"https:\/\/qingdaohf.com\/bg\/#organization\"},\"potentialAction\":[{\"@type\":\"SearchAction\",\"target\":{\"@type\":\"EntryPoint\",\"urlTemplate\":\"https:\/\/qingdaohf.com\/bg\/?s={search_term_string}\"},\"query-input\":{\"@type\":\"PropertyValueSpecification\",\"valueRequired\":true,\"valueName\":\"search_term_string\"}}],\"inLanguage\":\"sk-SK\"},{\"@type\":\"Organization\",\"@id\":\"https:\/\/qingdaohf.com\/bg\/#organization\",\"name\":\"Qingdao H&F\",\"url\":\"https:\/\/qingdaohf.com\/bg\/\",\"logo\":{\"@type\":\"ImageObject\",\"inLanguage\":\"sk-SK\",\"@id\":\"https:\/\/qingdaohf.com\/bg\/#\/schema\/logo\/image\/\",\"url\":\"https:\/\/qingdaohf.com\/wp-content\/uploads\/2022\/12\/cropped-HF-LOGO.png\",\"contentUrl\":\"https:\/\/qingdaohf.com\/wp-content\/uploads\/2022\/12\/cropped-HF-LOGO.png\",\"width\":391,\"height\":249,\"caption\":\"Qingdao H&F\"},\"image\":{\"@id\":\"https:\/\/qingdaohf.com\/bg\/#\/schema\/logo\/image\/\"},\"sameAs\":[\"https:\/\/www.facebook.com\/qingdaohf\"]}]}<\/script>\n<!-- \/ Yoast SEO plugin. -->","yoast_head_json":{"title":"Magnetic Recess Former","description":"A precast concrete recess former magnet is a specialized tool used in construction to create recesses or voids in precast concrete components.","robots":{"index":"index","follow":"follow","max-snippet":"max-snippet:-1","max-image-preview":"max-image-preview:large","max-video-preview":"max-video-preview:-1"},"canonical":"https:\/\/qingdaohf.com\/sk\/produkt\/magneticka-priehlbina\/","og_locale":"sk_SK","og_type":"article","og_title":"Magnetic Recess Former","og_description":"A precast concrete recess former magnet is a specialized tool used in construction to create recesses or voids in precast concrete components.","og_url":"https:\/\/qingdaohf.com\/sk\/produkt\/magneticka-priehlbina\/","og_site_name":"Concrete Form &amp; Rigging Hardware Supplier","article_publisher":"https:\/\/www.facebook.com\/qingdaohf","article_modified_time":"2025-11-13T01:05:32+00:00","og_image":[{"width":1000,"height":1000,"url":"https:\/\/qingdaohf.com\/wp-content\/uploads\/2023\/03\/recess-former-magnet-5.jpg","type":"image\/jpeg"}],"twitter_card":"summary_large_image","twitter_misc":{"Predpokladan\u00fd \u010das \u010d\u00edtania":"2 min\u00faty"},"schema":{"@context":"https:\/\/schema.org","@graph":[{"@type":"WebPage","@id":"https:\/\/qingdaohf.com\/product\/magnetic-recess-former\/","url":"https:\/\/qingdaohf.com\/product\/magnetic-recess-former\/","name":"Magnetic Recess Former","isPartOf":{"@id":"https:\/\/qingdaohf.com\/bg\/#website"},"primaryImageOfPage":{"@id":"https:\/\/qingdaohf.com\/product\/magnetic-recess-former\/#primaryimage"},"image":{"@id":"https:\/\/qingdaohf.com\/product\/magnetic-recess-former\/#primaryimage"},"thumbnailUrl":"https:\/\/qingdaohf.com\/wp-content\/uploads\/2023\/03\/recess-former-magnet-5.jpg","datePublished":"2023-03-06T09:54:45+00:00","dateModified":"2025-11-13T01:05:32+00:00","description":"A precast concrete recess former magnet is a specialized tool used in construction to create recesses or voids in precast concrete components.","breadcrumb":{"@id":"https:\/\/qingdaohf.com\/product\/magnetic-recess-former\/#breadcrumb"},"inLanguage":"sk-SK","potentialAction":[{"@type":"ReadAction","target":["https:\/\/qingdaohf.com\/product\/magnetic-recess-former\/"]}]},{"@type":"ImageObject","inLanguage":"sk-SK","@id":"https:\/\/qingdaohf.com\/product\/magnetic-recess-former\/#primaryimage","url":"https:\/\/qingdaohf.com\/wp-content\/uploads\/2023\/03\/recess-former-magnet-5.jpg","contentUrl":"https:\/\/qingdaohf.com\/wp-content\/uploads\/2023\/03\/recess-former-magnet-5.jpg","width":1000,"height":1000,"caption":"recess former magnet"},{"@type":"BreadcrumbList","@id":"https:\/\/qingdaohf.com\/product\/magnetic-recess-former\/#breadcrumb","itemListElement":[{"@type":"ListItem","position":1,"name":"Home","item":"https:\/\/qingdaohf.com\/"},{"@type":"ListItem","position":2,"name":"Concrete Forming Accessories and Rigging Hardware","item":"https:\/\/qingdaohf.com\/bg\/?page_id=944"},{"@type":"ListItem","position":3,"name":"Magnetic Recess Former"}]},{"@type":"WebSite","@id":"https:\/\/qingdaohf.com\/bg\/#website","url":"https:\/\/qingdaohf.com\/bg\/","name":"Concrete Form & Rigging Hardware Supplier","description":"","publisher":{"@id":"https:\/\/qingdaohf.com\/bg\/#organization"},"potentialAction":[{"@type":"SearchAction","target":{"@type":"EntryPoint","urlTemplate":"https:\/\/qingdaohf.com\/bg\/?s={search_term_string}"},"query-input":{"@type":"PropertyValueSpecification","valueRequired":true,"valueName":"search_term_string"}}],"inLanguage":"sk-SK"},{"@type":"Organization","@id":"https:\/\/qingdaohf.com\/bg\/#organization","name":"Qingdao H&F","url":"https:\/\/qingdaohf.com\/bg\/","logo":{"@type":"ImageObject","inLanguage":"sk-SK","@id":"https:\/\/qingdaohf.com\/bg\/#\/schema\/logo\/image\/","url":"https:\/\/qingdaohf.com\/wp-content\/uploads\/2022\/12\/cropped-HF-LOGO.png","contentUrl":"https:\/\/qingdaohf.com\/wp-content\/uploads\/2022\/12\/cropped-HF-LOGO.png","width":391,"height":249,"caption":"Qingdao H&F"},"image":{"@id":"https:\/\/qingdaohf.com\/bg\/#\/schema\/logo\/image\/"},"sameAs":["https:\/\/www.facebook.com\/qingdaohf"]}]}},"_links":{"self":[{"href":"https:\/\/qingdaohf.com\/sk\/wp-json\/wp\/v2\/product\/2698","targetHints":{"allow":["GET"]}}],"collection":[{"href":"https:\/\/qingdaohf.com\/sk\/wp-json\/wp\/v2\/product"}],"about":[{"href":"https:\/\/qingdaohf.com\/sk\/wp-json\/wp\/v2\/types\/product"}],"replies":[{"embeddable":true,"href":"https:\/\/qingdaohf.com\/sk\/wp-json\/wp\/v2\/comments?post=2698"}],"version-history":[{"count":3,"href":"https:\/\/qingdaohf.com\/sk\/wp-json\/wp\/v2\/product\/2698\/revisions"}],"predecessor-version":[{"id":6509,"href":"https:\/\/qingdaohf.com\/sk\/wp-json\/wp\/v2\/product\/2698\/revisions\/6509"}],"wp:featuredmedia":[{"embeddable":true,"href":"https:\/\/qingdaohf.com\/sk\/wp-json\/wp\/v2\/media\/3489"}],"wp:attachment":[{"href":"https:\/\/qingdaohf.com\/sk\/wp-json\/wp\/v2\/media?parent=2698"}],"wp:term":[{"taxonomy":"product_brand","embeddable":true,"href":"https:\/\/qingdaohf.com\/sk\/wp-json\/wp\/v2\/product_brand?post=2698"},{"taxonomy":"product_cat","embeddable":true,"href":"https:\/\/qingdaohf.com\/sk\/wp-json\/wp\/v2\/product_cat?post=2698"},{"taxonomy":"product_tag","embeddable":true,"href":"https:\/\/qingdaohf.com\/sk\/wp-json\/wp\/v2\/product_tag?post=2698"}],"curies":[{"name":"wp","href":"https:\/\/api.w.org\/{rel}","templated":true}]}}