{"id":3543,"date":"2023-04-10T18:54:41","date_gmt":"2023-04-10T10:54:41","guid":{"rendered":"http:\/\/qingdaohf.com\/?post_type=product&#038;p=3543"},"modified":"2025-11-13T09:05:13","modified_gmt":"2025-11-13T01:05:13","slug":"load-binder-with-grab-hook","status":"publish","type":"product","link":"https:\/\/qingdaohf.com\/sk\/produkt\/viazac-nakladu-s-hakom-na-uchopenie\/","title":{"rendered":"Viazanie n\u00e1kladu"},"content":{"rendered":"<p>Viazacie prostriedky s\u00fa zvy\u010dajne vyroben\u00e9 z pevn\u00fdch a odoln\u00fdch materi\u00e1lov, ako je oce\u013e alebo zliatina, \u010do zaru\u010duje ich schopnos\u0165 odol\u00e1va\u0165 ve\u013ek\u00e9mu za\u0165a\u017eeniu a opotrebovaniu. Dod\u00e1vaj\u00fa sa v r\u00f4znych ve\u013ekostiach a konfigur\u00e1ci\u00e1ch, ale z\u00e1kladn\u00e1 kon\u0161trukcia pozost\u00e1va z p\u00e1ky, rukov\u00e4te a dvoch alebo viacer\u00fdch h\u00e1kov alebo \u010de\u013eust\u00ed.<\/p>\n<p>\u010cinnos\u0165 viaza\u010da bremien spo\u010d\u00edva v pou\u017eit\u00ed \u0165ahu na utiahnutie a zaistenie bremena. Zvy\u010dajne sa pou\u017e\u00edva s re\u0165azami, ktor\u00e9 s\u00fa prevle\u010den\u00e9 cez \u010de\u013euste alebo h\u00e1ky viaza\u010da a pripevnen\u00e9 ku kotviacim bodom n\u00e1kladu. P\u00e1ka a rukov\u00e4\u0165 sa potom pou\u017e\u00edvaj\u00fa na vytvorenie \u0165ahu na re\u0165aziach, ich napnutie a pevn\u00e9 zaistenie n\u00e1kladu na mieste.<\/p>\n<p>Viazacie prostriedky s\u00fa k dispoz\u00edcii v dvoch hlavn\u00fdch typoch: ra\u010d\u0148ov\u00e9 a p\u00e1kov\u00e9 viaza\u010de. Z\u00e1padkov\u00e9 viaza\u010de maj\u00fa z\u00e1padkov\u00fd mechanizmus, ktor\u00fd umo\u017e\u0148uje jednoduch\u00e9 a presn\u00e9 nap\u00ednanie re\u0165az\u00ed, zatia\u013e \u010do p\u00e1kov\u00e9 viaza\u010de pou\u017e\u00edvaj\u00fa na vytvorenie nap\u00e4tia p\u00e1ku. R\u00e1\u010dnov\u00e9 viaza\u010de s\u00fa vo v\u0161eobecnosti ob\u013e\u00fabenej\u0161ie v\u010faka svojmu pohodliu a jednoduch\u00e9mu pou\u017e\u00edvaniu.<\/p>\n<p><img fetchpriority=\"high\" decoding=\"async\" class=\"alignnone size-full wp-image-3899\" src=\"http:\/\/qingdaohf.com\/wp-content\/uploads\/2023\/04\/Load-Binder-3.jpg\" alt=\"Viazanie n\u00e1kladu \" width=\"1000\" height=\"1227\" srcset=\"https:\/\/qingdaohf.com\/wp-content\/uploads\/2023\/04\/Load-Binder-3.jpg 1000w, https:\/\/qingdaohf.com\/wp-content\/uploads\/2023\/04\/Load-Binder-3-244x300.jpg 244w, https:\/\/qingdaohf.com\/wp-content\/uploads\/2023\/04\/Load-Binder-3-835x1024.jpg 835w, https:\/\/qingdaohf.com\/wp-content\/uploads\/2023\/04\/Load-Binder-3-768x942.jpg 768w\" sizes=\"(max-width: 1000px) 100vw, 1000px\" \/><\/p>\n<p><img decoding=\"async\" class=\"alignnone size-full wp-image-3900\" src=\"http:\/\/qingdaohf.com\/wp-content\/uploads\/2023\/04\/Load-Binder-1.jpg\" alt=\"Viazanie n\u00e1kladu \" width=\"1000\" height=\"1315\" srcset=\"https:\/\/qingdaohf.com\/wp-content\/uploads\/2023\/04\/Load-Binder-1.jpg 1000w, https:\/\/qingdaohf.com\/wp-content\/uploads\/2023\/04\/Load-Binder-1-228x300.jpg 228w, https:\/\/qingdaohf.com\/wp-content\/uploads\/2023\/04\/Load-Binder-1-779x1024.jpg 779w, https:\/\/qingdaohf.com\/wp-content\/uploads\/2023\/04\/Load-Binder-1-768x1010.jpg 768w\" sizes=\"(max-width: 1000px) 100vw, 1000px\" \/> <img decoding=\"async\" class=\"alignnone size-full wp-image-3901\" src=\"http:\/\/qingdaohf.com\/wp-content\/uploads\/2023\/04\/Load-Binder-2.jpg\" alt=\"Viazanie n\u00e1kladu \" width=\"1000\" height=\"972\" srcset=\"https:\/\/qingdaohf.com\/wp-content\/uploads\/2023\/04\/Load-Binder-2.jpg 1000w, https:\/\/qingdaohf.com\/wp-content\/uploads\/2023\/04\/Load-Binder-2-300x292.jpg 300w, https:\/\/qingdaohf.com\/wp-content\/uploads\/2023\/04\/Load-Binder-2-768x746.jpg 768w\" sizes=\"(max-width: 1000px) 100vw, 1000px\" \/> <img loading=\"lazy\" decoding=\"async\" class=\"alignnone size-full wp-image-3902\" src=\"http:\/\/qingdaohf.com\/wp-content\/uploads\/2023\/04\/Load-Binder-4.jpg\" alt=\"Viazanie n\u00e1kladu \" width=\"1000\" height=\"846\" srcset=\"https:\/\/qingdaohf.com\/wp-content\/uploads\/2023\/04\/Load-Binder-4.jpg 1000w, https:\/\/qingdaohf.com\/wp-content\/uploads\/2023\/04\/Load-Binder-4-300x254.jpg 300w, https:\/\/qingdaohf.com\/wp-content\/uploads\/2023\/04\/Load-Binder-4-768x650.jpg 768w\" sizes=\"(max-width: 1000px) 100vw, 1000px\" \/> <img loading=\"lazy\" decoding=\"async\" class=\"alignnone size-full wp-image-3903\" src=\"http:\/\/qingdaohf.com\/wp-content\/uploads\/2023\/04\/Load-Binder-5.jpg\" alt=\"Viazanie n\u00e1kladu \" width=\"1000\" height=\"1319\" srcset=\"https:\/\/qingdaohf.com\/wp-content\/uploads\/2023\/04\/Load-Binder-5.jpg 1000w, https:\/\/qingdaohf.com\/wp-content\/uploads\/2023\/04\/Load-Binder-5-227x300.jpg 227w, https:\/\/qingdaohf.com\/wp-content\/uploads\/2023\/04\/Load-Binder-5-776x1024.jpg 776w, https:\/\/qingdaohf.com\/wp-content\/uploads\/2023\/04\/Load-Binder-5-768x1013.jpg 768w\" sizes=\"(max-width: 1000px) 100vw, 1000px\" \/><\/p>","protected":false},"excerpt":{"rendered":"<p>Viazac\u00ed prostriedok na n\u00e1klad, zn\u00e1my aj ako viaza\u010d n\u00e1kladu alebo re\u0165azov\u00fd viaza\u010d, je zariadenie, ktor\u00e9 sa be\u017ene pou\u017e\u00edva v dopravnom priemysle na zabezpe\u010denie a utiahnutie n\u00e1kladu na n\u00e1kladn\u00fdch vozidl\u00e1ch, pr\u00edvesoch alebo plo\u0161in\u00e1ch. Jeho \u00fa\u010delom je zabr\u00e1ni\u0165 posunu alebo p\u00e1du n\u00e1kladu po\u010das prepravy.<\/p>","protected":false},"featured_media":3544,"comment_status":"open","ping_status":"closed","template":"","meta":{"site-sidebar-layout":"default","site-content-layout":"default","ast-site-content-layout":"","site-content-style":"default","site-sidebar-style":"default","ast-global-header-display":"","ast-banner-title-visibility":"","ast-main-header-display":"","ast-hfb-above-header-display":"","ast-hfb-below-header-display":"","ast-hfb-mobile-header-display":"","site-post-title":"","ast-breadcrumbs-content":"","ast-featured-img":"","footer-sml-layout":"","theme-transparent-header-meta":"default","adv-header-id-meta":"","stick-header-meta":"default","header-above-stick-meta":"","header-main-stick-meta":"","header-below-stick-meta":"","astra-migrate-meta-layouts":"default","ast-page-background-enabled":"default","ast-page-background-meta":{"desktop":{"background-color":"","background-image":"","background-repeat":"repeat","background-position":"center center","background-size":"auto","background-attachment":"scroll","background-type":"","background-media":"","overlay-type":"","overlay-color":"","overlay-opacity":"","overlay-gradient":""},"tablet":{"background-color":"","background-image":"","background-repeat":"repeat","background-position":"center center","background-size":"auto","background-attachment":"scroll","background-type":"","background-media":"","overlay-type":"","overlay-color":"","overlay-opacity":"","overlay-gradient":""},"mobile":{"background-color":"","background-image":"","background-repeat":"repeat","background-position":"center center","background-size":"auto","background-attachment":"scroll","background-type":"","background-media":"","overlay-type":"","overlay-color":"","overlay-opacity":"","overlay-gradient":""}},"ast-content-background-meta":{"desktop":{"background-color":"var(--ast-global-color-5)","background-image":"","background-repeat":"repeat","background-position":"center center","background-size":"auto","background-attachment":"scroll","background-type":"","background-media":"","overlay-type":"","overlay-color":"","overlay-opacity":"","overlay-gradient":""},"tablet":{"background-color":"var(--ast-global-color-5)","background-image":"","background-repeat":"repeat","background-position":"center center","background-size":"auto","background-attachment":"scroll","background-type":"","background-media":"","overlay-type":"","overlay-color":"","overlay-opacity":"","overlay-gradient":""},"mobile":{"background-color":"var(--ast-global-color-5)","background-image":"","background-repeat":"repeat","background-position":"center center","background-size":"auto","background-attachment":"scroll","background-type":"","background-media":"","overlay-type":"","overlay-color":"","overlay-opacity":"","overlay-gradient":""}}},"product_brand":[],"product_cat":[43],"product_tag":[],"class_list":{"0":"post-3543","1":"product","2":"type-product","3":"status-publish","4":"has-post-thumbnail","6":"product_cat-rigging-hardware","7":"desktop-align-left","8":"tablet-align-left","9":"mobile-align-left","10":"ast-product-gallery-layout-horizontal-slider","11":"ast-product-tabs-layout-horizontal","13":"first","14":"instock","15":"shipping-taxable","16":"purchasable","17":"product-type-simple"},"yoast_head":"<!-- This site is optimized with the Yoast SEO plugin v25.2 - https:\/\/yoast.com\/wordpress\/plugins\/seo\/ -->\n<title>Load Binder<\/title>\n<meta name=\"description\" content=\"Load Binder with Grab HookThe Load Binder, also known as a cargo binder or chain binder, is a device commonly used in the transportation industry to secure and tighten loads on trucks, trailers, or flatbeds. Its purpose is to prevent the cargo from shifting or falling off during transit.\" \/>\n<meta name=\"robots\" content=\"index, follow, max-snippet:-1, max-image-preview:large, max-video-preview:-1\" \/>\n<link rel=\"canonical\" href=\"https:\/\/qingdaohf.com\/sk\/produkt\/viazac-nakladu-s-hakom-na-uchopenie\/\" \/>\n<meta property=\"og:locale\" content=\"sk_SK\" \/>\n<meta property=\"og:type\" content=\"article\" \/>\n<meta property=\"og:title\" content=\"Load Binder\" \/>\n<meta property=\"og:description\" content=\"Load Binder with Grab HookThe Load Binder, also known as a cargo binder or chain binder, is a device commonly used in the transportation industry to secure and tighten loads on trucks, trailers, or flatbeds. Its purpose is to prevent the cargo from shifting or falling off during transit.\" \/>\n<meta property=\"og:url\" content=\"https:\/\/qingdaohf.com\/sk\/produkt\/viazac-nakladu-s-hakom-na-uchopenie\/\" \/>\n<meta property=\"og:site_name\" content=\"Concrete Form &amp; Rigging Hardware Supplier\" \/>\n<meta property=\"article:publisher\" content=\"https:\/\/www.facebook.com\/qingdaohf\" \/>\n<meta property=\"article:modified_time\" content=\"2025-11-13T01:05:13+00:00\" \/>\n<meta property=\"og:image\" content=\"https:\/\/qingdaohf.com\/wp-content\/uploads\/2023\/04\/Load-Binder-with-Grab-Hook-1.jpg\" \/>\n\t<meta property=\"og:image:width\" content=\"800\" \/>\n\t<meta property=\"og:image:height\" content=\"800\" \/>\n\t<meta property=\"og:image:type\" content=\"image\/jpeg\" \/>\n<meta name=\"twitter:card\" content=\"summary_large_image\" \/>\n<meta name=\"twitter:label1\" content=\"Predpokladan\u00fd \u010das \u010d\u00edtania\" \/>\n\t<meta name=\"twitter:data1\" content=\"2 min\u00faty\" \/>\n<script type=\"application\/ld+json\" class=\"yoast-schema-graph\">{\"@context\":\"https:\/\/schema.org\",\"@graph\":[{\"@type\":\"WebPage\",\"@id\":\"https:\/\/qingdaohf.com\/product\/load-binder-with-grab-hook\/\",\"url\":\"https:\/\/qingdaohf.com\/product\/load-binder-with-grab-hook\/\",\"name\":\"Load Binder\",\"isPartOf\":{\"@id\":\"https:\/\/qingdaohf.com\/bg\/#website\"},\"primaryImageOfPage\":{\"@id\":\"https:\/\/qingdaohf.com\/product\/load-binder-with-grab-hook\/#primaryimage\"},\"image\":{\"@id\":\"https:\/\/qingdaohf.com\/product\/load-binder-with-grab-hook\/#primaryimage\"},\"thumbnailUrl\":\"https:\/\/qingdaohf.com\/wp-content\/uploads\/2023\/04\/Load-Binder-with-Grab-Hook-1.jpg\",\"datePublished\":\"2023-04-10T10:54:41+00:00\",\"dateModified\":\"2025-11-13T01:05:13+00:00\",\"description\":\"Load Binder with Grab HookThe Load Binder, also known as a cargo binder or chain binder, is a device commonly used in the transportation industry to secure and tighten loads on trucks, trailers, or flatbeds. Its purpose is to prevent the cargo from shifting or falling off during transit.\",\"breadcrumb\":{\"@id\":\"https:\/\/qingdaohf.com\/product\/load-binder-with-grab-hook\/#breadcrumb\"},\"inLanguage\":\"sk-SK\",\"potentialAction\":[{\"@type\":\"ReadAction\",\"target\":[\"https:\/\/qingdaohf.com\/product\/load-binder-with-grab-hook\/\"]}]},{\"@type\":\"ImageObject\",\"inLanguage\":\"sk-SK\",\"@id\":\"https:\/\/qingdaohf.com\/product\/load-binder-with-grab-hook\/#primaryimage\",\"url\":\"https:\/\/qingdaohf.com\/wp-content\/uploads\/2023\/04\/Load-Binder-with-Grab-Hook-1.jpg\",\"contentUrl\":\"https:\/\/qingdaohf.com\/wp-content\/uploads\/2023\/04\/Load-Binder-with-Grab-Hook-1.jpg\",\"width\":800,\"height\":800,\"caption\":\"Load Binder with Grab Hook\"},{\"@type\":\"BreadcrumbList\",\"@id\":\"https:\/\/qingdaohf.com\/product\/load-binder-with-grab-hook\/#breadcrumb\",\"itemListElement\":[{\"@type\":\"ListItem\",\"position\":1,\"name\":\"Home\",\"item\":\"https:\/\/qingdaohf.com\/\"},{\"@type\":\"ListItem\",\"position\":2,\"name\":\"Concrete Forming Accessories and Rigging Hardware\",\"item\":\"https:\/\/qingdaohf.com\/bg\/?page_id=944\"},{\"@type\":\"ListItem\",\"position\":3,\"name\":\"Load Binder\"}]},{\"@type\":\"WebSite\",\"@id\":\"https:\/\/qingdaohf.com\/bg\/#website\",\"url\":\"https:\/\/qingdaohf.com\/bg\/\",\"name\":\"Concrete Form & Rigging Hardware Supplier\",\"description\":\"\",\"publisher\":{\"@id\":\"https:\/\/qingdaohf.com\/bg\/#organization\"},\"potentialAction\":[{\"@type\":\"SearchAction\",\"target\":{\"@type\":\"EntryPoint\",\"urlTemplate\":\"https:\/\/qingdaohf.com\/bg\/?s={search_term_string}\"},\"query-input\":{\"@type\":\"PropertyValueSpecification\",\"valueRequired\":true,\"valueName\":\"search_term_string\"}}],\"inLanguage\":\"sk-SK\"},{\"@type\":\"Organization\",\"@id\":\"https:\/\/qingdaohf.com\/bg\/#organization\",\"name\":\"Qingdao H&F\",\"url\":\"https:\/\/qingdaohf.com\/bg\/\",\"logo\":{\"@type\":\"ImageObject\",\"inLanguage\":\"sk-SK\",\"@id\":\"https:\/\/qingdaohf.com\/bg\/#\/schema\/logo\/image\/\",\"url\":\"https:\/\/qingdaohf.com\/wp-content\/uploads\/2022\/12\/cropped-HF-LOGO.png\",\"contentUrl\":\"https:\/\/qingdaohf.com\/wp-content\/uploads\/2022\/12\/cropped-HF-LOGO.png\",\"width\":391,\"height\":249,\"caption\":\"Qingdao H&F\"},\"image\":{\"@id\":\"https:\/\/qingdaohf.com\/bg\/#\/schema\/logo\/image\/\"},\"sameAs\":[\"https:\/\/www.facebook.com\/qingdaohf\"]}]}<\/script>\n<!-- \/ Yoast SEO plugin. -->","yoast_head_json":{"title":"Load Binder","description":"Load Binder with Grab HookThe Load Binder, also known as a cargo binder or chain binder, is a device commonly used in the transportation industry to secure and tighten loads on trucks, trailers, or flatbeds. Its purpose is to prevent the cargo from shifting or falling off during transit.","robots":{"index":"index","follow":"follow","max-snippet":"max-snippet:-1","max-image-preview":"max-image-preview:large","max-video-preview":"max-video-preview:-1"},"canonical":"https:\/\/qingdaohf.com\/sk\/produkt\/viazac-nakladu-s-hakom-na-uchopenie\/","og_locale":"sk_SK","og_type":"article","og_title":"Load Binder","og_description":"Load Binder with Grab HookThe Load Binder, also known as a cargo binder or chain binder, is a device commonly used in the transportation industry to secure and tighten loads on trucks, trailers, or flatbeds. Its purpose is to prevent the cargo from shifting or falling off during transit.","og_url":"https:\/\/qingdaohf.com\/sk\/produkt\/viazac-nakladu-s-hakom-na-uchopenie\/","og_site_name":"Concrete Form &amp; Rigging Hardware Supplier","article_publisher":"https:\/\/www.facebook.com\/qingdaohf","article_modified_time":"2025-11-13T01:05:13+00:00","og_image":[{"width":800,"height":800,"url":"https:\/\/qingdaohf.com\/wp-content\/uploads\/2023\/04\/Load-Binder-with-Grab-Hook-1.jpg","type":"image\/jpeg"}],"twitter_card":"summary_large_image","twitter_misc":{"Predpokladan\u00fd \u010das \u010d\u00edtania":"2 min\u00faty"},"schema":{"@context":"https:\/\/schema.org","@graph":[{"@type":"WebPage","@id":"https:\/\/qingdaohf.com\/product\/load-binder-with-grab-hook\/","url":"https:\/\/qingdaohf.com\/product\/load-binder-with-grab-hook\/","name":"Load Binder","isPartOf":{"@id":"https:\/\/qingdaohf.com\/bg\/#website"},"primaryImageOfPage":{"@id":"https:\/\/qingdaohf.com\/product\/load-binder-with-grab-hook\/#primaryimage"},"image":{"@id":"https:\/\/qingdaohf.com\/product\/load-binder-with-grab-hook\/#primaryimage"},"thumbnailUrl":"https:\/\/qingdaohf.com\/wp-content\/uploads\/2023\/04\/Load-Binder-with-Grab-Hook-1.jpg","datePublished":"2023-04-10T10:54:41+00:00","dateModified":"2025-11-13T01:05:13+00:00","description":"Load Binder with Grab HookThe Load Binder, also known as a cargo binder or chain binder, is a device commonly used in the transportation industry to secure and tighten loads on trucks, trailers, or flatbeds. Its purpose is to prevent the cargo from shifting or falling off during transit.","breadcrumb":{"@id":"https:\/\/qingdaohf.com\/product\/load-binder-with-grab-hook\/#breadcrumb"},"inLanguage":"sk-SK","potentialAction":[{"@type":"ReadAction","target":["https:\/\/qingdaohf.com\/product\/load-binder-with-grab-hook\/"]}]},{"@type":"ImageObject","inLanguage":"sk-SK","@id":"https:\/\/qingdaohf.com\/product\/load-binder-with-grab-hook\/#primaryimage","url":"https:\/\/qingdaohf.com\/wp-content\/uploads\/2023\/04\/Load-Binder-with-Grab-Hook-1.jpg","contentUrl":"https:\/\/qingdaohf.com\/wp-content\/uploads\/2023\/04\/Load-Binder-with-Grab-Hook-1.jpg","width":800,"height":800,"caption":"Load Binder with Grab Hook"},{"@type":"BreadcrumbList","@id":"https:\/\/qingdaohf.com\/product\/load-binder-with-grab-hook\/#breadcrumb","itemListElement":[{"@type":"ListItem","position":1,"name":"Home","item":"https:\/\/qingdaohf.com\/"},{"@type":"ListItem","position":2,"name":"Concrete Forming Accessories and Rigging Hardware","item":"https:\/\/qingdaohf.com\/bg\/?page_id=944"},{"@type":"ListItem","position":3,"name":"Load Binder"}]},{"@type":"WebSite","@id":"https:\/\/qingdaohf.com\/bg\/#website","url":"https:\/\/qingdaohf.com\/bg\/","name":"Concrete Form & Rigging Hardware Supplier","description":"","publisher":{"@id":"https:\/\/qingdaohf.com\/bg\/#organization"},"potentialAction":[{"@type":"SearchAction","target":{"@type":"EntryPoint","urlTemplate":"https:\/\/qingdaohf.com\/bg\/?s={search_term_string}"},"query-input":{"@type":"PropertyValueSpecification","valueRequired":true,"valueName":"search_term_string"}}],"inLanguage":"sk-SK"},{"@type":"Organization","@id":"https:\/\/qingdaohf.com\/bg\/#organization","name":"Qingdao H&F","url":"https:\/\/qingdaohf.com\/bg\/","logo":{"@type":"ImageObject","inLanguage":"sk-SK","@id":"https:\/\/qingdaohf.com\/bg\/#\/schema\/logo\/image\/","url":"https:\/\/qingdaohf.com\/wp-content\/uploads\/2022\/12\/cropped-HF-LOGO.png","contentUrl":"https:\/\/qingdaohf.com\/wp-content\/uploads\/2022\/12\/cropped-HF-LOGO.png","width":391,"height":249,"caption":"Qingdao H&F"},"image":{"@id":"https:\/\/qingdaohf.com\/bg\/#\/schema\/logo\/image\/"},"sameAs":["https:\/\/www.facebook.com\/qingdaohf"]}]}},"_links":{"self":[{"href":"https:\/\/qingdaohf.com\/sk\/wp-json\/wp\/v2\/product\/3543","targetHints":{"allow":["GET"]}}],"collection":[{"href":"https:\/\/qingdaohf.com\/sk\/wp-json\/wp\/v2\/product"}],"about":[{"href":"https:\/\/qingdaohf.com\/sk\/wp-json\/wp\/v2\/types\/product"}],"replies":[{"embeddable":true,"href":"https:\/\/qingdaohf.com\/sk\/wp-json\/wp\/v2\/comments?post=3543"}],"version-history":[{"count":2,"href":"https:\/\/qingdaohf.com\/sk\/wp-json\/wp\/v2\/product\/3543\/revisions"}],"predecessor-version":[{"id":10431,"href":"https:\/\/qingdaohf.com\/sk\/wp-json\/wp\/v2\/product\/3543\/revisions\/10431"}],"wp:featuredmedia":[{"embeddable":true,"href":"https:\/\/qingdaohf.com\/sk\/wp-json\/wp\/v2\/media\/3544"}],"wp:attachment":[{"href":"https:\/\/qingdaohf.com\/sk\/wp-json\/wp\/v2\/media?parent=3543"}],"wp:term":[{"taxonomy":"product_brand","embeddable":true,"href":"https:\/\/qingdaohf.com\/sk\/wp-json\/wp\/v2\/product_brand?post=3543"},{"taxonomy":"product_cat","embeddable":true,"href":"https:\/\/qingdaohf.com\/sk\/wp-json\/wp\/v2\/product_cat?post=3543"},{"taxonomy":"product_tag","embeddable":true,"href":"https:\/\/qingdaohf.com\/sk\/wp-json\/wp\/v2\/product_tag?post=3543"}],"curies":[{"name":"wp","href":"https:\/\/api.w.org\/{rel}","templated":true}]}}