{"id":3576,"date":"2023-04-10T19:05:10","date_gmt":"2023-04-10T11:05:10","guid":{"rendered":"http:\/\/qingdaohf.com\/?post_type=product&#038;p=3576"},"modified":"2025-11-13T09:05:12","modified_gmt":"2025-11-13T01:05:12","slug":"grab-hooks","status":"publish","type":"product","link":"https:\/\/qingdaohf.com\/sk\/produkt\/haciky-na-uchopenie\/","title":{"rendered":"H\u00e1\u010diky na uchopenie klie\u0161t\u00ed"},"content":{"rendered":"<p>Kon\u0161trukcia h\u00e1kov sa zvy\u010dajne sklad\u00e1 zo zakriven\u00e9ho tela v tvare p\u00edsmena U so z\u00e1padkou alebo \u010dapov\u00fdm mechanizmom v otvore h\u00e1ku. T\u00e1to z\u00e1padka pom\u00e1ha bezpe\u010dne udr\u017ea\u0165 re\u0165az alebo materi\u00e1l na mieste a zabra\u0148uje n\u00e1hodn\u00e9mu sk\u013aznutiu po\u010das prev\u00e1dzky. Tvar h\u00e1ku umo\u017e\u0148uje zachyti\u0165 ho za \u010dl\u00e1nky re\u0165aze alebo in\u00e9 vhodn\u00e9 upev\u0148ovacie body.<\/p>\n<p>H\u00e1ky na uchopenie s\u00fa \u010dasto vyroben\u00e9 z robustn\u00fdch materi\u00e1lov, ako je legovan\u00e1 oce\u013e, aby sa zabezpe\u010dila ich pevnos\u0165, trvanlivos\u0165 a odolnos\u0165 vo\u010di opotrebovaniu a kor\u00f3zii. S\u00fa navrhnut\u00e9 tak, aby vydr\u017eali ve\u013ek\u00e9 za\u0165a\u017eenie a n\u00e1ro\u010dn\u00e9 pracovn\u00e9 podmienky, \u010do zaru\u010duje ich spo\u013eahlivos\u0165 a dlh\u00fa \u017eivotnos\u0165.<\/p>\n<p><img fetchpriority=\"high\" decoding=\"async\" class=\"alignnone size-full wp-image-3580\" src=\"http:\/\/qingdaohf.com\/wp-content\/uploads\/2023\/04\/1-11.jpg\" alt=\"H\u00e1\u010diky na uchopenie\" width=\"800\" height=\"604\" srcset=\"https:\/\/qingdaohf.com\/wp-content\/uploads\/2023\/04\/1-11.jpg 800w, https:\/\/qingdaohf.com\/wp-content\/uploads\/2023\/04\/1-11-300x227.jpg 300w, https:\/\/qingdaohf.com\/wp-content\/uploads\/2023\/04\/1-11-768x580.jpg 768w\" sizes=\"(max-width: 800px) 100vw, 800px\" \/><\/p>\n<p>Tieto h\u00e1ky sa be\u017ene pou\u017e\u00edvaj\u00fa v aplik\u00e1ci\u00e1ch, kde s\u00fa potrebn\u00e9 r\u00fdchle a do\u010dasn\u00e9 spojenia alebo \u00fapravy. S\u00fa obzvl\u00e1\u0161\u0165 u\u017eito\u010dn\u00e9 pri upev\u0148ovan\u00ed n\u00e1kladu, napr\u00edklad pri upev\u0148ovan\u00ed n\u00e1kladu na n\u00e1kladnom vozidle alebo pr\u00edvese, alebo pri upev\u0148ovan\u00ed re\u0165az\u00ed na zdv\u00edhacie zariadenia, ako s\u00fa \u017eeriavy alebo kladkostroje. H\u00e1ky na uchopenie sa daj\u00fa \u013eahko pripoji\u0165 a odpoji\u0165 od re\u0165aze alebo materi\u00e1lu, \u010do umo\u017e\u0148uje efekt\u00edvnu a pohodln\u00fa manipul\u00e1ciu s n\u00e1kladom.<\/p>\n<div class=\"ast-oembed-container\" style=\"height: 100%;\"><iframe title=\"H&amp;F zdv\u00edhac\u00ed h\u00e1k Grab Hook\" width=\"500\" height=\"281\" src=\"https:\/\/www.youtube.com\/embed\/5b2jC-koJsQ?feature=oembed\" frameborder=\"0\" allow=\"accelerometer; autoplay; clipboard-write; encrypted-media; gyroscope; picture-in-picture; web-share\" referrerpolicy=\"strict-origin-when-cross-origin\" allowfullscreen><\/iframe><\/div>\n<p>&nbsp;<\/p>","protected":false},"excerpt":{"rendered":"<p>H\u00e1ky na uchopenie s\u00fa \u0161pecializovan\u00e9 h\u00e1ky, ktor\u00e9 sa pou\u017e\u00edvaj\u00fa na uchopenie a zaistenie re\u0165az\u00ed alebo in\u00fdch typov napnut\u00fdch materi\u00e1lov. Tieto h\u00e1ky sa be\u017ene pou\u017e\u00edvaj\u00fa v priemyseln\u00fdch odvetviach, ako je stavebn\u00edctvo, \u0165ahanie a po\u013enohospod\u00e1rstvo, kde sa vy\u017eaduje zdv\u00edhanie a upev\u0148ovanie \u0165a\u017ek\u00fdch n\u00e1kladov.<\/p>","protected":false},"featured_media":3577,"comment_status":"open","ping_status":"closed","template":"","meta":{"site-sidebar-layout":"default","site-content-layout":"default","ast-site-content-layout":"default","site-content-style":"default","site-sidebar-style":"default","ast-global-header-display":"","ast-banner-title-visibility":"","ast-main-header-display":"","ast-hfb-above-header-display":"","ast-hfb-below-header-display":"","ast-hfb-mobile-header-display":"","site-post-title":"","ast-breadcrumbs-content":"","ast-featured-img":"","footer-sml-layout":"","theme-transparent-header-meta":"default","adv-header-id-meta":"","stick-header-meta":"default","header-above-stick-meta":"","header-main-stick-meta":"","header-below-stick-meta":"","astra-migrate-meta-layouts":"set","ast-page-background-enabled":"default","ast-page-background-meta":{"desktop":{"background-color":"","background-image":"","background-repeat":"repeat","background-position":"center center","background-size":"auto","background-attachment":"scroll","background-type":"","background-media":"","overlay-type":"","overlay-color":"","overlay-opacity":"","overlay-gradient":""},"tablet":{"background-color":"","background-image":"","background-repeat":"repeat","background-position":"center center","background-size":"auto","background-attachment":"scroll","background-type":"","background-media":"","overlay-type":"","overlay-color":"","overlay-opacity":"","overlay-gradient":""},"mobile":{"background-color":"","background-image":"","background-repeat":"repeat","background-position":"center center","background-size":"auto","background-attachment":"scroll","background-type":"","background-media":"","overlay-type":"","overlay-color":"","overlay-opacity":"","overlay-gradient":""}},"ast-content-background-meta":{"desktop":{"background-color":"var(--ast-global-color-5)","background-image":"","background-repeat":"repeat","background-position":"center center","background-size":"auto","background-attachment":"scroll","background-type":"","background-media":"","overlay-type":"","overlay-color":"","overlay-opacity":"","overlay-gradient":""},"tablet":{"background-color":"var(--ast-global-color-5)","background-image":"","background-repeat":"repeat","background-position":"center center","background-size":"auto","background-attachment":"scroll","background-type":"","background-media":"","overlay-type":"","overlay-color":"","overlay-opacity":"","overlay-gradient":""},"mobile":{"background-color":"var(--ast-global-color-5)","background-image":"","background-repeat":"repeat","background-position":"center center","background-size":"auto","background-attachment":"scroll","background-type":"","background-media":"","overlay-type":"","overlay-color":"","overlay-opacity":"","overlay-gradient":""}}},"product_brand":[],"product_cat":[57,43],"product_tag":[],"class_list":{"0":"post-3576","1":"product","2":"type-product","3":"status-publish","4":"has-post-thumbnail","6":"product_cat-sling-hook","7":"product_cat-rigging-hardware","8":"desktop-align-left","9":"tablet-align-left","10":"mobile-align-left","11":"ast-product-gallery-layout-horizontal-slider","12":"ast-product-tabs-layout-horizontal","14":"first","15":"instock","16":"shipping-taxable","17":"purchasable","18":"product-type-simple"},"yoast_head":"<!-- This site is optimized with the Yoast SEO plugin v25.2 - https:\/\/yoast.com\/wordpress\/plugins\/seo\/ -->\n<title>Clevis Grab Hooks<\/title>\n<meta name=\"description\" content=\"Grab hooks are specialized hooks used for gripping and securing chains or other types of tensioned materials.\" \/>\n<meta name=\"robots\" content=\"index, follow, max-snippet:-1, max-image-preview:large, max-video-preview:-1\" \/>\n<link rel=\"canonical\" href=\"https:\/\/qingdaohf.com\/sk\/produkt\/haciky-na-uchopenie\/\" \/>\n<meta property=\"og:locale\" content=\"sk_SK\" \/>\n<meta property=\"og:type\" content=\"article\" \/>\n<meta property=\"og:title\" content=\"Clevis Grab Hooks\" \/>\n<meta property=\"og:description\" content=\"Grab hooks are specialized hooks used for gripping and securing chains or other types of tensioned materials.\" \/>\n<meta property=\"og:url\" content=\"https:\/\/qingdaohf.com\/sk\/produkt\/haciky-na-uchopenie\/\" \/>\n<meta property=\"og:site_name\" content=\"Concrete Form &amp; Rigging Hardware Supplier\" \/>\n<meta property=\"article:publisher\" content=\"https:\/\/www.facebook.com\/qingdaohf\" \/>\n<meta property=\"article:modified_time\" content=\"2025-11-13T01:05:12+00:00\" \/>\n<meta property=\"og:image\" content=\"https:\/\/qingdaohf.com\/wp-content\/uploads\/2023\/04\/3.jpg\" \/>\n\t<meta property=\"og:image:width\" content=\"800\" \/>\n\t<meta property=\"og:image:height\" content=\"800\" \/>\n\t<meta property=\"og:image:type\" content=\"image\/jpeg\" \/>\n<meta name=\"twitter:card\" content=\"summary_large_image\" \/>\n<meta name=\"twitter:label1\" content=\"Predpokladan\u00fd \u010das \u010d\u00edtania\" \/>\n\t<meta name=\"twitter:data1\" content=\"2 min\u00faty\" \/>\n<script type=\"application\/ld+json\" class=\"yoast-schema-graph\">{\"@context\":\"https:\/\/schema.org\",\"@graph\":[{\"@type\":\"WebPage\",\"@id\":\"https:\/\/qingdaohf.com\/product\/grab-hooks\/\",\"url\":\"https:\/\/qingdaohf.com\/product\/grab-hooks\/\",\"name\":\"Clevis Grab Hooks\",\"isPartOf\":{\"@id\":\"https:\/\/qingdaohf.com\/bg\/#website\"},\"primaryImageOfPage\":{\"@id\":\"https:\/\/qingdaohf.com\/product\/grab-hooks\/#primaryimage\"},\"image\":{\"@id\":\"https:\/\/qingdaohf.com\/product\/grab-hooks\/#primaryimage\"},\"thumbnailUrl\":\"https:\/\/qingdaohf.com\/wp-content\/uploads\/2023\/04\/3.jpg\",\"datePublished\":\"2023-04-10T11:05:10+00:00\",\"dateModified\":\"2025-11-13T01:05:12+00:00\",\"description\":\"Grab hooks are specialized hooks used for gripping and securing chains or other types of tensioned materials.\",\"breadcrumb\":{\"@id\":\"https:\/\/qingdaohf.com\/product\/grab-hooks\/#breadcrumb\"},\"inLanguage\":\"sk-SK\",\"potentialAction\":[{\"@type\":\"ReadAction\",\"target\":[\"https:\/\/qingdaohf.com\/product\/grab-hooks\/\"]}]},{\"@type\":\"ImageObject\",\"inLanguage\":\"sk-SK\",\"@id\":\"https:\/\/qingdaohf.com\/product\/grab-hooks\/#primaryimage\",\"url\":\"https:\/\/qingdaohf.com\/wp-content\/uploads\/2023\/04\/3.jpg\",\"contentUrl\":\"https:\/\/qingdaohf.com\/wp-content\/uploads\/2023\/04\/3.jpg\",\"width\":800,\"height\":800,\"caption\":\"grab hooks\"},{\"@type\":\"BreadcrumbList\",\"@id\":\"https:\/\/qingdaohf.com\/product\/grab-hooks\/#breadcrumb\",\"itemListElement\":[{\"@type\":\"ListItem\",\"position\":1,\"name\":\"Home\",\"item\":\"https:\/\/qingdaohf.com\/\"},{\"@type\":\"ListItem\",\"position\":2,\"name\":\"Concrete Forming Accessories and Rigging Hardware\",\"item\":\"https:\/\/qingdaohf.com\/bg\/?page_id=944\"},{\"@type\":\"ListItem\",\"position\":3,\"name\":\"Clevis Grab Hooks\"}]},{\"@type\":\"WebSite\",\"@id\":\"https:\/\/qingdaohf.com\/bg\/#website\",\"url\":\"https:\/\/qingdaohf.com\/bg\/\",\"name\":\"Concrete Form & Rigging Hardware Supplier\",\"description\":\"\",\"publisher\":{\"@id\":\"https:\/\/qingdaohf.com\/bg\/#organization\"},\"potentialAction\":[{\"@type\":\"SearchAction\",\"target\":{\"@type\":\"EntryPoint\",\"urlTemplate\":\"https:\/\/qingdaohf.com\/bg\/?s={search_term_string}\"},\"query-input\":{\"@type\":\"PropertyValueSpecification\",\"valueRequired\":true,\"valueName\":\"search_term_string\"}}],\"inLanguage\":\"sk-SK\"},{\"@type\":\"Organization\",\"@id\":\"https:\/\/qingdaohf.com\/bg\/#organization\",\"name\":\"Qingdao H&F\",\"url\":\"https:\/\/qingdaohf.com\/bg\/\",\"logo\":{\"@type\":\"ImageObject\",\"inLanguage\":\"sk-SK\",\"@id\":\"https:\/\/qingdaohf.com\/bg\/#\/schema\/logo\/image\/\",\"url\":\"https:\/\/qingdaohf.com\/wp-content\/uploads\/2022\/12\/cropped-HF-LOGO.png\",\"contentUrl\":\"https:\/\/qingdaohf.com\/wp-content\/uploads\/2022\/12\/cropped-HF-LOGO.png\",\"width\":391,\"height\":249,\"caption\":\"Qingdao H&F\"},\"image\":{\"@id\":\"https:\/\/qingdaohf.com\/bg\/#\/schema\/logo\/image\/\"},\"sameAs\":[\"https:\/\/www.facebook.com\/qingdaohf\"]}]}<\/script>\n<!-- \/ Yoast SEO plugin. -->","yoast_head_json":{"title":"Clevis Grab Hooks","description":"Grab hooks are specialized hooks used for gripping and securing chains or other types of tensioned materials.","robots":{"index":"index","follow":"follow","max-snippet":"max-snippet:-1","max-image-preview":"max-image-preview:large","max-video-preview":"max-video-preview:-1"},"canonical":"https:\/\/qingdaohf.com\/sk\/produkt\/haciky-na-uchopenie\/","og_locale":"sk_SK","og_type":"article","og_title":"Clevis Grab Hooks","og_description":"Grab hooks are specialized hooks used for gripping and securing chains or other types of tensioned materials.","og_url":"https:\/\/qingdaohf.com\/sk\/produkt\/haciky-na-uchopenie\/","og_site_name":"Concrete Form &amp; Rigging Hardware Supplier","article_publisher":"https:\/\/www.facebook.com\/qingdaohf","article_modified_time":"2025-11-13T01:05:12+00:00","og_image":[{"width":800,"height":800,"url":"https:\/\/qingdaohf.com\/wp-content\/uploads\/2023\/04\/3.jpg","type":"image\/jpeg"}],"twitter_card":"summary_large_image","twitter_misc":{"Predpokladan\u00fd \u010das \u010d\u00edtania":"2 min\u00faty"},"schema":{"@context":"https:\/\/schema.org","@graph":[{"@type":"WebPage","@id":"https:\/\/qingdaohf.com\/product\/grab-hooks\/","url":"https:\/\/qingdaohf.com\/product\/grab-hooks\/","name":"Clevis Grab Hooks","isPartOf":{"@id":"https:\/\/qingdaohf.com\/bg\/#website"},"primaryImageOfPage":{"@id":"https:\/\/qingdaohf.com\/product\/grab-hooks\/#primaryimage"},"image":{"@id":"https:\/\/qingdaohf.com\/product\/grab-hooks\/#primaryimage"},"thumbnailUrl":"https:\/\/qingdaohf.com\/wp-content\/uploads\/2023\/04\/3.jpg","datePublished":"2023-04-10T11:05:10+00:00","dateModified":"2025-11-13T01:05:12+00:00","description":"Grab hooks are specialized hooks used for gripping and securing chains or other types of tensioned materials.","breadcrumb":{"@id":"https:\/\/qingdaohf.com\/product\/grab-hooks\/#breadcrumb"},"inLanguage":"sk-SK","potentialAction":[{"@type":"ReadAction","target":["https:\/\/qingdaohf.com\/product\/grab-hooks\/"]}]},{"@type":"ImageObject","inLanguage":"sk-SK","@id":"https:\/\/qingdaohf.com\/product\/grab-hooks\/#primaryimage","url":"https:\/\/qingdaohf.com\/wp-content\/uploads\/2023\/04\/3.jpg","contentUrl":"https:\/\/qingdaohf.com\/wp-content\/uploads\/2023\/04\/3.jpg","width":800,"height":800,"caption":"grab hooks"},{"@type":"BreadcrumbList","@id":"https:\/\/qingdaohf.com\/product\/grab-hooks\/#breadcrumb","itemListElement":[{"@type":"ListItem","position":1,"name":"Home","item":"https:\/\/qingdaohf.com\/"},{"@type":"ListItem","position":2,"name":"Concrete Forming Accessories and Rigging Hardware","item":"https:\/\/qingdaohf.com\/bg\/?page_id=944"},{"@type":"ListItem","position":3,"name":"Clevis Grab Hooks"}]},{"@type":"WebSite","@id":"https:\/\/qingdaohf.com\/bg\/#website","url":"https:\/\/qingdaohf.com\/bg\/","name":"Concrete Form & Rigging Hardware Supplier","description":"","publisher":{"@id":"https:\/\/qingdaohf.com\/bg\/#organization"},"potentialAction":[{"@type":"SearchAction","target":{"@type":"EntryPoint","urlTemplate":"https:\/\/qingdaohf.com\/bg\/?s={search_term_string}"},"query-input":{"@type":"PropertyValueSpecification","valueRequired":true,"valueName":"search_term_string"}}],"inLanguage":"sk-SK"},{"@type":"Organization","@id":"https:\/\/qingdaohf.com\/bg\/#organization","name":"Qingdao H&F","url":"https:\/\/qingdaohf.com\/bg\/","logo":{"@type":"ImageObject","inLanguage":"sk-SK","@id":"https:\/\/qingdaohf.com\/bg\/#\/schema\/logo\/image\/","url":"https:\/\/qingdaohf.com\/wp-content\/uploads\/2022\/12\/cropped-HF-LOGO.png","contentUrl":"https:\/\/qingdaohf.com\/wp-content\/uploads\/2022\/12\/cropped-HF-LOGO.png","width":391,"height":249,"caption":"Qingdao H&F"},"image":{"@id":"https:\/\/qingdaohf.com\/bg\/#\/schema\/logo\/image\/"},"sameAs":["https:\/\/www.facebook.com\/qingdaohf"]}]}},"_links":{"self":[{"href":"https:\/\/qingdaohf.com\/sk\/wp-json\/wp\/v2\/product\/3576","targetHints":{"allow":["GET"]}}],"collection":[{"href":"https:\/\/qingdaohf.com\/sk\/wp-json\/wp\/v2\/product"}],"about":[{"href":"https:\/\/qingdaohf.com\/sk\/wp-json\/wp\/v2\/types\/product"}],"replies":[{"embeddable":true,"href":"https:\/\/qingdaohf.com\/sk\/wp-json\/wp\/v2\/comments?post=3576"}],"version-history":[{"count":2,"href":"https:\/\/qingdaohf.com\/sk\/wp-json\/wp\/v2\/product\/3576\/revisions"}],"predecessor-version":[{"id":3965,"href":"https:\/\/qingdaohf.com\/sk\/wp-json\/wp\/v2\/product\/3576\/revisions\/3965"}],"wp:featuredmedia":[{"embeddable":true,"href":"https:\/\/qingdaohf.com\/sk\/wp-json\/wp\/v2\/media\/3577"}],"wp:attachment":[{"href":"https:\/\/qingdaohf.com\/sk\/wp-json\/wp\/v2\/media?parent=3576"}],"wp:term":[{"taxonomy":"product_brand","embeddable":true,"href":"https:\/\/qingdaohf.com\/sk\/wp-json\/wp\/v2\/product_brand?post=3576"},{"taxonomy":"product_cat","embeddable":true,"href":"https:\/\/qingdaohf.com\/sk\/wp-json\/wp\/v2\/product_cat?post=3576"},{"taxonomy":"product_tag","embeddable":true,"href":"https:\/\/qingdaohf.com\/sk\/wp-json\/wp\/v2\/product_tag?post=3576"}],"curies":[{"name":"wp","href":"https:\/\/api.w.org\/{rel}","templated":true}]}}