{"id":3812,"date":"2023-05-19T16:11:27","date_gmt":"2023-05-19T08:11:27","guid":{"rendered":"http:\/\/qingdaohf.com\/?post_type=product&#038;p=3812"},"modified":"2025-11-13T09:05:11","modified_gmt":"2025-11-13T01:05:11","slug":"g210-shackle","status":"publish","type":"product","link":"https:\/\/qingdaohf.com\/sk\/produkt\/g210-putko\/","title":{"rendered":"G210 Pozinkovan\u00e1 D spona"},"content":{"rendered":"<p><strong>1. Zabezpe\u010denie kvality:<\/strong> Vyhl\u00e1senie: Uis\u0165ujeme v\u00e1s o v\u00fdnimo\u010dnej kvalite n\u00e1\u0161ho z\u00e1vesu G210. Tieto v\u00fdrobky starostlivo z\u00edskavame od celosvetovo uzn\u00e1van\u00fdch v\u00fdrobcov, \u010d\u00edm zabezpe\u010dujeme ich s\u00falad s najvy\u0161\u0161\u00edmi priemyseln\u00fdmi normami. Na potvrdenie tohto z\u00e1v\u00e4zku poskytujeme \u0161pecifick\u00e9 certifik\u00e1ty kvality, ako napr\u00edklad ISO 9001:2015, ktor\u00e9 zaru\u010duj\u00fa kvalitu a spo\u013eahlivos\u0165 ka\u017edej spony.<\/p>\n<p><strong>2. Konkuren\u010dn\u00e9 ceny:<\/strong> Vyhl\u00e1senie: V spolo\u010dnosti H&amp;F nanovo definujeme cenov\u00fa dostupnos\u0165 bez kompromisov v kvalite. Na\u0161a rozsiahla sie\u0165 a zefekt\u00edvnen\u00fd dod\u00e1vate\u013esk\u00fd re\u0165azec n\u00e1m umo\u017e\u0148uj\u00fa pon\u00faka\u0165 najlep\u0161ie ve\u013ekoobchodn\u00e9 ceny na svete pre p\u00fatko G210. Kontaktujte n\u00e1\u0161 obchodn\u00fd t\u00edm a prediskutujte svoje objemov\u00e9 po\u017eiadavky a vyu\u017eite individu\u00e1lne cenov\u00e9 rie\u0161enia, ktor\u00e9 s\u00fa v s\u00falade s va\u0161imi rozpo\u010dtov\u00fdmi obmedzeniami.<\/p>\n<p><strong>3. Prisp\u00f4sobenie a \u0161pecifik\u00e1cie:<\/strong> Vyhl\u00e1senie: Uvo\u013enite pln\u00fd potenci\u00e1l prisp\u00f4sobenia s H&amp;F. Ch\u00e1peme jedine\u010dnos\u0165 va\u0161ich aplik\u00e1ci\u00ed a na\u0161e p\u00fatko G210 je mo\u017en\u00e9 prisp\u00f4sobi\u0165 tak, aby sp\u013a\u0148alo va\u0161e presn\u00e9 \u0161pecifik\u00e1cie. N\u00e1\u0161 sk\u00fasen\u00fd t\u00edm zaru\u010duje, \u017ee ka\u017ed\u00fd okov\u00e1\u010d bude dokonale vyhovova\u0165 va\u0161im osobitn\u00fdm po\u017eiadavk\u00e1m, od rozmerov a\u017e po materi\u00e1lov\u00e9 zlo\u017eenie.<\/p>\n<p><strong>4. \u0160pecifick\u00fd \u010das realiz\u00e1cie a logistika:<\/strong> Vyhl\u00e1senie: \u010cas je d\u00f4le\u017eit\u00fd a my uprednost\u0148ujeme r\u00fdchle dodanie. \u010cas dodania na\u0161ich okovov G210 je presne prisp\u00f4soben\u00fd va\u0161im potreb\u00e1m, pri\u010dom konkr\u00e9tne term\u00edny sa poskytuj\u00fa na z\u00e1klade objemu objedn\u00e1vky a po\u017eiadaviek na prisp\u00f4sobenie. N\u00e1\u0161 efekt\u00edvny logistick\u00fd t\u00edm zabezpe\u010duje bezprobl\u00e9mov\u00fa prepravu a inform\u00e1cie o sledovan\u00ed v re\u00e1lnom \u010dase m\u00e1te v\u017edy po ruke.<\/p>\n<p><strong>5. Popredajn\u00e1 podpora:<\/strong> Vyhl\u00e1senie: N\u00e1\u0161 z\u00e1v\u00e4zok sa nekon\u010d\u00ed n\u00e1kupom. Spolo\u010dnos\u0165 H&amp;F si za svojimi v\u00fdrobkami neochvejne stoj\u00ed a pon\u00faka bezkonkuren\u010dn\u00fa popredajn\u00fa podporu. \u010ci u\u017e potrebujete technick\u00fa pomoc, z\u00e1ru\u010dn\u00e9 krytie alebo n\u00e1hradn\u00e9 slu\u017eby, n\u00e1\u0161 \u0161pecializovan\u00fd t\u00edm je tu, aby rie\u0161il va\u0161e probl\u00e9my a zabezpe\u010dil va\u0161u spokojnos\u0165.<\/p>\n<p><strong>6. Environment\u00e1lne normy a normy na dodr\u017eiavanie predpisov:<\/strong> Vyhl\u00e1senie: Spolo\u010dnos\u0165 H&amp;F je hrd\u00e1 na dodr\u017eiavanie environment\u00e1lnych noriem a noriem zhody. Na\u0161e ok\u00e1 G210 nielen\u017ee sp\u013a\u0148aj\u00fa, ale aj prevy\u0161uj\u00fa glob\u00e1lne priemyseln\u00e9 krit\u00e9ri\u00e1. V\u00fdrobn\u00e9 procesy dodr\u017eiavaj\u00fa etick\u00e9 a ekologick\u00e9 postupy, \u010d\u00edm sa bez probl\u00e9mov zos\u00fala\u010fuj\u00fa s va\u0161imi cie\u013emi v oblasti podnikovej zodpovednosti.<\/p>\n<div class=\"ast-oembed-container\" style=\"height: 100%;\"><iframe title=\"H&amp;F G209 G210 Kolekcia okovov\" width=\"500\" height=\"281\" src=\"https:\/\/www.youtube.com\/embed\/f5c-7zVpoOE?feature=oembed\" frameborder=\"0\" allow=\"accelerometer; autoplay; clipboard-write; encrypted-media; gyroscope; picture-in-picture; web-share\" referrerpolicy=\"strict-origin-when-cross-origin\" allowfullscreen><\/iframe><\/div>\n<p><strong>Pozinkovan\u00e1 odolnos\u0165:<\/strong> K\u013eu\u010dka G210 je vyroben\u00e1 z vysokokvalitnej ocele a pozinkovan\u00e1 pre zv\u00fd\u0161en\u00fa odolnos\u0165. T\u00e1to ochrann\u00e1 vrstva nielen\u017ee posil\u0148uje sponu proti kor\u00f3zii, \u010d\u00edm predl\u017euje jej \u017eivotnos\u0165, ale zabezpe\u010duje aj jej v\u00fdkon v n\u00e1ro\u010dn\u00fdch podmienkach vr\u00e1tane n\u00e1morn\u00fdch a vonkaj\u0161\u00edch aplik\u00e1ci\u00ed.<\/p>\n<p><strong>Robustn\u00e1 kon\u0161trukcia:<\/strong> Svorka G210 je skon\u0161truovan\u00e1 tak, aby vydr\u017eala ve\u013ek\u00e9 za\u0165a\u017eenie, a vyzna\u010duje sa robustnou a kompaktnou kon\u0161trukciou. T\u00e1to vlastnos\u0165 zvy\u0161uje jeho v\u0161estrannos\u0165 a umo\u017e\u0148uje jeho pou\u017eitie v nespo\u010detn\u00fdch situ\u00e1ci\u00e1ch, od staven\u00edsk a\u017e po lodenice.<\/p>\n<p><strong>Mechanizmus bezpe\u010dnostn\u00e9ho kol\u00edka:<\/strong> Poistka je vybaven\u00e1 bezpe\u010dnostn\u00fdm \u010dapom a poskytuje dodato\u010dn\u00fa \u00farove\u0148 bezpe\u010dnosti po\u010das prev\u00e1dzky. V\u010faka tomu zost\u00e1va n\u00e1klad bezpe\u010dne upevnen\u00fd, \u010d\u00edm sa minimalizuje riziko n\u00e1hodn\u00e9ho rozpojenia a podporuje sa bezpe\u010dn\u00e9 pracovn\u00e9 prostredie.<\/p>\n<p><strong>V\u0161estrannos\u0165 aplik\u00e1ci\u00ed:<\/strong> Pozinkovan\u00fd z\u00e1ves G210 sa v\u00fdborne hod\u00ed na r\u00f4zne \u00fa\u010dely, \u010di u\u017e ide o zdv\u00edhanie zariaden\u00ed, upev\u0148ovanie n\u00e1kladu alebo sp\u00e1janie zdv\u00edhac\u00edch popruhov. V\u010faka svojej v\u0161estrannosti a spo\u013eahlivosti je nepostr\u00e1date\u013en\u00fdm n\u00e1strojom pre odvetvia, ktor\u00e9 vy\u017eaduj\u00fa nekompromisn\u00fd v\u00fdkon.<\/p>\n<p><img fetchpriority=\"high\" decoding=\"async\" class=\"alignnone size-full wp-image-3813\" src=\"http:\/\/qingdaohf.com\/wp-content\/uploads\/2023\/05\/G209-G210-shackle.jpg\" alt=\"G209 G210 z\u00e1vesn\u00e9 ok\u00e1\" width=\"1000\" height=\"1296\" srcset=\"https:\/\/qingdaohf.com\/wp-content\/uploads\/2023\/05\/G209-G210-shackle.jpg 1000w, https:\/\/qingdaohf.com\/wp-content\/uploads\/2023\/05\/G209-G210-shackle-231x300.jpg 231w, https:\/\/qingdaohf.com\/wp-content\/uploads\/2023\/05\/G209-G210-shackle-790x1024.jpg 790w, https:\/\/qingdaohf.com\/wp-content\/uploads\/2023\/05\/G209-G210-shackle-768x995.jpg 768w\" sizes=\"(max-width: 1000px) 100vw, 1000px\" \/><\/p>","protected":false},"excerpt":{"rendered":"<p>Vitajte v Qingdao H&amp;F, va\u0161om d\u00f4veryhodnom partnerovi pre ok\u00e1 G210. Ako dod\u00e1vate\u013e p\u00fat s viac ako 20-ro\u010dn\u00fdmi sk\u00fasenos\u0165ami sme hrd\u00ed na to, \u017ee dod\u00e1vame kvalitn\u00e9 v\u00fdrobky za najlep\u0161ie ceny. Za\u017eite bezkonkuren\u010dn\u00fd z\u00e1kazn\u00edcky servis s na\u0161\u00edm individu\u00e1lnym pr\u00edstupom, ktor\u00fd zabezpe\u010d\u00ed splnenie va\u0161ich \u0161pecifick\u00fdch po\u017eiadaviek. Na\u0161e p\u00fatka G210, vytvoren\u00e9 na z\u00e1klade desa\u0165ro\u010d\u00ed znalost\u00ed v odvetv\u00ed, poskytuj\u00fa robustn\u00e9 a spo\u013eahliv\u00e9 rie\u0161enia. To, \u010do n\u00e1s odli\u0161uje, je mo\u017enos\u0165 prisp\u00f4sobenia, ktor\u00e1 v\u00e1m umo\u017en\u00ed prisp\u00f4sobi\u0165 ok\u00e1 presne va\u0161im potreb\u00e1m. Vyberte si spolo\u010dnos\u0165 Qingdao H&amp;F a z\u00edskajte bezprobl\u00e9mov\u00fd ve\u013ekoobchodn\u00fd z\u00e1\u017eitok, v ktorom sa sp\u00e1ja cenov\u00e1 dostupnos\u0165, kvalita a individu\u00e1lne slu\u017eby. D\u00f4verujte n\u00e1m, \u017ee spln\u00edme va\u0161e potreby t\u00fdkaj\u00face sa okovov s dokonalos\u0165ou a odhodlan\u00edm.<\/p>","protected":false},"featured_media":6312,"comment_status":"open","ping_status":"closed","template":"","meta":{"site-sidebar-layout":"default","site-content-layout":"default","ast-site-content-layout":"default","site-content-style":"default","site-sidebar-style":"default","ast-global-header-display":"","ast-banner-title-visibility":"","ast-main-header-display":"","ast-hfb-above-header-display":"","ast-hfb-below-header-display":"","ast-hfb-mobile-header-display":"","site-post-title":"","ast-breadcrumbs-content":"","ast-featured-img":"","footer-sml-layout":"","theme-transparent-header-meta":"default","adv-header-id-meta":"","stick-header-meta":"default","header-above-stick-meta":"","header-main-stick-meta":"","header-below-stick-meta":"","astra-migrate-meta-layouts":"set","ast-page-background-enabled":"default","ast-page-background-meta":{"desktop":{"background-color":"","background-image":"","background-repeat":"repeat","background-position":"center center","background-size":"auto","background-attachment":"scroll","background-type":"","background-media":"","overlay-type":"","overlay-color":"","overlay-opacity":"","overlay-gradient":""},"tablet":{"background-color":"","background-image":"","background-repeat":"repeat","background-position":"center center","background-size":"auto","background-attachment":"scroll","background-type":"","background-media":"","overlay-type":"","overlay-color":"","overlay-opacity":"","overlay-gradient":""},"mobile":{"background-color":"","background-image":"","background-repeat":"repeat","background-position":"center center","background-size":"auto","background-attachment":"scroll","background-type":"","background-media":"","overlay-type":"","overlay-color":"","overlay-opacity":"","overlay-gradient":""}},"ast-content-background-meta":{"desktop":{"background-color":"var(--ast-global-color-5)","background-image":"","background-repeat":"repeat","background-position":"center center","background-size":"auto","background-attachment":"scroll","background-type":"","background-media":"","overlay-type":"","overlay-color":"","overlay-opacity":"","overlay-gradient":""},"tablet":{"background-color":"var(--ast-global-color-5)","background-image":"","background-repeat":"repeat","background-position":"center center","background-size":"auto","background-attachment":"scroll","background-type":"","background-media":"","overlay-type":"","overlay-color":"","overlay-opacity":"","overlay-gradient":""},"mobile":{"background-color":"var(--ast-global-color-5)","background-image":"","background-repeat":"repeat","background-position":"center center","background-size":"auto","background-attachment":"scroll","background-type":"","background-media":"","overlay-type":"","overlay-color":"","overlay-opacity":"","overlay-gradient":""}}},"product_brand":[],"product_cat":[54],"product_tag":[],"class_list":{"0":"post-3812","1":"product","2":"type-product","3":"status-publish","4":"has-post-thumbnail","6":"product_cat-shackle","7":"desktop-align-left","8":"tablet-align-left","9":"mobile-align-left","10":"ast-product-gallery-layout-horizontal-slider","11":"ast-product-tabs-layout-horizontal","13":"first","14":"instock","15":"shipping-taxable","16":"purchasable","17":"product-type-simple"},"yoast_head":"<!-- This site is optimized with the Yoast SEO plugin v25.2 - https:\/\/yoast.com\/wordpress\/plugins\/seo\/ -->\n<title>G210 Galvanized D Shackle<\/title>\n<meta name=\"description\" content=\"The primary purpose of the G210 Galvanized Shackle is to facilitate secure connections in lifting and rigging operations.\" \/>\n<meta name=\"robots\" content=\"index, follow, max-snippet:-1, max-image-preview:large, max-video-preview:-1\" \/>\n<link rel=\"canonical\" href=\"https:\/\/qingdaohf.com\/sk\/produkt\/g210-putko\/\" \/>\n<meta property=\"og:locale\" content=\"sk_SK\" \/>\n<meta property=\"og:type\" content=\"article\" \/>\n<meta property=\"og:title\" content=\"G210 Galvanized D Shackle\" \/>\n<meta property=\"og:description\" content=\"The primary purpose of the G210 Galvanized Shackle is to facilitate secure connections in lifting and rigging operations.\" \/>\n<meta property=\"og:url\" content=\"https:\/\/qingdaohf.com\/sk\/produkt\/g210-putko\/\" \/>\n<meta property=\"og:site_name\" content=\"Concrete Form &amp; Rigging Hardware Supplier\" \/>\n<meta property=\"article:publisher\" content=\"https:\/\/www.facebook.com\/qingdaohf\" \/>\n<meta property=\"article:modified_time\" content=\"2025-11-13T01:05:11+00:00\" \/>\n<meta property=\"og:image\" content=\"https:\/\/qingdaohf.com\/wp-content\/uploads\/2023\/05\/210-shackle.jpg\" \/>\n\t<meta property=\"og:image:width\" content=\"900\" \/>\n\t<meta property=\"og:image:height\" content=\"900\" \/>\n\t<meta property=\"og:image:type\" content=\"image\/jpeg\" \/>\n<meta name=\"twitter:card\" content=\"summary_large_image\" \/>\n<meta name=\"twitter:label1\" content=\"Predpokladan\u00fd \u010das \u010d\u00edtania\" \/>\n\t<meta name=\"twitter:data1\" content=\"3 min\u00faty\" \/>\n<script type=\"application\/ld+json\" class=\"yoast-schema-graph\">{\"@context\":\"https:\/\/schema.org\",\"@graph\":[{\"@type\":\"WebPage\",\"@id\":\"https:\/\/qingdaohf.com\/product\/g210-shackle\/\",\"url\":\"https:\/\/qingdaohf.com\/product\/g210-shackle\/\",\"name\":\"G210 Galvanized D Shackle\",\"isPartOf\":{\"@id\":\"https:\/\/qingdaohf.com\/bg\/#website\"},\"primaryImageOfPage\":{\"@id\":\"https:\/\/qingdaohf.com\/product\/g210-shackle\/#primaryimage\"},\"image\":{\"@id\":\"https:\/\/qingdaohf.com\/product\/g210-shackle\/#primaryimage\"},\"thumbnailUrl\":\"https:\/\/qingdaohf.com\/wp-content\/uploads\/2023\/05\/210-shackle.jpg\",\"datePublished\":\"2023-05-19T08:11:27+00:00\",\"dateModified\":\"2025-11-13T01:05:11+00:00\",\"description\":\"The primary purpose of the G210 Galvanized Shackle is to facilitate secure connections in lifting and rigging operations.\",\"breadcrumb\":{\"@id\":\"https:\/\/qingdaohf.com\/product\/g210-shackle\/#breadcrumb\"},\"inLanguage\":\"sk-SK\",\"potentialAction\":[{\"@type\":\"ReadAction\",\"target\":[\"https:\/\/qingdaohf.com\/product\/g210-shackle\/\"]}]},{\"@type\":\"ImageObject\",\"inLanguage\":\"sk-SK\",\"@id\":\"https:\/\/qingdaohf.com\/product\/g210-shackle\/#primaryimage\",\"url\":\"https:\/\/qingdaohf.com\/wp-content\/uploads\/2023\/05\/210-shackle.jpg\",\"contentUrl\":\"https:\/\/qingdaohf.com\/wp-content\/uploads\/2023\/05\/210-shackle.jpg\",\"width\":900,\"height\":900,\"caption\":\"210 D shackle\"},{\"@type\":\"BreadcrumbList\",\"@id\":\"https:\/\/qingdaohf.com\/product\/g210-shackle\/#breadcrumb\",\"itemListElement\":[{\"@type\":\"ListItem\",\"position\":1,\"name\":\"Home\",\"item\":\"https:\/\/qingdaohf.com\/\"},{\"@type\":\"ListItem\",\"position\":2,\"name\":\"Concrete Forming Accessories and Rigging Hardware\",\"item\":\"https:\/\/qingdaohf.com\/bg\/?page_id=944\"},{\"@type\":\"ListItem\",\"position\":3,\"name\":\"G210 Galvanized D Shackle\"}]},{\"@type\":\"WebSite\",\"@id\":\"https:\/\/qingdaohf.com\/bg\/#website\",\"url\":\"https:\/\/qingdaohf.com\/bg\/\",\"name\":\"Concrete Form & Rigging Hardware Supplier\",\"description\":\"\",\"publisher\":{\"@id\":\"https:\/\/qingdaohf.com\/bg\/#organization\"},\"potentialAction\":[{\"@type\":\"SearchAction\",\"target\":{\"@type\":\"EntryPoint\",\"urlTemplate\":\"https:\/\/qingdaohf.com\/bg\/?s={search_term_string}\"},\"query-input\":{\"@type\":\"PropertyValueSpecification\",\"valueRequired\":true,\"valueName\":\"search_term_string\"}}],\"inLanguage\":\"sk-SK\"},{\"@type\":\"Organization\",\"@id\":\"https:\/\/qingdaohf.com\/bg\/#organization\",\"name\":\"Qingdao H&F\",\"url\":\"https:\/\/qingdaohf.com\/bg\/\",\"logo\":{\"@type\":\"ImageObject\",\"inLanguage\":\"sk-SK\",\"@id\":\"https:\/\/qingdaohf.com\/bg\/#\/schema\/logo\/image\/\",\"url\":\"https:\/\/qingdaohf.com\/wp-content\/uploads\/2022\/12\/cropped-HF-LOGO.png\",\"contentUrl\":\"https:\/\/qingdaohf.com\/wp-content\/uploads\/2022\/12\/cropped-HF-LOGO.png\",\"width\":391,\"height\":249,\"caption\":\"Qingdao H&F\"},\"image\":{\"@id\":\"https:\/\/qingdaohf.com\/bg\/#\/schema\/logo\/image\/\"},\"sameAs\":[\"https:\/\/www.facebook.com\/qingdaohf\"]}]}<\/script>\n<!-- \/ Yoast SEO plugin. -->","yoast_head_json":{"title":"G210 Galvanized D Shackle","description":"The primary purpose of the G210 Galvanized Shackle is to facilitate secure connections in lifting and rigging operations.","robots":{"index":"index","follow":"follow","max-snippet":"max-snippet:-1","max-image-preview":"max-image-preview:large","max-video-preview":"max-video-preview:-1"},"canonical":"https:\/\/qingdaohf.com\/sk\/produkt\/g210-putko\/","og_locale":"sk_SK","og_type":"article","og_title":"G210 Galvanized D Shackle","og_description":"The primary purpose of the G210 Galvanized Shackle is to facilitate secure connections in lifting and rigging operations.","og_url":"https:\/\/qingdaohf.com\/sk\/produkt\/g210-putko\/","og_site_name":"Concrete Form &amp; Rigging Hardware Supplier","article_publisher":"https:\/\/www.facebook.com\/qingdaohf","article_modified_time":"2025-11-13T01:05:11+00:00","og_image":[{"width":900,"height":900,"url":"https:\/\/qingdaohf.com\/wp-content\/uploads\/2023\/05\/210-shackle.jpg","type":"image\/jpeg"}],"twitter_card":"summary_large_image","twitter_misc":{"Predpokladan\u00fd \u010das \u010d\u00edtania":"3 min\u00faty"},"schema":{"@context":"https:\/\/schema.org","@graph":[{"@type":"WebPage","@id":"https:\/\/qingdaohf.com\/product\/g210-shackle\/","url":"https:\/\/qingdaohf.com\/product\/g210-shackle\/","name":"G210 Galvanized D Shackle","isPartOf":{"@id":"https:\/\/qingdaohf.com\/bg\/#website"},"primaryImageOfPage":{"@id":"https:\/\/qingdaohf.com\/product\/g210-shackle\/#primaryimage"},"image":{"@id":"https:\/\/qingdaohf.com\/product\/g210-shackle\/#primaryimage"},"thumbnailUrl":"https:\/\/qingdaohf.com\/wp-content\/uploads\/2023\/05\/210-shackle.jpg","datePublished":"2023-05-19T08:11:27+00:00","dateModified":"2025-11-13T01:05:11+00:00","description":"The primary purpose of the G210 Galvanized Shackle is to facilitate secure connections in lifting and rigging operations.","breadcrumb":{"@id":"https:\/\/qingdaohf.com\/product\/g210-shackle\/#breadcrumb"},"inLanguage":"sk-SK","potentialAction":[{"@type":"ReadAction","target":["https:\/\/qingdaohf.com\/product\/g210-shackle\/"]}]},{"@type":"ImageObject","inLanguage":"sk-SK","@id":"https:\/\/qingdaohf.com\/product\/g210-shackle\/#primaryimage","url":"https:\/\/qingdaohf.com\/wp-content\/uploads\/2023\/05\/210-shackle.jpg","contentUrl":"https:\/\/qingdaohf.com\/wp-content\/uploads\/2023\/05\/210-shackle.jpg","width":900,"height":900,"caption":"210 D shackle"},{"@type":"BreadcrumbList","@id":"https:\/\/qingdaohf.com\/product\/g210-shackle\/#breadcrumb","itemListElement":[{"@type":"ListItem","position":1,"name":"Home","item":"https:\/\/qingdaohf.com\/"},{"@type":"ListItem","position":2,"name":"Concrete Forming Accessories and Rigging Hardware","item":"https:\/\/qingdaohf.com\/bg\/?page_id=944"},{"@type":"ListItem","position":3,"name":"G210 Galvanized D Shackle"}]},{"@type":"WebSite","@id":"https:\/\/qingdaohf.com\/bg\/#website","url":"https:\/\/qingdaohf.com\/bg\/","name":"Concrete Form & Rigging Hardware Supplier","description":"","publisher":{"@id":"https:\/\/qingdaohf.com\/bg\/#organization"},"potentialAction":[{"@type":"SearchAction","target":{"@type":"EntryPoint","urlTemplate":"https:\/\/qingdaohf.com\/bg\/?s={search_term_string}"},"query-input":{"@type":"PropertyValueSpecification","valueRequired":true,"valueName":"search_term_string"}}],"inLanguage":"sk-SK"},{"@type":"Organization","@id":"https:\/\/qingdaohf.com\/bg\/#organization","name":"Qingdao H&F","url":"https:\/\/qingdaohf.com\/bg\/","logo":{"@type":"ImageObject","inLanguage":"sk-SK","@id":"https:\/\/qingdaohf.com\/bg\/#\/schema\/logo\/image\/","url":"https:\/\/qingdaohf.com\/wp-content\/uploads\/2022\/12\/cropped-HF-LOGO.png","contentUrl":"https:\/\/qingdaohf.com\/wp-content\/uploads\/2022\/12\/cropped-HF-LOGO.png","width":391,"height":249,"caption":"Qingdao H&F"},"image":{"@id":"https:\/\/qingdaohf.com\/bg\/#\/schema\/logo\/image\/"},"sameAs":["https:\/\/www.facebook.com\/qingdaohf"]}]}},"_links":{"self":[{"href":"https:\/\/qingdaohf.com\/sk\/wp-json\/wp\/v2\/product\/3812","targetHints":{"allow":["GET"]}}],"collection":[{"href":"https:\/\/qingdaohf.com\/sk\/wp-json\/wp\/v2\/product"}],"about":[{"href":"https:\/\/qingdaohf.com\/sk\/wp-json\/wp\/v2\/types\/product"}],"replies":[{"embeddable":true,"href":"https:\/\/qingdaohf.com\/sk\/wp-json\/wp\/v2\/comments?post=3812"}],"version-history":[{"count":9,"href":"https:\/\/qingdaohf.com\/sk\/wp-json\/wp\/v2\/product\/3812\/revisions"}],"predecessor-version":[{"id":6289,"href":"https:\/\/qingdaohf.com\/sk\/wp-json\/wp\/v2\/product\/3812\/revisions\/6289"}],"wp:featuredmedia":[{"embeddable":true,"href":"https:\/\/qingdaohf.com\/sk\/wp-json\/wp\/v2\/media\/6312"}],"wp:attachment":[{"href":"https:\/\/qingdaohf.com\/sk\/wp-json\/wp\/v2\/media?parent=3812"}],"wp:term":[{"taxonomy":"product_brand","embeddable":true,"href":"https:\/\/qingdaohf.com\/sk\/wp-json\/wp\/v2\/product_brand?post=3812"},{"taxonomy":"product_cat","embeddable":true,"href":"https:\/\/qingdaohf.com\/sk\/wp-json\/wp\/v2\/product_cat?post=3812"},{"taxonomy":"product_tag","embeddable":true,"href":"https:\/\/qingdaohf.com\/sk\/wp-json\/wp\/v2\/product_tag?post=3812"}],"curies":[{"name":"wp","href":"https:\/\/api.w.org\/{rel}","templated":true}]}}