{"id":3822,"date":"2023-05-19T16:36:58","date_gmt":"2023-05-19T08:36:58","guid":{"rendered":"http:\/\/qingdaohf.com\/?post_type=product&#038;p=3822"},"modified":"2025-11-13T09:05:11","modified_gmt":"2025-11-13T01:05:11","slug":"g215-shackle","status":"publish","type":"product","link":"https:\/\/qingdaohf.com\/sk\/produkt\/g213-g215-pozinkovany-zaves\/","title":{"rendered":"G215 Pozinkovan\u00e1 spona"},"content":{"rendered":"<p class=\"\" data-start=\"525\" data-end=\"1183\">G215 Shackle steles\u0148uje kombin\u00e1ciu robustn\u00e9ho in\u017einierstva a rafinovan\u00e9ho remeseln\u00e9ho spracovania prisp\u00f4soben\u00e9ho pre r\u00f4zne priemyseln\u00e9 aplik\u00e1cie. Tento v\u00fdrobok, vyroben\u00fd s d\u00f4kladn\u00fdm d\u00f4razom na detail, bol vyvinut\u00fd tak, aby sp\u013a\u0148al pr\u00edsne normy kontroly kvality a z\u00e1rove\u0148 pon\u00fakal praktick\u00e9 rie\u0161enie pre komplexn\u00e9 potreby upevnenia. Svorka G215, skon\u0161truovan\u00e1 s oh\u013eadom na odolnos\u0165, predstavuje v\u00fdnimo\u010dn\u00fa rovnov\u00e1hu medzi pevnos\u0165ou pri za\u0165a\u017een\u00ed a prev\u00e1dzkovou \u00fa\u010dinnos\u0165ou, \u010d\u00edm rie\u0161i r\u00f4zne v\u00fdzvy, ktor\u00e9 sa vyskytuj\u00fa pri \u00faloh\u00e1ch s ve\u013ek\u00fdm za\u0165a\u017een\u00edm. Jeho kon\u0161trukcia odr\u00e1\u017ea najnov\u0161ie pokroky v oblasti vedy o materi\u00e1loch, \u010do zaru\u010duje, \u017ee ka\u017ed\u00e1 jednotka spo\u013eahlivo funguje v nepriazniv\u00fdch podmienkach.<\/p>\n<h2 class=\"\" data-start=\"1185\" data-end=\"1223\">\u0160pecifik\u00e1cie a podrobnosti o dizajne<\/h2>\n<p class=\"\" data-start=\"1224\" data-end=\"1898\">Toto pr\u00edslu\u0161enstvo je vyroben\u00e9 predov\u0161etk\u00fdm z prvotriednej legovanej ocele, ktor\u00e1 zaru\u010duje nielen vynikaj\u00faci pomer pevnosti a hmotnosti, ale aj vynikaj\u00facu odolnos\u0165 proti opotrebovaniu a kor\u00f3zii. Okov G215 je prec\u00edzne navrhnut\u00fd tak, aby vyhovoval \u0161pecifick\u00fdm nosnostiam, ktor\u00e9 vyhovuj\u00fa r\u00f4znym prev\u00e1dzkov\u00fdm po\u017eiadavk\u00e1m. Jej rozmery a tolerancie boli pr\u00edsne testovan\u00e9 a zdokonalen\u00e9, \u010do zabezpe\u010duje optim\u00e1lnu funk\u010dnos\u0165 spony aj pri opakovanom a ve\u013ekom nam\u00e1han\u00ed. Kon\u0161trukcia tohto v\u00fdrobku zah\u0155\u0148a pokro\u010dil\u00e9 kon\u0161truk\u010dn\u00e9 prvky, ktor\u00e9 minimalizuj\u00fa ak\u00fako\u013evek potenci\u00e1lnu deform\u00e1ciu pri za\u0165a\u017een\u00ed, \u010d\u00edm zvy\u0161uj\u00fa celkov\u00fa bezpe\u010dnos\u0165 a prev\u00e1dzkov\u00fa konzistenciu.<\/p>\n<h2 class=\"\" data-start=\"1900\" data-end=\"1940\">Zlo\u017eenie materi\u00e1lu a odolnos\u0165<\/h2>\n<p class=\"\" data-start=\"1941\" data-end=\"2764\">Z\u00e1kladom v\u00fdkonu p\u00fatka G215 je jeho vynikaj\u00face materi\u00e1lov\u00e9 zlo\u017eenie. Vysokokvalitn\u00e1 legovan\u00e1 oce\u013e, ktor\u00e1 sa pou\u017e\u00edva pri v\u00fdrobe, je vybran\u00e1 pre svoje v\u00fdnimo\u010dn\u00e9 mechanick\u00e9 vlastnosti vr\u00e1tane vysokej pevnosti v \u0165ahu a odolnosti vo\u010di degrad\u00e1cii vplyvom prostredia. Tento v\u00fdber materi\u00e1lu prispieva k p\u00f4sobivej odolnosti a \u017eivotnosti spony, a to aj v pr\u00edpade kol\u00edsav\u00fdch poveternostn\u00fdch podmienok a vystavenia drsn\u00e9mu priemyseln\u00e9mu prostrediu. V\u010faka modern\u00fdm metalurgick\u00fdm technik\u00e1m tento materi\u00e1l nielen\u017ee sp\u013a\u0148a, ale aj prevy\u0161uje medzin\u00e1rodn\u00e9 normy, v\u010faka \u010domu si p\u00fatko vysl\u00fa\u017eilo mno\u017estvo certifik\u00e1tov, ktor\u00e9 potvrdzuj\u00fa jeho kvalitu a spo\u013eahlivos\u0165. Pr\u00edsne testy kontroly kvality, ktor\u00e9 vykon\u00e1vaj\u00fa akreditovan\u00e9 org\u00e1ny, \u010falej potvrdzuj\u00fa schopnos\u0165 p\u00fatka zachova\u0165 si integritu v\u00fdkonu po\u010das dlh\u0161ieho obdobia pou\u017e\u00edvania.<\/p>\n<h2 class=\"\" data-start=\"2766\" data-end=\"2799\">Pou\u017eitie a priemyseln\u00e9 vyu\u017eitie<\/h2>\n<p class=\"\" data-start=\"2800\" data-end=\"3604\">V\u0161estrannos\u0165 spony G215 sa prejavuje v jej \u0161irokom spektre pou\u017eitia v r\u00f4znych odvetviach. Odborn\u00edci v stavebn\u00edctve, n\u00e1mornej prev\u00e1dzke a v sektore \u0165a\u017ek\u00fdch strojov zistili, \u017ee jeho inovat\u00edvna kon\u0161trukcia \u00fa\u010dinne rie\u0161i kritick\u00e9 bezpe\u010dnostn\u00e9 ot\u00e1zky a prev\u00e1dzkov\u00e9 po\u017eiadavky. Jeho prec\u00edzne technick\u00e9 spracovanie umo\u017e\u0148uje bezprobl\u00e9mov\u00fa integr\u00e1ciu s ostatn\u00fdmi s\u00fa\u010das\u0165ami v\u00fdstroja, \u010d\u00edm sa zefekt\u00edv\u0148uj\u00fa procesy a zni\u017euje riziko zlyhania po\u010das intenz\u00edvnych \u00faloh. V scen\u00e1roch, v ktor\u00fdch je najd\u00f4le\u017eitej\u0161ia spo\u013eahlivos\u0165, vynik\u00e1 okov G215 ako v\u00fdrobok, ktor\u00fd zaru\u010duje bezpe\u010dnos\u0165 aj efekt\u00edvnos\u0165. Robustn\u00e1 kon\u0161trukcia v\u00fdrobku a jeho s\u00falad s glob\u00e1lnymi normami poskytuj\u00fa pou\u017e\u00edvate\u013eom istotu, \u017ee zvl\u00e1dne r\u00f4zne v\u00fdzvy, od be\u017en\u00fdch oper\u00e1ci\u00ed a\u017e po najn\u00e1ro\u010dnej\u0161ie priemyseln\u00e9 projekty.<\/p>\n<p><img fetchpriority=\"high\" decoding=\"async\" class=\"alignnone size-full wp-image-3828\" src=\"http:\/\/qingdaohf.com\/wp-content\/uploads\/2023\/05\/G213-G215.jpg\" alt=\"G213 G215 z\u00e1vesn\u00e9 p\u00fatko\" width=\"1000\" height=\"1281\" srcset=\"https:\/\/qingdaohf.com\/wp-content\/uploads\/2023\/05\/G213-G215.jpg 1000w, https:\/\/qingdaohf.com\/wp-content\/uploads\/2023\/05\/G213-G215-234x300.jpg 234w, https:\/\/qingdaohf.com\/wp-content\/uploads\/2023\/05\/G213-G215-799x1024.jpg 799w, https:\/\/qingdaohf.com\/wp-content\/uploads\/2023\/05\/G213-G215-768x984.jpg 768w\" sizes=\"(max-width: 1000px) 100vw, 1000px\" \/><\/p>\n<h2 class=\"\" data-start=\"3606\" data-end=\"3644\">V\u00fdhody spolupr\u00e1ce s H&amp;F<\/h2>\n<p class=\"\" data-start=\"3645\" data-end=\"4834\">Pokia\u013e ide o obstar\u00e1vanie spo\u013eahliv\u00e9ho v\u00fdstrojn\u00e9ho materi\u00e1lu, spolupr\u00e1ca so spolo\u010dnos\u0165ou H&amp;F pon\u00faka v\u00fdrazn\u00e9 v\u00fdhody, ktor\u00e9 t\u00fato spolo\u010dnos\u0165 odli\u0161uj\u00fa. Kupuj\u00faci oce\u0148uj\u00fa komplexn\u00fa podporu, od dostupnosti bezplatn\u00fdch vzoriek a\u017e po individu\u00e1lny z\u00e1kazn\u00edcky servis, ktor\u00fd rie\u0161i individu\u00e1lne po\u017eiadavky. Z\u00e1v\u00e4zok spolo\u010dnosti H&amp;F v oblasti kvality a slu\u017eieb je zrejm\u00fd z mo\u017enosti dod\u00e1vky od dver\u00ed k dver\u00e1m, ktor\u00e1 zabezpe\u010duje v\u010dasn\u00e9 a bezpe\u010dn\u00e9 doru\u010denie v\u00fdrobkov. Hoci mnoh\u00e9 v\u00fdrobky poch\u00e1dzaj\u00fa od extern\u00fdch v\u00fdvoj\u00e1rov, spolo\u010dnos\u0165 H&amp;F dodr\u017eiava pr\u00edsny proces kontroly a re\u017eim kontroly kvality, ktor\u00fd zaru\u010duje, \u017ee ka\u017ed\u00e1 jednotka sp\u013a\u0148a po\u017eadovan\u00e9 certifik\u00e1ty. Akt\u00edvny pr\u00edstup spolo\u010dnosti k z\u00e1kazn\u00edckym slu\u017eb\u00e1m a jej odhodlanie u\u013eah\u010dova\u0165 rie\u0161enia na mieru pom\u00e1haj\u00fa budova\u0165 trval\u00e9 vz\u0165ahy zalo\u017een\u00e9 na d\u00f4vere a vz\u00e1jomnom \u00faspechu. Z\u00e1kazn\u00edkom pon\u00faka kombin\u00e1ciu odborn\u00e9ho poradenstva a inovat\u00edvnych produktov, ktor\u00e9 zjednodu\u0161uj\u00fa zlo\u017eitos\u0165 priemyseln\u00fdch mont\u00e1\u017enych zariaden\u00ed. Toto odhodlanie k dokonalosti sa odr\u00e1\u017ea v ka\u017edom aspekte slu\u017eieb, \u010d\u00edm sa zabezpe\u010duje, \u017ee klienti dostan\u00fa nielen vysokokvalitn\u00fd v\u00fdrobok, ako je napr\u00edklad p\u00fatko G215, ale aj komplexn\u00fd syst\u00e9m podpory, ktor\u00fd zvy\u0161uje celkov\u00fa prev\u00e1dzkov\u00fa efekt\u00edvnos\u0165.<\/p>\n<p class=\"\" data-start=\"4836\" data-end=\"5432\">Podrobn\u00e1 anal\u00fdza p\u00fatka G215 zd\u00f4raz\u0148uje jeho vynikaj\u00face technick\u00e9 spracovanie, v\u00fdnimo\u010dn\u00fa kvalitu materi\u00e1lu a dodr\u017eiavanie pr\u00edsnych noriem kvality. V\u010faka svojej prec\u00edznej kon\u0161trukcii je preferovanou vo\u013ebou pre profesion\u00e1lov v odvetviach, ktor\u00e9 si vy\u017eaduj\u00fa spo\u013eahlivos\u0165 a v\u00fdkon. Okrem toho strategick\u00e9 v\u00fdhody, ktor\u00e9 pon\u00faka spolo\u010dnos\u0165 H&amp;F, vr\u00e1tane personalizovan\u00e9ho z\u00e1kazn\u00edckeho servisu a efekt\u00edvnych syst\u00e9mov dod\u00e1vok, posil\u0148uj\u00fa hodnotu v\u00fdberu tohto v\u00fdrobku. S d\u00f4razom na bezpe\u010dnos\u0165, odolnos\u0165 a podporu orientovan\u00fa na z\u00e1kazn\u00edka predstavuje spona G215 d\u00f4veryhodn\u00e9 rie\u0161enie pre modern\u00e9 priemyseln\u00e9 prostredie.<\/p>","protected":false},"excerpt":{"rendered":"<p>G215 Shackle je prec\u00edzne skon\u0161truovan\u00e9 pr\u00edslu\u0161enstvo pre mont\u00e1\u017eny hardv\u00e9r, starostlivo navrhnut\u00e9 pre n\u00e1ro\u010dn\u00e9 aplik\u00e1cie. T\u00e1to spona, vyroben\u00e1 z vysokokvalitnej legovanej ocele a pr\u00edsne testovan\u00e1 na kvalitu a bezpe\u010dnos\u0165, pon\u00faka v\u00fdnimo\u010dn\u00fa odolnos\u0165 a spo\u013eahlivos\u0165 v n\u00e1ro\u010dn\u00fdch priemyseln\u00fdch prostrediach. V\u010faka svojej univerz\u00e1lnej kon\u0161trukcii a pr\u00edsnemu dodr\u017eiavaniu medzin\u00e1rodn\u00fdch certifik\u00e1ci\u00ed je ide\u00e1lnou vo\u013ebou pre profesion\u00e1lov, ktor\u00ed h\u013eadaj\u00fa spo\u013eahliv\u00fd v\u00fdkon a rie\u0161enia na mieru.<\/p>","protected":false},"featured_media":6333,"comment_status":"open","ping_status":"closed","template":"","meta":{"site-sidebar-layout":"default","site-content-layout":"default","ast-site-content-layout":"default","site-content-style":"default","site-sidebar-style":"default","ast-global-header-display":"","ast-banner-title-visibility":"","ast-main-header-display":"","ast-hfb-above-header-display":"","ast-hfb-below-header-display":"","ast-hfb-mobile-header-display":"","site-post-title":"","ast-breadcrumbs-content":"","ast-featured-img":"","footer-sml-layout":"","theme-transparent-header-meta":"default","adv-header-id-meta":"","stick-header-meta":"default","header-above-stick-meta":"","header-main-stick-meta":"","header-below-stick-meta":"","astra-migrate-meta-layouts":"set","ast-page-background-enabled":"default","ast-page-background-meta":{"desktop":{"background-color":"","background-image":"","background-repeat":"repeat","background-position":"center center","background-size":"auto","background-attachment":"scroll","background-type":"","background-media":"","overlay-type":"","overlay-color":"","overlay-opacity":"","overlay-gradient":""},"tablet":{"background-color":"","background-image":"","background-repeat":"repeat","background-position":"center center","background-size":"auto","background-attachment":"scroll","background-type":"","background-media":"","overlay-type":"","overlay-color":"","overlay-opacity":"","overlay-gradient":""},"mobile":{"background-color":"","background-image":"","background-repeat":"repeat","background-position":"center center","background-size":"auto","background-attachment":"scroll","background-type":"","background-media":"","overlay-type":"","overlay-color":"","overlay-opacity":"","overlay-gradient":""}},"ast-content-background-meta":{"desktop":{"background-color":"var(--ast-global-color-5)","background-image":"","background-repeat":"repeat","background-position":"center center","background-size":"auto","background-attachment":"scroll","background-type":"","background-media":"","overlay-type":"","overlay-color":"","overlay-opacity":"","overlay-gradient":""},"tablet":{"background-color":"var(--ast-global-color-5)","background-image":"","background-repeat":"repeat","background-position":"center center","background-size":"auto","background-attachment":"scroll","background-type":"","background-media":"","overlay-type":"","overlay-color":"","overlay-opacity":"","overlay-gradient":""},"mobile":{"background-color":"var(--ast-global-color-5)","background-image":"","background-repeat":"repeat","background-position":"center center","background-size":"auto","background-attachment":"scroll","background-type":"","background-media":"","overlay-type":"","overlay-color":"","overlay-opacity":"","overlay-gradient":""}}},"product_brand":[],"product_cat":[43,54],"product_tag":[],"class_list":{"0":"post-3822","1":"product","2":"type-product","3":"status-publish","4":"has-post-thumbnail","6":"product_cat-rigging-hardware","7":"product_cat-shackle","8":"desktop-align-left","9":"tablet-align-left","10":"mobile-align-left","11":"ast-product-gallery-layout-horizontal-slider","12":"ast-product-gallery-with-no-image","13":"ast-product-tabs-layout-horizontal","15":"first","16":"instock","17":"shipping-taxable","18":"purchasable","19":"product-type-simple"},"yoast_head":"<!-- This site is optimized with the Yoast SEO plugin v25.2 - https:\/\/yoast.com\/wordpress\/plugins\/seo\/ -->\n<title>G215 Galvanized Shackle<\/title>\n<meta name=\"description\" content=\"The G213 Galvanized Shackle and G215 Galvanized Shackle are two types of shackles commonly used in rigging and lifting operations. These shackles provide a secure connection point between various components such as chains, slings, and wire ropes.\" \/>\n<meta name=\"robots\" content=\"index, follow, max-snippet:-1, max-image-preview:large, max-video-preview:-1\" \/>\n<link rel=\"canonical\" href=\"https:\/\/qingdaohf.com\/sk\/produkt\/g213-g215-pozinkovany-zaves\/\" \/>\n<meta property=\"og:locale\" content=\"sk_SK\" \/>\n<meta property=\"og:type\" content=\"article\" \/>\n<meta property=\"og:title\" content=\"G215 Galvanized Shackle\" \/>\n<meta property=\"og:description\" content=\"The G213 Galvanized Shackle and G215 Galvanized Shackle are two types of shackles commonly used in rigging and lifting operations. These shackles provide a secure connection point between various components such as chains, slings, and wire ropes.\" \/>\n<meta property=\"og:url\" content=\"https:\/\/qingdaohf.com\/sk\/produkt\/g213-g215-pozinkovany-zaves\/\" \/>\n<meta property=\"og:site_name\" content=\"Concrete Form &amp; Rigging Hardware Supplier\" \/>\n<meta property=\"article:publisher\" content=\"https:\/\/www.facebook.com\/qingdaohf\" \/>\n<meta property=\"article:modified_time\" content=\"2025-11-13T01:05:11+00:00\" \/>\n<meta property=\"og:image\" content=\"https:\/\/qingdaohf.com\/wp-content\/uploads\/2023\/05\/shackle-G215.jpg\" \/>\n\t<meta property=\"og:image:width\" content=\"1000\" \/>\n\t<meta property=\"og:image:height\" content=\"1000\" \/>\n\t<meta property=\"og:image:type\" content=\"image\/jpeg\" \/>\n<meta name=\"twitter:card\" content=\"summary_large_image\" \/>\n<meta name=\"twitter:label1\" content=\"Predpokladan\u00fd \u010das \u010d\u00edtania\" \/>\n\t<meta name=\"twitter:data1\" content=\"4 min\u00faty\" \/>\n<script type=\"application\/ld+json\" class=\"yoast-schema-graph\">{\"@context\":\"https:\/\/schema.org\",\"@graph\":[{\"@type\":\"WebPage\",\"@id\":\"https:\/\/qingdaohf.com\/product\/g215-shackle\/\",\"url\":\"https:\/\/qingdaohf.com\/product\/g215-shackle\/\",\"name\":\"G215 Galvanized Shackle\",\"isPartOf\":{\"@id\":\"https:\/\/qingdaohf.com\/bg\/#website\"},\"primaryImageOfPage\":{\"@id\":\"https:\/\/qingdaohf.com\/product\/g215-shackle\/#primaryimage\"},\"image\":{\"@id\":\"https:\/\/qingdaohf.com\/product\/g215-shackle\/#primaryimage\"},\"thumbnailUrl\":\"https:\/\/qingdaohf.com\/wp-content\/uploads\/2023\/05\/shackle-G215.jpg\",\"datePublished\":\"2023-05-19T08:36:58+00:00\",\"dateModified\":\"2025-11-13T01:05:11+00:00\",\"description\":\"The G213 Galvanized Shackle and G215 Galvanized Shackle are two types of shackles commonly used in rigging and lifting operations. These shackles provide a secure connection point between various components such as chains, slings, and wire ropes.\",\"breadcrumb\":{\"@id\":\"https:\/\/qingdaohf.com\/product\/g215-shackle\/#breadcrumb\"},\"inLanguage\":\"sk-SK\",\"potentialAction\":[{\"@type\":\"ReadAction\",\"target\":[\"https:\/\/qingdaohf.com\/product\/g215-shackle\/\"]}]},{\"@type\":\"ImageObject\",\"inLanguage\":\"sk-SK\",\"@id\":\"https:\/\/qingdaohf.com\/product\/g215-shackle\/#primaryimage\",\"url\":\"https:\/\/qingdaohf.com\/wp-content\/uploads\/2023\/05\/shackle-G215.jpg\",\"contentUrl\":\"https:\/\/qingdaohf.com\/wp-content\/uploads\/2023\/05\/shackle-G215.jpg\",\"width\":1000,\"height\":1000,\"caption\":\"shackle G215\"},{\"@type\":\"BreadcrumbList\",\"@id\":\"https:\/\/qingdaohf.com\/product\/g215-shackle\/#breadcrumb\",\"itemListElement\":[{\"@type\":\"ListItem\",\"position\":1,\"name\":\"Home\",\"item\":\"https:\/\/qingdaohf.com\/\"},{\"@type\":\"ListItem\",\"position\":2,\"name\":\"Concrete Forming Accessories and Rigging Hardware\",\"item\":\"https:\/\/qingdaohf.com\/bg\/?page_id=944\"},{\"@type\":\"ListItem\",\"position\":3,\"name\":\"G215 Galvanized Shackle\"}]},{\"@type\":\"WebSite\",\"@id\":\"https:\/\/qingdaohf.com\/bg\/#website\",\"url\":\"https:\/\/qingdaohf.com\/bg\/\",\"name\":\"Concrete Form & Rigging Hardware Supplier\",\"description\":\"\",\"publisher\":{\"@id\":\"https:\/\/qingdaohf.com\/bg\/#organization\"},\"potentialAction\":[{\"@type\":\"SearchAction\",\"target\":{\"@type\":\"EntryPoint\",\"urlTemplate\":\"https:\/\/qingdaohf.com\/bg\/?s={search_term_string}\"},\"query-input\":{\"@type\":\"PropertyValueSpecification\",\"valueRequired\":true,\"valueName\":\"search_term_string\"}}],\"inLanguage\":\"sk-SK\"},{\"@type\":\"Organization\",\"@id\":\"https:\/\/qingdaohf.com\/bg\/#organization\",\"name\":\"Qingdao H&F\",\"url\":\"https:\/\/qingdaohf.com\/bg\/\",\"logo\":{\"@type\":\"ImageObject\",\"inLanguage\":\"sk-SK\",\"@id\":\"https:\/\/qingdaohf.com\/bg\/#\/schema\/logo\/image\/\",\"url\":\"https:\/\/qingdaohf.com\/wp-content\/uploads\/2022\/12\/cropped-HF-LOGO.png\",\"contentUrl\":\"https:\/\/qingdaohf.com\/wp-content\/uploads\/2022\/12\/cropped-HF-LOGO.png\",\"width\":391,\"height\":249,\"caption\":\"Qingdao H&F\"},\"image\":{\"@id\":\"https:\/\/qingdaohf.com\/bg\/#\/schema\/logo\/image\/\"},\"sameAs\":[\"https:\/\/www.facebook.com\/qingdaohf\"]}]}<\/script>\n<!-- \/ Yoast SEO plugin. -->","yoast_head_json":{"title":"G215 Galvanized Shackle","description":"The G213 Galvanized Shackle and G215 Galvanized Shackle are two types of shackles commonly used in rigging and lifting operations. These shackles provide a secure connection point between various components such as chains, slings, and wire ropes.","robots":{"index":"index","follow":"follow","max-snippet":"max-snippet:-1","max-image-preview":"max-image-preview:large","max-video-preview":"max-video-preview:-1"},"canonical":"https:\/\/qingdaohf.com\/sk\/produkt\/g213-g215-pozinkovany-zaves\/","og_locale":"sk_SK","og_type":"article","og_title":"G215 Galvanized Shackle","og_description":"The G213 Galvanized Shackle and G215 Galvanized Shackle are two types of shackles commonly used in rigging and lifting operations. These shackles provide a secure connection point between various components such as chains, slings, and wire ropes.","og_url":"https:\/\/qingdaohf.com\/sk\/produkt\/g213-g215-pozinkovany-zaves\/","og_site_name":"Concrete Form &amp; Rigging Hardware Supplier","article_publisher":"https:\/\/www.facebook.com\/qingdaohf","article_modified_time":"2025-11-13T01:05:11+00:00","og_image":[{"width":1000,"height":1000,"url":"https:\/\/qingdaohf.com\/wp-content\/uploads\/2023\/05\/shackle-G215.jpg","type":"image\/jpeg"}],"twitter_card":"summary_large_image","twitter_misc":{"Predpokladan\u00fd \u010das \u010d\u00edtania":"4 min\u00faty"},"schema":{"@context":"https:\/\/schema.org","@graph":[{"@type":"WebPage","@id":"https:\/\/qingdaohf.com\/product\/g215-shackle\/","url":"https:\/\/qingdaohf.com\/product\/g215-shackle\/","name":"G215 Galvanized Shackle","isPartOf":{"@id":"https:\/\/qingdaohf.com\/bg\/#website"},"primaryImageOfPage":{"@id":"https:\/\/qingdaohf.com\/product\/g215-shackle\/#primaryimage"},"image":{"@id":"https:\/\/qingdaohf.com\/product\/g215-shackle\/#primaryimage"},"thumbnailUrl":"https:\/\/qingdaohf.com\/wp-content\/uploads\/2023\/05\/shackle-G215.jpg","datePublished":"2023-05-19T08:36:58+00:00","dateModified":"2025-11-13T01:05:11+00:00","description":"The G213 Galvanized Shackle and G215 Galvanized Shackle are two types of shackles commonly used in rigging and lifting operations. These shackles provide a secure connection point between various components such as chains, slings, and wire ropes.","breadcrumb":{"@id":"https:\/\/qingdaohf.com\/product\/g215-shackle\/#breadcrumb"},"inLanguage":"sk-SK","potentialAction":[{"@type":"ReadAction","target":["https:\/\/qingdaohf.com\/product\/g215-shackle\/"]}]},{"@type":"ImageObject","inLanguage":"sk-SK","@id":"https:\/\/qingdaohf.com\/product\/g215-shackle\/#primaryimage","url":"https:\/\/qingdaohf.com\/wp-content\/uploads\/2023\/05\/shackle-G215.jpg","contentUrl":"https:\/\/qingdaohf.com\/wp-content\/uploads\/2023\/05\/shackle-G215.jpg","width":1000,"height":1000,"caption":"shackle G215"},{"@type":"BreadcrumbList","@id":"https:\/\/qingdaohf.com\/product\/g215-shackle\/#breadcrumb","itemListElement":[{"@type":"ListItem","position":1,"name":"Home","item":"https:\/\/qingdaohf.com\/"},{"@type":"ListItem","position":2,"name":"Concrete Forming Accessories and Rigging Hardware","item":"https:\/\/qingdaohf.com\/bg\/?page_id=944"},{"@type":"ListItem","position":3,"name":"G215 Galvanized Shackle"}]},{"@type":"WebSite","@id":"https:\/\/qingdaohf.com\/bg\/#website","url":"https:\/\/qingdaohf.com\/bg\/","name":"Concrete Form & Rigging Hardware Supplier","description":"","publisher":{"@id":"https:\/\/qingdaohf.com\/bg\/#organization"},"potentialAction":[{"@type":"SearchAction","target":{"@type":"EntryPoint","urlTemplate":"https:\/\/qingdaohf.com\/bg\/?s={search_term_string}"},"query-input":{"@type":"PropertyValueSpecification","valueRequired":true,"valueName":"search_term_string"}}],"inLanguage":"sk-SK"},{"@type":"Organization","@id":"https:\/\/qingdaohf.com\/bg\/#organization","name":"Qingdao H&F","url":"https:\/\/qingdaohf.com\/bg\/","logo":{"@type":"ImageObject","inLanguage":"sk-SK","@id":"https:\/\/qingdaohf.com\/bg\/#\/schema\/logo\/image\/","url":"https:\/\/qingdaohf.com\/wp-content\/uploads\/2022\/12\/cropped-HF-LOGO.png","contentUrl":"https:\/\/qingdaohf.com\/wp-content\/uploads\/2022\/12\/cropped-HF-LOGO.png","width":391,"height":249,"caption":"Qingdao H&F"},"image":{"@id":"https:\/\/qingdaohf.com\/bg\/#\/schema\/logo\/image\/"},"sameAs":["https:\/\/www.facebook.com\/qingdaohf"]}]}},"_links":{"self":[{"href":"https:\/\/qingdaohf.com\/sk\/wp-json\/wp\/v2\/product\/3822","targetHints":{"allow":["GET"]}}],"collection":[{"href":"https:\/\/qingdaohf.com\/sk\/wp-json\/wp\/v2\/product"}],"about":[{"href":"https:\/\/qingdaohf.com\/sk\/wp-json\/wp\/v2\/types\/product"}],"replies":[{"embeddable":true,"href":"https:\/\/qingdaohf.com\/sk\/wp-json\/wp\/v2\/comments?post=3822"}],"version-history":[{"count":2,"href":"https:\/\/qingdaohf.com\/sk\/wp-json\/wp\/v2\/product\/3822\/revisions"}],"predecessor-version":[{"id":9455,"href":"https:\/\/qingdaohf.com\/sk\/wp-json\/wp\/v2\/product\/3822\/revisions\/9455"}],"wp:featuredmedia":[{"embeddable":true,"href":"https:\/\/qingdaohf.com\/sk\/wp-json\/wp\/v2\/media\/6333"}],"wp:attachment":[{"href":"https:\/\/qingdaohf.com\/sk\/wp-json\/wp\/v2\/media?parent=3822"}],"wp:term":[{"taxonomy":"product_brand","embeddable":true,"href":"https:\/\/qingdaohf.com\/sk\/wp-json\/wp\/v2\/product_brand?post=3822"},{"taxonomy":"product_cat","embeddable":true,"href":"https:\/\/qingdaohf.com\/sk\/wp-json\/wp\/v2\/product_cat?post=3822"},{"taxonomy":"product_tag","embeddable":true,"href":"https:\/\/qingdaohf.com\/sk\/wp-json\/wp\/v2\/product_tag?post=3822"}],"curies":[{"name":"wp","href":"https:\/\/api.w.org\/{rel}","templated":true}]}}