{"id":3839,"date":"2023-05-19T17:06:54","date_gmt":"2023-05-19T09:06:54","guid":{"rendered":"http:\/\/qingdaohf.com\/?post_type=product&#038;p=3839"},"modified":"2025-11-13T09:05:11","modified_gmt":"2025-11-13T01:05:11","slug":"g2160-galvanized-shackle","status":"publish","type":"product","link":"https:\/\/qingdaohf.com\/sk\/produkt\/g2160-pozinkovany-zaves\/","title":{"rendered":"G2160 S2160 Pozinkovan\u00fd \u0161irok\u00fd z\u00e1ves na telo"},"content":{"rendered":"<p>Pozinkovan\u00fd z\u00e1ves G2160 je vyroben\u00fd z vysokokvalitnej ocele a prech\u00e1dza procesom galvaniz\u00e1cie, ktor\u00fd zvy\u0161uje jeho odolnos\u0165 proti kor\u00f3zii a celkov\u00fa \u017eivotnos\u0165. Pozinkovan\u00fd povlak pozost\u00e1vaj\u00faci z ochrannej vrstvy zinku pom\u00e1ha chr\u00e1ni\u0165 ok\u00e1 pred hrdzou a kor\u00f3ziou, v\u010faka \u010domu s\u00fa vhodn\u00e9 na pou\u017eitie v n\u00e1ro\u010dn\u00fdch prostrediach vr\u00e1tane vonkaj\u0161\u00edch a n\u00e1morn\u00fdch aplik\u00e1ci\u00ed.<\/p>\n<p>Pozinkovan\u00fd z\u00e1ves G2160 m\u00e1 obl\u00fakovit\u00fd tvar, ktor\u00fd umo\u017e\u0148uje jednoduch\u00e9 pripevnenie a odpojenie zdv\u00edhac\u00edch komponentov, ako s\u00fa re\u0165aze, oce\u013eov\u00e9 lan\u00e1 a popruhy. Obsahuje z\u00e1vitov\u00fd \u010dap alebo skrutku na bezpe\u010dn\u00e9 upevnenie, \u010d\u00edm zabezpe\u010duje spo\u013eahliv\u00e9 a pevn\u00e9 uzavretie po\u010das zdv\u00edhac\u00edch oper\u00e1ci\u00ed. Svorka je zvy\u010dajne ozna\u010den\u00e1 limitom pracovn\u00e9ho za\u0165a\u017eenia (WLL) a \u010fal\u0161\u00edmi pr\u00edslu\u0161n\u00fdmi \u0161pecifik\u00e1ciami, aby sa zabezpe\u010dilo jej bezpe\u010dn\u00e9 a spr\u00e1vne pou\u017e\u00edvanie.<\/p>\n<p>Pozinkovan\u00fd z\u00e1ves G2160, ktor\u00fd je k dispoz\u00edcii v r\u00f4znych ve\u013ekostiach a konfigur\u00e1ci\u00e1ch, je vhodn\u00fd pre \u0161irok\u00fa \u0161k\u00e1lu limitov pracovn\u00e9ho za\u0165a\u017eenia, \u010do umo\u017e\u0148uje flexibilitu pri r\u00f4znych zdv\u00edhac\u00edch aplik\u00e1ci\u00e1ch. Na zaistenie optim\u00e1lnej bezpe\u010dnosti a v\u00fdkonu je nevyhnutn\u00e9 vybra\u0165 vhodn\u00e9 p\u00fatko na z\u00e1klade konkr\u00e9tnych po\u017eiadaviek na za\u0165a\u017eenie a pracovn\u00fdch podmienok.<\/p>\n<p>Pozinkovan\u00fd z\u00e1ves G2160 s robustnou kon\u0161trukciou a pozinkovanou povrchovou \u00fapravou predstavuje spo\u013eahliv\u00e9 a odoln\u00e9 rie\u0161enie pre n\u00e1ro\u010dn\u00e9 potreby. V\u010faka svojej pevnosti a odolnosti vo\u010di kor\u00f3zii je spo\u013eahlivou vo\u013ebou pre profesion\u00e1lov, ktor\u00ed h\u013eadaj\u00fa bezpe\u010dn\u00fd a dlhotrvaj\u00faci spojovac\u00ed bod pri zdv\u00edhan\u00ed a zabezpe\u010dovan\u00ed.<\/p>\n<p><img fetchpriority=\"high\" decoding=\"async\" class=\"alignnone size-full wp-image-3842\" src=\"http:\/\/qingdaohf.com\/wp-content\/uploads\/2023\/05\/G2160.jpg\" alt=\"G2160 P\u00fatko\" width=\"1000\" height=\"1219\" srcset=\"https:\/\/qingdaohf.com\/wp-content\/uploads\/2023\/05\/G2160.jpg 1000w, https:\/\/qingdaohf.com\/wp-content\/uploads\/2023\/05\/G2160-246x300.jpg 246w, https:\/\/qingdaohf.com\/wp-content\/uploads\/2023\/05\/G2160-840x1024.jpg 840w, https:\/\/qingdaohf.com\/wp-content\/uploads\/2023\/05\/G2160-768x936.jpg 768w\" sizes=\"(max-width: 1000px) 100vw, 1000px\" \/><\/p>\n<p><img decoding=\"async\" class=\"alignnone size-full wp-image-3843\" src=\"http:\/\/qingdaohf.com\/wp-content\/uploads\/2023\/05\/G2160E.jpg\" alt=\"G2160E\" width=\"1000\" height=\"895\" srcset=\"https:\/\/qingdaohf.com\/wp-content\/uploads\/2023\/05\/G2160E.jpg 1000w, https:\/\/qingdaohf.com\/wp-content\/uploads\/2023\/05\/G2160E-300x269.jpg 300w, https:\/\/qingdaohf.com\/wp-content\/uploads\/2023\/05\/G2160E-768x687.jpg 768w\" sizes=\"(max-width: 1000px) 100vw, 1000px\" \/><\/p>","protected":false},"excerpt":{"rendered":"<p>Pozinkovan\u00fd z\u00e1ves G2160 je \u0165a\u017ek\u00fd v\u00fdstrojn\u00fd prvok ur\u010den\u00fd na spo\u013eahliv\u00e9 a bezpe\u010dn\u00e9 spojenie pri zdv\u00edhan\u00ed a zabezpe\u010dovan\u00ed. Tento z\u00e1ves sa \u0161iroko pou\u017e\u00edva v odvetviach, ako je stavebn\u00edctvo, n\u00e1morn\u00edctvo a doprava, kde sa vy\u017eaduje robustn\u00fd v\u00fdstroj.<\/p>","protected":false},"featured_media":4563,"comment_status":"open","ping_status":"closed","template":"","meta":{"site-sidebar-layout":"default","site-content-layout":"default","ast-site-content-layout":"default","site-content-style":"default","site-sidebar-style":"default","ast-global-header-display":"","ast-banner-title-visibility":"","ast-main-header-display":"","ast-hfb-above-header-display":"","ast-hfb-below-header-display":"","ast-hfb-mobile-header-display":"","site-post-title":"","ast-breadcrumbs-content":"","ast-featured-img":"","footer-sml-layout":"","theme-transparent-header-meta":"default","adv-header-id-meta":"","stick-header-meta":"default","header-above-stick-meta":"","header-main-stick-meta":"","header-below-stick-meta":"","astra-migrate-meta-layouts":"set","ast-page-background-enabled":"default","ast-page-background-meta":{"desktop":{"background-color":"","background-image":"","background-repeat":"repeat","background-position":"center center","background-size":"auto","background-attachment":"scroll","background-type":"","background-media":"","overlay-type":"","overlay-color":"","overlay-opacity":"","overlay-gradient":""},"tablet":{"background-color":"","background-image":"","background-repeat":"repeat","background-position":"center center","background-size":"auto","background-attachment":"scroll","background-type":"","background-media":"","overlay-type":"","overlay-color":"","overlay-opacity":"","overlay-gradient":""},"mobile":{"background-color":"","background-image":"","background-repeat":"repeat","background-position":"center center","background-size":"auto","background-attachment":"scroll","background-type":"","background-media":"","overlay-type":"","overlay-color":"","overlay-opacity":"","overlay-gradient":""}},"ast-content-background-meta":{"desktop":{"background-color":"var(--ast-global-color-5)","background-image":"","background-repeat":"repeat","background-position":"center center","background-size":"auto","background-attachment":"scroll","background-type":"","background-media":"","overlay-type":"","overlay-color":"","overlay-opacity":"","overlay-gradient":""},"tablet":{"background-color":"var(--ast-global-color-5)","background-image":"","background-repeat":"repeat","background-position":"center center","background-size":"auto","background-attachment":"scroll","background-type":"","background-media":"","overlay-type":"","overlay-color":"","overlay-opacity":"","overlay-gradient":""},"mobile":{"background-color":"var(--ast-global-color-5)","background-image":"","background-repeat":"repeat","background-position":"center center","background-size":"auto","background-attachment":"scroll","background-type":"","background-media":"","overlay-type":"","overlay-color":"","overlay-opacity":"","overlay-gradient":""}}},"product_brand":[],"product_cat":[54],"product_tag":[],"class_list":{"0":"post-3839","1":"product","2":"type-product","3":"status-publish","4":"has-post-thumbnail","6":"product_cat-shackle","7":"desktop-align-left","8":"tablet-align-left","9":"mobile-align-left","10":"ast-product-gallery-layout-horizontal-slider","11":"ast-product-tabs-layout-horizontal","13":"first","14":"instock","15":"shipping-taxable","16":"purchasable","17":"product-type-simple"},"yoast_head":"<!-- This site is optimized with the Yoast SEO plugin v25.2 - https:\/\/yoast.com\/wordpress\/plugins\/seo\/ -->\n<title>G2160 S2160 Galvanized Wide Body Shackle<\/title>\n<meta name=\"description\" content=\"G2160 Shackle is a heavy-duty rigging component designed for reliable and secure connections in lifting and securing operations.\" \/>\n<meta name=\"robots\" content=\"index, follow, max-snippet:-1, max-image-preview:large, max-video-preview:-1\" \/>\n<link rel=\"canonical\" href=\"https:\/\/qingdaohf.com\/sk\/produkt\/g2160-pozinkovany-zaves\/\" \/>\n<meta property=\"og:locale\" content=\"sk_SK\" \/>\n<meta property=\"og:type\" content=\"article\" \/>\n<meta property=\"og:title\" content=\"G2160 S2160 Galvanized Wide Body Shackle\" \/>\n<meta property=\"og:description\" content=\"G2160 Shackle is a heavy-duty rigging component designed for reliable and secure connections in lifting and securing operations.\" \/>\n<meta property=\"og:url\" content=\"https:\/\/qingdaohf.com\/sk\/produkt\/g2160-pozinkovany-zaves\/\" \/>\n<meta property=\"og:site_name\" content=\"Concrete Form &amp; Rigging Hardware Supplier\" \/>\n<meta property=\"article:publisher\" content=\"https:\/\/www.facebook.com\/qingdaohf\" \/>\n<meta property=\"article:modified_time\" content=\"2025-11-13T01:05:11+00:00\" \/>\n<meta property=\"og:image\" content=\"https:\/\/qingdaohf.com\/wp-content\/uploads\/2023\/05\/1-2-2.jpg\" \/>\n\t<meta property=\"og:image:width\" content=\"1000\" \/>\n\t<meta property=\"og:image:height\" content=\"1000\" \/>\n\t<meta property=\"og:image:type\" content=\"image\/jpeg\" \/>\n<meta name=\"twitter:card\" content=\"summary_large_image\" \/>\n<meta name=\"twitter:label1\" content=\"Predpokladan\u00fd \u010das \u010d\u00edtania\" \/>\n\t<meta name=\"twitter:data1\" content=\"2 min\u00faty\" \/>\n<script type=\"application\/ld+json\" class=\"yoast-schema-graph\">{\"@context\":\"https:\/\/schema.org\",\"@graph\":[{\"@type\":\"WebPage\",\"@id\":\"https:\/\/qingdaohf.com\/product\/g2160-galvanized-shackle\/\",\"url\":\"https:\/\/qingdaohf.com\/product\/g2160-galvanized-shackle\/\",\"name\":\"G2160 S2160 Galvanized Wide Body Shackle\",\"isPartOf\":{\"@id\":\"https:\/\/qingdaohf.com\/bg\/#website\"},\"primaryImageOfPage\":{\"@id\":\"https:\/\/qingdaohf.com\/product\/g2160-galvanized-shackle\/#primaryimage\"},\"image\":{\"@id\":\"https:\/\/qingdaohf.com\/product\/g2160-galvanized-shackle\/#primaryimage\"},\"thumbnailUrl\":\"https:\/\/qingdaohf.com\/wp-content\/uploads\/2023\/05\/1-2-2.jpg\",\"datePublished\":\"2023-05-19T09:06:54+00:00\",\"dateModified\":\"2025-11-13T01:05:11+00:00\",\"description\":\"G2160 Shackle is a heavy-duty rigging component designed for reliable and secure connections in lifting and securing operations.\",\"breadcrumb\":{\"@id\":\"https:\/\/qingdaohf.com\/product\/g2160-galvanized-shackle\/#breadcrumb\"},\"inLanguage\":\"sk-SK\",\"potentialAction\":[{\"@type\":\"ReadAction\",\"target\":[\"https:\/\/qingdaohf.com\/product\/g2160-galvanized-shackle\/\"]}]},{\"@type\":\"ImageObject\",\"inLanguage\":\"sk-SK\",\"@id\":\"https:\/\/qingdaohf.com\/product\/g2160-galvanized-shackle\/#primaryimage\",\"url\":\"https:\/\/qingdaohf.com\/wp-content\/uploads\/2023\/05\/1-2-2.jpg\",\"contentUrl\":\"https:\/\/qingdaohf.com\/wp-content\/uploads\/2023\/05\/1-2-2.jpg\",\"width\":1000,\"height\":1000,\"caption\":\"shackle\"},{\"@type\":\"BreadcrumbList\",\"@id\":\"https:\/\/qingdaohf.com\/product\/g2160-galvanized-shackle\/#breadcrumb\",\"itemListElement\":[{\"@type\":\"ListItem\",\"position\":1,\"name\":\"Home\",\"item\":\"https:\/\/qingdaohf.com\/\"},{\"@type\":\"ListItem\",\"position\":2,\"name\":\"Concrete Forming Accessories and Rigging Hardware\",\"item\":\"https:\/\/qingdaohf.com\/bg\/?page_id=944\"},{\"@type\":\"ListItem\",\"position\":3,\"name\":\"G2160 S2160 Galvanized Wide Body Shackle\"}]},{\"@type\":\"WebSite\",\"@id\":\"https:\/\/qingdaohf.com\/bg\/#website\",\"url\":\"https:\/\/qingdaohf.com\/bg\/\",\"name\":\"Concrete Form & Rigging Hardware Supplier\",\"description\":\"\",\"publisher\":{\"@id\":\"https:\/\/qingdaohf.com\/bg\/#organization\"},\"potentialAction\":[{\"@type\":\"SearchAction\",\"target\":{\"@type\":\"EntryPoint\",\"urlTemplate\":\"https:\/\/qingdaohf.com\/bg\/?s={search_term_string}\"},\"query-input\":{\"@type\":\"PropertyValueSpecification\",\"valueRequired\":true,\"valueName\":\"search_term_string\"}}],\"inLanguage\":\"sk-SK\"},{\"@type\":\"Organization\",\"@id\":\"https:\/\/qingdaohf.com\/bg\/#organization\",\"name\":\"Qingdao H&F\",\"url\":\"https:\/\/qingdaohf.com\/bg\/\",\"logo\":{\"@type\":\"ImageObject\",\"inLanguage\":\"sk-SK\",\"@id\":\"https:\/\/qingdaohf.com\/bg\/#\/schema\/logo\/image\/\",\"url\":\"https:\/\/qingdaohf.com\/wp-content\/uploads\/2022\/12\/cropped-HF-LOGO.png\",\"contentUrl\":\"https:\/\/qingdaohf.com\/wp-content\/uploads\/2022\/12\/cropped-HF-LOGO.png\",\"width\":391,\"height\":249,\"caption\":\"Qingdao H&F\"},\"image\":{\"@id\":\"https:\/\/qingdaohf.com\/bg\/#\/schema\/logo\/image\/\"},\"sameAs\":[\"https:\/\/www.facebook.com\/qingdaohf\"]}]}<\/script>\n<!-- \/ Yoast SEO plugin. -->","yoast_head_json":{"title":"G2160 S2160 Galvanized Wide Body Shackle","description":"G2160 Shackle is a heavy-duty rigging component designed for reliable and secure connections in lifting and securing operations.","robots":{"index":"index","follow":"follow","max-snippet":"max-snippet:-1","max-image-preview":"max-image-preview:large","max-video-preview":"max-video-preview:-1"},"canonical":"https:\/\/qingdaohf.com\/sk\/produkt\/g2160-pozinkovany-zaves\/","og_locale":"sk_SK","og_type":"article","og_title":"G2160 S2160 Galvanized Wide Body Shackle","og_description":"G2160 Shackle is a heavy-duty rigging component designed for reliable and secure connections in lifting and securing operations.","og_url":"https:\/\/qingdaohf.com\/sk\/produkt\/g2160-pozinkovany-zaves\/","og_site_name":"Concrete Form &amp; Rigging Hardware Supplier","article_publisher":"https:\/\/www.facebook.com\/qingdaohf","article_modified_time":"2025-11-13T01:05:11+00:00","og_image":[{"width":1000,"height":1000,"url":"https:\/\/qingdaohf.com\/wp-content\/uploads\/2023\/05\/1-2-2.jpg","type":"image\/jpeg"}],"twitter_card":"summary_large_image","twitter_misc":{"Predpokladan\u00fd \u010das \u010d\u00edtania":"2 min\u00faty"},"schema":{"@context":"https:\/\/schema.org","@graph":[{"@type":"WebPage","@id":"https:\/\/qingdaohf.com\/product\/g2160-galvanized-shackle\/","url":"https:\/\/qingdaohf.com\/product\/g2160-galvanized-shackle\/","name":"G2160 S2160 Galvanized Wide Body Shackle","isPartOf":{"@id":"https:\/\/qingdaohf.com\/bg\/#website"},"primaryImageOfPage":{"@id":"https:\/\/qingdaohf.com\/product\/g2160-galvanized-shackle\/#primaryimage"},"image":{"@id":"https:\/\/qingdaohf.com\/product\/g2160-galvanized-shackle\/#primaryimage"},"thumbnailUrl":"https:\/\/qingdaohf.com\/wp-content\/uploads\/2023\/05\/1-2-2.jpg","datePublished":"2023-05-19T09:06:54+00:00","dateModified":"2025-11-13T01:05:11+00:00","description":"G2160 Shackle is a heavy-duty rigging component designed for reliable and secure connections in lifting and securing operations.","breadcrumb":{"@id":"https:\/\/qingdaohf.com\/product\/g2160-galvanized-shackle\/#breadcrumb"},"inLanguage":"sk-SK","potentialAction":[{"@type":"ReadAction","target":["https:\/\/qingdaohf.com\/product\/g2160-galvanized-shackle\/"]}]},{"@type":"ImageObject","inLanguage":"sk-SK","@id":"https:\/\/qingdaohf.com\/product\/g2160-galvanized-shackle\/#primaryimage","url":"https:\/\/qingdaohf.com\/wp-content\/uploads\/2023\/05\/1-2-2.jpg","contentUrl":"https:\/\/qingdaohf.com\/wp-content\/uploads\/2023\/05\/1-2-2.jpg","width":1000,"height":1000,"caption":"shackle"},{"@type":"BreadcrumbList","@id":"https:\/\/qingdaohf.com\/product\/g2160-galvanized-shackle\/#breadcrumb","itemListElement":[{"@type":"ListItem","position":1,"name":"Home","item":"https:\/\/qingdaohf.com\/"},{"@type":"ListItem","position":2,"name":"Concrete Forming Accessories and Rigging Hardware","item":"https:\/\/qingdaohf.com\/bg\/?page_id=944"},{"@type":"ListItem","position":3,"name":"G2160 S2160 Galvanized Wide Body Shackle"}]},{"@type":"WebSite","@id":"https:\/\/qingdaohf.com\/bg\/#website","url":"https:\/\/qingdaohf.com\/bg\/","name":"Concrete Form & Rigging Hardware Supplier","description":"","publisher":{"@id":"https:\/\/qingdaohf.com\/bg\/#organization"},"potentialAction":[{"@type":"SearchAction","target":{"@type":"EntryPoint","urlTemplate":"https:\/\/qingdaohf.com\/bg\/?s={search_term_string}"},"query-input":{"@type":"PropertyValueSpecification","valueRequired":true,"valueName":"search_term_string"}}],"inLanguage":"sk-SK"},{"@type":"Organization","@id":"https:\/\/qingdaohf.com\/bg\/#organization","name":"Qingdao H&F","url":"https:\/\/qingdaohf.com\/bg\/","logo":{"@type":"ImageObject","inLanguage":"sk-SK","@id":"https:\/\/qingdaohf.com\/bg\/#\/schema\/logo\/image\/","url":"https:\/\/qingdaohf.com\/wp-content\/uploads\/2022\/12\/cropped-HF-LOGO.png","contentUrl":"https:\/\/qingdaohf.com\/wp-content\/uploads\/2022\/12\/cropped-HF-LOGO.png","width":391,"height":249,"caption":"Qingdao H&F"},"image":{"@id":"https:\/\/qingdaohf.com\/bg\/#\/schema\/logo\/image\/"},"sameAs":["https:\/\/www.facebook.com\/qingdaohf"]}]}},"_links":{"self":[{"href":"https:\/\/qingdaohf.com\/sk\/wp-json\/wp\/v2\/product\/3839","targetHints":{"allow":["GET"]}}],"collection":[{"href":"https:\/\/qingdaohf.com\/sk\/wp-json\/wp\/v2\/product"}],"about":[{"href":"https:\/\/qingdaohf.com\/sk\/wp-json\/wp\/v2\/types\/product"}],"replies":[{"embeddable":true,"href":"https:\/\/qingdaohf.com\/sk\/wp-json\/wp\/v2\/comments?post=3839"}],"version-history":[{"count":2,"href":"https:\/\/qingdaohf.com\/sk\/wp-json\/wp\/v2\/product\/3839\/revisions"}],"predecessor-version":[{"id":6449,"href":"https:\/\/qingdaohf.com\/sk\/wp-json\/wp\/v2\/product\/3839\/revisions\/6449"}],"wp:featuredmedia":[{"embeddable":true,"href":"https:\/\/qingdaohf.com\/sk\/wp-json\/wp\/v2\/media\/4563"}],"wp:attachment":[{"href":"https:\/\/qingdaohf.com\/sk\/wp-json\/wp\/v2\/media?parent=3839"}],"wp:term":[{"taxonomy":"product_brand","embeddable":true,"href":"https:\/\/qingdaohf.com\/sk\/wp-json\/wp\/v2\/product_brand?post=3839"},{"taxonomy":"product_cat","embeddable":true,"href":"https:\/\/qingdaohf.com\/sk\/wp-json\/wp\/v2\/product_cat?post=3839"},{"taxonomy":"product_tag","embeddable":true,"href":"https:\/\/qingdaohf.com\/sk\/wp-json\/wp\/v2\/product_tag?post=3839"}],"curies":[{"name":"wp","href":"https:\/\/api.w.org\/{rel}","templated":true}]}}