{"id":4004,"date":"2023-05-25T16:15:58","date_gmt":"2023-05-25T08:15:58","guid":{"rendered":"http:\/\/qingdaohf.com\/?post_type=product&#038;p=4004"},"modified":"2025-11-13T09:04:44","modified_gmt":"2025-11-13T01:04:44","slug":"jaw-jaw-turnbuckle","status":"publish","type":"product","link":"https:\/\/qingdaohf.com\/sk\/produkt\/celustova-spona\/","title":{"rendered":"Nap\u00edna\u010d \u010de\u013eust\u00ed a \u010de\u013eust\u00ed"},"content":{"rendered":"<p>Nap\u00edna\u010d s \u010de\u013eus\u0165ami sa sklad\u00e1 z kovov\u00e9ho tela s vn\u00fatorn\u00fdm z\u00e1vitom a \u010de\u013eus\u0165ami na oboch koncoch. \u010ce\u013euste s\u00fa navrhnut\u00e9 tak, aby bezpe\u010dne uchopili predmety a poskytli spo\u013eahliv\u00fd upev\u0148ovac\u00ed bod. Vn\u00fatorn\u00e9 z\u00e1vity umo\u017e\u0148uj\u00fa vys\u00favanie alebo zas\u00favanie nap\u00edna\u010da ot\u00e1\u010dan\u00edm tela, \u010do umo\u017e\u0148uje presn\u00e9 napnutie a nastavenie pripojen\u00fdch predmetov.<\/p>\n<p>Prim\u00e1rnou funkciou nap\u00edna\u010da \u010de\u013eust\u00ed je vytv\u00e1ranie nap\u00e4tia alebo nastavenie d\u013a\u017eky spojenia medzi dvoma upev\u0148ovac\u00edmi bodmi v tvare \u010de\u013eust\u00ed. Ot\u00e1\u010dan\u00edm tela nap\u00edna\u010da sa z\u00e1vitov\u00e9 konce pohybuj\u00fa v opa\u010dn\u00fdch smeroch, \u010d\u00edm sa efekt\u00edvne zv\u00e4\u010d\u0161uje alebo zmen\u0161uje vzdialenos\u0165 medzi \u010de\u013eus\u0165ami. Tento mechanizmus umo\u017e\u0148uje presn\u00e9 napnutie a nastavenie pripojen\u00fdch predmetov.<\/p>\n<p>Kon\u0161trukcia nap\u00edna\u010da s \u010de\u013eus\u0165ami zvy\u010dajne zah\u0155\u0148a odoln\u00e9 materi\u00e1ly, ako je oce\u013e alebo nehrdzavej\u00faca oce\u013e, aby sa zabezpe\u010dila pevnos\u0165 a trvanlivos\u0165. Je k dispoz\u00edcii v r\u00f4znych ve\u013ekostiach a hmotnostn\u00fdch kapacit\u00e1ch, aby vyhovoval r\u00f4znym aplik\u00e1ci\u00e1m a po\u017eiadavk\u00e1m.<\/p>\n<p><img fetchpriority=\"high\" decoding=\"async\" class=\"alignnone size-full wp-image-4579\" src=\"http:\/\/qingdaohf.com\/wp-content\/uploads\/2023\/05\/Jaw-Jaw-Turnbuckle.webp\" alt=\"Nap\u00edna\u010d \u010de\u013eust\u00ed a \u010de\u013eust\u00ed\" width=\"1000\" height=\"1299\" srcset=\"https:\/\/qingdaohf.com\/wp-content\/uploads\/2023\/05\/Jaw-Jaw-Turnbuckle.webp 1000w, https:\/\/qingdaohf.com\/wp-content\/uploads\/2023\/05\/Jaw-Jaw-Turnbuckle-231x300.webp 231w, https:\/\/qingdaohf.com\/wp-content\/uploads\/2023\/05\/Jaw-Jaw-Turnbuckle-788x1024.webp 788w, https:\/\/qingdaohf.com\/wp-content\/uploads\/2023\/05\/Jaw-Jaw-Turnbuckle-768x998.webp 768w\" sizes=\"(max-width: 1000px) 100vw, 1000px\" \/><\/p>\n<p>&nbsp;<\/p>","protected":false},"excerpt":{"rendered":"<p>Nap\u00edna\u010d s \u010de\u013eus\u0165ami je be\u017ene pou\u017e\u00edvan\u00fdm hardv\u00e9rov\u00fdm komponentom v aplik\u00e1ci\u00e1ch, ktor\u00e9 vy\u017eaduj\u00fa nap\u00ednanie, nastavovanie alebo sp\u00e1janie dvoch objektov pomocou upev\u0148ovac\u00edch bodov v tvare \u010de\u013eust\u00ed. Poskytuje bezpe\u010dn\u00e9 a nastavite\u013en\u00e9 spojenie a z\u00e1rove\u0148 umo\u017e\u0148uje pred\u013a\u017eenie alebo skr\u00e1tenie spojenia.<\/p>","protected":false},"featured_media":3970,"comment_status":"open","ping_status":"closed","template":"","meta":{"site-sidebar-layout":"default","site-content-layout":"default","ast-site-content-layout":"default","site-content-style":"default","site-sidebar-style":"default","ast-global-header-display":"","ast-banner-title-visibility":"","ast-main-header-display":"","ast-hfb-above-header-display":"","ast-hfb-below-header-display":"","ast-hfb-mobile-header-display":"","site-post-title":"","ast-breadcrumbs-content":"","ast-featured-img":"","footer-sml-layout":"","theme-transparent-header-meta":"default","adv-header-id-meta":"","stick-header-meta":"default","header-above-stick-meta":"","header-main-stick-meta":"","header-below-stick-meta":"","astra-migrate-meta-layouts":"set","ast-page-background-enabled":"default","ast-page-background-meta":{"desktop":{"background-color":"","background-image":"","background-repeat":"repeat","background-position":"center center","background-size":"auto","background-attachment":"scroll","background-type":"","background-media":"","overlay-type":"","overlay-color":"","overlay-opacity":"","overlay-gradient":""},"tablet":{"background-color":"","background-image":"","background-repeat":"repeat","background-position":"center center","background-size":"auto","background-attachment":"scroll","background-type":"","background-media":"","overlay-type":"","overlay-color":"","overlay-opacity":"","overlay-gradient":""},"mobile":{"background-color":"","background-image":"","background-repeat":"repeat","background-position":"center center","background-size":"auto","background-attachment":"scroll","background-type":"","background-media":"","overlay-type":"","overlay-color":"","overlay-opacity":"","overlay-gradient":""}},"ast-content-background-meta":{"desktop":{"background-color":"var(--ast-global-color-5)","background-image":"","background-repeat":"repeat","background-position":"center center","background-size":"auto","background-attachment":"scroll","background-type":"","background-media":"","overlay-type":"","overlay-color":"","overlay-opacity":"","overlay-gradient":""},"tablet":{"background-color":"var(--ast-global-color-5)","background-image":"","background-repeat":"repeat","background-position":"center center","background-size":"auto","background-attachment":"scroll","background-type":"","background-media":"","overlay-type":"","overlay-color":"","overlay-opacity":"","overlay-gradient":""},"mobile":{"background-color":"var(--ast-global-color-5)","background-image":"","background-repeat":"repeat","background-position":"center center","background-size":"auto","background-attachment":"scroll","background-type":"","background-media":"","overlay-type":"","overlay-color":"","overlay-opacity":"","overlay-gradient":""}}},"product_brand":[],"product_cat":[56],"product_tag":[],"class_list":{"0":"post-4004","1":"product","2":"type-product","3":"status-publish","4":"has-post-thumbnail","6":"product_cat-turnbuckle","7":"desktop-align-left","8":"tablet-align-left","9":"mobile-align-left","10":"ast-product-gallery-layout-horizontal-slider","11":"ast-product-gallery-with-no-image","12":"ast-product-tabs-layout-horizontal","14":"first","15":"instock","16":"shipping-taxable","17":"purchasable","18":"product-type-simple"},"yoast_head":"<!-- This site is optimized with the Yoast SEO plugin v25.2 - https:\/\/yoast.com\/wordpress\/plugins\/seo\/ -->\n<title>Jaw &amp; Jaw Turnbuckle<\/title>\n<meta name=\"description\" content=\"The Jaw &amp; Jaw Turnbuckle is a commonly used hardware component in applications that require tensioning, adjusting, or connecting two objects with jaw-style attachment points.\" \/>\n<meta name=\"robots\" content=\"index, follow, max-snippet:-1, max-image-preview:large, max-video-preview:-1\" \/>\n<link rel=\"canonical\" href=\"https:\/\/qingdaohf.com\/sk\/produkt\/celustova-spona\/\" \/>\n<meta property=\"og:locale\" content=\"sk_SK\" \/>\n<meta property=\"og:type\" content=\"article\" \/>\n<meta property=\"og:title\" content=\"Jaw &amp; Jaw Turnbuckle\" \/>\n<meta property=\"og:description\" content=\"The Jaw &amp; Jaw Turnbuckle is a commonly used hardware component in applications that require tensioning, adjusting, or connecting two objects with jaw-style attachment points.\" \/>\n<meta property=\"og:url\" content=\"https:\/\/qingdaohf.com\/sk\/produkt\/celustova-spona\/\" \/>\n<meta property=\"og:site_name\" content=\"Concrete Form &amp; Rigging Hardware Supplier\" \/>\n<meta property=\"article:publisher\" content=\"https:\/\/www.facebook.com\/qingdaohf\" \/>\n<meta property=\"article:modified_time\" content=\"2025-11-13T01:04:44+00:00\" \/>\n<meta property=\"og:image\" content=\"https:\/\/qingdaohf.com\/wp-content\/uploads\/2023\/05\/turnbuckle-6.jpg\" \/>\n\t<meta property=\"og:image:width\" content=\"1000\" \/>\n\t<meta property=\"og:image:height\" content=\"1000\" \/>\n\t<meta property=\"og:image:type\" content=\"image\/jpeg\" \/>\n<meta name=\"twitter:card\" content=\"summary_large_image\" \/>\n<meta name=\"twitter:label1\" content=\"Predpokladan\u00fd \u010das \u010d\u00edtania\" \/>\n\t<meta name=\"twitter:data1\" content=\"2 min\u00faty\" \/>\n<script type=\"application\/ld+json\" class=\"yoast-schema-graph\">{\"@context\":\"https:\/\/schema.org\",\"@graph\":[{\"@type\":\"WebPage\",\"@id\":\"https:\/\/qingdaohf.com\/product\/jaw-jaw-turnbuckle\/\",\"url\":\"https:\/\/qingdaohf.com\/product\/jaw-jaw-turnbuckle\/\",\"name\":\"Jaw & Jaw Turnbuckle\",\"isPartOf\":{\"@id\":\"https:\/\/qingdaohf.com\/bg\/#website\"},\"primaryImageOfPage\":{\"@id\":\"https:\/\/qingdaohf.com\/product\/jaw-jaw-turnbuckle\/#primaryimage\"},\"image\":{\"@id\":\"https:\/\/qingdaohf.com\/product\/jaw-jaw-turnbuckle\/#primaryimage\"},\"thumbnailUrl\":\"https:\/\/qingdaohf.com\/wp-content\/uploads\/2023\/05\/turnbuckle-6.jpg\",\"datePublished\":\"2023-05-25T08:15:58+00:00\",\"dateModified\":\"2025-11-13T01:04:44+00:00\",\"description\":\"The Jaw & Jaw Turnbuckle is a commonly used hardware component in applications that require tensioning, adjusting, or connecting two objects with jaw-style attachment points.\",\"breadcrumb\":{\"@id\":\"https:\/\/qingdaohf.com\/product\/jaw-jaw-turnbuckle\/#breadcrumb\"},\"inLanguage\":\"sk-SK\",\"potentialAction\":[{\"@type\":\"ReadAction\",\"target\":[\"https:\/\/qingdaohf.com\/product\/jaw-jaw-turnbuckle\/\"]}]},{\"@type\":\"ImageObject\",\"inLanguage\":\"sk-SK\",\"@id\":\"https:\/\/qingdaohf.com\/product\/jaw-jaw-turnbuckle\/#primaryimage\",\"url\":\"https:\/\/qingdaohf.com\/wp-content\/uploads\/2023\/05\/turnbuckle-6.jpg\",\"contentUrl\":\"https:\/\/qingdaohf.com\/wp-content\/uploads\/2023\/05\/turnbuckle-6.jpg\",\"width\":1000,\"height\":1000,\"caption\":\"turnbuckle\"},{\"@type\":\"BreadcrumbList\",\"@id\":\"https:\/\/qingdaohf.com\/product\/jaw-jaw-turnbuckle\/#breadcrumb\",\"itemListElement\":[{\"@type\":\"ListItem\",\"position\":1,\"name\":\"Home\",\"item\":\"https:\/\/qingdaohf.com\/\"},{\"@type\":\"ListItem\",\"position\":2,\"name\":\"Concrete Forming Accessories and Rigging Hardware\",\"item\":\"https:\/\/qingdaohf.com\/bg\/?page_id=944\"},{\"@type\":\"ListItem\",\"position\":3,\"name\":\"Jaw &#038; Jaw Turnbuckle\"}]},{\"@type\":\"WebSite\",\"@id\":\"https:\/\/qingdaohf.com\/bg\/#website\",\"url\":\"https:\/\/qingdaohf.com\/bg\/\",\"name\":\"Concrete Form & Rigging Hardware Supplier\",\"description\":\"\",\"publisher\":{\"@id\":\"https:\/\/qingdaohf.com\/bg\/#organization\"},\"potentialAction\":[{\"@type\":\"SearchAction\",\"target\":{\"@type\":\"EntryPoint\",\"urlTemplate\":\"https:\/\/qingdaohf.com\/bg\/?s={search_term_string}\"},\"query-input\":{\"@type\":\"PropertyValueSpecification\",\"valueRequired\":true,\"valueName\":\"search_term_string\"}}],\"inLanguage\":\"sk-SK\"},{\"@type\":\"Organization\",\"@id\":\"https:\/\/qingdaohf.com\/bg\/#organization\",\"name\":\"Qingdao H&F\",\"url\":\"https:\/\/qingdaohf.com\/bg\/\",\"logo\":{\"@type\":\"ImageObject\",\"inLanguage\":\"sk-SK\",\"@id\":\"https:\/\/qingdaohf.com\/bg\/#\/schema\/logo\/image\/\",\"url\":\"https:\/\/qingdaohf.com\/wp-content\/uploads\/2022\/12\/cropped-HF-LOGO.png\",\"contentUrl\":\"https:\/\/qingdaohf.com\/wp-content\/uploads\/2022\/12\/cropped-HF-LOGO.png\",\"width\":391,\"height\":249,\"caption\":\"Qingdao H&F\"},\"image\":{\"@id\":\"https:\/\/qingdaohf.com\/bg\/#\/schema\/logo\/image\/\"},\"sameAs\":[\"https:\/\/www.facebook.com\/qingdaohf\"]}]}<\/script>\n<!-- \/ Yoast SEO plugin. -->","yoast_head_json":{"title":"Jaw & Jaw Turnbuckle","description":"The Jaw & Jaw Turnbuckle is a commonly used hardware component in applications that require tensioning, adjusting, or connecting two objects with jaw-style attachment points.","robots":{"index":"index","follow":"follow","max-snippet":"max-snippet:-1","max-image-preview":"max-image-preview:large","max-video-preview":"max-video-preview:-1"},"canonical":"https:\/\/qingdaohf.com\/sk\/produkt\/celustova-spona\/","og_locale":"sk_SK","og_type":"article","og_title":"Jaw & Jaw Turnbuckle","og_description":"The Jaw & Jaw Turnbuckle is a commonly used hardware component in applications that require tensioning, adjusting, or connecting two objects with jaw-style attachment points.","og_url":"https:\/\/qingdaohf.com\/sk\/produkt\/celustova-spona\/","og_site_name":"Concrete Form &amp; Rigging Hardware Supplier","article_publisher":"https:\/\/www.facebook.com\/qingdaohf","article_modified_time":"2025-11-13T01:04:44+00:00","og_image":[{"width":1000,"height":1000,"url":"https:\/\/qingdaohf.com\/wp-content\/uploads\/2023\/05\/turnbuckle-6.jpg","type":"image\/jpeg"}],"twitter_card":"summary_large_image","twitter_misc":{"Predpokladan\u00fd \u010das \u010d\u00edtania":"2 min\u00faty"},"schema":{"@context":"https:\/\/schema.org","@graph":[{"@type":"WebPage","@id":"https:\/\/qingdaohf.com\/product\/jaw-jaw-turnbuckle\/","url":"https:\/\/qingdaohf.com\/product\/jaw-jaw-turnbuckle\/","name":"Jaw & Jaw Turnbuckle","isPartOf":{"@id":"https:\/\/qingdaohf.com\/bg\/#website"},"primaryImageOfPage":{"@id":"https:\/\/qingdaohf.com\/product\/jaw-jaw-turnbuckle\/#primaryimage"},"image":{"@id":"https:\/\/qingdaohf.com\/product\/jaw-jaw-turnbuckle\/#primaryimage"},"thumbnailUrl":"https:\/\/qingdaohf.com\/wp-content\/uploads\/2023\/05\/turnbuckle-6.jpg","datePublished":"2023-05-25T08:15:58+00:00","dateModified":"2025-11-13T01:04:44+00:00","description":"The Jaw & Jaw Turnbuckle is a commonly used hardware component in applications that require tensioning, adjusting, or connecting two objects with jaw-style attachment points.","breadcrumb":{"@id":"https:\/\/qingdaohf.com\/product\/jaw-jaw-turnbuckle\/#breadcrumb"},"inLanguage":"sk-SK","potentialAction":[{"@type":"ReadAction","target":["https:\/\/qingdaohf.com\/product\/jaw-jaw-turnbuckle\/"]}]},{"@type":"ImageObject","inLanguage":"sk-SK","@id":"https:\/\/qingdaohf.com\/product\/jaw-jaw-turnbuckle\/#primaryimage","url":"https:\/\/qingdaohf.com\/wp-content\/uploads\/2023\/05\/turnbuckle-6.jpg","contentUrl":"https:\/\/qingdaohf.com\/wp-content\/uploads\/2023\/05\/turnbuckle-6.jpg","width":1000,"height":1000,"caption":"turnbuckle"},{"@type":"BreadcrumbList","@id":"https:\/\/qingdaohf.com\/product\/jaw-jaw-turnbuckle\/#breadcrumb","itemListElement":[{"@type":"ListItem","position":1,"name":"Home","item":"https:\/\/qingdaohf.com\/"},{"@type":"ListItem","position":2,"name":"Concrete Forming Accessories and Rigging Hardware","item":"https:\/\/qingdaohf.com\/bg\/?page_id=944"},{"@type":"ListItem","position":3,"name":"Jaw &#038; Jaw Turnbuckle"}]},{"@type":"WebSite","@id":"https:\/\/qingdaohf.com\/bg\/#website","url":"https:\/\/qingdaohf.com\/bg\/","name":"Concrete Form & Rigging Hardware Supplier","description":"","publisher":{"@id":"https:\/\/qingdaohf.com\/bg\/#organization"},"potentialAction":[{"@type":"SearchAction","target":{"@type":"EntryPoint","urlTemplate":"https:\/\/qingdaohf.com\/bg\/?s={search_term_string}"},"query-input":{"@type":"PropertyValueSpecification","valueRequired":true,"valueName":"search_term_string"}}],"inLanguage":"sk-SK"},{"@type":"Organization","@id":"https:\/\/qingdaohf.com\/bg\/#organization","name":"Qingdao H&F","url":"https:\/\/qingdaohf.com\/bg\/","logo":{"@type":"ImageObject","inLanguage":"sk-SK","@id":"https:\/\/qingdaohf.com\/bg\/#\/schema\/logo\/image\/","url":"https:\/\/qingdaohf.com\/wp-content\/uploads\/2022\/12\/cropped-HF-LOGO.png","contentUrl":"https:\/\/qingdaohf.com\/wp-content\/uploads\/2022\/12\/cropped-HF-LOGO.png","width":391,"height":249,"caption":"Qingdao H&F"},"image":{"@id":"https:\/\/qingdaohf.com\/bg\/#\/schema\/logo\/image\/"},"sameAs":["https:\/\/www.facebook.com\/qingdaohf"]}]}},"_links":{"self":[{"href":"https:\/\/qingdaohf.com\/sk\/wp-json\/wp\/v2\/product\/4004","targetHints":{"allow":["GET"]}}],"collection":[{"href":"https:\/\/qingdaohf.com\/sk\/wp-json\/wp\/v2\/product"}],"about":[{"href":"https:\/\/qingdaohf.com\/sk\/wp-json\/wp\/v2\/types\/product"}],"replies":[{"embeddable":true,"href":"https:\/\/qingdaohf.com\/sk\/wp-json\/wp\/v2\/comments?post=4004"}],"version-history":[{"count":1,"href":"https:\/\/qingdaohf.com\/sk\/wp-json\/wp\/v2\/product\/4004\/revisions"}],"predecessor-version":[{"id":8700,"href":"https:\/\/qingdaohf.com\/sk\/wp-json\/wp\/v2\/product\/4004\/revisions\/8700"}],"wp:featuredmedia":[{"embeddable":true,"href":"https:\/\/qingdaohf.com\/sk\/wp-json\/wp\/v2\/media\/3970"}],"wp:attachment":[{"href":"https:\/\/qingdaohf.com\/sk\/wp-json\/wp\/v2\/media?parent=4004"}],"wp:term":[{"taxonomy":"product_brand","embeddable":true,"href":"https:\/\/qingdaohf.com\/sk\/wp-json\/wp\/v2\/product_brand?post=4004"},{"taxonomy":"product_cat","embeddable":true,"href":"https:\/\/qingdaohf.com\/sk\/wp-json\/wp\/v2\/product_cat?post=4004"},{"taxonomy":"product_tag","embeddable":true,"href":"https:\/\/qingdaohf.com\/sk\/wp-json\/wp\/v2\/product_tag?post=4004"}],"curies":[{"name":"wp","href":"https:\/\/api.w.org\/{rel}","templated":true}]}}