{"id":4030,"date":"2023-05-25T17:44:11","date_gmt":"2023-05-25T09:44:11","guid":{"rendered":"http:\/\/qingdaohf.com\/?post_type=product&#038;p=4030"},"modified":"2025-11-13T09:04:43","modified_gmt":"2025-11-13T01:04:43","slug":"snap-hook-with-screw","status":"publish","type":"product","link":"https:\/\/qingdaohf.com\/sk\/produkt\/karabina-so-skrutkou\/","title":{"rendered":"Snap Hook so skrutkovacou maticou"},"content":{"rendered":"<p class=\"whitespace-pre-wrap break-words\">Dovo\u013ete mi prep\u00edsa\u0165 tento obsah, pri\u010dom zachov\u00e1m jeho \u0161trukt\u00faru a v\u00fdznam, ale bude znie\u0165 prirodzenej\u0161ie a menej ako umel\u00e1 inteligencia. Nadpisy vhodne ozna\u010d\u00edm.<\/p>\n<div class=\"ast-oembed-container\" style=\"height: 100%;\"><iframe title=\"Predstavujeme pr\u00e9miov\u00e9 karab\u00edny a karab\u00ednov\u00e9 ok\u00e1 spolo\u010dnosti Qingdao H&amp;F!\" width=\"500\" height=\"281\" src=\"https:\/\/www.youtube.com\/embed\/TgMZvUdEwY8?feature=oembed\" frameborder=\"0\" allow=\"accelerometer; autoplay; clipboard-write; encrypted-media; gyroscope; picture-in-picture; web-share\" referrerpolicy=\"strict-origin-when-cross-origin\" allowfullscreen><\/iframe><\/div>\n<h2 class=\"text-2xl font-bold mt-1 text-text-200\">Pevn\u00e9 spony: Z\u00e1kladn\u00fd hardv\u00e9r pre n\u00e1morn\u00e9 a priemyseln\u00e9 pou\u017eitie<\/h2>\n<p class=\"whitespace-pre-wrap break-words\">\u010ci u\u017e ste na vode, alebo pracujete v \u0165a\u017ekom priemysle, pevn\u00e9 karab\u00edny s\u00fa viac ne\u017e len z\u00e1kladn\u00fd hardv\u00e9r - s\u00fa to k\u013e\u00fa\u010dov\u00e9 bezpe\u010dnostn\u00e9 komponenty, na ktor\u00fdch si nem\u00f4\u017eete dovoli\u0165 \u0161etri\u0165. Tieto upev\u0148ovacie prvky sa vyzna\u010duj\u00fa kombin\u00e1ciou funk\u010dnosti r\u00fdchleho uvo\u013enenia a pevnej bezpe\u010dnosti, najm\u00e4 ak s\u00fa vyroben\u00e9 z nehrdzavej\u00facej ocele n\u00e1mornej kvality. Po\u010fme sa pozrie\u0165 na to, pre\u010do sa pr\u00e1ve tieto spony stali najlep\u0161ou vo\u013ebou vo viacer\u00fdch priemyseln\u00fdch odvetviach.<\/p>\n<h2 class=\"text-xl font-bold text-text-200 mt-1 -mb-0.5\">\u010c\u00edm sa l\u00ed\u0161ia pevn\u00e9 spony Snap Shackles<\/h2>\n<p class=\"whitespace-pre-wrap break-words\">Na rozdiel od svojich tradi\u010dn\u00fdch pr\u00edbuzn\u00fdch v\u00e1m pevn\u00e9 karab\u00edny poskytuj\u00fa uspokojiv\u00e9 cvaknutie zabezpe\u010denia bez toho, aby ste sa museli tr\u00e1pi\u0165 s n\u00e1strojmi alebo z\u00e1pasi\u0165 so zaseknut\u00fdmi kol\u00edkmi. T\u00e1to funkcia r\u00fdchleho uvo\u013enenia nie je len o pohodl\u00ed - m\u00f4\u017ee by\u0165 z\u00e1chranou, ke\u010f ide o sekundy, \u010di u\u017e ide o \u00fapravu lanovia na plachetnici, alebo o zabezpe\u010denie vybavenia vo vojenskej oper\u00e1cii.<\/p>\n<p class=\"whitespace-pre-wrap break-words\">Predstavte si, ako sa sna\u017e\u00edte rozviaza\u0165 be\u017en\u00e9 put\u00e1 na rozb\u00farenom mori alebo so studen\u00fdmi rukami. Nie je to z\u00e1bava, v\u0161ak? Pr\u00e1ve v tom spo\u010d\u00edva genialita kon\u0161trukcie s pevnou z\u00e1padkou. Zostane zaisten\u00e1, ke\u010f ju potrebujete, dokonca aj pod ve\u013ek\u00fdm tlakom, ale okam\u017eite sa uvo\u013en\u00ed, ke\u010f to chcete.<\/p>\n<p><img fetchpriority=\"high\" decoding=\"async\" class=\"alignnone wp-image-4035 size-full\" src=\"http:\/\/qingdaohf.com\/wp-content\/uploads\/2023\/05\/123.jpg\" alt=\"karab\u00ednka\" width=\"1000\" height=\"1124\" srcset=\"https:\/\/qingdaohf.com\/wp-content\/uploads\/2023\/05\/123.jpg 1000w, https:\/\/qingdaohf.com\/wp-content\/uploads\/2023\/05\/123-267x300.jpg 267w, https:\/\/qingdaohf.com\/wp-content\/uploads\/2023\/05\/123-911x1024.jpg 911w, https:\/\/qingdaohf.com\/wp-content\/uploads\/2023\/05\/123-768x863.jpg 768w\" sizes=\"(max-width: 1000px) 100vw, 1000px\" \/><\/p>\n<h2 class=\"text-xl font-bold text-text-200 mt-1 -mb-0.5\">V\u00fdhoda nehrdzavej\u00facej ocele<\/h2>\n<h3 class=\"text-lg font-bold text-text-200 mt-1 -mb-1.5\">Pre\u010do je rozdiel medzi oce\u013eou 304 a 316<\/h3>\n<p class=\"whitespace-pre-wrap break-words\">Pri v\u00fdbere karab\u00edny nie je materi\u00e1l, z ktor\u00e9ho je vyroben\u00e1, len technickou z\u00e1le\u017eitos\u0165ou - je to v\u0161etko. Priemysel sa orientuje na dva typy nehrdzavej\u00facej ocele: 304 a 316. Pova\u017eujte materi\u00e1l 304 za spo\u013eahliv\u00fd univerz\u00e1lny materi\u00e1l. Je odoln\u00e1, odol\u00e1va kor\u00f3zii ako \u0161ampi\u00f3n a nezruinuje banku. Je ide\u00e1lna pre v\u00e4\u010d\u0161inu ka\u017edodenn\u00fdch aplik\u00e1ci\u00ed, kde potrebujete spo\u013eahliv\u00fd v\u00fdkon bez zbyto\u010dn\u00fdch n\u00e1kladov.<\/p>\n<p class=\"whitespace-pre-wrap break-words\">Niekedy v\u0161ak mus\u00edte pou\u017ei\u0165 ve\u013ek\u00e9 zbrane. Vtedy prich\u00e1dza na rad nehrdzavej\u00faca oce\u013e 316. Ak sa stret\u00e1vate s p\u00f4soben\u00edm slanej vody alebo drsn\u00fdch chemik\u00e1li\u00ed, 316 je v\u00e1\u0161 najlep\u0161\u00ed priate\u013e. Je ako odolnej\u0161\u00ed star\u0161\u00ed s\u00farodenec 304 - je odolnej\u0161ia vo\u010di kor\u00f3zii, odolnej\u0161ia vo\u010di jamkovaniu a je kon\u0161truovan\u00e1 tak, aby vydr\u017eala n\u00e1por pr\u00edrodn\u00fdch \u017eivlov.<\/p>\n<h2 class=\"text-xl font-bold text-text-200 mt-1 -mb-0.5\">Pre\u010do spolupracova\u0165 s nami?<\/h2>\n<p class=\"whitespace-pre-wrap break-words\">Nie sme len \u010fal\u0161\u00ed dod\u00e1vate\u013e hardv\u00e9ru. N\u00e1\u0161 pr\u00edstup je jednoduch\u00fd: poskytujeme vysokokvalitn\u00e9 okovy, ktor\u00e9 s\u00fa podporen\u00e9 skuto\u010dn\u00fdm osobn\u00fdm servisom. Bez oh\u013eadu na to, \u010di potrebujete dve put\u00e1 alebo dve stovky, dostanete rovnak\u00fa pozorn\u00fa podporu po\u010das celej objedn\u00e1vky.<\/p>\n<p class=\"whitespace-pre-wrap break-words\">Vieme, \u017ee \u010dakanie na n\u00e1hradn\u00e9 diely m\u00f4\u017ee prekazi\u0165 va\u0161e pl\u00e1ny. Preto sme zjednodu\u0161ili n\u00e1\u0161 proces dod\u00e1vok, aby ste svoj hardv\u00e9r dostali \u010do najr\u00fdchlej\u0161ie. R\u00fdchlos\u0165 v\u0161ak neznamen\u00e1, \u017ee sa obmedzujeme - ka\u017ed\u00e9 p\u00fatko prech\u00e1dza pr\u00edsnym testovan\u00edm kvality a m\u00e1me kontroln\u00e9 spr\u00e1vy, ktor\u00e9 to dokazuj\u00fa.<\/p>\n<h2 class=\"text-xl font-bold text-text-200 mt-1 -mb-0.5\">Aplik\u00e1cie v r\u00f4znych odvetviach<\/h2>\n<p class=\"whitespace-pre-wrap break-words\">Nie s\u00fa to pon\u00edky na jedno pou\u017eitie. Pevn\u00e9 karab\u00edny sa osved\u010duj\u00fa v r\u00f4znych podmienkach - od upevnenia plachetn\u00edc a\u017e po u\u013eah\u010denie stavebn\u00fdch projektov. Ich u\u017e\u00edvate\u013esky pr\u00edvetiv\u00fd dizajn ich rob\u00ed obzvl\u00e1\u0161\u0165 cenn\u00fdmi, ke\u010f je potrebn\u00e1 r\u00fdchla \u00faprava, najm\u00e4 v n\u00e1ro\u010dn\u00fdch podmienkach, kde by komplikovan\u00e9 spojovacie prvky boli na pr\u00ed\u0165a\u017e.<\/p>\n<h2 class=\"text-xl font-bold text-text-200 mt-1 -mb-0.5\">\u00dadr\u017eba va\u0161ej invest\u00edcie<\/h2>\n<p class=\"whitespace-pre-wrap break-words\">Aj t\u00e1 najodolnej\u0161ia nehrdzavej\u00faca oce\u013e potrebuje trochu starostlivosti, aby zostala v najlep\u0161om stave. Mal\u00e1 \u00fadr\u017eba je ve\u013emi \u00fa\u010dinn\u00e1 - pravideln\u00e9 \u010distenie, najm\u00e4 po vystaven\u00ed slanej vode, m\u00f4\u017ee zabr\u00e1ni\u0165 vzniku kor\u00f3zie. D\u00e1vajte pozor na opotrebovanie a nev\u00e1hajte vymeni\u0165 ok\u00e1, ak zist\u00edte ak\u00e9ko\u013evek po\u0161kodenie. Pam\u00e4tajte, \u017ee pokia\u013e ide o bezpe\u010dnostn\u00e9 vybavenie, prevencia je v\u017edy lep\u0161ia ako lie\u010dba.<\/p>\n<h2 class=\"text-xl font-bold text-text-200 mt-1 -mb-0.5\">Z\u00e1ver: Kvalita, ktor\u00e1 sa oplat\u00ed<\/h2>\n<p class=\"whitespace-pre-wrap break-words\">Invest\u00edcia do kvalitn\u00fdch pevn\u00fdch karab\u00edn nie je len o m\u00ed\u0148an\u00ed pe\u0148az\u00ed - je to o k\u00fape pokoja. \u010ci u\u017e vybavujete jachtu, alebo nastavujete priemyseln\u00e9 zariadenie, v\u00fdber spr\u00e1vneho hardv\u00e9ru je ve\u013emi d\u00f4le\u017eit\u00fd. V\u010faka n\u00e1\u0161mu z\u00e1v\u00e4zku poskytova\u0165 \u0161pi\u010dkov\u00e9 v\u00fdrobky, ktor\u00e9 s\u00fa podporen\u00e9 komplexn\u00fdm testovan\u00edm a r\u00fdchlym dodan\u00edm, sa m\u00f4\u017eete s\u00fastredi\u0165 na svoju pr\u00e1cu s vedom\u00edm, \u017ee v\u00e1s v\u00e1\u0161 hardv\u00e9r nesklame.<\/p>\n<p>&nbsp;<\/p>","protected":false},"excerpt":{"rendered":"<p>Karab\u00edna so skrutkou DIN5299 tvar D je univerz\u00e1lny v\u00fdrobok pre ve\u013ek\u00e9 za\u0165a\u017eenie, ktor\u00fd sa pou\u017e\u00edva v priemysle, n\u00e1morn\u00edctve a stavebn\u00edctve. Kupuj\u00faci, ktor\u00ed vy\u017eaduj\u00fa spo\u013eahlivos\u0165 v oblasti \u017eeleziarskeho tovaru, n\u00e1jdu jeho bezpe\u010dn\u00fd syst\u00e9m skrutkov\u00e9ho z\u00e1mku s pevn\u00fdm uchopen\u00edm a bez n\u00e1hodn\u00e9ho uvo\u013enenia, ktor\u00fd je mimoriadne u\u017eito\u010dn\u00fd. Karab\u00edna je vyroben\u00e1 z vysokokvalitnej ocele a vyzna\u010duje sa ve\u013ekou nosnos\u0165ou a dobrou odolnos\u0165ou proti opotrebovaniu. V spolo\u010dnosti H&amp;F nedod\u00e1vame len v\u00fdrobok - poskytujeme individu\u00e1lny z\u00e1kazn\u00edcky servis, pri\u010dom ka\u017ed\u00e1 objedn\u00e1vka je vyroben\u00e1 na mieru. V\u010faka r\u00fdchlemu dodaciemu cyklu a \u00fapln\u00e9mu hl\u00e1seniu o kontrole kvality zabezpe\u010dujeme, \u017ee ka\u017ed\u00e1 karab\u00edna je vyroben\u00e1 pod\u013ea vysok\u00fdch v\u00fdkonnostn\u00fdch noriem.<\/p>","protected":false},"featured_media":4031,"comment_status":"open","ping_status":"closed","template":"","meta":{"site-sidebar-layout":"default","site-content-layout":"default","ast-site-content-layout":"default","site-content-style":"default","site-sidebar-style":"default","ast-global-header-display":"","ast-banner-title-visibility":"","ast-main-header-display":"","ast-hfb-above-header-display":"","ast-hfb-below-header-display":"","ast-hfb-mobile-header-display":"","site-post-title":"","ast-breadcrumbs-content":"","ast-featured-img":"","footer-sml-layout":"","theme-transparent-header-meta":"default","adv-header-id-meta":"","stick-header-meta":"default","header-above-stick-meta":"","header-main-stick-meta":"","header-below-stick-meta":"","astra-migrate-meta-layouts":"set","ast-page-background-enabled":"default","ast-page-background-meta":{"desktop":{"background-color":"","background-image":"","background-repeat":"repeat","background-position":"center center","background-size":"auto","background-attachment":"scroll","background-type":"","background-media":"","overlay-type":"","overlay-color":"","overlay-opacity":"","overlay-gradient":""},"tablet":{"background-color":"","background-image":"","background-repeat":"repeat","background-position":"center center","background-size":"auto","background-attachment":"scroll","background-type":"","background-media":"","overlay-type":"","overlay-color":"","overlay-opacity":"","overlay-gradient":""},"mobile":{"background-color":"","background-image":"","background-repeat":"repeat","background-position":"center center","background-size":"auto","background-attachment":"scroll","background-type":"","background-media":"","overlay-type":"","overlay-color":"","overlay-opacity":"","overlay-gradient":""}},"ast-content-background-meta":{"desktop":{"background-color":"var(--ast-global-color-5)","background-image":"","background-repeat":"repeat","background-position":"center center","background-size":"auto","background-attachment":"scroll","background-type":"","background-media":"","overlay-type":"","overlay-color":"","overlay-opacity":"","overlay-gradient":""},"tablet":{"background-color":"var(--ast-global-color-5)","background-image":"","background-repeat":"repeat","background-position":"center center","background-size":"auto","background-attachment":"scroll","background-type":"","background-media":"","overlay-type":"","overlay-color":"","overlay-opacity":"","overlay-gradient":""},"mobile":{"background-color":"var(--ast-global-color-5)","background-image":"","background-repeat":"repeat","background-position":"center center","background-size":"auto","background-attachment":"scroll","background-type":"","background-media":"","overlay-type":"","overlay-color":"","overlay-opacity":"","overlay-gradient":""}}},"product_brand":[],"product_cat":[80,44],"product_tag":[],"class_list":{"0":"post-4030","1":"product","2":"type-product","3":"status-publish","4":"has-post-thumbnail","6":"product_cat-carabiner","7":"product_cat-stainless-steel-poduct","8":"desktop-align-left","9":"tablet-align-left","10":"mobile-align-left","11":"ast-product-gallery-layout-horizontal-slider","12":"ast-product-tabs-layout-horizontal","14":"first","15":"instock","16":"shipping-taxable","17":"purchasable","18":"product-type-simple"},"yoast_head":"<!-- This site is optimized with the Yoast SEO plugin v25.2 - https:\/\/yoast.com\/wordpress\/plugins\/seo\/ -->\n<title>Snap Hook with Screw Nut<\/title>\n<meta name=\"description\" content=\"The Snap Hook with Screw DIN5299 Form D is a heavy-duty general-purpose product that finds applications in industrial, marine, and construction uses.\" \/>\n<meta name=\"robots\" content=\"index, follow, max-snippet:-1, max-image-preview:large, max-video-preview:-1\" \/>\n<link rel=\"canonical\" href=\"https:\/\/qingdaohf.com\/sk\/produkt\/karabina-so-skrutkou\/\" \/>\n<meta property=\"og:locale\" content=\"sk_SK\" \/>\n<meta property=\"og:type\" content=\"article\" \/>\n<meta property=\"og:title\" content=\"Snap Hook with Screw Nut\" \/>\n<meta property=\"og:description\" content=\"The Snap Hook with Screw DIN5299 Form D is a heavy-duty general-purpose product that finds applications in industrial, marine, and construction uses.\" \/>\n<meta property=\"og:url\" content=\"https:\/\/qingdaohf.com\/sk\/produkt\/karabina-so-skrutkou\/\" \/>\n<meta property=\"og:site_name\" content=\"Concrete Form &amp; Rigging Hardware Supplier\" \/>\n<meta property=\"article:publisher\" content=\"https:\/\/www.facebook.com\/qingdaohf\" \/>\n<meta property=\"article:modified_time\" content=\"2025-11-13T01:04:43+00:00\" \/>\n<meta property=\"og:image\" content=\"https:\/\/qingdaohf.com\/wp-content\/uploads\/2023\/05\/snap-hook-with-screw-1.jpg\" \/>\n\t<meta property=\"og:image:width\" content=\"1000\" \/>\n\t<meta property=\"og:image:height\" content=\"1000\" \/>\n\t<meta property=\"og:image:type\" content=\"image\/jpeg\" \/>\n<meta name=\"twitter:card\" content=\"summary_large_image\" \/>\n<meta name=\"twitter:label1\" content=\"Predpokladan\u00fd \u010das \u010d\u00edtania\" \/>\n\t<meta name=\"twitter:data1\" content=\"4 min\u00faty\" \/>\n<script type=\"application\/ld+json\" class=\"yoast-schema-graph\">{\"@context\":\"https:\/\/schema.org\",\"@graph\":[{\"@type\":\"WebPage\",\"@id\":\"https:\/\/qingdaohf.com\/product\/snap-hook-with-screw\/\",\"url\":\"https:\/\/qingdaohf.com\/product\/snap-hook-with-screw\/\",\"name\":\"Snap Hook with Screw Nut\",\"isPartOf\":{\"@id\":\"https:\/\/qingdaohf.com\/bg\/#website\"},\"primaryImageOfPage\":{\"@id\":\"https:\/\/qingdaohf.com\/product\/snap-hook-with-screw\/#primaryimage\"},\"image\":{\"@id\":\"https:\/\/qingdaohf.com\/product\/snap-hook-with-screw\/#primaryimage\"},\"thumbnailUrl\":\"https:\/\/qingdaohf.com\/wp-content\/uploads\/2023\/05\/snap-hook-with-screw-1.jpg\",\"datePublished\":\"2023-05-25T09:44:11+00:00\",\"dateModified\":\"2025-11-13T01:04:43+00:00\",\"description\":\"The Snap Hook with Screw DIN5299 Form D is a heavy-duty general-purpose product that finds applications in industrial, marine, and construction uses.\",\"breadcrumb\":{\"@id\":\"https:\/\/qingdaohf.com\/product\/snap-hook-with-screw\/#breadcrumb\"},\"inLanguage\":\"sk-SK\",\"potentialAction\":[{\"@type\":\"ReadAction\",\"target\":[\"https:\/\/qingdaohf.com\/product\/snap-hook-with-screw\/\"]}]},{\"@type\":\"ImageObject\",\"inLanguage\":\"sk-SK\",\"@id\":\"https:\/\/qingdaohf.com\/product\/snap-hook-with-screw\/#primaryimage\",\"url\":\"https:\/\/qingdaohf.com\/wp-content\/uploads\/2023\/05\/snap-hook-with-screw-1.jpg\",\"contentUrl\":\"https:\/\/qingdaohf.com\/wp-content\/uploads\/2023\/05\/snap-hook-with-screw-1.jpg\",\"width\":1000,\"height\":1000,\"caption\":\"snap hook with scre\"},{\"@type\":\"BreadcrumbList\",\"@id\":\"https:\/\/qingdaohf.com\/product\/snap-hook-with-screw\/#breadcrumb\",\"itemListElement\":[{\"@type\":\"ListItem\",\"position\":1,\"name\":\"Home\",\"item\":\"https:\/\/qingdaohf.com\/\"},{\"@type\":\"ListItem\",\"position\":2,\"name\":\"Concrete Forming Accessories and Rigging Hardware\",\"item\":\"https:\/\/qingdaohf.com\/bg\/?page_id=944\"},{\"@type\":\"ListItem\",\"position\":3,\"name\":\"Snap Hook with Screw Nut\"}]},{\"@type\":\"WebSite\",\"@id\":\"https:\/\/qingdaohf.com\/bg\/#website\",\"url\":\"https:\/\/qingdaohf.com\/bg\/\",\"name\":\"Concrete Form & Rigging Hardware Supplier\",\"description\":\"\",\"publisher\":{\"@id\":\"https:\/\/qingdaohf.com\/bg\/#organization\"},\"potentialAction\":[{\"@type\":\"SearchAction\",\"target\":{\"@type\":\"EntryPoint\",\"urlTemplate\":\"https:\/\/qingdaohf.com\/bg\/?s={search_term_string}\"},\"query-input\":{\"@type\":\"PropertyValueSpecification\",\"valueRequired\":true,\"valueName\":\"search_term_string\"}}],\"inLanguage\":\"sk-SK\"},{\"@type\":\"Organization\",\"@id\":\"https:\/\/qingdaohf.com\/bg\/#organization\",\"name\":\"Qingdao H&F\",\"url\":\"https:\/\/qingdaohf.com\/bg\/\",\"logo\":{\"@type\":\"ImageObject\",\"inLanguage\":\"sk-SK\",\"@id\":\"https:\/\/qingdaohf.com\/bg\/#\/schema\/logo\/image\/\",\"url\":\"https:\/\/qingdaohf.com\/wp-content\/uploads\/2022\/12\/cropped-HF-LOGO.png\",\"contentUrl\":\"https:\/\/qingdaohf.com\/wp-content\/uploads\/2022\/12\/cropped-HF-LOGO.png\",\"width\":391,\"height\":249,\"caption\":\"Qingdao H&F\"},\"image\":{\"@id\":\"https:\/\/qingdaohf.com\/bg\/#\/schema\/logo\/image\/\"},\"sameAs\":[\"https:\/\/www.facebook.com\/qingdaohf\"]}]}<\/script>\n<!-- \/ Yoast SEO plugin. -->","yoast_head_json":{"title":"Snap Hook with Screw Nut","description":"The Snap Hook with Screw DIN5299 Form D is a heavy-duty general-purpose product that finds applications in industrial, marine, and construction uses.","robots":{"index":"index","follow":"follow","max-snippet":"max-snippet:-1","max-image-preview":"max-image-preview:large","max-video-preview":"max-video-preview:-1"},"canonical":"https:\/\/qingdaohf.com\/sk\/produkt\/karabina-so-skrutkou\/","og_locale":"sk_SK","og_type":"article","og_title":"Snap Hook with Screw Nut","og_description":"The Snap Hook with Screw DIN5299 Form D is a heavy-duty general-purpose product that finds applications in industrial, marine, and construction uses.","og_url":"https:\/\/qingdaohf.com\/sk\/produkt\/karabina-so-skrutkou\/","og_site_name":"Concrete Form &amp; Rigging Hardware Supplier","article_publisher":"https:\/\/www.facebook.com\/qingdaohf","article_modified_time":"2025-11-13T01:04:43+00:00","og_image":[{"width":1000,"height":1000,"url":"https:\/\/qingdaohf.com\/wp-content\/uploads\/2023\/05\/snap-hook-with-screw-1.jpg","type":"image\/jpeg"}],"twitter_card":"summary_large_image","twitter_misc":{"Predpokladan\u00fd \u010das \u010d\u00edtania":"4 min\u00faty"},"schema":{"@context":"https:\/\/schema.org","@graph":[{"@type":"WebPage","@id":"https:\/\/qingdaohf.com\/product\/snap-hook-with-screw\/","url":"https:\/\/qingdaohf.com\/product\/snap-hook-with-screw\/","name":"Snap Hook with Screw Nut","isPartOf":{"@id":"https:\/\/qingdaohf.com\/bg\/#website"},"primaryImageOfPage":{"@id":"https:\/\/qingdaohf.com\/product\/snap-hook-with-screw\/#primaryimage"},"image":{"@id":"https:\/\/qingdaohf.com\/product\/snap-hook-with-screw\/#primaryimage"},"thumbnailUrl":"https:\/\/qingdaohf.com\/wp-content\/uploads\/2023\/05\/snap-hook-with-screw-1.jpg","datePublished":"2023-05-25T09:44:11+00:00","dateModified":"2025-11-13T01:04:43+00:00","description":"The Snap Hook with Screw DIN5299 Form D is a heavy-duty general-purpose product that finds applications in industrial, marine, and construction uses.","breadcrumb":{"@id":"https:\/\/qingdaohf.com\/product\/snap-hook-with-screw\/#breadcrumb"},"inLanguage":"sk-SK","potentialAction":[{"@type":"ReadAction","target":["https:\/\/qingdaohf.com\/product\/snap-hook-with-screw\/"]}]},{"@type":"ImageObject","inLanguage":"sk-SK","@id":"https:\/\/qingdaohf.com\/product\/snap-hook-with-screw\/#primaryimage","url":"https:\/\/qingdaohf.com\/wp-content\/uploads\/2023\/05\/snap-hook-with-screw-1.jpg","contentUrl":"https:\/\/qingdaohf.com\/wp-content\/uploads\/2023\/05\/snap-hook-with-screw-1.jpg","width":1000,"height":1000,"caption":"snap hook with scre"},{"@type":"BreadcrumbList","@id":"https:\/\/qingdaohf.com\/product\/snap-hook-with-screw\/#breadcrumb","itemListElement":[{"@type":"ListItem","position":1,"name":"Home","item":"https:\/\/qingdaohf.com\/"},{"@type":"ListItem","position":2,"name":"Concrete Forming Accessories and Rigging Hardware","item":"https:\/\/qingdaohf.com\/bg\/?page_id=944"},{"@type":"ListItem","position":3,"name":"Snap Hook with Screw Nut"}]},{"@type":"WebSite","@id":"https:\/\/qingdaohf.com\/bg\/#website","url":"https:\/\/qingdaohf.com\/bg\/","name":"Concrete Form & Rigging Hardware Supplier","description":"","publisher":{"@id":"https:\/\/qingdaohf.com\/bg\/#organization"},"potentialAction":[{"@type":"SearchAction","target":{"@type":"EntryPoint","urlTemplate":"https:\/\/qingdaohf.com\/bg\/?s={search_term_string}"},"query-input":{"@type":"PropertyValueSpecification","valueRequired":true,"valueName":"search_term_string"}}],"inLanguage":"sk-SK"},{"@type":"Organization","@id":"https:\/\/qingdaohf.com\/bg\/#organization","name":"Qingdao H&F","url":"https:\/\/qingdaohf.com\/bg\/","logo":{"@type":"ImageObject","inLanguage":"sk-SK","@id":"https:\/\/qingdaohf.com\/bg\/#\/schema\/logo\/image\/","url":"https:\/\/qingdaohf.com\/wp-content\/uploads\/2022\/12\/cropped-HF-LOGO.png","contentUrl":"https:\/\/qingdaohf.com\/wp-content\/uploads\/2022\/12\/cropped-HF-LOGO.png","width":391,"height":249,"caption":"Qingdao H&F"},"image":{"@id":"https:\/\/qingdaohf.com\/bg\/#\/schema\/logo\/image\/"},"sameAs":["https:\/\/www.facebook.com\/qingdaohf"]}]}},"_links":{"self":[{"href":"https:\/\/qingdaohf.com\/sk\/wp-json\/wp\/v2\/product\/4030","targetHints":{"allow":["GET"]}}],"collection":[{"href":"https:\/\/qingdaohf.com\/sk\/wp-json\/wp\/v2\/product"}],"about":[{"href":"https:\/\/qingdaohf.com\/sk\/wp-json\/wp\/v2\/types\/product"}],"replies":[{"embeddable":true,"href":"https:\/\/qingdaohf.com\/sk\/wp-json\/wp\/v2\/comments?post=4030"}],"version-history":[{"count":6,"href":"https:\/\/qingdaohf.com\/sk\/wp-json\/wp\/v2\/product\/4030\/revisions"}],"predecessor-version":[{"id":9511,"href":"https:\/\/qingdaohf.com\/sk\/wp-json\/wp\/v2\/product\/4030\/revisions\/9511"}],"wp:featuredmedia":[{"embeddable":true,"href":"https:\/\/qingdaohf.com\/sk\/wp-json\/wp\/v2\/media\/4031"}],"wp:attachment":[{"href":"https:\/\/qingdaohf.com\/sk\/wp-json\/wp\/v2\/media?parent=4030"}],"wp:term":[{"taxonomy":"product_brand","embeddable":true,"href":"https:\/\/qingdaohf.com\/sk\/wp-json\/wp\/v2\/product_brand?post=4030"},{"taxonomy":"product_cat","embeddable":true,"href":"https:\/\/qingdaohf.com\/sk\/wp-json\/wp\/v2\/product_cat?post=4030"},{"taxonomy":"product_tag","embeddable":true,"href":"https:\/\/qingdaohf.com\/sk\/wp-json\/wp\/v2\/product_tag?post=4030"}],"curies":[{"name":"wp","href":"https:\/\/api.w.org\/{rel}","templated":true}]}}