{"id":4271,"date":"2023-06-01T17:48:40","date_gmt":"2023-06-01T09:48:40","guid":{"rendered":"http:\/\/qingdaohf.com\/?post_type=product&#038;p=4271"},"modified":"2025-11-13T09:04:21","modified_gmt":"2025-11-13T01:04:21","slug":"stainless-steel-coil-nail","status":"publish","type":"product","link":"https:\/\/qingdaohf.com\/sk\/produkt\/klinec-z-nehrdzavejucej-ocele\/","title":{"rendered":"H\u0159eb\u00edk z nehrdzavej\u00facej ocele"},"content":{"rendered":"<ol>\n<li>Materi\u00e1l: Nerezov\u00e9 klince s\u00fa vyroben\u00e9 z vysokokvalitnej nehrdzavej\u00facej ocele. Nerezov\u00e1 oce\u013e je vybran\u00e1 pre svoju odolnos\u0165 vo\u010di kor\u00f3zii, pevnos\u0165 a dlh\u00fa \u017eivotnos\u0165. Je to ide\u00e1lny materi\u00e1l pre aplik\u00e1cie, kde m\u00f4\u017eu by\u0165 klince vystaven\u00e9 vlhkosti alebo koroz\u00edvnemu prostrediu.<\/li>\n<li>Tvar cievky: Na rozdiel od tradi\u010dn\u00fdch sypan\u00fdch alebo ty\u010dov\u00fdch klincov s\u00fa klince z nehrdzavej\u00facej ocele v tvare zvitku. Tento tvar cievky umo\u017e\u0148uje v\u00e4\u010d\u0161iu kapacitu klincov, v\u010faka \u010domu sa do pi\u0161tole na klince d\u00e1 vlo\u017ei\u0165 v\u00e4\u010d\u0161\u00ed po\u010det klincov, \u010do zvy\u0161uje \u00fa\u010dinnos\u0165 a zni\u017euje potrebu \u010dast\u00e9ho nab\u00edjania.<\/li>\n<li>Hrot a stopka: H\u0159eb\u00edky z nehrdzavej\u00facej ocele maj\u00fa zvy\u010dajne ostr\u00fd diamantov\u00fd hrot, ktor\u00fd pom\u00e1ha pri jednoduchom zav\u00e1dzan\u00ed do r\u00f4znych materi\u00e1lov. Stopka (telo) klinca je \u010dasto s kr\u00fa\u017ekov\u00fdm alebo \u0161pir\u00e1lov\u00fdm z\u00e1vitom, ktor\u00fd zabezpe\u010duje lep\u0161iu pri\u013enavos\u0165 a odolnos\u0165 vo\u010di sil\u00e1m pri vytiahnut\u00ed.<\/li>\n<li>Ve\u013ekosti a aplik\u00e1cie: H\u0159eb\u00edky z nehrdzavej\u00facej ocele s\u00fa k dispoz\u00edcii v r\u00f4znych d\u013a\u017ekach, priemeroch a hr\u00fabkach, aby vyhovovali r\u00f4znym aplik\u00e1ci\u00e1m. Be\u017ene sa pou\u017e\u00edvaj\u00fa v stavebn\u00edctve na r\u00e1movanie, debnenie, stre\u0161n\u00e9 krytiny, obklady, oplotenie a in\u00e9 kon\u0161truk\u010dn\u00e9 pr\u00e1ce. Okrem toho nach\u00e1dzaj\u00fa uplatnenie v drev\u00e1rskych projektoch, ako je mont\u00e1\u017e n\u00e1bytku, in\u0161tal\u00e1cia skr\u00ed\u0148 a \u010dal\u00fannick\u00e9 pr\u00e1ce.<\/li>\n<li>Odolnos\u0165 vo\u010di kor\u00f3zii: Jednou z hlavn\u00fdch v\u00fdhod klincov z nehrdzavej\u00facej ocele je ich odolnos\u0165 vo\u010di kor\u00f3zii. Nerezov\u00e1 oce\u013e obsahuje chr\u00f3m, ktor\u00fd na povrchu vytv\u00e1ra ochrann\u00fa vrstvu oxidu, ktor\u00e1 chr\u00e1ni klinec pred hrdzou a kor\u00f3ziou sp\u00f4sobenou p\u00f4soben\u00edm vlhkosti, chemik\u00e1li\u00ed alebo poveternostn\u00fdch podmienok.<\/li>\n<li>Vysok\u00e1 pevnos\u0165: H\u0159eb\u00edky z nehrdzavej\u00facej ocele maj\u00fa vynikaj\u00facu pevnos\u0165 a odolnos\u0165. S\u00fa skon\u0161truovan\u00e9 tak, aby odol\u00e1vali vysok\u00e9mu \u0165ahu a bo\u010dn\u00fdm sil\u00e1m, \u010d\u00edm poskytuj\u00fa spo\u013eahliv\u00fa dr\u017eiacu silu a zni\u017euj\u00fa riziko zlomenia alebo vytrhnutia klinca.<\/li>\n<li>Kompatibilita: Nerezov\u00e9 klince s\u00fa kompatibiln\u00e9 s pi\u0161to\u013eami na klince \u0161peci\u00e1lne navrhnut\u00fdmi na klince. Tieto pi\u0161tole pou\u017e\u00edvaj\u00fa stla\u010den\u00fd vzduch alebo plyn na r\u00fdchle a \u00fa\u010dinn\u00e9 zat\u013akanie klincov do materi\u00e1lu.<\/li>\n<\/ol>\n<div class=\"ast-oembed-container\" style=\"height: 100%;\"><iframe title=\"QINGDAO HF cievka na klinec\" width=\"500\" height=\"375\" src=\"https:\/\/www.youtube.com\/embed\/d7FHshG3YyY?feature=oembed\" frameborder=\"0\" allow=\"accelerometer; autoplay; clipboard-write; encrypted-media; gyroscope; picture-in-picture; web-share\" referrerpolicy=\"strict-origin-when-cross-origin\" allowfullscreen><\/iframe><\/div>","protected":false},"excerpt":{"rendered":"<p>Nerezov\u00e9 klince s\u00fa spo\u013eahlivou vo\u013ebou pre n\u00e1ro\u010dn\u00e9 aplik\u00e1cie, ktor\u00e9 si vy\u017eaduj\u00fa siln\u00e9, dlhotrvaj\u00face spojovacie prvky s odolnos\u0165ou proti kor\u00f3zii. V\u010faka ich jedine\u010dn\u00e9mu zvitkov\u00e9mu tvaru, vysokej pevnosti a kompatibilite s klincova\u010dkami s\u00fa ob\u013e\u00fabenou vo\u013ebou medzi profesion\u00e1lmi v stavebn\u00edctve a drevospracuj\u00facom priemysle.<\/p>","protected":false},"featured_media":4272,"comment_status":"open","ping_status":"closed","template":"","meta":{"site-sidebar-layout":"default","site-content-layout":"default","ast-site-content-layout":"","site-content-style":"default","site-sidebar-style":"default","ast-global-header-display":"","ast-banner-title-visibility":"","ast-main-header-display":"","ast-hfb-above-header-display":"","ast-hfb-below-header-display":"","ast-hfb-mobile-header-display":"","site-post-title":"","ast-breadcrumbs-content":"","ast-featured-img":"","footer-sml-layout":"","theme-transparent-header-meta":"default","adv-header-id-meta":"","stick-header-meta":"default","header-above-stick-meta":"","header-main-stick-meta":"","header-below-stick-meta":"","astra-migrate-meta-layouts":"default","ast-page-background-enabled":"default","ast-page-background-meta":{"desktop":{"background-color":"","background-image":"","background-repeat":"repeat","background-position":"center center","background-size":"auto","background-attachment":"scroll","background-type":"","background-media":"","overlay-type":"","overlay-color":"","overlay-opacity":"","overlay-gradient":""},"tablet":{"background-color":"","background-image":"","background-repeat":"repeat","background-position":"center center","background-size":"auto","background-attachment":"scroll","background-type":"","background-media":"","overlay-type":"","overlay-color":"","overlay-opacity":"","overlay-gradient":""},"mobile":{"background-color":"","background-image":"","background-repeat":"repeat","background-position":"center center","background-size":"auto","background-attachment":"scroll","background-type":"","background-media":"","overlay-type":"","overlay-color":"","overlay-opacity":"","overlay-gradient":""}},"ast-content-background-meta":{"desktop":{"background-color":"var(--ast-global-color-5)","background-image":"","background-repeat":"repeat","background-position":"center center","background-size":"auto","background-attachment":"scroll","background-type":"","background-media":"","overlay-type":"","overlay-color":"","overlay-opacity":"","overlay-gradient":""},"tablet":{"background-color":"var(--ast-global-color-5)","background-image":"","background-repeat":"repeat","background-position":"center center","background-size":"auto","background-attachment":"scroll","background-type":"","background-media":"","overlay-type":"","overlay-color":"","overlay-opacity":"","overlay-gradient":""},"mobile":{"background-color":"var(--ast-global-color-5)","background-image":"","background-repeat":"repeat","background-position":"center center","background-size":"auto","background-attachment":"scroll","background-type":"","background-media":"","overlay-type":"","overlay-color":"","overlay-opacity":"","overlay-gradient":""}}},"product_brand":[],"product_cat":[34,43],"product_tag":[],"class_list":{"0":"post-4271","1":"product","2":"type-product","3":"status-publish","4":"has-post-thumbnail","6":"product_cat-nail","7":"product_cat-rigging-hardware","8":"desktop-align-left","9":"tablet-align-left","10":"mobile-align-left","11":"ast-product-gallery-layout-horizontal-slider","12":"ast-product-tabs-layout-horizontal","14":"first","15":"instock","16":"shipping-taxable","17":"purchasable","18":"product-type-simple"},"yoast_head":"<!-- This site is optimized with the Yoast SEO plugin v25.2 - https:\/\/yoast.com\/wordpress\/plugins\/seo\/ -->\n<title>Stainless Steel Coil Nail<\/title>\n<meta name=\"description\" content=\"Stainless steel coil nails are a reliable choice for demanding applications that require strong, long-lasting fasteners with corrosion resistance.\" \/>\n<meta name=\"robots\" content=\"index, follow, max-snippet:-1, max-image-preview:large, max-video-preview:-1\" \/>\n<link rel=\"canonical\" href=\"https:\/\/qingdaohf.com\/sk\/produkt\/klinec-z-nehrdzavejucej-ocele\/\" \/>\n<meta property=\"og:locale\" content=\"sk_SK\" \/>\n<meta property=\"og:type\" content=\"article\" \/>\n<meta property=\"og:title\" content=\"Stainless Steel Coil Nail\" \/>\n<meta property=\"og:description\" content=\"Stainless steel coil nails are a reliable choice for demanding applications that require strong, long-lasting fasteners with corrosion resistance.\" \/>\n<meta property=\"og:url\" content=\"https:\/\/qingdaohf.com\/sk\/produkt\/klinec-z-nehrdzavejucej-ocele\/\" \/>\n<meta property=\"og:site_name\" content=\"Concrete Form &amp; Rigging Hardware Supplier\" \/>\n<meta property=\"article:publisher\" content=\"https:\/\/www.facebook.com\/qingdaohf\" \/>\n<meta property=\"article:modified_time\" content=\"2025-11-13T01:04:21+00:00\" \/>\n<meta property=\"og:image\" content=\"https:\/\/qingdaohf.com\/wp-content\/uploads\/2023\/06\/coil-nail-1.jpg\" \/>\n\t<meta property=\"og:image:width\" content=\"1000\" \/>\n\t<meta property=\"og:image:height\" content=\"1000\" \/>\n\t<meta property=\"og:image:type\" content=\"image\/jpeg\" \/>\n<meta name=\"twitter:card\" content=\"summary_large_image\" \/>\n<meta name=\"twitter:label1\" content=\"Predpokladan\u00fd \u010das \u010d\u00edtania\" \/>\n\t<meta name=\"twitter:data1\" content=\"2 min\u00faty\" \/>\n<script type=\"application\/ld+json\" class=\"yoast-schema-graph\">{\"@context\":\"https:\/\/schema.org\",\"@graph\":[{\"@type\":\"WebPage\",\"@id\":\"https:\/\/qingdaohf.com\/product\/stainless-steel-coil-nail\/\",\"url\":\"https:\/\/qingdaohf.com\/product\/stainless-steel-coil-nail\/\",\"name\":\"Stainless Steel Coil Nail\",\"isPartOf\":{\"@id\":\"https:\/\/qingdaohf.com\/bg\/#website\"},\"primaryImageOfPage\":{\"@id\":\"https:\/\/qingdaohf.com\/product\/stainless-steel-coil-nail\/#primaryimage\"},\"image\":{\"@id\":\"https:\/\/qingdaohf.com\/product\/stainless-steel-coil-nail\/#primaryimage\"},\"thumbnailUrl\":\"https:\/\/qingdaohf.com\/wp-content\/uploads\/2023\/06\/coil-nail-1.jpg\",\"datePublished\":\"2023-06-01T09:48:40+00:00\",\"dateModified\":\"2025-11-13T01:04:21+00:00\",\"description\":\"Stainless steel coil nails are a reliable choice for demanding applications that require strong, long-lasting fasteners with corrosion resistance.\",\"breadcrumb\":{\"@id\":\"https:\/\/qingdaohf.com\/product\/stainless-steel-coil-nail\/#breadcrumb\"},\"inLanguage\":\"sk-SK\",\"potentialAction\":[{\"@type\":\"ReadAction\",\"target\":[\"https:\/\/qingdaohf.com\/product\/stainless-steel-coil-nail\/\"]}]},{\"@type\":\"ImageObject\",\"inLanguage\":\"sk-SK\",\"@id\":\"https:\/\/qingdaohf.com\/product\/stainless-steel-coil-nail\/#primaryimage\",\"url\":\"https:\/\/qingdaohf.com\/wp-content\/uploads\/2023\/06\/coil-nail-1.jpg\",\"contentUrl\":\"https:\/\/qingdaohf.com\/wp-content\/uploads\/2023\/06\/coil-nail-1.jpg\",\"width\":1000,\"height\":1000,\"caption\":\"coil nail\"},{\"@type\":\"BreadcrumbList\",\"@id\":\"https:\/\/qingdaohf.com\/product\/stainless-steel-coil-nail\/#breadcrumb\",\"itemListElement\":[{\"@type\":\"ListItem\",\"position\":1,\"name\":\"Home\",\"item\":\"https:\/\/qingdaohf.com\/\"},{\"@type\":\"ListItem\",\"position\":2,\"name\":\"Concrete Forming Accessories and Rigging Hardware\",\"item\":\"https:\/\/qingdaohf.com\/bg\/?page_id=944\"},{\"@type\":\"ListItem\",\"position\":3,\"name\":\"Stainless Steel Coil Nail\"}]},{\"@type\":\"WebSite\",\"@id\":\"https:\/\/qingdaohf.com\/bg\/#website\",\"url\":\"https:\/\/qingdaohf.com\/bg\/\",\"name\":\"Concrete Form & Rigging Hardware Supplier\",\"description\":\"\",\"publisher\":{\"@id\":\"https:\/\/qingdaohf.com\/bg\/#organization\"},\"potentialAction\":[{\"@type\":\"SearchAction\",\"target\":{\"@type\":\"EntryPoint\",\"urlTemplate\":\"https:\/\/qingdaohf.com\/bg\/?s={search_term_string}\"},\"query-input\":{\"@type\":\"PropertyValueSpecification\",\"valueRequired\":true,\"valueName\":\"search_term_string\"}}],\"inLanguage\":\"sk-SK\"},{\"@type\":\"Organization\",\"@id\":\"https:\/\/qingdaohf.com\/bg\/#organization\",\"name\":\"Qingdao H&F\",\"url\":\"https:\/\/qingdaohf.com\/bg\/\",\"logo\":{\"@type\":\"ImageObject\",\"inLanguage\":\"sk-SK\",\"@id\":\"https:\/\/qingdaohf.com\/bg\/#\/schema\/logo\/image\/\",\"url\":\"https:\/\/qingdaohf.com\/wp-content\/uploads\/2022\/12\/cropped-HF-LOGO.png\",\"contentUrl\":\"https:\/\/qingdaohf.com\/wp-content\/uploads\/2022\/12\/cropped-HF-LOGO.png\",\"width\":391,\"height\":249,\"caption\":\"Qingdao H&F\"},\"image\":{\"@id\":\"https:\/\/qingdaohf.com\/bg\/#\/schema\/logo\/image\/\"},\"sameAs\":[\"https:\/\/www.facebook.com\/qingdaohf\"]}]}<\/script>\n<!-- \/ Yoast SEO plugin. -->","yoast_head_json":{"title":"Stainless Steel Coil Nail","description":"Stainless steel coil nails are a reliable choice for demanding applications that require strong, long-lasting fasteners with corrosion resistance.","robots":{"index":"index","follow":"follow","max-snippet":"max-snippet:-1","max-image-preview":"max-image-preview:large","max-video-preview":"max-video-preview:-1"},"canonical":"https:\/\/qingdaohf.com\/sk\/produkt\/klinec-z-nehrdzavejucej-ocele\/","og_locale":"sk_SK","og_type":"article","og_title":"Stainless Steel Coil Nail","og_description":"Stainless steel coil nails are a reliable choice for demanding applications that require strong, long-lasting fasteners with corrosion resistance.","og_url":"https:\/\/qingdaohf.com\/sk\/produkt\/klinec-z-nehrdzavejucej-ocele\/","og_site_name":"Concrete Form &amp; Rigging Hardware Supplier","article_publisher":"https:\/\/www.facebook.com\/qingdaohf","article_modified_time":"2025-11-13T01:04:21+00:00","og_image":[{"width":1000,"height":1000,"url":"https:\/\/qingdaohf.com\/wp-content\/uploads\/2023\/06\/coil-nail-1.jpg","type":"image\/jpeg"}],"twitter_card":"summary_large_image","twitter_misc":{"Predpokladan\u00fd \u010das \u010d\u00edtania":"2 min\u00faty"},"schema":{"@context":"https:\/\/schema.org","@graph":[{"@type":"WebPage","@id":"https:\/\/qingdaohf.com\/product\/stainless-steel-coil-nail\/","url":"https:\/\/qingdaohf.com\/product\/stainless-steel-coil-nail\/","name":"Stainless Steel Coil Nail","isPartOf":{"@id":"https:\/\/qingdaohf.com\/bg\/#website"},"primaryImageOfPage":{"@id":"https:\/\/qingdaohf.com\/product\/stainless-steel-coil-nail\/#primaryimage"},"image":{"@id":"https:\/\/qingdaohf.com\/product\/stainless-steel-coil-nail\/#primaryimage"},"thumbnailUrl":"https:\/\/qingdaohf.com\/wp-content\/uploads\/2023\/06\/coil-nail-1.jpg","datePublished":"2023-06-01T09:48:40+00:00","dateModified":"2025-11-13T01:04:21+00:00","description":"Stainless steel coil nails are a reliable choice for demanding applications that require strong, long-lasting fasteners with corrosion resistance.","breadcrumb":{"@id":"https:\/\/qingdaohf.com\/product\/stainless-steel-coil-nail\/#breadcrumb"},"inLanguage":"sk-SK","potentialAction":[{"@type":"ReadAction","target":["https:\/\/qingdaohf.com\/product\/stainless-steel-coil-nail\/"]}]},{"@type":"ImageObject","inLanguage":"sk-SK","@id":"https:\/\/qingdaohf.com\/product\/stainless-steel-coil-nail\/#primaryimage","url":"https:\/\/qingdaohf.com\/wp-content\/uploads\/2023\/06\/coil-nail-1.jpg","contentUrl":"https:\/\/qingdaohf.com\/wp-content\/uploads\/2023\/06\/coil-nail-1.jpg","width":1000,"height":1000,"caption":"coil nail"},{"@type":"BreadcrumbList","@id":"https:\/\/qingdaohf.com\/product\/stainless-steel-coil-nail\/#breadcrumb","itemListElement":[{"@type":"ListItem","position":1,"name":"Home","item":"https:\/\/qingdaohf.com\/"},{"@type":"ListItem","position":2,"name":"Concrete Forming Accessories and Rigging Hardware","item":"https:\/\/qingdaohf.com\/bg\/?page_id=944"},{"@type":"ListItem","position":3,"name":"Stainless Steel Coil Nail"}]},{"@type":"WebSite","@id":"https:\/\/qingdaohf.com\/bg\/#website","url":"https:\/\/qingdaohf.com\/bg\/","name":"Concrete Form & Rigging Hardware Supplier","description":"","publisher":{"@id":"https:\/\/qingdaohf.com\/bg\/#organization"},"potentialAction":[{"@type":"SearchAction","target":{"@type":"EntryPoint","urlTemplate":"https:\/\/qingdaohf.com\/bg\/?s={search_term_string}"},"query-input":{"@type":"PropertyValueSpecification","valueRequired":true,"valueName":"search_term_string"}}],"inLanguage":"sk-SK"},{"@type":"Organization","@id":"https:\/\/qingdaohf.com\/bg\/#organization","name":"Qingdao H&F","url":"https:\/\/qingdaohf.com\/bg\/","logo":{"@type":"ImageObject","inLanguage":"sk-SK","@id":"https:\/\/qingdaohf.com\/bg\/#\/schema\/logo\/image\/","url":"https:\/\/qingdaohf.com\/wp-content\/uploads\/2022\/12\/cropped-HF-LOGO.png","contentUrl":"https:\/\/qingdaohf.com\/wp-content\/uploads\/2022\/12\/cropped-HF-LOGO.png","width":391,"height":249,"caption":"Qingdao H&F"},"image":{"@id":"https:\/\/qingdaohf.com\/bg\/#\/schema\/logo\/image\/"},"sameAs":["https:\/\/www.facebook.com\/qingdaohf"]}]}},"_links":{"self":[{"href":"https:\/\/qingdaohf.com\/sk\/wp-json\/wp\/v2\/product\/4271","targetHints":{"allow":["GET"]}}],"collection":[{"href":"https:\/\/qingdaohf.com\/sk\/wp-json\/wp\/v2\/product"}],"about":[{"href":"https:\/\/qingdaohf.com\/sk\/wp-json\/wp\/v2\/types\/product"}],"replies":[{"embeddable":true,"href":"https:\/\/qingdaohf.com\/sk\/wp-json\/wp\/v2\/comments?post=4271"}],"version-history":[{"count":1,"href":"https:\/\/qingdaohf.com\/sk\/wp-json\/wp\/v2\/product\/4271\/revisions"}],"predecessor-version":[{"id":10418,"href":"https:\/\/qingdaohf.com\/sk\/wp-json\/wp\/v2\/product\/4271\/revisions\/10418"}],"wp:featuredmedia":[{"embeddable":true,"href":"https:\/\/qingdaohf.com\/sk\/wp-json\/wp\/v2\/media\/4272"}],"wp:attachment":[{"href":"https:\/\/qingdaohf.com\/sk\/wp-json\/wp\/v2\/media?parent=4271"}],"wp:term":[{"taxonomy":"product_brand","embeddable":true,"href":"https:\/\/qingdaohf.com\/sk\/wp-json\/wp\/v2\/product_brand?post=4271"},{"taxonomy":"product_cat","embeddable":true,"href":"https:\/\/qingdaohf.com\/sk\/wp-json\/wp\/v2\/product_cat?post=4271"},{"taxonomy":"product_tag","embeddable":true,"href":"https:\/\/qingdaohf.com\/sk\/wp-json\/wp\/v2\/product_tag?post=4271"}],"curies":[{"name":"wp","href":"https:\/\/api.w.org\/{rel}","templated":true}]}}