{"id":4275,"date":"2023-06-01T18:03:32","date_gmt":"2023-06-01T10:03:32","guid":{"rendered":"http:\/\/qingdaohf.com\/?post_type=product&#038;p=4275"},"modified":"2025-11-13T09:04:04","modified_gmt":"2025-11-13T01:04:04","slug":"plastic-strip-nail","status":"publish","type":"product","link":"https:\/\/qingdaohf.com\/sk\/produkt\/plastovy-pasikovy-klinec\/","title":{"rendered":"Plastov\u00fd nechtov\u00fd p\u00e1sik"},"content":{"rendered":"<ol>\n<li>Materi\u00e1l: Plastov\u00e9 klince s\u00fa zvy\u010dajne vyroben\u00e9 z vysokokvalitn\u00fdch a odoln\u00fdch plastov\u00fdch materi\u00e1lov, ako je polyetyl\u00e9n alebo polykarbon\u00e1t. Tieto materi\u00e1ly maj\u00fa nieko\u013eko v\u00fdhod vr\u00e1tane odolnosti vo\u010di kor\u00f3zii, kor\u00f3zii a chemik\u00e1li\u00e1m. Plastov\u00e9 p\u00e1sikov\u00e9 klince s\u00fa vhodn\u00e9 najm\u00e4 na pou\u017eitie tam, kde kovov\u00e9 klince m\u00f4\u017eu sp\u00f4sobi\u0165 zafarbenie alebo reagova\u0165 s niektor\u00fdmi materi\u00e1lmi.<\/li>\n<li>Konfigur\u00e1cia p\u00e1su: Na rozdiel od jednotliv\u00fdch klincov alebo klincov v cievkach s\u00fa plastov\u00e9 p\u00e1sov\u00e9 klince spojen\u00e9 do p\u00e1su. T\u00e1to konfigur\u00e1cia p\u00e1sikov umo\u017e\u0148uje jednoduch\u00e9 nakladanie do klincovacej pi\u0161tole a u\u013eah\u010duje r\u00fdchlu a nepretr\u017eit\u00fa stre\u013ebu, \u010d\u00edm sa skracuj\u00fa prestoje pri op\u00e4tovnom nakladan\u00ed. Klince s\u00fa na p\u00e1se rozmiestnen\u00e9 rovnomerne a dr\u017eia spolu pomocou pru\u017en\u00e9ho plastov\u00e9ho p\u00e1su alebo lepidla.<\/li>\n<li>Hrot a stopka: Plastov\u00e9 klince maj\u00fa zvy\u010dajne ostr\u00fd diamantov\u00fd alebo dl\u00e1tovit\u00fd hrot na presn\u00e9 vkladanie do r\u00f4znych materi\u00e1lov. Stopka (telo) klinca je zvy\u010dajne hladk\u00e1 alebo mierne \u0161trukt\u00farovan\u00e1, aby poskytovala dostato\u010dn\u00fa pri\u013enavos\u0165 a silu dr\u017eania.<\/li>\n<li>Ve\u013ekosti a aplik\u00e1cie: Plastov\u00e9 klince s\u00fa k dispoz\u00edcii v r\u00f4znych d\u013a\u017ekach, priemeroch a rozmeroch, aby sa prisp\u00f4sobili r\u00f4znym aplik\u00e1ci\u00e1m. Be\u017ene sa pou\u017e\u00edvaj\u00fa v stavebn\u00edctve na r\u00e1movanie, opl\u00e1\u0161tenie, obkladanie, obklady a v\u0161eobecn\u00e9 tes\u00e1rske pr\u00e1ce. Plastov\u00e9 p\u00e1sikov\u00e9 klince s\u00fa vhodn\u00e9 aj na aplik\u00e1cie, kde sa vy\u017eaduje nekovov\u00fd spojovac\u00ed materi\u00e1l, napr\u00edklad v elektroin\u0161tal\u00e1ci\u00e1ch alebo in\u0161tal\u00e1ci\u00e1ch.<\/li>\n<li>V\u0161estrannos\u0165: Plastov\u00e9 p\u00e1sikov\u00e9 klince mo\u017eno pou\u017ei\u0165 s v\u00e4\u010d\u0161inou pneumatick\u00fdch alebo akumul\u00e1torov\u00fdch pi\u0161to\u013eov\u00fdch klincov, ktor\u00e9 s\u00fa kompatibiln\u00e9 s p\u00e1sikov\u00fdmi klincami. Tieto pi\u0161tole na klince s\u00fa navrhnut\u00e9 tak, aby \u00fa\u010dinne zat\u013akali klince do materi\u00e1lu, v\u010faka \u010domu s\u00fa ide\u00e1lne na ve\u013ekoobjemov\u00e9 projekty a zni\u017euj\u00fa manu\u00e1lnu n\u00e1mahu.<\/li>\n<li>Zn\u00ed\u017eenie \u0161tiepenia a po\u0161kodenia: Plastov\u00fd materi\u00e1l, z ktor\u00e9ho s\u00fa vyroben\u00e9 p\u00e1sov\u00e9 klince, m\u00e1 oproti kovov\u00fdm klincom ur\u010dit\u00e9 v\u00fdhody, najm\u00e4 v pr\u00edpade jemn\u00fdch alebo krehk\u00fdch materi\u00e1lov. Plastov\u00e9 p\u00e1sov\u00e9 klince maj\u00fa men\u0161iu pravdepodobnos\u0165, \u017ee sp\u00f4sobia \u0161tiepenie, praskanie alebo po\u0161kodenie upev\u0148ovan\u00e9ho materi\u00e1lu, \u010do z nich rob\u00ed preferovan\u00fa vo\u013ebu pre aplik\u00e1cie, kde je d\u00f4le\u017eit\u00e9 zachova\u0165 integritu obrobku.<\/li>\n<li>\u0160etrn\u00e9 k \u017eivotn\u00e9mu prostrediu: Plastov\u00e9 klince sa \u010dasto pova\u017euj\u00fa za ekologickej\u0161ie v porovnan\u00ed s kovov\u00fdmi klincami. Plast je recyklovate\u013en\u00fd a d\u00e1 sa op\u00e4tovne pou\u017ei\u0165 alebo pou\u017ei\u0165 na in\u00e9 \u00fa\u010dely, \u010do predstavuje udr\u017eate\u013en\u00fa alternat\u00edvu k tradi\u010dn\u00fdm kovov\u00fdm spojovac\u00edm prvkom.\n<div class=\"ast-oembed-container\" style=\"height: 100%;\"><iframe title=\"klince na r\u00e1movanie 21 stup\u0148ov plastov\u00fd klinec\" width=\"500\" height=\"281\" src=\"https:\/\/www.youtube.com\/embed\/Y3yTImnWLqU?feature=oembed\" frameborder=\"0\" allow=\"accelerometer; autoplay; clipboard-write; encrypted-media; gyroscope; picture-in-picture; web-share\" referrerpolicy=\"strict-origin-when-cross-origin\" allowfullscreen><\/iframe><\/div>\n<\/li>\n<\/ol>","protected":false},"excerpt":{"rendered":"<p>Plastov\u00e9 p\u00e1skov\u00e9 klince predstavuj\u00fa spo\u013eahliv\u00e9 a pohodln\u00e9 upev\u0148ovacie rie\u0161enie pre \u0161irok\u00fa \u0161k\u00e1lu aplik\u00e1ci\u00ed. V\u010faka p\u00e1skovej konfigur\u00e1cii, kompatibilite s klincova\u010dkami a v\u0161estrannosti s\u00fa ob\u013e\u00faben\u00e9 medzi profesion\u00e1lmi v stavebn\u00edctve a drevospracuj\u00facom priemysle. Okrem toho ich nekovov\u00e9 zlo\u017eenie a zn\u00ed\u017een\u00e9 riziko po\u0161kodenia materi\u00e1lov ich predur\u010duje na \u0161pecializovan\u00e9 aplik\u00e1cie, kde kovov\u00e9 klince nemusia by\u0165 ide\u00e1lne.<\/p>","protected":false},"featured_media":4276,"comment_status":"open","ping_status":"closed","template":"","meta":{"site-sidebar-layout":"default","site-content-layout":"default","ast-site-content-layout":"","site-content-style":"default","site-sidebar-style":"default","ast-global-header-display":"","ast-banner-title-visibility":"","ast-main-header-display":"","ast-hfb-above-header-display":"","ast-hfb-below-header-display":"","ast-hfb-mobile-header-display":"","site-post-title":"","ast-breadcrumbs-content":"","ast-featured-img":"","footer-sml-layout":"","theme-transparent-header-meta":"default","adv-header-id-meta":"","stick-header-meta":"default","header-above-stick-meta":"","header-main-stick-meta":"","header-below-stick-meta":"","astra-migrate-meta-layouts":"default","ast-page-background-enabled":"default","ast-page-background-meta":{"desktop":{"background-color":"","background-image":"","background-repeat":"repeat","background-position":"center center","background-size":"auto","background-attachment":"scroll","background-type":"","background-media":"","overlay-type":"","overlay-color":"","overlay-opacity":"","overlay-gradient":""},"tablet":{"background-color":"","background-image":"","background-repeat":"repeat","background-position":"center center","background-size":"auto","background-attachment":"scroll","background-type":"","background-media":"","overlay-type":"","overlay-color":"","overlay-opacity":"","overlay-gradient":""},"mobile":{"background-color":"","background-image":"","background-repeat":"repeat","background-position":"center center","background-size":"auto","background-attachment":"scroll","background-type":"","background-media":"","overlay-type":"","overlay-color":"","overlay-opacity":"","overlay-gradient":""}},"ast-content-background-meta":{"desktop":{"background-color":"var(--ast-global-color-5)","background-image":"","background-repeat":"repeat","background-position":"center center","background-size":"auto","background-attachment":"scroll","background-type":"","background-media":"","overlay-type":"","overlay-color":"","overlay-opacity":"","overlay-gradient":""},"tablet":{"background-color":"var(--ast-global-color-5)","background-image":"","background-repeat":"repeat","background-position":"center center","background-size":"auto","background-attachment":"scroll","background-type":"","background-media":"","overlay-type":"","overlay-color":"","overlay-opacity":"","overlay-gradient":""},"mobile":{"background-color":"var(--ast-global-color-5)","background-image":"","background-repeat":"repeat","background-position":"center center","background-size":"auto","background-attachment":"scroll","background-type":"","background-media":"","overlay-type":"","overlay-color":"","overlay-opacity":"","overlay-gradient":""}}},"product_brand":[],"product_cat":[34,43],"product_tag":[],"class_list":{"0":"post-4275","1":"product","2":"type-product","3":"status-publish","4":"has-post-thumbnail","6":"product_cat-nail","7":"product_cat-rigging-hardware","8":"desktop-align-left","9":"tablet-align-left","10":"mobile-align-left","11":"ast-product-gallery-layout-horizontal-slider","12":"ast-product-tabs-layout-horizontal","14":"first","15":"instock","16":"shipping-taxable","17":"purchasable","18":"product-type-simple"},"yoast_head":"<!-- This site is optimized with the Yoast SEO plugin v25.2 - https:\/\/yoast.com\/wordpress\/plugins\/seo\/ -->\n<title>Plastic Strip Nail<\/title>\n<meta name=\"description\" content=\"Plastic strip nails provide a reliable and convenient fastening solution for a wide range of applications.\" \/>\n<meta name=\"robots\" content=\"index, follow, max-snippet:-1, max-image-preview:large, max-video-preview:-1\" \/>\n<link rel=\"canonical\" href=\"https:\/\/qingdaohf.com\/sk\/produkt\/plastovy-pasikovy-klinec\/\" \/>\n<meta property=\"og:locale\" content=\"sk_SK\" \/>\n<meta property=\"og:type\" content=\"article\" \/>\n<meta property=\"og:title\" content=\"Plastic Strip Nail\" \/>\n<meta property=\"og:description\" content=\"Plastic strip nails provide a reliable and convenient fastening solution for a wide range of applications.\" \/>\n<meta property=\"og:url\" content=\"https:\/\/qingdaohf.com\/sk\/produkt\/plastovy-pasikovy-klinec\/\" \/>\n<meta property=\"og:site_name\" content=\"Concrete Form &amp; Rigging Hardware Supplier\" \/>\n<meta property=\"article:publisher\" content=\"https:\/\/www.facebook.com\/qingdaohf\" \/>\n<meta property=\"article:modified_time\" content=\"2025-11-13T01:04:04+00:00\" \/>\n<meta property=\"og:image\" content=\"https:\/\/qingdaohf.com\/wp-content\/uploads\/2023\/06\/plastic-nail-1.jpg\" \/>\n\t<meta property=\"og:image:width\" content=\"1000\" \/>\n\t<meta property=\"og:image:height\" content=\"1000\" \/>\n\t<meta property=\"og:image:type\" content=\"image\/jpeg\" \/>\n<meta name=\"twitter:card\" content=\"summary_large_image\" \/>\n<meta name=\"twitter:label1\" content=\"Predpokladan\u00fd \u010das \u010d\u00edtania\" \/>\n\t<meta name=\"twitter:data1\" content=\"2 min\u00faty\" \/>\n<script type=\"application\/ld+json\" class=\"yoast-schema-graph\">{\"@context\":\"https:\/\/schema.org\",\"@graph\":[{\"@type\":\"WebPage\",\"@id\":\"https:\/\/qingdaohf.com\/product\/plastic-strip-nail\/\",\"url\":\"https:\/\/qingdaohf.com\/product\/plastic-strip-nail\/\",\"name\":\"Plastic Strip Nail\",\"isPartOf\":{\"@id\":\"https:\/\/qingdaohf.com\/bg\/#website\"},\"primaryImageOfPage\":{\"@id\":\"https:\/\/qingdaohf.com\/product\/plastic-strip-nail\/#primaryimage\"},\"image\":{\"@id\":\"https:\/\/qingdaohf.com\/product\/plastic-strip-nail\/#primaryimage\"},\"thumbnailUrl\":\"https:\/\/qingdaohf.com\/wp-content\/uploads\/2023\/06\/plastic-nail-1.jpg\",\"datePublished\":\"2023-06-01T10:03:32+00:00\",\"dateModified\":\"2025-11-13T01:04:04+00:00\",\"description\":\"Plastic strip nails provide a reliable and convenient fastening solution for a wide range of applications.\",\"breadcrumb\":{\"@id\":\"https:\/\/qingdaohf.com\/product\/plastic-strip-nail\/#breadcrumb\"},\"inLanguage\":\"sk-SK\",\"potentialAction\":[{\"@type\":\"ReadAction\",\"target\":[\"https:\/\/qingdaohf.com\/product\/plastic-strip-nail\/\"]}]},{\"@type\":\"ImageObject\",\"inLanguage\":\"sk-SK\",\"@id\":\"https:\/\/qingdaohf.com\/product\/plastic-strip-nail\/#primaryimage\",\"url\":\"https:\/\/qingdaohf.com\/wp-content\/uploads\/2023\/06\/plastic-nail-1.jpg\",\"contentUrl\":\"https:\/\/qingdaohf.com\/wp-content\/uploads\/2023\/06\/plastic-nail-1.jpg\",\"width\":1000,\"height\":1000,\"caption\":\"plastic strip nail\"},{\"@type\":\"BreadcrumbList\",\"@id\":\"https:\/\/qingdaohf.com\/product\/plastic-strip-nail\/#breadcrumb\",\"itemListElement\":[{\"@type\":\"ListItem\",\"position\":1,\"name\":\"Home\",\"item\":\"https:\/\/qingdaohf.com\/\"},{\"@type\":\"ListItem\",\"position\":2,\"name\":\"Concrete Forming Accessories and Rigging Hardware\",\"item\":\"https:\/\/qingdaohf.com\/bg\/?page_id=944\"},{\"@type\":\"ListItem\",\"position\":3,\"name\":\"Plastic Strip Nail\"}]},{\"@type\":\"WebSite\",\"@id\":\"https:\/\/qingdaohf.com\/bg\/#website\",\"url\":\"https:\/\/qingdaohf.com\/bg\/\",\"name\":\"Concrete Form & Rigging Hardware Supplier\",\"description\":\"\",\"publisher\":{\"@id\":\"https:\/\/qingdaohf.com\/bg\/#organization\"},\"potentialAction\":[{\"@type\":\"SearchAction\",\"target\":{\"@type\":\"EntryPoint\",\"urlTemplate\":\"https:\/\/qingdaohf.com\/bg\/?s={search_term_string}\"},\"query-input\":{\"@type\":\"PropertyValueSpecification\",\"valueRequired\":true,\"valueName\":\"search_term_string\"}}],\"inLanguage\":\"sk-SK\"},{\"@type\":\"Organization\",\"@id\":\"https:\/\/qingdaohf.com\/bg\/#organization\",\"name\":\"Qingdao H&F\",\"url\":\"https:\/\/qingdaohf.com\/bg\/\",\"logo\":{\"@type\":\"ImageObject\",\"inLanguage\":\"sk-SK\",\"@id\":\"https:\/\/qingdaohf.com\/bg\/#\/schema\/logo\/image\/\",\"url\":\"https:\/\/qingdaohf.com\/wp-content\/uploads\/2022\/12\/cropped-HF-LOGO.png\",\"contentUrl\":\"https:\/\/qingdaohf.com\/wp-content\/uploads\/2022\/12\/cropped-HF-LOGO.png\",\"width\":391,\"height\":249,\"caption\":\"Qingdao H&F\"},\"image\":{\"@id\":\"https:\/\/qingdaohf.com\/bg\/#\/schema\/logo\/image\/\"},\"sameAs\":[\"https:\/\/www.facebook.com\/qingdaohf\"]}]}<\/script>\n<!-- \/ Yoast SEO plugin. -->","yoast_head_json":{"title":"Plastic Strip Nail","description":"Plastic strip nails provide a reliable and convenient fastening solution for a wide range of applications.","robots":{"index":"index","follow":"follow","max-snippet":"max-snippet:-1","max-image-preview":"max-image-preview:large","max-video-preview":"max-video-preview:-1"},"canonical":"https:\/\/qingdaohf.com\/sk\/produkt\/plastovy-pasikovy-klinec\/","og_locale":"sk_SK","og_type":"article","og_title":"Plastic Strip Nail","og_description":"Plastic strip nails provide a reliable and convenient fastening solution for a wide range of applications.","og_url":"https:\/\/qingdaohf.com\/sk\/produkt\/plastovy-pasikovy-klinec\/","og_site_name":"Concrete Form &amp; Rigging Hardware Supplier","article_publisher":"https:\/\/www.facebook.com\/qingdaohf","article_modified_time":"2025-11-13T01:04:04+00:00","og_image":[{"width":1000,"height":1000,"url":"https:\/\/qingdaohf.com\/wp-content\/uploads\/2023\/06\/plastic-nail-1.jpg","type":"image\/jpeg"}],"twitter_card":"summary_large_image","twitter_misc":{"Predpokladan\u00fd \u010das \u010d\u00edtania":"2 min\u00faty"},"schema":{"@context":"https:\/\/schema.org","@graph":[{"@type":"WebPage","@id":"https:\/\/qingdaohf.com\/product\/plastic-strip-nail\/","url":"https:\/\/qingdaohf.com\/product\/plastic-strip-nail\/","name":"Plastic Strip Nail","isPartOf":{"@id":"https:\/\/qingdaohf.com\/bg\/#website"},"primaryImageOfPage":{"@id":"https:\/\/qingdaohf.com\/product\/plastic-strip-nail\/#primaryimage"},"image":{"@id":"https:\/\/qingdaohf.com\/product\/plastic-strip-nail\/#primaryimage"},"thumbnailUrl":"https:\/\/qingdaohf.com\/wp-content\/uploads\/2023\/06\/plastic-nail-1.jpg","datePublished":"2023-06-01T10:03:32+00:00","dateModified":"2025-11-13T01:04:04+00:00","description":"Plastic strip nails provide a reliable and convenient fastening solution for a wide range of applications.","breadcrumb":{"@id":"https:\/\/qingdaohf.com\/product\/plastic-strip-nail\/#breadcrumb"},"inLanguage":"sk-SK","potentialAction":[{"@type":"ReadAction","target":["https:\/\/qingdaohf.com\/product\/plastic-strip-nail\/"]}]},{"@type":"ImageObject","inLanguage":"sk-SK","@id":"https:\/\/qingdaohf.com\/product\/plastic-strip-nail\/#primaryimage","url":"https:\/\/qingdaohf.com\/wp-content\/uploads\/2023\/06\/plastic-nail-1.jpg","contentUrl":"https:\/\/qingdaohf.com\/wp-content\/uploads\/2023\/06\/plastic-nail-1.jpg","width":1000,"height":1000,"caption":"plastic strip nail"},{"@type":"BreadcrumbList","@id":"https:\/\/qingdaohf.com\/product\/plastic-strip-nail\/#breadcrumb","itemListElement":[{"@type":"ListItem","position":1,"name":"Home","item":"https:\/\/qingdaohf.com\/"},{"@type":"ListItem","position":2,"name":"Concrete Forming Accessories and Rigging Hardware","item":"https:\/\/qingdaohf.com\/bg\/?page_id=944"},{"@type":"ListItem","position":3,"name":"Plastic Strip Nail"}]},{"@type":"WebSite","@id":"https:\/\/qingdaohf.com\/bg\/#website","url":"https:\/\/qingdaohf.com\/bg\/","name":"Concrete Form & Rigging Hardware Supplier","description":"","publisher":{"@id":"https:\/\/qingdaohf.com\/bg\/#organization"},"potentialAction":[{"@type":"SearchAction","target":{"@type":"EntryPoint","urlTemplate":"https:\/\/qingdaohf.com\/bg\/?s={search_term_string}"},"query-input":{"@type":"PropertyValueSpecification","valueRequired":true,"valueName":"search_term_string"}}],"inLanguage":"sk-SK"},{"@type":"Organization","@id":"https:\/\/qingdaohf.com\/bg\/#organization","name":"Qingdao H&F","url":"https:\/\/qingdaohf.com\/bg\/","logo":{"@type":"ImageObject","inLanguage":"sk-SK","@id":"https:\/\/qingdaohf.com\/bg\/#\/schema\/logo\/image\/","url":"https:\/\/qingdaohf.com\/wp-content\/uploads\/2022\/12\/cropped-HF-LOGO.png","contentUrl":"https:\/\/qingdaohf.com\/wp-content\/uploads\/2022\/12\/cropped-HF-LOGO.png","width":391,"height":249,"caption":"Qingdao H&F"},"image":{"@id":"https:\/\/qingdaohf.com\/bg\/#\/schema\/logo\/image\/"},"sameAs":["https:\/\/www.facebook.com\/qingdaohf"]}]}},"_links":{"self":[{"href":"https:\/\/qingdaohf.com\/sk\/wp-json\/wp\/v2\/product\/4275","targetHints":{"allow":["GET"]}}],"collection":[{"href":"https:\/\/qingdaohf.com\/sk\/wp-json\/wp\/v2\/product"}],"about":[{"href":"https:\/\/qingdaohf.com\/sk\/wp-json\/wp\/v2\/types\/product"}],"replies":[{"embeddable":true,"href":"https:\/\/qingdaohf.com\/sk\/wp-json\/wp\/v2\/comments?post=4275"}],"version-history":[{"count":1,"href":"https:\/\/qingdaohf.com\/sk\/wp-json\/wp\/v2\/product\/4275\/revisions"}],"predecessor-version":[{"id":10417,"href":"https:\/\/qingdaohf.com\/sk\/wp-json\/wp\/v2\/product\/4275\/revisions\/10417"}],"wp:featuredmedia":[{"embeddable":true,"href":"https:\/\/qingdaohf.com\/sk\/wp-json\/wp\/v2\/media\/4276"}],"wp:attachment":[{"href":"https:\/\/qingdaohf.com\/sk\/wp-json\/wp\/v2\/media?parent=4275"}],"wp:term":[{"taxonomy":"product_brand","embeddable":true,"href":"https:\/\/qingdaohf.com\/sk\/wp-json\/wp\/v2\/product_brand?post=4275"},{"taxonomy":"product_cat","embeddable":true,"href":"https:\/\/qingdaohf.com\/sk\/wp-json\/wp\/v2\/product_cat?post=4275"},{"taxonomy":"product_tag","embeddable":true,"href":"https:\/\/qingdaohf.com\/sk\/wp-json\/wp\/v2\/product_tag?post=4275"}],"curies":[{"name":"wp","href":"https:\/\/api.w.org\/{rel}","templated":true}]}}