{"id":4285,"date":"2023-06-01T18:22:11","date_gmt":"2023-06-01T10:22:11","guid":{"rendered":"http:\/\/qingdaohf.com\/?post_type=product&#038;p=4285"},"modified":"2025-11-13T09:04:04","modified_gmt":"2025-11-13T01:04:04","slug":"plastic-coil-nail-plastic-collated-coil-nails","status":"publish","type":"product","link":"https:\/\/qingdaohf.com\/sk\/produkt\/plastovy-klinec-plastovy-klinec-so-zvinutym-klincom\/","title":{"rendered":"Plastov\u00e9 klince so zvitkom Plastov\u00e9 klince so zvitkom"},"content":{"rendered":"<ol>\n<li>Kon\u0161trukcia: H\u0159eb\u00edky s plastov\u00fdm zvitkom sa skladaj\u00fa z nepretr\u017eit\u00e9ho zvitku klincov spojen\u00fdch pru\u017en\u00fdm plastov\u00fdm p\u00e1som. Plastov\u00fd p\u00e1sik sl\u00fa\u017ei ako nosi\u010d klincov, \u010do umo\u017e\u0148uje ich efekt\u00edvne vkladanie do klincovacej pi\u0161tole ur\u010denej na klince v tvare zvitku.<\/li>\n<li>Zlo\u017eenie z plastu: Plastov\u00fd p\u00e1sik dr\u017e\u00ed klince pohromade v line\u00e1rnom usporiadan\u00ed, \u010d\u00edm zabezpe\u010duje hladk\u00e9 a konzistentn\u00e9 vkladanie do pi\u0161tole na klince. Kol\u00edska je zvy\u010dajne vyroben\u00e1 z vysokokvalitn\u00e9ho, odoln\u00e9ho plastov\u00e9ho materi\u00e1lu, ktor\u00fd pon\u00faka v\u00fdhody, ako je odolnos\u0165 proti kor\u00f3zii, hrdzi a vlhkosti.<\/li>\n<li>Tvar cievky: H\u0159eb\u00edky v plastovej cievke s\u00fa tvarovan\u00e9 do tvaru cievky, \u010do poskytuje vysok\u00fa kapacitu h\u0159eb\u00edkov v kompaktnom balen\u00ed. To umo\u017e\u0148uje dlh\u0161ie upev\u0148ovanie bez potreby \u010dast\u00e9ho nab\u00edjania, \u010do vedie k vy\u0161\u0161ej produktivite a skr\u00e1teniu prestojov.<\/li>\n<li>Kompatibilita: Pneumatick\u00e9 pi\u0161tole na klince \u0161peci\u00e1lne navrhnut\u00e9 pre tento typ spojovac\u00edch materi\u00e1lov s\u00fa kompatibiln\u00e9 s plastov\u00fdmi klincami. Tieto pi\u0161tole pou\u017e\u00edvaj\u00fa stla\u010den\u00fd vzduch na r\u00fdchle a \u00fa\u010dinn\u00e9 zat\u013akanie klincov do materi\u00e1lu.<\/li>\n<li>Aplik\u00e1cie: H\u0159eb\u00edky s plastov\u00fdm jadrom sa be\u017ene pou\u017e\u00edvaj\u00fa v r\u00f4znych stavebn\u00fdch aplik\u00e1ci\u00e1ch vr\u00e1tane r\u00e1movania, opl\u00e1\u0161tenia, paluboviek, obkladov a v\u0161eobecn\u00fdch tes\u00e1rskych pr\u00e1c. Pon\u00fakaj\u00fa vynikaj\u00facu pr\u00eddr\u017en\u00fa silu a s\u00fa vhodn\u00e9 na ve\u013ekoobjemov\u00e9 projekty, kde sa vy\u017eaduje efekt\u00edvne a spo\u013eahliv\u00e9 upev\u0148ovanie.<\/li>\n<li>Zn\u00ed\u017eenie ru\u0161enia: Plastov\u00e1 kol\u00edzia minimalizuje riziko zaseknutia alebo nespr\u00e1vneho v\u00fdstrelu v pi\u0161toli na klince, \u010do vedie k plynulej\u0161ej prev\u00e1dzke a vy\u0161\u0161ej produktivite.<\/li>\n<li>V\u0161estrannos\u0165: H\u0159eb\u00edky s plastovou cievkou s\u00fa k dispoz\u00edcii v r\u00f4znych d\u013a\u017ekach, priemeroch a rozmeroch, aby sa prisp\u00f4sobili r\u00f4znym aplik\u00e1ci\u00e1m. M\u00f4\u017eu sa pou\u017e\u00edva\u0165 v interi\u00e9roch aj exteri\u00e9roch a s\u00fa vhodn\u00e9 pre \u0161irok\u00fa \u0161k\u00e1lu materi\u00e1lov vr\u00e1tane dreva, preglejky a niektor\u00fdch typov kompozitn\u00fdch materi\u00e1lov.<\/li>\n<\/ol>\n<div class=\"ast-oembed-container\" style=\"height: 100%;\"><iframe title=\"Plastov\u00e9 klince so zvitkom Plastov\u00e9 klince so zvitkom\" width=\"500\" height=\"281\" src=\"https:\/\/www.youtube.com\/embed\/KI31oh39oO8?feature=oembed\" frameborder=\"0\" allow=\"accelerometer; autoplay; clipboard-write; encrypted-media; gyroscope; picture-in-picture; web-share\" referrerpolicy=\"strict-origin-when-cross-origin\" allowfullscreen><\/iframe><\/div>","protected":false},"excerpt":{"rendered":"<p>Plastov\u00e9 klince v tvare zvitku poskytuj\u00fa rovnov\u00e1hu medzi pohodl\u00edm plastov\u00e9ho zvitku a v\u00fdkonnos\u0165ou klincov v tvare zvitku. Ich plastov\u00e9 p\u00e1skov\u00e9 kol\u00edkovanie pon\u00faka efekt\u00edvne nakladanie a konzistentn\u00e9 pod\u00e1vanie, zatia\u013e \u010do tvar cievky poskytuje zv\u00fd\u0161en\u00fa kapacitu klincov. V\u010faka tomu s\u00fa ob\u013e\u00fabenou vo\u013ebou pre profesion\u00e1lov v stavebn\u00edctve a tes\u00e1rstve, ktor\u00ed vy\u017eaduj\u00fa spo\u013eahliv\u00e9 a \u00fa\u010dinn\u00e9 rie\u0161enia upev\u0148ovania.<\/p>","protected":false},"featured_media":4286,"comment_status":"open","ping_status":"closed","template":"","meta":{"site-sidebar-layout":"default","site-content-layout":"default","ast-site-content-layout":"","site-content-style":"default","site-sidebar-style":"default","ast-global-header-display":"","ast-banner-title-visibility":"","ast-main-header-display":"","ast-hfb-above-header-display":"","ast-hfb-below-header-display":"","ast-hfb-mobile-header-display":"","site-post-title":"","ast-breadcrumbs-content":"","ast-featured-img":"","footer-sml-layout":"","theme-transparent-header-meta":"default","adv-header-id-meta":"","stick-header-meta":"default","header-above-stick-meta":"","header-main-stick-meta":"","header-below-stick-meta":"","astra-migrate-meta-layouts":"default","ast-page-background-enabled":"default","ast-page-background-meta":{"desktop":{"background-color":"","background-image":"","background-repeat":"repeat","background-position":"center center","background-size":"auto","background-attachment":"scroll","background-type":"","background-media":"","overlay-type":"","overlay-color":"","overlay-opacity":"","overlay-gradient":""},"tablet":{"background-color":"","background-image":"","background-repeat":"repeat","background-position":"center center","background-size":"auto","background-attachment":"scroll","background-type":"","background-media":"","overlay-type":"","overlay-color":"","overlay-opacity":"","overlay-gradient":""},"mobile":{"background-color":"","background-image":"","background-repeat":"repeat","background-position":"center center","background-size":"auto","background-attachment":"scroll","background-type":"","background-media":"","overlay-type":"","overlay-color":"","overlay-opacity":"","overlay-gradient":""}},"ast-content-background-meta":{"desktop":{"background-color":"var(--ast-global-color-5)","background-image":"","background-repeat":"repeat","background-position":"center center","background-size":"auto","background-attachment":"scroll","background-type":"","background-media":"","overlay-type":"","overlay-color":"","overlay-opacity":"","overlay-gradient":""},"tablet":{"background-color":"var(--ast-global-color-5)","background-image":"","background-repeat":"repeat","background-position":"center center","background-size":"auto","background-attachment":"scroll","background-type":"","background-media":"","overlay-type":"","overlay-color":"","overlay-opacity":"","overlay-gradient":""},"mobile":{"background-color":"var(--ast-global-color-5)","background-image":"","background-repeat":"repeat","background-position":"center center","background-size":"auto","background-attachment":"scroll","background-type":"","background-media":"","overlay-type":"","overlay-color":"","overlay-opacity":"","overlay-gradient":""}}},"product_brand":[],"product_cat":[34,43],"product_tag":[],"class_list":{"0":"post-4285","1":"product","2":"type-product","3":"status-publish","4":"has-post-thumbnail","6":"product_cat-nail","7":"product_cat-rigging-hardware","8":"desktop-align-left","9":"tablet-align-left","10":"mobile-align-left","11":"ast-product-gallery-layout-horizontal-slider","12":"ast-product-tabs-layout-horizontal","14":"first","15":"instock","16":"shipping-taxable","17":"purchasable","18":"product-type-simple"},"yoast_head":"<!-- This site is optimized with the Yoast SEO plugin v25.2 - https:\/\/yoast.com\/wordpress\/plugins\/seo\/ -->\n<title>Plastic Coil Nail Plastic-Collated Coil Nails<\/title>\n<meta name=\"description\" content=\"Plastic-collated coil nails provide a balance between the convenience of plastic collation and the performance of coil nails.\" \/>\n<meta name=\"robots\" content=\"index, follow, max-snippet:-1, max-image-preview:large, max-video-preview:-1\" \/>\n<link rel=\"canonical\" href=\"https:\/\/qingdaohf.com\/sk\/produkt\/plastovy-klinec-plastovy-klinec-so-zvinutym-klincom\/\" \/>\n<meta property=\"og:locale\" content=\"sk_SK\" \/>\n<meta property=\"og:type\" content=\"article\" \/>\n<meta property=\"og:title\" content=\"Plastic Coil Nail Plastic-Collated Coil Nails\" \/>\n<meta property=\"og:description\" content=\"Plastic-collated coil nails provide a balance between the convenience of plastic collation and the performance of coil nails.\" \/>\n<meta property=\"og:url\" content=\"https:\/\/qingdaohf.com\/sk\/produkt\/plastovy-klinec-plastovy-klinec-so-zvinutym-klincom\/\" \/>\n<meta property=\"og:site_name\" content=\"Concrete Form &amp; Rigging Hardware Supplier\" \/>\n<meta property=\"article:publisher\" content=\"https:\/\/www.facebook.com\/qingdaohf\" \/>\n<meta property=\"article:modified_time\" content=\"2025-11-13T01:04:04+00:00\" \/>\n<meta property=\"og:image\" content=\"https:\/\/qingdaohf.com\/wp-content\/uploads\/2023\/06\/plastic-coil-nail-2.jpg\" \/>\n\t<meta property=\"og:image:width\" content=\"1000\" \/>\n\t<meta property=\"og:image:height\" content=\"1000\" \/>\n\t<meta property=\"og:image:type\" content=\"image\/jpeg\" \/>\n<meta name=\"twitter:card\" content=\"summary_large_image\" \/>\n<meta name=\"twitter:label1\" content=\"Predpokladan\u00fd \u010das \u010d\u00edtania\" \/>\n\t<meta name=\"twitter:data1\" content=\"2 min\u00faty\" \/>\n<script type=\"application\/ld+json\" class=\"yoast-schema-graph\">{\"@context\":\"https:\/\/schema.org\",\"@graph\":[{\"@type\":\"WebPage\",\"@id\":\"https:\/\/qingdaohf.com\/product\/plastic-coil-nail-plastic-collated-coil-nails\/\",\"url\":\"https:\/\/qingdaohf.com\/product\/plastic-coil-nail-plastic-collated-coil-nails\/\",\"name\":\"Plastic Coil Nail Plastic-Collated Coil Nails\",\"isPartOf\":{\"@id\":\"https:\/\/qingdaohf.com\/bg\/#website\"},\"primaryImageOfPage\":{\"@id\":\"https:\/\/qingdaohf.com\/product\/plastic-coil-nail-plastic-collated-coil-nails\/#primaryimage\"},\"image\":{\"@id\":\"https:\/\/qingdaohf.com\/product\/plastic-coil-nail-plastic-collated-coil-nails\/#primaryimage\"},\"thumbnailUrl\":\"https:\/\/qingdaohf.com\/wp-content\/uploads\/2023\/06\/plastic-coil-nail-2.jpg\",\"datePublished\":\"2023-06-01T10:22:11+00:00\",\"dateModified\":\"2025-11-13T01:04:04+00:00\",\"description\":\"Plastic-collated coil nails provide a balance between the convenience of plastic collation and the performance of coil nails.\",\"breadcrumb\":{\"@id\":\"https:\/\/qingdaohf.com\/product\/plastic-coil-nail-plastic-collated-coil-nails\/#breadcrumb\"},\"inLanguage\":\"sk-SK\",\"potentialAction\":[{\"@type\":\"ReadAction\",\"target\":[\"https:\/\/qingdaohf.com\/product\/plastic-coil-nail-plastic-collated-coil-nails\/\"]}]},{\"@type\":\"ImageObject\",\"inLanguage\":\"sk-SK\",\"@id\":\"https:\/\/qingdaohf.com\/product\/plastic-coil-nail-plastic-collated-coil-nails\/#primaryimage\",\"url\":\"https:\/\/qingdaohf.com\/wp-content\/uploads\/2023\/06\/plastic-coil-nail-2.jpg\",\"contentUrl\":\"https:\/\/qingdaohf.com\/wp-content\/uploads\/2023\/06\/plastic-coil-nail-2.jpg\",\"width\":1000,\"height\":1000,\"caption\":\"plastic coil nail\"},{\"@type\":\"BreadcrumbList\",\"@id\":\"https:\/\/qingdaohf.com\/product\/plastic-coil-nail-plastic-collated-coil-nails\/#breadcrumb\",\"itemListElement\":[{\"@type\":\"ListItem\",\"position\":1,\"name\":\"Home\",\"item\":\"https:\/\/qingdaohf.com\/\"},{\"@type\":\"ListItem\",\"position\":2,\"name\":\"Concrete Forming Accessories and Rigging Hardware\",\"item\":\"https:\/\/qingdaohf.com\/bg\/?page_id=944\"},{\"@type\":\"ListItem\",\"position\":3,\"name\":\"Plastic Coil Nail Plastic-Collated Coil Nails\"}]},{\"@type\":\"WebSite\",\"@id\":\"https:\/\/qingdaohf.com\/bg\/#website\",\"url\":\"https:\/\/qingdaohf.com\/bg\/\",\"name\":\"Concrete Form & Rigging Hardware Supplier\",\"description\":\"\",\"publisher\":{\"@id\":\"https:\/\/qingdaohf.com\/bg\/#organization\"},\"potentialAction\":[{\"@type\":\"SearchAction\",\"target\":{\"@type\":\"EntryPoint\",\"urlTemplate\":\"https:\/\/qingdaohf.com\/bg\/?s={search_term_string}\"},\"query-input\":{\"@type\":\"PropertyValueSpecification\",\"valueRequired\":true,\"valueName\":\"search_term_string\"}}],\"inLanguage\":\"sk-SK\"},{\"@type\":\"Organization\",\"@id\":\"https:\/\/qingdaohf.com\/bg\/#organization\",\"name\":\"Qingdao H&F\",\"url\":\"https:\/\/qingdaohf.com\/bg\/\",\"logo\":{\"@type\":\"ImageObject\",\"inLanguage\":\"sk-SK\",\"@id\":\"https:\/\/qingdaohf.com\/bg\/#\/schema\/logo\/image\/\",\"url\":\"https:\/\/qingdaohf.com\/wp-content\/uploads\/2022\/12\/cropped-HF-LOGO.png\",\"contentUrl\":\"https:\/\/qingdaohf.com\/wp-content\/uploads\/2022\/12\/cropped-HF-LOGO.png\",\"width\":391,\"height\":249,\"caption\":\"Qingdao H&F\"},\"image\":{\"@id\":\"https:\/\/qingdaohf.com\/bg\/#\/schema\/logo\/image\/\"},\"sameAs\":[\"https:\/\/www.facebook.com\/qingdaohf\"]}]}<\/script>\n<!-- \/ Yoast SEO plugin. -->","yoast_head_json":{"title":"Plastic Coil Nail Plastic-Collated Coil Nails","description":"Plastic-collated coil nails provide a balance between the convenience of plastic collation and the performance of coil nails.","robots":{"index":"index","follow":"follow","max-snippet":"max-snippet:-1","max-image-preview":"max-image-preview:large","max-video-preview":"max-video-preview:-1"},"canonical":"https:\/\/qingdaohf.com\/sk\/produkt\/plastovy-klinec-plastovy-klinec-so-zvinutym-klincom\/","og_locale":"sk_SK","og_type":"article","og_title":"Plastic Coil Nail Plastic-Collated Coil Nails","og_description":"Plastic-collated coil nails provide a balance between the convenience of plastic collation and the performance of coil nails.","og_url":"https:\/\/qingdaohf.com\/sk\/produkt\/plastovy-klinec-plastovy-klinec-so-zvinutym-klincom\/","og_site_name":"Concrete Form &amp; Rigging Hardware Supplier","article_publisher":"https:\/\/www.facebook.com\/qingdaohf","article_modified_time":"2025-11-13T01:04:04+00:00","og_image":[{"width":1000,"height":1000,"url":"https:\/\/qingdaohf.com\/wp-content\/uploads\/2023\/06\/plastic-coil-nail-2.jpg","type":"image\/jpeg"}],"twitter_card":"summary_large_image","twitter_misc":{"Predpokladan\u00fd \u010das \u010d\u00edtania":"2 min\u00faty"},"schema":{"@context":"https:\/\/schema.org","@graph":[{"@type":"WebPage","@id":"https:\/\/qingdaohf.com\/product\/plastic-coil-nail-plastic-collated-coil-nails\/","url":"https:\/\/qingdaohf.com\/product\/plastic-coil-nail-plastic-collated-coil-nails\/","name":"Plastic Coil Nail Plastic-Collated Coil Nails","isPartOf":{"@id":"https:\/\/qingdaohf.com\/bg\/#website"},"primaryImageOfPage":{"@id":"https:\/\/qingdaohf.com\/product\/plastic-coil-nail-plastic-collated-coil-nails\/#primaryimage"},"image":{"@id":"https:\/\/qingdaohf.com\/product\/plastic-coil-nail-plastic-collated-coil-nails\/#primaryimage"},"thumbnailUrl":"https:\/\/qingdaohf.com\/wp-content\/uploads\/2023\/06\/plastic-coil-nail-2.jpg","datePublished":"2023-06-01T10:22:11+00:00","dateModified":"2025-11-13T01:04:04+00:00","description":"Plastic-collated coil nails provide a balance between the convenience of plastic collation and the performance of coil nails.","breadcrumb":{"@id":"https:\/\/qingdaohf.com\/product\/plastic-coil-nail-plastic-collated-coil-nails\/#breadcrumb"},"inLanguage":"sk-SK","potentialAction":[{"@type":"ReadAction","target":["https:\/\/qingdaohf.com\/product\/plastic-coil-nail-plastic-collated-coil-nails\/"]}]},{"@type":"ImageObject","inLanguage":"sk-SK","@id":"https:\/\/qingdaohf.com\/product\/plastic-coil-nail-plastic-collated-coil-nails\/#primaryimage","url":"https:\/\/qingdaohf.com\/wp-content\/uploads\/2023\/06\/plastic-coil-nail-2.jpg","contentUrl":"https:\/\/qingdaohf.com\/wp-content\/uploads\/2023\/06\/plastic-coil-nail-2.jpg","width":1000,"height":1000,"caption":"plastic coil nail"},{"@type":"BreadcrumbList","@id":"https:\/\/qingdaohf.com\/product\/plastic-coil-nail-plastic-collated-coil-nails\/#breadcrumb","itemListElement":[{"@type":"ListItem","position":1,"name":"Home","item":"https:\/\/qingdaohf.com\/"},{"@type":"ListItem","position":2,"name":"Concrete Forming Accessories and Rigging Hardware","item":"https:\/\/qingdaohf.com\/bg\/?page_id=944"},{"@type":"ListItem","position":3,"name":"Plastic Coil Nail Plastic-Collated Coil Nails"}]},{"@type":"WebSite","@id":"https:\/\/qingdaohf.com\/bg\/#website","url":"https:\/\/qingdaohf.com\/bg\/","name":"Concrete Form & Rigging Hardware Supplier","description":"","publisher":{"@id":"https:\/\/qingdaohf.com\/bg\/#organization"},"potentialAction":[{"@type":"SearchAction","target":{"@type":"EntryPoint","urlTemplate":"https:\/\/qingdaohf.com\/bg\/?s={search_term_string}"},"query-input":{"@type":"PropertyValueSpecification","valueRequired":true,"valueName":"search_term_string"}}],"inLanguage":"sk-SK"},{"@type":"Organization","@id":"https:\/\/qingdaohf.com\/bg\/#organization","name":"Qingdao H&F","url":"https:\/\/qingdaohf.com\/bg\/","logo":{"@type":"ImageObject","inLanguage":"sk-SK","@id":"https:\/\/qingdaohf.com\/bg\/#\/schema\/logo\/image\/","url":"https:\/\/qingdaohf.com\/wp-content\/uploads\/2022\/12\/cropped-HF-LOGO.png","contentUrl":"https:\/\/qingdaohf.com\/wp-content\/uploads\/2022\/12\/cropped-HF-LOGO.png","width":391,"height":249,"caption":"Qingdao H&F"},"image":{"@id":"https:\/\/qingdaohf.com\/bg\/#\/schema\/logo\/image\/"},"sameAs":["https:\/\/www.facebook.com\/qingdaohf"]}]}},"_links":{"self":[{"href":"https:\/\/qingdaohf.com\/sk\/wp-json\/wp\/v2\/product\/4285","targetHints":{"allow":["GET"]}}],"collection":[{"href":"https:\/\/qingdaohf.com\/sk\/wp-json\/wp\/v2\/product"}],"about":[{"href":"https:\/\/qingdaohf.com\/sk\/wp-json\/wp\/v2\/types\/product"}],"replies":[{"embeddable":true,"href":"https:\/\/qingdaohf.com\/sk\/wp-json\/wp\/v2\/comments?post=4285"}],"version-history":[{"count":2,"href":"https:\/\/qingdaohf.com\/sk\/wp-json\/wp\/v2\/product\/4285\/revisions"}],"predecessor-version":[{"id":10416,"href":"https:\/\/qingdaohf.com\/sk\/wp-json\/wp\/v2\/product\/4285\/revisions\/10416"}],"wp:featuredmedia":[{"embeddable":true,"href":"https:\/\/qingdaohf.com\/sk\/wp-json\/wp\/v2\/media\/4286"}],"wp:attachment":[{"href":"https:\/\/qingdaohf.com\/sk\/wp-json\/wp\/v2\/media?parent=4285"}],"wp:term":[{"taxonomy":"product_brand","embeddable":true,"href":"https:\/\/qingdaohf.com\/sk\/wp-json\/wp\/v2\/product_brand?post=4285"},{"taxonomy":"product_cat","embeddable":true,"href":"https:\/\/qingdaohf.com\/sk\/wp-json\/wp\/v2\/product_cat?post=4285"},{"taxonomy":"product_tag","embeddable":true,"href":"https:\/\/qingdaohf.com\/sk\/wp-json\/wp\/v2\/product_tag?post=4285"}],"curies":[{"name":"wp","href":"https:\/\/api.w.org\/{rel}","templated":true}]}}