{"id":5246,"date":"2023-09-08T14:27:43","date_gmt":"2023-09-08T06:27:43","guid":{"rendered":"http:\/\/qingdaohf.com\/?post_type=product&#038;p=5246"},"modified":"2025-11-13T09:04:02","modified_gmt":"2025-11-13T01:04:02","slug":"flat-tie-wall-tie-for-concrete-formwork","status":"publish","type":"product","link":"https:\/\/qingdaohf.com\/sk\/produkt\/ploche-viazanie-stien-pre-betonove-debnenie\/","title":{"rendered":"Ploch\u00e9 viazanie stien pre bet\u00f3nov\u00e9 debnenie"},"content":{"rendered":"<div class=\"ast-oembed-container\" style=\"height: 100%;\"><iframe title=\"H&amp;F Ploch\u00e9 stenov\u00e9 v\u00e4zby pre bet\u00f3n\" width=\"500\" height=\"281\" src=\"https:\/\/www.youtube.com\/embed\/IIGgVYI9kEg?feature=oembed\" frameborder=\"0\" allow=\"accelerometer; autoplay; clipboard-write; encrypted-media; gyroscope; picture-in-picture; web-share\" referrerpolicy=\"strict-origin-when-cross-origin\" allowfullscreen><\/iframe><\/div>\n<p><img fetchpriority=\"high\" decoding=\"async\" class=\"alignnone size-full wp-image-5262\" src=\"http:\/\/qingdaohf.com\/wp-content\/uploads\/2023\/09\/flat-tie-1.png\" alt=\"ploch\u00e1 kravata\" width=\"1544\" height=\"1468\" srcset=\"https:\/\/qingdaohf.com\/wp-content\/uploads\/2023\/09\/flat-tie-1.png 1544w, https:\/\/qingdaohf.com\/wp-content\/uploads\/2023\/09\/flat-tie-1-300x285.png 300w, https:\/\/qingdaohf.com\/wp-content\/uploads\/2023\/09\/flat-tie-1-1024x974.png 1024w, https:\/\/qingdaohf.com\/wp-content\/uploads\/2023\/09\/flat-tie-1-768x730.png 768w, https:\/\/qingdaohf.com\/wp-content\/uploads\/2023\/09\/flat-tie-1-1536x1460.png 1536w, https:\/\/qingdaohf.com\/wp-content\/uploads\/2023\/09\/flat-tie-1-1000x951.png 1000w\" sizes=\"(max-width: 1544px) 100vw, 1544px\" \/><\/p>\n<p><strong>1. Kvalita a trvanlivos\u0165:<\/strong> Uvedomujeme si, \u017ee ploch\u00e9 v\u00e4zby s\u00fa neoddelite\u013enou s\u00fa\u010das\u0165ou \u00faspechu va\u0161ich stavebn\u00fdch projektov. Kvalita a trvanlivos\u0165 s\u00fa pri tomto z\u00e1kladnom pr\u00edslu\u0161enstve neoddiskutovate\u013en\u00e9. N\u00e1\u0161 kooperuj\u00faci z\u00e1vod s 20-ro\u010dn\u00fdmi sk\u00fasenos\u0165ami vo v\u00fdrobe pr\u00edslu\u0161enstva na tvarovanie bet\u00f3nu vr\u00e1tane ploch\u00fdch v\u00e4zieb zaru\u010duje, \u017ee na\u0161e v\u00fdrobky sp\u013a\u0148aj\u00fa a prekra\u010duj\u00fa priemyseln\u00e9 normy. Spo\u013eahnite sa na n\u00e1s v pr\u00edpade ploch\u00fdch v\u00e4zieb, ktor\u00e9 s\u00fa vyroben\u00e9 tak, aby vydr\u017eali a zabezpe\u010dili integritu va\u0161ich bet\u00f3nov\u00fdch tvarovac\u00edch kon\u0161trukci\u00ed.<\/p>\n<p><strong>2. Mo\u017enosti prisp\u00f4sobenia:<\/strong> Va\u0161e projekty s\u00fa jedine\u010dn\u00e9 a my ch\u00e1peme, \u017ee jedna ve\u013ekos\u0165 nie je vhodn\u00e1 pre v\u0161etk\u00fdch. Preto spolo\u010dnos\u0165 Qingdao H&amp;F pon\u00faka r\u00f4znorod\u00e9 mo\u017enosti prisp\u00f4sobenia. Prisp\u00f4sobte svoje ploch\u00e9 v\u00e4zby presn\u00fdm \u0161pecifik\u00e1ci\u00e1m, \u010d\u00edm zabezpe\u010d\u00edte bezprobl\u00e9mov\u00fa integr\u00e1ciu do va\u0161ich stavebn\u00fdch procesov. N\u00e1\u0161 z\u00e1v\u00e4zok prisp\u00f4sobenia v\u00e1m umo\u017en\u00ed dosiahnu\u0165 vy\u0161\u0161iu efektivitu a bezpe\u010dnos\u0165.<\/p>\n<p><strong>3. Dostupnos\u0165 a konkuren\u010dn\u00e9 ceny:<\/strong> V stavebn\u00edctve je \u010das ve\u013emi d\u00f4le\u017eit\u00fd. Udr\u017eiavame zna\u010dn\u00e9 z\u00e1soby pr\u00edslu\u0161enstva na tvarovanie bet\u00f3nu vr\u00e1tane ploch\u00fdch v\u00e4zieb, ktor\u00e9 s\u00fa k dispoz\u00edcii vo ve\u013ek\u00fdch mno\u017estv\u00e1ch, \u010d\u00edm v\u00e1m zabezpe\u010d\u00edme pr\u00edstup k t\u00fdmto d\u00f4le\u017eit\u00fdm komponentom, ke\u010f ich budete potrebova\u0165. Bu\u010fte si ist\u00ed, \u017ee na\u0161e konkuren\u010dn\u00e9 ceny zaru\u010duj\u00fa n\u00e1kladovo efekt\u00edvne rie\u0161enia bez kompromisov v kvalite.<\/p>\n<p><strong>4. Zabezpe\u010denie kvality:<\/strong> V\u00e1\u0161 pokoj je pre n\u00e1s prvorad\u00fd. Ku ka\u017edej plochej kravate poskytujeme komplexn\u00fa spr\u00e1vu o kontrole kvality, ktor\u00e1 potvrdzuje na\u0161u neochvejn\u00fa oddanos\u0165 kvalite. T\u00e1to spr\u00e1va sl\u00fa\u017ei ako konkr\u00e9tny d\u00f4kaz n\u00e1\u0161ho z\u00e1v\u00e4zku dod\u00e1va\u0165 \u0161pi\u010dkov\u00e9 v\u00fdrobky.<\/p>\n<p><strong>5. Pr\u00edstup zameran\u00fd na z\u00e1kazn\u00edka:<\/strong> V spolo\u010dnosti Qingdao H&amp;F si v\u00e1\u017eime vz\u0165ahy, ktor\u00e9 budujeme s na\u0161imi z\u00e1kazn\u00edkmi. Na\u0161e individu\u00e1lne slu\u017eby s\u00fa navrhnut\u00e9 tak, aby v\u00e1m poskytli individu\u00e1lne poradenstvo a pomohli v\u00e1m vybra\u0165 dokonal\u00e9 rie\u0161enia ploch\u00fdch v\u00e4zieb pre va\u0161e projekty. Okrem toho pon\u00fakame bezplatn\u00e9 vzorky, ktor\u00e9 v\u00e1m umo\u017enia pos\u00fadi\u0165 vhodnos\u0165 na\u0161ich v\u00fdrobkov pre va\u0161e konkr\u00e9tne aplik\u00e1cie.<\/p>\n<p><strong>Na z\u00e1ver:<\/strong> Va\u0161e po\u017eiadavky na kvalitu, trvanlivos\u0165, prisp\u00f4sobenie, konkurencieschopn\u00e9 ceny a v\u00fdnimo\u010dn\u00fa z\u00e1kazn\u00edcku podporu s\u00fa v popred\u00ed n\u00e1\u0161ho z\u00e1v\u00e4zku. Spolo\u010dnos\u0165 Qingdao H&amp;F s rozsiahlymi sk\u00fasenos\u0165ami v odvetv\u00ed, vlastn\u00fdm kooperuj\u00facim z\u00e1vodom a siln\u00fdm zast\u00fapen\u00edm ako v\u00fdrobca, dod\u00e1vate\u013e, predajca, ve\u013ekoobchodn\u00edk, predajca, distrib\u00fator a spolo\u010dnos\u0165 so s\u00eddlom v \u010c\u00edne je va\u0161\u00edm ide\u00e1lnym partnerom pre va\u0161e potreby v oblasti tvarovania bet\u00f3nu.<\/p>\n<p>D\u00f4verujte n\u00e1m pri rie\u0161en\u00ed va\u0161ich po\u017eiadaviek na ploch\u00e9 v\u00e4zby a z\u00edskajte v\u00fdhodu spolupr\u00e1ce so spolo\u010dnos\u0165ou, ktor\u00e1 sa venuje dokonalosti v ka\u017edom aspekte na\u0161ich produktov a slu\u017eieb. Va\u0161a spokojnos\u0165 je na\u0161ou prioritou a te\u0161\u00edme sa, \u017ee prekon\u00e1me va\u0161e o\u010dak\u00e1vania.<\/p>","protected":false},"excerpt":{"rendered":"<p>Pri h\u013eadan\u00ed ploch\u00fdch v\u00e4zieb ch\u00e1peme, \u017ee va\u0161e po\u017eiadavky s\u00fa \u0161pecifick\u00e9 a va\u0161e o\u010dak\u00e1vania vysok\u00e9. Medzi va\u0161e hlavn\u00e9 po\u017eiadavky patr\u00ed kvalita, trvanlivos\u0165, mo\u017enosti prisp\u00f4sobenia a spo\u013eahliv\u00e9 z\u00e1sobovanie. V tejto spr\u00e1ve presk\u00famame, ako spolo\u010dnos\u0165 Qingdao H&amp;F s viac ako dvadsa\u0165ro\u010dn\u00fdmi sk\u00fasenos\u0165ami a jedine\u010dn\u00fdmi v\u00fdhodami ako spolo\u010dnos\u0165 so s\u00eddlom v \u010c\u00edne vynik\u00e1 pri plnen\u00ed t\u00fdchto po\u017eiadaviek ako d\u00f4veryhodn\u00fd v\u00fdrobca, tov\u00e1re\u0148, dod\u00e1vate\u013e, predajca, ve\u013ekoobchodn\u00edk, predajca, distrib\u00fator a spolo\u010dnos\u0165, ktor\u00e1 sa \u0161pecializuje na pr\u00edslu\u0161enstvo na tvarovanie bet\u00f3nu.<\/p>","protected":false},"featured_media":5314,"comment_status":"open","ping_status":"closed","template":"","meta":{"site-sidebar-layout":"default","site-content-layout":"","ast-site-content-layout":"default","site-content-style":"default","site-sidebar-style":"default","ast-global-header-display":"","ast-banner-title-visibility":"","ast-main-header-display":"","ast-hfb-above-header-display":"","ast-hfb-below-header-display":"","ast-hfb-mobile-header-display":"","site-post-title":"","ast-breadcrumbs-content":"","ast-featured-img":"","footer-sml-layout":"","theme-transparent-header-meta":"default","adv-header-id-meta":"","stick-header-meta":"default","header-above-stick-meta":"","header-main-stick-meta":"","header-below-stick-meta":"","astra-migrate-meta-layouts":"set","ast-page-background-enabled":"default","ast-page-background-meta":{"desktop":{"background-color":"","background-image":"","background-repeat":"repeat","background-position":"center center","background-size":"auto","background-attachment":"scroll","background-type":"","background-media":"","overlay-type":"","overlay-color":"","overlay-opacity":"","overlay-gradient":""},"tablet":{"background-color":"","background-image":"","background-repeat":"repeat","background-position":"center center","background-size":"auto","background-attachment":"scroll","background-type":"","background-media":"","overlay-type":"","overlay-color":"","overlay-opacity":"","overlay-gradient":""},"mobile":{"background-color":"","background-image":"","background-repeat":"repeat","background-position":"center center","background-size":"auto","background-attachment":"scroll","background-type":"","background-media":"","overlay-type":"","overlay-color":"","overlay-opacity":"","overlay-gradient":""}},"ast-content-background-meta":{"desktop":{"background-color":"var(--ast-global-color-5)","background-image":"","background-repeat":"repeat","background-position":"center center","background-size":"auto","background-attachment":"scroll","background-type":"","background-media":"","overlay-type":"","overlay-color":"","overlay-opacity":"","overlay-gradient":""},"tablet":{"background-color":"var(--ast-global-color-5)","background-image":"","background-repeat":"repeat","background-position":"center center","background-size":"auto","background-attachment":"scroll","background-type":"","background-media":"","overlay-type":"","overlay-color":"","overlay-opacity":"","overlay-gradient":""},"mobile":{"background-color":"var(--ast-global-color-5)","background-image":"","background-repeat":"repeat","background-position":"center center","background-size":"auto","background-attachment":"scroll","background-type":"","background-media":"","overlay-type":"","overlay-color":"","overlay-opacity":"","overlay-gradient":""}}},"product_brand":[],"product_cat":[50,20,64],"product_tag":[],"class_list":{"0":"post-5246","1":"product","2":"type-product","3":"status-publish","4":"has-post-thumbnail","6":"product_cat-concrete-form-accessories","7":"product_cat-concrete-wall-tie","8":"product_cat-concrete-flat-tie","9":"desktop-align-left","10":"tablet-align-left","11":"mobile-align-left","12":"ast-product-gallery-layout-horizontal-slider","13":"ast-product-tabs-layout-horizontal","15":"first","16":"instock","17":"shipping-taxable","18":"purchasable","19":"product-type-simple"},"yoast_head":"<!-- This site is optimized with the Yoast SEO plugin v25.2 - https:\/\/yoast.com\/wordpress\/plugins\/seo\/ -->\n<title>Flat Tie Wall Tie For Concrete Formwork<\/title>\n<meta name=\"description\" content=\"When it comes to your search for flat ties, we understand that your demands are specific and your expectations are high. Your primary considerations include quality, durability, customization options, and reliable sourcing.\" \/>\n<meta name=\"robots\" content=\"index, follow, max-snippet:-1, max-image-preview:large, max-video-preview:-1\" \/>\n<link rel=\"canonical\" href=\"https:\/\/qingdaohf.com\/sk\/produkt\/ploche-viazanie-stien-pre-betonove-debnenie\/\" \/>\n<meta property=\"og:locale\" content=\"sk_SK\" \/>\n<meta property=\"og:type\" content=\"article\" \/>\n<meta property=\"og:title\" content=\"Flat Tie Wall Tie For Concrete Formwork\" \/>\n<meta property=\"og:description\" content=\"When it comes to your search for flat ties, we understand that your demands are specific and your expectations are high. Your primary considerations include quality, durability, customization options, and reliable sourcing.\" \/>\n<meta property=\"og:url\" content=\"https:\/\/qingdaohf.com\/sk\/produkt\/ploche-viazanie-stien-pre-betonove-debnenie\/\" \/>\n<meta property=\"og:site_name\" content=\"Concrete Form &amp; Rigging Hardware Supplier\" \/>\n<meta property=\"article:publisher\" content=\"https:\/\/www.facebook.com\/qingdaohf\" \/>\n<meta property=\"article:modified_time\" content=\"2025-11-13T01:04:02+00:00\" \/>\n<meta property=\"og:image\" content=\"https:\/\/qingdaohf.com\/wp-content\/uploads\/2023\/09\/flat-tie-2-1.jpg\" \/>\n\t<meta property=\"og:image:width\" content=\"1000\" \/>\n\t<meta property=\"og:image:height\" content=\"1000\" \/>\n\t<meta property=\"og:image:type\" content=\"image\/jpeg\" \/>\n<meta name=\"twitter:card\" content=\"summary_large_image\" \/>\n<meta name=\"twitter:label1\" content=\"Predpokladan\u00fd \u010das \u010d\u00edtania\" \/>\n\t<meta name=\"twitter:data1\" content=\"3 min\u00faty\" \/>\n<script type=\"application\/ld+json\" class=\"yoast-schema-graph\">{\"@context\":\"https:\/\/schema.org\",\"@graph\":[{\"@type\":\"WebPage\",\"@id\":\"https:\/\/qingdaohf.com\/product\/flat-tie-wall-tie-for-concrete-formwork\/\",\"url\":\"https:\/\/qingdaohf.com\/product\/flat-tie-wall-tie-for-concrete-formwork\/\",\"name\":\"Flat Tie Wall Tie For Concrete Formwork\",\"isPartOf\":{\"@id\":\"https:\/\/qingdaohf.com\/bg\/#website\"},\"primaryImageOfPage\":{\"@id\":\"https:\/\/qingdaohf.com\/product\/flat-tie-wall-tie-for-concrete-formwork\/#primaryimage\"},\"image\":{\"@id\":\"https:\/\/qingdaohf.com\/product\/flat-tie-wall-tie-for-concrete-formwork\/#primaryimage\"},\"thumbnailUrl\":\"https:\/\/qingdaohf.com\/wp-content\/uploads\/2023\/09\/flat-tie-2-1.jpg\",\"datePublished\":\"2023-09-08T06:27:43+00:00\",\"dateModified\":\"2025-11-13T01:04:02+00:00\",\"description\":\"When it comes to your search for flat ties, we understand that your demands are specific and your expectations are high. Your primary considerations include quality, durability, customization options, and reliable sourcing.\",\"breadcrumb\":{\"@id\":\"https:\/\/qingdaohf.com\/product\/flat-tie-wall-tie-for-concrete-formwork\/#breadcrumb\"},\"inLanguage\":\"sk-SK\",\"potentialAction\":[{\"@type\":\"ReadAction\",\"target\":[\"https:\/\/qingdaohf.com\/product\/flat-tie-wall-tie-for-concrete-formwork\/\"]}]},{\"@type\":\"ImageObject\",\"inLanguage\":\"sk-SK\",\"@id\":\"https:\/\/qingdaohf.com\/product\/flat-tie-wall-tie-for-concrete-formwork\/#primaryimage\",\"url\":\"https:\/\/qingdaohf.com\/wp-content\/uploads\/2023\/09\/flat-tie-2-1.jpg\",\"contentUrl\":\"https:\/\/qingdaohf.com\/wp-content\/uploads\/2023\/09\/flat-tie-2-1.jpg\",\"width\":1000,\"height\":1000,\"caption\":\"flat tie\"},{\"@type\":\"BreadcrumbList\",\"@id\":\"https:\/\/qingdaohf.com\/product\/flat-tie-wall-tie-for-concrete-formwork\/#breadcrumb\",\"itemListElement\":[{\"@type\":\"ListItem\",\"position\":1,\"name\":\"Home\",\"item\":\"https:\/\/qingdaohf.com\/\"},{\"@type\":\"ListItem\",\"position\":2,\"name\":\"Concrete Forming Accessories and Rigging Hardware\",\"item\":\"https:\/\/qingdaohf.com\/bg\/?page_id=944\"},{\"@type\":\"ListItem\",\"position\":3,\"name\":\"Flat Tie Wall Tie For Concrete Formwork\"}]},{\"@type\":\"WebSite\",\"@id\":\"https:\/\/qingdaohf.com\/bg\/#website\",\"url\":\"https:\/\/qingdaohf.com\/bg\/\",\"name\":\"Concrete Form & Rigging Hardware Supplier\",\"description\":\"\",\"publisher\":{\"@id\":\"https:\/\/qingdaohf.com\/bg\/#organization\"},\"potentialAction\":[{\"@type\":\"SearchAction\",\"target\":{\"@type\":\"EntryPoint\",\"urlTemplate\":\"https:\/\/qingdaohf.com\/bg\/?s={search_term_string}\"},\"query-input\":{\"@type\":\"PropertyValueSpecification\",\"valueRequired\":true,\"valueName\":\"search_term_string\"}}],\"inLanguage\":\"sk-SK\"},{\"@type\":\"Organization\",\"@id\":\"https:\/\/qingdaohf.com\/bg\/#organization\",\"name\":\"Qingdao H&F\",\"url\":\"https:\/\/qingdaohf.com\/bg\/\",\"logo\":{\"@type\":\"ImageObject\",\"inLanguage\":\"sk-SK\",\"@id\":\"https:\/\/qingdaohf.com\/bg\/#\/schema\/logo\/image\/\",\"url\":\"https:\/\/qingdaohf.com\/wp-content\/uploads\/2022\/12\/cropped-HF-LOGO.png\",\"contentUrl\":\"https:\/\/qingdaohf.com\/wp-content\/uploads\/2022\/12\/cropped-HF-LOGO.png\",\"width\":391,\"height\":249,\"caption\":\"Qingdao H&F\"},\"image\":{\"@id\":\"https:\/\/qingdaohf.com\/bg\/#\/schema\/logo\/image\/\"},\"sameAs\":[\"https:\/\/www.facebook.com\/qingdaohf\"]}]}<\/script>\n<!-- \/ Yoast SEO plugin. -->","yoast_head_json":{"title":"Flat Tie Wall Tie For Concrete Formwork","description":"When it comes to your search for flat ties, we understand that your demands are specific and your expectations are high. Your primary considerations include quality, durability, customization options, and reliable sourcing.","robots":{"index":"index","follow":"follow","max-snippet":"max-snippet:-1","max-image-preview":"max-image-preview:large","max-video-preview":"max-video-preview:-1"},"canonical":"https:\/\/qingdaohf.com\/sk\/produkt\/ploche-viazanie-stien-pre-betonove-debnenie\/","og_locale":"sk_SK","og_type":"article","og_title":"Flat Tie Wall Tie For Concrete Formwork","og_description":"When it comes to your search for flat ties, we understand that your demands are specific and your expectations are high. Your primary considerations include quality, durability, customization options, and reliable sourcing.","og_url":"https:\/\/qingdaohf.com\/sk\/produkt\/ploche-viazanie-stien-pre-betonove-debnenie\/","og_site_name":"Concrete Form &amp; Rigging Hardware Supplier","article_publisher":"https:\/\/www.facebook.com\/qingdaohf","article_modified_time":"2025-11-13T01:04:02+00:00","og_image":[{"width":1000,"height":1000,"url":"https:\/\/qingdaohf.com\/wp-content\/uploads\/2023\/09\/flat-tie-2-1.jpg","type":"image\/jpeg"}],"twitter_card":"summary_large_image","twitter_misc":{"Predpokladan\u00fd \u010das \u010d\u00edtania":"3 min\u00faty"},"schema":{"@context":"https:\/\/schema.org","@graph":[{"@type":"WebPage","@id":"https:\/\/qingdaohf.com\/product\/flat-tie-wall-tie-for-concrete-formwork\/","url":"https:\/\/qingdaohf.com\/product\/flat-tie-wall-tie-for-concrete-formwork\/","name":"Flat Tie Wall Tie For Concrete Formwork","isPartOf":{"@id":"https:\/\/qingdaohf.com\/bg\/#website"},"primaryImageOfPage":{"@id":"https:\/\/qingdaohf.com\/product\/flat-tie-wall-tie-for-concrete-formwork\/#primaryimage"},"image":{"@id":"https:\/\/qingdaohf.com\/product\/flat-tie-wall-tie-for-concrete-formwork\/#primaryimage"},"thumbnailUrl":"https:\/\/qingdaohf.com\/wp-content\/uploads\/2023\/09\/flat-tie-2-1.jpg","datePublished":"2023-09-08T06:27:43+00:00","dateModified":"2025-11-13T01:04:02+00:00","description":"When it comes to your search for flat ties, we understand that your demands are specific and your expectations are high. Your primary considerations include quality, durability, customization options, and reliable sourcing.","breadcrumb":{"@id":"https:\/\/qingdaohf.com\/product\/flat-tie-wall-tie-for-concrete-formwork\/#breadcrumb"},"inLanguage":"sk-SK","potentialAction":[{"@type":"ReadAction","target":["https:\/\/qingdaohf.com\/product\/flat-tie-wall-tie-for-concrete-formwork\/"]}]},{"@type":"ImageObject","inLanguage":"sk-SK","@id":"https:\/\/qingdaohf.com\/product\/flat-tie-wall-tie-for-concrete-formwork\/#primaryimage","url":"https:\/\/qingdaohf.com\/wp-content\/uploads\/2023\/09\/flat-tie-2-1.jpg","contentUrl":"https:\/\/qingdaohf.com\/wp-content\/uploads\/2023\/09\/flat-tie-2-1.jpg","width":1000,"height":1000,"caption":"flat tie"},{"@type":"BreadcrumbList","@id":"https:\/\/qingdaohf.com\/product\/flat-tie-wall-tie-for-concrete-formwork\/#breadcrumb","itemListElement":[{"@type":"ListItem","position":1,"name":"Home","item":"https:\/\/qingdaohf.com\/"},{"@type":"ListItem","position":2,"name":"Concrete Forming Accessories and Rigging Hardware","item":"https:\/\/qingdaohf.com\/bg\/?page_id=944"},{"@type":"ListItem","position":3,"name":"Flat Tie Wall Tie For Concrete Formwork"}]},{"@type":"WebSite","@id":"https:\/\/qingdaohf.com\/bg\/#website","url":"https:\/\/qingdaohf.com\/bg\/","name":"Concrete Form & Rigging Hardware Supplier","description":"","publisher":{"@id":"https:\/\/qingdaohf.com\/bg\/#organization"},"potentialAction":[{"@type":"SearchAction","target":{"@type":"EntryPoint","urlTemplate":"https:\/\/qingdaohf.com\/bg\/?s={search_term_string}"},"query-input":{"@type":"PropertyValueSpecification","valueRequired":true,"valueName":"search_term_string"}}],"inLanguage":"sk-SK"},{"@type":"Organization","@id":"https:\/\/qingdaohf.com\/bg\/#organization","name":"Qingdao H&F","url":"https:\/\/qingdaohf.com\/bg\/","logo":{"@type":"ImageObject","inLanguage":"sk-SK","@id":"https:\/\/qingdaohf.com\/bg\/#\/schema\/logo\/image\/","url":"https:\/\/qingdaohf.com\/wp-content\/uploads\/2022\/12\/cropped-HF-LOGO.png","contentUrl":"https:\/\/qingdaohf.com\/wp-content\/uploads\/2022\/12\/cropped-HF-LOGO.png","width":391,"height":249,"caption":"Qingdao H&F"},"image":{"@id":"https:\/\/qingdaohf.com\/bg\/#\/schema\/logo\/image\/"},"sameAs":["https:\/\/www.facebook.com\/qingdaohf"]}]}},"_links":{"self":[{"href":"https:\/\/qingdaohf.com\/sk\/wp-json\/wp\/v2\/product\/5246","targetHints":{"allow":["GET"]}}],"collection":[{"href":"https:\/\/qingdaohf.com\/sk\/wp-json\/wp\/v2\/product"}],"about":[{"href":"https:\/\/qingdaohf.com\/sk\/wp-json\/wp\/v2\/types\/product"}],"replies":[{"embeddable":true,"href":"https:\/\/qingdaohf.com\/sk\/wp-json\/wp\/v2\/comments?post=5246"}],"version-history":[{"count":4,"href":"https:\/\/qingdaohf.com\/sk\/wp-json\/wp\/v2\/product\/5246\/revisions"}],"predecessor-version":[{"id":5317,"href":"https:\/\/qingdaohf.com\/sk\/wp-json\/wp\/v2\/product\/5246\/revisions\/5317"}],"wp:featuredmedia":[{"embeddable":true,"href":"https:\/\/qingdaohf.com\/sk\/wp-json\/wp\/v2\/media\/5314"}],"wp:attachment":[{"href":"https:\/\/qingdaohf.com\/sk\/wp-json\/wp\/v2\/media?parent=5246"}],"wp:term":[{"taxonomy":"product_brand","embeddable":true,"href":"https:\/\/qingdaohf.com\/sk\/wp-json\/wp\/v2\/product_brand?post=5246"},{"taxonomy":"product_cat","embeddable":true,"href":"https:\/\/qingdaohf.com\/sk\/wp-json\/wp\/v2\/product_cat?post=5246"},{"taxonomy":"product_tag","embeddable":true,"href":"https:\/\/qingdaohf.com\/sk\/wp-json\/wp\/v2\/product_tag?post=5246"}],"curies":[{"name":"wp","href":"https:\/\/api.w.org\/{rel}","templated":true}]}}