{"id":5473,"date":"2023-10-23T14:14:46","date_gmt":"2023-10-23T06:14:46","guid":{"rendered":"http:\/\/qingdaohf.com\/?post_type=product&#038;p=5473"},"modified":"2025-11-13T09:04:02","modified_gmt":"2025-11-13T01:04:02","slug":"webbing-sling-oem","status":"publish","type":"product","link":"https:\/\/qingdaohf.com\/sk\/produkt\/popruhovy-popruh-oem\/","title":{"rendered":"Popruhov\u00fd z\u00e1ves OEM"},"content":{"rendered":"<p><img fetchpriority=\"high\" decoding=\"async\" class=\"alignnone wp-image-5962 size-full\" src=\"http:\/\/qingdaohf.com\/wp-content\/uploads\/2023\/10\/HF-SLINGS-1-scaled.jpg\" alt=\"HF SLINGS \" width=\"1686\" height=\"1920\" srcset=\"https:\/\/qingdaohf.com\/wp-content\/uploads\/2023\/10\/HF-SLINGS-1-scaled.jpg 1686w, https:\/\/qingdaohf.com\/wp-content\/uploads\/2023\/10\/HF-SLINGS-1-264x300.jpg 264w, https:\/\/qingdaohf.com\/wp-content\/uploads\/2023\/10\/HF-SLINGS-1-899x1024.jpg 899w, https:\/\/qingdaohf.com\/wp-content\/uploads\/2023\/10\/HF-SLINGS-1-768x874.jpg 768w, https:\/\/qingdaohf.com\/wp-content\/uploads\/2023\/10\/HF-SLINGS-1-1349x1536.jpg 1349w, https:\/\/qingdaohf.com\/wp-content\/uploads\/2023\/10\/HF-SLINGS-1-1799x2048.jpg 1799w, https:\/\/qingdaohf.com\/wp-content\/uploads\/2023\/10\/HF-SLINGS-1-1000x1139.jpg 1000w\" sizes=\"(max-width: 1686px) 100vw, 1686px\" \/><\/p>\n<h3><strong>Zabezpe\u010denie kvality:<\/strong><\/h3>\n<p>najvy\u0161\u0161ia kvalita popruhov je najd\u00f4le\u017eitej\u0161ia pre bezpe\u010dnos\u0165 a spo\u013eahlivos\u0165 pri r\u00f4znych aplik\u00e1ci\u00e1ch.<\/p>\n<p>Rie\u0161enie: Zavies\u0165 pr\u00edsne procesy kontroly kvality vr\u00e1tane kontrol materi\u00e1lu, v\u00fdrobn\u00fdch kontrol a certifik\u00e1cie tre\u0165ou stranou.<\/p>\n<h3><strong>Mo\u017enosti prisp\u00f4sobenia:<\/strong><\/h3>\n<p>Probl\u00e9m: Rie\u0161enia \u0161it\u00e9 na mieru s\u00fa nevyhnutn\u00e9 na splnenie \u0161pecifick\u00fdch po\u017eiadaviek projektu a priemyseln\u00fdch noriem.<\/p>\n<p>Rie\u0161enie: Ponuka \u0161irokej \u0161k\u00e1ly mo\u017enost\u00ed prisp\u00f4sobenia, vr\u00e1tane ve\u013ekosti, d\u013a\u017eky, nosnosti a farebn\u00e9ho ozna\u010denia, s cie\u013eom uspokoji\u0165 r\u00f4zne potreby klientov.<\/p>\n<h3><strong>N\u00e1kladov\u00e1 konkurencieschopnos\u0165:<\/strong><\/h3>\n<p>Probl\u00e9m: N\u00e1jdenie spr\u00e1vnej rovnov\u00e1hy medzi kvalitou a n\u00e1kladmi je rozhoduj\u00face pre udr\u017eanie konkurencieschopnosti na trhu.<\/p>\n<p>Rie\u0161enie: Optimalizujte v\u00fdrobn\u00e9 procesy, rokujte s dod\u00e1vate\u013emi a vyu\u017eite \u00faspory z rozsahu na poskytovanie n\u00e1kladovo efekt\u00edvnych rie\u0161en\u00ed OEM pre popruhy.<\/p>\n<h3><strong>V\u010dasn\u00e9 dodanie:<\/strong><\/h3>\n<p>Probl\u00e9m: Dodr\u017eiavanie \u010dasov\u00fdch harmonogramov projektov je ve\u013emi d\u00f4le\u017eit\u00e9; oneskorenie dod\u00e1vok m\u00f4\u017ee naru\u0161i\u0165 prev\u00e1dzku a ovplyvni\u0165 spokojnos\u0165 z\u00e1kazn\u00edkov.<\/p>\n<p>Rie\u0161enie: Rie\u0161enie: Zefekt\u00edvnite v\u00fdrobn\u00e9 pl\u00e1ny, udr\u017eiavajte dostato\u010dn\u00e9 z\u00e1soby a vytvorte efekt\u00edvnu logistiku na zabezpe\u010denie v\u010dasn\u00e9ho dodania.<\/p>\n<h3><strong>Inov\u00e1cie a technol\u00f3gie:<\/strong><\/h3>\n<p>Probl\u00e9m: Udr\u017eiava\u0165 sa na \u010dele technologick\u00e9ho pokroku a inov\u00e1ci\u00ed v odvetv\u00ed je nevyhnutn\u00e9 pre poskytovanie \u0161pi\u010dkov\u00fdch rie\u0161en\u00ed.<\/p>\n<p>Rie\u0161enie: Rie\u0161enie: Investujte do v\u00fdskumu a v\u00fdvoja, spolupracujte s odborn\u00edkmi z odvetvia a neust\u00e1le modernizujte v\u00fdrobn\u00e9 procesy tak, aby zah\u0155\u0148ali najnov\u0161ie technol\u00f3gie.<\/p>\n<h3><strong>Environment\u00e1lna udr\u017eate\u013enos\u0165:<\/strong><\/h3>\n<p>Probl\u00e9m: Zvy\u0161uj\u00faci sa d\u00f4raz na udr\u017eate\u013en\u00e9 postupy si vy\u017eaduje z\u00e1v\u00e4zok k ekologick\u00fdm v\u00fdrobn\u00fdm procesom a materi\u00e1lom.<\/p>\n<p>Rie\u0161enie: Prija\u0165 environment\u00e1lne zodpovedn\u00e9 postupy z\u00edskavania, v\u00fdroby a likvid\u00e1cie a z\u00edska\u0165 pr\u00edslu\u0161n\u00e9 certifik\u00e1ty na preuk\u00e1zanie z\u00e1v\u00e4zku k udr\u017eate\u013enosti.<\/p>\n<p>&nbsp;<\/p>\n<h2><strong>Ako na\u0161a spolo\u010dnos\u0165 sp\u013a\u0148a potreby OEM v\u00fdrobcov popruhov:<\/strong><\/h2>\n<p>Na\u0161a spolo\u010dnos\u0165 podporuje slu\u017eby OEM a ODM. Spln\u00edme v\u0161etky va\u0161e potreby.<\/p>\n<h3><strong>Pr\u00edsna kontrola kvality:<\/strong><\/h3>\n<p>Na\u0161a spolo\u010dnos\u0165 dodr\u017eiava pr\u00edsne procesy kontroly kvality, vykon\u00e1va d\u00f4kladn\u00e9 kontroly materi\u00e1lu, kontroly po\u010das procesu a z\u00edskava certifik\u00e1ty od uzn\u00e1van\u00fdch organiz\u00e1ci\u00ed tret\u00edch str\u00e1n.<\/p>\n<h3><strong>V\u0161estrann\u00e9 prisp\u00f4sobenie:<\/strong><\/h3>\n<p>Pon\u00fakame r\u00f4znorod\u00e9 mo\u017enosti prisp\u00f4sobenia, ktor\u00e9 klientom umo\u017e\u0148uj\u00fa \u0161pecifikova\u0165 rozmery, nosnos\u0165 a \u010fal\u0161ie parametre, v\u010faka \u010domu na\u0161e popruhy dokonale zodpovedaj\u00fa ich jedine\u010dn\u00fdm po\u017eiadavk\u00e1m.<\/p>\n<h3><strong>N\u00e1kladovo efekt\u00edvne rie\u0161enia:<\/strong><\/h3>\n<p>V\u010faka strategick\u00fdm rokovaniam s dod\u00e1vate\u013emi, optimaliz\u00e1cii procesov a vyu\u017e\u00edvaniu \u00faspor z rozsahu neust\u00e1le poskytujeme cenovo konkurencieschopn\u00e9 rie\u0161enia OEM pre popruhy bez toho, aby sme zni\u017eovali kvalitu.<\/p>\n<h3><strong>V\u010dasn\u00e9 a spo\u013eahliv\u00e9 dodanie:<\/strong><\/h3>\n<p>Na\u0161e zefekt\u00edvnen\u00e9 v\u00fdrobn\u00e9 pl\u00e1ny, rozsiahle riadenie z\u00e1sob a efekt\u00edvna logistika zabezpe\u010duj\u00fa, \u017ee na\u0161i klienti dostan\u00fa svoje objedn\u00e1vky popruhov na\u010das, \u010do prispieva k \u00faspechu ich projektov.<\/p>\n<h3><strong>Z\u00e1v\u00e4zok k inov\u00e1ci\u00e1m:<\/strong><\/h3>\n<p>Na\u0161a spolo\u010dnos\u0165 kladie d\u00f4raz na inov\u00e1cie, investuje do v\u00fdskumu a v\u00fdvoja, spolupracuje s odborn\u00edkmi z odvetvia a pravidelne aktualizuje na\u0161e v\u00fdrobn\u00e9 procesy tak, aby zah\u0155\u0148ali najnov\u0161ie technologick\u00e9 pokroky.<\/p>\n<h3><strong>Zodpovednos\u0165 za \u017eivotn\u00e9 prostredie:<\/strong><\/h3>\n<p>Zav\u00e4zujeme sa k environment\u00e1lnej udr\u017eate\u013enosti t\u00fdm, \u017ee prij\u00edmame ekologick\u00e9 postupy z\u00edskavania zdrojov, zav\u00e1dzame ekologick\u00e9 v\u00fdrobn\u00e9 procesy a z\u00edskavame pr\u00edslu\u0161n\u00e9 certifik\u00e1ty, aby sme preuk\u00e1zali na\u0161u oddanos\u0165 ekologickej\u0161ej bud\u00facnosti.<\/p>\n<h3><strong>V\u010dasn\u00e9 dodanie:<\/strong><\/h3>\n<p>Webov\u00e1 str\u00e1nka bude zd\u00f4raz\u0148ova\u0165 n\u00e1\u0161 z\u00e1v\u00e4zok dod\u00e1va\u0165 na\u010das prostredn\u00edctvom efekt\u00edvneho pl\u00e1novania v\u00fdroby, riadenia z\u00e1sob a spo\u013eahlivej logistickej siete, pri\u010dom bude prezentova\u0165 pr\u00edpady \u00faspe\u0161n\u00e9ho dodr\u017eiavania kr\u00e1tkych term\u00ednov projektov z minulosti.<\/p>\n<h3><strong>Inov\u00e1cie a technol\u00f3gie:<\/strong><\/h3>\n<p>Webov\u00e1 str\u00e1nka bude prezentova\u0165 na\u0161u oddanos\u0165 inov\u00e1ci\u00e1m a bude podrobne opisova\u0165 na\u0161e invest\u00edcie do v\u00fdskumu a v\u00fdvoja, spolupr\u00e1cu s odborn\u00edkmi z odvetvia a pravideln\u00e9 aktualiz\u00e1cie na\u0161ich v\u00fdrobn\u00fdch procesov s cie\u013eom zavies\u0165 najnov\u0161ie technol\u00f3gie.<\/p>\n<h3><strong>Environment\u00e1lna udr\u017eate\u013enos\u0165:<\/strong><\/h3>\n<p>N\u00e1\u0161 z\u00e1v\u00e4zok k environment\u00e1lnej zodpovednosti bude zd\u00f4raznen\u00fd na webovej str\u00e1nke, kde bud\u00fa podrobne uveden\u00e9 na\u0161e ekologick\u00e9 postupy z\u00edskavania zdrojov, ekologick\u00e9 v\u00fdrobn\u00e9 procesy a certifik\u00e1ty z\u00edskan\u00e9 na prezent\u00e1ciu n\u00e1\u0161ho odhodlania k udr\u017eate\u013enosti.<\/p>\n<p>Rie\u0161en\u00edm t\u00fdchto kritick\u00fdch ot\u00e1zok a transparentnou prezent\u00e1ciou na\u0161ich rie\u0161en\u00ed na webovej str\u00e1nke na\u0161a spolo\u010dnos\u0165 \u00fa\u010dinne preuk\u00e1\u017ee svoju schopnos\u0165 uspokoji\u0165 potreby kupuj\u00facich OEM popruhov.<\/p>","protected":false},"excerpt":{"rendered":"<p>Na\u0161e slu\u017eby OEM v\u00e1m umo\u017enia presne definova\u0165 nosnos\u0165, d\u013a\u017eku, \u0161\u00edrku, materi\u00e1l, farebn\u00e9 ozna\u010denie a \u010fal\u0161ie d\u00f4le\u017eit\u00e9 parametre. \u00dazko s vami spolupracujeme, aby sme zabezpe\u010dili, \u017ee nami dod\u00e1van\u00e9 popruhy bud\u00fa dokonale zodpoveda\u0165 va\u0161im zam\u00fd\u0161\u013ean\u00fdm aplik\u00e1ci\u00e1m. Bez oh\u013eadu na to, \u010di po\u017eadujete priemyseln\u00fd popruh pre ve\u013ek\u00e9 za\u0165a\u017eenie alebo \u0161pecializovan\u00e9 rie\u0161enie, dok\u00e1\u017eeme v\u00e1m na\u0161e v\u00fdrobky zodpovedaj\u00facim sp\u00f4sobom prisp\u00f4sobi\u0165.<\/p>","protected":false},"featured_media":5232,"comment_status":"open","ping_status":"closed","template":"","meta":{"site-sidebar-layout":"default","site-content-layout":"","ast-site-content-layout":"default","site-content-style":"default","site-sidebar-style":"default","ast-global-header-display":"","ast-banner-title-visibility":"","ast-main-header-display":"","ast-hfb-above-header-display":"","ast-hfb-below-header-display":"","ast-hfb-mobile-header-display":"","site-post-title":"","ast-breadcrumbs-content":"","ast-featured-img":"","footer-sml-layout":"","theme-transparent-header-meta":"default","adv-header-id-meta":"","stick-header-meta":"default","header-above-stick-meta":"","header-main-stick-meta":"","header-below-stick-meta":"","astra-migrate-meta-layouts":"set","ast-page-background-enabled":"default","ast-page-background-meta":{"desktop":{"background-color":"","background-image":"","background-repeat":"repeat","background-position":"center center","background-size":"auto","background-attachment":"scroll","background-type":"","background-media":"","overlay-type":"","overlay-color":"","overlay-opacity":"","overlay-gradient":""},"tablet":{"background-color":"","background-image":"","background-repeat":"repeat","background-position":"center center","background-size":"auto","background-attachment":"scroll","background-type":"","background-media":"","overlay-type":"","overlay-color":"","overlay-opacity":"","overlay-gradient":""},"mobile":{"background-color":"","background-image":"","background-repeat":"repeat","background-position":"center center","background-size":"auto","background-attachment":"scroll","background-type":"","background-media":"","overlay-type":"","overlay-color":"","overlay-opacity":"","overlay-gradient":""}},"ast-content-background-meta":{"desktop":{"background-color":"var(--ast-global-color-5)","background-image":"","background-repeat":"repeat","background-position":"center center","background-size":"auto","background-attachment":"scroll","background-type":"","background-media":"","overlay-type":"","overlay-color":"","overlay-opacity":"","overlay-gradient":""},"tablet":{"background-color":"var(--ast-global-color-5)","background-image":"","background-repeat":"repeat","background-position":"center center","background-size":"auto","background-attachment":"scroll","background-type":"","background-media":"","overlay-type":"","overlay-color":"","overlay-opacity":"","overlay-gradient":""},"mobile":{"background-color":"var(--ast-global-color-5)","background-image":"","background-repeat":"repeat","background-position":"center center","background-size":"auto","background-attachment":"scroll","background-type":"","background-media":"","overlay-type":"","overlay-color":"","overlay-opacity":"","overlay-gradient":""}}},"product_brand":[],"product_cat":[51,39],"product_tag":[],"class_list":{"0":"post-5473","1":"product","2":"type-product","3":"status-publish","4":"has-post-thumbnail","6":"product_cat-riggging-hardware","7":"product_cat-webbing-sling","8":"desktop-align-left","9":"tablet-align-left","10":"mobile-align-left","11":"ast-product-gallery-layout-horizontal-slider","12":"ast-product-tabs-layout-horizontal","14":"first","15":"instock","16":"shipping-taxable","17":"purchasable","18":"product-type-simple"},"yoast_head":"<!-- This site is optimized with the Yoast SEO plugin v25.2 - https:\/\/yoast.com\/wordpress\/plugins\/seo\/ -->\n<title>Webbing Sling OEM<\/title>\n<meta name=\"description\" content=\"Our OEM services allow you to define the precise load capacity, length, width, material, color coding, and any other essential parameters.\" \/>\n<meta name=\"robots\" content=\"index, follow, max-snippet:-1, max-image-preview:large, max-video-preview:-1\" \/>\n<link rel=\"canonical\" href=\"https:\/\/qingdaohf.com\/sk\/produkt\/popruhovy-popruh-oem\/\" \/>\n<meta property=\"og:locale\" content=\"sk_SK\" \/>\n<meta property=\"og:type\" content=\"article\" \/>\n<meta property=\"og:title\" content=\"Webbing Sling OEM\" \/>\n<meta property=\"og:description\" content=\"Our OEM services allow you to define the precise load capacity, length, width, material, color coding, and any other essential parameters.\" \/>\n<meta property=\"og:url\" content=\"https:\/\/qingdaohf.com\/sk\/produkt\/popruhovy-popruh-oem\/\" \/>\n<meta property=\"og:site_name\" content=\"Concrete Form &amp; Rigging Hardware Supplier\" \/>\n<meta property=\"article:publisher\" content=\"https:\/\/www.facebook.com\/qingdaohf\" \/>\n<meta property=\"article:modified_time\" content=\"2025-11-13T01:04:02+00:00\" \/>\n<meta property=\"og:image\" content=\"https:\/\/qingdaohf.com\/wp-content\/uploads\/2023\/10\/sling.jpg\" \/>\n\t<meta property=\"og:image:width\" content=\"1019\" \/>\n\t<meta property=\"og:image:height\" content=\"563\" \/>\n\t<meta property=\"og:image:type\" content=\"image\/jpeg\" \/>\n<meta name=\"twitter:card\" content=\"summary_large_image\" \/>\n<meta name=\"twitter:label1\" content=\"Predpokladan\u00fd \u010das \u010d\u00edtania\" \/>\n\t<meta name=\"twitter:data1\" content=\"3 min\u00faty\" \/>\n<script type=\"application\/ld+json\" class=\"yoast-schema-graph\">{\"@context\":\"https:\/\/schema.org\",\"@graph\":[{\"@type\":\"WebPage\",\"@id\":\"https:\/\/qingdaohf.com\/product\/webbing-sling-oem\/\",\"url\":\"https:\/\/qingdaohf.com\/product\/webbing-sling-oem\/\",\"name\":\"Webbing Sling OEM\",\"isPartOf\":{\"@id\":\"https:\/\/qingdaohf.com\/bg\/#website\"},\"primaryImageOfPage\":{\"@id\":\"https:\/\/qingdaohf.com\/product\/webbing-sling-oem\/#primaryimage\"},\"image\":{\"@id\":\"https:\/\/qingdaohf.com\/product\/webbing-sling-oem\/#primaryimage\"},\"thumbnailUrl\":\"https:\/\/qingdaohf.com\/wp-content\/uploads\/2023\/04\/webbling-sling-2-1.jpg\",\"datePublished\":\"2023-10-23T06:14:46+00:00\",\"dateModified\":\"2025-11-13T01:04:02+00:00\",\"description\":\"Our OEM services allow you to define the precise load capacity, length, width, material, color coding, and any other essential parameters.\",\"breadcrumb\":{\"@id\":\"https:\/\/qingdaohf.com\/product\/webbing-sling-oem\/#breadcrumb\"},\"inLanguage\":\"sk-SK\",\"potentialAction\":[{\"@type\":\"ReadAction\",\"target\":[\"https:\/\/qingdaohf.com\/product\/webbing-sling-oem\/\"]}]},{\"@type\":\"ImageObject\",\"inLanguage\":\"sk-SK\",\"@id\":\"https:\/\/qingdaohf.com\/product\/webbing-sling-oem\/#primaryimage\",\"url\":\"https:\/\/qingdaohf.com\/wp-content\/uploads\/2023\/04\/webbling-sling-2-1.jpg\",\"contentUrl\":\"https:\/\/qingdaohf.com\/wp-content\/uploads\/2023\/04\/webbling-sling-2-1.jpg\",\"width\":1000,\"height\":1000,\"caption\":\"webbling sling\"},{\"@type\":\"BreadcrumbList\",\"@id\":\"https:\/\/qingdaohf.com\/product\/webbing-sling-oem\/#breadcrumb\",\"itemListElement\":[{\"@type\":\"ListItem\",\"position\":1,\"name\":\"Home\",\"item\":\"https:\/\/qingdaohf.com\/\"},{\"@type\":\"ListItem\",\"position\":2,\"name\":\"Concrete Forming Accessories and Rigging Hardware\",\"item\":\"https:\/\/qingdaohf.com\/bg\/?page_id=944\"},{\"@type\":\"ListItem\",\"position\":3,\"name\":\"Webbing Sling OEM\"}]},{\"@type\":\"WebSite\",\"@id\":\"https:\/\/qingdaohf.com\/bg\/#website\",\"url\":\"https:\/\/qingdaohf.com\/bg\/\",\"name\":\"Concrete Form & Rigging Hardware Supplier\",\"description\":\"\",\"publisher\":{\"@id\":\"https:\/\/qingdaohf.com\/bg\/#organization\"},\"potentialAction\":[{\"@type\":\"SearchAction\",\"target\":{\"@type\":\"EntryPoint\",\"urlTemplate\":\"https:\/\/qingdaohf.com\/bg\/?s={search_term_string}\"},\"query-input\":{\"@type\":\"PropertyValueSpecification\",\"valueRequired\":true,\"valueName\":\"search_term_string\"}}],\"inLanguage\":\"sk-SK\"},{\"@type\":\"Organization\",\"@id\":\"https:\/\/qingdaohf.com\/bg\/#organization\",\"name\":\"Qingdao H&F\",\"url\":\"https:\/\/qingdaohf.com\/bg\/\",\"logo\":{\"@type\":\"ImageObject\",\"inLanguage\":\"sk-SK\",\"@id\":\"https:\/\/qingdaohf.com\/bg\/#\/schema\/logo\/image\/\",\"url\":\"https:\/\/qingdaohf.com\/wp-content\/uploads\/2022\/12\/cropped-HF-LOGO.png\",\"contentUrl\":\"https:\/\/qingdaohf.com\/wp-content\/uploads\/2022\/12\/cropped-HF-LOGO.png\",\"width\":391,\"height\":249,\"caption\":\"Qingdao H&F\"},\"image\":{\"@id\":\"https:\/\/qingdaohf.com\/bg\/#\/schema\/logo\/image\/\"},\"sameAs\":[\"https:\/\/www.facebook.com\/qingdaohf\"]}]}<\/script>\n<!-- \/ Yoast SEO plugin. -->","yoast_head_json":{"title":"Webbing Sling OEM","description":"Our OEM services allow you to define the precise load capacity, length, width, material, color coding, and any other essential parameters.","robots":{"index":"index","follow":"follow","max-snippet":"max-snippet:-1","max-image-preview":"max-image-preview:large","max-video-preview":"max-video-preview:-1"},"canonical":"https:\/\/qingdaohf.com\/sk\/produkt\/popruhovy-popruh-oem\/","og_locale":"sk_SK","og_type":"article","og_title":"Webbing Sling OEM","og_description":"Our OEM services allow you to define the precise load capacity, length, width, material, color coding, and any other essential parameters.","og_url":"https:\/\/qingdaohf.com\/sk\/produkt\/popruhovy-popruh-oem\/","og_site_name":"Concrete Form &amp; Rigging Hardware Supplier","article_publisher":"https:\/\/www.facebook.com\/qingdaohf","article_modified_time":"2025-11-13T01:04:02+00:00","og_image":[{"width":1019,"height":563,"url":"https:\/\/qingdaohf.com\/wp-content\/uploads\/2023\/10\/sling.jpg","type":"image\/jpeg"}],"twitter_card":"summary_large_image","twitter_misc":{"Predpokladan\u00fd \u010das \u010d\u00edtania":"3 min\u00faty"},"schema":{"@context":"https:\/\/schema.org","@graph":[{"@type":"WebPage","@id":"https:\/\/qingdaohf.com\/product\/webbing-sling-oem\/","url":"https:\/\/qingdaohf.com\/product\/webbing-sling-oem\/","name":"Webbing Sling OEM","isPartOf":{"@id":"https:\/\/qingdaohf.com\/bg\/#website"},"primaryImageOfPage":{"@id":"https:\/\/qingdaohf.com\/product\/webbing-sling-oem\/#primaryimage"},"image":{"@id":"https:\/\/qingdaohf.com\/product\/webbing-sling-oem\/#primaryimage"},"thumbnailUrl":"https:\/\/qingdaohf.com\/wp-content\/uploads\/2023\/04\/webbling-sling-2-1.jpg","datePublished":"2023-10-23T06:14:46+00:00","dateModified":"2025-11-13T01:04:02+00:00","description":"Our OEM services allow you to define the precise load capacity, length, width, material, color coding, and any other essential parameters.","breadcrumb":{"@id":"https:\/\/qingdaohf.com\/product\/webbing-sling-oem\/#breadcrumb"},"inLanguage":"sk-SK","potentialAction":[{"@type":"ReadAction","target":["https:\/\/qingdaohf.com\/product\/webbing-sling-oem\/"]}]},{"@type":"ImageObject","inLanguage":"sk-SK","@id":"https:\/\/qingdaohf.com\/product\/webbing-sling-oem\/#primaryimage","url":"https:\/\/qingdaohf.com\/wp-content\/uploads\/2023\/04\/webbling-sling-2-1.jpg","contentUrl":"https:\/\/qingdaohf.com\/wp-content\/uploads\/2023\/04\/webbling-sling-2-1.jpg","width":1000,"height":1000,"caption":"webbling sling"},{"@type":"BreadcrumbList","@id":"https:\/\/qingdaohf.com\/product\/webbing-sling-oem\/#breadcrumb","itemListElement":[{"@type":"ListItem","position":1,"name":"Home","item":"https:\/\/qingdaohf.com\/"},{"@type":"ListItem","position":2,"name":"Concrete Forming Accessories and Rigging Hardware","item":"https:\/\/qingdaohf.com\/bg\/?page_id=944"},{"@type":"ListItem","position":3,"name":"Webbing Sling OEM"}]},{"@type":"WebSite","@id":"https:\/\/qingdaohf.com\/bg\/#website","url":"https:\/\/qingdaohf.com\/bg\/","name":"Concrete Form & Rigging Hardware Supplier","description":"","publisher":{"@id":"https:\/\/qingdaohf.com\/bg\/#organization"},"potentialAction":[{"@type":"SearchAction","target":{"@type":"EntryPoint","urlTemplate":"https:\/\/qingdaohf.com\/bg\/?s={search_term_string}"},"query-input":{"@type":"PropertyValueSpecification","valueRequired":true,"valueName":"search_term_string"}}],"inLanguage":"sk-SK"},{"@type":"Organization","@id":"https:\/\/qingdaohf.com\/bg\/#organization","name":"Qingdao H&F","url":"https:\/\/qingdaohf.com\/bg\/","logo":{"@type":"ImageObject","inLanguage":"sk-SK","@id":"https:\/\/qingdaohf.com\/bg\/#\/schema\/logo\/image\/","url":"https:\/\/qingdaohf.com\/wp-content\/uploads\/2022\/12\/cropped-HF-LOGO.png","contentUrl":"https:\/\/qingdaohf.com\/wp-content\/uploads\/2022\/12\/cropped-HF-LOGO.png","width":391,"height":249,"caption":"Qingdao H&F"},"image":{"@id":"https:\/\/qingdaohf.com\/bg\/#\/schema\/logo\/image\/"},"sameAs":["https:\/\/www.facebook.com\/qingdaohf"]}]}},"_links":{"self":[{"href":"https:\/\/qingdaohf.com\/sk\/wp-json\/wp\/v2\/product\/5473","targetHints":{"allow":["GET"]}}],"collection":[{"href":"https:\/\/qingdaohf.com\/sk\/wp-json\/wp\/v2\/product"}],"about":[{"href":"https:\/\/qingdaohf.com\/sk\/wp-json\/wp\/v2\/types\/product"}],"replies":[{"embeddable":true,"href":"https:\/\/qingdaohf.com\/sk\/wp-json\/wp\/v2\/comments?post=5473"}],"version-history":[{"count":8,"href":"https:\/\/qingdaohf.com\/sk\/wp-json\/wp\/v2\/product\/5473\/revisions"}],"predecessor-version":[{"id":6943,"href":"https:\/\/qingdaohf.com\/sk\/wp-json\/wp\/v2\/product\/5473\/revisions\/6943"}],"wp:featuredmedia":[{"embeddable":true,"href":"https:\/\/qingdaohf.com\/sk\/wp-json\/wp\/v2\/media\/5232"}],"wp:attachment":[{"href":"https:\/\/qingdaohf.com\/sk\/wp-json\/wp\/v2\/media?parent=5473"}],"wp:term":[{"taxonomy":"product_brand","embeddable":true,"href":"https:\/\/qingdaohf.com\/sk\/wp-json\/wp\/v2\/product_brand?post=5473"},{"taxonomy":"product_cat","embeddable":true,"href":"https:\/\/qingdaohf.com\/sk\/wp-json\/wp\/v2\/product_cat?post=5473"},{"taxonomy":"product_tag","embeddable":true,"href":"https:\/\/qingdaohf.com\/sk\/wp-json\/wp\/v2\/product_tag?post=5473"}],"curies":[{"name":"wp","href":"https:\/\/api.w.org\/{rel}","templated":true}]}}