{"id":5799,"date":"2023-11-23T11:35:43","date_gmt":"2023-11-23T03:35:43","guid":{"rendered":"http:\/\/qingdaohf.com\/?post_type=product&#038;p=5799"},"modified":"2025-11-13T09:04:01","modified_gmt":"2025-11-13T01:04:01","slug":"towing-shackle","status":"publish","type":"product","link":"https:\/\/qingdaohf.com\/sk\/produkt\/tazne-zariadenie\/","title":{"rendered":"\u0164a\u017en\u00e9 p\u00fatko"},"content":{"rendered":"<h2>V\u00fdhody na\u0161ich \u0165a\u017en\u00fdch okovov:<\/h2>\n<h3>Vysok\u00e1 pevnos\u0165 v \u0165ahu:<\/h3>\n<p>Na\u0161e \u0165a\u017en\u00e9 ok\u00e1 sa vyzna\u010duj\u00fa vynikaj\u00facou pevnos\u0165ou v \u0165ahu, \u010do zaru\u010duje spo\u013eahliv\u00fd v\u00fdkon pri ve\u013ekom za\u0165a\u017een\u00ed. Va\u0161i z\u00e1kazn\u00edci po\u017eaduj\u00fa kvalitu a my ju poskytujeme.<\/p>\n<h3>Odolnos\u0165 proti kor\u00f3zii:<\/h3>\n<p>V\u00fdnimo\u010dnou vlastnos\u0165ou na\u0161ich p\u00fat je ich v\u00fdnimo\u010dn\u00e1 odolnos\u0165 vo\u010di kor\u00f3zii. V\u010faka inovat\u00edvnym materi\u00e1lom a n\u00e1terom zabezpe\u010dujeme ich dlh\u0161iu \u017eivotnos\u0165, tak\u017ee s\u00fa ide\u00e1lne do r\u00f4znych prostred\u00ed, od n\u00e1morn\u00fdch aplik\u00e1ci\u00ed a\u017e po n\u00e1ro\u010dn\u00e9 priemyseln\u00e9 prostredie.<\/p>\n<h3>Presn\u00e9 in\u017einierstvo:<\/h3>\n<p>Ka\u017ed\u00fd z\u00e1ves je starostlivo skon\u0161truovan\u00fd s oh\u013eadom na presnos\u0165. To zaru\u010duje dokonal\u00e9 prisp\u00f4sobenie, zni\u017euje opotrebovanie a zvy\u0161uje celkov\u00fa bezpe\u010dnos\u0165 pri \u0165ahan\u00ed.<\/p>\n<h3>V\u0161estrannos\u0165 aplik\u00e1ci\u00ed:<\/h3>\n<p>Na\u0161e \u0165a\u017en\u00e9 ok\u00e1 s\u00fa navrhnut\u00e9 s oh\u013eadom na v\u0161estrannos\u0165. \u010ci u\u017e ide o \u0165a\u017ek\u00fa komer\u010dn\u00fa \u0165a\u017en\u00fa techniku, alebo \u0161pecializovan\u00e9 priemyseln\u00e9 aplik\u00e1cie, na\u0161e v\u00fdrobky vyhovuj\u00fa \u0161irokej \u0161k\u00e1le potrieb, v\u010faka \u010domu s\u00fa vhodn\u00fdm rie\u0161en\u00edm pre r\u00f4zne odvetvia.<\/p>\n<h3>S\u00falad s priemyseln\u00fdmi normami:<\/h3>\n<p>Sme hrd\u00ed na to, \u017ee prekon\u00e1vame priemyseln\u00e9 normy. Na\u0161e \u0165a\u017en\u00e9 ok\u00e1 nie s\u00fa len v s\u00falade s predpismi, ale id\u00fa nad ich r\u00e1mec a sp\u013a\u0148aj\u00fa alebo prekon\u00e1vaj\u00fa predpisy, aby zabezpe\u010dili najvy\u0161\u0161iu \u00farove\u0148 bezpe\u010dnosti a spo\u013eahlivosti.<\/p>\n<h2>Va\u0161e obavy, na\u0161e rie\u0161enia:<\/h2>\n<h3>Zabezpe\u010denie kvality v\u00fdrobkov:<\/h3>\n<p>Na\u0161e \u0165a\u017en\u00e9 ok\u00e1 prech\u00e1dzaj\u00fa pr\u00edsnymi kontrolami kvality a sp\u013a\u0148aj\u00fa a prekon\u00e1vaj\u00fa priemyseln\u00e9 normy. Vysok\u00e1 pevnos\u0165 v \u0165ahu a odolnos\u0165 proti kor\u00f3zii s\u00fa k\u013e\u00fa\u010dov\u00e9 prvky, ktor\u00e9 na\u0161e v\u00fdrobky odli\u0161uj\u00fa.<\/p>\n<h3>D\u00f4veryhodnos\u0165 dod\u00e1vate\u013ea:<\/h3>\n<p>V\u010faka 20 rokom sk\u00fasenost\u00ed sme sa stali d\u00f4veryhodnou zahrani\u010dnou obchodnou spolo\u010dnos\u0165ou s vlastnou tov\u00e1r\u0148ou. Presn\u00e9 technick\u00e9 spracovanie na\u0161ich okovov odr\u00e1\u017ea n\u00e1\u0161 z\u00e1v\u00e4zok k spo\u013eahlivosti a dokonalosti.<\/p>\n<h3>Cenov\u00e1 konkurencieschopnos\u0165:<\/h3>\n<p>Pon\u00fakame konkurencieschopn\u00e9 ceny bez kompromisov v kvalite na\u0161ich \u0165a\u017en\u00fdch ok. Hodnota, ktor\u00fa prin\u00e1\u0161aj\u00fa, najm\u00e4 v\u010faka svojej v\u0161estrannosti a s\u00faladu s priemyseln\u00fdmi normami, v\u00e1m zaru\u010d\u00ed, \u017ee zo svojej invest\u00edcie z\u00edskate maximum.<\/p>\n<h3>Preprava a doru\u010denie:<\/h3>\n<p>Na\u0161a efekt\u00edvna logistika zabezpe\u010duje v\u010dasn\u00e9 dodanie a kor\u00f3zii odoln\u00e9 vlastnosti na\u0161ich okovov zaru\u010duj\u00fa, \u017ee bud\u00fa dodan\u00e9 v najlep\u0161om stave.<\/p>\n<h3>Mo\u017enosti prisp\u00f4sobenia:<\/h3>\n<p>Na\u0161e \u0165a\u017en\u00e9 ok\u00e1 umo\u017e\u0148uj\u00fa prisp\u00f4sobenie va\u0161im \u0161pecifick\u00fdm potreb\u00e1m. \u010ci u\u017e ide o \u00fapravu pevnosti v \u0165ahu alebo in\u00fdch \u0161pecifik\u00e1ci\u00ed, na\u0161e prec\u00edzne in\u017einierstvo umo\u017e\u0148uje rie\u0161enia na mieru.<\/p>\n<h3>Platobn\u00e9 podmienky:<\/h3>\n<p>Vyjednajte si platobn\u00e9 podmienky, ktor\u00e9 zodpovedaj\u00fa va\u0161im finan\u010dn\u00fdm mo\u017enostiam. N\u00e1\u0161 z\u00e1v\u00e4zok kvality a dodr\u017eiavania predpisov v\u00e1m zaru\u010d\u00ed, \u017ee va\u0161a invest\u00edcia je bezpe\u010dn\u00e1.<\/p>\n<h3>Komunik\u00e1cia a schopnos\u0165 reagova\u0165:<\/h3>\n<p>N\u00e1\u0161 \u0161pecializovan\u00fd individu\u00e1lny z\u00e1kazn\u00edcky servis zabezpe\u010duje r\u00fdchlu a efekt\u00edvnu komunik\u00e1ciu po\u010das cel\u00e9ho procesu n\u00e1kupu. Ak\u00e9ko\u013evek ot\u00e1zky alebo obavy s\u00fa rie\u0161en\u00e9 s prec\u00edznos\u0165ou, ktor\u00e1 odr\u00e1\u017ea na\u0161e produktov\u00e9 in\u017einierstvo.<\/p>\n<h3>Popredajn\u00e1 podpora:<\/h3>\n<p>Informujte sa o popredajnej podpore a z\u00e1ru\u010dn\u00fdch podmienkach dod\u00e1vate\u013ea. Na\u0161a filozofia neust\u00e1leho zlep\u0161ovania zaru\u010duje nepretr\u017eit\u00fa podporu a\u017e do dodania tovaru, ktor\u00fd spln\u00ed alebo prekon\u00e1 va\u0161e o\u010dak\u00e1vania.<\/p>\n<p>Zlep\u0161ite svoju B2B hru s H&amp;F. Prin\u00e1\u0161ame kvalitu, spo\u013eahlivos\u0165 a bezprobl\u00e9mov\u00e9 transakcie. Spojte sa s nami, aby ste z\u00edskali cenov\u00fa ponuku alebo prediskutovali svoje potreby t\u00fdkaj\u00face sa hromadn\u00fdch \u0165a\u017en\u00fdch ok. Vybudujme partnerstvo, ktor\u00e9 vydr\u017e\u00ed!<\/p>","protected":false},"excerpt":{"rendered":"<p>Teraz ste n\u00e1kupca s 20-ro\u010dnou praxou. \u0160pecializuje sa na n\u00e1kup \u0165a\u017en\u00fdch okovov. Teraz ste pripraven\u00ed nakupova\u0165 produkty v slu\u017ebe Google.<br \/>\nPo\u010fme si pohovori\u0165 o ot\u00e1zkach, ktor\u00e9 kupuj\u00facich najviac zauj\u00edmaj\u00fa.<br \/>\nV reakcii na uveden\u00e9 probl\u00e9my poskytujeme najrozumnej\u0161ie rie\u0161enia, aby kupuj\u00faci mohli s d\u00f4verou posiela\u0165 ot\u00e1zky.<\/p>","protected":false},"featured_media":5806,"comment_status":"open","ping_status":"closed","template":"","meta":{"site-sidebar-layout":"default","site-content-layout":"","ast-site-content-layout":"default","site-content-style":"default","site-sidebar-style":"default","ast-global-header-display":"","ast-banner-title-visibility":"","ast-main-header-display":"","ast-hfb-above-header-display":"","ast-hfb-below-header-display":"","ast-hfb-mobile-header-display":"","site-post-title":"","ast-breadcrumbs-content":"","ast-featured-img":"","footer-sml-layout":"","theme-transparent-header-meta":"default","adv-header-id-meta":"","stick-header-meta":"default","header-above-stick-meta":"","header-main-stick-meta":"","header-below-stick-meta":"","astra-migrate-meta-layouts":"set","ast-page-background-enabled":"default","ast-page-background-meta":{"desktop":{"background-color":"","background-image":"","background-repeat":"repeat","background-position":"center center","background-size":"auto","background-attachment":"scroll","background-type":"","background-media":"","overlay-type":"","overlay-color":"","overlay-opacity":"","overlay-gradient":""},"tablet":{"background-color":"","background-image":"","background-repeat":"repeat","background-position":"center center","background-size":"auto","background-attachment":"scroll","background-type":"","background-media":"","overlay-type":"","overlay-color":"","overlay-opacity":"","overlay-gradient":""},"mobile":{"background-color":"","background-image":"","background-repeat":"repeat","background-position":"center center","background-size":"auto","background-attachment":"scroll","background-type":"","background-media":"","overlay-type":"","overlay-color":"","overlay-opacity":"","overlay-gradient":""}},"ast-content-background-meta":{"desktop":{"background-color":"var(--ast-global-color-5)","background-image":"","background-repeat":"repeat","background-position":"center center","background-size":"auto","background-attachment":"scroll","background-type":"","background-media":"","overlay-type":"","overlay-color":"","overlay-opacity":"","overlay-gradient":""},"tablet":{"background-color":"var(--ast-global-color-5)","background-image":"","background-repeat":"repeat","background-position":"center center","background-size":"auto","background-attachment":"scroll","background-type":"","background-media":"","overlay-type":"","overlay-color":"","overlay-opacity":"","overlay-gradient":""},"mobile":{"background-color":"var(--ast-global-color-5)","background-image":"","background-repeat":"repeat","background-position":"center center","background-size":"auto","background-attachment":"scroll","background-type":"","background-media":"","overlay-type":"","overlay-color":"","overlay-opacity":"","overlay-gradient":""}}},"product_brand":[],"product_cat":[51,54],"product_tag":[],"class_list":{"0":"post-5799","1":"product","2":"type-product","3":"status-publish","4":"has-post-thumbnail","6":"product_cat-riggging-hardware","7":"product_cat-shackle","8":"desktop-align-left","9":"tablet-align-left","10":"mobile-align-left","11":"ast-product-gallery-layout-horizontal-slider","12":"ast-product-tabs-layout-horizontal","14":"first","15":"instock","16":"shipping-taxable","17":"purchasable","18":"product-type-simple"},"yoast_head":"<!-- This site is optimized with the Yoast SEO plugin v25.2 - https:\/\/yoast.com\/wordpress\/plugins\/seo\/ -->\n<title>Towing Shackle<\/title>\n<meta name=\"description\" content=\"Our Towing Shackles boast superior tensile strength, ensuring reliable performance under heavy loads. Your clients demand quality, and we deliver\" \/>\n<meta name=\"robots\" content=\"index, follow, max-snippet:-1, max-image-preview:large, max-video-preview:-1\" \/>\n<link rel=\"canonical\" href=\"https:\/\/qingdaohf.com\/sk\/produkt\/tazne-zariadenie\/\" \/>\n<meta property=\"og:locale\" content=\"sk_SK\" \/>\n<meta property=\"og:type\" content=\"article\" \/>\n<meta property=\"og:title\" content=\"Towing Shackle\" \/>\n<meta property=\"og:description\" content=\"Our Towing Shackles boast superior tensile strength, ensuring reliable performance under heavy loads. Your clients demand quality, and we deliver\" \/>\n<meta property=\"og:url\" content=\"https:\/\/qingdaohf.com\/sk\/produkt\/tazne-zariadenie\/\" \/>\n<meta property=\"og:site_name\" content=\"Concrete Form &amp; Rigging Hardware Supplier\" \/>\n<meta property=\"article:publisher\" content=\"https:\/\/www.facebook.com\/qingdaohf\" \/>\n<meta property=\"article:modified_time\" content=\"2025-11-13T01:04:01+00:00\" \/>\n<meta property=\"og:image\" content=\"https:\/\/qingdaohf.com\/wp-content\/uploads\/2023\/11\/Towing-shackle-9.jpg\" \/>\n\t<meta property=\"og:image:width\" content=\"800\" \/>\n\t<meta property=\"og:image:height\" content=\"800\" \/>\n\t<meta property=\"og:image:type\" content=\"image\/jpeg\" \/>\n<meta name=\"twitter:card\" content=\"summary_large_image\" \/>\n<meta name=\"twitter:label1\" content=\"Predpokladan\u00fd \u010das \u010d\u00edtania\" \/>\n\t<meta name=\"twitter:data1\" content=\"2 min\u00faty\" \/>\n<script type=\"application\/ld+json\" class=\"yoast-schema-graph\">{\"@context\":\"https:\/\/schema.org\",\"@graph\":[{\"@type\":\"WebPage\",\"@id\":\"https:\/\/qingdaohf.com\/product\/towing-shackle\/\",\"url\":\"https:\/\/qingdaohf.com\/product\/towing-shackle\/\",\"name\":\"Towing Shackle\",\"isPartOf\":{\"@id\":\"https:\/\/qingdaohf.com\/bg\/#website\"},\"primaryImageOfPage\":{\"@id\":\"https:\/\/qingdaohf.com\/product\/towing-shackle\/#primaryimage\"},\"image\":{\"@id\":\"https:\/\/qingdaohf.com\/product\/towing-shackle\/#primaryimage\"},\"thumbnailUrl\":\"https:\/\/qingdaohf.com\/wp-content\/uploads\/2023\/11\/Towing-shackle-9.jpg\",\"datePublished\":\"2023-11-23T03:35:43+00:00\",\"dateModified\":\"2025-11-13T01:04:01+00:00\",\"description\":\"Our Towing Shackles boast superior tensile strength, ensuring reliable performance under heavy loads. Your clients demand quality, and we deliver\",\"breadcrumb\":{\"@id\":\"https:\/\/qingdaohf.com\/product\/towing-shackle\/#breadcrumb\"},\"inLanguage\":\"sk-SK\",\"potentialAction\":[{\"@type\":\"ReadAction\",\"target\":[\"https:\/\/qingdaohf.com\/product\/towing-shackle\/\"]}]},{\"@type\":\"ImageObject\",\"inLanguage\":\"sk-SK\",\"@id\":\"https:\/\/qingdaohf.com\/product\/towing-shackle\/#primaryimage\",\"url\":\"https:\/\/qingdaohf.com\/wp-content\/uploads\/2023\/11\/Towing-shackle-9.jpg\",\"contentUrl\":\"https:\/\/qingdaohf.com\/wp-content\/uploads\/2023\/11\/Towing-shackle-9.jpg\",\"width\":800,\"height\":800,\"caption\":\"Towing shackle\"},{\"@type\":\"BreadcrumbList\",\"@id\":\"https:\/\/qingdaohf.com\/product\/towing-shackle\/#breadcrumb\",\"itemListElement\":[{\"@type\":\"ListItem\",\"position\":1,\"name\":\"Home\",\"item\":\"https:\/\/qingdaohf.com\/\"},{\"@type\":\"ListItem\",\"position\":2,\"name\":\"Concrete Forming Accessories and Rigging Hardware\",\"item\":\"https:\/\/qingdaohf.com\/bg\/?page_id=944\"},{\"@type\":\"ListItem\",\"position\":3,\"name\":\"Towing Shackle\"}]},{\"@type\":\"WebSite\",\"@id\":\"https:\/\/qingdaohf.com\/bg\/#website\",\"url\":\"https:\/\/qingdaohf.com\/bg\/\",\"name\":\"Concrete Form & Rigging Hardware Supplier\",\"description\":\"\",\"publisher\":{\"@id\":\"https:\/\/qingdaohf.com\/bg\/#organization\"},\"potentialAction\":[{\"@type\":\"SearchAction\",\"target\":{\"@type\":\"EntryPoint\",\"urlTemplate\":\"https:\/\/qingdaohf.com\/bg\/?s={search_term_string}\"},\"query-input\":{\"@type\":\"PropertyValueSpecification\",\"valueRequired\":true,\"valueName\":\"search_term_string\"}}],\"inLanguage\":\"sk-SK\"},{\"@type\":\"Organization\",\"@id\":\"https:\/\/qingdaohf.com\/bg\/#organization\",\"name\":\"Qingdao H&F\",\"url\":\"https:\/\/qingdaohf.com\/bg\/\",\"logo\":{\"@type\":\"ImageObject\",\"inLanguage\":\"sk-SK\",\"@id\":\"https:\/\/qingdaohf.com\/bg\/#\/schema\/logo\/image\/\",\"url\":\"https:\/\/qingdaohf.com\/wp-content\/uploads\/2022\/12\/cropped-HF-LOGO.png\",\"contentUrl\":\"https:\/\/qingdaohf.com\/wp-content\/uploads\/2022\/12\/cropped-HF-LOGO.png\",\"width\":391,\"height\":249,\"caption\":\"Qingdao H&F\"},\"image\":{\"@id\":\"https:\/\/qingdaohf.com\/bg\/#\/schema\/logo\/image\/\"},\"sameAs\":[\"https:\/\/www.facebook.com\/qingdaohf\"]}]}<\/script>\n<!-- \/ Yoast SEO plugin. -->","yoast_head_json":{"title":"Towing Shackle","description":"Our Towing Shackles boast superior tensile strength, ensuring reliable performance under heavy loads. Your clients demand quality, and we deliver","robots":{"index":"index","follow":"follow","max-snippet":"max-snippet:-1","max-image-preview":"max-image-preview:large","max-video-preview":"max-video-preview:-1"},"canonical":"https:\/\/qingdaohf.com\/sk\/produkt\/tazne-zariadenie\/","og_locale":"sk_SK","og_type":"article","og_title":"Towing Shackle","og_description":"Our Towing Shackles boast superior tensile strength, ensuring reliable performance under heavy loads. Your clients demand quality, and we deliver","og_url":"https:\/\/qingdaohf.com\/sk\/produkt\/tazne-zariadenie\/","og_site_name":"Concrete Form &amp; Rigging Hardware Supplier","article_publisher":"https:\/\/www.facebook.com\/qingdaohf","article_modified_time":"2025-11-13T01:04:01+00:00","og_image":[{"width":800,"height":800,"url":"https:\/\/qingdaohf.com\/wp-content\/uploads\/2023\/11\/Towing-shackle-9.jpg","type":"image\/jpeg"}],"twitter_card":"summary_large_image","twitter_misc":{"Predpokladan\u00fd \u010das \u010d\u00edtania":"2 min\u00faty"},"schema":{"@context":"https:\/\/schema.org","@graph":[{"@type":"WebPage","@id":"https:\/\/qingdaohf.com\/product\/towing-shackle\/","url":"https:\/\/qingdaohf.com\/product\/towing-shackle\/","name":"Towing Shackle","isPartOf":{"@id":"https:\/\/qingdaohf.com\/bg\/#website"},"primaryImageOfPage":{"@id":"https:\/\/qingdaohf.com\/product\/towing-shackle\/#primaryimage"},"image":{"@id":"https:\/\/qingdaohf.com\/product\/towing-shackle\/#primaryimage"},"thumbnailUrl":"https:\/\/qingdaohf.com\/wp-content\/uploads\/2023\/11\/Towing-shackle-9.jpg","datePublished":"2023-11-23T03:35:43+00:00","dateModified":"2025-11-13T01:04:01+00:00","description":"Our Towing Shackles boast superior tensile strength, ensuring reliable performance under heavy loads. Your clients demand quality, and we deliver","breadcrumb":{"@id":"https:\/\/qingdaohf.com\/product\/towing-shackle\/#breadcrumb"},"inLanguage":"sk-SK","potentialAction":[{"@type":"ReadAction","target":["https:\/\/qingdaohf.com\/product\/towing-shackle\/"]}]},{"@type":"ImageObject","inLanguage":"sk-SK","@id":"https:\/\/qingdaohf.com\/product\/towing-shackle\/#primaryimage","url":"https:\/\/qingdaohf.com\/wp-content\/uploads\/2023\/11\/Towing-shackle-9.jpg","contentUrl":"https:\/\/qingdaohf.com\/wp-content\/uploads\/2023\/11\/Towing-shackle-9.jpg","width":800,"height":800,"caption":"Towing shackle"},{"@type":"BreadcrumbList","@id":"https:\/\/qingdaohf.com\/product\/towing-shackle\/#breadcrumb","itemListElement":[{"@type":"ListItem","position":1,"name":"Home","item":"https:\/\/qingdaohf.com\/"},{"@type":"ListItem","position":2,"name":"Concrete Forming Accessories and Rigging Hardware","item":"https:\/\/qingdaohf.com\/bg\/?page_id=944"},{"@type":"ListItem","position":3,"name":"Towing Shackle"}]},{"@type":"WebSite","@id":"https:\/\/qingdaohf.com\/bg\/#website","url":"https:\/\/qingdaohf.com\/bg\/","name":"Concrete Form & Rigging Hardware Supplier","description":"","publisher":{"@id":"https:\/\/qingdaohf.com\/bg\/#organization"},"potentialAction":[{"@type":"SearchAction","target":{"@type":"EntryPoint","urlTemplate":"https:\/\/qingdaohf.com\/bg\/?s={search_term_string}"},"query-input":{"@type":"PropertyValueSpecification","valueRequired":true,"valueName":"search_term_string"}}],"inLanguage":"sk-SK"},{"@type":"Organization","@id":"https:\/\/qingdaohf.com\/bg\/#organization","name":"Qingdao H&F","url":"https:\/\/qingdaohf.com\/bg\/","logo":{"@type":"ImageObject","inLanguage":"sk-SK","@id":"https:\/\/qingdaohf.com\/bg\/#\/schema\/logo\/image\/","url":"https:\/\/qingdaohf.com\/wp-content\/uploads\/2022\/12\/cropped-HF-LOGO.png","contentUrl":"https:\/\/qingdaohf.com\/wp-content\/uploads\/2022\/12\/cropped-HF-LOGO.png","width":391,"height":249,"caption":"Qingdao H&F"},"image":{"@id":"https:\/\/qingdaohf.com\/bg\/#\/schema\/logo\/image\/"},"sameAs":["https:\/\/www.facebook.com\/qingdaohf"]}]}},"_links":{"self":[{"href":"https:\/\/qingdaohf.com\/sk\/wp-json\/wp\/v2\/product\/5799","targetHints":{"allow":["GET"]}}],"collection":[{"href":"https:\/\/qingdaohf.com\/sk\/wp-json\/wp\/v2\/product"}],"about":[{"href":"https:\/\/qingdaohf.com\/sk\/wp-json\/wp\/v2\/types\/product"}],"replies":[{"embeddable":true,"href":"https:\/\/qingdaohf.com\/sk\/wp-json\/wp\/v2\/comments?post=5799"}],"version-history":[{"count":3,"href":"https:\/\/qingdaohf.com\/sk\/wp-json\/wp\/v2\/product\/5799\/revisions"}],"predecessor-version":[{"id":5824,"href":"https:\/\/qingdaohf.com\/sk\/wp-json\/wp\/v2\/product\/5799\/revisions\/5824"}],"wp:featuredmedia":[{"embeddable":true,"href":"https:\/\/qingdaohf.com\/sk\/wp-json\/wp\/v2\/media\/5806"}],"wp:attachment":[{"href":"https:\/\/qingdaohf.com\/sk\/wp-json\/wp\/v2\/media?parent=5799"}],"wp:term":[{"taxonomy":"product_brand","embeddable":true,"href":"https:\/\/qingdaohf.com\/sk\/wp-json\/wp\/v2\/product_brand?post=5799"},{"taxonomy":"product_cat","embeddable":true,"href":"https:\/\/qingdaohf.com\/sk\/wp-json\/wp\/v2\/product_cat?post=5799"},{"taxonomy":"product_tag","embeddable":true,"href":"https:\/\/qingdaohf.com\/sk\/wp-json\/wp\/v2\/product_tag?post=5799"}],"curies":[{"name":"wp","href":"https:\/\/api.w.org\/{rel}","templated":true}]}}