{"id":5827,"date":"2023-11-24T11:43:29","date_gmt":"2023-11-24T03:43:29","guid":{"rendered":"http:\/\/qingdaohf.com\/?post_type=product&#038;p=5827"},"modified":"2025-11-13T09:04:01","modified_gmt":"2025-11-13T01:04:01","slug":"wire-buckle","status":"publish","type":"product","link":"https:\/\/qingdaohf.com\/sk\/produkt\/drotena-spona\/","title":{"rendered":"Dr\u00f4ten\u00e1 spona"},"content":{"rendered":"<h2><img fetchpriority=\"high\" decoding=\"async\" class=\"alignnone wp-image-9549 size-full\" style=\"font-size: 1.7em;\" src=\"http:\/\/qingdaohf.com\/wp-content\/uploads\/2023\/11\/strapping-banner.jpg\" alt=\"\" width=\"1640\" height=\"924\" srcset=\"https:\/\/qingdaohf.com\/wp-content\/uploads\/2023\/11\/strapping-banner.jpg 1640w, https:\/\/qingdaohf.com\/wp-content\/uploads\/2023\/11\/strapping-banner-300x169.jpg 300w, https:\/\/qingdaohf.com\/wp-content\/uploads\/2023\/11\/strapping-banner-1024x577.jpg 1024w, https:\/\/qingdaohf.com\/wp-content\/uploads\/2023\/11\/strapping-banner-768x433.jpg 768w, https:\/\/qingdaohf.com\/wp-content\/uploads\/2023\/11\/strapping-banner-1536x865.jpg 1536w, https:\/\/qingdaohf.com\/wp-content\/uploads\/2023\/11\/strapping-banner-18x10.jpg 18w, https:\/\/qingdaohf.com\/wp-content\/uploads\/2023\/11\/strapping-banner-1000x563.jpg 1000w\" sizes=\"(max-width: 1640px) 100vw, 1640px\" \/><img decoding=\"async\" class=\"alignnone wp-image-9548 size-full\" src=\"http:\/\/qingdaohf.com\/wp-content\/uploads\/2023\/11\/strapping-buckle.jpg\" alt=\"\" width=\"1000\" height=\"828\" srcset=\"https:\/\/qingdaohf.com\/wp-content\/uploads\/2023\/11\/strapping-buckle.jpg 1000w, https:\/\/qingdaohf.com\/wp-content\/uploads\/2023\/11\/strapping-buckle-300x248.jpg 300w, https:\/\/qingdaohf.com\/wp-content\/uploads\/2023\/11\/strapping-buckle-768x636.jpg 768w, https:\/\/qingdaohf.com\/wp-content\/uploads\/2023\/11\/strapping-buckle-14x12.jpg 14w\" sizes=\"(max-width: 1000px) 100vw, 1000px\" \/><\/h2>\n<h2><strong>Vlastnosti:<\/strong><\/h2>\n<p><strong>Materi\u00e1l:<\/strong>\u00a0Dr\u00f4ten\u00e9 spony sa zvy\u010dajne vyr\u00e1baj\u00fa z kovu, pri\u010dom be\u017enou vo\u013ebou je nehrdzavej\u00faca oce\u013e v\u010faka svojej odolnosti vo\u010di kor\u00f3zii a pevnosti.<\/p>\n<p><strong>Dizajn: <\/strong>Typick\u00e1 kon\u0161trukcia dr\u00f4tenej pracky zah\u0155\u0148a obd\u013a\u017enikov\u00fd alebo zakriven\u00fd r\u00e1m s dvoma alebo viacer\u00fdmi hrotmi alebo dr\u00e1\u017ekami na prevle\u010denie popruhu.<\/p>\n<p><strong>V\u0161estrannos\u0165:<\/strong>\u00a0Dr\u00f4ten\u00e9 spony s\u00fa univerz\u00e1lne a mo\u017eno ich pou\u017ei\u0165 na r\u00f4zne materi\u00e1ly popruhov vr\u00e1tane polypropyl\u00e9nov\u00fdch, polyesterov\u00fdch a oce\u013eov\u00fdch popruhov.<\/p>\n<p>&nbsp;<\/p>\n<h2><strong>Aplik\u00e1cie:<\/strong><\/h2>\n<p><strong>P\u00e1skovanie a balenie:<\/strong>\u00a0Jedn\u00fdm z hlavn\u00fdch pou\u017eit\u00ed dr\u00f4ten\u00fdch sp\u00f4n je p\u00e1skovanie a balenie. Pou\u017e\u00edvaj\u00fa sa na upevnenie a utiahnutie p\u00e1sok okolo obalov, \u010d\u00edm vytv\u00e1raj\u00fa pevn\u00fd a spo\u013eahliv\u00fd uz\u00e1ver.<\/p>\n<p><strong>Doprava a preprava:<\/strong>\u00a0Dr\u00f4ten\u00e9 spony zohr\u00e1vaj\u00fa k\u013e\u00fa\u010dov\u00fa \u00falohu pri zabezpe\u010dovan\u00ed bezpe\u010dn\u00e9ho zviazania tovaru na \u00fa\u010dely prepravy a dopravy. Je to d\u00f4le\u017eit\u00e9 najm\u00e4 preto, aby sa zabr\u00e1nilo po\u0161kodeniu po\u010das prepravy.<\/p>\n<p><strong>V\u00fdstavba a stavebn\u00edctvo:<\/strong>\u00a0V stavebn\u00edctve sa dr\u00f4ten\u00e9 spony pou\u017e\u00edvaj\u00fa na upevnenie a spojenie materi\u00e1lov, ako s\u00fa dreven\u00e9 tr\u00e1my, kovov\u00e9 p\u00e1sky alebo in\u00e9 stavebn\u00e9 komponenty.<\/p>\n<p><strong>Logistika a skladovanie:<\/strong>\u00a0V skladoch sa \u010dasto pou\u017e\u00edvaj\u00fa dr\u00f4ten\u00e9 spony na zv\u00e4zovanie a upev\u0148ovanie polo\u017eiek na palet\u00e1ch alebo v skladovac\u00edch jednotk\u00e1ch. Pom\u00e1ha to pri organiz\u00e1cii a optimaliz\u00e1cii priestoru.<\/p>\n<p><strong>Outdoorov\u00e9 a rekrea\u010dn\u00e9 aktivity:<\/strong>\u00a0Dr\u00f4ten\u00e9 spony sa niekedy pou\u017e\u00edvaj\u00fa v outdoorovom a rekrea\u010dnom prostred\u00ed, napr\u00edklad pri kempovan\u00ed alebo turistike, na upevnenie popruhov na stany, batohy alebo in\u00fd v\u00fdstroj.<\/p>\n<p><strong>Projekty DIY:<\/strong>\u00a0Jednotlivci, ktor\u00ed sa venuj\u00fa projektom typu \"urob si s\u00e1m\", m\u00f4\u017eu pou\u017e\u00edva\u0165 dr\u00f4ten\u00e9 spony na sp\u00e1janie materi\u00e1lov na r\u00f4zne \u00fa\u010dely, napr\u00edklad na vytv\u00e1ranie vlastn\u00fdch popruhov alebo upev\u0148ovanie predmetov.<\/p>\n<p><strong>Automobilov\u00fd priemysel:<\/strong>\u00a0Dr\u00f4ten\u00e9 spony mo\u017eno n\u00e1js\u0165 v automobilovom priemysle, kde sa m\u00f4\u017eu pou\u017e\u00edva\u0165 na zabezpe\u010denie komponentov po\u010das v\u00fdroby alebo na zv\u00e4zovanie k\u00e1blov.<\/p>\n<p>&nbsp;<\/p>\n<h2>Na pou\u017eitie s<\/h2>\n<p>Dr\u00f4ten\u00e9 spony sa \u010dasto pou\u017e\u00edvaj\u00fa v spojen\u00ed s cel\u00fdm radom \u010fal\u0161\u00edch v\u00fdrobkov na vytvorenie bezpe\u010dn\u00fdch a spo\u013eahliv\u00fdch spojen\u00ed v r\u00f4znych aplik\u00e1ci\u00e1ch.<\/p>\n<h3><strong>Polyesterov\u00e9 alebo nylonov\u00e9 popruhy:<\/strong><\/h3>\n<p>Pou\u017eitie: Pou\u017e\u00edva sa na zdv\u00edhanie, upev\u0148ovanie n\u00e1kladu alebo na vytv\u00e1ranie vlastn\u00fdch rie\u0161en\u00ed viazania.<\/p>\n<p>Pr\u00edklad: Dr\u00f4ten\u00e9 spony mo\u017eno pou\u017ei\u0165 s polyesterov\u00fdmi alebo nylonov\u00fdmi popruhmi na vytvorenie nastavite\u013en\u00fdch popruhov na upevnenie n\u00e1kladu na n\u00e1kladn\u00fdch vozidl\u00e1ch alebo v skladoch.<\/p>\n<h3><strong>Dr\u00f4ten\u00e9 lano:<\/strong><\/h3>\n<p>Pou\u017eitie: Be\u017ene sa pou\u017e\u00edva na zdv\u00edhanie, upev\u0148ovanie a zais\u0165ovanie \u0165a\u017ek\u00fdch bremien.<\/p>\n<p>Pr\u00edklad: Dr\u00f4ten\u00e9 spony sa m\u00f4\u017eu pou\u017ei\u0165 s oce\u013eov\u00fdm lanom na vytvorenie z\u00e1vesov na zdv\u00edhanie a zdv\u00edhanie v stavebn\u00edctve alebo vo v\u00fdrobe.<\/p>\n<h3>N\u00e1kladn\u00e9 siete:<\/h3>\n<p>Pou\u017eitie: Pou\u017e\u00edva sa na upevnenie nepravidelne tvarovan\u00fdch alebo vo\u013en\u00fdch n\u00e1kladov po\u010das prepravy.<\/p>\n<p>Pr\u00edklad: Dr\u00f4ten\u00e9 spony m\u00f4\u017eu by\u0165 integrovan\u00e9 do kon\u0161trukcie n\u00e1kladn\u00fdch siet\u00ed, aby poskytovali nastavite\u013en\u00e9 a bezpe\u010dn\u00e9 upev\u0148ovacie body.<\/p>\n<h3><strong>Z\u00e1padkov\u00e9 popruhy:<\/strong><\/h3>\n<p>Pou\u017eitie: Ide\u00e1lne na upevnenie n\u00e1kladu na n\u00e1kladn\u00fdch vozidl\u00e1ch, pr\u00edvesoch alebo na v\u0161eobecn\u00e9 viazanie.<\/p>\n<p>Pr\u00edklad: Dr\u00f4ten\u00e9 pracky m\u00f4\u017eu by\u0165 s\u00fa\u010das\u0165ou zostavy ra\u010d\u0148ov\u00fdch popruhov, ktor\u00e9 poskytuj\u00fa r\u00fdchly a nastavite\u013en\u00fd upev\u0148ovac\u00ed mechanizmus.<\/p>\n<h3><strong>Zdv\u00edhacie popruhy:<\/strong><\/h3>\n<p>Pou\u017eitie: Pou\u017e\u00edva sa na zdv\u00edhanie a vy\u0165ahovanie \u0165a\u017ek\u00fdch predmetov v r\u00f4znych odvetviach.<\/p>\n<p>Pr\u00edklad: Do kon\u0161trukcie zdv\u00edhac\u00edch popruhov mo\u017eno zakomponova\u0165 dr\u00f4ten\u00e9 spony, ktor\u00e9 umo\u017e\u0148uj\u00fa nastavenie d\u013a\u017eky a zaistenie n\u00e1kladu.<\/p>\n<h3><strong>Popruhy plachty:<\/strong><\/h3>\n<p>Pou\u017eitie: Pou\u017e\u00edva sa na upevnenie plachiet a krytov na n\u00e1kladn\u00fdch vozidl\u00e1ch, pr\u00edvesoch alebo in\u00fdch vonkaj\u0161\u00edch zariadeniach.<\/p>\n<p>Pr\u00edklad: Dr\u00f4ten\u00e9 spony m\u00f4\u017eu by\u0165 integrovan\u00e9 do plachtov\u00fdch popruhov na zabezpe\u010denie bezpe\u010dn\u00e9ho a nastavite\u013en\u00e9ho uz\u00e1veru na ochranu n\u00e1kladu pred poveternostn\u00fdmi vplyvmi.<\/p>\n<h3><strong>Bungee lan\u00e1:<\/strong><\/h3>\n<p>Pou\u017eitie: Be\u017ene sa pou\u017e\u00edva na upevnenie \u013eahk\u00fdch predmetov alebo na vytvorenie proviz\u00f3rnych rie\u0161en\u00ed na zviazanie.<\/p>\n<p>Pr\u00edklad: Dr\u00f4ten\u00e9 pracky sa m\u00f4\u017eu pou\u017ei\u0165 s bungee \u0161n\u00farami na vytvorenie nastavite\u013en\u00fdch a opakovane pou\u017eite\u013en\u00fdch upev\u0148ovac\u00edch bodov.<\/p>\n<h3><strong>P\u00e1skovanie r\u00far:<\/strong><\/h3>\n<p>Pou\u017eitie: Pou\u017e\u00edva sa na upevnenie r\u00farok alebo potrub\u00ed v stavebn\u00edctve a in\u0161talat\u00e9rstve.<\/p>\n<p>Pr\u00edklad: Dr\u00f4ten\u00e9 spony mo\u017eno pou\u017ei\u0165 s p\u00e1skovac\u00edmi materi\u00e1lmi na vytvorenie vlastn\u00fdch rie\u0161en\u00ed na zv\u00e4zkovanie a zabezpe\u010denie r\u00far.<\/p>","protected":false},"excerpt":{"rendered":"<p>Dr\u00f4ten\u00e1 pracka je typ upev\u0148ovacieho zariadenia, ktor\u00e9 sa be\u017ene pou\u017e\u00edva v r\u00f4znych aplik\u00e1ci\u00e1ch na zabezpe\u010denie a spojenie koncov popruhov alebo opaskov. Obzvl\u00e1\u0161\u0165 ob\u013e\u00faben\u00e1 je v priemyseln\u00fdch odvetviach, kde je nevyhnutn\u00e9 balenie, preprava a p\u00e1skovanie. Dr\u00f4ten\u00e9 pracky s\u00fa zvy\u010dajne vyroben\u00e9 z kovu, \u010dasto z nehrdzavej\u00facej ocele, a s\u00fa navrhnut\u00e9 tak, aby poskytovali pevn\u00e9 a odoln\u00e9 spojenie.<\/p>","protected":false},"featured_media":5830,"comment_status":"open","ping_status":"closed","template":"","meta":{"site-sidebar-layout":"default","site-content-layout":"","ast-site-content-layout":"default","site-content-style":"default","site-sidebar-style":"default","ast-global-header-display":"","ast-banner-title-visibility":"","ast-main-header-display":"","ast-hfb-above-header-display":"","ast-hfb-below-header-display":"","ast-hfb-mobile-header-display":"","site-post-title":"","ast-breadcrumbs-content":"","ast-featured-img":"","footer-sml-layout":"","theme-transparent-header-meta":"default","adv-header-id-meta":"","stick-header-meta":"default","header-above-stick-meta":"","header-main-stick-meta":"","header-below-stick-meta":"","astra-migrate-meta-layouts":"set","ast-page-background-enabled":"default","ast-page-background-meta":{"desktop":{"background-color":"","background-image":"","background-repeat":"repeat","background-position":"center center","background-size":"auto","background-attachment":"scroll","background-type":"","background-media":"","overlay-type":"","overlay-color":"","overlay-opacity":"","overlay-gradient":""},"tablet":{"background-color":"","background-image":"","background-repeat":"repeat","background-position":"center center","background-size":"auto","background-attachment":"scroll","background-type":"","background-media":"","overlay-type":"","overlay-color":"","overlay-opacity":"","overlay-gradient":""},"mobile":{"background-color":"","background-image":"","background-repeat":"repeat","background-position":"center center","background-size":"auto","background-attachment":"scroll","background-type":"","background-media":"","overlay-type":"","overlay-color":"","overlay-opacity":"","overlay-gradient":""}},"ast-content-background-meta":{"desktop":{"background-color":"var(--ast-global-color-5)","background-image":"","background-repeat":"repeat","background-position":"center center","background-size":"auto","background-attachment":"scroll","background-type":"","background-media":"","overlay-type":"","overlay-color":"","overlay-opacity":"","overlay-gradient":""},"tablet":{"background-color":"var(--ast-global-color-5)","background-image":"","background-repeat":"repeat","background-position":"center center","background-size":"auto","background-attachment":"scroll","background-type":"","background-media":"","overlay-type":"","overlay-color":"","overlay-opacity":"","overlay-gradient":""},"mobile":{"background-color":"var(--ast-global-color-5)","background-image":"","background-repeat":"repeat","background-position":"center center","background-size":"auto","background-attachment":"scroll","background-type":"","background-media":"","overlay-type":"","overlay-color":"","overlay-opacity":"","overlay-gradient":""}}},"product_brand":[],"product_cat":[69],"product_tag":[],"class_list":{"0":"post-5827","1":"product","2":"type-product","3":"status-publish","4":"has-post-thumbnail","6":"product_cat-strapping","7":"desktop-align-left","8":"tablet-align-left","9":"mobile-align-left","10":"ast-product-gallery-layout-horizontal-slider","11":"ast-product-tabs-layout-horizontal","13":"first","14":"instock","15":"shipping-taxable","16":"purchasable","17":"product-type-simple"},"yoast_head":"<!-- This site is optimized with the Yoast SEO plugin v25.2 - https:\/\/yoast.com\/wordpress\/plugins\/seo\/ -->\n<title>Wire Buckle<\/title>\n<meta name=\"description\" content=\"Wire buckle is a type of fastening device commonly used in various applications for securing and joining together the ends of straps or belts.\" \/>\n<meta name=\"robots\" content=\"index, follow, max-snippet:-1, max-image-preview:large, max-video-preview:-1\" \/>\n<link rel=\"canonical\" href=\"https:\/\/qingdaohf.com\/sk\/produkt\/drotena-spona\/\" \/>\n<meta property=\"og:locale\" content=\"sk_SK\" \/>\n<meta property=\"og:type\" content=\"article\" \/>\n<meta property=\"og:title\" content=\"Wire Buckle\" \/>\n<meta property=\"og:description\" content=\"Wire buckle is a type of fastening device commonly used in various applications for securing and joining together the ends of straps or belts.\" \/>\n<meta property=\"og:url\" content=\"https:\/\/qingdaohf.com\/sk\/produkt\/drotena-spona\/\" \/>\n<meta property=\"og:site_name\" content=\"Concrete Form &amp; Rigging Hardware Supplier\" \/>\n<meta property=\"article:publisher\" content=\"https:\/\/www.facebook.com\/qingdaohf\" \/>\n<meta property=\"article:modified_time\" content=\"2025-11-13T01:04:01+00:00\" \/>\n<meta property=\"og:image\" content=\"https:\/\/qingdaohf.com\/wp-content\/uploads\/2023\/11\/3.jpg\" \/>\n\t<meta property=\"og:image:width\" content=\"800\" \/>\n\t<meta property=\"og:image:height\" content=\"800\" \/>\n\t<meta property=\"og:image:type\" content=\"image\/jpeg\" \/>\n<meta name=\"twitter:card\" content=\"summary_large_image\" \/>\n<meta name=\"twitter:label1\" content=\"Predpokladan\u00fd \u010das \u010d\u00edtania\" \/>\n\t<meta name=\"twitter:data1\" content=\"4 min\u00faty\" \/>\n<script type=\"application\/ld+json\" class=\"yoast-schema-graph\">{\"@context\":\"https:\/\/schema.org\",\"@graph\":[{\"@type\":\"WebPage\",\"@id\":\"https:\/\/qingdaohf.com\/product\/wire-buckle\/\",\"url\":\"https:\/\/qingdaohf.com\/product\/wire-buckle\/\",\"name\":\"Wire Buckle\",\"isPartOf\":{\"@id\":\"https:\/\/qingdaohf.com\/bg\/#website\"},\"primaryImageOfPage\":{\"@id\":\"https:\/\/qingdaohf.com\/product\/wire-buckle\/#primaryimage\"},\"image\":{\"@id\":\"https:\/\/qingdaohf.com\/product\/wire-buckle\/#primaryimage\"},\"thumbnailUrl\":\"https:\/\/qingdaohf.com\/wp-content\/uploads\/2023\/11\/3.jpg\",\"datePublished\":\"2023-11-24T03:43:29+00:00\",\"dateModified\":\"2025-11-13T01:04:01+00:00\",\"description\":\"Wire buckle is a type of fastening device commonly used in various applications for securing and joining together the ends of straps or belts.\",\"breadcrumb\":{\"@id\":\"https:\/\/qingdaohf.com\/product\/wire-buckle\/#breadcrumb\"},\"inLanguage\":\"sk-SK\",\"potentialAction\":[{\"@type\":\"ReadAction\",\"target\":[\"https:\/\/qingdaohf.com\/product\/wire-buckle\/\"]}]},{\"@type\":\"ImageObject\",\"inLanguage\":\"sk-SK\",\"@id\":\"https:\/\/qingdaohf.com\/product\/wire-buckle\/#primaryimage\",\"url\":\"https:\/\/qingdaohf.com\/wp-content\/uploads\/2023\/11\/3.jpg\",\"contentUrl\":\"https:\/\/qingdaohf.com\/wp-content\/uploads\/2023\/11\/3.jpg\",\"width\":800,\"height\":800,\"caption\":\"wire buckle\"},{\"@type\":\"BreadcrumbList\",\"@id\":\"https:\/\/qingdaohf.com\/product\/wire-buckle\/#breadcrumb\",\"itemListElement\":[{\"@type\":\"ListItem\",\"position\":1,\"name\":\"Home\",\"item\":\"https:\/\/qingdaohf.com\/\"},{\"@type\":\"ListItem\",\"position\":2,\"name\":\"Concrete Forming Accessories and Rigging Hardware\",\"item\":\"https:\/\/qingdaohf.com\/bg\/?page_id=944\"},{\"@type\":\"ListItem\",\"position\":3,\"name\":\"Wire Buckle\"}]},{\"@type\":\"WebSite\",\"@id\":\"https:\/\/qingdaohf.com\/bg\/#website\",\"url\":\"https:\/\/qingdaohf.com\/bg\/\",\"name\":\"Concrete Form & Rigging Hardware Supplier\",\"description\":\"\",\"publisher\":{\"@id\":\"https:\/\/qingdaohf.com\/bg\/#organization\"},\"potentialAction\":[{\"@type\":\"SearchAction\",\"target\":{\"@type\":\"EntryPoint\",\"urlTemplate\":\"https:\/\/qingdaohf.com\/bg\/?s={search_term_string}\"},\"query-input\":{\"@type\":\"PropertyValueSpecification\",\"valueRequired\":true,\"valueName\":\"search_term_string\"}}],\"inLanguage\":\"sk-SK\"},{\"@type\":\"Organization\",\"@id\":\"https:\/\/qingdaohf.com\/bg\/#organization\",\"name\":\"Qingdao H&F\",\"url\":\"https:\/\/qingdaohf.com\/bg\/\",\"logo\":{\"@type\":\"ImageObject\",\"inLanguage\":\"sk-SK\",\"@id\":\"https:\/\/qingdaohf.com\/bg\/#\/schema\/logo\/image\/\",\"url\":\"https:\/\/qingdaohf.com\/wp-content\/uploads\/2022\/12\/cropped-HF-LOGO.png\",\"contentUrl\":\"https:\/\/qingdaohf.com\/wp-content\/uploads\/2022\/12\/cropped-HF-LOGO.png\",\"width\":391,\"height\":249,\"caption\":\"Qingdao H&F\"},\"image\":{\"@id\":\"https:\/\/qingdaohf.com\/bg\/#\/schema\/logo\/image\/\"},\"sameAs\":[\"https:\/\/www.facebook.com\/qingdaohf\"]}]}<\/script>\n<!-- \/ Yoast SEO plugin. -->","yoast_head_json":{"title":"Wire Buckle","description":"Wire buckle is a type of fastening device commonly used in various applications for securing and joining together the ends of straps or belts.","robots":{"index":"index","follow":"follow","max-snippet":"max-snippet:-1","max-image-preview":"max-image-preview:large","max-video-preview":"max-video-preview:-1"},"canonical":"https:\/\/qingdaohf.com\/sk\/produkt\/drotena-spona\/","og_locale":"sk_SK","og_type":"article","og_title":"Wire Buckle","og_description":"Wire buckle is a type of fastening device commonly used in various applications for securing and joining together the ends of straps or belts.","og_url":"https:\/\/qingdaohf.com\/sk\/produkt\/drotena-spona\/","og_site_name":"Concrete Form &amp; Rigging Hardware Supplier","article_publisher":"https:\/\/www.facebook.com\/qingdaohf","article_modified_time":"2025-11-13T01:04:01+00:00","og_image":[{"width":800,"height":800,"url":"https:\/\/qingdaohf.com\/wp-content\/uploads\/2023\/11\/3.jpg","type":"image\/jpeg"}],"twitter_card":"summary_large_image","twitter_misc":{"Predpokladan\u00fd \u010das \u010d\u00edtania":"4 min\u00faty"},"schema":{"@context":"https:\/\/schema.org","@graph":[{"@type":"WebPage","@id":"https:\/\/qingdaohf.com\/product\/wire-buckle\/","url":"https:\/\/qingdaohf.com\/product\/wire-buckle\/","name":"Wire Buckle","isPartOf":{"@id":"https:\/\/qingdaohf.com\/bg\/#website"},"primaryImageOfPage":{"@id":"https:\/\/qingdaohf.com\/product\/wire-buckle\/#primaryimage"},"image":{"@id":"https:\/\/qingdaohf.com\/product\/wire-buckle\/#primaryimage"},"thumbnailUrl":"https:\/\/qingdaohf.com\/wp-content\/uploads\/2023\/11\/3.jpg","datePublished":"2023-11-24T03:43:29+00:00","dateModified":"2025-11-13T01:04:01+00:00","description":"Wire buckle is a type of fastening device commonly used in various applications for securing and joining together the ends of straps or belts.","breadcrumb":{"@id":"https:\/\/qingdaohf.com\/product\/wire-buckle\/#breadcrumb"},"inLanguage":"sk-SK","potentialAction":[{"@type":"ReadAction","target":["https:\/\/qingdaohf.com\/product\/wire-buckle\/"]}]},{"@type":"ImageObject","inLanguage":"sk-SK","@id":"https:\/\/qingdaohf.com\/product\/wire-buckle\/#primaryimage","url":"https:\/\/qingdaohf.com\/wp-content\/uploads\/2023\/11\/3.jpg","contentUrl":"https:\/\/qingdaohf.com\/wp-content\/uploads\/2023\/11\/3.jpg","width":800,"height":800,"caption":"wire buckle"},{"@type":"BreadcrumbList","@id":"https:\/\/qingdaohf.com\/product\/wire-buckle\/#breadcrumb","itemListElement":[{"@type":"ListItem","position":1,"name":"Home","item":"https:\/\/qingdaohf.com\/"},{"@type":"ListItem","position":2,"name":"Concrete Forming Accessories and Rigging Hardware","item":"https:\/\/qingdaohf.com\/bg\/?page_id=944"},{"@type":"ListItem","position":3,"name":"Wire Buckle"}]},{"@type":"WebSite","@id":"https:\/\/qingdaohf.com\/bg\/#website","url":"https:\/\/qingdaohf.com\/bg\/","name":"Concrete Form & Rigging Hardware Supplier","description":"","publisher":{"@id":"https:\/\/qingdaohf.com\/bg\/#organization"},"potentialAction":[{"@type":"SearchAction","target":{"@type":"EntryPoint","urlTemplate":"https:\/\/qingdaohf.com\/bg\/?s={search_term_string}"},"query-input":{"@type":"PropertyValueSpecification","valueRequired":true,"valueName":"search_term_string"}}],"inLanguage":"sk-SK"},{"@type":"Organization","@id":"https:\/\/qingdaohf.com\/bg\/#organization","name":"Qingdao H&F","url":"https:\/\/qingdaohf.com\/bg\/","logo":{"@type":"ImageObject","inLanguage":"sk-SK","@id":"https:\/\/qingdaohf.com\/bg\/#\/schema\/logo\/image\/","url":"https:\/\/qingdaohf.com\/wp-content\/uploads\/2022\/12\/cropped-HF-LOGO.png","contentUrl":"https:\/\/qingdaohf.com\/wp-content\/uploads\/2022\/12\/cropped-HF-LOGO.png","width":391,"height":249,"caption":"Qingdao H&F"},"image":{"@id":"https:\/\/qingdaohf.com\/bg\/#\/schema\/logo\/image\/"},"sameAs":["https:\/\/www.facebook.com\/qingdaohf"]}]}},"_links":{"self":[{"href":"https:\/\/qingdaohf.com\/sk\/wp-json\/wp\/v2\/product\/5827","targetHints":{"allow":["GET"]}}],"collection":[{"href":"https:\/\/qingdaohf.com\/sk\/wp-json\/wp\/v2\/product"}],"about":[{"href":"https:\/\/qingdaohf.com\/sk\/wp-json\/wp\/v2\/types\/product"}],"replies":[{"embeddable":true,"href":"https:\/\/qingdaohf.com\/sk\/wp-json\/wp\/v2\/comments?post=5827"}],"version-history":[{"count":3,"href":"https:\/\/qingdaohf.com\/sk\/wp-json\/wp\/v2\/product\/5827\/revisions"}],"predecessor-version":[{"id":9550,"href":"https:\/\/qingdaohf.com\/sk\/wp-json\/wp\/v2\/product\/5827\/revisions\/9550"}],"wp:featuredmedia":[{"embeddable":true,"href":"https:\/\/qingdaohf.com\/sk\/wp-json\/wp\/v2\/media\/5830"}],"wp:attachment":[{"href":"https:\/\/qingdaohf.com\/sk\/wp-json\/wp\/v2\/media?parent=5827"}],"wp:term":[{"taxonomy":"product_brand","embeddable":true,"href":"https:\/\/qingdaohf.com\/sk\/wp-json\/wp\/v2\/product_brand?post=5827"},{"taxonomy":"product_cat","embeddable":true,"href":"https:\/\/qingdaohf.com\/sk\/wp-json\/wp\/v2\/product_cat?post=5827"},{"taxonomy":"product_tag","embeddable":true,"href":"https:\/\/qingdaohf.com\/sk\/wp-json\/wp\/v2\/product_tag?post=5827"}],"curies":[{"name":"wp","href":"https:\/\/api.w.org\/{rel}","templated":true}]}}