{"id":6226,"date":"2024-01-03T15:51:23","date_gmt":"2024-01-03T07:51:23","guid":{"rendered":"http:\/\/qingdaohf.com\/?post_type=product&#038;p=6226"},"modified":"2025-11-13T09:03:39","modified_gmt":"2025-11-13T01:03:39","slug":"woven-cord-strap","status":"publish","type":"product","link":"https:\/\/qingdaohf.com\/sk\/produkt\/paskovanie\/","title":{"rendered":"Tkan\u00e1 polyesterov\u00e1 \u0161n\u00fara na balenie"},"content":{"rendered":"<div class=\"ast-oembed-container\" style=\"height: 100%;\"><iframe title=\"Polypropyl\u00e9nov\u00e9 p\u00e1sky\" width=\"500\" height=\"281\" src=\"https:\/\/www.youtube.com\/embed\/Bi0Ct6OI134?feature=oembed\" frameborder=\"0\" allow=\"accelerometer; autoplay; clipboard-write; encrypted-media; gyroscope; picture-in-picture; web-share\" referrerpolicy=\"strict-origin-when-cross-origin\" allowfullscreen><\/iframe><\/div>\n<h3>Poznanie kritick\u00fdch vlastnost\u00ed tkan\u00fdch polyesterov\u00fdch p\u00e1sok<\/h3>\n<p>Tkan\u00e9 p\u00e1sky z polyesterovej \u0161n\u00fary s\u00fa z\u00e1kladom ka\u017ed\u00e9ho bezpe\u010dn\u00e9ho baliaceho rie\u0161enia. Priemyseln\u00e9 odvetvia, ktor\u00e9 vy\u017eaduj\u00fa spo\u013eahliv\u00e9 p\u00e1skovanie \u0165a\u017ek\u00fdch n\u00e1kladov alebo n\u00e1kladov s nepravideln\u00fdmi tvarmi, poznaj\u00fa ich pevnos\u0165 a v\u0161estrannos\u0165 a nach\u00e1dzaj\u00fa pre ne mnoho vyu\u017eit\u00ed. P\u00e1sky vyroben\u00e9 z pevne prepleten\u00fdch polyesterov\u00fdch vl\u00e1kien poskytuj\u00fa p\u00f4sobiv\u00fa pevnos\u0165 v \u0165ahu pri zachovan\u00ed flexibility. Na rozdiel od tradi\u010dn\u00e9ho oce\u013eov\u00e9ho p\u00e1skovania, ktor\u00e9 m\u00f4\u017ee by\u0165 n\u00e1chyln\u00e9 na hrdzavenie alebo dokonca po\u0161kodenie citliv\u00fdch povrchov, tento typ polyesterov\u00e9ho p\u00e1skovania poskytuje hladk\u00fa, ale pevn\u00fa alternat\u00edvu, ktor\u00e1 vynikaj\u00faco udr\u017eiava integritu tovaru v bezpe\u010d\u00ed.<\/p>\n<p>Tento materi\u00e1l sa stal ob\u013e\u00faben\u00fdm vo viacer\u00fdch popredn\u00fdch priemyseln\u00fdch odvetviach vr\u00e1tane logistiky, stavebn\u00edctva a v\u00fdroby, kde s\u00fa v\u00fdrobky vystaven\u00e9 hrub\u00e9mu zaobch\u00e1dzaniu bez toho, aby bola ohrozen\u00e1 ich bezpe\u010dnos\u0165 alebo stabilita. Kupuj\u00faci si cenia svoje invest\u00edcie do obalov, a preto potrebuj\u00fa p\u00e1sky, ktor\u00e9 by presne zodpovedali ich prev\u00e1dzkov\u00fdm po\u017eiadavk\u00e1m a z\u00e1rove\u0148 boli skuto\u010dne \u00fa\u010dinn\u00e9 a n\u00e1kladovo efekt\u00edvne.<\/p>\n<h3>V\u00fdhody vysokopevnostn\u00e9ho polyesterov\u00e9ho popruhu<\/h3>\n<p>P\u00e1sy z tkanej polyesterovej \u0161n\u00fary s\u00fa najlep\u0161ie z h\u013eadiska odolnosti, a preto sa dokonale hodia na upevnenie n\u00e1kladu v dynamick\u00fdch podmienkach. Ich \u0161pecifick\u00e1 tkan\u00e1 \u0161trukt\u00fara znamen\u00e1, \u017ee s\u00fa schopn\u00e9 absorbova\u0165 n\u00e1razy a vibr\u00e1cie, \u010do je ve\u013emi d\u00f4le\u017eit\u00e9 pri preprave krehk\u00e9ho alebo \u0165a\u017ek\u00e9ho tovaru na dlh\u00e9 vzdialenosti. P\u00e1sy maj\u00fa aj pru\u017enos\u0165; to je d\u00f4le\u017eit\u00e9, preto\u017ee aj ke\u010f sa n\u00e1klad po\u010das prepravy trochu pohol, st\u00e1le bude pevne zaisten\u00fd.<\/p>\n<p>Okrem toho \u013eahk\u00fd charakter polyesterov\u00fdch p\u00e1sok u\u013eah\u010duje manipul\u00e1ciu. V porovnan\u00ed so svojimi oce\u013eov\u00fdmi n\u00e1protivkami sa s n\u00edm ove\u013ea \u013eah\u0161ie manipuluje; manipul\u00e1cia s n\u00edm tak nesp\u00f4sobuje extr\u00e9mne pracovn\u00e9 vyp\u00e4tie a zvy\u0161uje efekt\u00edvnos\u0165 prev\u00e1dzky. \u010eal\u0161ou k\u013e\u00fa\u010dovou v\u00fdhodou je jeho odolnos\u0165 vo\u010di \u017eivotn\u00e9mu prostrediu; polyesterov\u00e9 p\u00e1sky odol\u00e1vaj\u00fa degrad\u00e1cii pri vystaven\u00ed vlhkosti, UV \u017eiareniu alebo zmene teploty - preto dosahuj\u00fa vynikaj\u00face v\u00fdsledky pri pou\u017eit\u00ed vo vonkaj\u0161\u00edch skladovac\u00edch alebo prepravn\u00fdch aplik\u00e1ci\u00e1ch.<br \/>\nV spolo\u010dnosti Qingdao H&amp;F pr\u00edsne kontrolujeme na\u0161e polyesterov\u00e9 p\u00e1sky, aby sp\u013a\u0148ali najvy\u0161\u0161\u00ed \u0161tandard v odvetv\u00ed. Kupuj\u00faci m\u00f4\u017eu o\u010dak\u00e1va\u0165 podrobn\u00e9 spr\u00e1vy o kontrole kvality s ka\u017edou \u0161ar\u017eou, \u010do zaru\u010duje \u00fapln\u00fa transparentnos\u0165 spo\u013eahlivosti v\u00fdrobkov. Spolu s r\u00fdchlymi dodac\u00edmi lehotami tak zabezpe\u010d\u00edme, aby va\u0161e obchodn\u00e9 oper\u00e1cie prebiehali bez ak\u00e9hoko\u013evek oneskorenia.<\/p>\n<h3>Pre\u010do si vybra\u0165 spolo\u010dnos\u0165 Qingdao H&amp;F pre svoje potreby v oblasti polyesterov\u00fdch p\u00e1sok?<\/h3>\n<p>Spr\u00e1vny dod\u00e1vate\u013e je rovnako d\u00f4le\u017eit\u00fd ako v\u00fdber samotn\u00e9ho v\u00fdrobku. V tomto oh\u013eade je spolo\u010dnos\u0165 Qingdao H&amp;F bezkonkuren\u010dn\u00e1 a dokonale zodpoved\u00e1 potreb\u00e1m kupuj\u00facich. V\u010faka 20-ro\u010dn\u00fdm sk\u00fasenostiam v oblasti zahrani\u010dn\u00e9ho obchodu rozozn\u00e1vame tie rozhoduj\u00face faktory, ktor\u00e9 ved\u00fa k rozhodovaniu o n\u00e1kupe: od trvanlivosti v\u00fdrobku a n\u00e1kladovej efekt\u00edvnosti a\u017e po v\u010dasn\u00e9 dodanie a podporu na mieru, dokonalos\u0165 v ka\u017edom malom detaile. Odli\u0161uje n\u00e1s z\u00e1v\u00e4zok individu\u00e1lneho pr\u00edstupu k z\u00e1kazn\u00edkom. Ka\u017ed\u00fd klient m\u00e1 k dispoz\u00edcii jedin\u00fa kontaktn\u00fa osobu, ktor\u00e1 pom\u00e1ha rie\u0161i\u0165 ak\u00e9ko\u013evek ot\u00e1zky alebo poskytuje aktu\u00e1lnu pomoc pri prisp\u00f4sobovan\u00ed rie\u0161en\u00ed konkr\u00e9tnej po\u017eiadavke. Tento individu\u00e1lny pr\u00edstup zabezpe\u010duje bezprobl\u00e9mov\u00fd priebeh n\u00e1kupu. Okrem toho n\u00e1m n\u00e1\u0161 siln\u00fd syst\u00e9m riadenia dod\u00e1vate\u013esk\u00e9ho re\u0165azca umo\u017e\u0148uje dod\u00e1va\u0165 na\u010das aj projekty s pr\u00edsnymi term\u00ednmi, a to bez ak\u00fdchko\u013evek kompromisov v kvalite. Kupuj\u00facim, ktor\u00ed dbaj\u00fa na kvalitu, poskytujeme podrobn\u00e9 kontroln\u00e9 spr\u00e1vy, aby mali istotu, \u017ee ka\u017ed\u00e1 \u0161ar\u017ea v\u00fdrobkov sp\u013a\u0148a stanoven\u00e9 normy. Spr\u00e1va buduje d\u00f4veru a umo\u017e\u0148uje klientom prij\u00edma\u0165 sebavedom\u00e9 a informovan\u00e9 rozhodnutia.<\/p>\n<p>To dokazuje, \u017ee vysokopevnostn\u00e9 p\u00e1sky z tkanej polyesterovej \u0161n\u00fary s\u00fa ur\u010dite inovat\u00edvnym produktom pre priemyseln\u00e9 odvetvia, ktor\u00e9 vy\u017eaduj\u00fa spo\u013eahliv\u00e9 obalov\u00e9 materi\u00e1ly. Pri t\u00fdchto p\u00e1skach sa kladie d\u00f4raz na pevnos\u0165, odolnos\u0165 a prisp\u00f4sobivos\u0165 na r\u00f4zne \u00fa\u010dely, pri\u010dom sa minimalizuj\u00fa rizik\u00e1 spojen\u00e9 so zabezpe\u010den\u00edm n\u00e1kladu. Spolo\u010dne s Qingdao H&amp;F m\u00f4\u017ee kupuj\u00facim zabezpe\u010di\u0165 \u0161pi\u010dkov\u00e9 v\u00fdrobky podporen\u00e9 odborn\u00fdmi znalos\u0165ami v odvetv\u00ed, r\u00fdchlymi dodac\u00edmi cyklami a nemennou z\u00e1kazn\u00edckou podporou. \u010ci u\u017e rie\u0161ite zlo\u017eit\u00fa logistiku alebo sa sna\u017e\u00edte vyrie\u0161i\u0165 konkr\u00e9tne prev\u00e1dzkov\u00e9 probl\u00e9my, na\u0161e rie\u0161enia na mieru a hlbok\u00e9 znalosti s\u00fa z\u00e1kladom, na ktorom stoj\u00ed v\u00e1\u0161 \u00faspech v oblasti balenia.<\/p>","protected":false},"excerpt":{"rendered":"<p>Vysokopevnostn\u00e9 p\u00e1sky z tkanej polyesterovej \u0161n\u00fary poskytuj\u00fa priemyseln\u00fdm odvetviam efekt\u00edvne a spo\u013eahliv\u00e9 rie\u0161enia balenia. Tieto p\u00e1sky s\u00fa zn\u00e1me svojou trvanlivos\u0165ou, umo\u017e\u0148uj\u00fa efekt\u00edvne upevnenie \u0165a\u017ek\u00fdch n\u00e1kladov a vyzna\u010duj\u00fa sa vysokou odolnos\u0165ou proti pretrhnutiu a roztiahnutiu po\u010das prepravy. V\u00e4\u010d\u0161ina kupuj\u00facich po zak\u00fapen\u00ed spo\u013eahliv\u00fdch obalov\u00fdch materi\u00e1lov berie do \u00favahy v\u00fdkonnos\u0165 v\u00fdrobku, kompatibilitu so v\u0161etk\u00fdmi typmi p\u00e1skovac\u00edch n\u00e1strojov a schopnos\u0165 odol\u00e1va\u0165 environment\u00e1lnym faktorom, ako je vlhkos\u0165. Sme d\u00f4veryhodnou obchodnou spolo\u010dnos\u0165ou u\u017e 20 rokov. Spolo\u010dnos\u0165 Qingdao H&amp;F vynik\u00e1 t\u00fdm, \u017ee z\u00e1kazn\u00edkom pon\u00faka individu\u00e1lne slu\u017eby na mieru, ktor\u00e9 zaru\u010duj\u00fa, \u017ee ka\u017ed\u00fd klient dostane riadne na\u010das. R\u00fdchle dodacie cykly a komplexn\u00e9 spr\u00e1vy o kontrole kvality zv\u00fd\u0161ia va\u0161u d\u00f4veru pri v\u00fdbere na\u0161ej spolo\u010dnosti pre va\u0161e obalov\u00e9 rie\u0161enia.<\/p>","protected":false},"featured_media":6225,"comment_status":"open","ping_status":"closed","template":"","meta":{"site-sidebar-layout":"default","site-content-layout":"","ast-site-content-layout":"default","site-content-style":"default","site-sidebar-style":"default","ast-global-header-display":"","ast-banner-title-visibility":"","ast-main-header-display":"","ast-hfb-above-header-display":"","ast-hfb-below-header-display":"","ast-hfb-mobile-header-display":"","site-post-title":"","ast-breadcrumbs-content":"","ast-featured-img":"","footer-sml-layout":"","theme-transparent-header-meta":"default","adv-header-id-meta":"","stick-header-meta":"default","header-above-stick-meta":"","header-main-stick-meta":"","header-below-stick-meta":"","astra-migrate-meta-layouts":"set","ast-page-background-enabled":"default","ast-page-background-meta":{"desktop":{"background-color":"","background-image":"","background-repeat":"repeat","background-position":"center center","background-size":"auto","background-attachment":"scroll","background-type":"","background-media":"","overlay-type":"","overlay-color":"","overlay-opacity":"","overlay-gradient":""},"tablet":{"background-color":"","background-image":"","background-repeat":"repeat","background-position":"center center","background-size":"auto","background-attachment":"scroll","background-type":"","background-media":"","overlay-type":"","overlay-color":"","overlay-opacity":"","overlay-gradient":""},"mobile":{"background-color":"","background-image":"","background-repeat":"repeat","background-position":"center center","background-size":"auto","background-attachment":"scroll","background-type":"","background-media":"","overlay-type":"","overlay-color":"","overlay-opacity":"","overlay-gradient":""}},"ast-content-background-meta":{"desktop":{"background-color":"var(--ast-global-color-5)","background-image":"","background-repeat":"repeat","background-position":"center center","background-size":"auto","background-attachment":"scroll","background-type":"","background-media":"","overlay-type":"","overlay-color":"","overlay-opacity":"","overlay-gradient":""},"tablet":{"background-color":"var(--ast-global-color-5)","background-image":"","background-repeat":"repeat","background-position":"center center","background-size":"auto","background-attachment":"scroll","background-type":"","background-media":"","overlay-type":"","overlay-color":"","overlay-opacity":"","overlay-gradient":""},"mobile":{"background-color":"var(--ast-global-color-5)","background-image":"","background-repeat":"repeat","background-position":"center center","background-size":"auto","background-attachment":"scroll","background-type":"","background-media":"","overlay-type":"","overlay-color":"","overlay-opacity":"","overlay-gradient":""}}},"product_brand":[],"product_cat":[51,69],"product_tag":[],"class_list":{"0":"post-6226","1":"product","2":"type-product","3":"status-publish","4":"has-post-thumbnail","6":"product_cat-riggging-hardware","7":"product_cat-strapping","8":"desktop-align-left","9":"tablet-align-left","10":"mobile-align-left","11":"ast-product-gallery-layout-horizontal-slider","12":"ast-product-tabs-layout-horizontal","14":"first","15":"instock","16":"shipping-taxable","17":"purchasable","18":"product-type-simple"},"yoast_head":"<!-- This site is optimized with the Yoast SEO plugin v25.2 - https:\/\/yoast.com\/wordpress\/plugins\/seo\/ -->\n<title>Woven Polyester Cord Strapping Band for Packaging<\/title>\n<meta name=\"description\" content=\"High-strength woven polyester cord strapping bands provide industries with efficient and trustworthy packaging solutions.\" \/>\n<meta name=\"robots\" content=\"index, follow, max-snippet:-1, max-image-preview:large, max-video-preview:-1\" \/>\n<link rel=\"canonical\" href=\"https:\/\/qingdaohf.com\/sk\/produkt\/paskovanie\/\" \/>\n<meta property=\"og:locale\" content=\"sk_SK\" \/>\n<meta property=\"og:type\" content=\"article\" \/>\n<meta property=\"og:title\" content=\"Woven Polyester Cord Strapping Band for Packaging\" \/>\n<meta property=\"og:description\" content=\"High-strength woven polyester cord strapping bands provide industries with efficient and trustworthy packaging solutions.\" \/>\n<meta property=\"og:url\" content=\"https:\/\/qingdaohf.com\/sk\/produkt\/paskovanie\/\" \/>\n<meta property=\"og:site_name\" content=\"Concrete Form &amp; Rigging Hardware Supplier\" \/>\n<meta property=\"article:publisher\" content=\"https:\/\/www.facebook.com\/qingdaohf\" \/>\n<meta property=\"article:modified_time\" content=\"2025-11-13T01:03:39+00:00\" \/>\n<meta property=\"og:image\" content=\"https:\/\/qingdaohf.com\/wp-content\/uploads\/2024\/01\/strapping-roll-2.webp\" \/>\n\t<meta property=\"og:image:width\" content=\"1000\" \/>\n\t<meta property=\"og:image:height\" content=\"1000\" \/>\n\t<meta property=\"og:image:type\" content=\"image\/webp\" \/>\n<meta name=\"twitter:card\" content=\"summary_large_image\" \/>\n<meta name=\"twitter:label1\" content=\"Predpokladan\u00fd \u010das \u010d\u00edtania\" \/>\n\t<meta name=\"twitter:data1\" content=\"3 min\u00faty\" \/>\n<script type=\"application\/ld+json\" class=\"yoast-schema-graph\">{\"@context\":\"https:\/\/schema.org\",\"@graph\":[{\"@type\":\"WebPage\",\"@id\":\"https:\/\/qingdaohf.com\/product\/woven-cord-strap\/\",\"url\":\"https:\/\/qingdaohf.com\/product\/woven-cord-strap\/\",\"name\":\"Woven Polyester Cord Strapping Band for Packaging\",\"isPartOf\":{\"@id\":\"https:\/\/qingdaohf.com\/bg\/#website\"},\"primaryImageOfPage\":{\"@id\":\"https:\/\/qingdaohf.com\/product\/woven-cord-strap\/#primaryimage\"},\"image\":{\"@id\":\"https:\/\/qingdaohf.com\/product\/woven-cord-strap\/#primaryimage\"},\"thumbnailUrl\":\"https:\/\/qingdaohf.com\/wp-content\/uploads\/2024\/01\/strapping-roll-2.webp\",\"datePublished\":\"2024-01-03T07:51:23+00:00\",\"dateModified\":\"2025-11-13T01:03:39+00:00\",\"description\":\"High-strength woven polyester cord strapping bands provide industries with efficient and trustworthy packaging solutions.\",\"breadcrumb\":{\"@id\":\"https:\/\/qingdaohf.com\/product\/woven-cord-strap\/#breadcrumb\"},\"inLanguage\":\"sk-SK\",\"potentialAction\":[{\"@type\":\"ReadAction\",\"target\":[\"https:\/\/qingdaohf.com\/product\/woven-cord-strap\/\"]}]},{\"@type\":\"ImageObject\",\"inLanguage\":\"sk-SK\",\"@id\":\"https:\/\/qingdaohf.com\/product\/woven-cord-strap\/#primaryimage\",\"url\":\"https:\/\/qingdaohf.com\/wp-content\/uploads\/2024\/01\/strapping-roll-2.webp\",\"contentUrl\":\"https:\/\/qingdaohf.com\/wp-content\/uploads\/2024\/01\/strapping-roll-2.webp\",\"width\":1000,\"height\":1000,\"caption\":\"strapping roll\"},{\"@type\":\"BreadcrumbList\",\"@id\":\"https:\/\/qingdaohf.com\/product\/woven-cord-strap\/#breadcrumb\",\"itemListElement\":[{\"@type\":\"ListItem\",\"position\":1,\"name\":\"Home\",\"item\":\"https:\/\/qingdaohf.com\/\"},{\"@type\":\"ListItem\",\"position\":2,\"name\":\"Concrete Forming Accessories and Rigging Hardware\",\"item\":\"https:\/\/qingdaohf.com\/bg\/?page_id=944\"},{\"@type\":\"ListItem\",\"position\":3,\"name\":\"Woven Polyester Cord Strapping Band for Packaging\"}]},{\"@type\":\"WebSite\",\"@id\":\"https:\/\/qingdaohf.com\/bg\/#website\",\"url\":\"https:\/\/qingdaohf.com\/bg\/\",\"name\":\"Concrete Form & Rigging Hardware Supplier\",\"description\":\"\",\"publisher\":{\"@id\":\"https:\/\/qingdaohf.com\/bg\/#organization\"},\"potentialAction\":[{\"@type\":\"SearchAction\",\"target\":{\"@type\":\"EntryPoint\",\"urlTemplate\":\"https:\/\/qingdaohf.com\/bg\/?s={search_term_string}\"},\"query-input\":{\"@type\":\"PropertyValueSpecification\",\"valueRequired\":true,\"valueName\":\"search_term_string\"}}],\"inLanguage\":\"sk-SK\"},{\"@type\":\"Organization\",\"@id\":\"https:\/\/qingdaohf.com\/bg\/#organization\",\"name\":\"Qingdao H&F\",\"url\":\"https:\/\/qingdaohf.com\/bg\/\",\"logo\":{\"@type\":\"ImageObject\",\"inLanguage\":\"sk-SK\",\"@id\":\"https:\/\/qingdaohf.com\/bg\/#\/schema\/logo\/image\/\",\"url\":\"https:\/\/qingdaohf.com\/wp-content\/uploads\/2022\/12\/cropped-HF-LOGO.png\",\"contentUrl\":\"https:\/\/qingdaohf.com\/wp-content\/uploads\/2022\/12\/cropped-HF-LOGO.png\",\"width\":391,\"height\":249,\"caption\":\"Qingdao H&F\"},\"image\":{\"@id\":\"https:\/\/qingdaohf.com\/bg\/#\/schema\/logo\/image\/\"},\"sameAs\":[\"https:\/\/www.facebook.com\/qingdaohf\"]}]}<\/script>\n<!-- \/ Yoast SEO plugin. -->","yoast_head_json":{"title":"Woven Polyester Cord Strapping Band for Packaging","description":"High-strength woven polyester cord strapping bands provide industries with efficient and trustworthy packaging solutions.","robots":{"index":"index","follow":"follow","max-snippet":"max-snippet:-1","max-image-preview":"max-image-preview:large","max-video-preview":"max-video-preview:-1"},"canonical":"https:\/\/qingdaohf.com\/sk\/produkt\/paskovanie\/","og_locale":"sk_SK","og_type":"article","og_title":"Woven Polyester Cord Strapping Band for Packaging","og_description":"High-strength woven polyester cord strapping bands provide industries with efficient and trustworthy packaging solutions.","og_url":"https:\/\/qingdaohf.com\/sk\/produkt\/paskovanie\/","og_site_name":"Concrete Form &amp; Rigging Hardware Supplier","article_publisher":"https:\/\/www.facebook.com\/qingdaohf","article_modified_time":"2025-11-13T01:03:39+00:00","og_image":[{"width":1000,"height":1000,"url":"https:\/\/qingdaohf.com\/wp-content\/uploads\/2024\/01\/strapping-roll-2.webp","type":"image\/webp"}],"twitter_card":"summary_large_image","twitter_misc":{"Predpokladan\u00fd \u010das \u010d\u00edtania":"3 min\u00faty"},"schema":{"@context":"https:\/\/schema.org","@graph":[{"@type":"WebPage","@id":"https:\/\/qingdaohf.com\/product\/woven-cord-strap\/","url":"https:\/\/qingdaohf.com\/product\/woven-cord-strap\/","name":"Woven Polyester Cord Strapping Band for Packaging","isPartOf":{"@id":"https:\/\/qingdaohf.com\/bg\/#website"},"primaryImageOfPage":{"@id":"https:\/\/qingdaohf.com\/product\/woven-cord-strap\/#primaryimage"},"image":{"@id":"https:\/\/qingdaohf.com\/product\/woven-cord-strap\/#primaryimage"},"thumbnailUrl":"https:\/\/qingdaohf.com\/wp-content\/uploads\/2024\/01\/strapping-roll-2.webp","datePublished":"2024-01-03T07:51:23+00:00","dateModified":"2025-11-13T01:03:39+00:00","description":"High-strength woven polyester cord strapping bands provide industries with efficient and trustworthy packaging solutions.","breadcrumb":{"@id":"https:\/\/qingdaohf.com\/product\/woven-cord-strap\/#breadcrumb"},"inLanguage":"sk-SK","potentialAction":[{"@type":"ReadAction","target":["https:\/\/qingdaohf.com\/product\/woven-cord-strap\/"]}]},{"@type":"ImageObject","inLanguage":"sk-SK","@id":"https:\/\/qingdaohf.com\/product\/woven-cord-strap\/#primaryimage","url":"https:\/\/qingdaohf.com\/wp-content\/uploads\/2024\/01\/strapping-roll-2.webp","contentUrl":"https:\/\/qingdaohf.com\/wp-content\/uploads\/2024\/01\/strapping-roll-2.webp","width":1000,"height":1000,"caption":"strapping roll"},{"@type":"BreadcrumbList","@id":"https:\/\/qingdaohf.com\/product\/woven-cord-strap\/#breadcrumb","itemListElement":[{"@type":"ListItem","position":1,"name":"Home","item":"https:\/\/qingdaohf.com\/"},{"@type":"ListItem","position":2,"name":"Concrete Forming Accessories and Rigging Hardware","item":"https:\/\/qingdaohf.com\/bg\/?page_id=944"},{"@type":"ListItem","position":3,"name":"Woven Polyester Cord Strapping Band for Packaging"}]},{"@type":"WebSite","@id":"https:\/\/qingdaohf.com\/bg\/#website","url":"https:\/\/qingdaohf.com\/bg\/","name":"Concrete Form & Rigging Hardware Supplier","description":"","publisher":{"@id":"https:\/\/qingdaohf.com\/bg\/#organization"},"potentialAction":[{"@type":"SearchAction","target":{"@type":"EntryPoint","urlTemplate":"https:\/\/qingdaohf.com\/bg\/?s={search_term_string}"},"query-input":{"@type":"PropertyValueSpecification","valueRequired":true,"valueName":"search_term_string"}}],"inLanguage":"sk-SK"},{"@type":"Organization","@id":"https:\/\/qingdaohf.com\/bg\/#organization","name":"Qingdao H&F","url":"https:\/\/qingdaohf.com\/bg\/","logo":{"@type":"ImageObject","inLanguage":"sk-SK","@id":"https:\/\/qingdaohf.com\/bg\/#\/schema\/logo\/image\/","url":"https:\/\/qingdaohf.com\/wp-content\/uploads\/2022\/12\/cropped-HF-LOGO.png","contentUrl":"https:\/\/qingdaohf.com\/wp-content\/uploads\/2022\/12\/cropped-HF-LOGO.png","width":391,"height":249,"caption":"Qingdao H&F"},"image":{"@id":"https:\/\/qingdaohf.com\/bg\/#\/schema\/logo\/image\/"},"sameAs":["https:\/\/www.facebook.com\/qingdaohf"]}]}},"_links":{"self":[{"href":"https:\/\/qingdaohf.com\/sk\/wp-json\/wp\/v2\/product\/6226","targetHints":{"allow":["GET"]}}],"collection":[{"href":"https:\/\/qingdaohf.com\/sk\/wp-json\/wp\/v2\/product"}],"about":[{"href":"https:\/\/qingdaohf.com\/sk\/wp-json\/wp\/v2\/types\/product"}],"replies":[{"embeddable":true,"href":"https:\/\/qingdaohf.com\/sk\/wp-json\/wp\/v2\/comments?post=6226"}],"version-history":[{"count":11,"href":"https:\/\/qingdaohf.com\/sk\/wp-json\/wp\/v2\/product\/6226\/revisions"}],"predecessor-version":[{"id":8881,"href":"https:\/\/qingdaohf.com\/sk\/wp-json\/wp\/v2\/product\/6226\/revisions\/8881"}],"wp:featuredmedia":[{"embeddable":true,"href":"https:\/\/qingdaohf.com\/sk\/wp-json\/wp\/v2\/media\/6225"}],"wp:attachment":[{"href":"https:\/\/qingdaohf.com\/sk\/wp-json\/wp\/v2\/media?parent=6226"}],"wp:term":[{"taxonomy":"product_brand","embeddable":true,"href":"https:\/\/qingdaohf.com\/sk\/wp-json\/wp\/v2\/product_brand?post=6226"},{"taxonomy":"product_cat","embeddable":true,"href":"https:\/\/qingdaohf.com\/sk\/wp-json\/wp\/v2\/product_cat?post=6226"},{"taxonomy":"product_tag","embeddable":true,"href":"https:\/\/qingdaohf.com\/sk\/wp-json\/wp\/v2\/product_tag?post=6226"}],"curies":[{"name":"wp","href":"https:\/\/api.w.org\/{rel}","templated":true}]}}