{"id":6443,"date":"2024-02-02T14:30:53","date_gmt":"2024-02-02T06:30:53","guid":{"rendered":"http:\/\/qingdaohf.com\/?post_type=product&#038;p=6443"},"modified":"2025-11-13T09:03:39","modified_gmt":"2025-11-13T01:03:39","slug":"wholesale-d-shackle-chain-shackle-for-lifting","status":"publish","type":"product","link":"https:\/\/qingdaohf.com\/sk\/produkt\/velkoobchodny-predaj-retazovych-put-na-zdvihanie\/","title":{"rendered":"Ve\u013ekoobchod D Shackle Chain Shackle na zdv\u00edhanie"},"content":{"rendered":"<p>D-skrutky s\u00fa kritick\u00fdmi komponentmi v lanovom a zdv\u00edhacom priemysle, oce\u0148ovan\u00fdmi pre ich stabilitu a pevnos\u0165 pri aplik\u00e1ci\u00e1ch s vysok\u00fdm za\u0165a\u017een\u00edm. V\u010faka svojmu charakteristick\u00e9mu tvaru p\u00edsmena U a bezpe\u010dn\u00e9mu uz\u00e1veru \u010dapu poskytuj\u00fa D-skrutky spo\u013eahliv\u00e9 spojenie pre \u0161irok\u00fa \u0161k\u00e1lu \u00faloh zdv\u00edhania, zdv\u00edhania a \u0165ahania. D-skrutky G210 a G2150 od spolo\u010dnosti Qingdao H&amp;F patria k najob\u013e\u00fabenej\u0161\u00edm modelom na trhu, ktor\u00e9 si profesion\u00e1li v r\u00f4znych odvetviach ob\u013e\u00fabili pre ich pevnos\u0165, odolnos\u0165 a prisp\u00f4sobivos\u0165.<\/p>\n<p>Modely G210 a G2150 s\u00fa skon\u0161truovan\u00e9 tak, aby zvl\u00e1dli ve\u013ek\u00e9 za\u0165a\u017eenie pri zachovan\u00ed vysokej \u00farovne bezpe\u010dnosti a stability. Model G210, zn\u00e1my svojou v\u0161estrannos\u0165ou a zaoblen\u00fdm dizajnom, sa be\u017ene pou\u017e\u00edva v zostav\u00e1ch, ktor\u00e9 si vy\u017eaduj\u00fa flexibilitu. Naproti tomu model G2150 s mimoriadne \u0165a\u017ekou kon\u0161trukciou je navrhnut\u00fd tak, aby vydr\u017eal extr\u00e9mnej\u0161ie aplik\u00e1cie a pon\u00faka zv\u00fd\u0161en\u00fa nosnos\u0165 pre vy\u0161\u0161ie limity pracovn\u00e9ho za\u0165a\u017eenia (WLL). Ka\u017ed\u00fd model je vyroben\u00fd pod\u013ea presn\u00fdch \u0161pecifik\u00e1ci\u00ed, \u010do zaru\u010duje kompatibilitu s r\u00f4znymi syst\u00e9mami zavesenia a vysok\u00fa \u00farove\u0148 v\u00fdkonu pod tlakom.<\/p>\n<p>Spolo\u010dnos\u0165 Qingdao H&amp;F sa ako d\u00f4veryhodn\u00fd ve\u013ekoobchodn\u00edk s p\u00fatkami D zav\u00e4zuje poskytova\u0165 v\u00fdrobky najvy\u0161\u0161ej kvality, ktor\u00e9 sp\u013a\u0148aj\u00fa pr\u00edsne po\u017eiadavky profesion\u00e1lov v oblasti zdv\u00edhania a manipul\u00e1cie. V\u010faka r\u00f4znym ve\u013ekostiam a WLL od 0,33 tony do 150 ton a rozmerom od 1\/4 palca do 3 palcov s\u00fa na\u0161e z\u00e1soby navrhnut\u00e9 tak, aby sl\u00fa\u017eili kupuj\u00facim, ktor\u00ed h\u013eadaj\u00fa spo\u013eahliv\u00e9 rie\u0161enia pre projekty ak\u00e9hoko\u013evek rozsahu.<\/p>\n<h3>V\u00fdhody v\u00fdberu spolo\u010dnosti Qingdao H&amp;F: slu\u017eby na mieru a efekt\u00edvne dod\u00e1vky<\/h3>\n<p>V spolo\u010dnosti Qingdao H&amp;F si uvedomujeme d\u00f4le\u017eitos\u0165 bezprobl\u00e9mov\u00e9ho a efekt\u00edvneho n\u00e1kupu. Kupuj\u00faci uprednost\u0148uj\u00fa kvalitu, r\u00fdchlos\u0165 a d\u00f4veru vo svojich dod\u00e1vate\u013eov, a preto sme si vybudovali pr\u00edstup k slu\u017eb\u00e1m zameran\u00fd na klienta. Ka\u017ed\u00fd klient profituje z n\u00e1\u0161ho individu\u00e1lneho z\u00e1kazn\u00edckeho servisu, v r\u00e1mci ktor\u00e9ho mu \u0161pecializovan\u00e1 podpora zabezpe\u010d\u00ed n\u00e1jdenie najvhodnej\u0161ieho modelu okovov pre jeho \u0161pecifick\u00e9 potreby. \u00dazko spolupracujeme s kupuj\u00facimi, aby sme pochopili ich projektov\u00e9 po\u017eiadavky, a pom\u00e1hame im vybra\u0165 si medzi univerz\u00e1lnym modelom G210 alebo \u0165a\u017ek\u00fdm modelom G2150, ktor\u00e9 s\u00fa v\u0161eobecne uzn\u00e1van\u00e9 pre svoju spo\u013eahlivos\u0165 v n\u00e1ro\u010dn\u00fdch podmienkach.<\/p>\n<p>Okrem kvality v\u00fdrobkov kladieme d\u00f4raz na r\u00fdchle dodacie cykly a \u00fapln\u00fa transparentnos\u0165, pri\u010dom pri ka\u017edej z\u00e1sielke poskytujeme spr\u00e1vy o kontrole kvality. Tieto spr\u00e1vy podrobne opisuj\u00fa \u0161pecifik\u00e1cie, v\u00fdkon a bezpe\u010dnostn\u00e9 normy na\u0161ich okovov, v\u010faka \u010domu sa kupuj\u00faci m\u00f4\u017eu c\u00edti\u0165 ist\u00ed pri n\u00e1kupe a s\u00fa si ist\u00ed, \u017ee v\u00fdrobok je pripraven\u00fd na okam\u017eit\u00e9 pou\u017eitie. Zaisten\u00edm efekt\u00edvnej logistiky a zjednodu\u0161en\u00e9ho procesu poskytovania slu\u017eieb spolo\u010dnos\u0165 Qingdao H&amp;F minimalizuje oneskorenia a pom\u00e1ha klientom udr\u017ea\u0165 dynamiku ich projektov.<\/p>\n<p>D\u00f4vera na\u0161ich klientov je zalo\u017een\u00e1 na na\u0161om odhodlan\u00ed dod\u00e1va\u0165 vysokokvalitn\u00e9 v\u00fdrobky, ktor\u00e9 podporuje pohotov\u00fd t\u00edm, ktor\u00fd rozumie n\u00e1ro\u010dnosti zdv\u00edhac\u00edch aplik\u00e1ci\u00ed. So spolo\u010dnos\u0165ou Qingdao H&amp;F za\u017eij\u00fa kupuj\u00faci akt\u00edvny pr\u00edstup k rie\u0161eniam v oblasti manipul\u00e1cie s plo\u0161inami, zameran\u00fd na efekt\u00edvnos\u0165, kvalitu a spo\u013eahlivos\u0165.<\/p>\n<h3>P\u00fatka G210 a G2150 D: Rozsah limitov pracovn\u00e9ho za\u0165a\u017eenia a ve\u013ekost\u00ed<\/h3>\n<p>R\u00f4znorod\u00e9 potreby projektov si vy\u017eaduj\u00fa \u0161irok\u00fd v\u00fdber ve\u013ekost\u00ed a limitov pracovn\u00e9ho za\u0165a\u017eenia (WLL) a pr\u00e1ve t\u00fato flexibilitu pon\u00fakaj\u00fa na\u0161e spony G210 a G2150. Ka\u017ed\u00fd model je k dispoz\u00edcii s WLL od 0,33 tony do 150 ton, \u010do umo\u017e\u0148uje kupuj\u00facim vybra\u0165 si p\u00fatka, ktor\u00e9 najlep\u0161ie zodpovedaj\u00fa \u0161pecifick\u00fdm po\u017eiadavk\u00e1m ich aplik\u00e1ci\u00ed. V\u010faka tomuto rozsiahlemu sortimentu s\u00fa na\u0161e p\u00fatka ide\u00e1lne na \u013eah\u0161ie mont\u00e1\u017ene \u00falohy, ako aj na najn\u00e1ro\u010dnej\u0161ie nosn\u00e9 aplik\u00e1cie, pri\u010dom zabezpe\u010duj\u00fa prisp\u00f4sobivos\u0165 bez kompromisov v oblasti v\u00fdkonu.<\/p>\n<p>Na\u0161e p\u00fatka G210 a G2150 sa tie\u017e dod\u00e1vaj\u00fa v r\u00f4znych ve\u013ekostiach, od 1\/4 palca do 3 palcov. Model G210, ktor\u00fd sa vyzna\u010duje kompaktnej\u0161ou kon\u0161trukciou, je vhodn\u00fd na stredne \u0165a\u017ek\u00e9 zdv\u00edhacie \u00falohy, pri ktor\u00fdch sa vy\u017eaduje flexibilita. Medzit\u00fdm je model G2150 skon\u0161truovan\u00fd pre aplik\u00e1cie s vy\u0161\u0161ou pevnos\u0165ou a dodato\u010dnou odolnos\u0165ou, aby vydr\u017eal najintenz\u00edvnej\u0161ie podmienky zdv\u00edhania. Ka\u017ed\u00e1 ve\u013ekos\u0165 p\u00fat prech\u00e1dza starostliv\u00fdm kalibra\u010dn\u00fdm procesom, aby sa zabezpe\u010dila jednotn\u00e1 kvalita a v\u00fdkon, tak\u017ee kupuj\u00faci sa m\u00f4\u017eu spo\u013eahn\u00fa\u0165 na konzistentn\u00e9 v\u00fdsledky bez oh\u013eadu na po\u017eiadavky projektu.<\/p>\n<p>S modelmi G210 a G2150 maj\u00fa kupuj\u00faci pr\u00edstup k z\u00e1vesom, ktor\u00e9 zvl\u00e1dnu r\u00f4zne v\u00fdzvy v oblasti manipul\u00e1cie a poskytuj\u00fa spo\u013eahliv\u00fa podporu pre komplexn\u00e9 projekty. Tieto modely si z\u00edskali poves\u0165 modelov s vynikaj\u00facim v\u00fdkonom, v\u010faka \u010domu s\u00fa preferovanou vo\u013ebou pre profesion\u00e1lov v oblasti takel\u00e1\u017ee.<\/p>\n<p><strong>P\u00fatko G210<\/strong><\/p>\n<p><img fetchpriority=\"high\" decoding=\"async\" class=\"alignnone size-full wp-image-3813\" src=\"http:\/\/qingdaohf.com\/wp-content\/uploads\/2023\/05\/G209-G210-shackle.jpg\" alt=\"G209 G210 z\u00e1vesn\u00e9 ok\u00e1\" width=\"1000\" height=\"1296\" srcset=\"https:\/\/qingdaohf.com\/wp-content\/uploads\/2023\/05\/G209-G210-shackle.jpg 1000w, https:\/\/qingdaohf.com\/wp-content\/uploads\/2023\/05\/G209-G210-shackle-231x300.jpg 231w, https:\/\/qingdaohf.com\/wp-content\/uploads\/2023\/05\/G209-G210-shackle-790x1024.jpg 790w, https:\/\/qingdaohf.com\/wp-content\/uploads\/2023\/05\/G209-G210-shackle-768x995.jpg 768w\" sizes=\"(max-width: 1000px) 100vw, 1000px\" \/><\/p>\n<p><strong>P\u00fatko G2150<\/strong><\/p>\n<p>&nbsp;<\/p>\n<p><img decoding=\"async\" class=\"alignnone size-full wp-image-3817\" src=\"http:\/\/qingdaohf.com\/wp-content\/uploads\/2023\/05\/2150.jpg\" alt=\"2150 okovy\" width=\"1000\" height=\"950\" srcset=\"https:\/\/qingdaohf.com\/wp-content\/uploads\/2023\/05\/2150.jpg 1000w, https:\/\/qingdaohf.com\/wp-content\/uploads\/2023\/05\/2150-300x285.jpg 300w, https:\/\/qingdaohf.com\/wp-content\/uploads\/2023\/05\/2150-768x730.jpg 768w\" sizes=\"(max-width: 1000px) 100vw, 1000px\" \/><\/p>\n<h3>Normy kvality a bezpe\u010dnosti: Pr\u00edsne testovanie pre spo\u013eahliv\u00fd v\u00fdkon<\/h3>\n<p>Bezpe\u010dnos\u0165 a kvalita s\u00fa z\u00e1kladn\u00fdmi aspektmi n\u00e1\u0161ho v\u00fdrobn\u00e9ho procesu v spolo\u010dnosti Qingdao H&amp;F. Ka\u017ed\u00fd z\u00e1ves G210 a G2150 D prech\u00e1dza pr\u00edsnou kontrolou kvality, aby sa zabezpe\u010dilo, \u017ee sp\u013a\u0148a medzin\u00e1rodn\u00e9 bezpe\u010dnostn\u00e9 normy. Vieme, \u017ee D-skrutky zohr\u00e1vaj\u00fa rozhoduj\u00facu \u00falohu pri oper\u00e1ci\u00e1ch spojen\u00fdch s pren\u00e1\u0161an\u00edm n\u00e1kladu, a preto s\u00fa na\u0161e v\u00fdrobky testovan\u00e9 tak, aby poskytovali konzistentn\u00fd v\u00fdkon pod tlakom. Od po\u010diato\u010dnej v\u00fdroby a\u017e po kone\u010dn\u00fa kontrolu zachov\u00e1vame d\u00f4kladn\u00fd pr\u00edstup k zabezpe\u010deniu kvality, \u010doho v\u00fdsledkom s\u00fa v\u00fdrobky, ktor\u00fdm m\u00f4\u017eu kupuj\u00faci d\u00f4verova\u0165.<\/p>\n<p>Na\u0161e spony D s\u00fa skon\u0161truovan\u00e9 tak, aby odol\u00e1vali opotrebovaniu, kor\u00f3zii a \u010fal\u0161\u00edm faktorom, ktor\u00e9 by mohli ohrozi\u0165 ich v\u00fdkon v n\u00e1ro\u010dn\u00fdch podmienkach. \u010ci u\u017e sa pou\u017e\u00edvaj\u00fa v stavebn\u00edctve, pri priemyselnom zdv\u00edhan\u00ed alebo v n\u00e1mornom prostred\u00ed, na\u0161e modely G210 a G2150 s\u00fa skon\u0161truovan\u00e9 tak, aby vydr\u017eali a poskytovali spo\u013eahliv\u00fa pevnos\u0165 po\u010das dlhodob\u00e9ho pou\u017e\u00edvania. N\u00e1\u0161 z\u00e1v\u00e4zok ku kvalite presahuje r\u00e1mec samotn\u00e9ho v\u00fdrobku, preto\u017ee pri ka\u017edej dod\u00e1vke pon\u00fakame podrobn\u00e9 spr\u00e1vy o kontrole kvality, ktor\u00e9 kupuj\u00facim poskytuj\u00fa \u00fapln\u00fa transparentnos\u0165 \u0161pecifik\u00e1ci\u00ed a bezpe\u010dnostn\u00fdch noriem ka\u017ed\u00e9ho zak\u00fapen\u00e9ho ok\u00e1\u010da.<\/p>\n<p>Dodr\u017eiavan\u00edm vysok\u00fdch \u0161tandardov v celom v\u00fdrobnom procese a poskytovan\u00edm jasn\u00fdch a dostupn\u00fdch inform\u00e1ci\u00ed o produktoch spolo\u010dnos\u0165 Qingdao H&amp;F na\u010falej stanovuje vysok\u00e9 \u0161tandardy kvality a bezpe\u010dnosti v oblasti takel\u00e1\u017eneho hardv\u00e9ru.<\/p>\n<h3>Z\u00e1ver o D Shackle<\/h3>\n<p>Svorky G210 a G2150 D spolo\u010dnosti Qingdao H&amp;F pon\u00fakaj\u00fa kupuj\u00facim robustn\u00e9 rie\u0161enia pre ich potreby zdv\u00edhania a manipul\u00e1cie. Tieto modely, navrhnut\u00e9 s oh\u013eadom na v\u0161estrannos\u0165 a pevnos\u0165, sp\u013a\u0148aj\u00fa po\u017eiadavky r\u00f4znych priemyseln\u00fdch odvetv\u00ed, od stavebn\u00edctva a\u017e po n\u00e1morn\u00edctvo. Kupuj\u00faci veria, \u017ee na\u0161e okovy D poskytuj\u00fa konzistentn\u00fd v\u00fdkon, ktor\u00fd je podporen\u00fd na\u0161\u00edm z\u00e1v\u00e4zkom k z\u00e1kazn\u00edcky orientovan\u00fdm slu\u017eb\u00e1m, r\u00fdchlym dod\u00e1vkam a transparentn\u00e9mu vykazovaniu kvality. So spolo\u010dnos\u0165ou Qingdao H&amp;F kupuj\u00faci neinvestuj\u00fa len do odoln\u00e9ho, vysoko v\u00fdkonn\u00e9ho hardv\u00e9ru, ale aj do partnerstva zalo\u017een\u00e9ho na d\u00f4vere, odborn\u00fdch znalostiach a oddanosti \u00faspechu klienta. Poz\u00fdvame kupuj\u00facich, aby objavili rozdiel, ktor\u00fd m\u00f4\u017eu na\u0161e v\u00fdrobky a slu\u017eby prinies\u0165 pri dosahovan\u00ed bezpe\u010dn\u00fdch a spo\u013eahliv\u00fdch mont\u00e1\u017enych oper\u00e1ci\u00ed.<\/p>","protected":false},"excerpt":{"rendered":"<p>Na\u0161e D-skrutky s\u00fa k dispoz\u00edcii v rozsahu limitov pracovn\u00e9ho za\u0165a\u017eenia (WLL) od 0,33 do 150 ton a vo ve\u013ekostiach od 1\/4 palca do 3 palcov, tak\u017ee s\u00fa vhodn\u00e9 na pou\u017eitie v stavebn\u00edctve, n\u00e1morn\u00edctve a priemysle. Ke\u010f\u017ee si uvedomujeme hlavn\u00e9 z\u00e1ujmy kupuj\u00facich, zabezpe\u010dujeme bezprobl\u00e9mov\u00fd n\u00e1kup v\u010faka individu\u00e1lnemu z\u00e1kazn\u00edckemu servisu, r\u00fdchlemu dodaciemu cyklu a podrobn\u00fdm spr\u00e1vam o kontrole kvality ka\u017ed\u00e9ho v\u00fdrobku. Na\u0161\u00edm z\u00e1v\u00e4zkom je podporova\u0165 kupuj\u00facich spo\u013eahliv\u00fdmi, vysoko v\u00fdkonn\u00fdmi v\u00fdrobkami, ktor\u00e9 potrebuj\u00fa pre n\u00e1ro\u010dn\u00e9 prostredie.<\/p>","protected":false},"featured_media":6470,"comment_status":"open","ping_status":"closed","template":"","meta":{"site-sidebar-layout":"default","site-content-layout":"","ast-site-content-layout":"default","site-content-style":"default","site-sidebar-style":"default","ast-global-header-display":"","ast-banner-title-visibility":"","ast-main-header-display":"","ast-hfb-above-header-display":"","ast-hfb-below-header-display":"","ast-hfb-mobile-header-display":"","site-post-title":"","ast-breadcrumbs-content":"","ast-featured-img":"","footer-sml-layout":"","theme-transparent-header-meta":"default","adv-header-id-meta":"","stick-header-meta":"default","header-above-stick-meta":"","header-main-stick-meta":"","header-below-stick-meta":"","astra-migrate-meta-layouts":"set","ast-page-background-enabled":"default","ast-page-background-meta":{"desktop":{"background-color":"","background-image":"","background-repeat":"repeat","background-position":"center center","background-size":"auto","background-attachment":"scroll","background-type":"","background-media":"","overlay-type":"","overlay-color":"","overlay-opacity":"","overlay-gradient":""},"tablet":{"background-color":"","background-image":"","background-repeat":"repeat","background-position":"center center","background-size":"auto","background-attachment":"scroll","background-type":"","background-media":"","overlay-type":"","overlay-color":"","overlay-opacity":"","overlay-gradient":""},"mobile":{"background-color":"","background-image":"","background-repeat":"repeat","background-position":"center center","background-size":"auto","background-attachment":"scroll","background-type":"","background-media":"","overlay-type":"","overlay-color":"","overlay-opacity":"","overlay-gradient":""}},"ast-content-background-meta":{"desktop":{"background-color":"var(--ast-global-color-5)","background-image":"","background-repeat":"repeat","background-position":"center center","background-size":"auto","background-attachment":"scroll","background-type":"","background-media":"","overlay-type":"","overlay-color":"","overlay-opacity":"","overlay-gradient":""},"tablet":{"background-color":"var(--ast-global-color-5)","background-image":"","background-repeat":"repeat","background-position":"center center","background-size":"auto","background-attachment":"scroll","background-type":"","background-media":"","overlay-type":"","overlay-color":"","overlay-opacity":"","overlay-gradient":""},"mobile":{"background-color":"var(--ast-global-color-5)","background-image":"","background-repeat":"repeat","background-position":"center center","background-size":"auto","background-attachment":"scroll","background-type":"","background-media":"","overlay-type":"","overlay-color":"","overlay-opacity":"","overlay-gradient":""}}},"product_brand":[],"product_cat":[51,54],"product_tag":[],"class_list":{"0":"post-6443","1":"product","2":"type-product","3":"status-publish","4":"has-post-thumbnail","6":"product_cat-riggging-hardware","7":"product_cat-shackle","8":"desktop-align-left","9":"tablet-align-left","10":"mobile-align-left","11":"ast-product-gallery-layout-horizontal-slider","12":"ast-product-tabs-layout-horizontal","14":"first","15":"instock","16":"shipping-taxable","17":"purchasable","18":"product-type-simple"},"yoast_head":"<!-- This site is optimized with the Yoast SEO plugin v25.2 - https:\/\/yoast.com\/wordpress\/plugins\/seo\/ -->\n<title>Wholesale D Shackle Chain Shackle for Lifting<\/title>\n<meta name=\"description\" content=\"Dee shackles, are engineered for durability and strength, ensuring dependable performance in diverse environments.\" \/>\n<meta name=\"robots\" content=\"index, follow, max-snippet:-1, max-image-preview:large, max-video-preview:-1\" \/>\n<link rel=\"canonical\" href=\"https:\/\/qingdaohf.com\/sk\/produkt\/velkoobchodny-predaj-retazovych-put-na-zdvihanie\/\" \/>\n<meta property=\"og:locale\" content=\"sk_SK\" \/>\n<meta property=\"og:type\" content=\"article\" \/>\n<meta property=\"og:title\" content=\"Wholesale D Shackle Chain Shackle for Lifting\" \/>\n<meta property=\"og:description\" content=\"Dee shackles, are engineered for durability and strength, ensuring dependable performance in diverse environments.\" \/>\n<meta property=\"og:url\" content=\"https:\/\/qingdaohf.com\/sk\/produkt\/velkoobchodny-predaj-retazovych-put-na-zdvihanie\/\" \/>\n<meta property=\"og:site_name\" content=\"Concrete Form &amp; Rigging Hardware Supplier\" \/>\n<meta property=\"article:publisher\" content=\"https:\/\/www.facebook.com\/qingdaohf\" \/>\n<meta property=\"article:modified_time\" content=\"2025-11-13T01:03:39+00:00\" \/>\n<meta property=\"og:image\" content=\"https:\/\/qingdaohf.com\/wp-content\/uploads\/2024\/02\/HF-SHACKLE-6.jpg\" \/>\n\t<meta property=\"og:image:width\" content=\"1000\" \/>\n\t<meta property=\"og:image:height\" content=\"1000\" \/>\n\t<meta property=\"og:image:type\" content=\"image\/jpeg\" \/>\n<meta name=\"twitter:card\" content=\"summary_large_image\" \/>\n<meta name=\"twitter:label1\" content=\"Predpokladan\u00fd \u010das \u010d\u00edtania\" \/>\n\t<meta name=\"twitter:data1\" content=\"5 min\u00fat\" \/>\n<script type=\"application\/ld+json\" class=\"yoast-schema-graph\">{\"@context\":\"https:\/\/schema.org\",\"@graph\":[{\"@type\":\"WebPage\",\"@id\":\"https:\/\/qingdaohf.com\/product\/wholesale-d-shackle-chain-shackle-for-lifting\/\",\"url\":\"https:\/\/qingdaohf.com\/product\/wholesale-d-shackle-chain-shackle-for-lifting\/\",\"name\":\"Wholesale D Shackle Chain Shackle for Lifting\",\"isPartOf\":{\"@id\":\"https:\/\/qingdaohf.com\/bg\/#website\"},\"primaryImageOfPage\":{\"@id\":\"https:\/\/qingdaohf.com\/product\/wholesale-d-shackle-chain-shackle-for-lifting\/#primaryimage\"},\"image\":{\"@id\":\"https:\/\/qingdaohf.com\/product\/wholesale-d-shackle-chain-shackle-for-lifting\/#primaryimage\"},\"thumbnailUrl\":\"https:\/\/qingdaohf.com\/wp-content\/uploads\/2024\/02\/HF-SHACKLE-6.jpg\",\"datePublished\":\"2024-02-02T06:30:53+00:00\",\"dateModified\":\"2025-11-13T01:03:39+00:00\",\"description\":\"Dee shackles, are engineered for durability and strength, ensuring dependable performance in diverse environments.\",\"breadcrumb\":{\"@id\":\"https:\/\/qingdaohf.com\/product\/wholesale-d-shackle-chain-shackle-for-lifting\/#breadcrumb\"},\"inLanguage\":\"sk-SK\",\"potentialAction\":[{\"@type\":\"ReadAction\",\"target\":[\"https:\/\/qingdaohf.com\/product\/wholesale-d-shackle-chain-shackle-for-lifting\/\"]}]},{\"@type\":\"ImageObject\",\"inLanguage\":\"sk-SK\",\"@id\":\"https:\/\/qingdaohf.com\/product\/wholesale-d-shackle-chain-shackle-for-lifting\/#primaryimage\",\"url\":\"https:\/\/qingdaohf.com\/wp-content\/uploads\/2024\/02\/HF-SHACKLE-6.jpg\",\"contentUrl\":\"https:\/\/qingdaohf.com\/wp-content\/uploads\/2024\/02\/HF-SHACKLE-6.jpg\",\"width\":1000,\"height\":1000,\"caption\":\"D SHACKLE\"},{\"@type\":\"BreadcrumbList\",\"@id\":\"https:\/\/qingdaohf.com\/product\/wholesale-d-shackle-chain-shackle-for-lifting\/#breadcrumb\",\"itemListElement\":[{\"@type\":\"ListItem\",\"position\":1,\"name\":\"Home\",\"item\":\"https:\/\/qingdaohf.com\/\"},{\"@type\":\"ListItem\",\"position\":2,\"name\":\"Concrete Forming Accessories and Rigging Hardware\",\"item\":\"https:\/\/qingdaohf.com\/bg\/?page_id=944\"},{\"@type\":\"ListItem\",\"position\":3,\"name\":\"Wholesale D Shackle Chain Shackle for Lifting\"}]},{\"@type\":\"WebSite\",\"@id\":\"https:\/\/qingdaohf.com\/bg\/#website\",\"url\":\"https:\/\/qingdaohf.com\/bg\/\",\"name\":\"Concrete Form & Rigging Hardware Supplier\",\"description\":\"\",\"publisher\":{\"@id\":\"https:\/\/qingdaohf.com\/bg\/#organization\"},\"potentialAction\":[{\"@type\":\"SearchAction\",\"target\":{\"@type\":\"EntryPoint\",\"urlTemplate\":\"https:\/\/qingdaohf.com\/bg\/?s={search_term_string}\"},\"query-input\":{\"@type\":\"PropertyValueSpecification\",\"valueRequired\":true,\"valueName\":\"search_term_string\"}}],\"inLanguage\":\"sk-SK\"},{\"@type\":\"Organization\",\"@id\":\"https:\/\/qingdaohf.com\/bg\/#organization\",\"name\":\"Qingdao H&F\",\"url\":\"https:\/\/qingdaohf.com\/bg\/\",\"logo\":{\"@type\":\"ImageObject\",\"inLanguage\":\"sk-SK\",\"@id\":\"https:\/\/qingdaohf.com\/bg\/#\/schema\/logo\/image\/\",\"url\":\"https:\/\/qingdaohf.com\/wp-content\/uploads\/2022\/12\/cropped-HF-LOGO.png\",\"contentUrl\":\"https:\/\/qingdaohf.com\/wp-content\/uploads\/2022\/12\/cropped-HF-LOGO.png\",\"width\":391,\"height\":249,\"caption\":\"Qingdao H&F\"},\"image\":{\"@id\":\"https:\/\/qingdaohf.com\/bg\/#\/schema\/logo\/image\/\"},\"sameAs\":[\"https:\/\/www.facebook.com\/qingdaohf\"]}]}<\/script>\n<!-- \/ Yoast SEO plugin. -->","yoast_head_json":{"title":"Wholesale D Shackle Chain Shackle for Lifting","description":"Dee shackles, are engineered for durability and strength, ensuring dependable performance in diverse environments.","robots":{"index":"index","follow":"follow","max-snippet":"max-snippet:-1","max-image-preview":"max-image-preview:large","max-video-preview":"max-video-preview:-1"},"canonical":"https:\/\/qingdaohf.com\/sk\/produkt\/velkoobchodny-predaj-retazovych-put-na-zdvihanie\/","og_locale":"sk_SK","og_type":"article","og_title":"Wholesale D Shackle Chain Shackle for Lifting","og_description":"Dee shackles, are engineered for durability and strength, ensuring dependable performance in diverse environments.","og_url":"https:\/\/qingdaohf.com\/sk\/produkt\/velkoobchodny-predaj-retazovych-put-na-zdvihanie\/","og_site_name":"Concrete Form &amp; Rigging Hardware Supplier","article_publisher":"https:\/\/www.facebook.com\/qingdaohf","article_modified_time":"2025-11-13T01:03:39+00:00","og_image":[{"width":1000,"height":1000,"url":"https:\/\/qingdaohf.com\/wp-content\/uploads\/2024\/02\/HF-SHACKLE-6.jpg","type":"image\/jpeg"}],"twitter_card":"summary_large_image","twitter_misc":{"Predpokladan\u00fd \u010das \u010d\u00edtania":"5 min\u00fat"},"schema":{"@context":"https:\/\/schema.org","@graph":[{"@type":"WebPage","@id":"https:\/\/qingdaohf.com\/product\/wholesale-d-shackle-chain-shackle-for-lifting\/","url":"https:\/\/qingdaohf.com\/product\/wholesale-d-shackle-chain-shackle-for-lifting\/","name":"Wholesale D Shackle Chain Shackle for Lifting","isPartOf":{"@id":"https:\/\/qingdaohf.com\/bg\/#website"},"primaryImageOfPage":{"@id":"https:\/\/qingdaohf.com\/product\/wholesale-d-shackle-chain-shackle-for-lifting\/#primaryimage"},"image":{"@id":"https:\/\/qingdaohf.com\/product\/wholesale-d-shackle-chain-shackle-for-lifting\/#primaryimage"},"thumbnailUrl":"https:\/\/qingdaohf.com\/wp-content\/uploads\/2024\/02\/HF-SHACKLE-6.jpg","datePublished":"2024-02-02T06:30:53+00:00","dateModified":"2025-11-13T01:03:39+00:00","description":"Dee shackles, are engineered for durability and strength, ensuring dependable performance in diverse environments.","breadcrumb":{"@id":"https:\/\/qingdaohf.com\/product\/wholesale-d-shackle-chain-shackle-for-lifting\/#breadcrumb"},"inLanguage":"sk-SK","potentialAction":[{"@type":"ReadAction","target":["https:\/\/qingdaohf.com\/product\/wholesale-d-shackle-chain-shackle-for-lifting\/"]}]},{"@type":"ImageObject","inLanguage":"sk-SK","@id":"https:\/\/qingdaohf.com\/product\/wholesale-d-shackle-chain-shackle-for-lifting\/#primaryimage","url":"https:\/\/qingdaohf.com\/wp-content\/uploads\/2024\/02\/HF-SHACKLE-6.jpg","contentUrl":"https:\/\/qingdaohf.com\/wp-content\/uploads\/2024\/02\/HF-SHACKLE-6.jpg","width":1000,"height":1000,"caption":"D SHACKLE"},{"@type":"BreadcrumbList","@id":"https:\/\/qingdaohf.com\/product\/wholesale-d-shackle-chain-shackle-for-lifting\/#breadcrumb","itemListElement":[{"@type":"ListItem","position":1,"name":"Home","item":"https:\/\/qingdaohf.com\/"},{"@type":"ListItem","position":2,"name":"Concrete Forming Accessories and Rigging Hardware","item":"https:\/\/qingdaohf.com\/bg\/?page_id=944"},{"@type":"ListItem","position":3,"name":"Wholesale D Shackle Chain Shackle for Lifting"}]},{"@type":"WebSite","@id":"https:\/\/qingdaohf.com\/bg\/#website","url":"https:\/\/qingdaohf.com\/bg\/","name":"Concrete Form & Rigging Hardware Supplier","description":"","publisher":{"@id":"https:\/\/qingdaohf.com\/bg\/#organization"},"potentialAction":[{"@type":"SearchAction","target":{"@type":"EntryPoint","urlTemplate":"https:\/\/qingdaohf.com\/bg\/?s={search_term_string}"},"query-input":{"@type":"PropertyValueSpecification","valueRequired":true,"valueName":"search_term_string"}}],"inLanguage":"sk-SK"},{"@type":"Organization","@id":"https:\/\/qingdaohf.com\/bg\/#organization","name":"Qingdao H&F","url":"https:\/\/qingdaohf.com\/bg\/","logo":{"@type":"ImageObject","inLanguage":"sk-SK","@id":"https:\/\/qingdaohf.com\/bg\/#\/schema\/logo\/image\/","url":"https:\/\/qingdaohf.com\/wp-content\/uploads\/2022\/12\/cropped-HF-LOGO.png","contentUrl":"https:\/\/qingdaohf.com\/wp-content\/uploads\/2022\/12\/cropped-HF-LOGO.png","width":391,"height":249,"caption":"Qingdao H&F"},"image":{"@id":"https:\/\/qingdaohf.com\/bg\/#\/schema\/logo\/image\/"},"sameAs":["https:\/\/www.facebook.com\/qingdaohf"]}]}},"_links":{"self":[{"href":"https:\/\/qingdaohf.com\/sk\/wp-json\/wp\/v2\/product\/6443","targetHints":{"allow":["GET"]}}],"collection":[{"href":"https:\/\/qingdaohf.com\/sk\/wp-json\/wp\/v2\/product"}],"about":[{"href":"https:\/\/qingdaohf.com\/sk\/wp-json\/wp\/v2\/types\/product"}],"replies":[{"embeddable":true,"href":"https:\/\/qingdaohf.com\/sk\/wp-json\/wp\/v2\/comments?post=6443"}],"version-history":[{"count":10,"href":"https:\/\/qingdaohf.com\/sk\/wp-json\/wp\/v2\/product\/6443\/revisions"}],"predecessor-version":[{"id":8212,"href":"https:\/\/qingdaohf.com\/sk\/wp-json\/wp\/v2\/product\/6443\/revisions\/8212"}],"wp:featuredmedia":[{"embeddable":true,"href":"https:\/\/qingdaohf.com\/sk\/wp-json\/wp\/v2\/media\/6470"}],"wp:attachment":[{"href":"https:\/\/qingdaohf.com\/sk\/wp-json\/wp\/v2\/media?parent=6443"}],"wp:term":[{"taxonomy":"product_brand","embeddable":true,"href":"https:\/\/qingdaohf.com\/sk\/wp-json\/wp\/v2\/product_brand?post=6443"},{"taxonomy":"product_cat","embeddable":true,"href":"https:\/\/qingdaohf.com\/sk\/wp-json\/wp\/v2\/product_cat?post=6443"},{"taxonomy":"product_tag","embeddable":true,"href":"https:\/\/qingdaohf.com\/sk\/wp-json\/wp\/v2\/product_tag?post=6443"}],"curies":[{"name":"wp","href":"https:\/\/api.w.org\/{rel}","templated":true}]}}