{"id":6447,"date":"2024-02-01T17:45:13","date_gmt":"2024-02-01T09:45:13","guid":{"rendered":"http:\/\/qingdaohf.com\/?post_type=product&#038;p=6447"},"modified":"2025-11-13T09:03:39","modified_gmt":"2025-11-13T01:03:39","slug":"bow-shackle-anchor-shackle-for-lifting","status":"publish","type":"product","link":"https:\/\/qingdaohf.com\/sk\/produkt\/kotevne-putko-na-zdvihanie\/","title":{"rendered":"Heavy Duty Bow Shackle | Kotviace p\u00fatko na zdv\u00edhanie"},"content":{"rendered":"<p>Vitajte na str\u00e1nkach spolo\u010dnosti H&amp;F, ktor\u00e1 je hlavn\u00fdm cie\u013eom pre vysokokvalitn\u00e9 pozinkovan\u00e9 predn\u00e9 a kotevn\u00e9 ok\u00e1 navrhnut\u00e9 tak, aby sp\u013a\u0148ali v\u0161etky va\u0161e po\u017eiadavky na zdv\u00edhanie, \u0165ahanie a manipul\u00e1ciu. Ako popredn\u00fd dod\u00e1vate\u013e p\u00fat, ktor\u00fd sa \u0161pecializuje na ve\u013ekoobchodn\u00fa distrib\u00faciu, sme hrd\u00ed na to, \u017ee pon\u00fakame komplexn\u00fd sortiment p\u00fat na obl\u00fak a kotvy vyroben\u00fdch z prvotriednych materi\u00e1lov, ktor\u00e9 zabezpe\u010duj\u00fa vynikaj\u00faci v\u00fdkon a trvanlivos\u0165 pri ka\u017edom pou\u017eit\u00ed.<\/p>\n<ol>\n<li>Kvalitn\u00fd pozinkovan\u00fd materi\u00e1l: Na\u0161e predn\u00e9 a kotevn\u00e9 ok\u00e1 s\u00fa starostlivo vyroben\u00e9 z vysoko kvalitnej pozinkovanej ocele, \u010do zaru\u010duje v\u00fdnimo\u010dn\u00fa odolnos\u0165 vo\u010di kor\u00f3zii a dlhotrvaj\u00facu \u017eivotnos\u0165 aj v t\u00fdch najn\u00e1ro\u010dnej\u0161\u00edch podmienkach.<\/li>\n<li>V\u0161estrann\u00e9 pou\u017eitie: \u010ci u\u017e zdv\u00edhate \u0165a\u017ek\u00e9 bremen\u00e1, vle\u010diete zariadenia alebo upev\u0148ujete r\u00f4zne komponenty, na\u0161e predn\u00e9 a kotvov\u00e9 ok\u00e1 s\u00fa navrhnut\u00e9 tak, aby poskytovali spo\u013eahliv\u00fd v\u00fdkon v \u0161irokom rozsahu aplik\u00e1ci\u00ed.<\/li>\n<li>\u0160irok\u00e1 \u0161k\u00e1la modelov: Vyberte si z na\u0161ej \u0161irokej ponuky predn\u00fdch a kotevn\u00fdch ok vr\u00e1tane ob\u013e\u00faben\u00fdch modelov, ako s\u00fa G209, G213, G2140, G2160 a G2169. Ka\u017ed\u00fd z nich je navrhnut\u00fd tak, aby sp\u013a\u0148al \u0161pecifick\u00e9 priemyseln\u00e9 normy a po\u017eiadavky.<\/li>\n<li>Ve\u013ekoobchodn\u00e9 ceny: Ako ve\u013ekoobchodn\u00fd dod\u00e1vate\u013e okovov pon\u00fakame konkurencieschopn\u00e9 ceny na hromadn\u00e9 objedn\u00e1vky, \u010do v\u00e1m umo\u017en\u00ed maximalizova\u0165 \u00faspory n\u00e1kladov a z\u00e1rove\u0148 zabezpe\u010di\u0165 \u0161pi\u010dkov\u00fa kvalitu v\u00fdrobkov pre potreby v\u00e1\u0161ho podnikania.<\/li>\n<\/ol>\n<p>Rie\u0161enia be\u017en\u00fdch ob\u00e1v kupuj\u00facich:<\/p>\n<ol>\n<li>Zabezpe\u010denie kvality: Ch\u00e1peme, \u017ee kupuj\u00faci, ktor\u00ed nakupuj\u00fa okovy vo ve\u013ek\u00fdch mno\u017estv\u00e1ch, maj\u00fa obavy o kvalitu v\u00fdrobku. M\u00f4\u017eete si by\u0165 ist\u00ed, \u017ee na\u0161e predn\u00e9 a kotevn\u00e9 ok\u00e1 prech\u00e1dzaj\u00fa v ka\u017edej f\u00e1ze v\u00fdroby pr\u00edsnymi opatreniami na kontrolu kvality, aby sa zabezpe\u010dilo, \u017ee sp\u013a\u0148aj\u00fa alebo prevy\u0161uj\u00fa priemyseln\u00e9 normy spo\u013eahlivosti a v\u00fdkonu.<\/li>\n<li>Kompatibilita a mont\u00e1\u017e: V\u010faka \u0161irokej \u0161k\u00e1le dostupn\u00fdch modelov poskytujeme podrobn\u00e9 \u0161pecifik\u00e1cie a inform\u00e1cie o kompatibilite pre ka\u017ed\u00fd predn\u00fd a kotevn\u00fd z\u00e1ves, \u010do kupuj\u00facim u\u013eah\u010duje v\u00fdber spr\u00e1vneho produktu pre ich konkr\u00e9tnu aplik\u00e1ciu.<\/li>\n<li>Hromadn\u00e9 ceny a z\u013eavy: Pon\u00fakame konkurencieschopn\u00e9 ve\u013ekoobchodn\u00e9 ceny a atrakt\u00edvne z\u013eavy na hromadn\u00e9 objedn\u00e1vky, ktor\u00e9 kupuj\u00facim umo\u017e\u0148uj\u00fa optimalizova\u0165 n\u00e1klady na obstar\u00e1vanie bez toho, aby bola ohrozen\u00e1 kvalita.<\/li>\n<li>V\u010dasn\u00e9 dodanie: Na\u0161e efekt\u00edvne riadenie dod\u00e1vate\u013esk\u00e9ho re\u0165azca zabezpe\u010duje v\u010dasn\u00e9 dodanie hromadn\u00fdch objedn\u00e1vok, minimalizuje prestoje a zabezpe\u010duje nepreru\u0161ovan\u00fa prev\u00e1dzku pre na\u0161ich z\u00e1kazn\u00edkov.<\/li>\n<li>\u0160pecializovan\u00e1 z\u00e1kazn\u00edcka podpora: N\u00e1\u0161 t\u00edm sk\u00fasen\u00fdch odborn\u00edkov sa sna\u017e\u00ed poskytova\u0165 v\u00fdnimo\u010dn\u00fa z\u00e1kazn\u00edcku podporu, pom\u00e1ha\u0165 kupuj\u00facim s v\u00fdberom produktov, mo\u017enos\u0165ami prisp\u00f4sobenia a r\u00fdchlo a efekt\u00edvne rie\u0161i\u0165 ak\u00e9ko\u013evek ot\u00e1zky alebo probl\u00e9my.<\/li>\n<\/ol>\n<p>Be\u017en\u00e9 limity pracovn\u00e9ho za\u0165a\u017eenia (WLL) a ve\u013ekosti obl\u00fakov\u00fdch z\u00e1vesov:<\/p>\n<p><strong>WLL<\/strong>: 0,33 tony, 0,5 tony, 0,75 tony, 1 tona, 1,5 tony, 2 tony, 3,25 tony, 4,75 tony, 6,5 tony, 8,5 tony, 9,5 tony, 12 ton, 13,5 tony, 17 ton, 25 ton, 35 ton, 55 ton, 85 ton, 120 ton, 150 ton<\/p>\n<p><strong>Ve\u013ekosti<\/strong>: 1\/4 palca, 3\/8 palca, 1\/2 palca, 5\/8 palca, 3\/4 palca, 7\/8 palca, 1 palec, 1-1\/4 palca, 1-1\/2 palca, 1-3\/4 palca, 2 palce, 2-1\/2 palca, 3 palce<\/p>\n<p><img fetchpriority=\"high\" decoding=\"async\" class=\"alignnone size-full wp-image-6475\" src=\"http:\/\/qingdaohf.com\/wp-content\/uploads\/2024\/02\/shackle-collection-4.jpg\" alt=\"\u0165a\u017ek\u00fd \u00fav\u00e4zok\" width=\"1000\" height=\"559\" srcset=\"https:\/\/qingdaohf.com\/wp-content\/uploads\/2024\/02\/shackle-collection-4.jpg 1000w, https:\/\/qingdaohf.com\/wp-content\/uploads\/2024\/02\/shackle-collection-4-300x168.jpg 300w, https:\/\/qingdaohf.com\/wp-content\/uploads\/2024\/02\/shackle-collection-4-768x429.jpg 768w\" sizes=\"(max-width: 1000px) 100vw, 1000px\" \/><\/p>","protected":false},"excerpt":{"rendered":"<p>Na\u0161e predn\u00e9 kotviace ok\u00e1 maj\u00fa robustn\u00fa zaoblen\u00fa kon\u0161trukciu, ktor\u00e1 zabezpe\u010duje optim\u00e1lne rozlo\u017eenie za\u0165a\u017eenia a zni\u017euje nam\u00e1hanie, v\u010faka \u010domu s\u00fa ide\u00e1lne pre r\u00f4zne aplik\u00e1cie v r\u00f4znych odvetviach. V\u010faka pou\u017eitiu vysokokvalitn\u00fdch materi\u00e1lov a prec\u00edznemu spracovaniu poskytuj\u00fa tieto kotviace ok\u00e1 v\u00fdnimo\u010dn\u00fa odolnos\u0165 a v\u00fdkon aj v t\u00fdch najn\u00e1ro\u010dnej\u0161\u00edch prostrediach. D\u00f4verujte na\u0161im predn\u00fdm kotviacim ok\u00e1m, ktor\u00e9 zv\u00fd\u0161ia efektivitu, bezpe\u010dnos\u0165 a produktivitu va\u0161ich prev\u00e1dzok.<\/p>","protected":false},"featured_media":6465,"comment_status":"open","ping_status":"closed","template":"","meta":{"site-sidebar-layout":"default","site-content-layout":"","ast-site-content-layout":"default","site-content-style":"default","site-sidebar-style":"default","ast-global-header-display":"","ast-banner-title-visibility":"","ast-main-header-display":"","ast-hfb-above-header-display":"","ast-hfb-below-header-display":"","ast-hfb-mobile-header-display":"","site-post-title":"","ast-breadcrumbs-content":"","ast-featured-img":"","footer-sml-layout":"","theme-transparent-header-meta":"default","adv-header-id-meta":"","stick-header-meta":"default","header-above-stick-meta":"","header-main-stick-meta":"","header-below-stick-meta":"","astra-migrate-meta-layouts":"set","ast-page-background-enabled":"default","ast-page-background-meta":{"desktop":{"background-color":"","background-image":"","background-repeat":"repeat","background-position":"center center","background-size":"auto","background-attachment":"scroll","background-type":"","background-media":"","overlay-type":"","overlay-color":"","overlay-opacity":"","overlay-gradient":""},"tablet":{"background-color":"","background-image":"","background-repeat":"repeat","background-position":"center center","background-size":"auto","background-attachment":"scroll","background-type":"","background-media":"","overlay-type":"","overlay-color":"","overlay-opacity":"","overlay-gradient":""},"mobile":{"background-color":"","background-image":"","background-repeat":"repeat","background-position":"center center","background-size":"auto","background-attachment":"scroll","background-type":"","background-media":"","overlay-type":"","overlay-color":"","overlay-opacity":"","overlay-gradient":""}},"ast-content-background-meta":{"desktop":{"background-color":"var(--ast-global-color-5)","background-image":"","background-repeat":"repeat","background-position":"center center","background-size":"auto","background-attachment":"scroll","background-type":"","background-media":"","overlay-type":"","overlay-color":"","overlay-opacity":"","overlay-gradient":""},"tablet":{"background-color":"var(--ast-global-color-5)","background-image":"","background-repeat":"repeat","background-position":"center center","background-size":"auto","background-attachment":"scroll","background-type":"","background-media":"","overlay-type":"","overlay-color":"","overlay-opacity":"","overlay-gradient":""},"mobile":{"background-color":"var(--ast-global-color-5)","background-image":"","background-repeat":"repeat","background-position":"center center","background-size":"auto","background-attachment":"scroll","background-type":"","background-media":"","overlay-type":"","overlay-color":"","overlay-opacity":"","overlay-gradient":""}}},"product_brand":[],"product_cat":[51,54],"product_tag":[],"class_list":{"0":"post-6447","1":"product","2":"type-product","3":"status-publish","4":"has-post-thumbnail","6":"product_cat-riggging-hardware","7":"product_cat-shackle","8":"desktop-align-left","9":"tablet-align-left","10":"mobile-align-left","11":"ast-product-gallery-layout-horizontal-slider","12":"ast-product-tabs-layout-horizontal","14":"first","15":"instock","16":"shipping-taxable","17":"purchasable","18":"product-type-simple"},"yoast_head":"<!-- This site is optimized with the Yoast SEO plugin v25.2 - https:\/\/yoast.com\/wordpress\/plugins\/seo\/ -->\n<title>Heavy Duty Bow Shackle | Anchor Shackle for Lifting<\/title>\n<meta name=\"description\" content=\"Bow shackles feature a robust, rounded design that ensures optimal load distribution and reduced stress, making them ideal for various applications across industries.\" \/>\n<meta name=\"robots\" content=\"index, follow, max-snippet:-1, max-image-preview:large, max-video-preview:-1\" \/>\n<link rel=\"canonical\" href=\"https:\/\/qingdaohf.com\/sk\/produkt\/kotevne-putko-na-zdvihanie\/\" \/>\n<meta property=\"og:locale\" content=\"sk_SK\" \/>\n<meta property=\"og:type\" content=\"article\" \/>\n<meta property=\"og:title\" content=\"Heavy Duty Bow Shackle | Anchor Shackle for Lifting\" \/>\n<meta property=\"og:description\" content=\"Bow shackles feature a robust, rounded design that ensures optimal load distribution and reduced stress, making them ideal for various applications across industries.\" \/>\n<meta property=\"og:url\" content=\"https:\/\/qingdaohf.com\/sk\/produkt\/kotevne-putko-na-zdvihanie\/\" \/>\n<meta property=\"og:site_name\" content=\"Concrete Form &amp; Rigging Hardware Supplier\" \/>\n<meta property=\"article:publisher\" content=\"https:\/\/www.facebook.com\/qingdaohf\" \/>\n<meta property=\"article:modified_time\" content=\"2025-11-13T01:03:39+00:00\" \/>\n<meta property=\"og:image\" content=\"https:\/\/qingdaohf.com\/wp-content\/uploads\/2024\/02\/HF-SHACKLE-1.jpg\" \/>\n\t<meta property=\"og:image:width\" content=\"1000\" \/>\n\t<meta property=\"og:image:height\" content=\"1000\" \/>\n\t<meta property=\"og:image:type\" content=\"image\/jpeg\" \/>\n<meta name=\"twitter:card\" content=\"summary_large_image\" \/>\n<meta name=\"twitter:label1\" content=\"Predpokladan\u00fd \u010das \u010d\u00edtania\" \/>\n\t<meta name=\"twitter:data1\" content=\"3 min\u00faty\" \/>\n<script type=\"application\/ld+json\" class=\"yoast-schema-graph\">{\"@context\":\"https:\/\/schema.org\",\"@graph\":[{\"@type\":\"WebPage\",\"@id\":\"https:\/\/qingdaohf.com\/product\/bow-shackle-anchor-shackle-for-lifting\/\",\"url\":\"https:\/\/qingdaohf.com\/product\/bow-shackle-anchor-shackle-for-lifting\/\",\"name\":\"Heavy Duty Bow Shackle | Anchor Shackle for Lifting\",\"isPartOf\":{\"@id\":\"https:\/\/qingdaohf.com\/bg\/#website\"},\"primaryImageOfPage\":{\"@id\":\"https:\/\/qingdaohf.com\/product\/bow-shackle-anchor-shackle-for-lifting\/#primaryimage\"},\"image\":{\"@id\":\"https:\/\/qingdaohf.com\/product\/bow-shackle-anchor-shackle-for-lifting\/#primaryimage\"},\"thumbnailUrl\":\"https:\/\/qingdaohf.com\/wp-content\/uploads\/2024\/02\/HF-SHACKLE-1.jpg\",\"datePublished\":\"2024-02-01T09:45:13+00:00\",\"dateModified\":\"2025-11-13T01:03:39+00:00\",\"description\":\"Bow shackles feature a robust, rounded design that ensures optimal load distribution and reduced stress, making them ideal for various applications across industries.\",\"breadcrumb\":{\"@id\":\"https:\/\/qingdaohf.com\/product\/bow-shackle-anchor-shackle-for-lifting\/#breadcrumb\"},\"inLanguage\":\"sk-SK\",\"potentialAction\":[{\"@type\":\"ReadAction\",\"target\":[\"https:\/\/qingdaohf.com\/product\/bow-shackle-anchor-shackle-for-lifting\/\"]}]},{\"@type\":\"ImageObject\",\"inLanguage\":\"sk-SK\",\"@id\":\"https:\/\/qingdaohf.com\/product\/bow-shackle-anchor-shackle-for-lifting\/#primaryimage\",\"url\":\"https:\/\/qingdaohf.com\/wp-content\/uploads\/2024\/02\/HF-SHACKLE-1.jpg\",\"contentUrl\":\"https:\/\/qingdaohf.com\/wp-content\/uploads\/2024\/02\/HF-SHACKLE-1.jpg\",\"width\":1000,\"height\":1000,\"caption\":\"Anchor SHACKLE\"},{\"@type\":\"BreadcrumbList\",\"@id\":\"https:\/\/qingdaohf.com\/product\/bow-shackle-anchor-shackle-for-lifting\/#breadcrumb\",\"itemListElement\":[{\"@type\":\"ListItem\",\"position\":1,\"name\":\"Home\",\"item\":\"https:\/\/qingdaohf.com\/\"},{\"@type\":\"ListItem\",\"position\":2,\"name\":\"Concrete Forming Accessories and Rigging Hardware\",\"item\":\"https:\/\/qingdaohf.com\/bg\/?page_id=944\"},{\"@type\":\"ListItem\",\"position\":3,\"name\":\"Heavy Duty Bow Shackle | Anchor Shackle for Lifting\"}]},{\"@type\":\"WebSite\",\"@id\":\"https:\/\/qingdaohf.com\/bg\/#website\",\"url\":\"https:\/\/qingdaohf.com\/bg\/\",\"name\":\"Concrete Form & Rigging Hardware Supplier\",\"description\":\"\",\"publisher\":{\"@id\":\"https:\/\/qingdaohf.com\/bg\/#organization\"},\"potentialAction\":[{\"@type\":\"SearchAction\",\"target\":{\"@type\":\"EntryPoint\",\"urlTemplate\":\"https:\/\/qingdaohf.com\/bg\/?s={search_term_string}\"},\"query-input\":{\"@type\":\"PropertyValueSpecification\",\"valueRequired\":true,\"valueName\":\"search_term_string\"}}],\"inLanguage\":\"sk-SK\"},{\"@type\":\"Organization\",\"@id\":\"https:\/\/qingdaohf.com\/bg\/#organization\",\"name\":\"Qingdao H&F\",\"url\":\"https:\/\/qingdaohf.com\/bg\/\",\"logo\":{\"@type\":\"ImageObject\",\"inLanguage\":\"sk-SK\",\"@id\":\"https:\/\/qingdaohf.com\/bg\/#\/schema\/logo\/image\/\",\"url\":\"https:\/\/qingdaohf.com\/wp-content\/uploads\/2022\/12\/cropped-HF-LOGO.png\",\"contentUrl\":\"https:\/\/qingdaohf.com\/wp-content\/uploads\/2022\/12\/cropped-HF-LOGO.png\",\"width\":391,\"height\":249,\"caption\":\"Qingdao H&F\"},\"image\":{\"@id\":\"https:\/\/qingdaohf.com\/bg\/#\/schema\/logo\/image\/\"},\"sameAs\":[\"https:\/\/www.facebook.com\/qingdaohf\"]}]}<\/script>\n<!-- \/ Yoast SEO plugin. -->","yoast_head_json":{"title":"Heavy Duty Bow Shackle | Anchor Shackle for Lifting","description":"Bow shackles feature a robust, rounded design that ensures optimal load distribution and reduced stress, making them ideal for various applications across industries.","robots":{"index":"index","follow":"follow","max-snippet":"max-snippet:-1","max-image-preview":"max-image-preview:large","max-video-preview":"max-video-preview:-1"},"canonical":"https:\/\/qingdaohf.com\/sk\/produkt\/kotevne-putko-na-zdvihanie\/","og_locale":"sk_SK","og_type":"article","og_title":"Heavy Duty Bow Shackle | Anchor Shackle for Lifting","og_description":"Bow shackles feature a robust, rounded design that ensures optimal load distribution and reduced stress, making them ideal for various applications across industries.","og_url":"https:\/\/qingdaohf.com\/sk\/produkt\/kotevne-putko-na-zdvihanie\/","og_site_name":"Concrete Form &amp; Rigging Hardware Supplier","article_publisher":"https:\/\/www.facebook.com\/qingdaohf","article_modified_time":"2025-11-13T01:03:39+00:00","og_image":[{"width":1000,"height":1000,"url":"https:\/\/qingdaohf.com\/wp-content\/uploads\/2024\/02\/HF-SHACKLE-1.jpg","type":"image\/jpeg"}],"twitter_card":"summary_large_image","twitter_misc":{"Predpokladan\u00fd \u010das \u010d\u00edtania":"3 min\u00faty"},"schema":{"@context":"https:\/\/schema.org","@graph":[{"@type":"WebPage","@id":"https:\/\/qingdaohf.com\/product\/bow-shackle-anchor-shackle-for-lifting\/","url":"https:\/\/qingdaohf.com\/product\/bow-shackle-anchor-shackle-for-lifting\/","name":"Heavy Duty Bow Shackle | Anchor Shackle for Lifting","isPartOf":{"@id":"https:\/\/qingdaohf.com\/bg\/#website"},"primaryImageOfPage":{"@id":"https:\/\/qingdaohf.com\/product\/bow-shackle-anchor-shackle-for-lifting\/#primaryimage"},"image":{"@id":"https:\/\/qingdaohf.com\/product\/bow-shackle-anchor-shackle-for-lifting\/#primaryimage"},"thumbnailUrl":"https:\/\/qingdaohf.com\/wp-content\/uploads\/2024\/02\/HF-SHACKLE-1.jpg","datePublished":"2024-02-01T09:45:13+00:00","dateModified":"2025-11-13T01:03:39+00:00","description":"Bow shackles feature a robust, rounded design that ensures optimal load distribution and reduced stress, making them ideal for various applications across industries.","breadcrumb":{"@id":"https:\/\/qingdaohf.com\/product\/bow-shackle-anchor-shackle-for-lifting\/#breadcrumb"},"inLanguage":"sk-SK","potentialAction":[{"@type":"ReadAction","target":["https:\/\/qingdaohf.com\/product\/bow-shackle-anchor-shackle-for-lifting\/"]}]},{"@type":"ImageObject","inLanguage":"sk-SK","@id":"https:\/\/qingdaohf.com\/product\/bow-shackle-anchor-shackle-for-lifting\/#primaryimage","url":"https:\/\/qingdaohf.com\/wp-content\/uploads\/2024\/02\/HF-SHACKLE-1.jpg","contentUrl":"https:\/\/qingdaohf.com\/wp-content\/uploads\/2024\/02\/HF-SHACKLE-1.jpg","width":1000,"height":1000,"caption":"Anchor SHACKLE"},{"@type":"BreadcrumbList","@id":"https:\/\/qingdaohf.com\/product\/bow-shackle-anchor-shackle-for-lifting\/#breadcrumb","itemListElement":[{"@type":"ListItem","position":1,"name":"Home","item":"https:\/\/qingdaohf.com\/"},{"@type":"ListItem","position":2,"name":"Concrete Forming Accessories and Rigging Hardware","item":"https:\/\/qingdaohf.com\/bg\/?page_id=944"},{"@type":"ListItem","position":3,"name":"Heavy Duty Bow Shackle | Anchor Shackle for Lifting"}]},{"@type":"WebSite","@id":"https:\/\/qingdaohf.com\/bg\/#website","url":"https:\/\/qingdaohf.com\/bg\/","name":"Concrete Form & Rigging Hardware Supplier","description":"","publisher":{"@id":"https:\/\/qingdaohf.com\/bg\/#organization"},"potentialAction":[{"@type":"SearchAction","target":{"@type":"EntryPoint","urlTemplate":"https:\/\/qingdaohf.com\/bg\/?s={search_term_string}"},"query-input":{"@type":"PropertyValueSpecification","valueRequired":true,"valueName":"search_term_string"}}],"inLanguage":"sk-SK"},{"@type":"Organization","@id":"https:\/\/qingdaohf.com\/bg\/#organization","name":"Qingdao H&F","url":"https:\/\/qingdaohf.com\/bg\/","logo":{"@type":"ImageObject","inLanguage":"sk-SK","@id":"https:\/\/qingdaohf.com\/bg\/#\/schema\/logo\/image\/","url":"https:\/\/qingdaohf.com\/wp-content\/uploads\/2022\/12\/cropped-HF-LOGO.png","contentUrl":"https:\/\/qingdaohf.com\/wp-content\/uploads\/2022\/12\/cropped-HF-LOGO.png","width":391,"height":249,"caption":"Qingdao H&F"},"image":{"@id":"https:\/\/qingdaohf.com\/bg\/#\/schema\/logo\/image\/"},"sameAs":["https:\/\/www.facebook.com\/qingdaohf"]}]}},"_links":{"self":[{"href":"https:\/\/qingdaohf.com\/sk\/wp-json\/wp\/v2\/product\/6447","targetHints":{"allow":["GET"]}}],"collection":[{"href":"https:\/\/qingdaohf.com\/sk\/wp-json\/wp\/v2\/product"}],"about":[{"href":"https:\/\/qingdaohf.com\/sk\/wp-json\/wp\/v2\/types\/product"}],"replies":[{"embeddable":true,"href":"https:\/\/qingdaohf.com\/sk\/wp-json\/wp\/v2\/comments?post=6447"}],"version-history":[{"count":6,"href":"https:\/\/qingdaohf.com\/sk\/wp-json\/wp\/v2\/product\/6447\/revisions"}],"predecessor-version":[{"id":6486,"href":"https:\/\/qingdaohf.com\/sk\/wp-json\/wp\/v2\/product\/6447\/revisions\/6486"}],"wp:featuredmedia":[{"embeddable":true,"href":"https:\/\/qingdaohf.com\/sk\/wp-json\/wp\/v2\/media\/6465"}],"wp:attachment":[{"href":"https:\/\/qingdaohf.com\/sk\/wp-json\/wp\/v2\/media?parent=6447"}],"wp:term":[{"taxonomy":"product_brand","embeddable":true,"href":"https:\/\/qingdaohf.com\/sk\/wp-json\/wp\/v2\/product_brand?post=6447"},{"taxonomy":"product_cat","embeddable":true,"href":"https:\/\/qingdaohf.com\/sk\/wp-json\/wp\/v2\/product_cat?post=6447"},{"taxonomy":"product_tag","embeddable":true,"href":"https:\/\/qingdaohf.com\/sk\/wp-json\/wp\/v2\/product_tag?post=6447"}],"curies":[{"name":"wp","href":"https:\/\/api.w.org\/{rel}","templated":true}]}}