{"id":6490,"date":"2024-02-02T16:39:40","date_gmt":"2024-02-02T08:39:40","guid":{"rendered":"http:\/\/qingdaohf.com\/?post_type=product&#038;p=6490"},"modified":"2025-11-13T09:03:38","modified_gmt":"2025-11-13T01:03:38","slug":"bolt-type-shackle","status":"publish","type":"product","link":"https:\/\/qingdaohf.com\/sk\/produkt\/skrutkovy-zaves\/","title":{"rendered":"Skrutka typu Shackle"},"content":{"rendered":"<h3>Pochopenie \u00falohy a \u0161pecifik\u00e1ci\u00ed skrutkov\u00fdch sp\u00f4n<\/h3>\n<p>Svorn\u00edky typu Bolt, \u010dasto ozna\u010dovan\u00e9 modelmi ako G2130 a G2140, s\u00fa z\u00e1kladn\u00fdmi n\u00e1strojmi pri manipul\u00e1cii s v\u00fdstrojou, \u0165ahan\u00ed a zdv\u00edhan\u00ed. Ich robustn\u00e1 kon\u0161trukcia je ur\u010den\u00e1 na zabezpe\u010denie spojov a bezpe\u010dn\u00fa podporu zna\u010dn\u00fdch n\u00e1kladov. Najm\u00e4 kon\u0161trukcia so skrutkou pon\u00faka v porovnan\u00ed s in\u00fdmi typmi p\u00fat dodato\u010dn\u00fa bezpe\u010dnos\u0165, v\u010faka \u010domu s\u00fa ve\u013emi vhodn\u00e9 na dlhodob\u00e9 alebo poloprev\u00e1dzkov\u00e9 in\u0161tal\u00e1cie, kde je nevyhnutn\u00e1 zv\u00fd\u0161en\u00e1 stabilita.<\/p>\n<p>To, \u010do odli\u0161uje skrutkov\u00e9 spony, je ich schopnos\u0165 bezpe\u010dne zvl\u00e1dnu\u0165 vysok\u00e9 pracovn\u00e9 za\u0165a\u017eenie, pri\u010dom modely ako G2130 a G2140 pon\u00fakaj\u00fa \u0161irok\u00e9 spektrum ve\u013ekost\u00ed a mo\u017enost\u00ed WLL. T\u00e1to v\u0161estrannos\u0165 umo\u017e\u0148uje pou\u017e\u00edvate\u013eom v r\u00f4znych odvetviach - \u010di u\u017e ide o stavebn\u00edctvo, n\u00e1morn\u00edctvo alebo v\u00fdrobu - vybra\u0165 si presn\u00e9 p\u00fatko, ktor\u00e9 zodpoved\u00e1 \u0161pecifik\u00e1ci\u00e1m ich projektu. Pri v\u00fdbere spony patria WLL a ve\u013ekos\u0165 medzi najd\u00f4le\u017eitej\u0161ie faktory, preto\u017ee priamo ovplyv\u0148uj\u00fa schopnos\u0165 spony pracova\u0165 pri r\u00f4znom hmotnostnom za\u0165a\u017een\u00ed. WLL t\u00fdchto skrutkov\u00fdch p\u00fat sa vo v\u0161eobecnosti pohybuje od 0,33 tony do 150 ton, zatia\u013e \u010do ve\u013ekos\u0165 sa pohybuje od 1\/4 palca do 3 palcov, \u010do poskytuje mo\u017enosti, ktor\u00e9 vyhovuj\u00fa r\u00f4znym po\u017eiadavk\u00e1m na vybavenie a podmienkam prostredia.<\/p>\n<p>Okrem ve\u013ekosti a pevnosti je \u010fal\u0161ou v\u00fdznamnou v\u00fdhodou skrutkov\u00fdch z\u00e1vesov G2130 a G2140 ich kon\u0161trukcia, ktor\u00e1 umo\u017e\u0148uje jednoduch\u00e9 a bezpe\u010dn\u00e9 upevnenie \u010dapmi. Tento aspekt je k\u013e\u00fa\u010dov\u00fd, preto\u017ee konfigur\u00e1cia skrutky a matice zabra\u0148uje n\u00e1hodn\u00e9mu uvo\u013eneniu, \u010d\u00edm chr\u00e1ni n\u00e1klad aj pos\u00e1dku. Tieto ok\u00e1 s\u00fa vyroben\u00e9 z vysokokvalitnej ocele s vysokou pevnos\u0165ou v \u0165ahu a \u010dasto pozinkovan\u00e9 kv\u00f4li odolnosti proti kor\u00f3zii, tak\u017ee poskytuj\u00fa trval\u00fa \u017eivotnos\u0165 pri pou\u017eit\u00ed vo vn\u00fatorn\u00fdch aj vonkaj\u0161\u00edch priestoroch.<\/p>\n<h3>V\u00fdhody v\u00fdberu vysokokvalitn\u00fdch skrutiek od spo\u013eahliv\u00e9ho dod\u00e1vate\u013ea<\/h3>\n<p>Pri n\u00e1kupe skrutkov\u00fdch z\u00e1vesov je nevyhnutn\u00e9 zabezpe\u010di\u0165 kvalitu. Spolo\u010dnos\u0165 Qingdao H&amp;F sa vyzna\u010duje t\u00fdm, \u017ee uprednost\u0148uje pr\u00edsne normy kvality, preto\u017ee ch\u00e1peme, \u017ee kupuj\u00faci potrebuj\u00fa ma\u0165 istotu, \u017ee ich v\u00fdrobky sp\u013a\u0148aj\u00fa bezpe\u010dnostn\u00e9 po\u017eiadavky. Na\u0161e p\u00fatka prech\u00e1dzaj\u00fa pred odoslan\u00edm viacer\u00fdmi kontrolami kvality, pri\u010dom sa poskytuj\u00fa podrobn\u00e9 spr\u00e1vy o kontrole. Tieto spr\u00e1vy zaru\u010duj\u00fa, \u017ee ka\u017ed\u00fd v\u00fdrobok sp\u013a\u0148a po\u017eadovan\u00e9 normy pevnosti a odolnosti, a pom\u00e1haj\u00fa tak kupuj\u00facim robi\u0165 informovan\u00e9 rozhodnutia na z\u00e1klade overen\u00fdch \u00fadajov.<\/p>\n<p>Okrem pr\u00edsneho testovania kvality poskytujeme individu\u00e1lny z\u00e1kazn\u00edcky servis, aby sme kupuj\u00facim pomohli n\u00e1js\u0165 najvhodnej\u0161ie p\u00fatko pre ich \u0161pecifick\u00e9 potreby. V\u010faka r\u00fdchlemu dodaciemu cyklu spolo\u010dnos\u0165 Qingdao H&amp;F skracuje \u010dakacie lehoty a zabezpe\u010duje, \u017ee kupuj\u00faci dostan\u00fa svoje v\u00fdrobky okam\u017eite, aj ke\u010f sa zaoberaj\u00fa nap\u00e4t\u00fdmi pl\u00e1nmi projektov. T\u00e1to kombin\u00e1cia r\u00fdchlych a spo\u013eahliv\u00fdch slu\u017eieb a d\u00f4razu na kvalitu z n\u00e1s rob\u00ed preferovan\u00e9ho partnera pri hromadn\u00fdch n\u00e1kupoch vysoko v\u00fdkonn\u00fdch z\u00e1vesn\u00fdch p\u00fat typu G2130 a G2140.<\/p>\n<p>N\u00e1\u0161 z\u00e1v\u00e4zok k spokojnosti z\u00e1kazn\u00edkov spo\u010d\u00edva v poskytovan\u00ed transparentnosti, spo\u013eahlivosti a odborn\u00e9ho poradenstva na zabezpe\u010denie hladk\u00e9ho procesu obstar\u00e1vania. Ka\u017ed\u00e1 interakcia je navrhnut\u00e1 tak, aby klientom pon\u00fakla cenn\u00e9 poznatky o kompatibilite v\u00fdrobkov, postupoch in\u0161tal\u00e1cie a postupoch \u00fadr\u017eby. T\u00e1to individu\u00e1lna slu\u017eba je obzvl\u00e1\u0161\u0165 v\u00fdhodn\u00e1 pre klientov, ktor\u00ed h\u013eadaj\u00fa rie\u0161enia na mieru, preto\u017ee n\u00e1\u0161 t\u00edm m\u00f4\u017ee pon\u00faknu\u0165 rady na z\u00e1klade po\u017eiadaviek konkr\u00e9tneho projektu.<\/p>\n<h3>K\u013e\u00fa\u010dov\u00e9 \u00favahy pri v\u00fdbere a pou\u017e\u00edvan\u00ed skrutkov\u00fdch p\u00fat<\/h3>\n<p>V\u00fdber spr\u00e1vneho skrutkov\u00e9ho z\u00e1vesu z\u00e1vis\u00ed od r\u00f4znych faktorov, pri\u010dom pre bezpe\u010dn\u00e9 pou\u017e\u00edvanie s\u00fa rozhoduj\u00face WLL a ve\u013ekos\u0165 z\u00e1vesu. WLL ur\u010duje maxim\u00e1lnu z\u00e1\u0165a\u017e, ktor\u00fa m\u00f4\u017ee spona zvl\u00e1dnu\u0165, zatia\u013e \u010do ve\u013ekos\u0165 ovplyv\u0148uje mont\u00e1\u017e a kompatibilitu v r\u00e1mci nastavenia v\u00fdstroja. Nevhodn\u00e1 ve\u013ekos\u0165 alebo nosnos\u0165 m\u00f4\u017ee ohrozi\u0165 bezpe\u010dnos\u0165 a vies\u0165 k mo\u017en\u00e9mu zlyhaniu zariadenia. Preto je pre bezpe\u010dn\u00fd a efekt\u00edvny v\u00fdkon najd\u00f4le\u017eitej\u0161ie prisp\u00f4sobi\u0165 spr\u00e1vnu WLL a ve\u013ekos\u0165 zam\u00fd\u0161\u013ean\u00e9mu pou\u017eitiu.<\/p>\n<p>Pri v\u00fdbere sa m\u00f4\u017eete riadi\u0165 aj rozdielnymi v\u00fdhodami r\u00f4znych materi\u00e1lov a povrchov\u00fdch \u00faprav. Napr\u00edklad pozinkovan\u00e9 oce\u013eov\u00e9 skrutky pon\u00fakaj\u00fa zv\u00fd\u0161en\u00fa odolnos\u0165 proti kor\u00f3zii, tak\u017ee s\u00fa ide\u00e1lne do drsn\u00e9ho alebo morsk\u00e9ho prostredia. Okrem toho kon\u0161trukcia so skrutkou a maticou, ako je to pri modeloch G2130 a G2140, poskytuje \u00farove\u0148 stability a bezpe\u010dnosti, ktor\u00e1 sa pri in\u00fdch typoch p\u00fat nenach\u00e1dza. T\u00e1to konfigur\u00e1cia minimalizuje pravdepodobnos\u0165 sk\u013aznutia \u010dapu, v\u010faka \u010domu s\u00fa tieto ok\u00e1 vhodn\u00e9 na pou\u017eitie v oblastiach, kde sa bremen\u00e1 m\u00f4\u017eu pos\u00fava\u0165 alebo vibrova\u0165, napr\u00edklad v doprave alebo pri zdv\u00edhan\u00ed v \u0165a\u017ekom priemysle.<\/p>\n<p>\u010eal\u0161\u00edm faktorom, ktor\u00fd ovplyv\u0148uje \u017eivotnos\u0165 a v\u00fdkonnos\u0165 skrutkov\u00fdch z\u00e1vesov, je \u00fadr\u017eba. Pravideln\u00e1 kontrola je nevyhnutn\u00e1 na zabezpe\u010denie toho, aby p\u00fatka nekorodovali, nedeformovali sa alebo neboli unaven\u00e9. Klientom, ktor\u00ed nakupuj\u00fa od spolo\u010dnosti Qingdao H&amp;F, pon\u00fakame pokyny na pou\u017e\u00edvanie a tipy na \u00fadr\u017ebu prisp\u00f4soben\u00e9 potreb\u00e1m r\u00f4znych odvetv\u00ed, ktor\u00e9 pom\u00e1haj\u00fa pred\u013a\u017ei\u0165 \u017eivotnos\u0165 v\u00fdrobkov a maximalizova\u0165 ich hodnotu. N\u00e1\u0161 t\u00edm m\u00f4\u017ee kupuj\u00facim pom\u00f4c\u0165 s postupmi \u00fadr\u017eby, ktor\u00e9 zabezpe\u010dia bezpe\u010dn\u00fa a spo\u013eahliv\u00fa prev\u00e1dzku ka\u017ed\u00e9ho z\u00e1vesu, \u010d\u00edm sa posil\u0148uje n\u00e1\u0161 z\u00e1v\u00e4zok k spokojnosti klientov a bezpe\u010dnosti prev\u00e1dzky.<\/p>\n<p>S\u00fahrnne povedan\u00e9, skrutkov\u00e9 spony, ako s\u00fa G2130 a G2140, zohr\u00e1vaj\u00fa nezastupite\u013en\u00fa \u00falohu v r\u00f4znych priemyseln\u00fdch aplik\u00e1ci\u00e1ch. Ich jedine\u010dn\u00e1 kon\u0161trukcia a v\u0161estrannos\u0165 im umo\u017e\u0148uje prisp\u00f4sobi\u0165 sa po\u017eiadavk\u00e1m na vysok\u00e9 za\u0165a\u017eenie a z\u00e1rove\u0148 poskytn\u00fa\u0165 bezpe\u010dnos\u0165 prostredn\u00edctvom mechanizmu upevnenia skrutkou a maticou. Pre kupuj\u00facich je v\u00fdber d\u00f4veryhodn\u00e9ho dod\u00e1vate\u013ea k\u013e\u00fa\u010dom k z\u00edskaniu v\u00fdrobkov, ktor\u00e9 sp\u013a\u0148aj\u00fa pr\u00edsne normy kvality. Spolo\u010dnos\u0165 Qingdao H&amp;F pon\u00faka kombin\u00e1ciu r\u00fdchleho dodania, rozsiahlych kontrol kvality a individu\u00e1lnych slu\u017eieb, \u010d\u00edm zabezpe\u010duje, \u017ee ka\u017ed\u00fd n\u00e1kup zvy\u0161uje produktivitu, bezpe\u010dnos\u0165 a jednoduchos\u0165 pou\u017e\u00edvania pre ka\u017ed\u00e9ho z\u00e1kazn\u00edka.<\/p>\n<p>Na\u0161\u00edm trval\u00fdm z\u00e1v\u00e4zkom vo\u010di kvalite a z\u00e1kazn\u00edckym slu\u017eb\u00e1m sa chceme sta\u0165 d\u00f4veryhodn\u00fdm partnerom pre kupuj\u00facich, ktor\u00ed h\u013eadaj\u00fa vysoko v\u00fdkonn\u00e9 skrutkov\u00e9 ok\u00e1, ktor\u00e9 s\u00fa vyroben\u00e9 tak, aby odolali n\u00e1ro\u010dn\u00fdm podmienkam.<\/p>\n<p><strong>G2130 p\u00fatko<\/strong><\/p>\n<p><img fetchpriority=\"high\" decoding=\"async\" class=\"alignnone size-full wp-image-3831\" src=\"http:\/\/qingdaohf.com\/wp-content\/uploads\/2023\/05\/G2130.jpg\" alt=\"G2130 p\u00fatko\" width=\"1000\" height=\"1158\" srcset=\"https:\/\/qingdaohf.com\/wp-content\/uploads\/2023\/05\/G2130.jpg 1000w, https:\/\/qingdaohf.com\/wp-content\/uploads\/2023\/05\/G2130-259x300.jpg 259w, https:\/\/qingdaohf.com\/wp-content\/uploads\/2023\/05\/G2130-884x1024.jpg 884w, https:\/\/qingdaohf.com\/wp-content\/uploads\/2023\/05\/G2130-768x889.jpg 768w\" sizes=\"(max-width: 1000px) 100vw, 1000px\" \/><\/p>\n<p><strong>G2130A spona<\/strong><\/p>\n<p><img decoding=\"async\" class=\"alignnone size-full wp-image-3832\" src=\"http:\/\/qingdaohf.com\/wp-content\/uploads\/2023\/05\/G2130A.jpg\" alt=\"G2130A spona\" width=\"1000\" height=\"783\" srcset=\"https:\/\/qingdaohf.com\/wp-content\/uploads\/2023\/05\/G2130A.jpg 1000w, https:\/\/qingdaohf.com\/wp-content\/uploads\/2023\/05\/G2130A-300x235.jpg 300w, https:\/\/qingdaohf.com\/wp-content\/uploads\/2023\/05\/G2130A-768x601.jpg 768w\" sizes=\"(max-width: 1000px) 100vw, 1000px\" \/><\/p>\n<p><strong>G2140 p\u00fatko<\/strong><\/p>\n<p><img decoding=\"async\" class=\"alignnone size-full wp-image-3833\" src=\"http:\/\/qingdaohf.com\/wp-content\/uploads\/2023\/05\/G2140.jpg\" alt=\"G2140 p\u00fatko\" width=\"1000\" height=\"1202\" srcset=\"https:\/\/qingdaohf.com\/wp-content\/uploads\/2023\/05\/G2140.jpg 1000w, https:\/\/qingdaohf.com\/wp-content\/uploads\/2023\/05\/G2140-250x300.jpg 250w, https:\/\/qingdaohf.com\/wp-content\/uploads\/2023\/05\/G2140-852x1024.jpg 852w, https:\/\/qingdaohf.com\/wp-content\/uploads\/2023\/05\/G2140-768x923.jpg 768w\" sizes=\"(max-width: 1000px) 100vw, 1000px\" \/><\/p>","protected":false},"excerpt":{"rendered":"<p>Svorn\u00edky typu Bolt, ako napr\u00edklad ob\u013e\u00faben\u00e9 modely G2130 a G2140, s\u00fa z\u00e1kladn\u00e9 s\u00fa\u010dasti v\u00fdstroja ur\u010den\u00e9 na zdv\u00edhanie, \u0165ahanie a upev\u0148ovanie \u0165a\u017ek\u00fdch n\u00e1kladov. S kapacitami v \u0161irokom rozsahu tieto p\u00fatka podporuj\u00fa limity pracovn\u00e9ho za\u0165a\u017eenia (WLL) od 0,33 tony do 150 ton, pri\u010dom ich ve\u013ekosti sa zvy\u010dajne pohybuj\u00fa od 1\/4 palca do 3 palcov. Kupuj\u00faci \u010dasto uprednost\u0148uj\u00fa pevnos\u0165, trvanlivos\u0165 a bezpe\u010dnostn\u00e9 z\u00e1ruky, tak\u017ee spr\u00e1vy o kontrole kvality s\u00fa k\u013e\u00fa\u010dov\u00fdm faktorom pri rozhodovan\u00ed o n\u00e1kupe. V spolo\u010dnosti Qingdao H&amp;F zvy\u0161ujeme t\u00fato sk\u00fasenos\u0165 t\u00fdm, \u017ee pon\u00fakame r\u00fdchly dodac\u00ed cyklus, individu\u00e1lnu z\u00e1kazn\u00edcku podporu a komplexn\u00e9 overenie kvality prostredn\u00edctvom kontroln\u00fdch spr\u00e1v. Tieto slu\u017eby pod\u010diarkuj\u00fa n\u00e1\u0161 z\u00e1v\u00e4zok zabezpe\u010di\u0165, aby kupuj\u00faci dostali spo\u013eahliv\u00e9, vysoko v\u00fdkonn\u00e9 okovy prisp\u00f4soben\u00e9 ich po\u017eiadavk\u00e1m.<\/p>","protected":false},"featured_media":6468,"comment_status":"open","ping_status":"closed","template":"","meta":{"site-sidebar-layout":"default","site-content-layout":"","ast-site-content-layout":"default","site-content-style":"default","site-sidebar-style":"default","ast-global-header-display":"","ast-banner-title-visibility":"","ast-main-header-display":"","ast-hfb-above-header-display":"","ast-hfb-below-header-display":"","ast-hfb-mobile-header-display":"","site-post-title":"","ast-breadcrumbs-content":"","ast-featured-img":"","footer-sml-layout":"","theme-transparent-header-meta":"default","adv-header-id-meta":"","stick-header-meta":"default","header-above-stick-meta":"","header-main-stick-meta":"","header-below-stick-meta":"","astra-migrate-meta-layouts":"set","ast-page-background-enabled":"default","ast-page-background-meta":{"desktop":{"background-color":"","background-image":"","background-repeat":"repeat","background-position":"center center","background-size":"auto","background-attachment":"scroll","background-type":"","background-media":"","overlay-type":"","overlay-color":"","overlay-opacity":"","overlay-gradient":""},"tablet":{"background-color":"","background-image":"","background-repeat":"repeat","background-position":"center center","background-size":"auto","background-attachment":"scroll","background-type":"","background-media":"","overlay-type":"","overlay-color":"","overlay-opacity":"","overlay-gradient":""},"mobile":{"background-color":"","background-image":"","background-repeat":"repeat","background-position":"center center","background-size":"auto","background-attachment":"scroll","background-type":"","background-media":"","overlay-type":"","overlay-color":"","overlay-opacity":"","overlay-gradient":""}},"ast-content-background-meta":{"desktop":{"background-color":"var(--ast-global-color-5)","background-image":"","background-repeat":"repeat","background-position":"center center","background-size":"auto","background-attachment":"scroll","background-type":"","background-media":"","overlay-type":"","overlay-color":"","overlay-opacity":"","overlay-gradient":""},"tablet":{"background-color":"var(--ast-global-color-5)","background-image":"","background-repeat":"repeat","background-position":"center center","background-size":"auto","background-attachment":"scroll","background-type":"","background-media":"","overlay-type":"","overlay-color":"","overlay-opacity":"","overlay-gradient":""},"mobile":{"background-color":"var(--ast-global-color-5)","background-image":"","background-repeat":"repeat","background-position":"center center","background-size":"auto","background-attachment":"scroll","background-type":"","background-media":"","overlay-type":"","overlay-color":"","overlay-opacity":"","overlay-gradient":""}}},"product_brand":[],"product_cat":[51,54],"product_tag":[],"class_list":{"0":"post-6490","1":"product","2":"type-product","3":"status-publish","4":"has-post-thumbnail","6":"product_cat-riggging-hardware","7":"product_cat-shackle","8":"desktop-align-left","9":"tablet-align-left","10":"mobile-align-left","11":"ast-product-gallery-layout-horizontal-slider","12":"ast-product-tabs-layout-horizontal","14":"first","15":"instock","16":"shipping-taxable","17":"purchasable","18":"product-type-simple"},"yoast_head":"<!-- This site is optimized with the Yoast SEO plugin v25.2 - https:\/\/yoast.com\/wordpress\/plugins\/seo\/ -->\n<title>Bolt Type Shackle<\/title>\n<meta name=\"description\" content=\"A bolt-type shackle is a type of hardware that is used to connect chains, ropes, or cables together.\" \/>\n<meta name=\"robots\" content=\"index, follow, max-snippet:-1, max-image-preview:large, max-video-preview:-1\" \/>\n<link rel=\"canonical\" href=\"https:\/\/qingdaohf.com\/sk\/produkt\/skrutkovy-zaves\/\" \/>\n<meta property=\"og:locale\" content=\"sk_SK\" \/>\n<meta property=\"og:type\" content=\"article\" \/>\n<meta property=\"og:title\" content=\"Bolt Type Shackle\" \/>\n<meta property=\"og:description\" content=\"A bolt-type shackle is a type of hardware that is used to connect chains, ropes, or cables together.\" \/>\n<meta property=\"og:url\" content=\"https:\/\/qingdaohf.com\/sk\/produkt\/skrutkovy-zaves\/\" \/>\n<meta property=\"og:site_name\" content=\"Concrete Form &amp; Rigging Hardware Supplier\" \/>\n<meta property=\"article:publisher\" content=\"https:\/\/www.facebook.com\/qingdaohf\" \/>\n<meta property=\"article:modified_time\" content=\"2025-11-13T01:03:38+00:00\" \/>\n<meta property=\"og:image\" content=\"https:\/\/qingdaohf.com\/wp-content\/uploads\/2024\/02\/HF-SHACKLE-4.jpg\" \/>\n\t<meta property=\"og:image:width\" content=\"1000\" \/>\n\t<meta property=\"og:image:height\" content=\"1000\" \/>\n\t<meta property=\"og:image:type\" content=\"image\/jpeg\" \/>\n<meta name=\"twitter:card\" content=\"summary_large_image\" \/>\n<meta name=\"twitter:label1\" content=\"Predpokladan\u00fd \u010das \u010d\u00edtania\" \/>\n\t<meta name=\"twitter:data1\" content=\"5 min\u00fat\" \/>\n<script type=\"application\/ld+json\" class=\"yoast-schema-graph\">{\"@context\":\"https:\/\/schema.org\",\"@graph\":[{\"@type\":\"WebPage\",\"@id\":\"https:\/\/qingdaohf.com\/product\/bolt-type-shackle\/\",\"url\":\"https:\/\/qingdaohf.com\/product\/bolt-type-shackle\/\",\"name\":\"Bolt Type Shackle\",\"isPartOf\":{\"@id\":\"https:\/\/qingdaohf.com\/bg\/#website\"},\"primaryImageOfPage\":{\"@id\":\"https:\/\/qingdaohf.com\/product\/bolt-type-shackle\/#primaryimage\"},\"image\":{\"@id\":\"https:\/\/qingdaohf.com\/product\/bolt-type-shackle\/#primaryimage\"},\"thumbnailUrl\":\"https:\/\/qingdaohf.com\/wp-content\/uploads\/2024\/02\/HF-SHACKLE-4.jpg\",\"datePublished\":\"2024-02-02T08:39:40+00:00\",\"dateModified\":\"2025-11-13T01:03:38+00:00\",\"description\":\"A bolt-type shackle is a type of hardware that is used to connect chains, ropes, or cables together.\",\"breadcrumb\":{\"@id\":\"https:\/\/qingdaohf.com\/product\/bolt-type-shackle\/#breadcrumb\"},\"inLanguage\":\"sk-SK\",\"potentialAction\":[{\"@type\":\"ReadAction\",\"target\":[\"https:\/\/qingdaohf.com\/product\/bolt-type-shackle\/\"]}]},{\"@type\":\"ImageObject\",\"inLanguage\":\"sk-SK\",\"@id\":\"https:\/\/qingdaohf.com\/product\/bolt-type-shackle\/#primaryimage\",\"url\":\"https:\/\/qingdaohf.com\/wp-content\/uploads\/2024\/02\/HF-SHACKLE-4.jpg\",\"contentUrl\":\"https:\/\/qingdaohf.com\/wp-content\/uploads\/2024\/02\/HF-SHACKLE-4.jpg\",\"width\":1000,\"height\":1000,\"caption\":\"bolt type SHACKLE\"},{\"@type\":\"BreadcrumbList\",\"@id\":\"https:\/\/qingdaohf.com\/product\/bolt-type-shackle\/#breadcrumb\",\"itemListElement\":[{\"@type\":\"ListItem\",\"position\":1,\"name\":\"Home\",\"item\":\"https:\/\/qingdaohf.com\/\"},{\"@type\":\"ListItem\",\"position\":2,\"name\":\"Concrete Forming Accessories and Rigging Hardware\",\"item\":\"https:\/\/qingdaohf.com\/bg\/?page_id=944\"},{\"@type\":\"ListItem\",\"position\":3,\"name\":\"Bolt Type Shackle\"}]},{\"@type\":\"WebSite\",\"@id\":\"https:\/\/qingdaohf.com\/bg\/#website\",\"url\":\"https:\/\/qingdaohf.com\/bg\/\",\"name\":\"Concrete Form & Rigging Hardware Supplier\",\"description\":\"\",\"publisher\":{\"@id\":\"https:\/\/qingdaohf.com\/bg\/#organization\"},\"potentialAction\":[{\"@type\":\"SearchAction\",\"target\":{\"@type\":\"EntryPoint\",\"urlTemplate\":\"https:\/\/qingdaohf.com\/bg\/?s={search_term_string}\"},\"query-input\":{\"@type\":\"PropertyValueSpecification\",\"valueRequired\":true,\"valueName\":\"search_term_string\"}}],\"inLanguage\":\"sk-SK\"},{\"@type\":\"Organization\",\"@id\":\"https:\/\/qingdaohf.com\/bg\/#organization\",\"name\":\"Qingdao H&F\",\"url\":\"https:\/\/qingdaohf.com\/bg\/\",\"logo\":{\"@type\":\"ImageObject\",\"inLanguage\":\"sk-SK\",\"@id\":\"https:\/\/qingdaohf.com\/bg\/#\/schema\/logo\/image\/\",\"url\":\"https:\/\/qingdaohf.com\/wp-content\/uploads\/2022\/12\/cropped-HF-LOGO.png\",\"contentUrl\":\"https:\/\/qingdaohf.com\/wp-content\/uploads\/2022\/12\/cropped-HF-LOGO.png\",\"width\":391,\"height\":249,\"caption\":\"Qingdao H&F\"},\"image\":{\"@id\":\"https:\/\/qingdaohf.com\/bg\/#\/schema\/logo\/image\/\"},\"sameAs\":[\"https:\/\/www.facebook.com\/qingdaohf\"]}]}<\/script>\n<!-- \/ Yoast SEO plugin. -->","yoast_head_json":{"title":"Bolt Type Shackle","description":"A bolt-type shackle is a type of hardware that is used to connect chains, ropes, or cables together.","robots":{"index":"index","follow":"follow","max-snippet":"max-snippet:-1","max-image-preview":"max-image-preview:large","max-video-preview":"max-video-preview:-1"},"canonical":"https:\/\/qingdaohf.com\/sk\/produkt\/skrutkovy-zaves\/","og_locale":"sk_SK","og_type":"article","og_title":"Bolt Type Shackle","og_description":"A bolt-type shackle is a type of hardware that is used to connect chains, ropes, or cables together.","og_url":"https:\/\/qingdaohf.com\/sk\/produkt\/skrutkovy-zaves\/","og_site_name":"Concrete Form &amp; Rigging Hardware Supplier","article_publisher":"https:\/\/www.facebook.com\/qingdaohf","article_modified_time":"2025-11-13T01:03:38+00:00","og_image":[{"width":1000,"height":1000,"url":"https:\/\/qingdaohf.com\/wp-content\/uploads\/2024\/02\/HF-SHACKLE-4.jpg","type":"image\/jpeg"}],"twitter_card":"summary_large_image","twitter_misc":{"Predpokladan\u00fd \u010das \u010d\u00edtania":"5 min\u00fat"},"schema":{"@context":"https:\/\/schema.org","@graph":[{"@type":"WebPage","@id":"https:\/\/qingdaohf.com\/product\/bolt-type-shackle\/","url":"https:\/\/qingdaohf.com\/product\/bolt-type-shackle\/","name":"Bolt Type Shackle","isPartOf":{"@id":"https:\/\/qingdaohf.com\/bg\/#website"},"primaryImageOfPage":{"@id":"https:\/\/qingdaohf.com\/product\/bolt-type-shackle\/#primaryimage"},"image":{"@id":"https:\/\/qingdaohf.com\/product\/bolt-type-shackle\/#primaryimage"},"thumbnailUrl":"https:\/\/qingdaohf.com\/wp-content\/uploads\/2024\/02\/HF-SHACKLE-4.jpg","datePublished":"2024-02-02T08:39:40+00:00","dateModified":"2025-11-13T01:03:38+00:00","description":"A bolt-type shackle is a type of hardware that is used to connect chains, ropes, or cables together.","breadcrumb":{"@id":"https:\/\/qingdaohf.com\/product\/bolt-type-shackle\/#breadcrumb"},"inLanguage":"sk-SK","potentialAction":[{"@type":"ReadAction","target":["https:\/\/qingdaohf.com\/product\/bolt-type-shackle\/"]}]},{"@type":"ImageObject","inLanguage":"sk-SK","@id":"https:\/\/qingdaohf.com\/product\/bolt-type-shackle\/#primaryimage","url":"https:\/\/qingdaohf.com\/wp-content\/uploads\/2024\/02\/HF-SHACKLE-4.jpg","contentUrl":"https:\/\/qingdaohf.com\/wp-content\/uploads\/2024\/02\/HF-SHACKLE-4.jpg","width":1000,"height":1000,"caption":"bolt type SHACKLE"},{"@type":"BreadcrumbList","@id":"https:\/\/qingdaohf.com\/product\/bolt-type-shackle\/#breadcrumb","itemListElement":[{"@type":"ListItem","position":1,"name":"Home","item":"https:\/\/qingdaohf.com\/"},{"@type":"ListItem","position":2,"name":"Concrete Forming Accessories and Rigging Hardware","item":"https:\/\/qingdaohf.com\/bg\/?page_id=944"},{"@type":"ListItem","position":3,"name":"Bolt Type Shackle"}]},{"@type":"WebSite","@id":"https:\/\/qingdaohf.com\/bg\/#website","url":"https:\/\/qingdaohf.com\/bg\/","name":"Concrete Form & Rigging Hardware Supplier","description":"","publisher":{"@id":"https:\/\/qingdaohf.com\/bg\/#organization"},"potentialAction":[{"@type":"SearchAction","target":{"@type":"EntryPoint","urlTemplate":"https:\/\/qingdaohf.com\/bg\/?s={search_term_string}"},"query-input":{"@type":"PropertyValueSpecification","valueRequired":true,"valueName":"search_term_string"}}],"inLanguage":"sk-SK"},{"@type":"Organization","@id":"https:\/\/qingdaohf.com\/bg\/#organization","name":"Qingdao H&F","url":"https:\/\/qingdaohf.com\/bg\/","logo":{"@type":"ImageObject","inLanguage":"sk-SK","@id":"https:\/\/qingdaohf.com\/bg\/#\/schema\/logo\/image\/","url":"https:\/\/qingdaohf.com\/wp-content\/uploads\/2022\/12\/cropped-HF-LOGO.png","contentUrl":"https:\/\/qingdaohf.com\/wp-content\/uploads\/2022\/12\/cropped-HF-LOGO.png","width":391,"height":249,"caption":"Qingdao H&F"},"image":{"@id":"https:\/\/qingdaohf.com\/bg\/#\/schema\/logo\/image\/"},"sameAs":["https:\/\/www.facebook.com\/qingdaohf"]}]}},"_links":{"self":[{"href":"https:\/\/qingdaohf.com\/sk\/wp-json\/wp\/v2\/product\/6490","targetHints":{"allow":["GET"]}}],"collection":[{"href":"https:\/\/qingdaohf.com\/sk\/wp-json\/wp\/v2\/product"}],"about":[{"href":"https:\/\/qingdaohf.com\/sk\/wp-json\/wp\/v2\/types\/product"}],"replies":[{"embeddable":true,"href":"https:\/\/qingdaohf.com\/sk\/wp-json\/wp\/v2\/comments?post=6490"}],"version-history":[{"count":9,"href":"https:\/\/qingdaohf.com\/sk\/wp-json\/wp\/v2\/product\/6490\/revisions"}],"predecessor-version":[{"id":8214,"href":"https:\/\/qingdaohf.com\/sk\/wp-json\/wp\/v2\/product\/6490\/revisions\/8214"}],"wp:featuredmedia":[{"embeddable":true,"href":"https:\/\/qingdaohf.com\/sk\/wp-json\/wp\/v2\/media\/6468"}],"wp:attachment":[{"href":"https:\/\/qingdaohf.com\/sk\/wp-json\/wp\/v2\/media?parent=6490"}],"wp:term":[{"taxonomy":"product_brand","embeddable":true,"href":"https:\/\/qingdaohf.com\/sk\/wp-json\/wp\/v2\/product_brand?post=6490"},{"taxonomy":"product_cat","embeddable":true,"href":"https:\/\/qingdaohf.com\/sk\/wp-json\/wp\/v2\/product_cat?post=6490"},{"taxonomy":"product_tag","embeddable":true,"href":"https:\/\/qingdaohf.com\/sk\/wp-json\/wp\/v2\/product_tag?post=6490"}],"curies":[{"name":"wp","href":"https:\/\/api.w.org\/{rel}","templated":true}]}}