{"id":6994,"date":"2024-05-08T15:22:02","date_gmt":"2024-05-08T07:22:02","guid":{"rendered":"http:\/\/qingdaohf.com\/?post_type=product&#038;p=6994"},"modified":"2025-11-13T09:03:37","modified_gmt":"2025-11-13T01:03:37","slug":"j-bolts","status":"publish","type":"product","link":"https:\/\/qingdaohf.com\/sk\/produkt\/j-skrutky\/","title":{"rendered":"Z\u00e1kladov\u00e9 skrutky J pre bet\u00f3n"},"content":{"rendered":"<h2>\u00davod do kotiev so skrutkou J<\/h2>\n<p>J-skrutkov\u00e9 kotvy s\u00fa z\u00e1kladn\u00fdm spojovac\u00edm materi\u00e1lom, ktor\u00fd sa v stavebn\u00edctve \u0161iroko pou\u017e\u00edva na upevnenie kon\u0161truk\u010dn\u00fdch prvkov do bet\u00f3nu. Tieto kotvy s\u00fa zn\u00e1me svoj\u00edm jedine\u010dn\u00fdm tvarom pripom\u00ednaj\u00facim p\u00edsmeno \"J\" a poskytuj\u00fa robustn\u00e9 a spo\u013eahliv\u00e9 prostriedky upevnenia, ktor\u00e9 zabezpe\u010duj\u00fa stabilitu a bezpe\u010dnos\u0165 r\u00f4znych kon\u0161trukci\u00ed. Hlavnou funkciou kotvy so skrutkou typu J je zapichnutie do bet\u00f3nu, \u010d\u00edm sa vytvor\u00ed bezpe\u010dn\u00e9 uchytenie r\u00f4znych kon\u0161trukci\u00ed, od oce\u013eov\u00fdch nosn\u00edkov a\u017e po \u0165a\u017ek\u00e9 stroje.<\/p>\n<h2>V\u00fdznam kotiev so skrutkou J v stavebn\u00edctve<\/h2>\n<p>Bet\u00f3n je z\u00e1kladn\u00fdm materi\u00e1lom v stavebn\u00edctve v\u010faka svojej pevnosti a odolnosti. Pripev\u0148ovanie kon\u0161truk\u010dn\u00fdch prvkov k bet\u00f3nu si v\u0161ak vy\u017eaduje \u0161pecializovan\u00e9 spojovacie prvky, ktor\u00e9 zvl\u00e1dnu zna\u010dn\u00e9 za\u0165a\u017eenie a nam\u00e1hanie. Pr\u00e1ve v tom vynikaj\u00fa kotvy so skrutkami J. V\u010faka hlbok\u00e9mu zapusteniu do bet\u00f3nu pon\u00fakaj\u00fa kotvy so skrutkami J v\u00fdnimo\u010dn\u00fa pevnos\u0165 a odolnos\u0165 vo\u010di vytrh\u00e1vac\u00edm sil\u00e1m. V\u010faka tomu s\u00fa nepostr\u00e1date\u013en\u00e9 v prostrediach s vysok\u00fdm za\u0165a\u017een\u00edm, ako s\u00fa z\u00e1klady budov, mosty a in\u0161tal\u00e1cie \u0165a\u017ek\u00fdch zariaden\u00ed.<\/p>\n<p>Univerz\u00e1lnos\u0165 kotiev so skrutkou J je \u010fal\u0161ou k\u013e\u00fa\u010dovou v\u00fdhodou. Mo\u017eno ich pou\u017ei\u0165 v \u0161irokom rozsahu aplik\u00e1ci\u00ed, od kotvenia z\u00e1bradl\u00ed a ochrann\u00fdch z\u00e1bradl\u00ed a\u017e po upevnenie \u0165a\u017ek\u00fdch strojov a kon\u0161truk\u010dn\u00fdch podpier. Kon\u0161trukcia v tvare p\u00edsmena J zabezpe\u010duje pevn\u00e9 uchytenie v bet\u00f3ne, zatia\u013e \u010do z\u00e1vitov\u00fd koniec umo\u017e\u0148uje jednoduch\u00e9 upevnenie r\u00f4znych komponentov. V\u010faka tejto kombin\u00e1cii pevnosti a v\u0161estrannosti s\u00fa kotvy so skrutkou J preferovanou vo\u013ebou pre in\u017einierov a dod\u00e1vate\u013eov na celom svete.<\/p>\n<h2>Ve\u013ekosti a materi\u00e1ly<\/h2>\n<p>Kotvy so skrutkou J sa dod\u00e1vaj\u00fa v r\u00f4znych ve\u013ekostiach, aby vyhovovali r\u00f4znym aplik\u00e1ci\u00e1m. N\u00e1\u0161 sortiment zah\u0155\u0148a ve\u013ekosti ako 3\/4\", 5\/8\", 1\/2\", 3\/8\", 1\/4\", 1\/4-20, 5\/16\", 1\" a 8\". Ka\u017ed\u00e1 ve\u013ekos\u0165 je navrhnut\u00e1 tak, aby sp\u013a\u0148ala \u0161pecifick\u00e9 po\u017eiadavky na za\u0165a\u017eenie, \u010do zaru\u010duje, \u017ee n\u00e1jdete dokonal\u00fa kotvu pre svoj projekt. \u010ci u\u017e pracujete na malej obytnej stavbe alebo na ve\u013ekom komer\u010dnom projekte, existuje kotva so skrutkou J, ktor\u00e1 vyhovuje va\u0161im potreb\u00e1m.<\/p>\n<p>Okrem ve\u013ekostn\u00fdch variantov s\u00fa k dispoz\u00edcii aj kotvy so skrutkou J z r\u00f4znych materi\u00e1lov. Dva najbe\u017enej\u0161ie materi\u00e1ly s\u00fa pozinkovan\u00e1 oce\u013e a nehrdzavej\u00faca oce\u013e. Skrutky J z pozinkovanej ocele s\u00fa potiahnut\u00e9 vrstvou zinku, ktor\u00e1 zabezpe\u010duje vynikaj\u00facu odolnos\u0165 proti kor\u00f3zii, v\u010faka \u010domu s\u00fa vhodn\u00e9 do vonkaj\u0161ieho prostredia a prostredia s vysokou vlhkos\u0165ou. Na druhej strane J-skrutky z nehrdzavej\u00facej ocele pon\u00fakaj\u00fa vynikaj\u00facu pevnos\u0165 a odolnos\u0165 vo\u010di kor\u00f3zii a kor\u00f3zii, tak\u017ee s\u00fa ide\u00e1lne pre aplik\u00e1cie, kde je rozhoduj\u00faca dlh\u00e1 \u017eivotnos\u0165 a odolnos\u0165. V\u00fdber materi\u00e1lu z\u00e1vis\u00ed od konkr\u00e9tnych po\u017eiadaviek v\u00e1\u0161ho projektu, ale obe mo\u017enosti zaru\u010duj\u00fa spo\u013eahliv\u00fd v\u00fdkon a dlhodob\u00fa \u017eivotnos\u0165.<\/p>\n<h2>Pou\u017eitie kotiev so skrutkou J<\/h2>\n<p>Jedn\u00fdm z najbe\u017enej\u0161\u00edch pou\u017eit\u00ed kotiev so skrutkou J je upevnenie oce\u013eov\u00fdch st\u013apov a nosn\u00edkov k bet\u00f3nov\u00fdm z\u00e1kladom. Pri tomto pou\u017eit\u00ed sa J-skrutka zapust\u00ed do bet\u00f3nu e\u0161te pred jeho vytvrdnut\u00edm, \u010d\u00edm sa zabezpe\u010d\u00ed bezpe\u010dn\u00fd kotviaci bod pre kon\u0161truk\u010dn\u00fa oce\u013e. T\u00e1to met\u00f3da m\u00e1 z\u00e1sadn\u00fd v\u00fdznam pre zabezpe\u010denie stability a bezpe\u010dnosti budovy, preto\u017ee zabra\u0148uje ak\u00e9muko\u013evek pohybu alebo posunu kon\u0161truk\u010dn\u00fdch prvkov.<\/p>\n<p>J-skrutkov\u00e9 kotvy sa tie\u017e vo ve\u013ekej miere pou\u017e\u00edvaj\u00fa v priemyselnom prostred\u00ed na mont\u00e1\u017e \u0165a\u017ek\u00fdch strojov a zariaden\u00ed. Robustn\u00e1 kon\u0161trukcia J-skrutky umo\u017e\u0148uje, aby odol\u00e1vala zna\u010dn\u00fdm za\u0165a\u017eeniam a vibr\u00e1ci\u00e1m a zabezpe\u010dila, \u017ee strojn\u00e9 zariadenie zostane bezpe\u010dne na svojom mieste. To je obzvl\u00e1\u0161\u0165 d\u00f4le\u017eit\u00e9 v priemyseln\u00fdch odvetviach, ako je v\u00fdroba a \u0165a\u017eba, kde s\u00fa \u0165a\u017ek\u00e9 zariadenia vystaven\u00e9 neust\u00e1lemu pou\u017e\u00edvaniu a nam\u00e1haniu.<\/p>\n<p>Okrem pou\u017eitia v stavebn\u00edctve a priemysle sa kotvy so skrutkami J pou\u017e\u00edvaj\u00fa aj v r\u00f4znych in\u00fdch oblastiach. Pou\u017e\u00edvaj\u00fa sa napr\u00edklad pri in\u0161tal\u00e1cii informa\u010dn\u00fdch tab\u00fa\u013e, st\u013apov osvetlenia a oplotenia. V\u010faka v\u0161estrannosti a pevnosti s\u00fa kotvy so skrutkou J vhodn\u00e9 na \u0161irok\u00fa \u0161k\u00e1lu aplik\u00e1ci\u00ed a poskytuj\u00fa spo\u013eahliv\u00fd v\u00fdkon v ka\u017edej situ\u00e1cii.<\/p>\n<h2>Tipy a osved\u010den\u00e9 postupy pri in\u0161tal\u00e1cii<\/h2>\n<p>Spr\u00e1vna in\u0161tal\u00e1cia J-skrutiek je rozhoduj\u00faca pre zabezpe\u010denie ich \u00fa\u010dinnosti a \u017eivotnosti. Tu je nieko\u013eko osved\u010den\u00fdch postupov, ktor\u00e9 je potrebn\u00e9 dodr\u017eiava\u0165 pri in\u0161tal\u00e1cii:<\/p>\n<ol>\n<li><strong>Spr\u00e1vne umiestnenie<\/strong>: Pred vyliat\u00edm bet\u00f3nu sa uistite, \u017ee je J-skrutka spr\u00e1vne umiestnen\u00e1 v debnen\u00ed. Z\u00e1vitov\u00fd koniec by mal by\u0165 odkryt\u00fd a spr\u00e1vne zarovnan\u00fd, aby sa u\u013eah\u010dilo upevnenie kon\u0161truk\u010dn\u00e9ho prvku.<\/li>\n<li><strong>Primeran\u00e1 h\u013abka<\/strong>: J-skrutka by mala by\u0165 osaden\u00e1 do vhodnej h\u013abky, aby sa zabezpe\u010dila maxim\u00e1lna pr\u00eddr\u017en\u00e1 sila. To zvy\u010dajne znamen\u00e1, \u017ee J-skrutka sa vlo\u017e\u00ed dostato\u010dne hlboko do bet\u00f3nu, aby sa zabezpe\u010dilo pevn\u00e9 uchytenie.<\/li>\n<li><strong>Kvalita bet\u00f3nu<\/strong>: Pou\u017eite vysokokvalitn\u00fd bet\u00f3n s vhodn\u00fdm zlo\u017een\u00edm zmesi pre v\u00e1\u0161 projekt. Pevnos\u0165 bet\u00f3nu priamo ovplyv\u0148uje pevnos\u0165 kotvy so skrutkou J.<\/li>\n<li><strong>\u010cas vytvrdzovania<\/strong>: Pred ak\u00fdmko\u013evek za\u0165a\u017een\u00edm J-skrutkovej kotvy nechajte bet\u00f3nu dostato\u010dn\u00fd \u010das na vytvrdnutie. T\u00fdm sa zabezpe\u010d\u00ed, \u017ee bet\u00f3n dosiahne svoju pln\u00fa pevnos\u0165 a m\u00f4\u017ee poskytn\u00fa\u0165 potrebn\u00fa oporu.<\/li>\n<li><strong>Pravideln\u00e1 kontrola<\/strong>: Pravidelne kontrolujte kotvy J-skrutky, \u010di nevykazuj\u00fa zn\u00e1mky opotrebovania alebo po\u0161kodenia. Je to d\u00f4le\u017eit\u00e9 najm\u00e4 v prostred\u00ed s vysok\u00fdm za\u0165a\u017een\u00edm, kde s\u00fa kotvy vystaven\u00e9 st\u00e1lym za\u0165a\u017eeniam a vibr\u00e1ci\u00e1m.<\/li>\n<\/ol>\n<h2>Z\u00e1ver<\/h2>\n<p>J-skrutkov\u00e9 kotvy zohr\u00e1vaj\u00fa v stavebn\u00edctve d\u00f4le\u017eit\u00fa \u00falohu, preto\u017ee poskytuj\u00fa spo\u013eahliv\u00e9 prostriedky na upevnenie kon\u0161truk\u010dn\u00fdch prvkov do bet\u00f3nu. V\u010faka svojmu jedine\u010dn\u00e9mu dizajnu a robustnej kon\u0161trukcii s\u00fa vhodn\u00e9 na \u0161irok\u00fa \u0161k\u00e1lu aplik\u00e1ci\u00ed, od z\u00e1kladov budov a\u017e po in\u0161tal\u00e1cie priemyseln\u00fdch strojov. V\u00fdberom spr\u00e1vnej ve\u013ekosti a materi\u00e1lu pre v\u00e1\u0161 projekt m\u00f4\u017eete zabezpe\u010di\u0165, aby va\u0161e kotvy so skrutkami J poskytovali pevnos\u0165 a odolnos\u0165 potrebn\u00fa na dlhodob\u00fd v\u00fdkon. Spr\u00e1vna in\u0161tal\u00e1cia a \u00fadr\u017eba \u010falej zvy\u0161uj\u00fa \u00fa\u010dinnos\u0165 t\u00fdchto kotiev, v\u010faka \u010domu sa st\u00e1vaj\u00fa nepostr\u00e1date\u013enou s\u00fa\u010das\u0165ou ka\u017ed\u00e9ho stavebn\u00e9ho projektu. \u010ci u\u017e pracujete na malom reziden\u010dnom projekte alebo na ve\u013ekom komer\u010dnom projekte, kotvy so skrutkami J pon\u00fakaj\u00fa spo\u013eahlivos\u0165 a v\u0161estrannos\u0165, ktor\u00e9 potrebujete na dosiahnutie \u00faspechu.<\/p>","protected":false},"excerpt":{"rendered":"<p>Na\u0161e J-skrutky ur\u010den\u00e9 na pou\u017eitie v bet\u00f3ne sa dod\u00e1vaj\u00fa v r\u00f4znych ve\u013ekostiach vr\u00e1tane 3\/4\", 5\/8\", 1\/2\", 3\/8\", 1\/4\", 1\/4-20, 5\/16\", 1\" a 8\". Tieto kotvy s\u00fa k dispoz\u00edcii v pozinkovanej a nehrdzavej\u00facej oceli a poskytuj\u00fa vynikaj\u00facu pevnos\u0165 a odolnos\u0165 pre v\u0161etky va\u0161e stavebn\u00e9 potreby.<\/p>","protected":false},"featured_media":7509,"comment_status":"open","ping_status":"closed","template":"","meta":{"site-sidebar-layout":"default","site-content-layout":"","ast-site-content-layout":"default","site-content-style":"default","site-sidebar-style":"default","ast-global-header-display":"","ast-banner-title-visibility":"","ast-main-header-display":"","ast-hfb-above-header-display":"","ast-hfb-below-header-display":"","ast-hfb-mobile-header-display":"","site-post-title":"","ast-breadcrumbs-content":"","ast-featured-img":"","footer-sml-layout":"","theme-transparent-header-meta":"default","adv-header-id-meta":"","stick-header-meta":"default","header-above-stick-meta":"","header-main-stick-meta":"","header-below-stick-meta":"","astra-migrate-meta-layouts":"set","ast-page-background-enabled":"default","ast-page-background-meta":{"desktop":{"background-color":"","background-image":"","background-repeat":"repeat","background-position":"center center","background-size":"auto","background-attachment":"scroll","background-type":"","background-media":"","overlay-type":"","overlay-color":"","overlay-opacity":"","overlay-gradient":""},"tablet":{"background-color":"","background-image":"","background-repeat":"repeat","background-position":"center center","background-size":"auto","background-attachment":"scroll","background-type":"","background-media":"","overlay-type":"","overlay-color":"","overlay-opacity":"","overlay-gradient":""},"mobile":{"background-color":"","background-image":"","background-repeat":"repeat","background-position":"center center","background-size":"auto","background-attachment":"scroll","background-type":"","background-media":"","overlay-type":"","overlay-color":"","overlay-opacity":"","overlay-gradient":""}},"ast-content-background-meta":{"desktop":{"background-color":"var(--ast-global-color-5)","background-image":"","background-repeat":"repeat","background-position":"center center","background-size":"auto","background-attachment":"scroll","background-type":"","background-media":"","overlay-type":"","overlay-color":"","overlay-opacity":"","overlay-gradient":""},"tablet":{"background-color":"var(--ast-global-color-5)","background-image":"","background-repeat":"repeat","background-position":"center center","background-size":"auto","background-attachment":"scroll","background-type":"","background-media":"","overlay-type":"","overlay-color":"","overlay-opacity":"","overlay-gradient":""},"mobile":{"background-color":"var(--ast-global-color-5)","background-image":"","background-repeat":"repeat","background-position":"center center","background-size":"auto","background-attachment":"scroll","background-type":"","background-media":"","overlay-type":"","overlay-color":"","overlay-opacity":"","overlay-gradient":""}}},"product_brand":[],"product_cat":[28],"product_tag":[],"class_list":{"0":"post-6994","1":"product","2":"type-product","3":"status-publish","4":"has-post-thumbnail","6":"product_cat-concrete-forming","7":"desktop-align-left","8":"tablet-align-left","9":"mobile-align-left","10":"ast-product-gallery-layout-horizontal-slider","11":"ast-product-tabs-layout-horizontal","13":"first","14":"instock","15":"featured","16":"shipping-taxable","17":"purchasable","18":"product-type-simple"},"yoast_head":"<!-- This site is optimized with the Yoast SEO plugin v25.2 - https:\/\/yoast.com\/wordpress\/plugins\/seo\/ -->\n<title>Foundation Bolt J Bolts for Concrete<\/title>\n<meta name=\"description\" content=\"H&amp;F J bolt anchors, designed for concrete applications, come in various sizes including 3\/4&quot;, 5\/8&quot;, 1\/2&quot;, 3\/8&quot;, 1\/4&quot;, 1\/4-20, 5\/16&quot;, 1&quot;, and 8&quot;.\" \/>\n<meta name=\"robots\" content=\"index, follow, max-snippet:-1, max-image-preview:large, max-video-preview:-1\" \/>\n<link rel=\"canonical\" href=\"https:\/\/qingdaohf.com\/sk\/produkt\/j-skrutky\/\" \/>\n<meta property=\"og:locale\" content=\"sk_SK\" \/>\n<meta property=\"og:type\" content=\"article\" \/>\n<meta property=\"og:title\" content=\"Foundation Bolt J Bolts for Concrete\" \/>\n<meta property=\"og:description\" content=\"H&amp;F J bolt anchors, designed for concrete applications, come in various sizes including 3\/4&quot;, 5\/8&quot;, 1\/2&quot;, 3\/8&quot;, 1\/4&quot;, 1\/4-20, 5\/16&quot;, 1&quot;, and 8&quot;.\" \/>\n<meta property=\"og:url\" content=\"https:\/\/qingdaohf.com\/sk\/produkt\/j-skrutky\/\" \/>\n<meta property=\"og:site_name\" content=\"Concrete Form &amp; Rigging Hardware Supplier\" \/>\n<meta property=\"article:publisher\" content=\"https:\/\/www.facebook.com\/qingdaohf\" \/>\n<meta property=\"article:modified_time\" content=\"2025-11-13T01:03:37+00:00\" \/>\n<meta property=\"og:image\" content=\"https:\/\/qingdaohf.com\/wp-content\/uploads\/2024\/05\/J-BOLT-for-concrete-1-1.jpg\" \/>\n\t<meta property=\"og:image:width\" content=\"1000\" \/>\n\t<meta property=\"og:image:height\" content=\"1000\" \/>\n\t<meta property=\"og:image:type\" content=\"image\/jpeg\" \/>\n<meta name=\"twitter:card\" content=\"summary_large_image\" \/>\n<meta name=\"twitter:label1\" content=\"Predpokladan\u00fd \u010das \u010d\u00edtania\" \/>\n\t<meta name=\"twitter:data1\" content=\"5 min\u00fat\" \/>\n<script type=\"application\/ld+json\" class=\"yoast-schema-graph\">{\"@context\":\"https:\/\/schema.org\",\"@graph\":[{\"@type\":\"WebPage\",\"@id\":\"https:\/\/qingdaohf.com\/product\/j-bolts\/\",\"url\":\"https:\/\/qingdaohf.com\/product\/j-bolts\/\",\"name\":\"Foundation Bolt J Bolts for Concrete\",\"isPartOf\":{\"@id\":\"https:\/\/qingdaohf.com\/bg\/#website\"},\"primaryImageOfPage\":{\"@id\":\"https:\/\/qingdaohf.com\/product\/j-bolts\/#primaryimage\"},\"image\":{\"@id\":\"https:\/\/qingdaohf.com\/product\/j-bolts\/#primaryimage\"},\"thumbnailUrl\":\"https:\/\/qingdaohf.com\/wp-content\/uploads\/2024\/05\/J-BOLT-for-concrete-1-1.jpg\",\"datePublished\":\"2024-05-08T07:22:02+00:00\",\"dateModified\":\"2025-11-13T01:03:37+00:00\",\"description\":\"H&F J bolt anchors, designed for concrete applications, come in various sizes including 3\/4\\\", 5\/8\\\", 1\/2\\\", 3\/8\\\", 1\/4\\\", 1\/4-20, 5\/16\\\", 1\\\", and 8\\\".\",\"breadcrumb\":{\"@id\":\"https:\/\/qingdaohf.com\/product\/j-bolts\/#breadcrumb\"},\"inLanguage\":\"sk-SK\",\"potentialAction\":[{\"@type\":\"ReadAction\",\"target\":[\"https:\/\/qingdaohf.com\/product\/j-bolts\/\"]}]},{\"@type\":\"ImageObject\",\"inLanguage\":\"sk-SK\",\"@id\":\"https:\/\/qingdaohf.com\/product\/j-bolts\/#primaryimage\",\"url\":\"https:\/\/qingdaohf.com\/wp-content\/uploads\/2024\/05\/J-BOLT-for-concrete-1-1.jpg\",\"contentUrl\":\"https:\/\/qingdaohf.com\/wp-content\/uploads\/2024\/05\/J-BOLT-for-concrete-1-1.jpg\",\"width\":1000,\"height\":1000,\"caption\":\"J-BOLT-for-concrete\"},{\"@type\":\"BreadcrumbList\",\"@id\":\"https:\/\/qingdaohf.com\/product\/j-bolts\/#breadcrumb\",\"itemListElement\":[{\"@type\":\"ListItem\",\"position\":1,\"name\":\"Home\",\"item\":\"https:\/\/qingdaohf.com\/\"},{\"@type\":\"ListItem\",\"position\":2,\"name\":\"Concrete Forming Accessories and Rigging Hardware\",\"item\":\"https:\/\/qingdaohf.com\/bg\/?page_id=944\"},{\"@type\":\"ListItem\",\"position\":3,\"name\":\"Foundation Bolt J Bolts for Concrete\"}]},{\"@type\":\"WebSite\",\"@id\":\"https:\/\/qingdaohf.com\/bg\/#website\",\"url\":\"https:\/\/qingdaohf.com\/bg\/\",\"name\":\"Concrete Form & Rigging Hardware Supplier\",\"description\":\"\",\"publisher\":{\"@id\":\"https:\/\/qingdaohf.com\/bg\/#organization\"},\"potentialAction\":[{\"@type\":\"SearchAction\",\"target\":{\"@type\":\"EntryPoint\",\"urlTemplate\":\"https:\/\/qingdaohf.com\/bg\/?s={search_term_string}\"},\"query-input\":{\"@type\":\"PropertyValueSpecification\",\"valueRequired\":true,\"valueName\":\"search_term_string\"}}],\"inLanguage\":\"sk-SK\"},{\"@type\":\"Organization\",\"@id\":\"https:\/\/qingdaohf.com\/bg\/#organization\",\"name\":\"Qingdao H&F\",\"url\":\"https:\/\/qingdaohf.com\/bg\/\",\"logo\":{\"@type\":\"ImageObject\",\"inLanguage\":\"sk-SK\",\"@id\":\"https:\/\/qingdaohf.com\/bg\/#\/schema\/logo\/image\/\",\"url\":\"https:\/\/qingdaohf.com\/wp-content\/uploads\/2022\/12\/cropped-HF-LOGO.png\",\"contentUrl\":\"https:\/\/qingdaohf.com\/wp-content\/uploads\/2022\/12\/cropped-HF-LOGO.png\",\"width\":391,\"height\":249,\"caption\":\"Qingdao H&F\"},\"image\":{\"@id\":\"https:\/\/qingdaohf.com\/bg\/#\/schema\/logo\/image\/\"},\"sameAs\":[\"https:\/\/www.facebook.com\/qingdaohf\"]}]}<\/script>\n<!-- \/ Yoast SEO plugin. -->","yoast_head_json":{"title":"Foundation Bolt J Bolts for Concrete","description":"H&F J bolt anchors, designed for concrete applications, come in various sizes including 3\/4\", 5\/8\", 1\/2\", 3\/8\", 1\/4\", 1\/4-20, 5\/16\", 1\", and 8\".","robots":{"index":"index","follow":"follow","max-snippet":"max-snippet:-1","max-image-preview":"max-image-preview:large","max-video-preview":"max-video-preview:-1"},"canonical":"https:\/\/qingdaohf.com\/sk\/produkt\/j-skrutky\/","og_locale":"sk_SK","og_type":"article","og_title":"Foundation Bolt J Bolts for Concrete","og_description":"H&F J bolt anchors, designed for concrete applications, come in various sizes including 3\/4\", 5\/8\", 1\/2\", 3\/8\", 1\/4\", 1\/4-20, 5\/16\", 1\", and 8\".","og_url":"https:\/\/qingdaohf.com\/sk\/produkt\/j-skrutky\/","og_site_name":"Concrete Form &amp; Rigging Hardware Supplier","article_publisher":"https:\/\/www.facebook.com\/qingdaohf","article_modified_time":"2025-11-13T01:03:37+00:00","og_image":[{"width":1000,"height":1000,"url":"https:\/\/qingdaohf.com\/wp-content\/uploads\/2024\/05\/J-BOLT-for-concrete-1-1.jpg","type":"image\/jpeg"}],"twitter_card":"summary_large_image","twitter_misc":{"Predpokladan\u00fd \u010das \u010d\u00edtania":"5 min\u00fat"},"schema":{"@context":"https:\/\/schema.org","@graph":[{"@type":"WebPage","@id":"https:\/\/qingdaohf.com\/product\/j-bolts\/","url":"https:\/\/qingdaohf.com\/product\/j-bolts\/","name":"Foundation Bolt J Bolts for Concrete","isPartOf":{"@id":"https:\/\/qingdaohf.com\/bg\/#website"},"primaryImageOfPage":{"@id":"https:\/\/qingdaohf.com\/product\/j-bolts\/#primaryimage"},"image":{"@id":"https:\/\/qingdaohf.com\/product\/j-bolts\/#primaryimage"},"thumbnailUrl":"https:\/\/qingdaohf.com\/wp-content\/uploads\/2024\/05\/J-BOLT-for-concrete-1-1.jpg","datePublished":"2024-05-08T07:22:02+00:00","dateModified":"2025-11-13T01:03:37+00:00","description":"H&F J bolt anchors, designed for concrete applications, come in various sizes including 3\/4\", 5\/8\", 1\/2\", 3\/8\", 1\/4\", 1\/4-20, 5\/16\", 1\", and 8\".","breadcrumb":{"@id":"https:\/\/qingdaohf.com\/product\/j-bolts\/#breadcrumb"},"inLanguage":"sk-SK","potentialAction":[{"@type":"ReadAction","target":["https:\/\/qingdaohf.com\/product\/j-bolts\/"]}]},{"@type":"ImageObject","inLanguage":"sk-SK","@id":"https:\/\/qingdaohf.com\/product\/j-bolts\/#primaryimage","url":"https:\/\/qingdaohf.com\/wp-content\/uploads\/2024\/05\/J-BOLT-for-concrete-1-1.jpg","contentUrl":"https:\/\/qingdaohf.com\/wp-content\/uploads\/2024\/05\/J-BOLT-for-concrete-1-1.jpg","width":1000,"height":1000,"caption":"J-BOLT-for-concrete"},{"@type":"BreadcrumbList","@id":"https:\/\/qingdaohf.com\/product\/j-bolts\/#breadcrumb","itemListElement":[{"@type":"ListItem","position":1,"name":"Home","item":"https:\/\/qingdaohf.com\/"},{"@type":"ListItem","position":2,"name":"Concrete Forming Accessories and Rigging Hardware","item":"https:\/\/qingdaohf.com\/bg\/?page_id=944"},{"@type":"ListItem","position":3,"name":"Foundation Bolt J Bolts for Concrete"}]},{"@type":"WebSite","@id":"https:\/\/qingdaohf.com\/bg\/#website","url":"https:\/\/qingdaohf.com\/bg\/","name":"Concrete Form & Rigging Hardware Supplier","description":"","publisher":{"@id":"https:\/\/qingdaohf.com\/bg\/#organization"},"potentialAction":[{"@type":"SearchAction","target":{"@type":"EntryPoint","urlTemplate":"https:\/\/qingdaohf.com\/bg\/?s={search_term_string}"},"query-input":{"@type":"PropertyValueSpecification","valueRequired":true,"valueName":"search_term_string"}}],"inLanguage":"sk-SK"},{"@type":"Organization","@id":"https:\/\/qingdaohf.com\/bg\/#organization","name":"Qingdao H&F","url":"https:\/\/qingdaohf.com\/bg\/","logo":{"@type":"ImageObject","inLanguage":"sk-SK","@id":"https:\/\/qingdaohf.com\/bg\/#\/schema\/logo\/image\/","url":"https:\/\/qingdaohf.com\/wp-content\/uploads\/2022\/12\/cropped-HF-LOGO.png","contentUrl":"https:\/\/qingdaohf.com\/wp-content\/uploads\/2022\/12\/cropped-HF-LOGO.png","width":391,"height":249,"caption":"Qingdao H&F"},"image":{"@id":"https:\/\/qingdaohf.com\/bg\/#\/schema\/logo\/image\/"},"sameAs":["https:\/\/www.facebook.com\/qingdaohf"]}]}},"_links":{"self":[{"href":"https:\/\/qingdaohf.com\/sk\/wp-json\/wp\/v2\/product\/6994","targetHints":{"allow":["GET"]}}],"collection":[{"href":"https:\/\/qingdaohf.com\/sk\/wp-json\/wp\/v2\/product"}],"about":[{"href":"https:\/\/qingdaohf.com\/sk\/wp-json\/wp\/v2\/types\/product"}],"replies":[{"embeddable":true,"href":"https:\/\/qingdaohf.com\/sk\/wp-json\/wp\/v2\/comments?post=6994"}],"version-history":[{"count":8,"href":"https:\/\/qingdaohf.com\/sk\/wp-json\/wp\/v2\/product\/6994\/revisions"}],"predecessor-version":[{"id":7639,"href":"https:\/\/qingdaohf.com\/sk\/wp-json\/wp\/v2\/product\/6994\/revisions\/7639"}],"wp:featuredmedia":[{"embeddable":true,"href":"https:\/\/qingdaohf.com\/sk\/wp-json\/wp\/v2\/media\/7509"}],"wp:attachment":[{"href":"https:\/\/qingdaohf.com\/sk\/wp-json\/wp\/v2\/media?parent=6994"}],"wp:term":[{"taxonomy":"product_brand","embeddable":true,"href":"https:\/\/qingdaohf.com\/sk\/wp-json\/wp\/v2\/product_brand?post=6994"},{"taxonomy":"product_cat","embeddable":true,"href":"https:\/\/qingdaohf.com\/sk\/wp-json\/wp\/v2\/product_cat?post=6994"},{"taxonomy":"product_tag","embeddable":true,"href":"https:\/\/qingdaohf.com\/sk\/wp-json\/wp\/v2\/product_tag?post=6994"}],"curies":[{"name":"wp","href":"https:\/\/api.w.org\/{rel}","templated":true}]}}