{"id":7163,"date":"2024-05-20T13:42:36","date_gmt":"2024-05-20T05:42:36","guid":{"rendered":"http:\/\/qingdaohf.com\/?post_type=product&#038;p=7163"},"modified":"2025-11-13T09:03:16","modified_gmt":"2025-11-13T01:03:16","slug":"aluminum-form-wall-ties","status":"publish","type":"product","link":"https:\/\/qingdaohf.com\/sk\/produkt\/hlinikove-stenove-vazby\/","title":{"rendered":"Hlin\u00edkov\u00e9 stenov\u00e9 v\u00e4zby"},"content":{"rendered":"<p>Hlin\u00edkov\u00e9 debniace p\u00e1sky zohr\u00e1vaj\u00fa rozhoduj\u00facu \u00falohu v kon\u0161trukcii bet\u00f3nov\u00e9ho debnenia, najm\u00e4 ke\u010f je najd\u00f4le\u017eitej\u0161ia presnos\u0165 a trvanlivos\u0165. Tieto v\u00e4zby dr\u017eia debnenie na mieste po\u010das procesu beton\u00e1\u017ee a zabezpe\u010duj\u00fa, aby si formy zachovali svoj zam\u00fd\u0161\u013ean\u00fd tvar a zarovnanie. V\u010faka tomu pom\u00e1haj\u00fa zaru\u010di\u0165 \u0161truktur\u00e1lnu integritu a rovnomernos\u0165 bet\u00f3nov\u00fdch stien a st\u013apov. Materi\u00e1l debniacich v\u00e4zieb sa m\u00f4\u017ee l\u00ed\u0161i\u0165, ale hlin\u00edk vynik\u00e1 kombin\u00e1ciou pevnosti, n\u00edzkej hmotnosti a odolnosti proti kor\u00f3zii. V spolo\u010dnosti Qingdao H&amp;F poskytujeme vysokokvalitn\u00e9 hlin\u00edkov\u00e9 debniace p\u00e1sky prisp\u00f4soben\u00e9 potreb\u00e1m stavebn\u00e9ho priemyslu, ktor\u00e9 zabezpe\u010dia efekt\u00edvne a bezpe\u010dn\u00e9 dokon\u010denie va\u0161ich projektov.<\/p>\n<h3><strong>Pre\u010do hlin\u00edk pre tvarov\u00e9 v\u00e4zby?<\/strong><\/h3>\n<p>Pou\u017e\u00edvanie hlin\u00edka v tvarov\u00fdch v\u00e4zb\u00e1ch prudko vzr\u00e1stlo v\u010faka jeho jedine\u010dn\u00fdm vlastnostiam, ktor\u00e9 ho predur\u010duj\u00fa na pou\u017eitie v n\u00e1ro\u010dn\u00fdch stavebn\u00fdch prostrediach. Hlin\u00edk je \u013eahk\u00fd a z\u00e1rove\u0148 pevn\u00fd, tak\u017ee sa s n\u00edm na stavbe \u013eahko manipuluje bez toho, aby sa zn\u00ed\u017eil jeho v\u00fdkon. To je v\u00fdhodn\u00e9 najm\u00e4 vtedy, ke\u010f s\u00fa potrebn\u00e9 ve\u013ek\u00e9 objemy v\u00e4zieb alebo ke\u010f pracovn\u00edci musia zvl\u00e1dnu\u0165 ve\u013ek\u00e9 pracovn\u00e9 za\u0165a\u017eenie. Na rozdiel od in\u00fdch materi\u00e1lov, ako je oce\u013e, \u013eahkos\u0165 hlin\u00edka zni\u017euje n\u00e1mahu pri manipul\u00e1cii a mont\u00e1\u017ei.<\/p>\n<p>\u010eal\u0161ou v\u00fdznamnou v\u00fdhodou je odolnos\u0165 proti kor\u00f3zii. Tvarovky s\u00fa vystaven\u00e9 vlhkosti a r\u00f4znym chemik\u00e1li\u00e1m v bet\u00f3novej zmesi. Hlin\u00edk prirodzene odol\u00e1va kor\u00f3zii a in\u00fdm form\u00e1m kor\u00f3zie, \u010do predl\u017euje \u017eivotnos\u0165 debniacich v\u00e4zieb a zni\u017euje potrebu ich \u010dastej v\u00fdmeny. T\u00e1to odolnos\u0165 sa premieta do dlhodob\u00fdch \u00faspor n\u00e1kladov pre spolo\u010dnosti, najm\u00e4 pri ve\u013ek\u00fdch projektoch, kde je minimaliz\u00e1cia prestojov a \u00fadr\u017eby k\u013e\u00fa\u010dov\u00e1.<\/p>\n<h3><strong>Efekt\u00edvnos\u0165 a hospod\u00e1rnos\u0165 v stavebn\u00edctve<\/strong><\/h3>\n<p>Efekt\u00edvnos\u0165 je z\u00e1kladom \u00faspe\u0161n\u00fdch stavebn\u00fdch projektov a debniace p\u00e1sky prispievaj\u00fa k tomuto cie\u013eu t\u00fdm, \u017ee zabezpe\u010duj\u00fa, aby debnenie zostalo na svojom mieste, \u010d\u00edm sa predch\u00e1dza n\u00e1kladn\u00fdm chyb\u00e1m. Zle vyrovnan\u00e9 alebo slabo dr\u017eiace debnenie m\u00f4\u017ee vies\u0165 k \u0161truktur\u00e1lnym probl\u00e9mom v bet\u00f3ne, \u010do m\u00e1 za n\u00e1sledok me\u0161kanie, plytvanie materi\u00e1lom a potenci\u00e1lne nebezpe\u010dn\u00e9 v\u00fdsledky. Hlin\u00edkov\u00e9 debniace p\u00e1sky nielen\u017ee zabezpe\u010duj\u00fa bezpe\u010dn\u00e9 debnenie, ale tie\u017e zjednodu\u0161uj\u00fa procesy mont\u00e1\u017ee a demont\u00e1\u017ee.<\/p>\n<p>Ke\u010f\u017ee hlin\u00edkov\u00e9 tvarov\u00e9 v\u00e4zby sa daj\u00fa opakovane pou\u017ei\u0165, prin\u00e1\u0161aj\u00fa \u010dasom zna\u010dn\u00e9 \u00faspory n\u00e1kladov. Zhotovitelia \u010dasto \u010delia dileme, ako vyv\u00e1\u017ei\u0165 kr\u00e1tkodob\u00e9 n\u00e1klady a dlhodob\u00e9 pr\u00ednosy, a invest\u00edcia do odoln\u00fdch, opakovane pou\u017eite\u013en\u00fdch debniacich v\u00e4zieb m\u00f4\u017ee zn\u00ed\u017ei\u0165 potrebu \u010dastej v\u00fdmeny a zn\u00ed\u017ei\u0165 celkov\u00e9 n\u00e1klady na projekt. Okrem toho, ke\u010f\u017ee hlin\u00edkov\u00e9 v\u00e4zby s\u00fa \u013eah\u0161ie a \u013eah\u0161ie sa prepravuj\u00fa, zni\u017euj\u00fa logistick\u00e9 n\u00e1klady a zefekt\u00edv\u0148uj\u00fa \u010dinnos\u0165 na stavbe.<\/p>\n<div class=\"ast-oembed-container\" style=\"height: 100%;\"><iframe title=\"Pr\u00edslu\u0161enstvo na tvarovanie bet\u00f3nu Zakriven\u00fd klin a rovn\u00fd klin\" width=\"500\" height=\"281\" src=\"https:\/\/www.youtube.com\/embed\/_He4pUDjl1U?feature=oembed\" frameborder=\"0\" allow=\"accelerometer; autoplay; clipboard-write; encrypted-media; gyroscope; picture-in-picture; web-share\" referrerpolicy=\"strict-origin-when-cross-origin\" allowfullscreen><\/iframe><\/div>\n<h3><strong>Udr\u017eate\u013enos\u0165 a vplyv na \u017eivotn\u00e9 prostredie<\/strong><\/h3>\n<p>V modernom stavebn\u00edctve je udr\u017eate\u013enos\u0165 \u010doraz d\u00f4le\u017eitej\u0161ia a hlin\u00edkov\u00e9 tvarov\u00e9 v\u00e4zby s\u00fa v s\u00falade s ekologick\u00fdmi postupmi. Hlin\u00edk je vysoko recyklovate\u013en\u00fd a mnoh\u00e9 hlin\u00edkov\u00e9 v\u00fdrobky sa vyr\u00e1baj\u00fa z recyklovan\u00fdch materi\u00e1lov. T\u00fdm sa zni\u017euje dopyt po nov\u00fdch surovin\u00e1ch a minimalizuje vplyv na \u017eivotn\u00e9 prostredie. Na konci \u017eivotn\u00e9ho cyklu sa hlin\u00edkov\u00e9 debniace p\u00e1sky daj\u00fa roztavi\u0165 a op\u00e4tovne pou\u017ei\u0165 bez toho, aby stratili svoje prirodzen\u00e9 vlastnosti, \u010do z nich rob\u00ed udr\u017eate\u013en\u00fa vo\u013ebu pre stavebn\u00fdch odborn\u00edkov zameran\u00fdch na zni\u017eovanie uhl\u00edkovej stopy.<\/p>\n<p>Okrem toho sa pou\u017eit\u00edm odoln\u00fdch, opakovane pou\u017eite\u013en\u00fdch materi\u00e1lov, ako je hlin\u00edk, zni\u017euje mno\u017estvo odpadu vznikaj\u00faceho na mieste. Zhotovitelia m\u00f4\u017eu op\u00e4tovne pou\u017ei\u0165 hlin\u00edkov\u00e9 tvarovky v r\u00e1mci viacer\u00fdch projektov, \u010d\u00edm sa v\u00fdrazne zn\u00ed\u017ei mno\u017estvo vyraden\u00fdch materi\u00e1lov, ktor\u00e9 by inak skon\u010dili na skl\u00e1dkach. To pom\u00e1ha stavebn\u00fdm spolo\u010dnostiam zos\u00faladi\u0165 sa s glob\u00e1lnymi cie\u013emi udr\u017eate\u013enosti a oslovi\u0165 klientov, ktor\u00ed uprednost\u0148uj\u00fa postupy zodpovedn\u00e9 k \u017eivotn\u00e9mu prostrediu.<\/p>\n<h3><strong>Z\u00e1v\u00e4zok spolo\u010dnosti Qingdao H&amp;F ku kvalite a slu\u017eb\u00e1m<\/strong><\/h3>\n<p>V spolo\u010dnosti Qingdao H&amp;F ch\u00e1peme, \u017ee profesion\u00e1li v stavebn\u00edctve potrebuj\u00fa spo\u013eahliv\u00e9 materi\u00e1ly a v\u00fdnimo\u010dn\u00e9 slu\u017eby, aby mohli svoje projekty dokon\u010di\u0165 v\u010das a v r\u00e1mci rozpo\u010dtu. Na\u0161e hlin\u00edkov\u00e9 debniace p\u00e1sky sa vyr\u00e1baj\u00fa s pr\u00edsnymi normami kontroly kvality, \u010do zaru\u010duje konzistentn\u00fd v\u00fdkon a trvanlivos\u0165. Sme hrd\u00ed na to, \u017ee pon\u00fakame nielen vysokokvalitn\u00e9 v\u00fdrobky, ale aj konkurencieschopn\u00e9 ceny, v\u010faka \u010domu m\u00f4\u017eu na\u0161i klienti profitova\u0165 z cenovej dostupnosti aj dokonalosti.<\/p>\n<p>Uvedomujeme si, \u017ee ka\u017ed\u00fd projekt je jedine\u010dn\u00fd, a n\u00e1\u0161 t\u00edm poskytuje individu\u00e1lny z\u00e1kazn\u00edcky servis, aby sme zabezpe\u010dili, \u017ee dostanete tie najlep\u0161ie produkty pre va\u0161e \u0161pecifick\u00e9 potreby. Od pomoci pri v\u00fdbere spr\u00e1vneho typu hlin\u00edkov\u00fdch tvarov\u00fdch v\u00e4zieb a\u017e po poskytovanie priebe\u017enej podpory po\u010das cel\u00e9ho projektu sa sna\u017e\u00edme, aby bol v\u00e1\u0161 n\u00e1kup bezprobl\u00e9mov\u00fd a efekt\u00edvny. V\u010faka 20-ro\u010dnej hist\u00f3rii slu\u017eieb v stavebn\u00edctve si spolo\u010dnos\u0165 Qingdao H&amp;F z\u00edskala poves\u0165 spo\u013eahlivej, d\u00f4veryhodnej a spokojnej spolo\u010dnosti.<\/p>\n<h3><strong>Z\u00e1ver: Pre\u010do hlin\u00edkov\u00e9 tvarov\u00e9 v\u00e4zby od spolo\u010dnosti Qingdao H&amp;F?<\/strong><\/h3>\n<p>V\u00fdber spr\u00e1vnych debniacich v\u00e4zieb je nevyhnutn\u00fd na zabezpe\u010denie \u00faspechu va\u0161ich stavebn\u00fdch projektov a hlin\u00edkov\u00e9 debniace v\u00e4zby pon\u00fakaj\u00fa kombin\u00e1ciu pevnosti, odolnosti a cenovej v\u00fdhodnosti, ktorej sa vyrovn\u00e1 len m\u00e1lo in\u00fdch materi\u00e1lov. V spolo\u010dnosti Qingdao H&amp;F poskytujeme \u0161pi\u010dkov\u00e9 hlin\u00edkov\u00e9 debniace p\u00e1sky, ktor\u00e9 sp\u013a\u0148aj\u00fa potreby modernej v\u00fdstavby a zabezpe\u010duj\u00fa, \u017ee va\u0161e projekty bud\u00fa postaven\u00e9 tak, aby vydr\u017eali. V\u010faka n\u00e1\u0161mu zameraniu na kvalitu, konkurencieschopn\u00fdm cen\u00e1m a bezkonkuren\u010dn\u00e9mu z\u00e1kazn\u00edckemu servisu sme va\u0161\u00edm d\u00f4veryhodn\u00fdm partnerom pri dosahovan\u00ed dokonalosti v stavebn\u00edctve. \u010ci u\u017e pracujete na malom projekte, alebo na ve\u013ekej infra\u0161trukt\u00farnej stavbe, na\u0161e hlin\u00edkov\u00e9 debniace v\u00e4zby v\u00e1m pom\u00f4\u017eu v\u017edy dosiahnu\u0165 optim\u00e1lne v\u00fdsledky.<\/p>","protected":false},"excerpt":{"rendered":"<p><strong>Dosiahnutie presn\u00fdch rozmerov bet\u00f3nov\u00fdch stien a zabezpe\u010denie \u0161truktur\u00e1lnej integrity<\/strong> s hlin\u00edkov\u00fdmi stenov\u00fdmi v\u00e4zbami, ktor\u00e9 s\u00fa d\u00f4le\u017eitou s\u00fa\u010das\u0165ou hlin\u00edkov\u00fdch tvarovac\u00edch syst\u00e9mov. Tieto v\u00e4zby pracuj\u00fa v spojen\u00ed s hlin\u00edkov\u00fdmi tvarovac\u00edmi kol\u00edkmi a hlin\u00edkov\u00fdmi tvarovac\u00edmi klinmi na vytvorenie robustn\u00e9ho a efekt\u00edvneho syst\u00e9mu debnenia stien. <strong>Ve\u013ekosti hr\u00fabky steny<\/strong> na prisp\u00f4sobenie r\u00f4znym kon\u0161trukci\u00e1m bet\u00f3nov\u00fdch stien. Medzi be\u017en\u00e9 ve\u013ekosti patria <strong>6\" - 24\"<\/strong>, \u010do v\u00e1m umo\u017e\u0148uje \u013eahko stava\u0165 steny r\u00f4znych hr\u00fabok.<\/p>","protected":false},"featured_media":7168,"comment_status":"open","ping_status":"closed","template":"","meta":{"site-sidebar-layout":"default","site-content-layout":"","ast-site-content-layout":"default","site-content-style":"default","site-sidebar-style":"default","ast-global-header-display":"","ast-banner-title-visibility":"","ast-main-header-display":"","ast-hfb-above-header-display":"","ast-hfb-below-header-display":"","ast-hfb-mobile-header-display":"","site-post-title":"","ast-breadcrumbs-content":"","ast-featured-img":"","footer-sml-layout":"","theme-transparent-header-meta":"default","adv-header-id-meta":"","stick-header-meta":"default","header-above-stick-meta":"","header-main-stick-meta":"","header-below-stick-meta":"","astra-migrate-meta-layouts":"set","ast-page-background-enabled":"default","ast-page-background-meta":{"desktop":{"background-color":"","background-image":"","background-repeat":"repeat","background-position":"center center","background-size":"auto","background-attachment":"scroll","background-type":"","background-media":"","overlay-type":"","overlay-color":"","overlay-opacity":"","overlay-gradient":""},"tablet":{"background-color":"","background-image":"","background-repeat":"repeat","background-position":"center center","background-size":"auto","background-attachment":"scroll","background-type":"","background-media":"","overlay-type":"","overlay-color":"","overlay-opacity":"","overlay-gradient":""},"mobile":{"background-color":"","background-image":"","background-repeat":"repeat","background-position":"center center","background-size":"auto","background-attachment":"scroll","background-type":"","background-media":"","overlay-type":"","overlay-color":"","overlay-opacity":"","overlay-gradient":""}},"ast-content-background-meta":{"desktop":{"background-color":"var(--ast-global-color-5)","background-image":"","background-repeat":"repeat","background-position":"center center","background-size":"auto","background-attachment":"scroll","background-type":"","background-media":"","overlay-type":"","overlay-color":"","overlay-opacity":"","overlay-gradient":""},"tablet":{"background-color":"var(--ast-global-color-5)","background-image":"","background-repeat":"repeat","background-position":"center center","background-size":"auto","background-attachment":"scroll","background-type":"","background-media":"","overlay-type":"","overlay-color":"","overlay-opacity":"","overlay-gradient":""},"mobile":{"background-color":"var(--ast-global-color-5)","background-image":"","background-repeat":"repeat","background-position":"center center","background-size":"auto","background-attachment":"scroll","background-type":"","background-media":"","overlay-type":"","overlay-color":"","overlay-opacity":"","overlay-gradient":""}}},"product_brand":[],"product_cat":[65],"product_tag":[],"class_list":{"0":"post-7163","1":"product","2":"type-product","3":"status-publish","4":"has-post-thumbnail","6":"product_cat-aluminum-form-tie","7":"desktop-align-left","8":"tablet-align-left","9":"mobile-align-left","10":"ast-product-gallery-layout-horizontal-slider","11":"ast-product-tabs-layout-horizontal","13":"first","14":"instock","15":"shipping-taxable","16":"purchasable","17":"product-type-simple"},"yoast_head":"<!-- This site is optimized with the Yoast SEO plugin v25.2 - https:\/\/yoast.com\/wordpress\/plugins\/seo\/ -->\n<title>Aluminum Form Wall Ties<\/title>\n<meta name=\"description\" content=\"Aluminum Form Wall Ties are available in a range of Wall Thickness Sizes to accommodate various concrete wall designs. Common sizes include 6\u201d - 24\u201d.\" \/>\n<meta name=\"robots\" content=\"index, follow, max-snippet:-1, max-image-preview:large, max-video-preview:-1\" \/>\n<link rel=\"canonical\" href=\"https:\/\/qingdaohf.com\/sk\/produkt\/hlinikove-stenove-vazby\/\" \/>\n<meta property=\"og:locale\" content=\"sk_SK\" \/>\n<meta property=\"og:type\" content=\"article\" \/>\n<meta property=\"og:title\" content=\"Aluminum Form Wall Ties\" \/>\n<meta property=\"og:description\" content=\"Aluminum Form Wall Ties are available in a range of Wall Thickness Sizes to accommodate various concrete wall designs. Common sizes include 6\u201d - 24\u201d.\" \/>\n<meta property=\"og:url\" content=\"https:\/\/qingdaohf.com\/sk\/produkt\/hlinikove-stenove-vazby\/\" \/>\n<meta property=\"og:site_name\" content=\"Concrete Form &amp; Rigging Hardware Supplier\" \/>\n<meta property=\"article:publisher\" content=\"https:\/\/www.facebook.com\/qingdaohf\" \/>\n<meta property=\"article:modified_time\" content=\"2025-11-13T01:03:16+00:00\" \/>\n<meta property=\"og:image\" content=\"https:\/\/qingdaohf.com\/wp-content\/uploads\/2024\/05\/Aluminum-Form-Wall-Ties-1.jpg\" \/>\n\t<meta property=\"og:image:width\" content=\"1000\" \/>\n\t<meta property=\"og:image:height\" content=\"1000\" \/>\n\t<meta property=\"og:image:type\" content=\"image\/jpeg\" \/>\n<meta name=\"twitter:card\" content=\"summary_large_image\" \/>\n<meta name=\"twitter:label1\" content=\"Predpokladan\u00fd \u010das \u010d\u00edtania\" \/>\n\t<meta name=\"twitter:data1\" content=\"4 min\u00faty\" \/>\n<script type=\"application\/ld+json\" class=\"yoast-schema-graph\">{\"@context\":\"https:\/\/schema.org\",\"@graph\":[{\"@type\":\"WebPage\",\"@id\":\"https:\/\/qingdaohf.com\/product\/aluminum-form-wall-ties\/\",\"url\":\"https:\/\/qingdaohf.com\/product\/aluminum-form-wall-ties\/\",\"name\":\"Aluminum Form Wall Ties\",\"isPartOf\":{\"@id\":\"https:\/\/qingdaohf.com\/bg\/#website\"},\"primaryImageOfPage\":{\"@id\":\"https:\/\/qingdaohf.com\/product\/aluminum-form-wall-ties\/#primaryimage\"},\"image\":{\"@id\":\"https:\/\/qingdaohf.com\/product\/aluminum-form-wall-ties\/#primaryimage\"},\"thumbnailUrl\":\"https:\/\/qingdaohf.com\/wp-content\/uploads\/2024\/05\/Aluminum-Form-Wall-Ties-1.jpg\",\"datePublished\":\"2024-05-20T05:42:36+00:00\",\"dateModified\":\"2025-11-13T01:03:16+00:00\",\"description\":\"Aluminum Form Wall Ties are available in a range of Wall Thickness Sizes to accommodate various concrete wall designs. Common sizes include 6\u201d - 24\u201d.\",\"breadcrumb\":{\"@id\":\"https:\/\/qingdaohf.com\/product\/aluminum-form-wall-ties\/#breadcrumb\"},\"inLanguage\":\"sk-SK\",\"potentialAction\":[{\"@type\":\"ReadAction\",\"target\":[\"https:\/\/qingdaohf.com\/product\/aluminum-form-wall-ties\/\"]}]},{\"@type\":\"ImageObject\",\"inLanguage\":\"sk-SK\",\"@id\":\"https:\/\/qingdaohf.com\/product\/aluminum-form-wall-ties\/#primaryimage\",\"url\":\"https:\/\/qingdaohf.com\/wp-content\/uploads\/2024\/05\/Aluminum-Form-Wall-Ties-1.jpg\",\"contentUrl\":\"https:\/\/qingdaohf.com\/wp-content\/uploads\/2024\/05\/Aluminum-Form-Wall-Ties-1.jpg\",\"width\":1000,\"height\":1000,\"caption\":\"Aluminum Form Wall Ties\"},{\"@type\":\"BreadcrumbList\",\"@id\":\"https:\/\/qingdaohf.com\/product\/aluminum-form-wall-ties\/#breadcrumb\",\"itemListElement\":[{\"@type\":\"ListItem\",\"position\":1,\"name\":\"Home\",\"item\":\"https:\/\/qingdaohf.com\/\"},{\"@type\":\"ListItem\",\"position\":2,\"name\":\"Concrete Forming Accessories and Rigging Hardware\",\"item\":\"https:\/\/qingdaohf.com\/bg\/?page_id=944\"},{\"@type\":\"ListItem\",\"position\":3,\"name\":\"Aluminum Form Wall Ties\"}]},{\"@type\":\"WebSite\",\"@id\":\"https:\/\/qingdaohf.com\/bg\/#website\",\"url\":\"https:\/\/qingdaohf.com\/bg\/\",\"name\":\"Concrete Form & Rigging Hardware Supplier\",\"description\":\"\",\"publisher\":{\"@id\":\"https:\/\/qingdaohf.com\/bg\/#organization\"},\"potentialAction\":[{\"@type\":\"SearchAction\",\"target\":{\"@type\":\"EntryPoint\",\"urlTemplate\":\"https:\/\/qingdaohf.com\/bg\/?s={search_term_string}\"},\"query-input\":{\"@type\":\"PropertyValueSpecification\",\"valueRequired\":true,\"valueName\":\"search_term_string\"}}],\"inLanguage\":\"sk-SK\"},{\"@type\":\"Organization\",\"@id\":\"https:\/\/qingdaohf.com\/bg\/#organization\",\"name\":\"Qingdao H&F\",\"url\":\"https:\/\/qingdaohf.com\/bg\/\",\"logo\":{\"@type\":\"ImageObject\",\"inLanguage\":\"sk-SK\",\"@id\":\"https:\/\/qingdaohf.com\/bg\/#\/schema\/logo\/image\/\",\"url\":\"https:\/\/qingdaohf.com\/wp-content\/uploads\/2022\/12\/cropped-HF-LOGO.png\",\"contentUrl\":\"https:\/\/qingdaohf.com\/wp-content\/uploads\/2022\/12\/cropped-HF-LOGO.png\",\"width\":391,\"height\":249,\"caption\":\"Qingdao H&F\"},\"image\":{\"@id\":\"https:\/\/qingdaohf.com\/bg\/#\/schema\/logo\/image\/\"},\"sameAs\":[\"https:\/\/www.facebook.com\/qingdaohf\"]}]}<\/script>\n<!-- \/ Yoast SEO plugin. -->","yoast_head_json":{"title":"Aluminum Form Wall Ties","description":"Aluminum Form Wall Ties are available in a range of Wall Thickness Sizes to accommodate various concrete wall designs. Common sizes include 6\u201d - 24\u201d.","robots":{"index":"index","follow":"follow","max-snippet":"max-snippet:-1","max-image-preview":"max-image-preview:large","max-video-preview":"max-video-preview:-1"},"canonical":"https:\/\/qingdaohf.com\/sk\/produkt\/hlinikove-stenove-vazby\/","og_locale":"sk_SK","og_type":"article","og_title":"Aluminum Form Wall Ties","og_description":"Aluminum Form Wall Ties are available in a range of Wall Thickness Sizes to accommodate various concrete wall designs. Common sizes include 6\u201d - 24\u201d.","og_url":"https:\/\/qingdaohf.com\/sk\/produkt\/hlinikove-stenove-vazby\/","og_site_name":"Concrete Form &amp; Rigging Hardware Supplier","article_publisher":"https:\/\/www.facebook.com\/qingdaohf","article_modified_time":"2025-11-13T01:03:16+00:00","og_image":[{"width":1000,"height":1000,"url":"https:\/\/qingdaohf.com\/wp-content\/uploads\/2024\/05\/Aluminum-Form-Wall-Ties-1.jpg","type":"image\/jpeg"}],"twitter_card":"summary_large_image","twitter_misc":{"Predpokladan\u00fd \u010das \u010d\u00edtania":"4 min\u00faty"},"schema":{"@context":"https:\/\/schema.org","@graph":[{"@type":"WebPage","@id":"https:\/\/qingdaohf.com\/product\/aluminum-form-wall-ties\/","url":"https:\/\/qingdaohf.com\/product\/aluminum-form-wall-ties\/","name":"Aluminum Form Wall Ties","isPartOf":{"@id":"https:\/\/qingdaohf.com\/bg\/#website"},"primaryImageOfPage":{"@id":"https:\/\/qingdaohf.com\/product\/aluminum-form-wall-ties\/#primaryimage"},"image":{"@id":"https:\/\/qingdaohf.com\/product\/aluminum-form-wall-ties\/#primaryimage"},"thumbnailUrl":"https:\/\/qingdaohf.com\/wp-content\/uploads\/2024\/05\/Aluminum-Form-Wall-Ties-1.jpg","datePublished":"2024-05-20T05:42:36+00:00","dateModified":"2025-11-13T01:03:16+00:00","description":"Aluminum Form Wall Ties are available in a range of Wall Thickness Sizes to accommodate various concrete wall designs. Common sizes include 6\u201d - 24\u201d.","breadcrumb":{"@id":"https:\/\/qingdaohf.com\/product\/aluminum-form-wall-ties\/#breadcrumb"},"inLanguage":"sk-SK","potentialAction":[{"@type":"ReadAction","target":["https:\/\/qingdaohf.com\/product\/aluminum-form-wall-ties\/"]}]},{"@type":"ImageObject","inLanguage":"sk-SK","@id":"https:\/\/qingdaohf.com\/product\/aluminum-form-wall-ties\/#primaryimage","url":"https:\/\/qingdaohf.com\/wp-content\/uploads\/2024\/05\/Aluminum-Form-Wall-Ties-1.jpg","contentUrl":"https:\/\/qingdaohf.com\/wp-content\/uploads\/2024\/05\/Aluminum-Form-Wall-Ties-1.jpg","width":1000,"height":1000,"caption":"Aluminum Form Wall Ties"},{"@type":"BreadcrumbList","@id":"https:\/\/qingdaohf.com\/product\/aluminum-form-wall-ties\/#breadcrumb","itemListElement":[{"@type":"ListItem","position":1,"name":"Home","item":"https:\/\/qingdaohf.com\/"},{"@type":"ListItem","position":2,"name":"Concrete Forming Accessories and Rigging Hardware","item":"https:\/\/qingdaohf.com\/bg\/?page_id=944"},{"@type":"ListItem","position":3,"name":"Aluminum Form Wall Ties"}]},{"@type":"WebSite","@id":"https:\/\/qingdaohf.com\/bg\/#website","url":"https:\/\/qingdaohf.com\/bg\/","name":"Concrete Form & Rigging Hardware Supplier","description":"","publisher":{"@id":"https:\/\/qingdaohf.com\/bg\/#organization"},"potentialAction":[{"@type":"SearchAction","target":{"@type":"EntryPoint","urlTemplate":"https:\/\/qingdaohf.com\/bg\/?s={search_term_string}"},"query-input":{"@type":"PropertyValueSpecification","valueRequired":true,"valueName":"search_term_string"}}],"inLanguage":"sk-SK"},{"@type":"Organization","@id":"https:\/\/qingdaohf.com\/bg\/#organization","name":"Qingdao H&F","url":"https:\/\/qingdaohf.com\/bg\/","logo":{"@type":"ImageObject","inLanguage":"sk-SK","@id":"https:\/\/qingdaohf.com\/bg\/#\/schema\/logo\/image\/","url":"https:\/\/qingdaohf.com\/wp-content\/uploads\/2022\/12\/cropped-HF-LOGO.png","contentUrl":"https:\/\/qingdaohf.com\/wp-content\/uploads\/2022\/12\/cropped-HF-LOGO.png","width":391,"height":249,"caption":"Qingdao H&F"},"image":{"@id":"https:\/\/qingdaohf.com\/bg\/#\/schema\/logo\/image\/"},"sameAs":["https:\/\/www.facebook.com\/qingdaohf"]}]}},"_links":{"self":[{"href":"https:\/\/qingdaohf.com\/sk\/wp-json\/wp\/v2\/product\/7163","targetHints":{"allow":["GET"]}}],"collection":[{"href":"https:\/\/qingdaohf.com\/sk\/wp-json\/wp\/v2\/product"}],"about":[{"href":"https:\/\/qingdaohf.com\/sk\/wp-json\/wp\/v2\/types\/product"}],"replies":[{"embeddable":true,"href":"https:\/\/qingdaohf.com\/sk\/wp-json\/wp\/v2\/comments?post=7163"}],"version-history":[{"count":3,"href":"https:\/\/qingdaohf.com\/sk\/wp-json\/wp\/v2\/product\/7163\/revisions"}],"predecessor-version":[{"id":8094,"href":"https:\/\/qingdaohf.com\/sk\/wp-json\/wp\/v2\/product\/7163\/revisions\/8094"}],"wp:featuredmedia":[{"embeddable":true,"href":"https:\/\/qingdaohf.com\/sk\/wp-json\/wp\/v2\/media\/7168"}],"wp:attachment":[{"href":"https:\/\/qingdaohf.com\/sk\/wp-json\/wp\/v2\/media?parent=7163"}],"wp:term":[{"taxonomy":"product_brand","embeddable":true,"href":"https:\/\/qingdaohf.com\/sk\/wp-json\/wp\/v2\/product_brand?post=7163"},{"taxonomy":"product_cat","embeddable":true,"href":"https:\/\/qingdaohf.com\/sk\/wp-json\/wp\/v2\/product_cat?post=7163"},{"taxonomy":"product_tag","embeddable":true,"href":"https:\/\/qingdaohf.com\/sk\/wp-json\/wp\/v2\/product_tag?post=7163"}],"curies":[{"name":"wp","href":"https:\/\/api.w.org\/{rel}","templated":true}]}}