{"id":7198,"date":"2024-05-21T14:50:13","date_gmt":"2024-05-21T06:50:13","guid":{"rendered":"http:\/\/qingdaohf.com\/?post_type=product&#038;p=7198"},"modified":"2025-11-13T09:03:16","modified_gmt":"2025-11-13T01:03:16","slug":"double-waler-bracket","status":"publish","type":"product","link":"https:\/\/qingdaohf.com\/sk\/produkt\/dvojita-konzola-waler\/","title":{"rendered":"Dvojit\u00e1 konzola Waler"},"content":{"rendered":"<p>Predstavujeme v\u00e1m dvojit\u00fa konzolu Waler od spolo\u010dnosti H&amp;F, ktor\u00e1 je va\u0161\u00edm rie\u0161en\u00edm pre vysokopevnostn\u00e9 a spo\u013eahliv\u00e9 bet\u00f3nov\u00e9 debnenie. N\u00e1\u0161 dvojit\u00fd dr\u017eiak Waler Bracket je navrhnut\u00fd tak, aby poskytoval v\u00fdnimo\u010dn\u00fa oporu a stabilitu, a je nevyhnutnou s\u00fa\u010das\u0165ou ka\u017ed\u00e9ho stavebn\u00e9ho projektu, ktor\u00fd si vy\u017eaduje \u017eelezobet\u00f3nov\u00e9 kon\u0161trukcie. T\u00e1to konzola, vyroben\u00e1 s pou\u017eit\u00edm prvotriednych materi\u00e1lov, zaru\u010duje odolnos\u0165 a dlhodob\u00fd v\u00fdkon, v\u010faka \u010domu je cenn\u00fdm doplnkom v\u00e1\u0161ho stavebn\u00e9ho n\u00e1radia.<\/p>\n<p>Na\u0161a dvojit\u00e1 konzola Waler je odborne navrhnut\u00e1 na bezprobl\u00e9mov\u00fa spolupr\u00e1cu so zaklap\u00e1vac\u00edmi v\u00e4zbami a poskytuje robustn\u00e9 a bezpe\u010dn\u00e9 spojenie, ktor\u00e9 zvy\u0161uje celkov\u00fa stabilitu v\u00e1\u0161ho debniaceho syst\u00e9mu. \u010ci u\u017e pracujete na komer\u010dn\u00fdch, reziden\u010dn\u00fdch alebo priemyseln\u00fdch stavebn\u00fdch projektoch, na\u0161a konzola je navrhnut\u00e1 tak, aby sp\u013a\u0148ala najvy\u0161\u0161ie \u0161tandardy bezpe\u010dnosti a efekt\u00edvnosti.<\/p>\n<p><strong>K\u013e\u00fa\u010dov\u00e9 vlastnosti:<\/strong><\/p>\n<ul>\n<li><strong>Vysokopevnostn\u00fd materi\u00e1l:<\/strong> Vyroben\u00e9 z vysokokvalitnej ocele pre maxim\u00e1lnu odolnos\u0165 a nosnos\u0165.<\/li>\n<li><strong>N\u00e1ter odoln\u00fd vo\u010di kor\u00f3zii:<\/strong> M\u00e1 ochrann\u00fd povlak, ktor\u00fd odol\u00e1va n\u00e1ro\u010dn\u00fdm podmienkam prostredia.<\/li>\n<li><strong>Jednoduch\u00e1 in\u0161tal\u00e1cia:<\/strong> Pou\u017e\u00edvate\u013esky pr\u00edvetiv\u00fd dizajn umo\u017e\u0148uje r\u00fdchle a bezprobl\u00e9mov\u00e9 nastavenie, \u010d\u00edm \u0161etr\u00ed \u010das a n\u00e1klady na pr\u00e1cu.<\/li>\n<li><strong>V\u0161estrann\u00e9 pou\u017eitie:<\/strong> Vhodn\u00e9 pre \u0161irok\u00fa \u0161k\u00e1lu aplik\u00e1ci\u00ed bet\u00f3nov\u00e9ho debnenia vr\u00e1tane stien, z\u00e1kladov a st\u013apov.<\/li>\n<li><strong>Zv\u00fd\u0161en\u00e1 stabilita:<\/strong> Pri pou\u017eit\u00ed s karab\u00ednami poskytuje vynikaj\u00facu oporu a zabezpe\u010duje, \u017ee debnenie zostane bezpe\u010dne na svojom mieste.<\/li>\n<\/ul>\n<h3>O produkte a aplik\u00e1ci\u00e1ch<\/h3>\n<p><strong>\u010co je dvojit\u00fd dr\u017eiak Waler?<\/strong> Dvojit\u00e1 konzola Waler je k\u013e\u00fa\u010dovou s\u00fa\u010das\u0165ou syst\u00e9mu bet\u00f3nov\u00e9ho debnenia. Pou\u017e\u00edva sa na vystu\u017eenie a stabiliz\u00e1ciu debnenia, \u010d\u00edm sa zabezpe\u010d\u00ed, \u017ee vydr\u017e\u00ed tlak vyv\u00edjan\u00fd mokr\u00fdm bet\u00f3nom. T\u00e1to konzola je navrhnut\u00e1 tak, aby udr\u017eiavala dva val\u010deky (vodorovn\u00e9 podpery) na mieste, \u010d\u00edm poskytuje dodato\u010dn\u00fa pevnos\u0165 a tuhos\u0165 kon\u0161trukcie debnenia.<\/p>\n<p><strong>Aplik\u00e1cie:<\/strong><\/p>\n<ul>\n<li><strong>Debnenie stien:<\/strong> Ide\u00e1lne na pou\u017eitie pri vytv\u00e1ran\u00ed pevn\u00fdch a stabiln\u00fdch foriem stien.<\/li>\n<li><strong>Debnenie z\u00e1kladov:<\/strong> Zabezpe\u010duje integritu a trvanlivos\u0165 z\u00e1kladov\u00fdch kon\u0161trukci\u00ed.<\/li>\n<li><strong>Debnenie st\u013apov:<\/strong> Poskytuje spo\u013eahliv\u00fa podporu pre debniace syst\u00e9my st\u013apov.<\/li>\n<\/ul>\n<p><strong>Pou\u017eitie dvojitej konzoly Waler s viazac\u00edmi p\u00e1skami:<\/strong> S\u0165ahovacie p\u00e1sky s\u00fa nevyhnutn\u00e9 na udr\u017eiavanie vzdialenost\u00ed medzi debniacimi panelmi a na zabr\u00e1nenie ich vyd\u00favania pod tlakom bet\u00f3nu. Pri pou\u017eit\u00ed v spojen\u00ed s dvojit\u00fdmi val\u010dekov\u00fdmi konzolami zabezpe\u010duj\u00fa pr\u00edchytky bezpe\u010dn\u00fd a stabiln\u00fd syst\u00e9m debnenia. Svorky sa vkladaj\u00fa cez debnenie a zabezpe\u010duj\u00fa sa pomocou dvojitej konzoly Waler, \u010do pom\u00e1ha rozlo\u017ei\u0165 za\u0165a\u017eenie a udr\u017ea\u0165 debniace panely vyrovnan\u00e9 a stabiln\u00e9 po\u010das procesu beton\u00e1\u017ee.<\/p>\n<h3>Pre\u010do si vybra\u0165 spolo\u010dnos\u0165 H&amp;F?<\/h3>\n<p>V spolo\u010dnosti H&amp;F sa sna\u017e\u00edme poskytova\u0165 vysokokvalitn\u00e9 stavebn\u00e9 v\u00fdrobky, ktor\u00e9 sp\u013a\u0148aj\u00fa po\u017eiadavky na\u0161ich z\u00e1kazn\u00edkov. Na\u0161a dvojit\u00e1 konzola Waler je vyroben\u00e1 pod\u013ea najvy\u0161\u0161\u00edch \u0161tandardov, \u010do zaru\u010duje spo\u013eahlivos\u0165 a v\u00fdkon na ka\u017edom stavenisku. Pon\u00fakame konkurencieschopn\u00e9 ceny, v\u00fdnimo\u010dn\u00fd z\u00e1kazn\u00edcky servis a r\u00fdchle dodacie lehoty, aby sme dodr\u017eali term\u00edny va\u0161ich projektov.<\/p>","protected":false},"excerpt":{"rendered":"<p>Vylep\u0161ite svoje bet\u00f3nov\u00e9 debnenie pomocou dvojitej konzoly Waler. T\u00e1to konzola, navrhnut\u00e1 pre vysok\u00fa pevnos\u0165 a jednoduch\u00fa in\u0161tal\u00e1ciu, zabezpe\u010duje bezpe\u010dn\u00fa a stabiln\u00fa podporu pre va\u0161e stavebn\u00e9 projekty. Dokonale sa hod\u00ed na pou\u017eitie so zaklap\u00e1vac\u00edmi v\u00e4zbami a pon\u00faka vynikaj\u00facu odolnos\u0165 a v\u00fdkon.<\/p>","protected":false},"featured_media":7227,"comment_status":"open","ping_status":"closed","template":"","meta":{"site-sidebar-layout":"default","site-content-layout":"","ast-site-content-layout":"default","site-content-style":"default","site-sidebar-style":"default","ast-global-header-display":"","ast-banner-title-visibility":"","ast-main-header-display":"","ast-hfb-above-header-display":"","ast-hfb-below-header-display":"","ast-hfb-mobile-header-display":"","site-post-title":"","ast-breadcrumbs-content":"","ast-featured-img":"","footer-sml-layout":"","theme-transparent-header-meta":"default","adv-header-id-meta":"","stick-header-meta":"default","header-above-stick-meta":"","header-main-stick-meta":"","header-below-stick-meta":"","astra-migrate-meta-layouts":"set","ast-page-background-enabled":"default","ast-page-background-meta":{"desktop":{"background-color":"","background-image":"","background-repeat":"repeat","background-position":"center center","background-size":"auto","background-attachment":"scroll","background-type":"","background-media":"","overlay-type":"","overlay-color":"","overlay-opacity":"","overlay-gradient":""},"tablet":{"background-color":"","background-image":"","background-repeat":"repeat","background-position":"center center","background-size":"auto","background-attachment":"scroll","background-type":"","background-media":"","overlay-type":"","overlay-color":"","overlay-opacity":"","overlay-gradient":""},"mobile":{"background-color":"","background-image":"","background-repeat":"repeat","background-position":"center center","background-size":"auto","background-attachment":"scroll","background-type":"","background-media":"","overlay-type":"","overlay-color":"","overlay-opacity":"","overlay-gradient":""}},"ast-content-background-meta":{"desktop":{"background-color":"var(--ast-global-color-5)","background-image":"","background-repeat":"repeat","background-position":"center center","background-size":"auto","background-attachment":"scroll","background-type":"","background-media":"","overlay-type":"","overlay-color":"","overlay-opacity":"","overlay-gradient":""},"tablet":{"background-color":"var(--ast-global-color-5)","background-image":"","background-repeat":"repeat","background-position":"center center","background-size":"auto","background-attachment":"scroll","background-type":"","background-media":"","overlay-type":"","overlay-color":"","overlay-opacity":"","overlay-gradient":""},"mobile":{"background-color":"var(--ast-global-color-5)","background-image":"","background-repeat":"repeat","background-position":"center center","background-size":"auto","background-attachment":"scroll","background-type":"","background-media":"","overlay-type":"","overlay-color":"","overlay-opacity":"","overlay-gradient":""}}},"product_brand":[],"product_cat":[28],"product_tag":[],"class_list":{"0":"post-7198","1":"product","2":"type-product","3":"status-publish","4":"has-post-thumbnail","6":"product_cat-concrete-forming","7":"desktop-align-left","8":"tablet-align-left","9":"mobile-align-left","10":"ast-product-gallery-layout-horizontal-slider","11":"ast-product-tabs-layout-horizontal","13":"first","14":"instock","15":"shipping-taxable","16":"purchasable","17":"product-type-simple"},"yoast_head":"<!-- This site is optimized with the Yoast SEO plugin v25.2 - https:\/\/yoast.com\/wordpress\/plugins\/seo\/ -->\n<title>Double Waler Bracket<\/title>\n<meta name=\"description\" content=\"Enhance your concrete formwork with Double Waler Bracket. Designed for high strength and easy installation, this bracket ensures secure and stable support for your construction projects.\" \/>\n<meta name=\"robots\" content=\"index, follow, max-snippet:-1, max-image-preview:large, max-video-preview:-1\" \/>\n<link rel=\"canonical\" href=\"https:\/\/qingdaohf.com\/sk\/produkt\/dvojita-konzola-waler\/\" \/>\n<meta property=\"og:locale\" content=\"sk_SK\" \/>\n<meta property=\"og:type\" content=\"article\" \/>\n<meta property=\"og:title\" content=\"Double Waler Bracket\" \/>\n<meta property=\"og:description\" content=\"Enhance your concrete formwork with Double Waler Bracket. Designed for high strength and easy installation, this bracket ensures secure and stable support for your construction projects.\" \/>\n<meta property=\"og:url\" content=\"https:\/\/qingdaohf.com\/sk\/produkt\/dvojita-konzola-waler\/\" \/>\n<meta property=\"og:site_name\" content=\"Concrete Form &amp; Rigging Hardware Supplier\" \/>\n<meta property=\"article:publisher\" content=\"https:\/\/www.facebook.com\/qingdaohf\" \/>\n<meta property=\"article:modified_time\" content=\"2025-11-13T01:03:16+00:00\" \/>\n<meta property=\"og:image\" content=\"https:\/\/qingdaohf.com\/wp-content\/uploads\/2024\/05\/Double-Waler-Bracket.jpe\" \/>\n\t<meta property=\"og:image:width\" content=\"800\" \/>\n\t<meta property=\"og:image:height\" content=\"800\" \/>\n\t<meta property=\"og:image:type\" content=\"image\/jpeg\" \/>\n<meta name=\"twitter:card\" content=\"summary_large_image\" \/>\n<meta name=\"twitter:label1\" content=\"Predpokladan\u00fd \u010das \u010d\u00edtania\" \/>\n\t<meta name=\"twitter:data1\" content=\"3 min\u00faty\" \/>\n<script type=\"application\/ld+json\" class=\"yoast-schema-graph\">{\"@context\":\"https:\/\/schema.org\",\"@graph\":[{\"@type\":\"WebPage\",\"@id\":\"https:\/\/qingdaohf.com\/product\/double-waler-bracket\/\",\"url\":\"https:\/\/qingdaohf.com\/product\/double-waler-bracket\/\",\"name\":\"Double Waler Bracket\",\"isPartOf\":{\"@id\":\"https:\/\/qingdaohf.com\/bg\/#website\"},\"primaryImageOfPage\":{\"@id\":\"https:\/\/qingdaohf.com\/product\/double-waler-bracket\/#primaryimage\"},\"image\":{\"@id\":\"https:\/\/qingdaohf.com\/product\/double-waler-bracket\/#primaryimage\"},\"thumbnailUrl\":\"https:\/\/qingdaohf.com\/wp-content\/uploads\/2024\/05\/Double-Waler-Bracket.jpe\",\"datePublished\":\"2024-05-21T06:50:13+00:00\",\"dateModified\":\"2025-11-13T01:03:16+00:00\",\"description\":\"Enhance your concrete formwork with Double Waler Bracket. Designed for high strength and easy installation, this bracket ensures secure and stable support for your construction projects.\",\"breadcrumb\":{\"@id\":\"https:\/\/qingdaohf.com\/product\/double-waler-bracket\/#breadcrumb\"},\"inLanguage\":\"sk-SK\",\"potentialAction\":[{\"@type\":\"ReadAction\",\"target\":[\"https:\/\/qingdaohf.com\/product\/double-waler-bracket\/\"]}]},{\"@type\":\"ImageObject\",\"inLanguage\":\"sk-SK\",\"@id\":\"https:\/\/qingdaohf.com\/product\/double-waler-bracket\/#primaryimage\",\"url\":\"https:\/\/qingdaohf.com\/wp-content\/uploads\/2024\/05\/Double-Waler-Bracket.jpe\",\"contentUrl\":\"https:\/\/qingdaohf.com\/wp-content\/uploads\/2024\/05\/Double-Waler-Bracket.jpe\",\"width\":800,\"height\":800,\"caption\":\"Double Waler Bracket\"},{\"@type\":\"BreadcrumbList\",\"@id\":\"https:\/\/qingdaohf.com\/product\/double-waler-bracket\/#breadcrumb\",\"itemListElement\":[{\"@type\":\"ListItem\",\"position\":1,\"name\":\"Home\",\"item\":\"https:\/\/qingdaohf.com\/\"},{\"@type\":\"ListItem\",\"position\":2,\"name\":\"Concrete Forming Accessories and Rigging Hardware\",\"item\":\"https:\/\/qingdaohf.com\/bg\/?page_id=944\"},{\"@type\":\"ListItem\",\"position\":3,\"name\":\"Double Waler Bracket\"}]},{\"@type\":\"WebSite\",\"@id\":\"https:\/\/qingdaohf.com\/bg\/#website\",\"url\":\"https:\/\/qingdaohf.com\/bg\/\",\"name\":\"Concrete Form & Rigging Hardware Supplier\",\"description\":\"\",\"publisher\":{\"@id\":\"https:\/\/qingdaohf.com\/bg\/#organization\"},\"potentialAction\":[{\"@type\":\"SearchAction\",\"target\":{\"@type\":\"EntryPoint\",\"urlTemplate\":\"https:\/\/qingdaohf.com\/bg\/?s={search_term_string}\"},\"query-input\":{\"@type\":\"PropertyValueSpecification\",\"valueRequired\":true,\"valueName\":\"search_term_string\"}}],\"inLanguage\":\"sk-SK\"},{\"@type\":\"Organization\",\"@id\":\"https:\/\/qingdaohf.com\/bg\/#organization\",\"name\":\"Qingdao H&F\",\"url\":\"https:\/\/qingdaohf.com\/bg\/\",\"logo\":{\"@type\":\"ImageObject\",\"inLanguage\":\"sk-SK\",\"@id\":\"https:\/\/qingdaohf.com\/bg\/#\/schema\/logo\/image\/\",\"url\":\"https:\/\/qingdaohf.com\/wp-content\/uploads\/2022\/12\/cropped-HF-LOGO.png\",\"contentUrl\":\"https:\/\/qingdaohf.com\/wp-content\/uploads\/2022\/12\/cropped-HF-LOGO.png\",\"width\":391,\"height\":249,\"caption\":\"Qingdao H&F\"},\"image\":{\"@id\":\"https:\/\/qingdaohf.com\/bg\/#\/schema\/logo\/image\/\"},\"sameAs\":[\"https:\/\/www.facebook.com\/qingdaohf\"]}]}<\/script>\n<!-- \/ Yoast SEO plugin. -->","yoast_head_json":{"title":"Double Waler Bracket","description":"Enhance your concrete formwork with Double Waler Bracket. Designed for high strength and easy installation, this bracket ensures secure and stable support for your construction projects.","robots":{"index":"index","follow":"follow","max-snippet":"max-snippet:-1","max-image-preview":"max-image-preview:large","max-video-preview":"max-video-preview:-1"},"canonical":"https:\/\/qingdaohf.com\/sk\/produkt\/dvojita-konzola-waler\/","og_locale":"sk_SK","og_type":"article","og_title":"Double Waler Bracket","og_description":"Enhance your concrete formwork with Double Waler Bracket. Designed for high strength and easy installation, this bracket ensures secure and stable support for your construction projects.","og_url":"https:\/\/qingdaohf.com\/sk\/produkt\/dvojita-konzola-waler\/","og_site_name":"Concrete Form &amp; Rigging Hardware Supplier","article_publisher":"https:\/\/www.facebook.com\/qingdaohf","article_modified_time":"2025-11-13T01:03:16+00:00","og_image":[{"width":800,"height":800,"url":"https:\/\/qingdaohf.com\/wp-content\/uploads\/2024\/05\/Double-Waler-Bracket.jpe","type":"image\/jpeg"}],"twitter_card":"summary_large_image","twitter_misc":{"Predpokladan\u00fd \u010das \u010d\u00edtania":"3 min\u00faty"},"schema":{"@context":"https:\/\/schema.org","@graph":[{"@type":"WebPage","@id":"https:\/\/qingdaohf.com\/product\/double-waler-bracket\/","url":"https:\/\/qingdaohf.com\/product\/double-waler-bracket\/","name":"Double Waler Bracket","isPartOf":{"@id":"https:\/\/qingdaohf.com\/bg\/#website"},"primaryImageOfPage":{"@id":"https:\/\/qingdaohf.com\/product\/double-waler-bracket\/#primaryimage"},"image":{"@id":"https:\/\/qingdaohf.com\/product\/double-waler-bracket\/#primaryimage"},"thumbnailUrl":"https:\/\/qingdaohf.com\/wp-content\/uploads\/2024\/05\/Double-Waler-Bracket.jpe","datePublished":"2024-05-21T06:50:13+00:00","dateModified":"2025-11-13T01:03:16+00:00","description":"Enhance your concrete formwork with Double Waler Bracket. Designed for high strength and easy installation, this bracket ensures secure and stable support for your construction projects.","breadcrumb":{"@id":"https:\/\/qingdaohf.com\/product\/double-waler-bracket\/#breadcrumb"},"inLanguage":"sk-SK","potentialAction":[{"@type":"ReadAction","target":["https:\/\/qingdaohf.com\/product\/double-waler-bracket\/"]}]},{"@type":"ImageObject","inLanguage":"sk-SK","@id":"https:\/\/qingdaohf.com\/product\/double-waler-bracket\/#primaryimage","url":"https:\/\/qingdaohf.com\/wp-content\/uploads\/2024\/05\/Double-Waler-Bracket.jpe","contentUrl":"https:\/\/qingdaohf.com\/wp-content\/uploads\/2024\/05\/Double-Waler-Bracket.jpe","width":800,"height":800,"caption":"Double Waler Bracket"},{"@type":"BreadcrumbList","@id":"https:\/\/qingdaohf.com\/product\/double-waler-bracket\/#breadcrumb","itemListElement":[{"@type":"ListItem","position":1,"name":"Home","item":"https:\/\/qingdaohf.com\/"},{"@type":"ListItem","position":2,"name":"Concrete Forming Accessories and Rigging Hardware","item":"https:\/\/qingdaohf.com\/bg\/?page_id=944"},{"@type":"ListItem","position":3,"name":"Double Waler Bracket"}]},{"@type":"WebSite","@id":"https:\/\/qingdaohf.com\/bg\/#website","url":"https:\/\/qingdaohf.com\/bg\/","name":"Concrete Form & Rigging Hardware Supplier","description":"","publisher":{"@id":"https:\/\/qingdaohf.com\/bg\/#organization"},"potentialAction":[{"@type":"SearchAction","target":{"@type":"EntryPoint","urlTemplate":"https:\/\/qingdaohf.com\/bg\/?s={search_term_string}"},"query-input":{"@type":"PropertyValueSpecification","valueRequired":true,"valueName":"search_term_string"}}],"inLanguage":"sk-SK"},{"@type":"Organization","@id":"https:\/\/qingdaohf.com\/bg\/#organization","name":"Qingdao H&F","url":"https:\/\/qingdaohf.com\/bg\/","logo":{"@type":"ImageObject","inLanguage":"sk-SK","@id":"https:\/\/qingdaohf.com\/bg\/#\/schema\/logo\/image\/","url":"https:\/\/qingdaohf.com\/wp-content\/uploads\/2022\/12\/cropped-HF-LOGO.png","contentUrl":"https:\/\/qingdaohf.com\/wp-content\/uploads\/2022\/12\/cropped-HF-LOGO.png","width":391,"height":249,"caption":"Qingdao H&F"},"image":{"@id":"https:\/\/qingdaohf.com\/bg\/#\/schema\/logo\/image\/"},"sameAs":["https:\/\/www.facebook.com\/qingdaohf"]}]}},"_links":{"self":[{"href":"https:\/\/qingdaohf.com\/sk\/wp-json\/wp\/v2\/product\/7198","targetHints":{"allow":["GET"]}}],"collection":[{"href":"https:\/\/qingdaohf.com\/sk\/wp-json\/wp\/v2\/product"}],"about":[{"href":"https:\/\/qingdaohf.com\/sk\/wp-json\/wp\/v2\/types\/product"}],"replies":[{"embeddable":true,"href":"https:\/\/qingdaohf.com\/sk\/wp-json\/wp\/v2\/comments?post=7198"}],"version-history":[{"count":2,"href":"https:\/\/qingdaohf.com\/sk\/wp-json\/wp\/v2\/product\/7198\/revisions"}],"predecessor-version":[{"id":7233,"href":"https:\/\/qingdaohf.com\/sk\/wp-json\/wp\/v2\/product\/7198\/revisions\/7233"}],"wp:featuredmedia":[{"embeddable":true,"href":"https:\/\/qingdaohf.com\/sk\/wp-json\/wp\/v2\/media\/7227"}],"wp:attachment":[{"href":"https:\/\/qingdaohf.com\/sk\/wp-json\/wp\/v2\/media?parent=7198"}],"wp:term":[{"taxonomy":"product_brand","embeddable":true,"href":"https:\/\/qingdaohf.com\/sk\/wp-json\/wp\/v2\/product_brand?post=7198"},{"taxonomy":"product_cat","embeddable":true,"href":"https:\/\/qingdaohf.com\/sk\/wp-json\/wp\/v2\/product_cat?post=7198"},{"taxonomy":"product_tag","embeddable":true,"href":"https:\/\/qingdaohf.com\/sk\/wp-json\/wp\/v2\/product_tag?post=7198"}],"curies":[{"name":"wp","href":"https:\/\/api.w.org\/{rel}","templated":true}]}}