{"id":7404,"date":"2024-05-30T17:46:04","date_gmt":"2024-05-30T09:46:04","guid":{"rendered":"http:\/\/qingdaohf.com\/?post_type=product&#038;p=7404"},"modified":"2025-11-13T09:03:15","modified_gmt":"2025-11-13T01:03:15","slug":"swivel-eye-bolt","status":"publish","type":"product","link":"https:\/\/qingdaohf.com\/sk\/produkt\/skrutka-s-otocnym-okom\/","title":{"rendered":"Oto\u010dn\u00e1 skrutka s okom"},"content":{"rendered":"<p>Oto\u010dn\u00e1 skrutka s okom je z\u00e1kladnou s\u00fa\u010das\u0165ou zdv\u00edhacieho kotviaceho syst\u00e9mu, \u0161peci\u00e1lne navrhnut\u00e1 tak, aby poskytovala vynikaj\u00facu pevnos\u0165 a flexibilitu v \u0161irokom spektre aplik\u00e1ci\u00ed. Tento v\u0161estrann\u00fd hardv\u00e9rov\u00fd prvok je k\u013e\u00fa\u010dov\u00fd pre odvetvia, ako je stavebn\u00edctvo, v\u00fdroba a \u0165a\u017ek\u00e9 stroj\u00e1rstvo, kde s\u00fa bezpe\u010dn\u00e9 a efekt\u00edvne rie\u0161enia zdv\u00edhania prvorad\u00e9. Jedine\u010dn\u00e1 kon\u0161trukcia skrutky s oto\u010dn\u00fdm okom, ktor\u00e1 sa vyzna\u010duje mo\u017enos\u0165ou ot\u00e1\u010dania o 360 stup\u0148ov, ju odli\u0161uje t\u00fdm, \u017ee umo\u017e\u0148uje optim\u00e1lne nastavenie a zni\u017euje riziko sk\u013aznutia bremena alebo n\u00e1hodn\u00e9ho odpojenia.<\/p>\n<div class=\"ast-oembed-container\" style=\"height: 100%;\"><iframe title=\"skrutka s oto\u010dn\u00fdm okom\" width=\"500\" height=\"375\" src=\"https:\/\/www.youtube.com\/embed\/BUaiE2mg8MQ?feature=oembed\" frameborder=\"0\" allow=\"accelerometer; autoplay; clipboard-write; encrypted-media; gyroscope; picture-in-picture; web-share\" referrerpolicy=\"strict-origin-when-cross-origin\" allowfullscreen><\/iframe><\/div>\n<h4>Vlastnosti a v\u00fdhody skrutky s oto\u010dn\u00fdm okom<\/h4>\n<p>Oto\u010dn\u00e1 skrutka s okom je skon\u0161truovan\u00e1 tak, aby sp\u013a\u0148ala najvy\u0161\u0161ie \u0161tandardy bezpe\u010dnosti a v\u00fdkonu. Jeho robustn\u00e1 kon\u0161trukcia je vyroben\u00e1 z vysokokvalitn\u00fdch materi\u00e1lov, \u010do zaru\u010duje dlhodob\u00fa \u017eivotnos\u0165 a odolnos\u0165 vo\u010di opotrebovaniu. Funkcia ot\u00e1\u010dania o 360 stup\u0148ov umo\u017e\u0148uje pln\u00fd rota\u010dn\u00fd pohyb, \u010do u\u013eah\u010duje manipul\u00e1ciu s bremenami z r\u00f4znych uhlov bez potreby premiest\u0148ova\u0165 zdv\u00edhacie zariadenie.<\/p>\n<p>T\u00e1to funkcia v\u00fdrazne zvy\u0161uje prev\u00e1dzkov\u00fa efekt\u00edvnos\u0165 a zni\u017euje \u010das a \u00fasilie potrebn\u00e9 na zdv\u00edhanie. Okrem toho kon\u0161trukcia skrutky s oto\u010dn\u00fdm okom minimalizuje nam\u00e1hanie a za\u0165a\u017eenie zdv\u00edhac\u00edch bodov, \u010do prispieva k dlh\u0161ej \u017eivotnosti skrutky aj zariadenia, s ktor\u00fdm sa pou\u017e\u00edva.<\/p>\n<p>Jednou z v\u00fdrazn\u00fdch v\u00fdhod skrutky s oto\u010dn\u00fdm okom je jej schopnos\u0165 udr\u017ea\u0165 bezpe\u010dn\u00e9 spojenie pri ve\u013ekom za\u0165a\u017een\u00ed. Skrutka je navrhnut\u00e1 tak, aby rovnomerne rozlo\u017eila hmotnos\u0165, \u010d\u00edm zni\u017euje riziko poruchy a zabezpe\u010duje vy\u0161\u0161iu \u00farove\u0148 bezpe\u010dnosti po\u010das zdv\u00edhac\u00edch oper\u00e1ci\u00ed. \u010ci u\u017e sa skrutka s oto\u010dn\u00fdm okom pou\u017e\u00edva pri vertik\u00e1lnom zdv\u00edhan\u00ed alebo pri zdv\u00edhan\u00ed pod uhlom, poskytuje konzistentn\u00fd a spo\u013eahliv\u00fd v\u00fdkon.<\/p>\n<h4>Pou\u017eitie skrutky s oto\u010dn\u00fdm okom v r\u00f4znych odvetviach<\/h4>\n<p>V stavebn\u00edctve je skrutka s oto\u010dn\u00fdm okom nevyhnutn\u00e1 na zdv\u00edhanie a umiest\u0148ovanie \u0165a\u017ek\u00fdch kon\u0161truk\u010dn\u00fdch prvkov. Jeho schopnos\u0165 ot\u00e1\u010da\u0165 sa o 360 stup\u0148ov umo\u017e\u0148uje pracovn\u00edkom presn\u00e9 man\u00e9vrovanie s nosn\u00edkmi, st\u013apmi a in\u00fdmi prvkami, \u010d\u00edm sa zvy\u0161uje celkov\u00e1 efekt\u00edvnos\u0165 a bezpe\u010dnos\u0165 na stavenisku. V\u010faka vysokej nosnosti je skrutka vhodn\u00e1 na manipul\u00e1ciu s ve\u013ek\u00fdmi a \u0165a\u017ek\u00fdmi materi\u00e1lmi, \u010d\u00edm sa zni\u017euje potreba \u010fal\u0161\u00edch zdv\u00edhac\u00edch zariaden\u00ed.<\/p>\n<p>Vo v\u00fdrobe sa skrutka s oto\u010dn\u00fdm okom vo ve\u013ekej miere pou\u017e\u00edva pri mont\u00e1\u017ei a preprave strojov\u00fdch s\u00fa\u010diastok. V\u010faka svojej pru\u017enosti a pevnosti je ide\u00e1lny na zdv\u00edhanie motorov, strojov\u00fdch s\u00fa\u010dast\u00ed a in\u00fdch \u0165a\u017ek\u00fdch predmetov. T\u00fdm, \u017ee poskytuje bezpe\u010dn\u00fd a nastavite\u013en\u00fd zdv\u00edhac\u00ed bod, skrutka s oto\u010dn\u00fdm okom pom\u00e1ha zefekt\u00edvni\u0165 v\u00fdrobn\u00e9 procesy a zni\u017euje riziko po\u0161kodenia citliv\u00fdch zariaden\u00ed.<\/p>\n<p>Pou\u017eitie skrutiek s oto\u010dn\u00fdm okom je v\u00fdhodn\u00e9 aj v priemysle \u0165a\u017ek\u00fdch strojov. V tomto odvetv\u00ed sa skrutky pou\u017e\u00edvaj\u00fa na zdv\u00edhanie a umiest\u0148ovanie mas\u00edvnych komponentov, ako s\u00fa turb\u00edny, gener\u00e1tory a priemyseln\u00e9 stroje. Schopnos\u0165 skrutky ot\u00e1\u010da\u0165 sa a vyrovn\u00e1va\u0165 pod za\u0165a\u017een\u00edm zabezpe\u010duje, \u017ee tieto \u0165a\u017ek\u00e9 predmety mo\u017eno bezpe\u010dne a efekt\u00edvne premiest\u0148ova\u0165, \u010d\u00edm sa skracuj\u00fa prestoje a zvy\u0161uje produktivita.<\/p>\n<h4>Technick\u00e9 \u0161pecifik\u00e1cie a pokyny pre in\u0161tal\u00e1ciu<\/h4>\n<p>Oto\u010dn\u00e1 skrutka s okom sa dod\u00e1va v r\u00f4znych ve\u013ekostiach a nosnostiach, aby sp\u013a\u0148ala r\u00f4zne po\u017eiadavky na zdv\u00edhanie. Je ve\u013emi d\u00f4le\u017eit\u00e9 vybra\u0165 vhodn\u00fa ve\u013ekos\u0165 skrutky na z\u00e1klade hmotnosti a charakteru bremena. Skrutka by sa mala in\u0161talova\u0165 pod\u013ea pokynov v\u00fdrobcu, aby sa zabezpe\u010dila maxim\u00e1lna bezpe\u010dnos\u0165 a v\u00fdkon.<\/p>\n<p>In\u0161tal\u00e1cia skrutky s oto\u010dn\u00fdm okom je jednoduch\u00e1, ale mus\u00ed sa vykona\u0165 opatrne. Najprv sa uistite, \u017ee skrutka a povrch, ku ktor\u00e9mu bude pripevnen\u00e1, s\u00fa \u010dist\u00e9 a bez ak\u00fdchko\u013evek ne\u010dist\u00f4t. Vlo\u017ete skrutku do predv\u0155tan\u00e9ho otvoru a bezpe\u010dne ju utiahnite pomocou pr\u00edslu\u0161n\u00e9ho n\u00e1radia. Pred pou\u017eit\u00edm je d\u00f4le\u017eit\u00e9 skontrolova\u0165, \u010di je skrutka spr\u00e1vne zarovnan\u00e1 a \u010di sa m\u00f4\u017ee vo\u013ene ot\u00e1\u010da\u0165.<\/p>\n<p>Pravideln\u00e1 \u00fadr\u017eba skrutky s oto\u010dn\u00fdm okom je potrebn\u00e1 na zabezpe\u010denie jej trvalej funk\u010dnosti a bezpe\u010dnosti. Pred ka\u017ed\u00fdm pou\u017eit\u00edm skontrolujte, \u010di skrutka nevykazuje zn\u00e1mky opotrebovania, kor\u00f3zie alebo po\u0161kodenia. V pr\u00edpade zistenia ak\u00fdchko\u013evek nedostatkov skrutku vyme\u0148te, aby ste predi\u0161li mo\u017en\u00fdm nehod\u00e1m.<\/p>\n<p>Z\u00e1verom mo\u017eno kon\u0161tatova\u0165, \u017ee skrutka s oto\u010dn\u00fdm okom je d\u00f4le\u017eitou s\u00fa\u010das\u0165ou zdv\u00edhac\u00edch kotevn\u00fdch syst\u00e9mov, ktor\u00e1 pon\u00faka bezkonkuren\u010dn\u00fa pevnos\u0165, flexibilitu a bezpe\u010dnos\u0165. V\u010faka mo\u017enosti ot\u00e1\u010dania o 360 stup\u0148ov a robustnej kon\u0161trukcii je ide\u00e1lnou vo\u013ebou pre r\u00f4zne odvetvia, od stavebn\u00edctva a\u017e po v\u00fdrobu a \u0165a\u017ek\u00e9 stroje. Integr\u00e1ciou skrutky s oto\u010dn\u00fdm okom do va\u0161ich zdv\u00edhac\u00edch oper\u00e1ci\u00ed m\u00f4\u017eete dosiahnu\u0165 vy\u0161\u0161iu efektivitu, bezpe\u010dnos\u0165 a spo\u013eahlivos\u0165, \u010d\u00edm zabezpe\u010d\u00edte \u00faspech a dlh\u00fa \u017eivotnos\u0165 va\u0161ich projektov.<\/p>","protected":false},"excerpt":{"rendered":"<p>Oto\u010dn\u00e1 skrutka s okom je prvotriedne rie\u0161enie zdv\u00edhacej kotvy ur\u010den\u00e9 pre n\u00e1ro\u010dn\u00e9 aplik\u00e1cie. V\u010faka funkcii ot\u00e1\u010dania o 360 stup\u0148ov zabezpe\u010duje optim\u00e1lne vyrovnanie a bezpe\u010dnos\u0165 pri r\u00f4znych zdv\u00edhac\u00edch \u00faloh\u00e1ch. T\u00e1to vysokopevnostn\u00e1 skrutka je ide\u00e1lna pre stavebn\u00edctvo, v\u00fdrobu a priemyseln\u00e9 prostredie a poskytuje spo\u013eahliv\u00fd a v\u0161estrann\u00fd v\u00fdkon. Zlep\u0161ite svoje zdv\u00edhacie oper\u00e1cie v\u010faka vynikaj\u00facej odolnosti a jednoduch\u00e9mu pou\u017e\u00edvaniu oto\u010dnej skrutky s okom.<\/p>","protected":false},"featured_media":7405,"comment_status":"open","ping_status":"closed","template":"","meta":{"site-sidebar-layout":"default","site-content-layout":"","ast-site-content-layout":"default","site-content-style":"default","site-sidebar-style":"default","ast-global-header-display":"","ast-banner-title-visibility":"","ast-main-header-display":"","ast-hfb-above-header-display":"","ast-hfb-below-header-display":"","ast-hfb-mobile-header-display":"","site-post-title":"","ast-breadcrumbs-content":"","ast-featured-img":"","footer-sml-layout":"","theme-transparent-header-meta":"default","adv-header-id-meta":"","stick-header-meta":"default","header-above-stick-meta":"","header-main-stick-meta":"","header-below-stick-meta":"","astra-migrate-meta-layouts":"set","ast-page-background-enabled":"default","ast-page-background-meta":{"desktop":{"background-color":"","background-image":"","background-repeat":"repeat","background-position":"center center","background-size":"auto","background-attachment":"scroll","background-type":"","background-media":"","overlay-type":"","overlay-color":"","overlay-opacity":"","overlay-gradient":""},"tablet":{"background-color":"","background-image":"","background-repeat":"repeat","background-position":"center center","background-size":"auto","background-attachment":"scroll","background-type":"","background-media":"","overlay-type":"","overlay-color":"","overlay-opacity":"","overlay-gradient":""},"mobile":{"background-color":"","background-image":"","background-repeat":"repeat","background-position":"center center","background-size":"auto","background-attachment":"scroll","background-type":"","background-media":"","overlay-type":"","overlay-color":"","overlay-opacity":"","overlay-gradient":""}},"ast-content-background-meta":{"desktop":{"background-color":"var(--ast-global-color-5)","background-image":"","background-repeat":"repeat","background-position":"center center","background-size":"auto","background-attachment":"scroll","background-type":"","background-media":"","overlay-type":"","overlay-color":"","overlay-opacity":"","overlay-gradient":""},"tablet":{"background-color":"var(--ast-global-color-5)","background-image":"","background-repeat":"repeat","background-position":"center center","background-size":"auto","background-attachment":"scroll","background-type":"","background-media":"","overlay-type":"","overlay-color":"","overlay-opacity":"","overlay-gradient":""},"mobile":{"background-color":"var(--ast-global-color-5)","background-image":"","background-repeat":"repeat","background-position":"center center","background-size":"auto","background-attachment":"scroll","background-type":"","background-media":"","overlay-type":"","overlay-color":"","overlay-opacity":"","overlay-gradient":""}}},"product_brand":[],"product_cat":[30],"product_tag":[],"class_list":{"0":"post-7404","1":"product","2":"type-product","3":"status-publish","4":"has-post-thumbnail","6":"product_cat-lifting-anchor","7":"desktop-align-left","8":"tablet-align-left","9":"mobile-align-left","10":"ast-product-gallery-layout-horizontal-slider","11":"ast-product-tabs-layout-horizontal","13":"first","14":"instock","15":"shipping-taxable","16":"purchasable","17":"product-type-simple"},"yoast_head":"<!-- This site is optimized with the Yoast SEO plugin v25.2 - https:\/\/yoast.com\/wordpress\/plugins\/seo\/ -->\n<title>Swivel Eye Bolt<\/title>\n<meta name=\"robots\" content=\"index, follow, max-snippet:-1, max-image-preview:large, max-video-preview:-1\" \/>\n<link rel=\"canonical\" href=\"https:\/\/qingdaohf.com\/sk\/produkt\/skrutka-s-otocnym-okom\/\" \/>\n<meta property=\"og:locale\" content=\"sk_SK\" \/>\n<meta property=\"og:type\" content=\"article\" \/>\n<meta property=\"og:title\" content=\"Swivel Eye Bolt\" \/>\n<meta property=\"og:description\" content=\"The Swivel Eye Bolt is a premium lifting anchor solution designed for heavy-duty applications. With a 360-degree swivel feature, it ensures optimal alignment and safety in various lifting tasks. Ideal for construction, manufacturing, and industrial settings, this high-strength bolt provides reliable and versatile performance. Enhance your lifting operations with the Swivel Eye Bolt&#039;s superior durability and ease of use.\" \/>\n<meta property=\"og:url\" content=\"https:\/\/qingdaohf.com\/sk\/produkt\/skrutka-s-otocnym-okom\/\" \/>\n<meta property=\"og:site_name\" content=\"Concrete Form &amp; Rigging Hardware Supplier\" \/>\n<meta property=\"article:publisher\" content=\"https:\/\/www.facebook.com\/qingdaohf\" \/>\n<meta property=\"article:modified_time\" content=\"2025-11-13T01:03:15+00:00\" \/>\n<meta property=\"og:image\" content=\"https:\/\/qingdaohf.com\/wp-content\/uploads\/2024\/05\/swivel-eye-bolt-1-5.webp\" \/>\n\t<meta property=\"og:image:width\" content=\"1222\" \/>\n\t<meta property=\"og:image:height\" content=\"1222\" \/>\n\t<meta property=\"og:image:type\" content=\"image\/webp\" \/>\n<meta name=\"twitter:card\" content=\"summary_large_image\" \/>\n<meta name=\"twitter:label1\" content=\"Predpokladan\u00fd \u010das \u010d\u00edtania\" \/>\n\t<meta name=\"twitter:data1\" content=\"4 min\u00faty\" \/>\n<script type=\"application\/ld+json\" class=\"yoast-schema-graph\">{\"@context\":\"https:\/\/schema.org\",\"@graph\":[{\"@type\":\"WebPage\",\"@id\":\"https:\/\/qingdaohf.com\/product\/swivel-eye-bolt\/\",\"url\":\"https:\/\/qingdaohf.com\/product\/swivel-eye-bolt\/\",\"name\":\"Swivel Eye Bolt\",\"isPartOf\":{\"@id\":\"https:\/\/qingdaohf.com\/bg\/#website\"},\"primaryImageOfPage\":{\"@id\":\"https:\/\/qingdaohf.com\/product\/swivel-eye-bolt\/#primaryimage\"},\"image\":{\"@id\":\"https:\/\/qingdaohf.com\/product\/swivel-eye-bolt\/#primaryimage\"},\"thumbnailUrl\":\"https:\/\/qingdaohf.com\/wp-content\/uploads\/2024\/05\/swivel-eye-bolt-1-5.webp\",\"datePublished\":\"2024-05-30T09:46:04+00:00\",\"dateModified\":\"2025-11-13T01:03:15+00:00\",\"breadcrumb\":{\"@id\":\"https:\/\/qingdaohf.com\/product\/swivel-eye-bolt\/#breadcrumb\"},\"inLanguage\":\"sk-SK\",\"potentialAction\":[{\"@type\":\"ReadAction\",\"target\":[\"https:\/\/qingdaohf.com\/product\/swivel-eye-bolt\/\"]}]},{\"@type\":\"ImageObject\",\"inLanguage\":\"sk-SK\",\"@id\":\"https:\/\/qingdaohf.com\/product\/swivel-eye-bolt\/#primaryimage\",\"url\":\"https:\/\/qingdaohf.com\/wp-content\/uploads\/2024\/05\/swivel-eye-bolt-1-5.webp\",\"contentUrl\":\"https:\/\/qingdaohf.com\/wp-content\/uploads\/2024\/05\/swivel-eye-bolt-1-5.webp\",\"width\":1222,\"height\":1222,\"caption\":\"swivel eye bolt\"},{\"@type\":\"BreadcrumbList\",\"@id\":\"https:\/\/qingdaohf.com\/product\/swivel-eye-bolt\/#breadcrumb\",\"itemListElement\":[{\"@type\":\"ListItem\",\"position\":1,\"name\":\"Home\",\"item\":\"https:\/\/qingdaohf.com\/\"},{\"@type\":\"ListItem\",\"position\":2,\"name\":\"Concrete Forming Accessories and Rigging Hardware\",\"item\":\"https:\/\/qingdaohf.com\/bg\/?page_id=944\"},{\"@type\":\"ListItem\",\"position\":3,\"name\":\"Swivel Eye Bolt\"}]},{\"@type\":\"WebSite\",\"@id\":\"https:\/\/qingdaohf.com\/bg\/#website\",\"url\":\"https:\/\/qingdaohf.com\/bg\/\",\"name\":\"Concrete Form & Rigging Hardware Supplier\",\"description\":\"\",\"publisher\":{\"@id\":\"https:\/\/qingdaohf.com\/bg\/#organization\"},\"potentialAction\":[{\"@type\":\"SearchAction\",\"target\":{\"@type\":\"EntryPoint\",\"urlTemplate\":\"https:\/\/qingdaohf.com\/bg\/?s={search_term_string}\"},\"query-input\":{\"@type\":\"PropertyValueSpecification\",\"valueRequired\":true,\"valueName\":\"search_term_string\"}}],\"inLanguage\":\"sk-SK\"},{\"@type\":\"Organization\",\"@id\":\"https:\/\/qingdaohf.com\/bg\/#organization\",\"name\":\"Qingdao H&F\",\"url\":\"https:\/\/qingdaohf.com\/bg\/\",\"logo\":{\"@type\":\"ImageObject\",\"inLanguage\":\"sk-SK\",\"@id\":\"https:\/\/qingdaohf.com\/bg\/#\/schema\/logo\/image\/\",\"url\":\"https:\/\/qingdaohf.com\/wp-content\/uploads\/2022\/12\/cropped-HF-LOGO.png\",\"contentUrl\":\"https:\/\/qingdaohf.com\/wp-content\/uploads\/2022\/12\/cropped-HF-LOGO.png\",\"width\":391,\"height\":249,\"caption\":\"Qingdao H&F\"},\"image\":{\"@id\":\"https:\/\/qingdaohf.com\/bg\/#\/schema\/logo\/image\/\"},\"sameAs\":[\"https:\/\/www.facebook.com\/qingdaohf\"]}]}<\/script>\n<!-- \/ Yoast SEO plugin. -->","yoast_head_json":{"title":"Swivel Eye Bolt","robots":{"index":"index","follow":"follow","max-snippet":"max-snippet:-1","max-image-preview":"max-image-preview:large","max-video-preview":"max-video-preview:-1"},"canonical":"https:\/\/qingdaohf.com\/sk\/produkt\/skrutka-s-otocnym-okom\/","og_locale":"sk_SK","og_type":"article","og_title":"Swivel Eye Bolt","og_description":"The Swivel Eye Bolt is a premium lifting anchor solution designed for heavy-duty applications. With a 360-degree swivel feature, it ensures optimal alignment and safety in various lifting tasks. Ideal for construction, manufacturing, and industrial settings, this high-strength bolt provides reliable and versatile performance. Enhance your lifting operations with the Swivel Eye Bolt's superior durability and ease of use.","og_url":"https:\/\/qingdaohf.com\/sk\/produkt\/skrutka-s-otocnym-okom\/","og_site_name":"Concrete Form &amp; Rigging Hardware Supplier","article_publisher":"https:\/\/www.facebook.com\/qingdaohf","article_modified_time":"2025-11-13T01:03:15+00:00","og_image":[{"width":1222,"height":1222,"url":"https:\/\/qingdaohf.com\/wp-content\/uploads\/2024\/05\/swivel-eye-bolt-1-5.webp","type":"image\/webp"}],"twitter_card":"summary_large_image","twitter_misc":{"Predpokladan\u00fd \u010das \u010d\u00edtania":"4 min\u00faty"},"schema":{"@context":"https:\/\/schema.org","@graph":[{"@type":"WebPage","@id":"https:\/\/qingdaohf.com\/product\/swivel-eye-bolt\/","url":"https:\/\/qingdaohf.com\/product\/swivel-eye-bolt\/","name":"Swivel Eye Bolt","isPartOf":{"@id":"https:\/\/qingdaohf.com\/bg\/#website"},"primaryImageOfPage":{"@id":"https:\/\/qingdaohf.com\/product\/swivel-eye-bolt\/#primaryimage"},"image":{"@id":"https:\/\/qingdaohf.com\/product\/swivel-eye-bolt\/#primaryimage"},"thumbnailUrl":"https:\/\/qingdaohf.com\/wp-content\/uploads\/2024\/05\/swivel-eye-bolt-1-5.webp","datePublished":"2024-05-30T09:46:04+00:00","dateModified":"2025-11-13T01:03:15+00:00","breadcrumb":{"@id":"https:\/\/qingdaohf.com\/product\/swivel-eye-bolt\/#breadcrumb"},"inLanguage":"sk-SK","potentialAction":[{"@type":"ReadAction","target":["https:\/\/qingdaohf.com\/product\/swivel-eye-bolt\/"]}]},{"@type":"ImageObject","inLanguage":"sk-SK","@id":"https:\/\/qingdaohf.com\/product\/swivel-eye-bolt\/#primaryimage","url":"https:\/\/qingdaohf.com\/wp-content\/uploads\/2024\/05\/swivel-eye-bolt-1-5.webp","contentUrl":"https:\/\/qingdaohf.com\/wp-content\/uploads\/2024\/05\/swivel-eye-bolt-1-5.webp","width":1222,"height":1222,"caption":"swivel eye bolt"},{"@type":"BreadcrumbList","@id":"https:\/\/qingdaohf.com\/product\/swivel-eye-bolt\/#breadcrumb","itemListElement":[{"@type":"ListItem","position":1,"name":"Home","item":"https:\/\/qingdaohf.com\/"},{"@type":"ListItem","position":2,"name":"Concrete Forming Accessories and Rigging Hardware","item":"https:\/\/qingdaohf.com\/bg\/?page_id=944"},{"@type":"ListItem","position":3,"name":"Swivel Eye Bolt"}]},{"@type":"WebSite","@id":"https:\/\/qingdaohf.com\/bg\/#website","url":"https:\/\/qingdaohf.com\/bg\/","name":"Concrete Form & Rigging Hardware Supplier","description":"","publisher":{"@id":"https:\/\/qingdaohf.com\/bg\/#organization"},"potentialAction":[{"@type":"SearchAction","target":{"@type":"EntryPoint","urlTemplate":"https:\/\/qingdaohf.com\/bg\/?s={search_term_string}"},"query-input":{"@type":"PropertyValueSpecification","valueRequired":true,"valueName":"search_term_string"}}],"inLanguage":"sk-SK"},{"@type":"Organization","@id":"https:\/\/qingdaohf.com\/bg\/#organization","name":"Qingdao H&F","url":"https:\/\/qingdaohf.com\/bg\/","logo":{"@type":"ImageObject","inLanguage":"sk-SK","@id":"https:\/\/qingdaohf.com\/bg\/#\/schema\/logo\/image\/","url":"https:\/\/qingdaohf.com\/wp-content\/uploads\/2022\/12\/cropped-HF-LOGO.png","contentUrl":"https:\/\/qingdaohf.com\/wp-content\/uploads\/2022\/12\/cropped-HF-LOGO.png","width":391,"height":249,"caption":"Qingdao H&F"},"image":{"@id":"https:\/\/qingdaohf.com\/bg\/#\/schema\/logo\/image\/"},"sameAs":["https:\/\/www.facebook.com\/qingdaohf"]}]}},"_links":{"self":[{"href":"https:\/\/qingdaohf.com\/sk\/wp-json\/wp\/v2\/product\/7404","targetHints":{"allow":["GET"]}}],"collection":[{"href":"https:\/\/qingdaohf.com\/sk\/wp-json\/wp\/v2\/product"}],"about":[{"href":"https:\/\/qingdaohf.com\/sk\/wp-json\/wp\/v2\/types\/product"}],"replies":[{"embeddable":true,"href":"https:\/\/qingdaohf.com\/sk\/wp-json\/wp\/v2\/comments?post=7404"}],"version-history":[{"count":2,"href":"https:\/\/qingdaohf.com\/sk\/wp-json\/wp\/v2\/product\/7404\/revisions"}],"predecessor-version":[{"id":7411,"href":"https:\/\/qingdaohf.com\/sk\/wp-json\/wp\/v2\/product\/7404\/revisions\/7411"}],"wp:featuredmedia":[{"embeddable":true,"href":"https:\/\/qingdaohf.com\/sk\/wp-json\/wp\/v2\/media\/7405"}],"wp:attachment":[{"href":"https:\/\/qingdaohf.com\/sk\/wp-json\/wp\/v2\/media?parent=7404"}],"wp:term":[{"taxonomy":"product_brand","embeddable":true,"href":"https:\/\/qingdaohf.com\/sk\/wp-json\/wp\/v2\/product_brand?post=7404"},{"taxonomy":"product_cat","embeddable":true,"href":"https:\/\/qingdaohf.com\/sk\/wp-json\/wp\/v2\/product_cat?post=7404"},{"taxonomy":"product_tag","embeddable":true,"href":"https:\/\/qingdaohf.com\/sk\/wp-json\/wp\/v2\/product_tag?post=7404"}],"curies":[{"name":"wp","href":"https:\/\/api.w.org\/{rel}","templated":true}]}}