{"id":7473,"date":"2024-06-19T11:36:36","date_gmt":"2024-06-19T03:36:36","guid":{"rendered":"http:\/\/qingdaohf.com\/?post_type=product&#038;p=7473"},"modified":"2025-11-13T09:03:15","modified_gmt":"2025-11-13T01:03:15","slug":"plastic-groud-stake","status":"publish","type":"product","link":"https:\/\/qingdaohf.com\/sk\/produkt\/plastovy-kolik-do-mlaky\/","title":{"rendered":"Plastov\u00fd kol\u00edk na dno"},"content":{"rendered":"<h4>Univerz\u00e1lny a odoln\u00fd plastov\u00fd kol\u00edk do zeme<\/h4>\n<p>Plastov\u00fd kol\u00edk do zeme je univerz\u00e1lnym rie\u0161en\u00edm na upevnenie \u0161irokej \u0161k\u00e1ly vonkaj\u0161\u00edch kon\u0161trukci\u00ed a zariaden\u00ed. \u010ci u\u017e staviate stan, upev\u0148ujete pr\u00edstre\u0161ok alebo kotv\u00edte sie\u0165, tento kol\u00edk pon\u00faka spo\u013eahlivos\u0165 a pevnos\u0165 potrebn\u00fa na to, aby v\u0161etko zostalo na svojom mieste. Vyroben\u00fd z vysokokvalitn\u00e9ho plastu odoln\u00e9ho vo\u010di UV \u017eiareniu odol\u00e1va dlhodob\u00e9mu vystaveniu slne\u010dn\u00e9mu \u017eiareniu bez toho, aby degradoval, \u010do zaru\u010duje dlhodob\u00e9 pou\u017e\u00edvanie.<\/p>\n<p>Jednou z v\u00fdnimo\u010dn\u00fdch vlastnost\u00ed tohto zemn\u00e9ho kol\u00edka je jeho jednoduch\u00e9 zasunutie do zeme. \u0160picat\u00fd koniec umo\u017e\u0148uje bezprobl\u00e9mov\u00e9 preniknutie do r\u00f4znych typov p\u00f4dy, zatia\u013e \u010do robustn\u00e1 kon\u0161trukcia zaru\u010duje, \u017ee zostane pevne na mieste. Na rozdiel od kovov\u00fdch kolov, ktor\u00e9 m\u00f4\u017eu hrdzavie\u0165 alebo sa oh\u00fdba\u0165, si tento plastov\u00fd zemn\u00fd kol\u00edk zachov\u00e1va svoju celistvos\u0165 a poskytuje spo\u013eahliv\u00e9 kotviace rie\u0161enie pre viacer\u00e9 aplik\u00e1cie.<\/p>\n<h4>Praktick\u00fd dizajn na viacero pou\u017eit\u00ed<\/h4>\n<p>Plastov\u00fd kol\u00edk do zeme je navrhnut\u00fd s oh\u013eadom na praktickos\u0165 a obsahuje jeden otvor v hornej \u010dasti, ktor\u00fd umo\u017e\u0148uje bezpe\u010dn\u00e9 pripevnenie lana. T\u00e1to funkcia je obzvl\u00e1\u0161\u0165 u\u017eito\u010dn\u00e1 pri viazan\u00ed plachiet, pr\u00edstre\u0161kov a in\u00fdch predmetov, ktor\u00e9 si vy\u017eaduj\u00fa stabiln\u00fd kotviaci bod. H\u00e1\u010dik v bl\u00edzkosti hornej \u010dasti prid\u00e1va \u010fal\u0161iu mo\u017enos\u0165 zabezpe\u010denia, \u010do v\u00e1m poskytuje flexibilitu pri pou\u017e\u00edvan\u00ed kol\u00edka. Tento premyslen\u00fd dizajn zaru\u010duje, \u017ee va\u0161e kon\u0161trukcie zostan\u00fa bezpe\u010dn\u00e9 aj vo vetern\u00fdch podmienkach, \u010do z neho rob\u00ed nevyhnutn\u00fd n\u00e1stroj pre outdoorov\u00fdch nad\u0161encov aj profesion\u00e1lov.<\/p>\n<p>V z\u00e1hradn\u00edctve a krajin\u00e1rstve sa tento k\u00f4l osved\u010duje ako neocenite\u013en\u00e1 opora pre r\u00f4zne kon\u0161trukcie a dekor\u00e1cie. V\u010faka svojej odolnosti a jednoduch\u00e9mu pou\u017eitiu je ob\u013e\u00faben\u00fd medzi z\u00e1hradk\u00e1rmi, ktor\u00ed chc\u00fa upevni\u0165 mre\u017ee, z\u00e1hradn\u00e9 siete alebo dokonca dekorat\u00edvne predmety. Plast odoln\u00fd vo\u010di UV \u017eiareniu zaru\u010duje, \u017ee sa \u010dasom nestane krehk\u00fdm ani sa nezni\u010d\u00ed, \u010d\u00edm poskytuje konzistentn\u00fd v\u00fdkon sez\u00f3nu za sez\u00f3nou.<\/p>\n<h4>\u00daloha zemn\u00fdch kolov v stavebn\u00edctve a pri vonkaj\u0161\u00edch aktivit\u00e1ch<\/h4>\n<p>Zemn\u00e9 koly vr\u00e1tane plastov\u00fdch variantov zohr\u00e1vaj\u00fa k\u013e\u00fa\u010dov\u00fa \u00falohu pri stavebn\u00fdch pr\u00e1cach aj pri aktivit\u00e1ch v pr\u00edrode. V stavebn\u00edctve sa pou\u017e\u00edvaj\u00fa na upevnenie do\u010dasn\u00fdch kon\u0161trukci\u00ed, ako s\u00fa stany a pr\u00edstre\u0161ky, a poskytuj\u00fa stabiln\u00fd z\u00e1klad, ktor\u00fd zabra\u0148uje pohybu alebo zr\u00fateniu. To je obzvl\u00e1\u0161\u0165 d\u00f4le\u017eit\u00e9 v situ\u00e1ci\u00e1ch, ke\u010f je najd\u00f4le\u017eitej\u0161ia bezpe\u010dnos\u0165 a stabilita. V\u010faka jednoduchej in\u0161tal\u00e1cii a demont\u00e1\u017ei s\u00fa plastov\u00e9 zemn\u00e9 kol\u00edky vhodnou vo\u013ebou pre do\u010dasn\u00e9 zostavy, preto\u017ee umo\u017e\u0148uj\u00fa r\u00fdchle \u00fapravy pod\u013ea potreby.<\/p>\n<p>Pri kempovan\u00ed, turistike a in\u00fdch rekrea\u010dn\u00fdch aktivit\u00e1ch v pr\u00edrode s\u00fa kol\u00edky do zeme nepostr\u00e1date\u013en\u00e9. Bezpe\u010dn\u00fd stan alebo pr\u00edstre\u0161ok m\u00f4\u017ee znamena\u0165 rozdiel medzi pohodln\u00fdm z\u00e1\u017eitkom a katastrofou. Plastov\u00e9 kol\u00edky do zeme poskytuj\u00fa pokoj a istotu, \u017ee v\u00e1\u0161 pr\u00edstre\u0161ok zostane pevne na mieste bez oh\u013eadu na podmienky. V\u010faka jeho n\u00edzkej hmotnosti sa \u013eahko prepravuje, \u010do zvy\u0161uje hmotnos\u0165 v\u00e1\u0161ho vybavenia a z\u00e1rove\u0148 poskytuje maxim\u00e1lnu stabilitu.<\/p>\n<h4>Predstavenie z\u00e1kladov\u00fdch skrutiek a ich v\u00fdznamu v stavebn\u00edctve<\/h4>\n<p>Z\u00e1kladov\u00e9 skrutky s\u00fa z\u00e1kladn\u00fdmi komponentmi v oblasti stavebn\u00edctva a zohr\u00e1vaj\u00fa rozhoduj\u00facu \u00falohu pri upev\u0148ovan\u00ed kon\u0161trukci\u00ed k ich z\u00e1kladom. Tieto skrutky s\u00fa zvy\u010dajne vyroben\u00e9 z vysokopevnostnej ocele a pou\u017e\u00edvaj\u00fa sa na ukotvenie budov, mostov, strojov a in\u00fdch \u0165a\u017ek\u00fdch kon\u0161trukci\u00ed. Hlavn\u00fdm \u00fa\u010delom z\u00e1kladov\u00fdch skrutiek je zabezpe\u010di\u0165 bezpe\u010dn\u00e9 spojenie medzi kon\u0161trukciou a jej z\u00e1kladom, \u010d\u00edm sa zabezpe\u010d\u00ed stabilita a odolnos\u0165 vo\u010di r\u00f4znym sil\u00e1m vr\u00e1tane vetra, seizmickej \u010dinnosti a in\u00fdch faktorov prostredia.<\/p>\n<p>V stavebn\u00edctve sa z\u00e1kladov\u00e9 skrutky osadzuj\u00fa do bet\u00f3nov\u00fdch z\u00e1kladov e\u0161te predt\u00fdm, ako bet\u00f3n stvrdne, \u010d\u00edm sa vytvor\u00ed pevn\u00fd spoj, ktor\u00fd odol\u00e1 zna\u010dn\u00fdm za\u0165a\u017eeniam. Dod\u00e1vaj\u00fa sa v r\u00f4znych ve\u013ekostiach a typoch, z ktor\u00fdch ka\u017ed\u00fd je ur\u010den\u00fd na \u0161pecifick\u00e9 aplik\u00e1cie a po\u017eiadavky na za\u0165a\u017eenie. Spr\u00e1vny v\u00fdber a in\u0161tal\u00e1cia z\u00e1kladov\u00fdch skrutiek s\u00fa nevyhnutn\u00e9 pre integritu kon\u0161trukcie a bezpe\u010dnos\u0165 ka\u017ed\u00e9ho stavebn\u00e9ho projektu.<\/p>\n<p>Jednou z hlavn\u00fdch v\u00fdhod z\u00e1kladov\u00fdch skrutiek je ich schopnos\u0165 poskytn\u00fa\u0165 spo\u013eahliv\u00fd kotviaci bod pre \u0165a\u017ek\u00e9 kon\u0161trukcie. To je obzvl\u00e1\u0161\u0165 d\u00f4le\u017eit\u00e9 v priemyselnom prostred\u00ed, kde stroje a zariadenia musia zosta\u0165 stabiln\u00e9 po\u010das prev\u00e1dzky. Z\u00e1kladov\u00e9 skrutky zabra\u0148uj\u00fa pohybu a vibr\u00e1ci\u00e1m, ktor\u00e9 by inak mohli vies\u0165 k poruch\u00e1m zariadenia alebo po\u0161kodeniu kon\u0161trukcie. Upevnen\u00edm strojov k stabiln\u00e9mu z\u00e1kladu tieto skrutky zabezpe\u010duj\u00fa plynul\u00fa a bezpe\u010dn\u00fa prev\u00e1dzku.<\/p>\n<p>Z\u00e1kladov\u00e9 skrutky zohr\u00e1vaj\u00fa k\u013e\u00fa\u010dov\u00fa \u00falohu aj pri v\u00fdstavbe mostov a in\u00fdch ve\u013ek\u00fdch projektov infra\u0161trukt\u00fary. Stabilita, ktor\u00fa tieto skrutky zabezpe\u010duj\u00fa, pom\u00e1ha rovnomerne rozlo\u017ei\u0165 za\u0165a\u017eenie, \u010d\u00edm sa zni\u017euje nam\u00e1hanie jednotliv\u00fdch komponentov a predl\u017euje \u017eivotnos\u0165 kon\u0161trukcie. Ich schopnos\u0165 odol\u00e1va\u0165 dynamick\u00fdm sil\u00e1m, ako s\u00fa sily vznikaj\u00face v d\u00f4sledku dopravy alebo pr\u00edrodn\u00fdch udalost\u00ed, ich rob\u00ed nepostr\u00e1date\u013en\u00fdmi pri zabezpe\u010dovan\u00ed bezpe\u010dnosti a \u017eivotnosti mostov a podobn\u00fdch kon\u0161trukci\u00ed.<\/p>\n<p>Z\u00e1kladov\u00e9 skrutky s\u00fa z\u00e1kladn\u00fdm kame\u0148om modern\u00e9ho stavite\u013estva a poskytuj\u00fa potrebn\u00fa stabilitu a bezpe\u010dnos\u0165 pre \u0161irok\u00fa \u0161k\u00e1lu kon\u0161trukci\u00ed. Ich \u00faloha pri kotven\u00ed budov a strojov je nevyhnutn\u00e1 na zachovanie integrity a bezpe\u010dnosti stavebn\u00fdch projektov, \u010do z nich rob\u00ed neocenite\u013en\u00fa s\u00fa\u010das\u0165 v ter\u00e9ne.<\/p>\n<div class=\"ast-oembed-container\" style=\"height: 100%;\"><iframe title=\"Plastov\u00e9 zemn\u00e9 kol\u00edky\" width=\"500\" height=\"281\" src=\"https:\/\/www.youtube.com\/embed\/XXn9suyaFmM?feature=oembed\" frameborder=\"0\" allow=\"accelerometer; autoplay; clipboard-write; encrypted-media; gyroscope; picture-in-picture; web-share\" referrerpolicy=\"strict-origin-when-cross-origin\" allowfullscreen><\/iframe><\/div>","protected":false},"excerpt":{"rendered":"<p>Plastov\u00fd kol\u00edk do zeme je ide\u00e1lny na upevnenie kotiev, stanov, siet\u00ed, plachiet, pr\u00edstre\u0161kov a z\u00e1hradn\u00fdch alebo terasov\u00fdch kon\u0161trukci\u00ed. Tento odoln\u00fd kol\u00edk, vyroben\u00fd z vysokokvalitn\u00e9ho plastu odoln\u00e9ho vo\u010di UV \u017eiareniu, sa \u013eahko zas\u00fava do zeme. V bl\u00edzkosti hornej \u010dasti je vybaven\u00fd otvorom na uviazanie lana, ktor\u00fd poskytuje bezpe\u010dn\u00e9 uchytenie na r\u00f4zne \u00fa\u010dely.<\/p>","protected":false},"featured_media":7475,"comment_status":"open","ping_status":"closed","template":"","meta":{"site-sidebar-layout":"default","site-content-layout":"","ast-site-content-layout":"default","site-content-style":"default","site-sidebar-style":"default","ast-global-header-display":"","ast-banner-title-visibility":"","ast-main-header-display":"","ast-hfb-above-header-display":"","ast-hfb-below-header-display":"","ast-hfb-mobile-header-display":"","site-post-title":"","ast-breadcrumbs-content":"","ast-featured-img":"","footer-sml-layout":"","theme-transparent-header-meta":"default","adv-header-id-meta":"","stick-header-meta":"default","header-above-stick-meta":"","header-main-stick-meta":"","header-below-stick-meta":"","astra-migrate-meta-layouts":"set","ast-page-background-enabled":"default","ast-page-background-meta":{"desktop":{"background-color":"","background-image":"","background-repeat":"repeat","background-position":"center center","background-size":"auto","background-attachment":"scroll","background-type":"","background-media":"","overlay-type":"","overlay-color":"","overlay-opacity":"","overlay-gradient":""},"tablet":{"background-color":"","background-image":"","background-repeat":"repeat","background-position":"center center","background-size":"auto","background-attachment":"scroll","background-type":"","background-media":"","overlay-type":"","overlay-color":"","overlay-opacity":"","overlay-gradient":""},"mobile":{"background-color":"","background-image":"","background-repeat":"repeat","background-position":"center center","background-size":"auto","background-attachment":"scroll","background-type":"","background-media":"","overlay-type":"","overlay-color":"","overlay-opacity":"","overlay-gradient":""}},"ast-content-background-meta":{"desktop":{"background-color":"var(--ast-global-color-5)","background-image":"","background-repeat":"repeat","background-position":"center center","background-size":"auto","background-attachment":"scroll","background-type":"","background-media":"","overlay-type":"","overlay-color":"","overlay-opacity":"","overlay-gradient":""},"tablet":{"background-color":"var(--ast-global-color-5)","background-image":"","background-repeat":"repeat","background-position":"center center","background-size":"auto","background-attachment":"scroll","background-type":"","background-media":"","overlay-type":"","overlay-color":"","overlay-opacity":"","overlay-gradient":""},"mobile":{"background-color":"var(--ast-global-color-5)","background-image":"","background-repeat":"repeat","background-position":"center center","background-size":"auto","background-attachment":"scroll","background-type":"","background-media":"","overlay-type":"","overlay-color":"","overlay-opacity":"","overlay-gradient":""}}},"product_brand":[],"product_cat":[75],"product_tag":[],"class_list":{"0":"post-7473","1":"product","2":"type-product","3":"status-publish","4":"has-post-thumbnail","6":"product_cat-plastic-and-rubber-product","7":"desktop-align-left","8":"tablet-align-left","9":"mobile-align-left","10":"ast-product-gallery-layout-horizontal-slider","11":"ast-product-tabs-layout-horizontal","13":"first","14":"instock","15":"shipping-taxable","16":"purchasable","17":"product-type-simple"},"yoast_head":"<!-- This site is optimized with the Yoast SEO plugin v25.2 - https:\/\/yoast.com\/wordpress\/plugins\/seo\/ -->\n<title>Plastic Groud Stake<\/title>\n<meta name=\"description\" content=\"The plastic ground stake is perfect for securing anchors, tents, nets, tarps, canopies, and garden or patio structures.\" \/>\n<meta name=\"robots\" content=\"index, follow, max-snippet:-1, max-image-preview:large, max-video-preview:-1\" \/>\n<link rel=\"canonical\" href=\"https:\/\/qingdaohf.com\/sk\/produkt\/plastovy-kolik-do-mlaky\/\" \/>\n<meta property=\"og:locale\" content=\"sk_SK\" \/>\n<meta property=\"og:type\" content=\"article\" \/>\n<meta property=\"og:title\" content=\"Plastic Groud Stake\" \/>\n<meta property=\"og:description\" content=\"The plastic ground stake is perfect for securing anchors, tents, nets, tarps, canopies, and garden or patio structures.\" \/>\n<meta property=\"og:url\" content=\"https:\/\/qingdaohf.com\/sk\/produkt\/plastovy-kolik-do-mlaky\/\" \/>\n<meta property=\"og:site_name\" content=\"Concrete Form &amp; Rigging Hardware Supplier\" \/>\n<meta property=\"article:publisher\" content=\"https:\/\/www.facebook.com\/qingdaohf\" \/>\n<meta property=\"article:modified_time\" content=\"2025-11-13T01:03:15+00:00\" \/>\n<meta property=\"og:image\" content=\"https:\/\/qingdaohf.com\/wp-content\/uploads\/2024\/06\/plastic-groud-stake-1.webp\" \/>\n\t<meta property=\"og:image:width\" content=\"1000\" \/>\n\t<meta property=\"og:image:height\" content=\"1000\" \/>\n\t<meta property=\"og:image:type\" content=\"image\/webp\" \/>\n<meta name=\"twitter:card\" content=\"summary_large_image\" \/>\n<meta name=\"twitter:label1\" content=\"Predpokladan\u00fd \u010das \u010d\u00edtania\" \/>\n\t<meta name=\"twitter:data1\" content=\"4 min\u00faty\" \/>\n<script type=\"application\/ld+json\" class=\"yoast-schema-graph\">{\"@context\":\"https:\/\/schema.org\",\"@graph\":[{\"@type\":\"WebPage\",\"@id\":\"https:\/\/qingdaohf.com\/product\/plastic-groud-stake\/\",\"url\":\"https:\/\/qingdaohf.com\/product\/plastic-groud-stake\/\",\"name\":\"Plastic Groud Stake\",\"isPartOf\":{\"@id\":\"https:\/\/qingdaohf.com\/bg\/#website\"},\"primaryImageOfPage\":{\"@id\":\"https:\/\/qingdaohf.com\/product\/plastic-groud-stake\/#primaryimage\"},\"image\":{\"@id\":\"https:\/\/qingdaohf.com\/product\/plastic-groud-stake\/#primaryimage\"},\"thumbnailUrl\":\"https:\/\/qingdaohf.com\/wp-content\/uploads\/2024\/06\/plastic-groud-stake-1.webp\",\"datePublished\":\"2024-06-19T03:36:36+00:00\",\"dateModified\":\"2025-11-13T01:03:15+00:00\",\"description\":\"The plastic ground stake is perfect for securing anchors, tents, nets, tarps, canopies, and garden or patio structures.\",\"breadcrumb\":{\"@id\":\"https:\/\/qingdaohf.com\/product\/plastic-groud-stake\/#breadcrumb\"},\"inLanguage\":\"sk-SK\",\"potentialAction\":[{\"@type\":\"ReadAction\",\"target\":[\"https:\/\/qingdaohf.com\/product\/plastic-groud-stake\/\"]}]},{\"@type\":\"ImageObject\",\"inLanguage\":\"sk-SK\",\"@id\":\"https:\/\/qingdaohf.com\/product\/plastic-groud-stake\/#primaryimage\",\"url\":\"https:\/\/qingdaohf.com\/wp-content\/uploads\/2024\/06\/plastic-groud-stake-1.webp\",\"contentUrl\":\"https:\/\/qingdaohf.com\/wp-content\/uploads\/2024\/06\/plastic-groud-stake-1.webp\",\"width\":1000,\"height\":1000,\"caption\":\"plastic groud stake\"},{\"@type\":\"BreadcrumbList\",\"@id\":\"https:\/\/qingdaohf.com\/product\/plastic-groud-stake\/#breadcrumb\",\"itemListElement\":[{\"@type\":\"ListItem\",\"position\":1,\"name\":\"Home\",\"item\":\"https:\/\/qingdaohf.com\/\"},{\"@type\":\"ListItem\",\"position\":2,\"name\":\"Concrete Forming Accessories and Rigging Hardware\",\"item\":\"https:\/\/qingdaohf.com\/bg\/?page_id=944\"},{\"@type\":\"ListItem\",\"position\":3,\"name\":\"Plastic Groud Stake\"}]},{\"@type\":\"WebSite\",\"@id\":\"https:\/\/qingdaohf.com\/bg\/#website\",\"url\":\"https:\/\/qingdaohf.com\/bg\/\",\"name\":\"Concrete Form & Rigging Hardware Supplier\",\"description\":\"\",\"publisher\":{\"@id\":\"https:\/\/qingdaohf.com\/bg\/#organization\"},\"potentialAction\":[{\"@type\":\"SearchAction\",\"target\":{\"@type\":\"EntryPoint\",\"urlTemplate\":\"https:\/\/qingdaohf.com\/bg\/?s={search_term_string}\"},\"query-input\":{\"@type\":\"PropertyValueSpecification\",\"valueRequired\":true,\"valueName\":\"search_term_string\"}}],\"inLanguage\":\"sk-SK\"},{\"@type\":\"Organization\",\"@id\":\"https:\/\/qingdaohf.com\/bg\/#organization\",\"name\":\"Qingdao H&F\",\"url\":\"https:\/\/qingdaohf.com\/bg\/\",\"logo\":{\"@type\":\"ImageObject\",\"inLanguage\":\"sk-SK\",\"@id\":\"https:\/\/qingdaohf.com\/bg\/#\/schema\/logo\/image\/\",\"url\":\"https:\/\/qingdaohf.com\/wp-content\/uploads\/2022\/12\/cropped-HF-LOGO.png\",\"contentUrl\":\"https:\/\/qingdaohf.com\/wp-content\/uploads\/2022\/12\/cropped-HF-LOGO.png\",\"width\":391,\"height\":249,\"caption\":\"Qingdao H&F\"},\"image\":{\"@id\":\"https:\/\/qingdaohf.com\/bg\/#\/schema\/logo\/image\/\"},\"sameAs\":[\"https:\/\/www.facebook.com\/qingdaohf\"]}]}<\/script>\n<!-- \/ Yoast SEO plugin. -->","yoast_head_json":{"title":"Plastic Groud Stake","description":"The plastic ground stake is perfect for securing anchors, tents, nets, tarps, canopies, and garden or patio structures.","robots":{"index":"index","follow":"follow","max-snippet":"max-snippet:-1","max-image-preview":"max-image-preview:large","max-video-preview":"max-video-preview:-1"},"canonical":"https:\/\/qingdaohf.com\/sk\/produkt\/plastovy-kolik-do-mlaky\/","og_locale":"sk_SK","og_type":"article","og_title":"Plastic Groud Stake","og_description":"The plastic ground stake is perfect for securing anchors, tents, nets, tarps, canopies, and garden or patio structures.","og_url":"https:\/\/qingdaohf.com\/sk\/produkt\/plastovy-kolik-do-mlaky\/","og_site_name":"Concrete Form &amp; Rigging Hardware Supplier","article_publisher":"https:\/\/www.facebook.com\/qingdaohf","article_modified_time":"2025-11-13T01:03:15+00:00","og_image":[{"width":1000,"height":1000,"url":"https:\/\/qingdaohf.com\/wp-content\/uploads\/2024\/06\/plastic-groud-stake-1.webp","type":"image\/webp"}],"twitter_card":"summary_large_image","twitter_misc":{"Predpokladan\u00fd \u010das \u010d\u00edtania":"4 min\u00faty"},"schema":{"@context":"https:\/\/schema.org","@graph":[{"@type":"WebPage","@id":"https:\/\/qingdaohf.com\/product\/plastic-groud-stake\/","url":"https:\/\/qingdaohf.com\/product\/plastic-groud-stake\/","name":"Plastic Groud Stake","isPartOf":{"@id":"https:\/\/qingdaohf.com\/bg\/#website"},"primaryImageOfPage":{"@id":"https:\/\/qingdaohf.com\/product\/plastic-groud-stake\/#primaryimage"},"image":{"@id":"https:\/\/qingdaohf.com\/product\/plastic-groud-stake\/#primaryimage"},"thumbnailUrl":"https:\/\/qingdaohf.com\/wp-content\/uploads\/2024\/06\/plastic-groud-stake-1.webp","datePublished":"2024-06-19T03:36:36+00:00","dateModified":"2025-11-13T01:03:15+00:00","description":"The plastic ground stake is perfect for securing anchors, tents, nets, tarps, canopies, and garden or patio structures.","breadcrumb":{"@id":"https:\/\/qingdaohf.com\/product\/plastic-groud-stake\/#breadcrumb"},"inLanguage":"sk-SK","potentialAction":[{"@type":"ReadAction","target":["https:\/\/qingdaohf.com\/product\/plastic-groud-stake\/"]}]},{"@type":"ImageObject","inLanguage":"sk-SK","@id":"https:\/\/qingdaohf.com\/product\/plastic-groud-stake\/#primaryimage","url":"https:\/\/qingdaohf.com\/wp-content\/uploads\/2024\/06\/plastic-groud-stake-1.webp","contentUrl":"https:\/\/qingdaohf.com\/wp-content\/uploads\/2024\/06\/plastic-groud-stake-1.webp","width":1000,"height":1000,"caption":"plastic groud stake"},{"@type":"BreadcrumbList","@id":"https:\/\/qingdaohf.com\/product\/plastic-groud-stake\/#breadcrumb","itemListElement":[{"@type":"ListItem","position":1,"name":"Home","item":"https:\/\/qingdaohf.com\/"},{"@type":"ListItem","position":2,"name":"Concrete Forming Accessories and Rigging Hardware","item":"https:\/\/qingdaohf.com\/bg\/?page_id=944"},{"@type":"ListItem","position":3,"name":"Plastic Groud Stake"}]},{"@type":"WebSite","@id":"https:\/\/qingdaohf.com\/bg\/#website","url":"https:\/\/qingdaohf.com\/bg\/","name":"Concrete Form & Rigging Hardware Supplier","description":"","publisher":{"@id":"https:\/\/qingdaohf.com\/bg\/#organization"},"potentialAction":[{"@type":"SearchAction","target":{"@type":"EntryPoint","urlTemplate":"https:\/\/qingdaohf.com\/bg\/?s={search_term_string}"},"query-input":{"@type":"PropertyValueSpecification","valueRequired":true,"valueName":"search_term_string"}}],"inLanguage":"sk-SK"},{"@type":"Organization","@id":"https:\/\/qingdaohf.com\/bg\/#organization","name":"Qingdao H&F","url":"https:\/\/qingdaohf.com\/bg\/","logo":{"@type":"ImageObject","inLanguage":"sk-SK","@id":"https:\/\/qingdaohf.com\/bg\/#\/schema\/logo\/image\/","url":"https:\/\/qingdaohf.com\/wp-content\/uploads\/2022\/12\/cropped-HF-LOGO.png","contentUrl":"https:\/\/qingdaohf.com\/wp-content\/uploads\/2022\/12\/cropped-HF-LOGO.png","width":391,"height":249,"caption":"Qingdao H&F"},"image":{"@id":"https:\/\/qingdaohf.com\/bg\/#\/schema\/logo\/image\/"},"sameAs":["https:\/\/www.facebook.com\/qingdaohf"]}]}},"_links":{"self":[{"href":"https:\/\/qingdaohf.com\/sk\/wp-json\/wp\/v2\/product\/7473","targetHints":{"allow":["GET"]}}],"collection":[{"href":"https:\/\/qingdaohf.com\/sk\/wp-json\/wp\/v2\/product"}],"about":[{"href":"https:\/\/qingdaohf.com\/sk\/wp-json\/wp\/v2\/types\/product"}],"replies":[{"embeddable":true,"href":"https:\/\/qingdaohf.com\/sk\/wp-json\/wp\/v2\/comments?post=7473"}],"version-history":[{"count":2,"href":"https:\/\/qingdaohf.com\/sk\/wp-json\/wp\/v2\/product\/7473\/revisions"}],"predecessor-version":[{"id":7479,"href":"https:\/\/qingdaohf.com\/sk\/wp-json\/wp\/v2\/product\/7473\/revisions\/7479"}],"wp:featuredmedia":[{"embeddable":true,"href":"https:\/\/qingdaohf.com\/sk\/wp-json\/wp\/v2\/media\/7475"}],"wp:attachment":[{"href":"https:\/\/qingdaohf.com\/sk\/wp-json\/wp\/v2\/media?parent=7473"}],"wp:term":[{"taxonomy":"product_brand","embeddable":true,"href":"https:\/\/qingdaohf.com\/sk\/wp-json\/wp\/v2\/product_brand?post=7473"},{"taxonomy":"product_cat","embeddable":true,"href":"https:\/\/qingdaohf.com\/sk\/wp-json\/wp\/v2\/product_cat?post=7473"},{"taxonomy":"product_tag","embeddable":true,"href":"https:\/\/qingdaohf.com\/sk\/wp-json\/wp\/v2\/product_tag?post=7473"}],"curies":[{"name":"wp","href":"https:\/\/api.w.org\/{rel}","templated":true}]}}