{"id":7968,"date":"2024-09-30T14:05:29","date_gmt":"2024-09-30T06:05:29","guid":{"rendered":"http:\/\/qingdaohf.com\/?post_type=product&#038;p=7968"},"modified":"2025-11-13T09:03:13","modified_gmt":"2025-11-13T01:03:13","slug":"inside-corner","status":"publish","type":"product","link":"https:\/\/qingdaohf.com\/sk\/produkt\/vnutorny-roh\/","title":{"rendered":"Vn\u00fatorn\u00fd roh"},"content":{"rendered":"<p><img fetchpriority=\"high\" decoding=\"async\" class=\"alignnone size-full wp-image-3418\" src=\"http:\/\/qingdaohf.com\/wp-content\/uploads\/2023\/03\/47-2.jpg\" alt=\"\" width=\"1200\" height=\"176\" srcset=\"https:\/\/qingdaohf.com\/wp-content\/uploads\/2023\/03\/47-2.jpg 1200w, https:\/\/qingdaohf.com\/wp-content\/uploads\/2023\/03\/47-2-300x44.jpg 300w, https:\/\/qingdaohf.com\/wp-content\/uploads\/2023\/03\/47-2-1024x150.jpg 1024w, https:\/\/qingdaohf.com\/wp-content\/uploads\/2023\/03\/47-2-768x113.jpg 768w, https:\/\/qingdaohf.com\/wp-content\/uploads\/2023\/03\/47-2-1000x147.jpg 1000w\" sizes=\"(max-width: 1200px) 100vw, 1200px\" \/><\/p>\n<h3>V\u00fdznam vn\u00fatorn\u00fdch rohov v stavebn\u00edctve<\/h3>\n<p>Pri kon\u0161trukcii je d\u00f4le\u017eit\u00fd ka\u017ed\u00fd detail a vn\u00fatorn\u00fd roh zohr\u00e1va k\u013e\u00fa\u010dov\u00fa \u00falohu pri dosahovan\u00ed funk\u010dnosti aj estetiky. Tento neoddelite\u013en\u00fd komponent je vytvoren\u00fd tak, aby sp\u013a\u0148al po\u017eiadavky modern\u00fdch stavebn\u00fdch postupov a z\u00e1rove\u0148 zabezpe\u010dil, \u017ee rohom, ktor\u00e9 sa \u010dasto pova\u017euj\u00fa za n\u00e1ro\u010dn\u00e9 oblasti, sa venuje pozornos\u0165, ktor\u00fa si zasl\u00fa\u017eia.<\/p>\n<p>Vn\u00fatorn\u00fd roh v podstate sl\u00fa\u017ei ako most medzi dvoma pret\u00ednaj\u00facimi sa stenami, ktor\u00fd poskytuje nielen oporu, ale aj le\u0161ten\u00fd vzh\u013ead, ktor\u00fd pozdvihuje celkov\u00fd dizajn. Jeho jedine\u010dn\u00e1 \u0161trukt\u00fara umo\u017e\u0148uje rovnomerne rozlo\u017ei\u0165 za\u0165a\u017eenie, \u010d\u00edm zvy\u0161uje odolnos\u0165 stien, ktor\u00e9 sp\u00e1ja. Pochopenie v\u00fdznamu tak\u00fdchto komponentov m\u00f4\u017ee vies\u0165 k odolnej\u0161\u00edm a vizu\u00e1lne pr\u00ed\u0165a\u017elivej\u0161\u00edm v\u00fdsledkom v ka\u017edom stavebnom projekte.<\/p>\n<h3>V\u0161estrannos\u0165 a prisp\u00f4sobivos\u0165<\/h3>\n<p>Jednou z hlavn\u00fdch v\u00fdhod vn\u00fatorn\u00e9ho rohu je jeho v\u0161estrannos\u0165. \u010ci u\u017e ide o obytn\u00fa alebo komer\u010dn\u00fa v\u00fdstavbu, tento v\u00fdrobok mo\u017eno prisp\u00f4sobi\u0165 r\u00f4znym materi\u00e1lom vr\u00e1tane bet\u00f3nu, dreva a kovu. V\u010faka tejto prisp\u00f4sobivosti je ide\u00e1lnou vo\u013ebou pre dod\u00e1vate\u013eov a stavite\u013eov, ktor\u00ed chc\u00fa zefekt\u00edvni\u0165 svoje procesy bez toho, aby utrpela kvalita.<\/p>\n<p>In\u0161tal\u00e1cia je \u010fal\u0161\u00edm d\u00f4le\u017eit\u00fdm aspektom, v ktorom Inside Corner vynik\u00e1. Tradi\u010dn\u00e9 rohov\u00e9 rie\u0161enia si \u010dasto vy\u017eaduj\u00fa ve\u013ea pr\u00e1ce a \u010dasu, ale tento produkt tento proces v\u00fdrazne zjednodu\u0161uje. Inside Corner je navrhnut\u00fd na jednoduch\u00fa integr\u00e1ciu a umo\u017e\u0148uje r\u00fdchlej\u0161iu mont\u00e1\u017e, v\u010faka \u010domu sa projekty nedot\u00fdkaj\u00fa \u010dasov\u00e9ho pl\u00e1nu. Jeho intuit\u00edvny dizajn navy\u0161e minimalizuje riziko ch\u00fdb pri mont\u00e1\u017ei, \u010do je v stavebn\u00edctve \u010dast\u00fdm probl\u00e9mom.<\/p>\n<h3>Zv\u00fd\u0161enie \u0161truktur\u00e1lnej integrity a estetiky<\/h3>\n<p>Z h\u013eadiska bezpe\u010dnosti m\u00f4\u017ee pou\u017eitie vn\u00fatorn\u00e9ho rohu prispie\u0165 k celkovej stabilite kon\u0161trukcie. Rohy s\u00fa \u010dasto nam\u00e1han\u00fdmi miestami a spevnenie t\u00fdchto oblast\u00ed spo\u013eahliv\u00fdm rie\u0161en\u00edm m\u00e1 z\u00e1sadn\u00fd v\u00fdznam pre dlhodob\u00fa funk\u010dnos\u0165. Efekt\u00edvnym riaden\u00edm stresov\u00e9ho za\u0165a\u017eenia tento v\u00fdrobok zni\u017euje pravdepodobnos\u0165 vzniku trhl\u00edn a in\u00fdch kon\u0161truk\u010dn\u00fdch probl\u00e9mov, \u010d\u00edm zabezpe\u010duje bezpe\u010dnej\u0161ie prostredie pre obyvate\u013eov.<\/p>\n<p>Vn\u00fatorn\u00fd roh z estetick\u00e9ho h\u013eadiska zvy\u0161uje vizu\u00e1lnu pr\u00ed\u0165a\u017elivos\u0165 priestoru. Poskytuje \u010dist\u00fd, dokon\u010den\u00fd vzh\u013ead, ktor\u00fd m\u00f4\u017ee dop\u013a\u0148a\u0165 r\u00f4zne architektonick\u00e9 \u0161t\u00fdly. V dobe, ke\u010f na dizajne z\u00e1le\u017e\u00ed rovnako ako na funk\u010dnosti, je t\u00e1to pozornos\u0165 venovan\u00e1 estetike v\u00fdznamnou v\u00fdhodou, ktor\u00fa nemo\u017eno prehliadnu\u0165.<\/p>\n<p>Okrem toho je udr\u017eate\u013enos\u0165 v stavebn\u00edctve \u010doraz v\u00e4\u010d\u0161\u00edm z\u00e1ujmom a Inside Corner je v s\u00falade s t\u00fdmto trendom. Mnoh\u00ed v\u00fdrobcovia v s\u00fa\u010dasnosti vyr\u00e1baj\u00fa tieto komponenty z ekologick\u00fdch materi\u00e1lov, \u010d\u00edm zabezpe\u010duj\u00fa, \u017ee stavebn\u00edctvo m\u00f4\u017ee napredova\u0165 bez toho, aby ohrozovalo \u017eivotn\u00e9 prostredie. V\u00fdberom udr\u017eate\u013en\u00fdch mo\u017enost\u00ed m\u00f4\u017eu stavitelia prispie\u0165 k zdrav\u0161ej plan\u00e9te a z\u00e1rove\u0148 dosiahnu\u0165 po\u017eadovan\u00fa integritu kon\u0161trukcie.<\/p>\n<h3>N\u00e1kladov\u00e1 efekt\u00edvnos\u0165 a dlhodob\u00e9 pr\u00ednosy<\/h3>\n<p>Z h\u013eadiska n\u00e1kladovej efekt\u00edvnosti predstavuje Inside Corner presved\u010div\u00fd argument. Hoci sa po\u010diato\u010dn\u00e1 invest\u00edcia m\u00f4\u017ee zda\u0165 skromn\u00e1, dlhodob\u00e9 \u00faspory v\u010faka ni\u017e\u0161\u00edm n\u00e1kladom na pr\u00e1cu, men\u0161iemu mno\u017estvu odpadov\u00e9ho materi\u00e1lu a men\u0161ej \u00fadr\u017ebe z nej robia rozumn\u00fa vo\u013ebu pre ka\u017ed\u00fd projekt. Trvanlivos\u0165 a \u00fa\u010dinnos\u0165 tohto v\u00fdrobku znamen\u00e1, \u017ee sa \u010dasom vr\u00e1ti, \u010do z neho rob\u00ed vynikaj\u00facu invest\u00edciu pre stavite\u013eov aj dod\u00e1vate\u013eov.<\/p>\n<p>\u010eal\u0161\u00edm aspektom, ktor\u00fd je potrebn\u00e9 zv\u00e1\u017ei\u0165, je podpora poskytovan\u00e1 v\u00fdrobcami vn\u00fatorn\u00e9ho rohu. Mnoh\u00e9 renomovan\u00e9 spolo\u010dnosti pon\u00fakaj\u00fa komplexn\u00fd z\u00e1kazn\u00edcky servis vr\u00e1tane podrobn\u00fdch n\u00e1vodov na in\u0161tal\u00e1ciu, technickej podpory a dokonca aj \u0161kolenia pre t\u00edmy. Tento druh pomoci zaru\u010duje, \u017ee aj nov\u00e1\u010dikovia v stavebn\u00edctve m\u00f4\u017eu tento v\u00fdrobok s istotou integrova\u0165, \u010do e\u0161te zvy\u0161uje jeho pr\u00ed\u0165a\u017elivos\u0165.<\/p>\n<h3>Z\u00e1ver: Prij\u00edmanie inov\u00e1ci\u00ed v stavebn\u00fdch postupoch<\/h3>\n<p>Ke\u010f prenikneme hlb\u0161ie do sveta stavebn\u00fdch materi\u00e1lov, je zrejm\u00e9, \u017ee vn\u00fatorn\u00fd roh nie je len jednoduch\u00fdm spojovac\u00edm prvkom, ale d\u00f4le\u017eit\u00fdm prvkom, ktor\u00fd ovplyv\u0148uje \u00faspech projektu. Jeho mnohostrann\u00e9 v\u00fdhody siahaj\u00fa od \u0161truktur\u00e1lnej integrity a estetick\u00e9ho vylep\u0161enia a\u017e po udr\u017eate\u013enos\u0165 a \u00fasporu n\u00e1kladov. Tento v\u00fdrobok vystihuje podstatu modernej v\u00fdstavby: efekt\u00edvnos\u0165, spo\u013eahlivos\u0165 a harm\u00f3niu dizajnu.<\/p>\n<p>Na z\u00e1ver mo\u017eno poveda\u0165, \u017ee vn\u00fatorn\u00fd roh je nepostr\u00e1date\u013enou s\u00fa\u010das\u0165ou, ktor\u00fa netreba podce\u0148ova\u0165. Jeho \u00falohu pri dosahovan\u00ed pevnosti aj kr\u00e1sy rohov nemo\u017eno prece\u0148ova\u0165. V\u00fdberom tohto v\u00fdrobku si m\u00f4\u017eu stavebn\u00edci a zhotovitelia zabezpe\u010di\u0165, \u017ee investuj\u00fa do rie\u0161enia, ktor\u00e9 pon\u00faka dlhodob\u00e9 v\u00fdhody, \u010do v kone\u010dnom d\u00f4sledku vedie k \u00faspe\u0161n\u00fdm v\u00fdsledkom stavby. \u010ci u\u017e pracujete na malej rekon\u0161trukcii alebo na rozsiahlom projekte, za\u010dlenenie vn\u00fatorn\u00e9ho rohu m\u00f4\u017ee v\u00fdrazne pozdvihn\u00fa\u0165 va\u0161u pr\u00e1cu a prispie\u0165 k vytvoreniu priestorov, ktor\u00e9 s\u00fa nielen funk\u010dn\u00e9, ale aj vizu\u00e1lne \u00fa\u017easn\u00e9.<\/p>\n<p>Zavedenie met\u00f3dy Inside Corner do va\u0161ich stavebn\u00fdch postupov je krokom k zv\u00fd\u0161eniu kvality a efekt\u00edvnosti. V\u010faka svojim pozoruhodn\u00fdm vlastnostiam a v\u00fdhod\u00e1m vystupuje ako k\u013e\u00fa\u010dov\u00fd hr\u00e1\u010d v stavebn\u00edctve. Pochopen\u00edm jeho hodnoty a jeho za\u010dlenen\u00edm do projektov m\u00f4\u017eete zabezpe\u010di\u0165, aby va\u0161e rohy neboli len funk\u010dn\u00e9, ale aby boli aj neoddelite\u013enou s\u00fa\u010das\u0165ou kr\u00e1sy a pevnosti va\u0161ich stavieb.<\/p>","protected":false},"excerpt":{"rendered":"<p>Vn\u00fatorn\u00fd roh je z\u00e1kladn\u00fdm prvkom v kon\u0161trukcii, ktor\u00fd je ur\u010den\u00fd na zabezpe\u010denie \u0161truktur\u00e1lnej integrity a estetick\u00e9ho vzh\u013eadu rohov. Tento v\u00fdrobok, navrhnut\u00fd s oh\u013eadom na trvanlivos\u0165 a v\u0161estrannos\u0165, je vhodn\u00fd na r\u00f4zne aplik\u00e1cie a zabezpe\u010duje bezprobl\u00e9mov\u00fa integr\u00e1ciu s existuj\u00facimi kon\u0161trukciami. Jeho inovat\u00edvny dizajn u\u013eah\u010duje jednoduch\u00fa in\u0161tal\u00e1ciu a z\u00e1rove\u0148 zvy\u0161uje celkov\u00fa stabilitu, v\u010faka \u010domu je cenn\u00fdm doplnkom ka\u017ed\u00e9ho stavebn\u00e9ho projektu.<\/p>","protected":false},"featured_media":7979,"comment_status":"open","ping_status":"closed","template":"","meta":{"site-sidebar-layout":"default","site-content-layout":"","ast-site-content-layout":"default","site-content-style":"default","site-sidebar-style":"default","ast-global-header-display":"","ast-banner-title-visibility":"","ast-main-header-display":"","ast-hfb-above-header-display":"","ast-hfb-below-header-display":"","ast-hfb-mobile-header-display":"","site-post-title":"","ast-breadcrumbs-content":"","ast-featured-img":"","footer-sml-layout":"","theme-transparent-header-meta":"default","adv-header-id-meta":"","stick-header-meta":"default","header-above-stick-meta":"","header-main-stick-meta":"","header-below-stick-meta":"","astra-migrate-meta-layouts":"set","ast-page-background-enabled":"default","ast-page-background-meta":{"desktop":{"background-color":"","background-image":"","background-repeat":"repeat","background-position":"center center","background-size":"auto","background-attachment":"scroll","background-type":"","background-media":"","overlay-type":"","overlay-color":"","overlay-opacity":"","overlay-gradient":""},"tablet":{"background-color":"","background-image":"","background-repeat":"repeat","background-position":"center center","background-size":"auto","background-attachment":"scroll","background-type":"","background-media":"","overlay-type":"","overlay-color":"","overlay-opacity":"","overlay-gradient":""},"mobile":{"background-color":"","background-image":"","background-repeat":"repeat","background-position":"center center","background-size":"auto","background-attachment":"scroll","background-type":"","background-media":"","overlay-type":"","overlay-color":"","overlay-opacity":"","overlay-gradient":""}},"ast-content-background-meta":{"desktop":{"background-color":"var(--ast-global-color-5)","background-image":"","background-repeat":"repeat","background-position":"center center","background-size":"auto","background-attachment":"scroll","background-type":"","background-media":"","overlay-type":"","overlay-color":"","overlay-opacity":"","overlay-gradient":""},"tablet":{"background-color":"var(--ast-global-color-5)","background-image":"","background-repeat":"repeat","background-position":"center center","background-size":"auto","background-attachment":"scroll","background-type":"","background-media":"","overlay-type":"","overlay-color":"","overlay-opacity":"","overlay-gradient":""},"mobile":{"background-color":"var(--ast-global-color-5)","background-image":"","background-repeat":"repeat","background-position":"center center","background-size":"auto","background-attachment":"scroll","background-type":"","background-media":"","overlay-type":"","overlay-color":"","overlay-opacity":"","overlay-gradient":""}}},"product_brand":[],"product_cat":[29],"product_tag":[],"class_list":{"0":"post-7968","1":"product","2":"type-product","3":"status-publish","4":"has-post-thumbnail","6":"product_cat-formwork-system","7":"desktop-align-left","8":"tablet-align-left","9":"mobile-align-left","10":"ast-product-gallery-layout-horizontal-slider","11":"ast-product-tabs-layout-horizontal","13":"first","14":"instock","15":"shipping-taxable","16":"purchasable","17":"product-type-simple"},"yoast_head":"<!-- This site is optimized with the Yoast SEO plugin v25.2 - https:\/\/yoast.com\/wordpress\/plugins\/seo\/ -->\n<title>Inside Corner<\/title>\n<meta name=\"robots\" content=\"index, follow, max-snippet:-1, max-image-preview:large, max-video-preview:-1\" \/>\n<link rel=\"canonical\" href=\"https:\/\/qingdaohf.com\/sk\/produkt\/vnutorny-roh\/\" \/>\n<meta property=\"og:locale\" content=\"sk_SK\" \/>\n<meta property=\"og:type\" content=\"article\" \/>\n<meta property=\"og:title\" content=\"Inside Corner\" \/>\n<meta property=\"og:description\" content=\"The Inside Corner is an essential component in construction, designed to provide structural integrity and aesthetic appeal in corners. Engineered for durability and versatility, this product is suitable for various applications, ensuring seamless integration with existing structures. Its innovative design facilitates easy installation while enhancing overall stability, making it a valuable addition to any building project.\" \/>\n<meta property=\"og:url\" content=\"https:\/\/qingdaohf.com\/sk\/produkt\/vnutorny-roh\/\" \/>\n<meta property=\"og:site_name\" content=\"Concrete Form &amp; Rigging Hardware Supplier\" \/>\n<meta property=\"article:publisher\" content=\"https:\/\/www.facebook.com\/qingdaohf\" \/>\n<meta property=\"article:modified_time\" content=\"2025-11-13T01:03:13+00:00\" \/>\n<meta property=\"og:image\" content=\"https:\/\/qingdaohf.com\/wp-content\/uploads\/2024\/09\/concrete-INSIDE-CORNER-1.webp\" \/>\n\t<meta property=\"og:image:width\" content=\"1000\" \/>\n\t<meta property=\"og:image:height\" content=\"1000\" \/>\n\t<meta property=\"og:image:type\" content=\"image\/webp\" \/>\n<meta name=\"twitter:card\" content=\"summary_large_image\" \/>\n<meta name=\"twitter:label1\" content=\"Predpokladan\u00fd \u010das \u010d\u00edtania\" \/>\n\t<meta name=\"twitter:data1\" content=\"4 min\u00faty\" \/>\n<script type=\"application\/ld+json\" class=\"yoast-schema-graph\">{\"@context\":\"https:\/\/schema.org\",\"@graph\":[{\"@type\":\"WebPage\",\"@id\":\"https:\/\/qingdaohf.com\/product\/inside-corner\/\",\"url\":\"https:\/\/qingdaohf.com\/product\/inside-corner\/\",\"name\":\"Inside Corner\",\"isPartOf\":{\"@id\":\"https:\/\/qingdaohf.com\/bg\/#website\"},\"primaryImageOfPage\":{\"@id\":\"https:\/\/qingdaohf.com\/product\/inside-corner\/#primaryimage\"},\"image\":{\"@id\":\"https:\/\/qingdaohf.com\/product\/inside-corner\/#primaryimage\"},\"thumbnailUrl\":\"https:\/\/qingdaohf.com\/wp-content\/uploads\/2024\/09\/concrete-INSIDE-CORNER-1.webp\",\"datePublished\":\"2024-09-30T06:05:29+00:00\",\"dateModified\":\"2025-11-13T01:03:13+00:00\",\"breadcrumb\":{\"@id\":\"https:\/\/qingdaohf.com\/product\/inside-corner\/#breadcrumb\"},\"inLanguage\":\"sk-SK\",\"potentialAction\":[{\"@type\":\"ReadAction\",\"target\":[\"https:\/\/qingdaohf.com\/product\/inside-corner\/\"]}]},{\"@type\":\"ImageObject\",\"inLanguage\":\"sk-SK\",\"@id\":\"https:\/\/qingdaohf.com\/product\/inside-corner\/#primaryimage\",\"url\":\"https:\/\/qingdaohf.com\/wp-content\/uploads\/2024\/09\/concrete-INSIDE-CORNER-1.webp\",\"contentUrl\":\"https:\/\/qingdaohf.com\/wp-content\/uploads\/2024\/09\/concrete-INSIDE-CORNER-1.webp\",\"width\":1000,\"height\":1000,\"caption\":\"INSIDE CORNER\"},{\"@type\":\"BreadcrumbList\",\"@id\":\"https:\/\/qingdaohf.com\/product\/inside-corner\/#breadcrumb\",\"itemListElement\":[{\"@type\":\"ListItem\",\"position\":1,\"name\":\"Home\",\"item\":\"https:\/\/qingdaohf.com\/\"},{\"@type\":\"ListItem\",\"position\":2,\"name\":\"Concrete Forming Accessories and Rigging Hardware\",\"item\":\"https:\/\/qingdaohf.com\/bg\/?page_id=944\"},{\"@type\":\"ListItem\",\"position\":3,\"name\":\"Inside Corner\"}]},{\"@type\":\"WebSite\",\"@id\":\"https:\/\/qingdaohf.com\/bg\/#website\",\"url\":\"https:\/\/qingdaohf.com\/bg\/\",\"name\":\"Concrete Form & Rigging Hardware Supplier\",\"description\":\"\",\"publisher\":{\"@id\":\"https:\/\/qingdaohf.com\/bg\/#organization\"},\"potentialAction\":[{\"@type\":\"SearchAction\",\"target\":{\"@type\":\"EntryPoint\",\"urlTemplate\":\"https:\/\/qingdaohf.com\/bg\/?s={search_term_string}\"},\"query-input\":{\"@type\":\"PropertyValueSpecification\",\"valueRequired\":true,\"valueName\":\"search_term_string\"}}],\"inLanguage\":\"sk-SK\"},{\"@type\":\"Organization\",\"@id\":\"https:\/\/qingdaohf.com\/bg\/#organization\",\"name\":\"Qingdao H&F\",\"url\":\"https:\/\/qingdaohf.com\/bg\/\",\"logo\":{\"@type\":\"ImageObject\",\"inLanguage\":\"sk-SK\",\"@id\":\"https:\/\/qingdaohf.com\/bg\/#\/schema\/logo\/image\/\",\"url\":\"https:\/\/qingdaohf.com\/wp-content\/uploads\/2022\/12\/cropped-HF-LOGO.png\",\"contentUrl\":\"https:\/\/qingdaohf.com\/wp-content\/uploads\/2022\/12\/cropped-HF-LOGO.png\",\"width\":391,\"height\":249,\"caption\":\"Qingdao H&F\"},\"image\":{\"@id\":\"https:\/\/qingdaohf.com\/bg\/#\/schema\/logo\/image\/\"},\"sameAs\":[\"https:\/\/www.facebook.com\/qingdaohf\"]}]}<\/script>\n<!-- \/ Yoast SEO plugin. -->","yoast_head_json":{"title":"Inside Corner","robots":{"index":"index","follow":"follow","max-snippet":"max-snippet:-1","max-image-preview":"max-image-preview:large","max-video-preview":"max-video-preview:-1"},"canonical":"https:\/\/qingdaohf.com\/sk\/produkt\/vnutorny-roh\/","og_locale":"sk_SK","og_type":"article","og_title":"Inside Corner","og_description":"The Inside Corner is an essential component in construction, designed to provide structural integrity and aesthetic appeal in corners. Engineered for durability and versatility, this product is suitable for various applications, ensuring seamless integration with existing structures. Its innovative design facilitates easy installation while enhancing overall stability, making it a valuable addition to any building project.","og_url":"https:\/\/qingdaohf.com\/sk\/produkt\/vnutorny-roh\/","og_site_name":"Concrete Form &amp; Rigging Hardware Supplier","article_publisher":"https:\/\/www.facebook.com\/qingdaohf","article_modified_time":"2025-11-13T01:03:13+00:00","og_image":[{"width":1000,"height":1000,"url":"https:\/\/qingdaohf.com\/wp-content\/uploads\/2024\/09\/concrete-INSIDE-CORNER-1.webp","type":"image\/webp"}],"twitter_card":"summary_large_image","twitter_misc":{"Predpokladan\u00fd \u010das \u010d\u00edtania":"4 min\u00faty"},"schema":{"@context":"https:\/\/schema.org","@graph":[{"@type":"WebPage","@id":"https:\/\/qingdaohf.com\/product\/inside-corner\/","url":"https:\/\/qingdaohf.com\/product\/inside-corner\/","name":"Inside Corner","isPartOf":{"@id":"https:\/\/qingdaohf.com\/bg\/#website"},"primaryImageOfPage":{"@id":"https:\/\/qingdaohf.com\/product\/inside-corner\/#primaryimage"},"image":{"@id":"https:\/\/qingdaohf.com\/product\/inside-corner\/#primaryimage"},"thumbnailUrl":"https:\/\/qingdaohf.com\/wp-content\/uploads\/2024\/09\/concrete-INSIDE-CORNER-1.webp","datePublished":"2024-09-30T06:05:29+00:00","dateModified":"2025-11-13T01:03:13+00:00","breadcrumb":{"@id":"https:\/\/qingdaohf.com\/product\/inside-corner\/#breadcrumb"},"inLanguage":"sk-SK","potentialAction":[{"@type":"ReadAction","target":["https:\/\/qingdaohf.com\/product\/inside-corner\/"]}]},{"@type":"ImageObject","inLanguage":"sk-SK","@id":"https:\/\/qingdaohf.com\/product\/inside-corner\/#primaryimage","url":"https:\/\/qingdaohf.com\/wp-content\/uploads\/2024\/09\/concrete-INSIDE-CORNER-1.webp","contentUrl":"https:\/\/qingdaohf.com\/wp-content\/uploads\/2024\/09\/concrete-INSIDE-CORNER-1.webp","width":1000,"height":1000,"caption":"INSIDE CORNER"},{"@type":"BreadcrumbList","@id":"https:\/\/qingdaohf.com\/product\/inside-corner\/#breadcrumb","itemListElement":[{"@type":"ListItem","position":1,"name":"Home","item":"https:\/\/qingdaohf.com\/"},{"@type":"ListItem","position":2,"name":"Concrete Forming Accessories and Rigging Hardware","item":"https:\/\/qingdaohf.com\/bg\/?page_id=944"},{"@type":"ListItem","position":3,"name":"Inside Corner"}]},{"@type":"WebSite","@id":"https:\/\/qingdaohf.com\/bg\/#website","url":"https:\/\/qingdaohf.com\/bg\/","name":"Concrete Form & Rigging Hardware Supplier","description":"","publisher":{"@id":"https:\/\/qingdaohf.com\/bg\/#organization"},"potentialAction":[{"@type":"SearchAction","target":{"@type":"EntryPoint","urlTemplate":"https:\/\/qingdaohf.com\/bg\/?s={search_term_string}"},"query-input":{"@type":"PropertyValueSpecification","valueRequired":true,"valueName":"search_term_string"}}],"inLanguage":"sk-SK"},{"@type":"Organization","@id":"https:\/\/qingdaohf.com\/bg\/#organization","name":"Qingdao H&F","url":"https:\/\/qingdaohf.com\/bg\/","logo":{"@type":"ImageObject","inLanguage":"sk-SK","@id":"https:\/\/qingdaohf.com\/bg\/#\/schema\/logo\/image\/","url":"https:\/\/qingdaohf.com\/wp-content\/uploads\/2022\/12\/cropped-HF-LOGO.png","contentUrl":"https:\/\/qingdaohf.com\/wp-content\/uploads\/2022\/12\/cropped-HF-LOGO.png","width":391,"height":249,"caption":"Qingdao H&F"},"image":{"@id":"https:\/\/qingdaohf.com\/bg\/#\/schema\/logo\/image\/"},"sameAs":["https:\/\/www.facebook.com\/qingdaohf"]}]}},"_links":{"self":[{"href":"https:\/\/qingdaohf.com\/sk\/wp-json\/wp\/v2\/product\/7968","targetHints":{"allow":["GET"]}}],"collection":[{"href":"https:\/\/qingdaohf.com\/sk\/wp-json\/wp\/v2\/product"}],"about":[{"href":"https:\/\/qingdaohf.com\/sk\/wp-json\/wp\/v2\/types\/product"}],"replies":[{"embeddable":true,"href":"https:\/\/qingdaohf.com\/sk\/wp-json\/wp\/v2\/comments?post=7968"}],"version-history":[{"count":2,"href":"https:\/\/qingdaohf.com\/sk\/wp-json\/wp\/v2\/product\/7968\/revisions"}],"predecessor-version":[{"id":7982,"href":"https:\/\/qingdaohf.com\/sk\/wp-json\/wp\/v2\/product\/7968\/revisions\/7982"}],"wp:featuredmedia":[{"embeddable":true,"href":"https:\/\/qingdaohf.com\/sk\/wp-json\/wp\/v2\/media\/7979"}],"wp:attachment":[{"href":"https:\/\/qingdaohf.com\/sk\/wp-json\/wp\/v2\/media?parent=7968"}],"wp:term":[{"taxonomy":"product_brand","embeddable":true,"href":"https:\/\/qingdaohf.com\/sk\/wp-json\/wp\/v2\/product_brand?post=7968"},{"taxonomy":"product_cat","embeddable":true,"href":"https:\/\/qingdaohf.com\/sk\/wp-json\/wp\/v2\/product_cat?post=7968"},{"taxonomy":"product_tag","embeddable":true,"href":"https:\/\/qingdaohf.com\/sk\/wp-json\/wp\/v2\/product_tag?post=7968"}],"curies":[{"name":"wp","href":"https:\/\/api.w.org\/{rel}","templated":true}]}}