{"id":7983,"date":"2024-09-30T14:34:11","date_gmt":"2024-09-30T06:34:11","guid":{"rendered":"http:\/\/qingdaohf.com\/?post_type=product&#038;p=7983"},"modified":"2025-11-13T09:03:13","modified_gmt":"2025-11-13T01:03:13","slug":"rebar-individual-high-chair","status":"publish","type":"product","link":"https:\/\/qingdaohf.com\/sk\/produkt\/individualna-vysoka-stolicka\/","title":{"rendered":"Individu\u00e1lna vysok\u00e1 stoli\u010dka Rebar"},"content":{"rendered":"<h3>Pochopenie v\u00fdznamu jednotliv\u00fdch vysok\u00fdch stoli\u010diek Rebar<\/h3>\n<p>V oblasti bet\u00f3nov\u00fdch kon\u0161trukci\u00ed nemo\u017eno prece\u0148ova\u0165 v\u00fdznam spr\u00e1vneho umiestnenia v\u00fdstu\u017ee. V\u00fdstu\u017en\u00e1 ty\u010d sl\u00fa\u017ei ako z\u00e1klad bet\u00f3nov\u00fdch kon\u0161trukci\u00ed, zvy\u0161uje ich pevnos\u0165 a odolnos\u0165. Na dosiahnutie po\u017eadovanej celistvosti kon\u0161trukcie je v\u0161ak nevyhnutn\u00e9, aby bola v\u00fdstu\u017en\u00e1 ty\u010d umiestnen\u00e1 presne. Pr\u00e1ve tu prich\u00e1dza na rad individu\u00e1lna vysok\u00e1 stoli\u010dka Rebar. Tento v\u00fdrobok, navrhnut\u00fd \u0161peci\u00e1lne na vyv\u00fd\u0161enie v\u00fdstu\u017ee, nielen\u017ee podporuje hmotnos\u0165 v\u00fdstu\u017ee, ale tie\u017e zabezpe\u010duje, aby zostala v spr\u00e1vnej v\u00fd\u0161ke po\u010das cel\u00e9ho procesu beton\u00e1\u017ee.<\/p>\n<p>Individu\u00e1lna vysok\u00e1 stoli\u010dka pre v\u00fdstu\u017e je skon\u0161truovan\u00e1 tak, aby poskytovala optim\u00e1lnu v\u00fd\u0161ku, ktor\u00e1 udr\u017eiava v\u00fdstu\u017en\u00fa ty\u010d primerane zavesen\u00fa v bet\u00f3novej zmesi. T\u00e1to v\u00fd\u0161ka je ve\u013emi d\u00f4le\u017eit\u00e1, preto\u017ee zabra\u0148uje kor\u00f3zii a podporuje spr\u00e1vne spojenie medzi v\u00fdstu\u017eou a bet\u00f3nom. Okrem toho udr\u017eiavan\u00edm konzistentn\u00fdch rozstupov vysok\u00e1 stoli\u010dka u\u013eah\u010duje rovnomern\u00e9 rozlo\u017eenie nap\u00e4tia v celej kon\u0161trukcii, \u010d\u00edm v\u00fdrazne zvy\u0161uje jej nosnos\u0165.<\/p>\n<h3>K\u013e\u00fa\u010dov\u00e9 vlastnosti a v\u00fdhody individu\u00e1lnych vysok\u00fdch stoli\u010diek Rebar<\/h3>\n<p>Jednou z v\u00fdrazn\u00fdch vlastnost\u00ed individu\u00e1lnej vysokej stoli\u010dky Rebar je jej robustn\u00e1 kon\u0161trukcia. Je vyroben\u00e1 z vysokokvalitn\u00fdch materi\u00e1lov a navrhnut\u00e1 tak, aby odolala n\u00e1ro\u010dn\u00fdm podmienkam v stavebnom prostred\u00ed. Jej odolnos\u0165 zaru\u010duje, \u017ee sa pod tlakom neohne ani nezlom\u00ed a poskytne spo\u013eahliv\u00fa oporu po\u010das kritick\u00fdch f\u00e1z v\u00fdstavby.<\/p>\n<p>Okrem toho je vysok\u00e1 stoli\u010dka Rebar Individual v\u0161estrann\u00e1. Je k dispoz\u00edcii v r\u00f4znych ve\u013ekostiach a je vhodn\u00e1 pre r\u00f4zne priemery v\u00fdstu\u017ee, tak\u017ee sa hod\u00ed pre \u0161irok\u00fa \u0161k\u00e1lu projektov. T\u00e1to prisp\u00f4sobivos\u0165 je obzvl\u00e1\u0161\u0165 v\u00fdhodn\u00e1 pre dod\u00e1vate\u013eov, ktor\u00ed \u010dasto pracuj\u00fa na r\u00f4znych stavb\u00e1ch, preto\u017ee im umo\u017e\u0148uje pou\u017e\u00edva\u0165 t\u00fa ist\u00fa vysok\u00fa stoli\u010dku na viacero aplik\u00e1ci\u00ed.<\/p>\n<p>\u010eal\u0161ou v\u00fdznamnou v\u00fdhodou pou\u017e\u00edvania individu\u00e1lnej vysokej stoli\u010dky Rebar je jej jednoduch\u00e1 in\u0161tal\u00e1cia. V\u010faka jednoduch\u00e9mu nastaveniu m\u00f4\u017eu stavebn\u00e9 t\u00edmy efekt\u00edvne umiestni\u0165 vysok\u00e9 stoli\u010dky bez zbyto\u010dn\u00e9ho \u010dasu a n\u00e1mahy. T\u00e1to efekt\u00edvnos\u0165 sa premieta do \u00faspory pr\u00e1ce, \u010do t\u00edmom umo\u017e\u0148uje efekt\u00edvnej\u0161ie rozdeli\u0165 svoje zdroje.<\/p>\n<p>Okrem toho dizajn individu\u00e1lnej vysokej stoli\u010dky Rebar podporuje bezpe\u010dnos\u0165 na pracovisku. T\u00fdm, \u017ee zabezpe\u010duje spr\u00e1vne umiestnenie a upevnenie v\u00fdstu\u017ee, minimalizuje riziko neh\u00f4d s\u00favisiacich s nespr\u00e1vnym nastaven\u00edm v\u00fdstu\u017ee. Toto zameranie na bezpe\u010dnos\u0165 nielen chr\u00e1ni pracovn\u00edkov, ale zvy\u0161uje aj celkov\u00fa kvalitu stavebn\u00e9ho projektu.<\/p>\n<h3>Pou\u017eitie v re\u00e1lnych scen\u00e1roch<\/h3>\n<p>Ak chcete skuto\u010dne oceni\u0165 hodnotu individu\u00e1lnej vysokej stoli\u010dky Rebar, je nevyhnutn\u00e9 zv\u00e1\u017ei\u0165 jej pou\u017eitie v re\u00e1lnych situ\u00e1ci\u00e1ch. Napr\u00edklad pri v\u00fdstavbe viacpodla\u017enej budovy z\u00e1vis\u00ed \u0161truktur\u00e1lna integrita ka\u017ed\u00e9ho poschodia do ve\u013ekej miery od spr\u00e1vneho umiestnenia v\u00fdstu\u017ee. Vyu\u017eit\u00edm Rebar Individual High Chairs m\u00f4\u017eu zhotovitelia zabezpe\u010di\u0165, aby v\u00fdstuha zostala v po\u017eadovanej v\u00fd\u0161ke, \u010do u\u013eah\u010duje pevn\u00e9 spojenie s bet\u00f3nom.<\/p>\n<p>Podobne aj pri projektoch infra\u0161trukt\u00fary, ako s\u00fa mosty a dia\u013enice, je st\u00e1vka e\u0161te vy\u0161\u0161ia. Individu\u00e1lna vysok\u00e1 stoli\u010dka na v\u00fdstu\u017e zohr\u00e1va k\u013e\u00fa\u010dov\u00fa \u00falohu pri zabezpe\u010dovan\u00ed spr\u00e1vneho umiestnenia v\u00fdstu\u017en\u00fdch prvkov, aby vydr\u017eali obrovsk\u00e9 za\u0165a\u017eenie, ktor\u00e9 tieto kon\u0161trukcie zn\u00e1\u0161aj\u00fa. T\u00e1to \u00farove\u0148 spo\u013eahlivosti je k\u013e\u00fa\u010dov\u00e1, preto\u017ee priamo ovplyv\u0148uje \u017eivotnos\u0165 a bezpe\u010dnos\u0165 infra\u0161trukt\u00fary.<\/p>\n<p>Okrem toho sa d\u00e1 vysok\u00e1 stoli\u010dka Rebar Individual High Chair pou\u017ei\u0165 v r\u00f4znych aplik\u00e1ci\u00e1ch vr\u00e1tane reziden\u010dn\u00fdch, komer\u010dn\u00fdch a priemyseln\u00fdch projektov. \u010ci u\u017e ide o vystu\u017eovanie dosiek, nosn\u00edkov alebo st\u013apov, t\u00e1to vysok\u00e1 stoli\u010dka sa ukazuje ako neocenite\u013en\u00fd n\u00e1stroj na dosiahnutie vysokokvalitn\u00fdch v\u00fdsledkov.<\/p>\n<h3>Z\u00e1ver: Bud\u00facnos\u0165 bet\u00f3nov\u00fdch kon\u0161trukci\u00ed s v\u00fdstu\u017eou Individu\u00e1lne vysok\u00e9 stoli\u010dky<\/h3>\n<p>Z\u00e1verom mo\u017eno poveda\u0165, \u017ee individu\u00e1lna vysok\u00e1 stoli\u010dka Rebar je viac ako len stavebn\u00e9 pr\u00edslu\u0161enstvo; je to rozhoduj\u00faca s\u00fa\u010das\u0165 pri zabezpe\u010dovan\u00ed \u00faspechu bet\u00f3nov\u00fdch projektov. T\u00fdm, \u017ee poskytuje optim\u00e1lnu podporu a stabilitu pri ukladan\u00ed v\u00fdstu\u017ee, zvy\u0161uje celkov\u00fa integritu kon\u0161trukci\u00ed. V\u010faka svojej odolnosti, v\u0161estrannosti a jednoduch\u00e9mu pou\u017e\u00edvaniu je nevyhnutn\u00fdm n\u00e1strojom pre stavebn\u00fdch profesion\u00e1lov, ktor\u00ed klad\u00fa d\u00f4raz na kvalitu a bezpe\u010dnos\u0165.<\/p>\n<p>Ke\u010f\u017ee stavebn\u00fd priemysel sa na\u010falej vyv\u00edja, prij\u00edmanie inovat\u00edvnych rie\u0161en\u00ed, ako je Rebar Individual High Chair, bude nepochybne zohr\u00e1va\u0165 k\u013e\u00fa\u010dov\u00fa \u00falohu pri formovan\u00ed bud\u00facnosti bet\u00f3nov\u00fdch kon\u0161trukci\u00ed. Investovan\u00edm do vysokokvalitn\u00e9ho vybavenia m\u00f4\u017eu zhotovitelia zabezpe\u010di\u0165, aby ich projekty sp\u013a\u0148ali najvy\u0161\u0161ie \u0161tandardy bezpe\u010dnosti a v\u00fdkonnosti.<\/p>\n<p>Individu\u00e1lna vysok\u00e1 stoli\u010dka Rebar predstavuje z\u00e1v\u00e4zok k dokonalosti v oblasti bet\u00f3nov\u00fdch kon\u0161trukci\u00ed a umo\u017e\u0148uje t\u00edmom stava\u0165 robustn\u00e9 kon\u0161trukcie, ktor\u00e9 odol\u00e1vaj\u00fa sk\u00fa\u0161ke \u010dasu. V\u00fdberom tohto v\u00fdrobku m\u00f4\u017eu stavebn\u00ed profesion\u00e1li pozdvihn\u00fa\u0165 \u00farove\u0148 svojich projektov a zabezpe\u010di\u0165, aby bol ka\u017ed\u00fd prvok umiestnen\u00fd tak, aby bol \u00faspe\u0161n\u00fd.<\/p>","protected":false},"excerpt":{"rendered":"<p>Individu\u00e1lna vysok\u00e1 stoli\u010dka na armovanie je z\u00e1kladn\u00fdm n\u00e1strojom na vystu\u017eovanie bet\u00f3nov\u00fdch kon\u0161trukci\u00ed, ktor\u00fd poskytuje optim\u00e1lnu oporu a stabilitu po\u010das procesu beton\u00e1\u017ee. T\u00e1to vysok\u00e1 stoli\u010dka, skon\u0161truovan\u00e1 s oh\u013eadom na efekt\u00edvnos\u0165, zabezpe\u010duje presn\u00e9 vyv\u00fd\u0161enie v\u00fdstu\u017ee, \u010d\u00edm zvy\u0161uje celkov\u00fa integritu bet\u00f3nov\u00fdch aplik\u00e1ci\u00ed. V\u010faka odolnej kon\u0161trukcii a jednoduch\u00e9mu pou\u017e\u00edvaniu je neocenite\u013en\u00fdm pr\u00ednosom pre stavebn\u00fdch odborn\u00edkov, ktor\u00ed h\u013eadaj\u00fa spo\u013eahliv\u00e9 rie\u0161enia na umiestnenie v\u00fdstu\u017ee.<\/p>","protected":false},"featured_media":7984,"comment_status":"open","ping_status":"closed","template":"","meta":{"site-sidebar-layout":"default","site-content-layout":"","ast-site-content-layout":"default","site-content-style":"default","site-sidebar-style":"default","ast-global-header-display":"","ast-banner-title-visibility":"","ast-main-header-display":"","ast-hfb-above-header-display":"","ast-hfb-below-header-display":"","ast-hfb-mobile-header-display":"","site-post-title":"","ast-breadcrumbs-content":"","ast-featured-img":"","footer-sml-layout":"","theme-transparent-header-meta":"default","adv-header-id-meta":"","stick-header-meta":"default","header-above-stick-meta":"","header-main-stick-meta":"","header-below-stick-meta":"","astra-migrate-meta-layouts":"set","ast-page-background-enabled":"default","ast-page-background-meta":{"desktop":{"background-color":"","background-image":"","background-repeat":"repeat","background-position":"center center","background-size":"auto","background-attachment":"scroll","background-type":"","background-media":"","overlay-type":"","overlay-color":"","overlay-opacity":"","overlay-gradient":""},"tablet":{"background-color":"","background-image":"","background-repeat":"repeat","background-position":"center center","background-size":"auto","background-attachment":"scroll","background-type":"","background-media":"","overlay-type":"","overlay-color":"","overlay-opacity":"","overlay-gradient":""},"mobile":{"background-color":"","background-image":"","background-repeat":"repeat","background-position":"center center","background-size":"auto","background-attachment":"scroll","background-type":"","background-media":"","overlay-type":"","overlay-color":"","overlay-opacity":"","overlay-gradient":""}},"ast-content-background-meta":{"desktop":{"background-color":"var(--ast-global-color-5)","background-image":"","background-repeat":"repeat","background-position":"center center","background-size":"auto","background-attachment":"scroll","background-type":"","background-media":"","overlay-type":"","overlay-color":"","overlay-opacity":"","overlay-gradient":""},"tablet":{"background-color":"var(--ast-global-color-5)","background-image":"","background-repeat":"repeat","background-position":"center center","background-size":"auto","background-attachment":"scroll","background-type":"","background-media":"","overlay-type":"","overlay-color":"","overlay-opacity":"","overlay-gradient":""},"mobile":{"background-color":"var(--ast-global-color-5)","background-image":"","background-repeat":"repeat","background-position":"center center","background-size":"auto","background-attachment":"scroll","background-type":"","background-media":"","overlay-type":"","overlay-color":"","overlay-opacity":"","overlay-gradient":""}}},"product_brand":[],"product_cat":[35],"product_tag":[],"class_list":{"0":"post-7983","1":"product","2":"type-product","3":"status-publish","4":"has-post-thumbnail","6":"product_cat-concrete-rebar-support","7":"desktop-align-left","8":"tablet-align-left","9":"mobile-align-left","10":"ast-product-gallery-layout-horizontal-slider","11":"ast-product-tabs-layout-horizontal","13":"first","14":"instock","15":"shipping-taxable","16":"purchasable","17":"product-type-simple"},"yoast_head":"<!-- This site is optimized with the Yoast SEO plugin v25.2 - https:\/\/yoast.com\/wordpress\/plugins\/seo\/ -->\n<title>Rebar Individual High Chair<\/title>\n<meta name=\"robots\" content=\"index, follow, max-snippet:-1, max-image-preview:large, max-video-preview:-1\" \/>\n<link rel=\"canonical\" href=\"https:\/\/qingdaohf.com\/sk\/produkt\/individualna-vysoka-stolicka\/\" \/>\n<meta property=\"og:locale\" content=\"sk_SK\" \/>\n<meta property=\"og:type\" content=\"article\" \/>\n<meta property=\"og:title\" content=\"Rebar Individual High Chair\" \/>\n<meta property=\"og:description\" content=\"The Rebar Individual High Chair is an essential tool for reinforcing concrete structures, providing optimal support and stability during the pouring process. Engineered for efficiency, this high chair ensures precise elevation of rebar, enhancing the overall integrity of concrete applications. Its durable design and ease of use make it an invaluable asset for construction professionals seeking reliable solutions for rebar placement.\" \/>\n<meta property=\"og:url\" content=\"https:\/\/qingdaohf.com\/sk\/produkt\/individualna-vysoka-stolicka\/\" \/>\n<meta property=\"og:site_name\" content=\"Concrete Form &amp; Rigging Hardware Supplier\" \/>\n<meta property=\"article:publisher\" content=\"https:\/\/www.facebook.com\/qingdaohf\" \/>\n<meta property=\"article:modified_time\" content=\"2025-11-13T01:03:13+00:00\" \/>\n<meta property=\"og:image\" content=\"https:\/\/qingdaohf.com\/wp-content\/uploads\/2024\/09\/Individual-High-Chair-12.webp\" \/>\n\t<meta property=\"og:image:width\" content=\"1280\" \/>\n\t<meta property=\"og:image:height\" content=\"1280\" \/>\n\t<meta property=\"og:image:type\" content=\"image\/webp\" \/>\n<meta name=\"twitter:card\" content=\"summary_large_image\" \/>\n<meta name=\"twitter:label1\" content=\"Predpokladan\u00fd \u010das \u010d\u00edtania\" \/>\n\t<meta name=\"twitter:data1\" content=\"4 min\u00faty\" \/>\n<script type=\"application\/ld+json\" class=\"yoast-schema-graph\">{\"@context\":\"https:\/\/schema.org\",\"@graph\":[{\"@type\":\"WebPage\",\"@id\":\"https:\/\/qingdaohf.com\/product\/rebar-individual-high-chair\/\",\"url\":\"https:\/\/qingdaohf.com\/product\/rebar-individual-high-chair\/\",\"name\":\"Rebar Individual High Chair\",\"isPartOf\":{\"@id\":\"https:\/\/qingdaohf.com\/bg\/#website\"},\"primaryImageOfPage\":{\"@id\":\"https:\/\/qingdaohf.com\/product\/rebar-individual-high-chair\/#primaryimage\"},\"image\":{\"@id\":\"https:\/\/qingdaohf.com\/product\/rebar-individual-high-chair\/#primaryimage\"},\"thumbnailUrl\":\"https:\/\/qingdaohf.com\/wp-content\/uploads\/2024\/09\/Individual-High-Chair-12.webp\",\"datePublished\":\"2024-09-30T06:34:11+00:00\",\"dateModified\":\"2025-11-13T01:03:13+00:00\",\"breadcrumb\":{\"@id\":\"https:\/\/qingdaohf.com\/product\/rebar-individual-high-chair\/#breadcrumb\"},\"inLanguage\":\"sk-SK\",\"potentialAction\":[{\"@type\":\"ReadAction\",\"target\":[\"https:\/\/qingdaohf.com\/product\/rebar-individual-high-chair\/\"]}]},{\"@type\":\"ImageObject\",\"inLanguage\":\"sk-SK\",\"@id\":\"https:\/\/qingdaohf.com\/product\/rebar-individual-high-chair\/#primaryimage\",\"url\":\"https:\/\/qingdaohf.com\/wp-content\/uploads\/2024\/09\/Individual-High-Chair-12.webp\",\"contentUrl\":\"https:\/\/qingdaohf.com\/wp-content\/uploads\/2024\/09\/Individual-High-Chair-12.webp\",\"width\":1280,\"height\":1280,\"caption\":\"Rebar Individual High Chair\"},{\"@type\":\"BreadcrumbList\",\"@id\":\"https:\/\/qingdaohf.com\/product\/rebar-individual-high-chair\/#breadcrumb\",\"itemListElement\":[{\"@type\":\"ListItem\",\"position\":1,\"name\":\"Home\",\"item\":\"https:\/\/qingdaohf.com\/\"},{\"@type\":\"ListItem\",\"position\":2,\"name\":\"Concrete Forming Accessories and Rigging Hardware\",\"item\":\"https:\/\/qingdaohf.com\/bg\/?page_id=944\"},{\"@type\":\"ListItem\",\"position\":3,\"name\":\"Rebar Individual High Chair\"}]},{\"@type\":\"WebSite\",\"@id\":\"https:\/\/qingdaohf.com\/bg\/#website\",\"url\":\"https:\/\/qingdaohf.com\/bg\/\",\"name\":\"Concrete Form & Rigging Hardware Supplier\",\"description\":\"\",\"publisher\":{\"@id\":\"https:\/\/qingdaohf.com\/bg\/#organization\"},\"potentialAction\":[{\"@type\":\"SearchAction\",\"target\":{\"@type\":\"EntryPoint\",\"urlTemplate\":\"https:\/\/qingdaohf.com\/bg\/?s={search_term_string}\"},\"query-input\":{\"@type\":\"PropertyValueSpecification\",\"valueRequired\":true,\"valueName\":\"search_term_string\"}}],\"inLanguage\":\"sk-SK\"},{\"@type\":\"Organization\",\"@id\":\"https:\/\/qingdaohf.com\/bg\/#organization\",\"name\":\"Qingdao H&F\",\"url\":\"https:\/\/qingdaohf.com\/bg\/\",\"logo\":{\"@type\":\"ImageObject\",\"inLanguage\":\"sk-SK\",\"@id\":\"https:\/\/qingdaohf.com\/bg\/#\/schema\/logo\/image\/\",\"url\":\"https:\/\/qingdaohf.com\/wp-content\/uploads\/2022\/12\/cropped-HF-LOGO.png\",\"contentUrl\":\"https:\/\/qingdaohf.com\/wp-content\/uploads\/2022\/12\/cropped-HF-LOGO.png\",\"width\":391,\"height\":249,\"caption\":\"Qingdao H&F\"},\"image\":{\"@id\":\"https:\/\/qingdaohf.com\/bg\/#\/schema\/logo\/image\/\"},\"sameAs\":[\"https:\/\/www.facebook.com\/qingdaohf\"]}]}<\/script>\n<!-- \/ Yoast SEO plugin. -->","yoast_head_json":{"title":"Rebar Individual High Chair","robots":{"index":"index","follow":"follow","max-snippet":"max-snippet:-1","max-image-preview":"max-image-preview:large","max-video-preview":"max-video-preview:-1"},"canonical":"https:\/\/qingdaohf.com\/sk\/produkt\/individualna-vysoka-stolicka\/","og_locale":"sk_SK","og_type":"article","og_title":"Rebar Individual High Chair","og_description":"The Rebar Individual High Chair is an essential tool for reinforcing concrete structures, providing optimal support and stability during the pouring process. Engineered for efficiency, this high chair ensures precise elevation of rebar, enhancing the overall integrity of concrete applications. Its durable design and ease of use make it an invaluable asset for construction professionals seeking reliable solutions for rebar placement.","og_url":"https:\/\/qingdaohf.com\/sk\/produkt\/individualna-vysoka-stolicka\/","og_site_name":"Concrete Form &amp; Rigging Hardware Supplier","article_publisher":"https:\/\/www.facebook.com\/qingdaohf","article_modified_time":"2025-11-13T01:03:13+00:00","og_image":[{"width":1280,"height":1280,"url":"https:\/\/qingdaohf.com\/wp-content\/uploads\/2024\/09\/Individual-High-Chair-12.webp","type":"image\/webp"}],"twitter_card":"summary_large_image","twitter_misc":{"Predpokladan\u00fd \u010das \u010d\u00edtania":"4 min\u00faty"},"schema":{"@context":"https:\/\/schema.org","@graph":[{"@type":"WebPage","@id":"https:\/\/qingdaohf.com\/product\/rebar-individual-high-chair\/","url":"https:\/\/qingdaohf.com\/product\/rebar-individual-high-chair\/","name":"Rebar Individual High Chair","isPartOf":{"@id":"https:\/\/qingdaohf.com\/bg\/#website"},"primaryImageOfPage":{"@id":"https:\/\/qingdaohf.com\/product\/rebar-individual-high-chair\/#primaryimage"},"image":{"@id":"https:\/\/qingdaohf.com\/product\/rebar-individual-high-chair\/#primaryimage"},"thumbnailUrl":"https:\/\/qingdaohf.com\/wp-content\/uploads\/2024\/09\/Individual-High-Chair-12.webp","datePublished":"2024-09-30T06:34:11+00:00","dateModified":"2025-11-13T01:03:13+00:00","breadcrumb":{"@id":"https:\/\/qingdaohf.com\/product\/rebar-individual-high-chair\/#breadcrumb"},"inLanguage":"sk-SK","potentialAction":[{"@type":"ReadAction","target":["https:\/\/qingdaohf.com\/product\/rebar-individual-high-chair\/"]}]},{"@type":"ImageObject","inLanguage":"sk-SK","@id":"https:\/\/qingdaohf.com\/product\/rebar-individual-high-chair\/#primaryimage","url":"https:\/\/qingdaohf.com\/wp-content\/uploads\/2024\/09\/Individual-High-Chair-12.webp","contentUrl":"https:\/\/qingdaohf.com\/wp-content\/uploads\/2024\/09\/Individual-High-Chair-12.webp","width":1280,"height":1280,"caption":"Rebar Individual High Chair"},{"@type":"BreadcrumbList","@id":"https:\/\/qingdaohf.com\/product\/rebar-individual-high-chair\/#breadcrumb","itemListElement":[{"@type":"ListItem","position":1,"name":"Home","item":"https:\/\/qingdaohf.com\/"},{"@type":"ListItem","position":2,"name":"Concrete Forming Accessories and Rigging Hardware","item":"https:\/\/qingdaohf.com\/bg\/?page_id=944"},{"@type":"ListItem","position":3,"name":"Rebar Individual High Chair"}]},{"@type":"WebSite","@id":"https:\/\/qingdaohf.com\/bg\/#website","url":"https:\/\/qingdaohf.com\/bg\/","name":"Concrete Form & Rigging Hardware Supplier","description":"","publisher":{"@id":"https:\/\/qingdaohf.com\/bg\/#organization"},"potentialAction":[{"@type":"SearchAction","target":{"@type":"EntryPoint","urlTemplate":"https:\/\/qingdaohf.com\/bg\/?s={search_term_string}"},"query-input":{"@type":"PropertyValueSpecification","valueRequired":true,"valueName":"search_term_string"}}],"inLanguage":"sk-SK"},{"@type":"Organization","@id":"https:\/\/qingdaohf.com\/bg\/#organization","name":"Qingdao H&F","url":"https:\/\/qingdaohf.com\/bg\/","logo":{"@type":"ImageObject","inLanguage":"sk-SK","@id":"https:\/\/qingdaohf.com\/bg\/#\/schema\/logo\/image\/","url":"https:\/\/qingdaohf.com\/wp-content\/uploads\/2022\/12\/cropped-HF-LOGO.png","contentUrl":"https:\/\/qingdaohf.com\/wp-content\/uploads\/2022\/12\/cropped-HF-LOGO.png","width":391,"height":249,"caption":"Qingdao H&F"},"image":{"@id":"https:\/\/qingdaohf.com\/bg\/#\/schema\/logo\/image\/"},"sameAs":["https:\/\/www.facebook.com\/qingdaohf"]}]}},"_links":{"self":[{"href":"https:\/\/qingdaohf.com\/sk\/wp-json\/wp\/v2\/product\/7983","targetHints":{"allow":["GET"]}}],"collection":[{"href":"https:\/\/qingdaohf.com\/sk\/wp-json\/wp\/v2\/product"}],"about":[{"href":"https:\/\/qingdaohf.com\/sk\/wp-json\/wp\/v2\/types\/product"}],"replies":[{"embeddable":true,"href":"https:\/\/qingdaohf.com\/sk\/wp-json\/wp\/v2\/comments?post=7983"}],"version-history":[{"count":1,"href":"https:\/\/qingdaohf.com\/sk\/wp-json\/wp\/v2\/product\/7983\/revisions"}],"predecessor-version":[{"id":7994,"href":"https:\/\/qingdaohf.com\/sk\/wp-json\/wp\/v2\/product\/7983\/revisions\/7994"}],"wp:featuredmedia":[{"embeddable":true,"href":"https:\/\/qingdaohf.com\/sk\/wp-json\/wp\/v2\/media\/7984"}],"wp:attachment":[{"href":"https:\/\/qingdaohf.com\/sk\/wp-json\/wp\/v2\/media?parent=7983"}],"wp:term":[{"taxonomy":"product_brand","embeddable":true,"href":"https:\/\/qingdaohf.com\/sk\/wp-json\/wp\/v2\/product_brand?post=7983"},{"taxonomy":"product_cat","embeddable":true,"href":"https:\/\/qingdaohf.com\/sk\/wp-json\/wp\/v2\/product_cat?post=7983"},{"taxonomy":"product_tag","embeddable":true,"href":"https:\/\/qingdaohf.com\/sk\/wp-json\/wp\/v2\/product_tag?post=7983"}],"curies":[{"name":"wp","href":"https:\/\/api.w.org\/{rel}","templated":true}]}}