{"id":8075,"date":"2024-10-16T11:55:09","date_gmt":"2024-10-16T03:55:09","guid":{"rendered":"http:\/\/qingdaohf.com\/?post_type=product&#038;p=8075"},"modified":"2025-11-13T09:03:13","modified_gmt":"2025-11-13T01:03:13","slug":"air-vent-grille-covers","status":"publish","type":"product","link":"https:\/\/qingdaohf.com\/sk\/produkt\/kryty-vetracich-mriezok\/","title":{"rendered":"Kryty vetrac\u00edch mrie\u017eok"},"content":{"rendered":"<p>Kryty vetrac\u00edch mrie\u017eok zohr\u00e1vaj\u00fa k\u013e\u00fa\u010dov\u00fa \u00falohu pri udr\u017eiavan\u00ed pr\u00edjemn\u00e9ho a zdrav\u00e9ho vn\u00fatorn\u00e9ho prostredia. Tieto komponenty, ktor\u00e9 sa \u010dasto prehliadaj\u00fa, maj\u00fa z\u00e1sadn\u00fd v\u00fdznam pri regul\u00e1cii pr\u00fadenia vzduchu, minimaliz\u00e1cii hromadenia prachu a prispievaj\u00fa k celkovej \u00fa\u010dinnosti ventila\u010dn\u00e9ho syst\u00e9mu. Na\u0161e kryty vetrac\u00edch mrie\u017eok s\u00fa navrhnut\u00e9 s oh\u013eadom na funk\u010dnos\u0165 aj \u0161t\u00fdl a pon\u00fakaj\u00fa dokonal\u00fa rovnov\u00e1hu v\u00fdkonu a vizu\u00e1lnej pr\u00ed\u0165a\u017elivosti pre r\u00f4zne prostredia.<\/p>\n<h3>Zlep\u0161enie kvality vn\u00fatorn\u00e9ho vzduchu a pohodlia<\/h3>\n<p>Dobr\u00e1 cirkul\u00e1cia vzduchu je z\u00e1kladom ka\u017ed\u00e9ho dobre udr\u017eiavan\u00e9ho priestoru, \u010di u\u017e ide o \u00fatuln\u00fd domov alebo ru\u0161n\u00fa komer\u010dn\u00fa budovu. Spr\u00e1vne funguj\u00face kryty vetrac\u00edch mrie\u017eok zabezpe\u010duj\u00fa vo\u013en\u00fd pohyb vzduchu v miestnostiach, \u010do umo\u017e\u0148uje vykurovac\u00edm, chladiacim a ventila\u010dn\u00fdm syst\u00e9mom pracova\u0165 s maxim\u00e1lnou \u00fa\u010dinnos\u0165ou. S na\u0161imi krytmi vetrac\u00edch mrie\u017eok sa distrib\u00facia vzduchu st\u00e1va konzistentnej\u0161ou, \u010do vedie k lep\u0161ej regul\u00e1cii teploty a zn\u00ed\u017eeniu v\u00fdskytu ne\u017eiaducich hor\u00facich alebo studen\u00fdch miest.<\/p>\n<p>Okrem zv\u00fd\u0161en\u00e9ho komfortu m\u00f4\u017ee spr\u00e1vny kryt mrie\u017eky v\u00fdrazne zlep\u0161i\u0165 kvalitu vzduchu v interi\u00e9ri. T\u00fdm, \u017ee tieto kryty filtruj\u00fa v\u00e4\u010d\u0161ie prachov\u00e9 \u010dastice a zabra\u0148uj\u00fa vnikaniu ne\u010dist\u00f4t do potrubia, pom\u00e1haj\u00fa udr\u017eiava\u0165 \u010distej\u0161ie prostredie. T\u00e1to v\u00fdhoda je obzvl\u00e1\u0161\u0165 cenn\u00e1 v dom\u00e1cnostiach s alergiami alebo d\u00fdchac\u00edmi probl\u00e9mami, kde udr\u017eiavanie bezpra\u0161n\u00e9ho priestoru m\u00f4\u017ee ma\u0165 ve\u013ek\u00fd v\u00fdznam. Invest\u00edcia do vysokokvalitn\u00fdch krytov vetrac\u00edch mrie\u017eok tak prispieva k zdrav\u0161iemu a pr\u00edjemnej\u0161iemu \u017eivotn\u00e9mu priestoru.<\/p>\n<h3>Odoln\u00fd dizajn pre dlhodob\u00fd v\u00fdkon<\/h3>\n<p>Jednou z charakteristick\u00fdch vlastnost\u00ed na\u0161ich krytov vetrac\u00edch mrie\u017eok je ich robustn\u00e1 kon\u0161trukcia. Tieto kryty s\u00fa vyroben\u00e9 z prvotriednych materi\u00e1lov a odol\u00e1vaj\u00fa sk\u00fa\u0161ke \u010dasu. Na rozdiel od \u0161tandardn\u00fdch mo\u017enost\u00ed, ktor\u00e9 sa m\u00f4\u017eu r\u00fdchlo opotrebova\u0165 alebo znehodnoti\u0165, si na\u0161e kryty mrie\u017eok zachov\u00e1vaj\u00fa svoju \u0161truktur\u00e1lnu integritu, a to aj v oblastiach s vysokou n\u00e1v\u0161tevnos\u0165ou alebo premenliv\u00fdmi teplotn\u00fdmi podmienkami. T\u00e1to odolnos\u0165 zaru\u010duje, \u017ee po in\u0161tal\u00e1cii sa m\u00f4\u017eete spo\u013eahn\u00fa\u0165 na spo\u013eahliv\u00fd v\u00fdkon t\u00fdchto krytov bez \u010dast\u00fdch v\u00fdmen.<\/p>\n<p>Kon\u0161trukcia t\u00fdchto krytov mrie\u017eok je zameran\u00e1 aj na jednoduch\u00fa \u00fadr\u017ebu. V\u010faka ich hladk\u00e9mu povrchu a dobre navrhnut\u00fdm lamel\u00e1m je \u010distenie bezprobl\u00e9mov\u00e9. T\u00fdm, \u017ee minimalizuj\u00fa usadzovanie prachu na samotnom kryte, zni\u017euj\u00fa \u010das a \u00fasilie potrebn\u00e9 na \u00fadr\u017ebu. T\u00e1to jednoduch\u00e1 \u00fadr\u017eba nielen\u017ee udr\u017eiava hladk\u00fd chod v\u00e1\u0161ho ventila\u010dn\u00e9ho syst\u00e9mu, ale pom\u00e1ha aj pred\u013a\u017ei\u0165 \u017eivotnos\u0165 komponentov HVAC t\u00fdm, \u017ee zabra\u0148uje ich upch\u00e1vaniu a neefekt\u00edvnosti.<\/p>\n<p>Okrem robustnej kon\u0161trukcie sa na\u0161e kryty mrie\u017eok vetrac\u00edch otvorov dod\u00e1vaj\u00fa v r\u00f4znych povrchov\u00fdch \u00faprav\u00e1ch, ktor\u00e9 zabezpe\u010dia ich zladenie s estetikou v\u00e1\u0161ho priestoru. Od elegantn\u00fdch, modern\u00fdch \u0161t\u00fdlov, ktor\u00e9 dokonale ladia so s\u00fa\u010dasn\u00fdmi interi\u00e9rmi, a\u017e po klasick\u00e9 vzory, ktor\u00e9 dop\u013a\u0148aj\u00fa tradi\u010dn\u00fd dekor - v ponuke n\u00e1jdete kryt mrie\u017eky, ktor\u00fd vyhovie ka\u017ed\u00e9mu. V\u010faka tejto univerz\u00e1lnosti s\u00fa skvelou vo\u013ebou pre novostavby aj renova\u010dn\u00e9 projekty.<\/p>\n<h3>Udr\u017eate\u013en\u00e1 vo\u013eba pre ekologick\u00fd priestor<\/h3>\n<p>V dne\u0161nom svete je ekologick\u00e9 rozhodovanie d\u00f4le\u017eitej\u0161ie ako kedyko\u013evek predt\u00fdm. Na\u0161e kryty vetrac\u00edch mrie\u017eok s\u00fa navrhnut\u00e9 s oh\u013eadom na udr\u017eate\u013enos\u0165 a pou\u017e\u00edvaj\u00fa materi\u00e1ly, ktor\u00e9 s\u00fa nielen odoln\u00e9, ale aj ekologick\u00e9. V\u00fdberom v\u00fdrobkov, ktor\u00e9 s\u00fa vyroben\u00e9 tak, aby vydr\u017eali, prispievate k zn\u00ed\u017eeniu mno\u017estva odpadu, preto\u017ee nie je potrebn\u00e1 \u010dast\u00e1 v\u00fdmena. T\u00e1to \u017eivotnos\u0165 je v s\u00falade s cie\u013emi minimaliz\u00e1cie vplyvu na \u017eivotn\u00e9 prostredie a podpory udr\u017eate\u013enej\u0161ej bud\u00facnosti.<\/p>\n<p>Okrem toho m\u00f4\u017eu tieto kryty mrie\u017eok zv\u00fd\u0161en\u00edm \u00fa\u010dinnosti v\u00e1\u0161ho ventila\u010dn\u00e9ho syst\u00e9mu pom\u00f4c\u0165 zn\u00ed\u017ei\u0165 spotrebu energie. Efekt\u00edvna distrib\u00facia vzduchu znamen\u00e1, \u017ee vykurovacie a chladiace syst\u00e9my nemusia pracova\u0165 tak intenz\u00edvne na udr\u017eanie po\u017eadovanej teploty, \u010do vedie k ni\u017e\u0161\u00edm \u00fa\u010dtom za energiu a men\u0161iemu za\u0165a\u017eeniu syst\u00e9mu. V komer\u010dnom prostred\u00ed to m\u00f4\u017ee \u010dasom znamena\u0165 v\u00fdrazn\u00fa \u00fasporu n\u00e1kladov, tak\u017ee na\u0161e kryty mrie\u017eok s\u00fa rozumnou invest\u00edciou pre podniky, ktor\u00e9 chc\u00fa optimalizova\u0165 spotrebu energie.<\/p>\n<p>N\u00e1\u0161 z\u00e1v\u00e4zok k trvalej udr\u017eate\u013enosti presahuje v\u00fdkonnos\u0165 v\u00fdrobkov. Zabezpe\u010dujeme, aby v\u00fdrobn\u00fd proces t\u00fdchto krytov vetrac\u00edch mrie\u017eok dodr\u017eiaval environment\u00e1lne normy, minimalizoval mno\u017estvo odpadu a pou\u017e\u00edval energeticky \u00fa\u010dinn\u00e9 met\u00f3dy. V\u010faka tejto oddanosti ekologick\u00fdm postupom s\u00fa na\u0161e kryty mrie\u017eok vhodnou vo\u013ebou pre t\u00fdch, ktor\u00ed si cenia z\u00e1sady ekologick\u00e9ho stavite\u013estva a chc\u00fa ich za\u010dleni\u0165 do svojich projektov.<\/p>\n<h3>Perfektne sa hod\u00ed pre obytn\u00e9 a komer\u010dn\u00e9 priestory<\/h3>\n<p>Na\u0161e kryty vetrac\u00edch mrie\u017eok s\u00fa navrhnut\u00e9 tak, aby sp\u013a\u0148ali po\u017eiadavky r\u00f4znych prostred\u00ed, \u010di u\u017e ide o moderniz\u00e1ciu vetrania v dom\u00e1cnosti, kancel\u00e1rii alebo obchodnom priestore. V obytn\u00fdch priestoroch pon\u00fakaj\u00fa decentn\u00fd, ale \u0161t\u00fdlov\u00fd sp\u00f4sob, ako zlep\u0161i\u0165 pr\u00fadenie vzduchu a z\u00e1rove\u0148 sa dokonale za\u010dleni\u0165 do dizajnu interi\u00e9ru. Rodiny si m\u00f4\u017eu u\u017e\u00edva\u0165 v\u00fdhody zlep\u0161enej kvality vzduchu, najm\u00e4 v ob\u00fdvac\u00edch izb\u00e1ch, sp\u00e1l\u0148ach a in\u00fdch vysoko vyu\u017e\u00edvan\u00fdch priestoroch, kde je nevyhnutn\u00e9 udr\u017eiava\u0165 pr\u00edjemn\u00fa atmosf\u00e9ru.<\/p>\n<p>V komer\u010dn\u00fdch priestoroch, ako s\u00fa kancel\u00e1rske budovy alebo maloobchodn\u00e9 predajne, zohr\u00e1va vetranie rozhoduj\u00facu \u00falohu pri zabezpe\u010dovan\u00ed pohodlia zamestnancov aj z\u00e1kazn\u00edkov. Na\u0161e kryty mrie\u017eok poskytuj\u00fa efekt\u00edvne rie\u0161enie na riadenie pr\u00fadenia vzduchu, \u010d\u00edm pom\u00e1haj\u00fa udr\u017eiava\u0165 prostredie, ktor\u00e9 p\u00f4sob\u00ed svie\u017eo a pr\u00edjemne. Ich odoln\u00e1 kon\u0161trukcia zaru\u010duje, \u017ee zvl\u00e1dnu po\u017eiadavky vysoko frekventovan\u00fdch priestorov, zatia\u013e \u010do ich modern\u00fd vzh\u013ead prispieva k profesion\u00e1lnemu a uhladen\u00e9mu vzh\u013eadu.<\/p>\n<p>Okrem toho s\u00fa na\u0161e kryty vetrac\u00edch mrie\u017eok k dispoz\u00edcii v r\u00f4znych ve\u013ekostiach, \u010do zaru\u010duje dokonal\u00e9 prisp\u00f4sobenie ka\u017ed\u00e9mu otvoru potrubia. K dispoz\u00edcii s\u00fa aj mo\u017enosti prisp\u00f4sobenia, ktor\u00e9 v\u00e1m umo\u017enia vybra\u0165 si ve\u013ekos\u0165 a povrchov\u00fa \u00fapravu, ktor\u00e1 najlep\u0161ie zodpoved\u00e1 va\u0161im \u0161pecifick\u00fdm potreb\u00e1m. T\u00e1to prisp\u00f4sobivos\u0165 zaru\u010duje, \u017ee ka\u017ed\u00e1 in\u0161tal\u00e1cia bude bezprobl\u00e9mov\u00e1, bez potreby dodato\u010dn\u00fdch \u00faprav alebo modifik\u00e1ci\u00ed. Znamen\u00e1 to tie\u017e, \u017ee m\u00f4\u017eete dosiahnu\u0165 jednotn\u00fd vzh\u013ead v celom priestore, \u010d\u00edm sa zv\u00fd\u0161i celkov\u00e1 s\u00fadr\u017enos\u0165 dizajnu v\u00e1\u0161ho interi\u00e9ru.<\/p>\n<h3>Vyu\u017eite v\u00fdhody \u0161pi\u010dkov\u00fdch rie\u0161en\u00ed vetrania<\/h3>\n<p>Invest\u00edcia do na\u0161ich krytov vetrac\u00edch mrie\u017eok pon\u00faka viac ne\u017e len kozmetick\u00e9 vylep\u0161enie - poskytuje funk\u010dn\u00e9 vylep\u0161enie cel\u00e9ho v\u00e1\u0161ho vetracieho syst\u00e9mu. V\u00fdber vysokokvalitn\u00fdch krytov mrie\u017eok m\u00f4\u017ee ovplyvni\u0165 \u00fa\u010dinnos\u0165 pohybu vzduchu, \u010distotu v\u00e1\u0161ho priestoru a dokonca aj \u017eivotnos\u0165 v\u00e1\u0161ho syst\u00e9mu HVAC. Na\u0161e v\u00fdrobky prin\u00e1\u0161aj\u00fa v\u00fdsledky na v\u0161etk\u00fdch t\u00fdchto frontoch, v\u010faka \u010domu s\u00fa hodnotn\u00fdm doplnkom ka\u017edej dom\u00e1cnosti alebo firmy.<\/p>\n<p>V\u00fdberom na\u0161ich krytov mrie\u017eok uprednost\u0148ujete nielen pohodlie a pohodu t\u00fdch, ktor\u00ed pou\u017e\u00edvaj\u00fa v\u00e1\u0161 priestor, ale podnik\u00e1te aj kroky smerom k udr\u017eate\u013enej\u0161ej a n\u00e1kladovo efekt\u00edvnej\u0161ej bud\u00facnosti. V\u010faka lep\u0161iemu pr\u00fadeniu vzduchu a dizajnu, ktor\u00fd odol\u00e1 sk\u00fa\u0161ke \u010dasom, tieto kryty zabezpe\u010duj\u00fa, \u017ee si v\u00fdhody optimalizovan\u00e9ho vetracieho syst\u00e9mu budete m\u00f4c\u0165 u\u017e\u00edva\u0165 dlh\u00e9 roky. Vysk\u00fa\u0161ajte rozdiel, ktor\u00fd m\u00f4\u017eu prinies\u0165 kvalitn\u00e9 rie\u0161enia vetrania, a pozdvihnite svoj priestor pomocou na\u0161ich odborne spracovan\u00fdch krytov vetrac\u00edch mrie\u017eok.<\/p>\n<p>Na\u0161e odhodlanie poskytova\u0165 \u0161pi\u010dkov\u00e9 produkty v spojen\u00ed s v\u00fdnimo\u010dn\u00fdm z\u00e1kazn\u00edckym servisom zaru\u010duje, \u017ee va\u0161a sk\u00fasenos\u0165 s nami bude bezprobl\u00e9mov\u00e1 od za\u010diatku a\u017e do konca. Uvedomujeme si d\u00f4le\u017eitos\u0165 spo\u013eahliv\u00e9ho a \u00fa\u010dinn\u00e9ho vetracieho syst\u00e9mu a na\u0161e kryty vetrac\u00edch mrie\u017eok s\u00fa navrhnut\u00e9 tak, aby ho poskytovali. V\u010faka kombin\u00e1cii odolnosti, estetick\u00e9ho vzh\u013eadu a udr\u017eate\u013en\u00e9ho dizajnu predstavuj\u00fa tieto kryty premyslen\u00fa vo\u013ebu pre t\u00fdch, ktor\u00ed si cenia kvalitu a v\u00fdkon v ka\u017edom detaile.<\/p>\n<p>Vylep\u0161ite svoj ventila\u010dn\u00fd syst\u00e9m e\u0161te dnes a zistite, ako m\u00f4\u017eu na\u0161e kryty vetrac\u00edch mrie\u017eok zmeni\u0165 v\u00e1\u0161 priestor na pohodlnej\u0161\u00ed, energeticky \u00faspornej\u0161\u00ed a \u0161t\u00fdlovej\u0161\u00ed. U\u017e pri prvom n\u00e1dychu \u010derstv\u00e9ho vzduchu si v\u0161imnete rozdiel, ktor\u00fd m\u00f4\u017eu prinies\u0165 pr\u00e9miov\u00e9 kryty mrie\u017eok, prin\u00e1\u0161aj\u00face trval\u00fa hodnotu pre v\u00e1\u0161 domov alebo firmu.<\/p>","protected":false},"excerpt":{"rendered":"<p>Vylep\u0161ite svoj ventila\u010dn\u00fd syst\u00e9m pomocou na\u0161ich vysokokvalitn\u00fdch krytov vetrac\u00edch mrie\u017eok, ktor\u00e9 s\u00fa navrhnut\u00e9 pre optim\u00e1lne pr\u00fadenie vzduchu a modern\u00fa estetiku. Tieto kryty s\u00fa vyroben\u00e9 z odoln\u00fdch materi\u00e1lov, zlep\u0161uj\u00fa cirkul\u00e1ciu vzduchu, zni\u017euj\u00fa usadzovanie prachu a dokonale ladia s ak\u00fdmko\u013evek interi\u00e9rom. S\u00fa ide\u00e1lne pre obytn\u00e9 aj komer\u010dn\u00e9 priestory a zabezpe\u010duj\u00fa \u010distej\u0161ie a svie\u017eej\u0161ie prostredie.<\/p>","protected":false},"featured_media":8080,"comment_status":"open","ping_status":"closed","template":"","meta":{"site-sidebar-layout":"default","site-content-layout":"","ast-site-content-layout":"default","site-content-style":"default","site-sidebar-style":"default","ast-global-header-display":"","ast-banner-title-visibility":"","ast-main-header-display":"","ast-hfb-above-header-display":"","ast-hfb-below-header-display":"","ast-hfb-mobile-header-display":"","site-post-title":"","ast-breadcrumbs-content":"","ast-featured-img":"","footer-sml-layout":"","theme-transparent-header-meta":"default","adv-header-id-meta":"","stick-header-meta":"default","header-above-stick-meta":"","header-main-stick-meta":"","header-below-stick-meta":"","astra-migrate-meta-layouts":"set","ast-page-background-enabled":"default","ast-page-background-meta":{"desktop":{"background-color":"","background-image":"","background-repeat":"repeat","background-position":"center center","background-size":"auto","background-attachment":"scroll","background-type":"","background-media":"","overlay-type":"","overlay-color":"","overlay-opacity":"","overlay-gradient":""},"tablet":{"background-color":"","background-image":"","background-repeat":"repeat","background-position":"center center","background-size":"auto","background-attachment":"scroll","background-type":"","background-media":"","overlay-type":"","overlay-color":"","overlay-opacity":"","overlay-gradient":""},"mobile":{"background-color":"","background-image":"","background-repeat":"repeat","background-position":"center center","background-size":"auto","background-attachment":"scroll","background-type":"","background-media":"","overlay-type":"","overlay-color":"","overlay-opacity":"","overlay-gradient":""}},"ast-content-background-meta":{"desktop":{"background-color":"var(--ast-global-color-5)","background-image":"","background-repeat":"repeat","background-position":"center center","background-size":"auto","background-attachment":"scroll","background-type":"","background-media":"","overlay-type":"","overlay-color":"","overlay-opacity":"","overlay-gradient":""},"tablet":{"background-color":"var(--ast-global-color-5)","background-image":"","background-repeat":"repeat","background-position":"center center","background-size":"auto","background-attachment":"scroll","background-type":"","background-media":"","overlay-type":"","overlay-color":"","overlay-opacity":"","overlay-gradient":""},"mobile":{"background-color":"var(--ast-global-color-5)","background-image":"","background-repeat":"repeat","background-position":"center center","background-size":"auto","background-attachment":"scroll","background-type":"","background-media":"","overlay-type":"","overlay-color":"","overlay-opacity":"","overlay-gradient":""}}},"product_brand":[],"product_cat":[50],"product_tag":[],"class_list":{"0":"post-8075","1":"product","2":"type-product","3":"status-publish","4":"has-post-thumbnail","6":"product_cat-concrete-form-accessories","7":"desktop-align-left","8":"tablet-align-left","9":"mobile-align-left","10":"ast-product-gallery-layout-horizontal-slider","11":"ast-product-tabs-layout-horizontal","13":"first","14":"instock","15":"shipping-taxable","16":"purchasable","17":"product-type-simple"},"yoast_head":"<!-- This site is optimized with the Yoast SEO plugin v25.2 - https:\/\/yoast.com\/wordpress\/plugins\/seo\/ -->\n<title>Air Vent Grille Covers<\/title>\n<meta name=\"robots\" content=\"index, follow, max-snippet:-1, max-image-preview:large, max-video-preview:-1\" \/>\n<link rel=\"canonical\" href=\"https:\/\/qingdaohf.com\/sk\/produkt\/kryty-vetracich-mriezok\/\" \/>\n<meta property=\"og:locale\" content=\"sk_SK\" \/>\n<meta property=\"og:type\" content=\"article\" \/>\n<meta property=\"og:title\" content=\"Air Vent Grille Covers\" \/>\n<meta property=\"og:description\" content=\"Upgrade your ventilation system with our high-quality Air Vent Grille Covers, designed for optimal airflow and modern aesthetics. Made from durable materials, these covers enhance air circulation, reduce dust buildup, and blend seamlessly with any interior decor. Ideal for both residential and commercial spaces, they ensure a cleaner, fresher environment.\" \/>\n<meta property=\"og:url\" content=\"https:\/\/qingdaohf.com\/sk\/produkt\/kryty-vetracich-mriezok\/\" \/>\n<meta property=\"og:site_name\" content=\"Concrete Form &amp; Rigging Hardware Supplier\" \/>\n<meta property=\"article:publisher\" content=\"https:\/\/www.facebook.com\/qingdaohf\" \/>\n<meta property=\"article:modified_time\" content=\"2025-11-13T01:03:13+00:00\" \/>\n<meta property=\"og:image\" content=\"https:\/\/qingdaohf.com\/wp-content\/uploads\/2024\/10\/Air-vent-grille-covers-3.webp\" \/>\n\t<meta property=\"og:image:width\" content=\"1000\" \/>\n\t<meta property=\"og:image:height\" content=\"1000\" \/>\n\t<meta property=\"og:image:type\" content=\"image\/webp\" \/>\n<meta name=\"twitter:card\" content=\"summary_large_image\" \/>\n<meta name=\"twitter:label1\" content=\"Predpokladan\u00fd \u010das \u010d\u00edtania\" \/>\n\t<meta name=\"twitter:data1\" content=\"6 min\u00fat\" \/>\n<script type=\"application\/ld+json\" class=\"yoast-schema-graph\">{\"@context\":\"https:\/\/schema.org\",\"@graph\":[{\"@type\":\"WebPage\",\"@id\":\"https:\/\/qingdaohf.com\/product\/air-vent-grille-covers\/\",\"url\":\"https:\/\/qingdaohf.com\/product\/air-vent-grille-covers\/\",\"name\":\"Air Vent Grille Covers\",\"isPartOf\":{\"@id\":\"https:\/\/qingdaohf.com\/bg\/#website\"},\"primaryImageOfPage\":{\"@id\":\"https:\/\/qingdaohf.com\/product\/air-vent-grille-covers\/#primaryimage\"},\"image\":{\"@id\":\"https:\/\/qingdaohf.com\/product\/air-vent-grille-covers\/#primaryimage\"},\"thumbnailUrl\":\"https:\/\/qingdaohf.com\/wp-content\/uploads\/2024\/10\/Air-vent-grille-covers-3.webp\",\"datePublished\":\"2024-10-16T03:55:09+00:00\",\"dateModified\":\"2025-11-13T01:03:13+00:00\",\"breadcrumb\":{\"@id\":\"https:\/\/qingdaohf.com\/product\/air-vent-grille-covers\/#breadcrumb\"},\"inLanguage\":\"sk-SK\",\"potentialAction\":[{\"@type\":\"ReadAction\",\"target\":[\"https:\/\/qingdaohf.com\/product\/air-vent-grille-covers\/\"]}]},{\"@type\":\"ImageObject\",\"inLanguage\":\"sk-SK\",\"@id\":\"https:\/\/qingdaohf.com\/product\/air-vent-grille-covers\/#primaryimage\",\"url\":\"https:\/\/qingdaohf.com\/wp-content\/uploads\/2024\/10\/Air-vent-grille-covers-3.webp\",\"contentUrl\":\"https:\/\/qingdaohf.com\/wp-content\/uploads\/2024\/10\/Air-vent-grille-covers-3.webp\",\"width\":1000,\"height\":1000,\"caption\":\"Air vent grille covers\"},{\"@type\":\"BreadcrumbList\",\"@id\":\"https:\/\/qingdaohf.com\/product\/air-vent-grille-covers\/#breadcrumb\",\"itemListElement\":[{\"@type\":\"ListItem\",\"position\":1,\"name\":\"Home\",\"item\":\"https:\/\/qingdaohf.com\/\"},{\"@type\":\"ListItem\",\"position\":2,\"name\":\"Concrete Forming Accessories and Rigging Hardware\",\"item\":\"https:\/\/qingdaohf.com\/bg\/?page_id=944\"},{\"@type\":\"ListItem\",\"position\":3,\"name\":\"Air Vent Grille Covers\"}]},{\"@type\":\"WebSite\",\"@id\":\"https:\/\/qingdaohf.com\/bg\/#website\",\"url\":\"https:\/\/qingdaohf.com\/bg\/\",\"name\":\"Concrete Form & Rigging Hardware Supplier\",\"description\":\"\",\"publisher\":{\"@id\":\"https:\/\/qingdaohf.com\/bg\/#organization\"},\"potentialAction\":[{\"@type\":\"SearchAction\",\"target\":{\"@type\":\"EntryPoint\",\"urlTemplate\":\"https:\/\/qingdaohf.com\/bg\/?s={search_term_string}\"},\"query-input\":{\"@type\":\"PropertyValueSpecification\",\"valueRequired\":true,\"valueName\":\"search_term_string\"}}],\"inLanguage\":\"sk-SK\"},{\"@type\":\"Organization\",\"@id\":\"https:\/\/qingdaohf.com\/bg\/#organization\",\"name\":\"Qingdao H&F\",\"url\":\"https:\/\/qingdaohf.com\/bg\/\",\"logo\":{\"@type\":\"ImageObject\",\"inLanguage\":\"sk-SK\",\"@id\":\"https:\/\/qingdaohf.com\/bg\/#\/schema\/logo\/image\/\",\"url\":\"https:\/\/qingdaohf.com\/wp-content\/uploads\/2022\/12\/cropped-HF-LOGO.png\",\"contentUrl\":\"https:\/\/qingdaohf.com\/wp-content\/uploads\/2022\/12\/cropped-HF-LOGO.png\",\"width\":391,\"height\":249,\"caption\":\"Qingdao H&F\"},\"image\":{\"@id\":\"https:\/\/qingdaohf.com\/bg\/#\/schema\/logo\/image\/\"},\"sameAs\":[\"https:\/\/www.facebook.com\/qingdaohf\"]}]}<\/script>\n<!-- \/ Yoast SEO plugin. -->","yoast_head_json":{"title":"Air Vent Grille Covers","robots":{"index":"index","follow":"follow","max-snippet":"max-snippet:-1","max-image-preview":"max-image-preview:large","max-video-preview":"max-video-preview:-1"},"canonical":"https:\/\/qingdaohf.com\/sk\/produkt\/kryty-vetracich-mriezok\/","og_locale":"sk_SK","og_type":"article","og_title":"Air Vent Grille Covers","og_description":"Upgrade your ventilation system with our high-quality Air Vent Grille Covers, designed for optimal airflow and modern aesthetics. Made from durable materials, these covers enhance air circulation, reduce dust buildup, and blend seamlessly with any interior decor. Ideal for both residential and commercial spaces, they ensure a cleaner, fresher environment.","og_url":"https:\/\/qingdaohf.com\/sk\/produkt\/kryty-vetracich-mriezok\/","og_site_name":"Concrete Form &amp; Rigging Hardware Supplier","article_publisher":"https:\/\/www.facebook.com\/qingdaohf","article_modified_time":"2025-11-13T01:03:13+00:00","og_image":[{"width":1000,"height":1000,"url":"https:\/\/qingdaohf.com\/wp-content\/uploads\/2024\/10\/Air-vent-grille-covers-3.webp","type":"image\/webp"}],"twitter_card":"summary_large_image","twitter_misc":{"Predpokladan\u00fd \u010das \u010d\u00edtania":"6 min\u00fat"},"schema":{"@context":"https:\/\/schema.org","@graph":[{"@type":"WebPage","@id":"https:\/\/qingdaohf.com\/product\/air-vent-grille-covers\/","url":"https:\/\/qingdaohf.com\/product\/air-vent-grille-covers\/","name":"Air Vent Grille Covers","isPartOf":{"@id":"https:\/\/qingdaohf.com\/bg\/#website"},"primaryImageOfPage":{"@id":"https:\/\/qingdaohf.com\/product\/air-vent-grille-covers\/#primaryimage"},"image":{"@id":"https:\/\/qingdaohf.com\/product\/air-vent-grille-covers\/#primaryimage"},"thumbnailUrl":"https:\/\/qingdaohf.com\/wp-content\/uploads\/2024\/10\/Air-vent-grille-covers-3.webp","datePublished":"2024-10-16T03:55:09+00:00","dateModified":"2025-11-13T01:03:13+00:00","breadcrumb":{"@id":"https:\/\/qingdaohf.com\/product\/air-vent-grille-covers\/#breadcrumb"},"inLanguage":"sk-SK","potentialAction":[{"@type":"ReadAction","target":["https:\/\/qingdaohf.com\/product\/air-vent-grille-covers\/"]}]},{"@type":"ImageObject","inLanguage":"sk-SK","@id":"https:\/\/qingdaohf.com\/product\/air-vent-grille-covers\/#primaryimage","url":"https:\/\/qingdaohf.com\/wp-content\/uploads\/2024\/10\/Air-vent-grille-covers-3.webp","contentUrl":"https:\/\/qingdaohf.com\/wp-content\/uploads\/2024\/10\/Air-vent-grille-covers-3.webp","width":1000,"height":1000,"caption":"Air vent grille covers"},{"@type":"BreadcrumbList","@id":"https:\/\/qingdaohf.com\/product\/air-vent-grille-covers\/#breadcrumb","itemListElement":[{"@type":"ListItem","position":1,"name":"Home","item":"https:\/\/qingdaohf.com\/"},{"@type":"ListItem","position":2,"name":"Concrete Forming Accessories and Rigging Hardware","item":"https:\/\/qingdaohf.com\/bg\/?page_id=944"},{"@type":"ListItem","position":3,"name":"Air Vent Grille Covers"}]},{"@type":"WebSite","@id":"https:\/\/qingdaohf.com\/bg\/#website","url":"https:\/\/qingdaohf.com\/bg\/","name":"Concrete Form & Rigging Hardware Supplier","description":"","publisher":{"@id":"https:\/\/qingdaohf.com\/bg\/#organization"},"potentialAction":[{"@type":"SearchAction","target":{"@type":"EntryPoint","urlTemplate":"https:\/\/qingdaohf.com\/bg\/?s={search_term_string}"},"query-input":{"@type":"PropertyValueSpecification","valueRequired":true,"valueName":"search_term_string"}}],"inLanguage":"sk-SK"},{"@type":"Organization","@id":"https:\/\/qingdaohf.com\/bg\/#organization","name":"Qingdao H&F","url":"https:\/\/qingdaohf.com\/bg\/","logo":{"@type":"ImageObject","inLanguage":"sk-SK","@id":"https:\/\/qingdaohf.com\/bg\/#\/schema\/logo\/image\/","url":"https:\/\/qingdaohf.com\/wp-content\/uploads\/2022\/12\/cropped-HF-LOGO.png","contentUrl":"https:\/\/qingdaohf.com\/wp-content\/uploads\/2022\/12\/cropped-HF-LOGO.png","width":391,"height":249,"caption":"Qingdao H&F"},"image":{"@id":"https:\/\/qingdaohf.com\/bg\/#\/schema\/logo\/image\/"},"sameAs":["https:\/\/www.facebook.com\/qingdaohf"]}]}},"_links":{"self":[{"href":"https:\/\/qingdaohf.com\/sk\/wp-json\/wp\/v2\/product\/8075","targetHints":{"allow":["GET"]}}],"collection":[{"href":"https:\/\/qingdaohf.com\/sk\/wp-json\/wp\/v2\/product"}],"about":[{"href":"https:\/\/qingdaohf.com\/sk\/wp-json\/wp\/v2\/types\/product"}],"replies":[{"embeddable":true,"href":"https:\/\/qingdaohf.com\/sk\/wp-json\/wp\/v2\/comments?post=8075"}],"version-history":[{"count":3,"href":"https:\/\/qingdaohf.com\/sk\/wp-json\/wp\/v2\/product\/8075\/revisions"}],"predecessor-version":[{"id":8092,"href":"https:\/\/qingdaohf.com\/sk\/wp-json\/wp\/v2\/product\/8075\/revisions\/8092"}],"wp:featuredmedia":[{"embeddable":true,"href":"https:\/\/qingdaohf.com\/sk\/wp-json\/wp\/v2\/media\/8080"}],"wp:attachment":[{"href":"https:\/\/qingdaohf.com\/sk\/wp-json\/wp\/v2\/media?parent=8075"}],"wp:term":[{"taxonomy":"product_brand","embeddable":true,"href":"https:\/\/qingdaohf.com\/sk\/wp-json\/wp\/v2\/product_brand?post=8075"},{"taxonomy":"product_cat","embeddable":true,"href":"https:\/\/qingdaohf.com\/sk\/wp-json\/wp\/v2\/product_cat?post=8075"},{"taxonomy":"product_tag","embeddable":true,"href":"https:\/\/qingdaohf.com\/sk\/wp-json\/wp\/v2\/product_tag?post=8075"}],"curies":[{"name":"wp","href":"https:\/\/api.w.org\/{rel}","templated":true}]}}