{"id":8119,"date":"2024-10-24T17:32:24","date_gmt":"2024-10-24T09:32:24","guid":{"rendered":"http:\/\/qingdaohf.com\/?post_type=product&#038;p=8119"},"modified":"2025-11-13T09:02:55","modified_gmt":"2025-11-13T01:02:55","slug":"6x36-wire-rope","status":"publish","type":"product","link":"https:\/\/qingdaohf.com\/sk\/produkt\/ocelove-lano-6x36\/","title":{"rendered":"6\u00d736 oce\u013eov\u00e9 lano"},"content":{"rendered":"<h3>Preh\u013ead kon\u0161trukcie oce\u013eov\u00e9ho lana 6 \u00d7 36<\/h3>\n<p>Lano 6 \u00d7 36 je zn\u00e1me svojou jedine\u010dnou \u0161trukt\u00farou, ktor\u00e1 sp\u00e1ja pevnos\u0165, odolnos\u0165 a pru\u017enos\u0165. Toto lano m\u00e1 6 prame\u0148ov, z ktor\u00fdch ka\u017ed\u00fd obsahuje 36 jednotliv\u00fdch dr\u00f4tov, \u010do vytv\u00e1ra hust\u00fa, ale prisp\u00f4sobiv\u00fa konfigur\u00e1ciu. Jeho kon\u0161trukcia pon\u00faka jemnej\u0161iu rovnov\u00e1hu medzi flexibilitou a pevnos\u0165ou ako niektor\u00e9 in\u00e9 oce\u013eov\u00e9 lan\u00e1, napr\u00edklad variant 6 \u00d7 19. Kon\u0161trukcia umo\u017e\u0148uje, aby lano zvl\u00e1dlo opakovan\u00e9 oh\u00fdbanie a pohyby bez toho, aby sa naru\u0161ila jeho \u0161truktur\u00e1lna integrita, v\u010faka \u010domu je preferovanou vo\u013ebou pre odvetvia, ktor\u00e9 vy\u017eaduj\u00fa spo\u013eahliv\u00e9 zdv\u00edhanie, zdv\u00edhanie a manipul\u00e1ciu.<\/p>\n<p>Lano 6 \u00d7 36 vyroben\u00e9 z vysoko uhl\u00edkovej ocele je navrhnut\u00e9 tak, aby vydr\u017ealo n\u00e1ro\u010dn\u00e9 podmienky a z\u00e1rove\u0148 si zachovalo svoju z\u00e1kladn\u00fa pevnos\u0165. Tento vysokokvalitn\u00fd materi\u00e1l zvy\u0161uje odolnos\u0165 lana vo\u010di oderu, kor\u00f3zii a opotrebovaniu, v\u010faka \u010domu je vhodn\u00e9 do r\u00f4znych n\u00e1ro\u010dn\u00fdch prostred\u00ed. Oce\u013eov\u00e9 pramene s\u00fa starostlivo usporiadan\u00e9 tak, aby zabezpe\u010dili rovnomern\u00e9 rozlo\u017eenie za\u0165a\u017eenia, \u010doho v\u00fdsledkom je oce\u013eov\u00e9 lano, ktor\u00e9 odol\u00e1 ve\u013ek\u00fdm z\u00e1\u0165a\u017eiam a n\u00e1ro\u010dn\u00fdm prev\u00e1dzkov\u00fdm podmienkam.<\/p>\n<h3>Be\u017en\u00e9 ve\u013ekosti oce\u013eov\u00e9ho lana 6 \u00d7 36<\/h3>\n<p>V\u00fdber ve\u013ekosti oce\u013eov\u00e9ho lana priamo ovplyv\u0148uje jeho pevnos\u0165, pru\u017enos\u0165 a vhodnos\u0165 pre r\u00f4zne aplik\u00e1cie. Oce\u013eov\u00e9 lano 6 \u00d7 36 je k dispoz\u00edcii v r\u00f4znych ve\u013ekostiach, \u010do umo\u017e\u0148uje presn\u00e9 prisp\u00f4sobenie \u0161pecifick\u00fdm potreb\u00e1m r\u00f4znych priemyseln\u00fdch odvetv\u00ed, od stavebn\u00edctva a\u017e po n\u00e1morn\u00e9 prev\u00e1dzky.<\/p>\n<p>Oce\u013eov\u00e9 lano 3\/16 palca 6 \u00d7 36 je v\u0161estrannou vo\u013ebou, ktor\u00e1 pon\u00faka jemn\u00fa rovnov\u00e1hu medzi flexibilitou a pevnos\u0165ou. T\u00e1to ve\u013ekos\u0165 sa \u010dasto vyu\u017e\u00edva v \u013eah\u0161\u00edch aplik\u00e1ci\u00e1ch, kde je faktorom obmedzen\u00fd priestor, ako napr\u00edklad pri mal\u00fdch mont\u00e1\u017each alebo kontrolovan\u00fdch zdv\u00edhac\u00edch \u00faloh\u00e1ch. Jeho kompaktn\u00fd priemer umo\u017e\u0148uje \u013eahk\u00e9 man\u00e9vrovanie a z\u00e1rove\u0148 poskytuje spo\u013eahliv\u00fa \u00farove\u0148 pevnosti v \u0165ahu pri stredne ve\u013ek\u00fdch za\u0165a\u017eeniach.<\/p>\n<p>Pri aplik\u00e1ci\u00e1ch, ktor\u00e9 si vy\u017eaduj\u00fa pevnej\u0161ie lano, poskytuje lano 1\/4 palca 6 \u00d7 36 zv\u00fd\u0161en\u00fa pevnos\u0165 bez toho, aby ste museli obetova\u0165 pr\u00edli\u0161n\u00fa flexibilitu. T\u00e1to ve\u013ekos\u0165 sa \u010dasto vol\u00ed na pou\u017eitie, ako je zdv\u00edhanie a zabezpe\u010dovanie bremien v stavebn\u00edctve alebo v doprave. M\u00f4\u017ee tie\u017e dobre posl\u00fa\u017ei\u0165 pri nav\u00edjan\u00ed, kde je kombin\u00e1cia pevnosti a jednoduchej manipul\u00e1cie rozhoduj\u00faca pre efekt\u00edvnu prev\u00e1dzku.<\/p>\n<p>Robustnej\u0161iu vo\u013ebu predstavuje lano 5\/16 palca 6 \u00d7 36, ktor\u00e9 pon\u00faka zv\u00fd\u0161en\u00fa nosnos\u0165 pri n\u00e1ro\u010dnej\u0161\u00edch \u00faloh\u00e1ch. T\u00e1to ve\u013ekos\u0165 je ide\u00e1lna pre n\u00e1ro\u010dn\u00e9 aplik\u00e1cie, ako s\u00fa priemyseln\u00e9 \u017eeriavy, kladkostroje a lodn\u00e9 lan\u00e1. Jeho hrub\u0161\u00ed priemer mu umo\u017e\u0148uje zn\u00e1\u0161a\u0165 v\u00e4\u010d\u0161ie nap\u00e4tie a nam\u00e1hanie, tak\u017ee je vhodn\u00e9 do prostredia, kde je d\u00f4le\u017eit\u00e1 pevnos\u0165 aj odolnos\u0165.<\/p>\n<p>Pre t\u00fdch, ktor\u00ed potrebuj\u00fa e\u0161te v\u00e4\u010d\u0161iu pevnos\u0165, m\u00f4\u017ee 3\/8 palcov\u00e9 oce\u013eov\u00e9 lano 6 \u00d7 36 poskytn\u00fa\u0165 zna\u010dn\u00fa podporu pre n\u00e1ro\u010dn\u00e9 projekty. Je vhodn\u00e9 na ve\u013ek\u00e9 stavebn\u00e9 projekty a priemyseln\u00e9 pou\u017eitie, kde sa vy\u017eaduje vysok\u00e1 nosnos\u0165. Napriek silnej\u0161iemu priemeru si ve\u013ekos\u0165 3\/8 palca zachov\u00e1va flexibilitu potrebn\u00fa na ur\u010dit\u00e9 oh\u00fdbacie aplik\u00e1cie, \u010do zaru\u010duje, \u017ee \u00fa\u010dinne funguje aj v dynamick\u00fdch podmienkach.<\/p>\n<h3>Typy jadier: FC, IWS a IWRC vo vyhotoven\u00ed 6 \u00d7 36 oce\u013eov\u00fdch l\u00e1n<\/h3>\n<p>Jadro oce\u013eov\u00e9ho lana je d\u00f4le\u017eitou s\u00fa\u010das\u0165ou, ktor\u00e1 ur\u010duje jeho pru\u017enos\u0165, pevnos\u0165 a vhodnos\u0165 na r\u00f4zne aplik\u00e1cie. Dr\u00f4ten\u00e9 lano 6 \u00d7 36 sa dod\u00e1va v troch typoch jadier: Jadro z vl\u00e1kien (FC), jadro z nez\u00e1visl\u00fdch dr\u00f4ten\u00fdch prame\u0148ov (IWS) a jadro z nez\u00e1visl\u00fdch dr\u00f4ten\u00fdch l\u00e1n (IWRC), pri\u010dom ka\u017ed\u00e9 z nich pon\u00faka odli\u0161n\u00e9 v\u00fdhody pre r\u00f4zne pou\u017eitia.<\/p>\n<p>Vl\u00e1knov\u00e9 jadro (FC) sl\u00fa\u017ei ako najflexibilnej\u0161ia mo\u017enos\u0165 jadra pre lano 6 \u00d7 36. Toto jadro je vyroben\u00e9 zo syntetick\u00fdch alebo pr\u00edrodn\u00fdch vl\u00e1kien a poskytuje m\u00e4k\u0161iu a poddajnej\u0161iu \u0161trukt\u00faru jadra. Variant FC je obzvl\u00e1\u0161\u0165 v\u00fdhodn\u00fd v situ\u00e1ci\u00e1ch, ke\u010f sa oce\u013eov\u00e9 lano mus\u00ed \u010dasto pohybova\u0165 okolo kladiek a kladiek, preto\u017ee jeho pru\u017enos\u0165 minimalizuje opotrebovanie lana aj strojov. M\u00e4k\u0161ie jadro v\u0161ak znamen\u00e1, \u017ee v porovnan\u00ed s variantmi s oce\u013eov\u00fdm jadrom pon\u00faka o nie\u010do men\u0161iu pevnos\u0165, tak\u017ee je vhodnej\u0161ie na \u00falohy s ni\u017e\u0161ou z\u00e1\u0165a\u017eou, pri ktor\u00fdch sa uprednost\u0148uje flexibilita pred maxim\u00e1lnou nosnos\u0165ou.<\/p>\n<p>Nez\u00e1visl\u00e9 dr\u00f4ten\u00e9 jadro (IWS) pon\u00faka rovnov\u00e1hu medzi pevnos\u0165ou a flexibilitou. Jadro IWS pozost\u00e1va zo samostatn\u00e9ho dr\u00f4ten\u00e9ho vl\u00e1kna, ktor\u00e9 poskytuje dodato\u010dn\u00fa \u0161truktur\u00e1lnu podporu, \u010d\u00edm zvy\u0161uje odolnos\u0165 a pevnos\u0165 v \u0165ahu oce\u013eov\u00e9ho lana. Tento typ jadra je vhodn\u00fd pre stredne n\u00e1ro\u010dn\u00e9 aplik\u00e1cie, kde sa vy\u017eaduje mierny stupe\u0148 oh\u00fdbania a pohybu, napr\u00edklad v men\u0161\u00edch \u017eeriavoch alebo stredne ve\u013ek\u00fdch zdv\u00edhac\u00edch zariadeniach. Jadro IWS zabezpe\u010duje, \u017ee lano si pri za\u0165a\u017een\u00ed zachov\u00e1va svoj tvar, \u010do z neho rob\u00ed spo\u013eahliv\u00fa vo\u013ebu pre \u00falohy, ktor\u00e9 si vy\u017eaduj\u00fa trochu v\u00e4\u010d\u0161iu robustnos\u0165 bez toho, aby sa obetovala pr\u00edli\u0161n\u00e1 flexibilita.<\/p>\n<p>Pre t\u00fdch, ktor\u00ed h\u013eadaj\u00fa maxim\u00e1lnu pevnos\u0165, poskytuje nez\u00e1visl\u00e9 lanov\u00e9 jadro (IWRC) najvy\u0161\u0161iu \u00farove\u0148 odolnosti spomedzi v\u0161etk\u00fdch typov jadier. IWRC je vyroben\u00e9 zo samostatn\u00e9ho oce\u013eov\u00e9ho lana, ktor\u00e9 zvy\u0161uje celkov\u00fa pevnos\u0165 oce\u013eov\u00e9ho lana 6 \u00d7 36, tak\u017ee je ide\u00e1lne na pou\u017eitie pri vysok\u00fdch za\u0165a\u017eeniach. Tento typ jadra sa be\u017ene pou\u017e\u00edva v prostrediach, kde je rozhoduj\u00faca vysok\u00e1 pevnos\u0165 v \u0165ahu, napr\u00edklad vo ve\u013ek\u00fdch stavebn\u00fdch \u017eeriavoch, priemyseln\u00fdch zdv\u00edhadl\u00e1ch a v n\u00e1morn\u00fdch oper\u00e1ci\u00e1ch, ako je vle\u010denie a kotvenie. Jadro IWRC je s\u00edce menej pru\u017en\u00e9 ako jadro FC alebo IWS, ale jeho schopnos\u0165 zvl\u00e1dnu\u0165 ve\u013ek\u00e9 za\u0165a\u017eenie a odol\u00e1va\u0165 deform\u00e1cii pri nam\u00e1han\u00ed z neho rob\u00ed uprednost\u0148ovan\u00fa mo\u017enos\u0165 pre intenz\u00edvne prev\u00e1dzkov\u00e9 podmienky.<\/p>\n<h3>Pou\u017eitie a v\u00fdhody oce\u013eov\u00e9ho lana 6\u00d736<\/h3>\n<p>Jedine\u010dn\u00fd dizajn a v\u0161estrannos\u0165 oce\u013eov\u00e9ho lana 6 \u00d7 36 z neho robia z\u00e1kladn\u00fa vo\u013ebu v \u0161irokom spektre priemyseln\u00fdch odvetv\u00ed. Jeho schopnos\u0165 kombinova\u0165 pevnos\u0165 a flexibilitu zaru\u010duje, \u017ee sa dok\u00e1\u017ee prisp\u00f4sobi\u0165 r\u00f4znym aplik\u00e1ci\u00e1m a z\u00e1rove\u0148 poskytuje konzistentn\u00fd v\u00fdkon. To z neho rob\u00ed vysoko \u00fa\u010dinn\u00fd n\u00e1stroj na \u00falohy, ako je zdv\u00edhanie, zdv\u00edhanie a manipul\u00e1cia, kde je k\u013e\u00fa\u010dov\u00e1 presnos\u0165 a trvanlivos\u0165.<\/p>\n<p>V stavebnom priemysle zohr\u00e1va oce\u013eov\u00e9 lano 6 \u00d7 36 k\u013e\u00fa\u010dov\u00fa \u00falohu pri prev\u00e1dzke \u017eeriavov, kladkostrojov a in\u00fdch \u0165a\u017ek\u00fdch zdv\u00edhac\u00edch zariaden\u00ed. Jeho kon\u0161trukcia umo\u017e\u0148uje plynul\u00fa prev\u00e1dzku cez kladky a remenice, \u010d\u00edm sa minimalizuje opotrebovanie a predl\u017euje \u017eivotnos\u0165 lana. Dostupnos\u0165 r\u00f4znych mo\u017enost\u00ed jadra znamen\u00e1, \u017ee pou\u017e\u00edvatelia si m\u00f4\u017eu vybra\u0165 ide\u00e1lnu konfigur\u00e1ciu, ktor\u00e1 zodpoved\u00e1 \u0161pecifick\u00fdm po\u017eiadavk\u00e1m ka\u017ed\u00e9ho projektu, \u010di u\u017e to znamen\u00e1 uprednostni\u0165 flexibilitu s jadrom FC alebo sa rozhodn\u00fa\u0165 pre pevnos\u0165 jadra IWRC.<\/p>\n<p>N\u00e1morn\u00e9 aplik\u00e1cie tie\u017e v\u00fdrazne profituj\u00fa z pou\u017e\u00edvania oce\u013eov\u00fdch l\u00e1n 6 \u00d7 36. V\u010faka svojej odolnosti vo\u010di oderu a schopnosti odol\u00e1va\u0165 n\u00e1ro\u010dn\u00fdm podmienkam je vhodn\u00e9 na n\u00e1morn\u00e9 \u00falohy, ako je kotvenie, vle\u010denie a rybolov. Jadro IWRC je v t\u00fdchto podmienkach v\u00fdhodn\u00e9 najm\u00e4 v\u010faka svojej schopnosti zvl\u00e1da\u0165 dynamick\u00e9 za\u0165a\u017eenie, ktor\u00e9 sa vyskytuje na rozb\u00farenom mori a v premenliv\u00fdch podmienkach. Okrem toho kon\u0161trukcia lana z vysoko uhl\u00edkovej ocele zabezpe\u010duje, \u017ee odol\u00e1va koroz\u00edvnym \u00fa\u010dinkom slanej vody, \u010d\u00edm poskytuje dlhodob\u00fa spo\u013eahlivos\u0165 pre n\u00e1morn\u00e9 oper\u00e1cie.<\/p>\n<p>V sektore dopravy a logistiky sa oce\u013eov\u00e9 lan\u00e1 6 \u00d7 36 pou\u017e\u00edvaj\u00fa na zabezpe\u010denie n\u00e1kladu, zdv\u00edhanie \u0165a\u017ek\u00fdch materi\u00e1lov a podporu r\u00f4znych zdv\u00edhac\u00edch mechanizmov. V\u010faka svojej vyv\u00e1\u017eenej kon\u0161trukcii je schopn\u00e9 zvl\u00e1dnu\u0165 statick\u00e9 aj dynamick\u00e9 za\u0165a\u017eenie a pon\u00faka pevnos\u0165 potrebn\u00fa na udr\u017eanie bezpe\u010dn\u00fdch spojen\u00ed bez nadmern\u00e9ho nam\u00e1hania. T\u00e1to v\u0161estrannos\u0165 znamen\u00e1, \u017ee ho mo\u017eno pou\u017ei\u0165 v celom rade dopravn\u00fdch aplik\u00e1ci\u00ed, od zaistenia n\u00e1kladu na lodiach a\u017e po pomoc pri nakladan\u00ed a vykladan\u00ed tovaru v skladoch.<\/p>\n<p>V\u00fdber spr\u00e1vneho jadra a ve\u013ekosti oce\u013eov\u00e9ho lana 6 \u00d7 36 umo\u017e\u0148uje podnikom optimalizova\u0165 svoju prev\u00e1dzku a zabezpe\u010di\u0165, aby dosiahli ide\u00e1lnu kombin\u00e1ciu flexibility, pevnosti a odolnosti pre svoje \u0161pecifick\u00e9 potreby. Pochopen\u00edm mo\u017enost\u00ed jednotliv\u00fdch typov jadier a d\u00f4sledkov r\u00f4znych ve\u013ekost\u00ed m\u00f4\u017eu pou\u017e\u00edvatelia prij\u00edma\u0165 informovan\u00e9 rozhodnutia, ktor\u00e9 maximalizuj\u00fa bezpe\u010dnos\u0165 a efekt\u00edvnos\u0165 ich projektov. Ocelov\u00e9 lano 6 \u00d7 36 s robustnou kon\u0161trukciou a prisp\u00f4sobivos\u0165ou zost\u00e1va preferovanou vo\u013ebou pre t\u00fdch, ktor\u00ed h\u013eadaj\u00fa spo\u013eahlivos\u0165 a v\u00fdkonnos\u0165 pri svojich priemyseln\u00fdch, n\u00e1morn\u00fdch a stavebn\u00fdch aktivit\u00e1ch.<\/p>","protected":false},"excerpt":{"rendered":"<p>Lano 6 \u00d7 36 je vysokopevnostn\u00e9, pru\u017en\u00e9 oce\u013eov\u00e9 lano pozost\u00e1vaj\u00face zo 6 prame\u0148ov, z ktor\u00fdch ka\u017ed\u00fd obsahuje 36 dr\u00f4tov. Je zn\u00e1me svojou vyv\u00e1\u017eenos\u0165ou medzi odolnos\u0165ou a pru\u017enos\u0165ou, v\u010faka \u010domu je vhodn\u00e9 na n\u00e1ro\u010dn\u00e9 aplik\u00e1cie, ako je zdv\u00edhanie, manipul\u00e1cia a n\u00e1morn\u00e9 pou\u017eitie. Ocelov\u00e9 lano 6 \u00d7 36 je be\u017ene dostupn\u00e9 vo ve\u013ekostiach 3\/16 palca, 1\/4 palca a 5\/16 palca a je zvy\u010dajne vyroben\u00e9 z vysoko uhl\u00edkovej ocele. Dod\u00e1va sa s r\u00f4znymi mo\u017enos\u0165ami jadra vr\u00e1tane jadra z vl\u00e1kien (FC), nez\u00e1visl\u00e9ho jadra z dr\u00f4ten\u00fdch prame\u0148ov (IWS) a nez\u00e1visl\u00e9ho jadra z dr\u00f4ten\u00fdch l\u00e1n (IWRC), \u010do umo\u017e\u0148uje prisp\u00f4sobi\u0165 v\u00fdkon v z\u00e1vislosti od konkr\u00e9tnych potrieb.<\/p>","protected":false},"featured_media":8117,"comment_status":"open","ping_status":"closed","template":"","meta":{"site-sidebar-layout":"default","site-content-layout":"","ast-site-content-layout":"default","site-content-style":"default","site-sidebar-style":"default","ast-global-header-display":"","ast-banner-title-visibility":"","ast-main-header-display":"","ast-hfb-above-header-display":"","ast-hfb-below-header-display":"","ast-hfb-mobile-header-display":"","site-post-title":"","ast-breadcrumbs-content":"","ast-featured-img":"","footer-sml-layout":"","theme-transparent-header-meta":"default","adv-header-id-meta":"","stick-header-meta":"default","header-above-stick-meta":"","header-main-stick-meta":"","header-below-stick-meta":"","astra-migrate-meta-layouts":"set","ast-page-background-enabled":"default","ast-page-background-meta":{"desktop":{"background-color":"","background-image":"","background-repeat":"repeat","background-position":"center center","background-size":"auto","background-attachment":"scroll","background-type":"","background-media":"","overlay-type":"","overlay-color":"","overlay-opacity":"","overlay-gradient":""},"tablet":{"background-color":"","background-image":"","background-repeat":"repeat","background-position":"center center","background-size":"auto","background-attachment":"scroll","background-type":"","background-media":"","overlay-type":"","overlay-color":"","overlay-opacity":"","overlay-gradient":""},"mobile":{"background-color":"","background-image":"","background-repeat":"repeat","background-position":"center center","background-size":"auto","background-attachment":"scroll","background-type":"","background-media":"","overlay-type":"","overlay-color":"","overlay-opacity":"","overlay-gradient":""}},"ast-content-background-meta":{"desktop":{"background-color":"var(--ast-global-color-5)","background-image":"","background-repeat":"repeat","background-position":"center center","background-size":"auto","background-attachment":"scroll","background-type":"","background-media":"","overlay-type":"","overlay-color":"","overlay-opacity":"","overlay-gradient":""},"tablet":{"background-color":"var(--ast-global-color-5)","background-image":"","background-repeat":"repeat","background-position":"center center","background-size":"auto","background-attachment":"scroll","background-type":"","background-media":"","overlay-type":"","overlay-color":"","overlay-opacity":"","overlay-gradient":""},"mobile":{"background-color":"var(--ast-global-color-5)","background-image":"","background-repeat":"repeat","background-position":"center center","background-size":"auto","background-attachment":"scroll","background-type":"","background-media":"","overlay-type":"","overlay-color":"","overlay-opacity":"","overlay-gradient":""}}},"product_brand":[],"product_cat":[37],"product_tag":[89],"class_list":{"0":"post-8119","1":"product","2":"type-product","3":"status-publish","4":"has-post-thumbnail","6":"product_cat-wire-rope","7":"product_tag-wire-rope","8":"desktop-align-left","9":"tablet-align-left","10":"mobile-align-left","11":"ast-product-gallery-layout-horizontal-slider","12":"ast-product-tabs-layout-horizontal","14":"first","15":"instock","16":"shipping-taxable","17":"purchasable","18":"product-type-simple"},"yoast_head":"<!-- This site is optimized with the Yoast SEO plugin v25.2 - https:\/\/yoast.com\/wordpress\/plugins\/seo\/ -->\n<title>6x36 Wire Rope<\/title>\n<meta name=\"description\" content=\"The 6x36 wire rope is a high-strength, flexible steel wire rope consisting of 6 strands, each containing 36 wires.\" \/>\n<meta name=\"robots\" content=\"index, follow, max-snippet:-1, max-image-preview:large, max-video-preview:-1\" \/>\n<link rel=\"canonical\" href=\"https:\/\/qingdaohf.com\/sk\/produkt\/ocelove-lano-6x36\/\" \/>\n<meta property=\"og:locale\" content=\"sk_SK\" \/>\n<meta property=\"og:type\" content=\"article\" \/>\n<meta property=\"og:title\" content=\"6x36 Wire Rope\" \/>\n<meta property=\"og:description\" content=\"The 6x36 wire rope is a high-strength, flexible steel wire rope consisting of 6 strands, each containing 36 wires.\" \/>\n<meta property=\"og:url\" content=\"https:\/\/qingdaohf.com\/sk\/produkt\/ocelove-lano-6x36\/\" \/>\n<meta property=\"og:site_name\" content=\"Concrete Form &amp; Rigging Hardware Supplier\" \/>\n<meta property=\"article:publisher\" content=\"https:\/\/www.facebook.com\/qingdaohf\" \/>\n<meta property=\"article:modified_time\" content=\"2025-11-13T01:02:55+00:00\" \/>\n<meta property=\"og:image\" content=\"https:\/\/qingdaohf.com\/wp-content\/uploads\/2024\/10\/6x36-IWRC-Bright-Wire-Rope.webp\" \/>\n\t<meta property=\"og:image:width\" content=\"744\" \/>\n\t<meta property=\"og:image:height\" content=\"744\" \/>\n\t<meta property=\"og:image:type\" content=\"image\/webp\" \/>\n<meta name=\"twitter:card\" content=\"summary_large_image\" \/>\n<meta name=\"twitter:label1\" content=\"Predpokladan\u00fd \u010das \u010d\u00edtania\" \/>\n\t<meta name=\"twitter:data1\" content=\"6 min\u00fat\" \/>\n<script type=\"application\/ld+json\" class=\"yoast-schema-graph\">{\"@context\":\"https:\/\/schema.org\",\"@graph\":[{\"@type\":\"WebPage\",\"@id\":\"https:\/\/qingdaohf.com\/product\/6x36-wire-rope\/\",\"url\":\"https:\/\/qingdaohf.com\/product\/6x36-wire-rope\/\",\"name\":\"6x36 Wire Rope\",\"isPartOf\":{\"@id\":\"https:\/\/qingdaohf.com\/bg\/#website\"},\"primaryImageOfPage\":{\"@id\":\"https:\/\/qingdaohf.com\/product\/6x36-wire-rope\/#primaryimage\"},\"image\":{\"@id\":\"https:\/\/qingdaohf.com\/product\/6x36-wire-rope\/#primaryimage\"},\"thumbnailUrl\":\"https:\/\/qingdaohf.com\/wp-content\/uploads\/2024\/10\/6x36-IWRC-Bright-Wire-Rope.webp\",\"datePublished\":\"2024-10-24T09:32:24+00:00\",\"dateModified\":\"2025-11-13T01:02:55+00:00\",\"description\":\"The 6x36 wire rope is a high-strength, flexible steel wire rope consisting of 6 strands, each containing 36 wires.\",\"breadcrumb\":{\"@id\":\"https:\/\/qingdaohf.com\/product\/6x36-wire-rope\/#breadcrumb\"},\"inLanguage\":\"sk-SK\",\"potentialAction\":[{\"@type\":\"ReadAction\",\"target\":[\"https:\/\/qingdaohf.com\/product\/6x36-wire-rope\/\"]}]},{\"@type\":\"ImageObject\",\"inLanguage\":\"sk-SK\",\"@id\":\"https:\/\/qingdaohf.com\/product\/6x36-wire-rope\/#primaryimage\",\"url\":\"https:\/\/qingdaohf.com\/wp-content\/uploads\/2024\/10\/6x36-IWRC-Bright-Wire-Rope.webp\",\"contentUrl\":\"https:\/\/qingdaohf.com\/wp-content\/uploads\/2024\/10\/6x36-IWRC-Bright-Wire-Rope.webp\",\"width\":744,\"height\":744,\"caption\":\"6x36 IWRC Wire Rope\"},{\"@type\":\"BreadcrumbList\",\"@id\":\"https:\/\/qingdaohf.com\/product\/6x36-wire-rope\/#breadcrumb\",\"itemListElement\":[{\"@type\":\"ListItem\",\"position\":1,\"name\":\"Home\",\"item\":\"https:\/\/qingdaohf.com\/\"},{\"@type\":\"ListItem\",\"position\":2,\"name\":\"Concrete Forming Accessories and Rigging Hardware\",\"item\":\"https:\/\/qingdaohf.com\/bg\/?page_id=944\"},{\"@type\":\"ListItem\",\"position\":3,\"name\":\"6&#215;36 Wire Rope\"}]},{\"@type\":\"WebSite\",\"@id\":\"https:\/\/qingdaohf.com\/bg\/#website\",\"url\":\"https:\/\/qingdaohf.com\/bg\/\",\"name\":\"Concrete Form & Rigging Hardware Supplier\",\"description\":\"\",\"publisher\":{\"@id\":\"https:\/\/qingdaohf.com\/bg\/#organization\"},\"potentialAction\":[{\"@type\":\"SearchAction\",\"target\":{\"@type\":\"EntryPoint\",\"urlTemplate\":\"https:\/\/qingdaohf.com\/bg\/?s={search_term_string}\"},\"query-input\":{\"@type\":\"PropertyValueSpecification\",\"valueRequired\":true,\"valueName\":\"search_term_string\"}}],\"inLanguage\":\"sk-SK\"},{\"@type\":\"Organization\",\"@id\":\"https:\/\/qingdaohf.com\/bg\/#organization\",\"name\":\"Qingdao H&F\",\"url\":\"https:\/\/qingdaohf.com\/bg\/\",\"logo\":{\"@type\":\"ImageObject\",\"inLanguage\":\"sk-SK\",\"@id\":\"https:\/\/qingdaohf.com\/bg\/#\/schema\/logo\/image\/\",\"url\":\"https:\/\/qingdaohf.com\/wp-content\/uploads\/2022\/12\/cropped-HF-LOGO.png\",\"contentUrl\":\"https:\/\/qingdaohf.com\/wp-content\/uploads\/2022\/12\/cropped-HF-LOGO.png\",\"width\":391,\"height\":249,\"caption\":\"Qingdao H&F\"},\"image\":{\"@id\":\"https:\/\/qingdaohf.com\/bg\/#\/schema\/logo\/image\/\"},\"sameAs\":[\"https:\/\/www.facebook.com\/qingdaohf\"]}]}<\/script>\n<!-- \/ Yoast SEO plugin. -->","yoast_head_json":{"title":"6x36 Wire Rope","description":"The 6x36 wire rope is a high-strength, flexible steel wire rope consisting of 6 strands, each containing 36 wires.","robots":{"index":"index","follow":"follow","max-snippet":"max-snippet:-1","max-image-preview":"max-image-preview:large","max-video-preview":"max-video-preview:-1"},"canonical":"https:\/\/qingdaohf.com\/sk\/produkt\/ocelove-lano-6x36\/","og_locale":"sk_SK","og_type":"article","og_title":"6x36 Wire Rope","og_description":"The 6x36 wire rope is a high-strength, flexible steel wire rope consisting of 6 strands, each containing 36 wires.","og_url":"https:\/\/qingdaohf.com\/sk\/produkt\/ocelove-lano-6x36\/","og_site_name":"Concrete Form &amp; Rigging Hardware Supplier","article_publisher":"https:\/\/www.facebook.com\/qingdaohf","article_modified_time":"2025-11-13T01:02:55+00:00","og_image":[{"width":744,"height":744,"url":"https:\/\/qingdaohf.com\/wp-content\/uploads\/2024\/10\/6x36-IWRC-Bright-Wire-Rope.webp","type":"image\/webp"}],"twitter_card":"summary_large_image","twitter_misc":{"Predpokladan\u00fd \u010das \u010d\u00edtania":"6 min\u00fat"},"schema":{"@context":"https:\/\/schema.org","@graph":[{"@type":"WebPage","@id":"https:\/\/qingdaohf.com\/product\/6x36-wire-rope\/","url":"https:\/\/qingdaohf.com\/product\/6x36-wire-rope\/","name":"6x36 Wire Rope","isPartOf":{"@id":"https:\/\/qingdaohf.com\/bg\/#website"},"primaryImageOfPage":{"@id":"https:\/\/qingdaohf.com\/product\/6x36-wire-rope\/#primaryimage"},"image":{"@id":"https:\/\/qingdaohf.com\/product\/6x36-wire-rope\/#primaryimage"},"thumbnailUrl":"https:\/\/qingdaohf.com\/wp-content\/uploads\/2024\/10\/6x36-IWRC-Bright-Wire-Rope.webp","datePublished":"2024-10-24T09:32:24+00:00","dateModified":"2025-11-13T01:02:55+00:00","description":"The 6x36 wire rope is a high-strength, flexible steel wire rope consisting of 6 strands, each containing 36 wires.","breadcrumb":{"@id":"https:\/\/qingdaohf.com\/product\/6x36-wire-rope\/#breadcrumb"},"inLanguage":"sk-SK","potentialAction":[{"@type":"ReadAction","target":["https:\/\/qingdaohf.com\/product\/6x36-wire-rope\/"]}]},{"@type":"ImageObject","inLanguage":"sk-SK","@id":"https:\/\/qingdaohf.com\/product\/6x36-wire-rope\/#primaryimage","url":"https:\/\/qingdaohf.com\/wp-content\/uploads\/2024\/10\/6x36-IWRC-Bright-Wire-Rope.webp","contentUrl":"https:\/\/qingdaohf.com\/wp-content\/uploads\/2024\/10\/6x36-IWRC-Bright-Wire-Rope.webp","width":744,"height":744,"caption":"6x36 IWRC Wire Rope"},{"@type":"BreadcrumbList","@id":"https:\/\/qingdaohf.com\/product\/6x36-wire-rope\/#breadcrumb","itemListElement":[{"@type":"ListItem","position":1,"name":"Home","item":"https:\/\/qingdaohf.com\/"},{"@type":"ListItem","position":2,"name":"Concrete Forming Accessories and Rigging Hardware","item":"https:\/\/qingdaohf.com\/bg\/?page_id=944"},{"@type":"ListItem","position":3,"name":"6&#215;36 Wire Rope"}]},{"@type":"WebSite","@id":"https:\/\/qingdaohf.com\/bg\/#website","url":"https:\/\/qingdaohf.com\/bg\/","name":"Concrete Form & Rigging Hardware Supplier","description":"","publisher":{"@id":"https:\/\/qingdaohf.com\/bg\/#organization"},"potentialAction":[{"@type":"SearchAction","target":{"@type":"EntryPoint","urlTemplate":"https:\/\/qingdaohf.com\/bg\/?s={search_term_string}"},"query-input":{"@type":"PropertyValueSpecification","valueRequired":true,"valueName":"search_term_string"}}],"inLanguage":"sk-SK"},{"@type":"Organization","@id":"https:\/\/qingdaohf.com\/bg\/#organization","name":"Qingdao H&F","url":"https:\/\/qingdaohf.com\/bg\/","logo":{"@type":"ImageObject","inLanguage":"sk-SK","@id":"https:\/\/qingdaohf.com\/bg\/#\/schema\/logo\/image\/","url":"https:\/\/qingdaohf.com\/wp-content\/uploads\/2022\/12\/cropped-HF-LOGO.png","contentUrl":"https:\/\/qingdaohf.com\/wp-content\/uploads\/2022\/12\/cropped-HF-LOGO.png","width":391,"height":249,"caption":"Qingdao H&F"},"image":{"@id":"https:\/\/qingdaohf.com\/bg\/#\/schema\/logo\/image\/"},"sameAs":["https:\/\/www.facebook.com\/qingdaohf"]}]}},"_links":{"self":[{"href":"https:\/\/qingdaohf.com\/sk\/wp-json\/wp\/v2\/product\/8119","targetHints":{"allow":["GET"]}}],"collection":[{"href":"https:\/\/qingdaohf.com\/sk\/wp-json\/wp\/v2\/product"}],"about":[{"href":"https:\/\/qingdaohf.com\/sk\/wp-json\/wp\/v2\/types\/product"}],"replies":[{"embeddable":true,"href":"https:\/\/qingdaohf.com\/sk\/wp-json\/wp\/v2\/comments?post=8119"}],"version-history":[{"count":1,"href":"https:\/\/qingdaohf.com\/sk\/wp-json\/wp\/v2\/product\/8119\/revisions"}],"predecessor-version":[{"id":8120,"href":"https:\/\/qingdaohf.com\/sk\/wp-json\/wp\/v2\/product\/8119\/revisions\/8120"}],"wp:featuredmedia":[{"embeddable":true,"href":"https:\/\/qingdaohf.com\/sk\/wp-json\/wp\/v2\/media\/8117"}],"wp:attachment":[{"href":"https:\/\/qingdaohf.com\/sk\/wp-json\/wp\/v2\/media?parent=8119"}],"wp:term":[{"taxonomy":"product_brand","embeddable":true,"href":"https:\/\/qingdaohf.com\/sk\/wp-json\/wp\/v2\/product_brand?post=8119"},{"taxonomy":"product_cat","embeddable":true,"href":"https:\/\/qingdaohf.com\/sk\/wp-json\/wp\/v2\/product_cat?post=8119"},{"taxonomy":"product_tag","embeddable":true,"href":"https:\/\/qingdaohf.com\/sk\/wp-json\/wp\/v2\/product_tag?post=8119"}],"curies":[{"name":"wp","href":"https:\/\/api.w.org\/{rel}","templated":true}]}}