{"id":8178,"date":"2024-10-29T16:45:43","date_gmt":"2024-10-29T08:45:43","guid":{"rendered":"http:\/\/qingdaohf.com\/?post_type=product&#038;p=8178"},"modified":"2025-11-13T09:02:54","modified_gmt":"2025-11-13T01:02:54","slug":"studless-anchor-chain","status":"publish","type":"product","link":"https:\/\/qingdaohf.com\/sk\/produkt\/kotevna-retaz-bez-capov\/","title":{"rendered":"Kotvov\u00e1 re\u0165az bez z\u00e1vitov"},"content":{"rendered":"<h3>Z\u00e1kladn\u00e9 vlastnosti kotevn\u00fdch re\u0165az\u00ed bez kol\u00edkov: Vyroben\u00e9 pre pevnos\u0165 a odolnos\u0165<\/h3>\n<p><img fetchpriority=\"high\" decoding=\"async\" class=\"alignnone size-full wp-image-8169\" src=\"http:\/\/qingdaohf.com\/wp-content\/uploads\/2024\/10\/studless-anchor-chain_2.webp\" alt=\"kotevn\u00e1 re\u0165az bez \u010dapov\" width=\"831\" height=\"1087\" srcset=\"https:\/\/qingdaohf.com\/wp-content\/uploads\/2024\/10\/studless-anchor-chain_2.webp 831w, https:\/\/qingdaohf.com\/wp-content\/uploads\/2024\/10\/studless-anchor-chain_2-229x300.webp 229w, https:\/\/qingdaohf.com\/wp-content\/uploads\/2024\/10\/studless-anchor-chain_2-783x1024.webp 783w, https:\/\/qingdaohf.com\/wp-content\/uploads\/2024\/10\/studless-anchor-chain_2-768x1005.webp 768w, https:\/\/qingdaohf.com\/wp-content\/uploads\/2024\/10\/studless-anchor-chain_2-9x12.webp 9w\" sizes=\"(max-width: 831px) 100vw, 831px\" \/><\/p>\n<p>Kotviace re\u0165aze bez kol\u00edkov s\u00fa neoddelite\u013enou s\u00fa\u010das\u0165ou n\u00e1morn\u00e9ho priemyslu, kde plnia kritick\u00fa \u00falohu pri zabezpe\u010dovan\u00ed plavidiel v r\u00f4znych prostrediach. Pri ich kon\u0161trukcii sa uprednost\u0148uje odolnos\u0165 a funk\u010dnos\u0165, \u010d\u00edm sa zabezpe\u010duje, \u017ee vydr\u017eia n\u00e1ro\u010dn\u00e9 po\u017eiadavky kotvenia na ve\u013ekom mori. Re\u0165aze bez kol\u00edkov maj\u00fa na rozdiel od svojich kol\u00edkov\u00fdch n\u00e1protivkov \u010dl\u00e1nky re\u0165aze bez vn\u00fatorn\u00fdch kol\u00edkov, v\u010faka \u010domu s\u00fa \u013eah\u0161ie a \u010dasto pru\u017enej\u0161ie. T\u00e1to vlastnos\u0165 je cenn\u00e1 najm\u00e4 pri aplik\u00e1ci\u00e1ch, kde je \u017eiaduca ni\u017e\u0161ia hmotnos\u0165 a v\u00e4\u010d\u0161ia flexibilita. Napriek \u013eah\u0161ej kon\u0161trukcii s\u00fa tieto re\u0165aze st\u00e1le v\u00fdnimo\u010dne pevn\u00e9, pri\u010dom ka\u017ed\u00fd \u010dl\u00e1nok je vyroben\u00fd tak, aby vydr\u017eal obrovsk\u00e9 za\u0165a\u017eenie a vysok\u00e9 nap\u00e4\u0165ov\u00e9 sily typick\u00e9 pre n\u00e1morn\u00e9 kotvenie.<\/p>\n<p>V\u010faka v\u0161estrannosti s\u00fa re\u0165aze bez \u010dapov vhodn\u00e9 na r\u00f4zne n\u00e1morn\u00e9 pou\u017eitie, od kotvenia mal\u00fdch lod\u00ed a\u017e po \u0165a\u017ek\u00e9 priemyseln\u00e9 aplik\u00e1cie. Tieto re\u0165aze s\u00fa pr\u00edsne testovan\u00e9 na splnenie medzin\u00e1rodn\u00fdch noriem, preto\u017ee ich spo\u013eahlivos\u0165 je prvorad\u00e1 pre zaistenie bezpe\u010dnosti plavidiel aj pos\u00e1dky. V\u010faka svojej kon\u0161trukcii pon\u00fakaj\u00fa aj p\u00f4sobiv\u00fd stupe\u0148 odolnosti vo\u010di kor\u00f3zii a opotrebovaniu, \u010do je nevyhnutn\u00e9 v slanom a inom drsnom prostred\u00ed. Kon\u0161trukcia \u010falej zni\u017euje po\u010det pr\u00edpadov zachytenia re\u0165aze, preto\u017ee ich jednotn\u00e1 kon\u0161trukcia minimalizuje slab\u00e9 miesta. T\u00e1to vlastnos\u0165 viedla k tomu, \u017ee n\u00e1morn\u00ed in\u017einieri a prev\u00e1dzkovatelia plavidiel, ktor\u00ed h\u013eadaj\u00fa trvanlivos\u0165 a spo\u013eahlivos\u0165 vo vysoko nam\u00e1han\u00fdch situ\u00e1ci\u00e1ch, \u010doraz viac uprednost\u0148uj\u00fa re\u0165aze bez \u010dapov.<\/p>\n<h3>V\u00fdhody v\u00fdberu kotevn\u00fdch re\u0165az\u00ed bez t\u0155\u0148ov od spolo\u010dnosti Qingdao H&amp;F<\/h3>\n<p>V spolo\u010dnosti Qingdao H&amp;F sa zav\u00e4zujeme poskytova\u0165 na\u0161im klientom vysokokvalitn\u00e9 kotviace re\u0165aze bez t\u0155\u0148ov, ktor\u00e9 sp\u013a\u0148aj\u00fa pr\u00edsne normy bezpe\u010dnosti, pevnosti a odolnosti. Na\u0161e re\u0165aze prech\u00e1dzaj\u00fa pr\u00edsnym testovan\u00edm kvality, aby sa zabezpe\u010dil ich optim\u00e1lny v\u00fdkon v r\u00f4znych podmienkach. Tento proces zah\u0155\u0148a sk\u00fa\u0161obn\u00e9 za\u0165a\u017eenie, ktor\u00e9 je nevyhnutn\u00e9 na potvrdenie toho, \u017ee ka\u017ed\u00e1 re\u0165az zvl\u00e1dne maxim\u00e1lne za\u0165a\u017eenie o\u010dak\u00e1van\u00e9 po\u010das pou\u017e\u00edvania. Kupuj\u00faci sa \u010doraz viac zauj\u00edmaj\u00fa o sk\u00fa\u0161obn\u00e9 za\u0165a\u017eenie, preto\u017ee priamo ovplyv\u0148uje spo\u013eahlivos\u0165 re\u0165aze, najm\u00e4 v n\u00e1ro\u010dn\u00fdch situ\u00e1ci\u00e1ch pri kotven\u00ed.<\/p>\n<p>Spolo\u010dnos\u0165 Qingdao H&amp;F sa odli\u0161uje svoj\u00edm z\u00e1v\u00e4zkom k spokojnosti a spo\u013eahlivosti z\u00e1kazn\u00edkov. V\u010faka viac ako 20 rokom sk\u00fasenost\u00ed v oblasti B2B obchodovania pon\u00faka n\u00e1\u0161 t\u00edm individu\u00e1lny z\u00e1kazn\u00edcky servis prisp\u00f4soben\u00fd jedine\u010dn\u00fdm potreb\u00e1m ka\u017ed\u00e9ho klienta. Na\u0161i sk\u00fasen\u00ed odborn\u00edci sprev\u00e1dzaj\u00fa klientov ka\u017ed\u00fdm krokom n\u00e1kupn\u00e9ho procesu a zabezpe\u010duj\u00fa, aby na\u0161li ide\u00e1lne \u0161pecifik\u00e1cie re\u0165azca, ktor\u00e9 zodpovedaj\u00fa po\u017eiadavk\u00e1m ich projektu. Ch\u00e1peme, \u017ee v tomto odvetv\u00ed je rozhoduj\u00face r\u00fdchle dodanie, preto kladieme d\u00f4raz na v\u010dasn\u00fa logistiku, aby sme splnili potreby na\u0161ich klientov pri pl\u00e1novan\u00ed bez kompromisov.<\/p>\n<p>Okrem na\u0161ich siln\u00fdch dod\u00e1vate\u013esk\u00fdch schopnost\u00ed s\u00fa na\u0161e v\u00fdrobky podlo\u017een\u00e9 komplexn\u00fdmi spr\u00e1vami o kontrole kvality. Tieto spr\u00e1vy poskytuj\u00fa transparentnos\u0165 a istotu a pom\u00e1haj\u00fa klientom prij\u00edma\u0165 informovan\u00e9 rozhodnutia o n\u00e1kupe. V procese kontroly sa hodnotia faktory ako zlo\u017eenie materi\u00e1lu, pevnos\u0165 v \u0165ahu a odolnos\u0165 proti kor\u00f3zii, ktor\u00e9 ovplyv\u0148uj\u00fa \u017eivotnos\u0165 a v\u00fdkonnos\u0165 re\u0165aze. T\u00fdm, \u017ee na\u0161im klientom poskytujeme podrobn\u00e9 kontroln\u00e9 spr\u00e1vy, umo\u017e\u0148ujeme im bez ob\u00e1v investova\u0165 do v\u00fdrobkov, ktor\u00e9 sp\u013a\u0148aj\u00fa ich n\u00e1ro\u010dn\u00e9 normy.<\/p>\n<h3>V\u00fdber spr\u00e1vnych \u0161pecifik\u00e1ci\u00ed: Pre\u010do je d\u00f4le\u017eit\u00fd priemer re\u0165aze a sk\u00fa\u0161obn\u00e9 za\u0165a\u017eenie<\/h3>\n<p>Pri v\u00fdbere kotevn\u00fdch re\u0165az\u00ed bez t\u0155\u0148ov s\u00fa d\u00f4le\u017eit\u00e9 najm\u00e4 dve \u0161pecifik\u00e1cie: priemer a sk\u00fa\u0161obn\u00e9 za\u0165a\u017eenie. Priemer ka\u017ed\u00e9ho \u010dl\u00e1nku re\u0165aze meran\u00fd v palcoch ovplyv\u0148uje hmotnos\u0165 re\u0165aze a jej nosnos\u0165. V\u00fdber spr\u00e1vneho priemeru je nevyhnutn\u00fd, preto\u017ee priamo ovplyv\u0148uje v\u00fdkonnos\u0165 re\u0165aze pri kotven\u00ed. Napr\u00edklad priemer 1\/2 palca m\u00f4\u017ee by\u0165 vhodn\u00fd pre \u013eahk\u00e9 plavidl\u00e1, zatia\u013e \u010do \u0165a\u017ek\u00e9 priemyseln\u00e9 aplik\u00e1cie m\u00f4\u017eu vy\u017eadova\u0165 re\u0165aze s priemerom 3\/4 palca alebo v\u00e4\u010d\u0161\u00edm.<\/p>\n<p>\u010eal\u0161\u00edm rozhoduj\u00facim faktorom je sk\u00fa\u0161obn\u00e9 za\u0165a\u017eenie, ktor\u00e9 predstavuje maxim\u00e1lne za\u0165a\u017eenie, ktor\u00e9 m\u00f4\u017ee re\u0165az vydr\u017ea\u0165 bez trvalej deform\u00e1cie. Tento ukazovate\u013e je pre z\u00e1kazn\u00edkov k\u013e\u00fa\u010dov\u00fd, preto\u017ee poskytuje jasn\u00e9 meradlo schopnosti re\u0165aze zvl\u00e1dnu\u0165 ve\u013ek\u00e9 za\u0165a\u017eenie v re\u00e1lnych podmienkach. V spolo\u010dnosti Qingdao H&amp;F pon\u00fakame re\u0165aze, ktor\u00e9 s\u00fa testovan\u00e9 na prekro\u010denie priemyseln\u00fdch \u0161tandardov, \u010do na\u0161im klientom poskytuje v\u00e4\u010d\u0161iu d\u00f4veru v ich v\u00fdkon. Testovanie sk\u00fa\u0161obn\u00e9ho za\u0165a\u017eenia je tie\u017e cenn\u00fdm meradlom bezpe\u010dnosti re\u0165aze, preto\u017ee zaru\u010duje, \u017ee re\u0165az si zachov\u00e1 svoju integritu aj pri n\u00e1hlom a intenz\u00edvnom nam\u00e1han\u00ed.<\/p>\n<p>V\u00fdberom kotevnej re\u0165aze bez t\u0155\u0148ov s vhodn\u00fdm priemerom a sk\u00fa\u0161obn\u00fdm za\u0165a\u017een\u00edm si m\u00f4\u017eu kupuj\u00faci zabezpe\u010di\u0165 optim\u00e1lny v\u00fdkon pre svoje \u0161pecifick\u00e9 potreby kotvenia. N\u00e1\u0161 t\u00edm v spolo\u010dnosti Qingdao H&amp;F je pripraven\u00fd poradi\u0165 klientom pri v\u00fdbere ide\u00e1lnych \u0161pecifik\u00e1ci\u00ed, pri\u010dom vych\u00e1dza z na\u0161ich hlbok\u00fdch znalost\u00ed priemyseln\u00fdch noriem a vlastnost\u00ed materi\u00e1lov, aby odporu\u010dil v\u00fdrobky, ktor\u00e9 s\u00fa v s\u00falade s prev\u00e1dzkov\u00fdmi po\u017eiadavkami ka\u017ed\u00e9ho klienta.<\/p>\n<h3>D\u00f4vera v osved\u010den\u00e9ho partnera: Pre\u010do je spolo\u010dnos\u0165 Qingdao H&amp;F preferovanou vo\u013ebou<\/h3>\n<p>Pre t\u00fdch, ktor\u00ed h\u013eadaj\u00fa kotviace re\u0165aze bez \u010dapov, je najd\u00f4le\u017eitej\u0161ia spo\u013eahlivos\u0165 a sk\u00fasenosti dod\u00e1vate\u013ea. V\u010faka dvadsiatim rokom sk\u00fasenost\u00ed v sektore B2B spolo\u010dnos\u0165 Qingdao H&amp;F rozumie komplexn\u00fdm potreb\u00e1m n\u00e1morn\u00fdch a priemyseln\u00fdch klientov. N\u00e1\u0161 \u0161pecializovan\u00fd individu\u00e1lny z\u00e1kazn\u00edcky servis znamen\u00e1, \u017ee ka\u017ed\u00fd klient dostane individu\u00e1lnu podporu, ktor\u00e1 mu pom\u00f4\u017ee n\u00e1js\u0165 najlep\u0161ie rie\u0161enia pre jeho po\u017eiadavky na kotvenie a kotvenie. Okrem toho na\u0161e pr\u00edsne testovacie protokoly zaru\u010duj\u00fa, \u017ee ka\u017ed\u00fd v\u00fdrobok sp\u013a\u0148a alebo prevy\u0161uje priemyseln\u00e9 normy kvality a \u017eivotnosti.<\/p>\n<p>Z\u00e1v\u00e4zok kvality sa nekon\u010d\u00ed predajom. Spolo\u010dnos\u0165 Qingdao H&amp;F pon\u00faka popredajn\u00fa podporu a r\u00fdchle odpovede na ot\u00e1zky klientov, \u010d\u00edm e\u0161te viac zlep\u0161uje sk\u00fasenosti na\u0161ich klientov. Sme hrd\u00ed na na\u0161u schopnos\u0165 budova\u0165 dlhodob\u00e9 vz\u0165ahy a poskytova\u0165 spo\u013eahliv\u00fd zdroj vysokokvalitn\u00fdch kotevn\u00fdch re\u0165az\u00ed bez t\u0155\u0148ov, na ktor\u00e9 sa klienti m\u00f4\u017eu spo\u013eahn\u00fa\u0165. V\u010faka n\u00e1\u0161mu transparentn\u00e9mu procesu kontroly kvality a odhodlaniu r\u00fdchlo dod\u00e1va\u0165 sme si v r\u00e1mci odvetvia vybudovali poves\u0165 \u0161pi\u010dkovej firmy.<\/p>\n<p>V\u00fdberom spolo\u010dnosti Qingdao H&amp;F klienti profituj\u00fa nielen z vynikaj\u00facej kvality v\u00fdrobkov, ale aj z istoty, ktor\u00fa poskytuj\u00fa na\u0161e komplexn\u00e9 kontroln\u00e9 spr\u00e1vy a odborn\u00e9 poradenstvo. Pri poh\u013eade do bud\u00facnosti sa na\u010falej zameriavame na pomoc klientom pri dosahovan\u00ed \u00faspechu prostredn\u00edctvom poskytovania vysokokvalitn\u00fdch kotevn\u00fdch re\u0165az\u00ed bez \u010dapov, ktor\u00e9 poskytuj\u00fa v\u00fdkon aj pokoj.<\/p>","protected":false},"excerpt":{"rendered":"<p>Kotviace re\u0165aze bez kol\u00edkov s\u00fa spo\u013eahlivou vo\u013ebou pre n\u00e1ro\u010dn\u00e9 kotvenie a kotvenie, zn\u00e1me svojou robustnou \u0161trukt\u00farou a odolnos\u0165ou vo\u010di opotrebovaniu v n\u00e1ro\u010dn\u00fdch morsk\u00fdch podmienkach. Kupuj\u00faci sa zvy\u010dajne zameriavaj\u00fa na faktory, ako je odolnos\u0165, sk\u00fa\u0161obn\u00e9 za\u0165a\u017eenie a schopnos\u0165 re\u0165aze odol\u00e1va\u0165 dlhodobo vysok\u00fdm z\u00e1\u0165a\u017eiam. Ako obchodn\u00e1 spolo\u010dnos\u0165 B2B s 20-ro\u010dn\u00fdmi sk\u00fasenos\u0165ami je spolo\u010dnos\u0165 Qingdao H&amp;F hrd\u00e1 na to, \u017ee pon\u00faka konkurencieschopn\u00e9 ceny, r\u00fdchly dodac\u00ed cyklus a komplexn\u00e9 spr\u00e1vy o kontrole kvality. N\u00e1\u0161 individu\u00e1lny z\u00e1kazn\u00edcky servis zabezpe\u010duje n\u00e1kup na mieru, v\u010faka \u010domu sme d\u00f4veryhodn\u00fdm partnerom pri dod\u00e1van\u00ed vysokokvalitn\u00fdch kotevn\u00fdch re\u0165az\u00ed bez t\u0155\u0148ov, ktor\u00e9 sp\u013a\u0148aj\u00fa pr\u00edsne priemyseln\u00e9 normy.<\/p>","protected":false},"featured_media":8171,"comment_status":"open","ping_status":"closed","template":"","meta":{"site-sidebar-layout":"default","site-content-layout":"","ast-site-content-layout":"default","site-content-style":"default","site-sidebar-style":"default","ast-global-header-display":"","ast-banner-title-visibility":"","ast-main-header-display":"","ast-hfb-above-header-display":"","ast-hfb-below-header-display":"","ast-hfb-mobile-header-display":"","site-post-title":"","ast-breadcrumbs-content":"","ast-featured-img":"","footer-sml-layout":"","theme-transparent-header-meta":"default","adv-header-id-meta":"","stick-header-meta":"default","header-above-stick-meta":"","header-main-stick-meta":"","header-below-stick-meta":"","astra-migrate-meta-layouts":"set","ast-page-background-enabled":"default","ast-page-background-meta":{"desktop":{"background-color":"","background-image":"","background-repeat":"repeat","background-position":"center center","background-size":"auto","background-attachment":"scroll","background-type":"","background-media":"","overlay-type":"","overlay-color":"","overlay-opacity":"","overlay-gradient":""},"tablet":{"background-color":"","background-image":"","background-repeat":"repeat","background-position":"center center","background-size":"auto","background-attachment":"scroll","background-type":"","background-media":"","overlay-type":"","overlay-color":"","overlay-opacity":"","overlay-gradient":""},"mobile":{"background-color":"","background-image":"","background-repeat":"repeat","background-position":"center center","background-size":"auto","background-attachment":"scroll","background-type":"","background-media":"","overlay-type":"","overlay-color":"","overlay-opacity":"","overlay-gradient":""}},"ast-content-background-meta":{"desktop":{"background-color":"var(--ast-global-color-5)","background-image":"","background-repeat":"repeat","background-position":"center center","background-size":"auto","background-attachment":"scroll","background-type":"","background-media":"","overlay-type":"","overlay-color":"","overlay-opacity":"","overlay-gradient":""},"tablet":{"background-color":"var(--ast-global-color-5)","background-image":"","background-repeat":"repeat","background-position":"center center","background-size":"auto","background-attachment":"scroll","background-type":"","background-media":"","overlay-type":"","overlay-color":"","overlay-opacity":"","overlay-gradient":""},"mobile":{"background-color":"var(--ast-global-color-5)","background-image":"","background-repeat":"repeat","background-position":"center center","background-size":"auto","background-attachment":"scroll","background-type":"","background-media":"","overlay-type":"","overlay-color":"","overlay-opacity":"","overlay-gradient":""}}},"product_brand":[],"product_cat":[38],"product_tag":[],"class_list":{"0":"post-8178","1":"product","2":"type-product","3":"status-publish","4":"has-post-thumbnail","6":"product_cat-chain","7":"desktop-align-left","8":"tablet-align-left","9":"mobile-align-left","10":"ast-product-gallery-layout-horizontal-slider","11":"ast-product-tabs-layout-horizontal","13":"first","14":"instock","15":"shipping-taxable","16":"purchasable","17":"product-type-simple"},"yoast_head":"<!-- This site is optimized with the Yoast SEO plugin v25.2 - https:\/\/yoast.com\/wordpress\/plugins\/seo\/ -->\n<title>Studless Anchor Chain<\/title>\n<meta name=\"description\" content=\"Studless anchor chains are a dependable choice for heavy-duty mooring and anchoring, known for their robust structure and resistance to wear in demanding marine conditions.\" \/>\n<meta name=\"robots\" content=\"index, follow, max-snippet:-1, max-image-preview:large, max-video-preview:-1\" \/>\n<link rel=\"canonical\" href=\"https:\/\/qingdaohf.com\/sk\/produkt\/kotevna-retaz-bez-capov\/\" \/>\n<meta property=\"og:locale\" content=\"sk_SK\" \/>\n<meta property=\"og:type\" content=\"article\" \/>\n<meta property=\"og:title\" content=\"Studless Anchor Chain\" \/>\n<meta property=\"og:description\" content=\"Studless anchor chains are a dependable choice for heavy-duty mooring and anchoring, known for their robust structure and resistance to wear in demanding marine conditions.\" \/>\n<meta property=\"og:url\" content=\"https:\/\/qingdaohf.com\/sk\/produkt\/kotevna-retaz-bez-capov\/\" \/>\n<meta property=\"og:site_name\" content=\"Concrete Form &amp; Rigging Hardware Supplier\" \/>\n<meta property=\"article:publisher\" content=\"https:\/\/www.facebook.com\/qingdaohf\" \/>\n<meta property=\"article:modified_time\" content=\"2025-11-13T01:02:54+00:00\" \/>\n<meta property=\"og:image\" content=\"https:\/\/qingdaohf.com\/wp-content\/uploads\/2024\/10\/marine-studless-chain_\u526f\u672c.jpg\" \/>\n\t<meta property=\"og:image:width\" content=\"1000\" \/>\n\t<meta property=\"og:image:height\" content=\"1000\" \/>\n\t<meta property=\"og:image:type\" content=\"image\/jpeg\" \/>\n<meta name=\"twitter:card\" content=\"summary_large_image\" \/>\n<meta name=\"twitter:label1\" content=\"Predpokladan\u00fd \u010das \u010d\u00edtania\" \/>\n\t<meta name=\"twitter:data1\" content=\"5 min\u00fat\" \/>\n<script type=\"application\/ld+json\" class=\"yoast-schema-graph\">{\"@context\":\"https:\/\/schema.org\",\"@graph\":[{\"@type\":\"WebPage\",\"@id\":\"https:\/\/qingdaohf.com\/product\/studless-anchor-chain\/\",\"url\":\"https:\/\/qingdaohf.com\/product\/studless-anchor-chain\/\",\"name\":\"Studless Anchor Chain\",\"isPartOf\":{\"@id\":\"https:\/\/qingdaohf.com\/bg\/#website\"},\"primaryImageOfPage\":{\"@id\":\"https:\/\/qingdaohf.com\/product\/studless-anchor-chain\/#primaryimage\"},\"image\":{\"@id\":\"https:\/\/qingdaohf.com\/product\/studless-anchor-chain\/#primaryimage\"},\"thumbnailUrl\":\"https:\/\/qingdaohf.com\/wp-content\/uploads\/2024\/10\/marine-studless-chain_\u526f\u672c.jpg\",\"datePublished\":\"2024-10-29T08:45:43+00:00\",\"dateModified\":\"2025-11-13T01:02:54+00:00\",\"description\":\"Studless anchor chains are a dependable choice for heavy-duty mooring and anchoring, known for their robust structure and resistance to wear in demanding marine conditions.\",\"breadcrumb\":{\"@id\":\"https:\/\/qingdaohf.com\/product\/studless-anchor-chain\/#breadcrumb\"},\"inLanguage\":\"sk-SK\",\"potentialAction\":[{\"@type\":\"ReadAction\",\"target\":[\"https:\/\/qingdaohf.com\/product\/studless-anchor-chain\/\"]}]},{\"@type\":\"ImageObject\",\"inLanguage\":\"sk-SK\",\"@id\":\"https:\/\/qingdaohf.com\/product\/studless-anchor-chain\/#primaryimage\",\"url\":\"https:\/\/qingdaohf.com\/wp-content\/uploads\/2024\/10\/marine-studless-chain_\u526f\u672c.jpg\",\"contentUrl\":\"https:\/\/qingdaohf.com\/wp-content\/uploads\/2024\/10\/marine-studless-chain_\u526f\u672c.jpg\",\"width\":1000,\"height\":1000,\"caption\":\"studless chain\"},{\"@type\":\"BreadcrumbList\",\"@id\":\"https:\/\/qingdaohf.com\/product\/studless-anchor-chain\/#breadcrumb\",\"itemListElement\":[{\"@type\":\"ListItem\",\"position\":1,\"name\":\"Home\",\"item\":\"https:\/\/qingdaohf.com\/\"},{\"@type\":\"ListItem\",\"position\":2,\"name\":\"Concrete Forming Accessories and Rigging Hardware\",\"item\":\"https:\/\/qingdaohf.com\/bg\/?page_id=944\"},{\"@type\":\"ListItem\",\"position\":3,\"name\":\"Studless Anchor Chain\"}]},{\"@type\":\"WebSite\",\"@id\":\"https:\/\/qingdaohf.com\/bg\/#website\",\"url\":\"https:\/\/qingdaohf.com\/bg\/\",\"name\":\"Concrete Form & Rigging Hardware Supplier\",\"description\":\"\",\"publisher\":{\"@id\":\"https:\/\/qingdaohf.com\/bg\/#organization\"},\"potentialAction\":[{\"@type\":\"SearchAction\",\"target\":{\"@type\":\"EntryPoint\",\"urlTemplate\":\"https:\/\/qingdaohf.com\/bg\/?s={search_term_string}\"},\"query-input\":{\"@type\":\"PropertyValueSpecification\",\"valueRequired\":true,\"valueName\":\"search_term_string\"}}],\"inLanguage\":\"sk-SK\"},{\"@type\":\"Organization\",\"@id\":\"https:\/\/qingdaohf.com\/bg\/#organization\",\"name\":\"Qingdao H&F\",\"url\":\"https:\/\/qingdaohf.com\/bg\/\",\"logo\":{\"@type\":\"ImageObject\",\"inLanguage\":\"sk-SK\",\"@id\":\"https:\/\/qingdaohf.com\/bg\/#\/schema\/logo\/image\/\",\"url\":\"https:\/\/qingdaohf.com\/wp-content\/uploads\/2022\/12\/cropped-HF-LOGO.png\",\"contentUrl\":\"https:\/\/qingdaohf.com\/wp-content\/uploads\/2022\/12\/cropped-HF-LOGO.png\",\"width\":391,\"height\":249,\"caption\":\"Qingdao H&F\"},\"image\":{\"@id\":\"https:\/\/qingdaohf.com\/bg\/#\/schema\/logo\/image\/\"},\"sameAs\":[\"https:\/\/www.facebook.com\/qingdaohf\"]}]}<\/script>\n<!-- \/ Yoast SEO plugin. -->","yoast_head_json":{"title":"Studless Anchor Chain","description":"Studless anchor chains are a dependable choice for heavy-duty mooring and anchoring, known for their robust structure and resistance to wear in demanding marine conditions.","robots":{"index":"index","follow":"follow","max-snippet":"max-snippet:-1","max-image-preview":"max-image-preview:large","max-video-preview":"max-video-preview:-1"},"canonical":"https:\/\/qingdaohf.com\/sk\/produkt\/kotevna-retaz-bez-capov\/","og_locale":"sk_SK","og_type":"article","og_title":"Studless Anchor Chain","og_description":"Studless anchor chains are a dependable choice for heavy-duty mooring and anchoring, known for their robust structure and resistance to wear in demanding marine conditions.","og_url":"https:\/\/qingdaohf.com\/sk\/produkt\/kotevna-retaz-bez-capov\/","og_site_name":"Concrete Form &amp; Rigging Hardware Supplier","article_publisher":"https:\/\/www.facebook.com\/qingdaohf","article_modified_time":"2025-11-13T01:02:54+00:00","og_image":[{"width":1000,"height":1000,"url":"https:\/\/qingdaohf.com\/wp-content\/uploads\/2024\/10\/marine-studless-chain_\u526f\u672c.jpg","type":"image\/jpeg"}],"twitter_card":"summary_large_image","twitter_misc":{"Predpokladan\u00fd \u010das \u010d\u00edtania":"5 min\u00fat"},"schema":{"@context":"https:\/\/schema.org","@graph":[{"@type":"WebPage","@id":"https:\/\/qingdaohf.com\/product\/studless-anchor-chain\/","url":"https:\/\/qingdaohf.com\/product\/studless-anchor-chain\/","name":"Studless Anchor Chain","isPartOf":{"@id":"https:\/\/qingdaohf.com\/bg\/#website"},"primaryImageOfPage":{"@id":"https:\/\/qingdaohf.com\/product\/studless-anchor-chain\/#primaryimage"},"image":{"@id":"https:\/\/qingdaohf.com\/product\/studless-anchor-chain\/#primaryimage"},"thumbnailUrl":"https:\/\/qingdaohf.com\/wp-content\/uploads\/2024\/10\/marine-studless-chain_\u526f\u672c.jpg","datePublished":"2024-10-29T08:45:43+00:00","dateModified":"2025-11-13T01:02:54+00:00","description":"Studless anchor chains are a dependable choice for heavy-duty mooring and anchoring, known for their robust structure and resistance to wear in demanding marine conditions.","breadcrumb":{"@id":"https:\/\/qingdaohf.com\/product\/studless-anchor-chain\/#breadcrumb"},"inLanguage":"sk-SK","potentialAction":[{"@type":"ReadAction","target":["https:\/\/qingdaohf.com\/product\/studless-anchor-chain\/"]}]},{"@type":"ImageObject","inLanguage":"sk-SK","@id":"https:\/\/qingdaohf.com\/product\/studless-anchor-chain\/#primaryimage","url":"https:\/\/qingdaohf.com\/wp-content\/uploads\/2024\/10\/marine-studless-chain_\u526f\u672c.jpg","contentUrl":"https:\/\/qingdaohf.com\/wp-content\/uploads\/2024\/10\/marine-studless-chain_\u526f\u672c.jpg","width":1000,"height":1000,"caption":"studless chain"},{"@type":"BreadcrumbList","@id":"https:\/\/qingdaohf.com\/product\/studless-anchor-chain\/#breadcrumb","itemListElement":[{"@type":"ListItem","position":1,"name":"Home","item":"https:\/\/qingdaohf.com\/"},{"@type":"ListItem","position":2,"name":"Concrete Forming Accessories and Rigging Hardware","item":"https:\/\/qingdaohf.com\/bg\/?page_id=944"},{"@type":"ListItem","position":3,"name":"Studless Anchor Chain"}]},{"@type":"WebSite","@id":"https:\/\/qingdaohf.com\/bg\/#website","url":"https:\/\/qingdaohf.com\/bg\/","name":"Concrete Form & Rigging Hardware Supplier","description":"","publisher":{"@id":"https:\/\/qingdaohf.com\/bg\/#organization"},"potentialAction":[{"@type":"SearchAction","target":{"@type":"EntryPoint","urlTemplate":"https:\/\/qingdaohf.com\/bg\/?s={search_term_string}"},"query-input":{"@type":"PropertyValueSpecification","valueRequired":true,"valueName":"search_term_string"}}],"inLanguage":"sk-SK"},{"@type":"Organization","@id":"https:\/\/qingdaohf.com\/bg\/#organization","name":"Qingdao H&F","url":"https:\/\/qingdaohf.com\/bg\/","logo":{"@type":"ImageObject","inLanguage":"sk-SK","@id":"https:\/\/qingdaohf.com\/bg\/#\/schema\/logo\/image\/","url":"https:\/\/qingdaohf.com\/wp-content\/uploads\/2022\/12\/cropped-HF-LOGO.png","contentUrl":"https:\/\/qingdaohf.com\/wp-content\/uploads\/2022\/12\/cropped-HF-LOGO.png","width":391,"height":249,"caption":"Qingdao H&F"},"image":{"@id":"https:\/\/qingdaohf.com\/bg\/#\/schema\/logo\/image\/"},"sameAs":["https:\/\/www.facebook.com\/qingdaohf"]}]}},"_links":{"self":[{"href":"https:\/\/qingdaohf.com\/sk\/wp-json\/wp\/v2\/product\/8178","targetHints":{"allow":["GET"]}}],"collection":[{"href":"https:\/\/qingdaohf.com\/sk\/wp-json\/wp\/v2\/product"}],"about":[{"href":"https:\/\/qingdaohf.com\/sk\/wp-json\/wp\/v2\/types\/product"}],"replies":[{"embeddable":true,"href":"https:\/\/qingdaohf.com\/sk\/wp-json\/wp\/v2\/comments?post=8178"}],"version-history":[{"count":1,"href":"https:\/\/qingdaohf.com\/sk\/wp-json\/wp\/v2\/product\/8178\/revisions"}],"predecessor-version":[{"id":8180,"href":"https:\/\/qingdaohf.com\/sk\/wp-json\/wp\/v2\/product\/8178\/revisions\/8180"}],"wp:featuredmedia":[{"embeddable":true,"href":"https:\/\/qingdaohf.com\/sk\/wp-json\/wp\/v2\/media\/8171"}],"wp:attachment":[{"href":"https:\/\/qingdaohf.com\/sk\/wp-json\/wp\/v2\/media?parent=8178"}],"wp:term":[{"taxonomy":"product_brand","embeddable":true,"href":"https:\/\/qingdaohf.com\/sk\/wp-json\/wp\/v2\/product_brand?post=8178"},{"taxonomy":"product_cat","embeddable":true,"href":"https:\/\/qingdaohf.com\/sk\/wp-json\/wp\/v2\/product_cat?post=8178"},{"taxonomy":"product_tag","embeddable":true,"href":"https:\/\/qingdaohf.com\/sk\/wp-json\/wp\/v2\/product_tag?post=8178"}],"curies":[{"name":"wp","href":"https:\/\/api.w.org\/{rel}","templated":true}]}}