{"id":8181,"date":"2024-10-29T16:52:37","date_gmt":"2024-10-29T08:52:37","guid":{"rendered":"http:\/\/qingdaohf.com\/?post_type=product&#038;p=8181"},"modified":"2025-11-13T09:02:54","modified_gmt":"2025-11-13T01:02:54","slug":"stud-link-chain","status":"publish","type":"product","link":"https:\/\/qingdaohf.com\/sk\/produkt\/retiazka-z-kolikov\/","title":{"rendered":"Kotevn\u00e1 re\u0165az Stud Link"},"content":{"rendered":"<p><img fetchpriority=\"high\" decoding=\"async\" class=\"alignnone size-full wp-image-8170\" src=\"http:\/\/qingdaohf.com\/wp-content\/uploads\/2024\/10\/stud-link-anchor-chain_2.webp\" alt=\"kotvov\u00e1 re\u0165az s kol\u00edkom\" width=\"842\" height=\"1091\" srcset=\"https:\/\/qingdaohf.com\/wp-content\/uploads\/2024\/10\/stud-link-anchor-chain_2.webp 842w, https:\/\/qingdaohf.com\/wp-content\/uploads\/2024\/10\/stud-link-anchor-chain_2-232x300.webp 232w, https:\/\/qingdaohf.com\/wp-content\/uploads\/2024\/10\/stud-link-anchor-chain_2-790x1024.webp 790w, https:\/\/qingdaohf.com\/wp-content\/uploads\/2024\/10\/stud-link-anchor-chain_2-768x995.webp 768w, https:\/\/qingdaohf.com\/wp-content\/uploads\/2024\/10\/stud-link-anchor-chain_2-9x12.webp 9w\" sizes=\"(max-width: 842px) 100vw, 842px\" \/><\/p>\n<p>V priemyselnom, n\u00e1mornom a pobre\u017enom prostred\u00ed sa re\u0165aziam Stud Link d\u00f4veruje pre ich trvanlivos\u0165 a schopnos\u0165 pren\u00e1\u0161a\u0165 za\u0165a\u017eenie, v\u010faka \u010domu s\u00fa ide\u00e1lne na kotvenie, vyv\u00e4zovanie a r\u00f4zne aplik\u00e1cie na zdv\u00edhanie \u0165a\u017ek\u00fdch bremien. Tieto re\u0165aze sa skladaj\u00fa zo vz\u00e1jomne prepojen\u00fdch \u010dl\u00e1nkov s \u010dapmi umiestnen\u00fdmi naprie\u010d vn\u00fatrom ka\u017ed\u00e9ho \u010dl\u00e1nku, \u010do zvy\u0161uje \u0161truktur\u00e1lnu stabilitu, ktor\u00e1 pom\u00e1ha predch\u00e1dza\u0165 deform\u00e1cii pri zna\u010dnom za\u0165a\u017een\u00ed. Pri v\u00fdbere re\u0165aze sa kupuj\u00faci musia zamera\u0165 na \u0161pecifik\u00e1cie, ako je priemer, sk\u00fa\u0161obn\u00e9 za\u0165a\u017eenie a celkov\u00e1 kvalita materi\u00e1lu, preto\u017ee tieto faktory priamo ovplyv\u0148uj\u00fa bezpe\u010dnos\u0165 a v\u00fdkon.<\/p>\n<p>D\u00f4le\u017eitos\u0165 v\u00fdberu spr\u00e1vnej re\u0165aze so z\u00e1vitovkou presahuje v\u0161eobecn\u00e9 pou\u017eitie; \u0161pecifik\u00e1cie ka\u017edej re\u0165aze musia by\u0165 v s\u00falade s po\u017eiadavkami odvetvia a o\u010dak\u00e1van\u00fdmi podmienkami za\u0165a\u017eenia. Napr\u00edklad priemer \u010dl\u00e1nkov re\u0165aze, be\u017ene dostupn\u00fd v palcov\u00fdch ve\u013ekostiach, zohr\u00e1va k\u013e\u00fa\u010dov\u00fa \u00falohu pri ur\u010dovan\u00ed pevnosti re\u0165aze a jej vhodnosti na r\u00f4zne pou\u017eitia. Re\u0165aze, ktor\u00e9 sp\u013a\u0148aj\u00fa medzin\u00e1rodn\u00e9 normy, ako napr\u00edklad ISO 1704 a predpisy IACS, poskytuj\u00fa kupuj\u00facim istotu, \u017ee tieto v\u00fdrobky boli pr\u00edsne testovan\u00e9 z h\u013eadiska kvality a odolnosti. V spolo\u010dnosti Qingdao H&amp;F si uvedomujeme potrebu vysoko v\u00fdkonn\u00fdch v\u00fdrobkov aj d\u00f4veryhodn\u00fdch slu\u017eieb, a preto ku ka\u017edej re\u0165azi priklad\u00e1me podrobn\u00e9 spr\u00e1vy o kontrole kvality vr\u00e1tane sk\u00fa\u0161obn\u00e9ho za\u0165a\u017eenia, za\u0165a\u017eenia pri pretrhnut\u00ed a zlo\u017eenia materi\u00e1lu. V\u010faka zameraniu na bezpe\u010dnos\u0165 a efekt\u00edvnos\u0165 poskytuj\u00fa na\u0161e re\u0165aze so z\u00e1vitov\u00fdmi spojmi istotu potrebn\u00fa na zabezpe\u010denie prev\u00e1dzky v n\u00e1ro\u010dn\u00fdch podmienkach.<\/p>\n<h3><strong>Pevnos\u0165 a trvanlivos\u0165 re\u0165az\u00ed so svorn\u00edkov\u00fdmi spojmi<\/strong><\/h3>\n<p>Re\u0165aze so z\u00e1vitovkou s\u00fa vyroben\u00e9 z vysokokvalitnej ocele, ktor\u00e1 im dod\u00e1va v\u00fdnimo\u010dn\u00fa pevnos\u0165 v \u0165ahu a odolnos\u0165 proti kor\u00f3zii - dve kritick\u00e9 vlastnosti v n\u00e1morn\u00fdch a \u0165a\u017ek\u00fdch priemyseln\u00fdch aplik\u00e1ci\u00e1ch. \u010cap, ktor\u00fd sa nach\u00e1dza v ka\u017edom \u010dl\u00e1nku, zabra\u0148uje deform\u00e1cii re\u0165aze t\u00fdm, \u017ee zachov\u00e1va jej celkov\u00fd tvar aj pri ve\u013ekom za\u0165a\u017een\u00ed. T\u00e1to kon\u0161truk\u010dn\u00e1 vlastnos\u0165 tie\u017e pom\u00e1ha zmierni\u0165 nam\u00e1hanie v ohybe, ktor\u00e9 je be\u017en\u00fdm probl\u00e9mom pri aplik\u00e1ci\u00e1ch s vysok\u00fdm za\u0165a\u017een\u00edm, \u010d\u00edm sa predl\u017euje \u017eivotnos\u0165 re\u0165aze.<\/p>\n<p>Ka\u017ed\u00fd \u010dl\u00e1nok je starostlivo skon\u0161truovan\u00fd tak, aby uniesol za\u0165a\u017eenie bez toho, aby pod\u013eahol deform\u00e1cii alebo \u00fanave, v\u010faka \u010domu s\u00fa re\u0165aze so svorn\u00edkov\u00fdmi spojmi obzvl\u00e1\u0161\u0165 cenn\u00e9 pri aplik\u00e1ci\u00e1ch na mori, kde je rozhoduj\u00faca stabilita a pevnos\u0165. Re\u0165aze s v\u00e4\u010d\u0161\u00edmi priemermi pon\u00fakaj\u00fa v\u00e4\u010d\u0161ie sk\u00fa\u0161obn\u00e9 za\u0165a\u017eenie, \u010do znamen\u00e1, \u017ee vydr\u017eia zna\u010dn\u00fa hmotnos\u0165 bez toho, aby sa poddajili, a s\u00fa tak ide\u00e1lne pre kotviace syst\u00e9my a kotevn\u00e9 re\u0165aze.<\/p>\n<p>V spolo\u010dnosti Qingdao H&amp;F zah\u0155\u0148a n\u00e1\u0161 z\u00e1v\u00e4zok vo\u010di kvalite pr\u00edsny proces testovania, v r\u00e1mci ktor\u00e9ho sa re\u0165aze pred odoslan\u00edm podrobuj\u00fa hodnoteniu sk\u00fa\u0161obn\u00e9ho za\u0165a\u017eenia a pevnosti v \u0165ahu. Tento postup zaru\u010duje, \u017ee ka\u017ed\u00fd v\u00fdrobok sp\u013a\u0148a po\u017eiadavky a odol\u00e1 n\u00e1ro\u010dn\u00fdm podmienkam priemyseln\u00e9ho pou\u017eitia. N\u00e1\u0161 individu\u00e1lny pr\u00edstup k z\u00e1kazn\u00edckym slu\u017eb\u00e1m tie\u017e znamen\u00e1, \u017ee kupuj\u00faci dostan\u00fa odborn\u00e9 poradenstvo pri v\u00fdbere vhodnej ve\u013ekosti a \u0161pecifik\u00e1ci\u00ed re\u0165aze na z\u00e1klade konkr\u00e9tnych potrieb, \u010do zaru\u010duje, \u017ee ka\u017ed\u00fd n\u00e1kup je informovan\u00fd.<\/p>\n<h3><strong>Aplik\u00e1cie a \u00favahy o kupuj\u00facom pre re\u0165aze so svorn\u00edkov\u00fdmi spojmi<\/strong><\/h3>\n<p>Re\u0165aze so svorn\u00edkov\u00fdmi \u010dl\u00e1nkami sa naj\u010dastej\u0161ie pou\u017e\u00edvaj\u00fa v n\u00e1morn\u00fdch aplik\u00e1ci\u00e1ch, najm\u00e4 ako kotviace a kotviace re\u0165aze, v\u010faka svojej schopnosti odol\u00e1va\u0165 dlhodob\u00e9mu p\u00f4sobeniu morskej vody a hrub\u00e9mu zaobch\u00e1dzaniu. Okrem n\u00e1morn\u00e9ho pou\u017eitia nach\u00e1dzaj\u00fa tieto re\u0165aze uplatnenie aj v stavebn\u00edctve, ban\u00edctve a priemyseln\u00fdch strojoch, kde je potrebn\u00e9 zabezpe\u010di\u0165 a riadi\u0165 \u0165a\u017ek\u00e9 bremen\u00e1 s maxim\u00e1lnou spo\u013eahlivos\u0165ou. V\u00fdber priemeru re\u0165aze, kon\u0161trukcie \u010dapov a materi\u00e1lov sa v\u0161ak st\u00e1va rozhoduj\u00facim pri plnen\u00ed \u0161pecifick\u00fdch po\u017eiadaviek ka\u017ed\u00e9ho odvetvia.<\/p>\n<p>Pri v\u00fdbere re\u0165az\u00ed Stud Link Chain kupuj\u00faci uprednost\u0148uj\u00fa nieko\u013eko atrib\u00fatov s\u00favisiacich s v\u00fdkonom. Prvou je pevnos\u0165 materi\u00e1lu: vysokopevnostn\u00e1 oce\u013e poskytuje potrebn\u00fa odolnos\u0165 pre n\u00e1morn\u00e9 aplik\u00e1cie, zatia\u013e \u010do legovan\u00e1 oce\u013e m\u00f4\u017ee by\u0165 uprednost\u0148ovan\u00e1 pre svoj lep\u0161\u00ed pomer pevnosti a hmotnosti v kon\u0161trukcii. Po druh\u00e9, odolnos\u0165 vo\u010di kor\u00f3zii sa st\u00e1va rozhoduj\u00facou v prostred\u00ed slanej vody, preto\u017ee ak\u00fdko\u013evek kompromis v kvalite materi\u00e1lu by mohol vies\u0165 k skorej degrad\u00e1cii re\u0165aze a bezpe\u010dnostn\u00fdm rizik\u00e1m. Kupuj\u00faci by mali zv\u00e1\u017ei\u0165 aj odolnos\u0165 re\u0165aze vo\u010di za\u0165a\u017eeniu, aby sa uistili, \u017ee zvl\u00e1dne \u0161pecifick\u00e9 hmotnostn\u00e9 za\u0165a\u017eenie, ktor\u00e9 sa o\u010dak\u00e1va v ich prev\u00e1dzkach.<\/p>\n<p>V spolo\u010dnosti Qingdao H&amp;F umo\u017e\u0148uj\u00fa na\u0161e r\u00fdchle dodacie cykly podnikom zachova\u0165 nepreru\u0161en\u00fa prev\u00e1dzku bez nadmern\u00fdch prestojov. Okrem toho pon\u00fakame podrobn\u00e9 kontroln\u00e9 spr\u00e1vy, ktor\u00e9 na\u0161im klientom poskytuj\u00fa jasn\u00fd preh\u013ead o kvalitat\u00edvnych parametroch ka\u017ed\u00e9ho re\u0165azca pred odoslan\u00edm. V\u010faka tejto \u00farovni transparentnosti m\u00f4\u017eu kupuj\u00faci veri\u0165, \u017ee na\u0161e re\u0165aze sp\u013a\u0148aj\u00fa nielen priemyseln\u00e9 normy, ale aj jedine\u010dn\u00e9 po\u017eiadavky ka\u017ed\u00e9ho pou\u017eitia, \u010di u\u017e ide o morsk\u00e9 plo\u0161iny, priemyseln\u00e9 zdv\u00edhanie alebo pr\u00edstavn\u00e9 a pr\u00edstavn\u00e9 oper\u00e1cie.<\/p>\n<h3><strong>Z\u00e1ver: Pre\u010do si vybra\u0165 re\u0165aze so z\u00e1vesn\u00fdmi spojmi Qingdao H&amp;F?<\/strong><\/h3>\n<p>V\u00fdber re\u0165aze so z\u00e1vitovkou je rozhodnutie, ktor\u00e9 m\u00e1 svoje korene v bezpe\u010dnosti a funk\u010dnosti, preto\u017ee tieto re\u0165aze musia odol\u00e1va\u0165 extr\u00e9mnemu za\u0165a\u017eeniu a n\u00e1ro\u010dn\u00fdm podmienkam. V spolo\u010dnosti Qingdao H&amp;F ideme nad r\u00e1mec jednoduch\u00e9ho dod\u00e1vania vysokokvalitn\u00fdch re\u0165az\u00ed a pon\u00fakame komplexn\u00e9 slu\u017eby, ktor\u00e9 zah\u0155\u0148aj\u00fa odborn\u00e9 poradenstvo, r\u00fdchle dodanie a transparentnos\u0165 v\u00fdrobkov prostredn\u00edctvom kontroln\u00fdch spr\u00e1v. Ka\u017ed\u00e1 z na\u0161ich re\u0165az\u00ed sp\u013a\u0148a pr\u00edsne testovacie normy, \u010do na\u0161im kupuj\u00facim zaru\u010duje kvalitu a odolnos\u0165 pri ka\u017edom n\u00e1kupe.<\/p>\n<p>N\u00e1\u0161 z\u00e1v\u00e4zok individu\u00e1lneho z\u00e1kazn\u00edckeho servisu znamen\u00e1, \u017ee podporujeme klientov v ka\u017edej f\u00e1ze, od v\u00fdberu produktu a\u017e po ot\u00e1zky po predaji, \u010d\u00edm zabezpe\u010dujeme \u010do najlep\u0161\u00ed z\u00e1\u017eitok z n\u00e1kupu. \u010ci u\u017e sa pou\u017e\u00edvaj\u00fa v n\u00e1mornom prostred\u00ed, pri priemyselnom zdv\u00edhan\u00ed alebo v in\u00fdch prostrediach s vysokou z\u00e1\u0165a\u017eou, re\u0165aze so z\u00e1vesn\u00fdmi spojmi Qingdao H&amp;F poskytuj\u00fa nielen kvalitu, ale aj spo\u013eahlivos\u0165 a podporu, ktor\u00fa ka\u017ed\u00fd podnik potrebuje na dosiahnutie \u00faspechu.<\/p>","protected":false},"excerpt":{"rendered":"<p>Re\u0165az s kol\u00edkov\u00fdmi spojmi pon\u00faka robustn\u00fa pevnos\u0165 a stabilitu, ktor\u00e1 je ide\u00e1lna pre n\u00e1ro\u010dn\u00e9 aplik\u00e1cie, kde je najd\u00f4le\u017eitej\u0161ia odolnos\u0165 a spo\u013eahlivos\u0165. Kupuj\u00faci pri v\u00fdbere re\u0165aze typu Stud Link \u010dasto uprednost\u0148uj\u00fa faktory, ako je kvalita materi\u00e1lu, nosnos\u0165 a odolnos\u0165 vo\u010di n\u00e1ro\u010dn\u00fdm podmienkam. V spolo\u010dnosti Qingdao H&amp;F uprednost\u0148ujeme tieto potreby t\u00fdm, \u017ee zabezpe\u010dujeme, aby ka\u017ed\u00e1 re\u0165az sp\u013a\u0148ala pr\u00edsne normy kvality, a poskytujeme podrobn\u00e9 kontroln\u00e9 spr\u00e1vy vr\u00e1tane \u00fadajov o sk\u00fa\u0161obnom za\u0165a\u017een\u00ed a pevnosti v \u0165ahu. V\u010faka n\u00e1\u0161mu individu\u00e1lnemu pr\u00edstupu k z\u00e1kazn\u00edkom a efekt\u00edvnemu dod\u00e1vate\u013esk\u00e9mu cyklu neposkytujeme len v\u00fdrobky, ale aj spo\u013eahliv\u00e9 rie\u0161enia, ktor\u00e9 umo\u017e\u0148uj\u00fa hlad\u0161iu a bezpe\u010dnej\u0161iu prev\u00e1dzku v\u00e1\u0161ho podniku.<\/p>","protected":false},"featured_media":4678,"comment_status":"open","ping_status":"closed","template":"","meta":{"site-sidebar-layout":"default","site-content-layout":"","ast-site-content-layout":"default","site-content-style":"default","site-sidebar-style":"default","ast-global-header-display":"","ast-banner-title-visibility":"","ast-main-header-display":"","ast-hfb-above-header-display":"","ast-hfb-below-header-display":"","ast-hfb-mobile-header-display":"","site-post-title":"","ast-breadcrumbs-content":"","ast-featured-img":"","footer-sml-layout":"","theme-transparent-header-meta":"default","adv-header-id-meta":"","stick-header-meta":"default","header-above-stick-meta":"","header-main-stick-meta":"","header-below-stick-meta":"","astra-migrate-meta-layouts":"set","ast-page-background-enabled":"default","ast-page-background-meta":{"desktop":{"background-color":"","background-image":"","background-repeat":"repeat","background-position":"center center","background-size":"auto","background-attachment":"scroll","background-type":"","background-media":"","overlay-type":"","overlay-color":"","overlay-opacity":"","overlay-gradient":""},"tablet":{"background-color":"","background-image":"","background-repeat":"repeat","background-position":"center center","background-size":"auto","background-attachment":"scroll","background-type":"","background-media":"","overlay-type":"","overlay-color":"","overlay-opacity":"","overlay-gradient":""},"mobile":{"background-color":"","background-image":"","background-repeat":"repeat","background-position":"center center","background-size":"auto","background-attachment":"scroll","background-type":"","background-media":"","overlay-type":"","overlay-color":"","overlay-opacity":"","overlay-gradient":""}},"ast-content-background-meta":{"desktop":{"background-color":"var(--ast-global-color-5)","background-image":"","background-repeat":"repeat","background-position":"center center","background-size":"auto","background-attachment":"scroll","background-type":"","background-media":"","overlay-type":"","overlay-color":"","overlay-opacity":"","overlay-gradient":""},"tablet":{"background-color":"var(--ast-global-color-5)","background-image":"","background-repeat":"repeat","background-position":"center center","background-size":"auto","background-attachment":"scroll","background-type":"","background-media":"","overlay-type":"","overlay-color":"","overlay-opacity":"","overlay-gradient":""},"mobile":{"background-color":"var(--ast-global-color-5)","background-image":"","background-repeat":"repeat","background-position":"center center","background-size":"auto","background-attachment":"scroll","background-type":"","background-media":"","overlay-type":"","overlay-color":"","overlay-opacity":"","overlay-gradient":""}}},"product_brand":[],"product_cat":[38],"product_tag":[],"class_list":{"0":"post-8181","1":"product","2":"type-product","3":"status-publish","4":"has-post-thumbnail","6":"product_cat-chain","7":"desktop-align-left","8":"tablet-align-left","9":"mobile-align-left","10":"ast-product-gallery-layout-horizontal-slider","11":"ast-product-tabs-layout-horizontal","13":"first","14":"instock","15":"shipping-taxable","16":"purchasable","17":"product-type-simple"},"yoast_head":"<!-- This site is optimized with the Yoast SEO plugin v25.2 - https:\/\/yoast.com\/wordpress\/plugins\/seo\/ -->\n<title>Stud Link Anchor Chain<\/title>\n<meta name=\"robots\" content=\"index, follow, max-snippet:-1, max-image-preview:large, max-video-preview:-1\" \/>\n<link rel=\"canonical\" href=\"https:\/\/qingdaohf.com\/sk\/produkt\/retiazka-z-kolikov\/\" \/>\n<meta property=\"og:locale\" content=\"sk_SK\" \/>\n<meta property=\"og:type\" content=\"article\" \/>\n<meta property=\"og:title\" content=\"Stud Link Anchor Chain\" \/>\n<meta property=\"og:description\" content=\"A Stud Link Chain offers robust strength and stability, ideal for heavy-duty applications where durability and reliability are paramount. Buyers often prioritize factors like material quality, load-bearing capacity, and resistance to harsh environments when selecting a Stud Link Chain. At Qingdao H&amp;F, we prioritize these needs by ensuring every chain meets stringent quality standards and providing detailed inspection reports, including proof load and tensile strength data. With our one-on-one customer service approach and efficient delivery cycle, we deliver not just products but reliable solutions that enable smoother, safer operations for your business.\" \/>\n<meta property=\"og:url\" content=\"https:\/\/qingdaohf.com\/sk\/produkt\/retiazka-z-kolikov\/\" \/>\n<meta property=\"og:site_name\" content=\"Concrete Form &amp; Rigging Hardware Supplier\" \/>\n<meta property=\"article:publisher\" content=\"https:\/\/www.facebook.com\/qingdaohf\" \/>\n<meta property=\"article:modified_time\" content=\"2025-11-13T01:02:54+00:00\" \/>\n<meta property=\"og:image\" content=\"https:\/\/qingdaohf.com\/wp-content\/uploads\/2023\/04\/Marine-anchor-chain.jpg\" \/>\n\t<meta property=\"og:image:width\" content=\"1000\" \/>\n\t<meta property=\"og:image:height\" content=\"1000\" \/>\n\t<meta property=\"og:image:type\" content=\"image\/jpeg\" \/>\n<meta name=\"twitter:card\" content=\"summary_large_image\" \/>\n<meta name=\"twitter:label1\" content=\"Predpokladan\u00fd \u010das \u010d\u00edtania\" \/>\n\t<meta name=\"twitter:data1\" content=\"4 min\u00faty\" \/>\n<script type=\"application\/ld+json\" class=\"yoast-schema-graph\">{\"@context\":\"https:\/\/schema.org\",\"@graph\":[{\"@type\":\"WebPage\",\"@id\":\"https:\/\/qingdaohf.com\/product\/stud-link-chain\/\",\"url\":\"https:\/\/qingdaohf.com\/product\/stud-link-chain\/\",\"name\":\"Stud Link Anchor Chain\",\"isPartOf\":{\"@id\":\"https:\/\/qingdaohf.com\/bg\/#website\"},\"primaryImageOfPage\":{\"@id\":\"https:\/\/qingdaohf.com\/product\/stud-link-chain\/#primaryimage\"},\"image\":{\"@id\":\"https:\/\/qingdaohf.com\/product\/stud-link-chain\/#primaryimage\"},\"thumbnailUrl\":\"https:\/\/qingdaohf.com\/wp-content\/uploads\/2023\/04\/Marine-anchor-chain.jpg\",\"datePublished\":\"2024-10-29T08:52:37+00:00\",\"dateModified\":\"2025-11-13T01:02:54+00:00\",\"breadcrumb\":{\"@id\":\"https:\/\/qingdaohf.com\/product\/stud-link-chain\/#breadcrumb\"},\"inLanguage\":\"sk-SK\",\"potentialAction\":[{\"@type\":\"ReadAction\",\"target\":[\"https:\/\/qingdaohf.com\/product\/stud-link-chain\/\"]}]},{\"@type\":\"ImageObject\",\"inLanguage\":\"sk-SK\",\"@id\":\"https:\/\/qingdaohf.com\/product\/stud-link-chain\/#primaryimage\",\"url\":\"https:\/\/qingdaohf.com\/wp-content\/uploads\/2023\/04\/Marine-anchor-chain.jpg\",\"contentUrl\":\"https:\/\/qingdaohf.com\/wp-content\/uploads\/2023\/04\/Marine-anchor-chain.jpg\",\"width\":1000,\"height\":1000,\"caption\":\"Marine anchor chain\"},{\"@type\":\"BreadcrumbList\",\"@id\":\"https:\/\/qingdaohf.com\/product\/stud-link-chain\/#breadcrumb\",\"itemListElement\":[{\"@type\":\"ListItem\",\"position\":1,\"name\":\"Home\",\"item\":\"https:\/\/qingdaohf.com\/\"},{\"@type\":\"ListItem\",\"position\":2,\"name\":\"Concrete Forming Accessories and Rigging Hardware\",\"item\":\"https:\/\/qingdaohf.com\/bg\/?page_id=944\"},{\"@type\":\"ListItem\",\"position\":3,\"name\":\"Stud Link Anchor Chain\"}]},{\"@type\":\"WebSite\",\"@id\":\"https:\/\/qingdaohf.com\/bg\/#website\",\"url\":\"https:\/\/qingdaohf.com\/bg\/\",\"name\":\"Concrete Form & Rigging Hardware Supplier\",\"description\":\"\",\"publisher\":{\"@id\":\"https:\/\/qingdaohf.com\/bg\/#organization\"},\"potentialAction\":[{\"@type\":\"SearchAction\",\"target\":{\"@type\":\"EntryPoint\",\"urlTemplate\":\"https:\/\/qingdaohf.com\/bg\/?s={search_term_string}\"},\"query-input\":{\"@type\":\"PropertyValueSpecification\",\"valueRequired\":true,\"valueName\":\"search_term_string\"}}],\"inLanguage\":\"sk-SK\"},{\"@type\":\"Organization\",\"@id\":\"https:\/\/qingdaohf.com\/bg\/#organization\",\"name\":\"Qingdao H&F\",\"url\":\"https:\/\/qingdaohf.com\/bg\/\",\"logo\":{\"@type\":\"ImageObject\",\"inLanguage\":\"sk-SK\",\"@id\":\"https:\/\/qingdaohf.com\/bg\/#\/schema\/logo\/image\/\",\"url\":\"https:\/\/qingdaohf.com\/wp-content\/uploads\/2022\/12\/cropped-HF-LOGO.png\",\"contentUrl\":\"https:\/\/qingdaohf.com\/wp-content\/uploads\/2022\/12\/cropped-HF-LOGO.png\",\"width\":391,\"height\":249,\"caption\":\"Qingdao H&F\"},\"image\":{\"@id\":\"https:\/\/qingdaohf.com\/bg\/#\/schema\/logo\/image\/\"},\"sameAs\":[\"https:\/\/www.facebook.com\/qingdaohf\"]}]}<\/script>\n<!-- \/ Yoast SEO plugin. -->","yoast_head_json":{"title":"Stud Link Anchor Chain","robots":{"index":"index","follow":"follow","max-snippet":"max-snippet:-1","max-image-preview":"max-image-preview:large","max-video-preview":"max-video-preview:-1"},"canonical":"https:\/\/qingdaohf.com\/sk\/produkt\/retiazka-z-kolikov\/","og_locale":"sk_SK","og_type":"article","og_title":"Stud Link Anchor Chain","og_description":"A Stud Link Chain offers robust strength and stability, ideal for heavy-duty applications where durability and reliability are paramount. Buyers often prioritize factors like material quality, load-bearing capacity, and resistance to harsh environments when selecting a Stud Link Chain. At Qingdao H&amp;F, we prioritize these needs by ensuring every chain meets stringent quality standards and providing detailed inspection reports, including proof load and tensile strength data. With our one-on-one customer service approach and efficient delivery cycle, we deliver not just products but reliable solutions that enable smoother, safer operations for your business.","og_url":"https:\/\/qingdaohf.com\/sk\/produkt\/retiazka-z-kolikov\/","og_site_name":"Concrete Form &amp; Rigging Hardware Supplier","article_publisher":"https:\/\/www.facebook.com\/qingdaohf","article_modified_time":"2025-11-13T01:02:54+00:00","og_image":[{"width":1000,"height":1000,"url":"https:\/\/qingdaohf.com\/wp-content\/uploads\/2023\/04\/Marine-anchor-chain.jpg","type":"image\/jpeg"}],"twitter_card":"summary_large_image","twitter_misc":{"Predpokladan\u00fd \u010das \u010d\u00edtania":"4 min\u00faty"},"schema":{"@context":"https:\/\/schema.org","@graph":[{"@type":"WebPage","@id":"https:\/\/qingdaohf.com\/product\/stud-link-chain\/","url":"https:\/\/qingdaohf.com\/product\/stud-link-chain\/","name":"Stud Link Anchor Chain","isPartOf":{"@id":"https:\/\/qingdaohf.com\/bg\/#website"},"primaryImageOfPage":{"@id":"https:\/\/qingdaohf.com\/product\/stud-link-chain\/#primaryimage"},"image":{"@id":"https:\/\/qingdaohf.com\/product\/stud-link-chain\/#primaryimage"},"thumbnailUrl":"https:\/\/qingdaohf.com\/wp-content\/uploads\/2023\/04\/Marine-anchor-chain.jpg","datePublished":"2024-10-29T08:52:37+00:00","dateModified":"2025-11-13T01:02:54+00:00","breadcrumb":{"@id":"https:\/\/qingdaohf.com\/product\/stud-link-chain\/#breadcrumb"},"inLanguage":"sk-SK","potentialAction":[{"@type":"ReadAction","target":["https:\/\/qingdaohf.com\/product\/stud-link-chain\/"]}]},{"@type":"ImageObject","inLanguage":"sk-SK","@id":"https:\/\/qingdaohf.com\/product\/stud-link-chain\/#primaryimage","url":"https:\/\/qingdaohf.com\/wp-content\/uploads\/2023\/04\/Marine-anchor-chain.jpg","contentUrl":"https:\/\/qingdaohf.com\/wp-content\/uploads\/2023\/04\/Marine-anchor-chain.jpg","width":1000,"height":1000,"caption":"Marine anchor chain"},{"@type":"BreadcrumbList","@id":"https:\/\/qingdaohf.com\/product\/stud-link-chain\/#breadcrumb","itemListElement":[{"@type":"ListItem","position":1,"name":"Home","item":"https:\/\/qingdaohf.com\/"},{"@type":"ListItem","position":2,"name":"Concrete Forming Accessories and Rigging Hardware","item":"https:\/\/qingdaohf.com\/bg\/?page_id=944"},{"@type":"ListItem","position":3,"name":"Stud Link Anchor Chain"}]},{"@type":"WebSite","@id":"https:\/\/qingdaohf.com\/bg\/#website","url":"https:\/\/qingdaohf.com\/bg\/","name":"Concrete Form & Rigging Hardware Supplier","description":"","publisher":{"@id":"https:\/\/qingdaohf.com\/bg\/#organization"},"potentialAction":[{"@type":"SearchAction","target":{"@type":"EntryPoint","urlTemplate":"https:\/\/qingdaohf.com\/bg\/?s={search_term_string}"},"query-input":{"@type":"PropertyValueSpecification","valueRequired":true,"valueName":"search_term_string"}}],"inLanguage":"sk-SK"},{"@type":"Organization","@id":"https:\/\/qingdaohf.com\/bg\/#organization","name":"Qingdao H&F","url":"https:\/\/qingdaohf.com\/bg\/","logo":{"@type":"ImageObject","inLanguage":"sk-SK","@id":"https:\/\/qingdaohf.com\/bg\/#\/schema\/logo\/image\/","url":"https:\/\/qingdaohf.com\/wp-content\/uploads\/2022\/12\/cropped-HF-LOGO.png","contentUrl":"https:\/\/qingdaohf.com\/wp-content\/uploads\/2022\/12\/cropped-HF-LOGO.png","width":391,"height":249,"caption":"Qingdao H&F"},"image":{"@id":"https:\/\/qingdaohf.com\/bg\/#\/schema\/logo\/image\/"},"sameAs":["https:\/\/www.facebook.com\/qingdaohf"]}]}},"_links":{"self":[{"href":"https:\/\/qingdaohf.com\/sk\/wp-json\/wp\/v2\/product\/8181","targetHints":{"allow":["GET"]}}],"collection":[{"href":"https:\/\/qingdaohf.com\/sk\/wp-json\/wp\/v2\/product"}],"about":[{"href":"https:\/\/qingdaohf.com\/sk\/wp-json\/wp\/v2\/types\/product"}],"replies":[{"embeddable":true,"href":"https:\/\/qingdaohf.com\/sk\/wp-json\/wp\/v2\/comments?post=8181"}],"version-history":[{"count":2,"href":"https:\/\/qingdaohf.com\/sk\/wp-json\/wp\/v2\/product\/8181\/revisions"}],"predecessor-version":[{"id":8341,"href":"https:\/\/qingdaohf.com\/sk\/wp-json\/wp\/v2\/product\/8181\/revisions\/8341"}],"wp:featuredmedia":[{"embeddable":true,"href":"https:\/\/qingdaohf.com\/sk\/wp-json\/wp\/v2\/media\/4678"}],"wp:attachment":[{"href":"https:\/\/qingdaohf.com\/sk\/wp-json\/wp\/v2\/media?parent=8181"}],"wp:term":[{"taxonomy":"product_brand","embeddable":true,"href":"https:\/\/qingdaohf.com\/sk\/wp-json\/wp\/v2\/product_brand?post=8181"},{"taxonomy":"product_cat","embeddable":true,"href":"https:\/\/qingdaohf.com\/sk\/wp-json\/wp\/v2\/product_cat?post=8181"},{"taxonomy":"product_tag","embeddable":true,"href":"https:\/\/qingdaohf.com\/sk\/wp-json\/wp\/v2\/product_tag?post=8181"}],"curies":[{"name":"wp","href":"https:\/\/api.w.org\/{rel}","templated":true}]}}