{"id":8280,"date":"2024-11-05T16:43:34","date_gmt":"2024-11-05T08:43:34","guid":{"rendered":"http:\/\/qingdaohf.com\/?post_type=product&#038;p=8280"},"modified":"2025-11-13T09:02:53","modified_gmt":"2025-11-13T01:02:53","slug":"webbing-sling-3-ton","status":"publish","type":"product","link":"https:\/\/qingdaohf.com\/sk\/produkt\/popruhovy-zaves-3-tony\/","title":{"rendered":"Ploch\u00fd popruh Sling 3 Ton Polyester Double Duplex"},"content":{"rendered":"<h3><strong>Spo\u013eahliv\u00e9 popruhy s nosnos\u0165ou 3 tony na zdv\u00edhanie \u0165a\u017ek\u00fdch n\u00e1kladov<\/strong><\/h3>\n<p>Vo svete manipul\u00e1cie s materi\u00e1lom vynik\u00e1 3-tonov\u00fd popruh ako robustn\u00e9 rie\u0161enie na zdv\u00edhanie a upev\u0148ovanie \u0165a\u017ek\u00fdch bremien v r\u00f4znych odvetviach. V\u010faka optim\u00e1lnej rovnov\u00e1he medzi pevnos\u0165ou, flexibilitou a bezpe\u010dnos\u0165ou je tento z\u00e1ves navrhnut\u00fd tak, aby sp\u013a\u0148al n\u00e1ro\u010dn\u00e9 po\u017eiadavky \u00faloh od stavebn\u00edctva a\u017e po logistiku. Tento popruh s nosnos\u0165ou 3 tony, ktor\u00fd je vyroben\u00fd z vysokokvalitn\u00fdch syntetick\u00fdch vl\u00e1kien, je skon\u0161truovan\u00fd tak, aby poskytoval spo\u013eahliv\u00fd v\u00fdkon, a preto je k\u013e\u00fa\u010dov\u00fdm pr\u00ednosom pre ka\u017ed\u00fa \u010dinnos\u0165, ktor\u00e1 zah\u0155\u0148a zdv\u00edhanie ve\u013ek\u00fdch bremien.<\/p>\n<p>Rast\u00faci dopyt po univerz\u00e1lnych zdv\u00edhac\u00edch rie\u0161eniach viedol k roz\u0161\u00edren\u00e9mu pou\u017e\u00edvaniu popruhov v komer\u010dnom a priemyselnom prostred\u00ed. Tento 3tonov\u00fd popruh je \u0161peci\u00e1lne vytvoren\u00fd na manipul\u00e1ciu so stredne \u0165a\u017ek\u00fdmi bremenami a poskytuje oper\u00e1torom spo\u013eahliv\u00fd prostriedok na efekt\u00edvne a bezpe\u010dn\u00e9 vykon\u00e1vanie ich \u00faloh. Kupuj\u00faci \u010dasto vyjadruj\u00fa obavy o bezpe\u010dnos\u0165 a odolnos\u0165 bremena, ktor\u00e9 s\u00fa pri v\u00fdbere zdv\u00edhacieho zariadenia prvorad\u00e9. Trojtonov\u00fd popruhov\u00fd z\u00e1ves tieto obavy rie\u0161i t\u00fdm, \u017ee zabezpe\u010duje, aby odolal n\u00e1ro\u010dn\u00fdm podmienkam a z\u00e1rove\u0148 si \u010dasom zachoval svoju integritu a v\u00fdkonnos\u0165.<\/p>\n<p>Jednou z charakteristick\u00fdch vlastnost\u00ed 3tonov\u00e9ho popruhu je jeho kon\u0161trukcia, ktor\u00e1 zvy\u010dajne zah\u0155\u0148a vysokopevnostn\u00e9 polyesterov\u00e9 alebo nylonov\u00e9 vl\u00e1kna. Tieto materi\u00e1ly pon\u00fakaj\u00fa nieko\u013eko v\u00fdhod vr\u00e1tane odolnosti vo\u010di opotrebovaniu, UV stability a odolnosti vo\u010di vlhkosti. Kombin\u00e1cia t\u00fdchto vlastnost\u00ed zaru\u010duje, \u017ee popruh m\u00f4\u017ee dobre fungova\u0165 aj v n\u00e1ro\u010dn\u00fdch vonkaj\u0161\u00edch podmienkach, v\u010faka \u010domu je vhodn\u00fd na cel\u00fd rad aplik\u00e1ci\u00ed.<\/p>\n<p>V spolo\u010dnosti Qingdao H&amp;F sme hrd\u00ed na to, \u017ee dok\u00e1\u017eeme poskytova\u0165 nielen vysokokvalitn\u00e9 v\u00fdrobky, ale aj v\u00fdnimo\u010dn\u00e9 slu\u017eby. N\u00e1\u0161 z\u00e1v\u00e4zok individu\u00e1lneho pr\u00edstupu k z\u00e1kazn\u00edkom znamen\u00e1, \u017ee ka\u017ed\u00fd klient dostane individu\u00e1lnu pozornos\u0165 prisp\u00f4soben\u00fa jeho \u0161pecifick\u00fdm potreb\u00e1m. Tento pr\u00edstup podporuje d\u00f4veru a zabezpe\u010duje, \u017ee kupuj\u00faci sa c\u00edtia podporovan\u00ed po\u010das celej svojej n\u00e1kupnej cesty. Okrem toho zd\u00f4raz\u0148ujeme d\u00f4le\u017eitos\u0165 v\u010dasn\u00e9ho dodania a na\u0161e efekt\u00edvne logistick\u00e9 procesy zaru\u010duj\u00fa, \u017ee z\u00e1kazn\u00edci dostan\u00fa svoje z\u00e1vesy bez zbyto\u010dn\u00fdch oneskoren\u00ed. Na\u0161e v\u00fdrobky, ktor\u00e9 sprev\u00e1dzaj\u00fa komplexn\u00e9 spr\u00e1vy o kontrole kvality, poskytuj\u00fa kupuj\u00facim istotu a zaru\u010duj\u00fa, \u017ee sp\u013a\u0148aj\u00fa po\u017eadovan\u00e9 bezpe\u010dnostn\u00e9 a v\u00fdkonnostn\u00e9 normy.<\/p>\n<h3><strong>Kvalita kon\u0161trukcie a v\u00fdkon materi\u00e1lu<\/strong><\/h3>\n<p>Kvalita materi\u00e1lov pou\u017eit\u00fdch pri v\u00fdrobe popruhu s nosnos\u0165ou 3 tony je neoddelite\u013enou s\u00fa\u010das\u0165ou jeho v\u00fdkonu a \u017eivotnosti. Pri v\u00fdbere materi\u00e1lov na v\u00fdrobu sa zameriavame na odolnos\u0165 a pevnos\u0165. Ob\u013e\u00fabenou vo\u013ebou je polyester, ktor\u00fd je zn\u00e1my svojou n\u00edzkou roz\u0165a\u017enos\u0165ou a vysokou odolnos\u0165ou proti oderu. Toto vl\u00e1kno je obzvl\u00e1\u0161\u0165 \u00fa\u010dinn\u00e9 pri udr\u017eiavan\u00ed stability bremena, \u010do je nevyhnutn\u00e9 pre bezpe\u010dn\u00e9 zdv\u00edhanie. Na druhej strane nylon pon\u00faka vynikaj\u00facu pru\u017enos\u0165, ktor\u00e1 dok\u00e1\u017ee absorbova\u0165 n\u00e1razov\u00e9 za\u0165a\u017eenie po\u010das zdv\u00edhania, \u010do je vlastnos\u0165, ktor\u00e1 m\u00f4\u017ee by\u0165 prospe\u0161n\u00e1 pri r\u00f4znych aplik\u00e1ci\u00e1ch.<\/p>\n<p>Ka\u017ed\u00fd aspekt v\u00fdrobn\u00e9ho procesu je navrhnut\u00fd tak, aby dodr\u017eiaval najvy\u0161\u0161ie \u0161tandardy. Od v\u00fdberu vl\u00e1kien a\u017e po techniku tkania sa ka\u017ed\u00fd z\u00e1ves podrobuje pr\u00edsnemu testovaniu, aby sa potvrdila jeho schopnos\u0165 bezpe\u010dne pren\u00e1\u0161a\u0165 za\u0165a\u017eenie a\u017e do 3 ton. Zosilnen\u00e9 \u0161itie a vysokokvalitn\u00e9 koncovky zvy\u0161uj\u00fa odolnos\u0165 z\u00e1vesu, zni\u017euj\u00fa riziko opotrebovania a zvy\u0161uj\u00fa jeho \u017eivotnos\u0165. V\u010faka t\u00fdmto vlastnostiam je popruh s nosnos\u0165ou 3 tony cennou invest\u00edciou pre podniky, ktor\u00e9 h\u013eadaj\u00fa spo\u013eahliv\u00e9 rie\u0161enia na zdv\u00edhanie.<\/p>\n<p>Zabezpe\u010denie kvality je v spolo\u010dnosti Qingdao H&amp;F prvorad\u00e9 a na\u0161i z\u00e1kazn\u00edci m\u00f4\u017eu o\u010dak\u00e1va\u0165, \u017ee ka\u017ed\u00fd v\u00fdrobok bude ma\u0165 podrobn\u00fa spr\u00e1vu o kontrole. Tieto spr\u00e1vy poskytuj\u00fa d\u00f4le\u017eit\u00e9 inform\u00e1cie o v\u00fdkonnostn\u00fdch charakteristik\u00e1ch z\u00e1vesu vr\u00e1tane pevnosti pri pretrhnut\u00ed a s\u00faladu s priemyseln\u00fdmi normami. T\u00fdm, \u017ee zabezpe\u010d\u00edme, aby ka\u017ed\u00fd z\u00e1ves sp\u013a\u0148al tieto krit\u00e9ri\u00e1, pom\u00e1hame na\u0161im klientom prij\u00edma\u0165 informovan\u00e9 rozhodnutia a uprednost\u0148ujeme bezpe\u010dnos\u0165 a spo\u013eahlivos\u0165 pri zdv\u00edhac\u00edch oper\u00e1ci\u00e1ch.<\/p>\n<h3><strong>V\u0161estrann\u00e9 aplik\u00e1cie a v\u00fdhody pre priemysel<\/strong><\/h3>\n<p>V\u0161estrannos\u0165 3-tonov\u00e9ho popruhu z neho rob\u00ed ide\u00e1lnu vo\u013ebu pre \u0161irok\u00fa \u0161k\u00e1lu aplik\u00e1ci\u00ed v r\u00f4znych odvetviach. Napr\u00edklad v stavebn\u00edctve sa tento popruh m\u00f4\u017ee pou\u017e\u00edva\u0165 na zdv\u00edhanie a premiest\u0148ovanie \u0165a\u017ek\u00fdch materi\u00e1lov, ako s\u00fa oce\u013eov\u00e9 nosn\u00edky, bet\u00f3nov\u00e9 bloky a stroje. \u013dahk\u00e1 povaha popruhov\u00fdch z\u00e1vesov u\u013eah\u010duje manipul\u00e1ciu s nimi v porovnan\u00ed s tradi\u010dn\u00fdmi kovov\u00fdmi re\u0165azami, \u010d\u00edm sa minimalizuje \u00fanava obsluhy a zvy\u0161uje celkov\u00e1 bezpe\u010dnos\u0165.<\/p>\n<p>V logistike a skladovan\u00ed sa 3tonov\u00fd popruh osved\u010dil ako neocenite\u013en\u00fd na prepravu tovaru a materi\u00e1lov. Jeho schopnos\u0165 bezpe\u010dne zdv\u00edha\u0165 \u0165a\u017ek\u00e9 bremen\u00e1 zabezpe\u010duje hladk\u00fd a efekt\u00edvny priebeh oper\u00e1ci\u00ed. Flexibilita z\u00e1vesu umo\u017e\u0148uje jeho pou\u017eitie v stiesnen\u00fdch priestoroch, kde by in\u00e9 zdv\u00edhacie zariadenia mohli ma\u0165 probl\u00e9my. Okrem toho nepo\u0161kodzuj\u00faca povaha popruhov znamen\u00e1, \u017ee m\u00f4\u017eu bezpe\u010dne zdv\u00edha\u0165 krehk\u00fd alebo hotov\u00fd tovar bez rizika po\u0161kriabania alebo prelia\u010denia.<\/p>\n<p>\u010eal\u0161ou v\u00fdznamnou v\u00fdhodou popruhu s nosnos\u0165ou 3 tony je jeho jednoduch\u00e1 \u00fadr\u017eba. Na rozdiel od re\u0165az\u00ed alebo in\u00fdch kovov\u00fdch zdv\u00edhac\u00edch zariaden\u00ed si popruhov\u00e9 z\u00e1vesy vy\u017eaduj\u00fa minim\u00e1lnu \u00fadr\u017ebu. Pravideln\u00e9 kontroly a spr\u00e1vne skladovanie m\u00f4\u017eu v\u00fdrazne pred\u013a\u017ei\u0165 ich \u017eivotnos\u0165, \u010do z nich rob\u00ed n\u00e1kladovo efekt\u00edvnu mo\u017enos\u0165 pre podniky zameran\u00e9 na prev\u00e1dzkov\u00fa efekt\u00edvnos\u0165.<\/p>\n<p>Spolo\u010dnos\u0165 Qingdao H&amp;F si uvedomuje vyv\u00edjaj\u00face sa potreby r\u00f4znych priemyseln\u00fdch odvetv\u00ed a n\u00e1\u0161 3tonov\u00fd popruh je navrhnut\u00fd tak, aby tieto po\u017eiadavky sp\u013a\u0148al. \u010ci u\u017e ide o stavebn\u00edctvo, logistiku alebo v\u00fdrobu, tento popruh poskytuje spo\u013eahlivos\u0165 a v\u00fdkon, ktor\u00e9 podniky potrebuj\u00fa na dosiahnutie \u00faspechu. Schopnos\u0165 bezpe\u010dne a efekt\u00edvne zdv\u00edha\u0165 ve\u013ek\u00e9 bremen\u00e1 m\u00f4\u017ee v\u00fdrazne zv\u00fd\u0161i\u0165 produktivitu, \u010do umo\u017e\u0148uje oper\u00e1torom s\u00fastredi\u0165 sa na svoje hlavn\u00e9 \u00falohy bez ob\u00e1v zo zlyhania zariadenia.<\/p>\n<h3><strong>Qingdao H&amp;F: V\u00e1\u0161 partner v oblasti kvality a slu\u017eieb<\/strong><\/h3>\n<p>V spolo\u010dnosti Qingdao H&amp;F n\u00e1s v konkuren\u010dnom prostred\u00ed zdv\u00edhac\u00edch rie\u0161en\u00ed odli\u0161uje na\u0161a oddanos\u0165 kvalite a spokojnosti z\u00e1kazn\u00edkov. Popruhov\u00fd z\u00e1ves s nosnos\u0165ou 3 tony predstavuje n\u00e1\u0161 z\u00e1v\u00e4zok poskytova\u0165 klientom v\u00fdrobky, ktor\u00e9 s\u00fa nielen odoln\u00e9 a spo\u013eahliv\u00e9, ale aj podporen\u00e9 v\u00fdnimo\u010dn\u00fdmi slu\u017ebami. V\u010faka na\u0161ej individu\u00e1lnej z\u00e1kazn\u00edckej podpore sprev\u00e1dzame klientov procesom v\u00fdberu a zabezpe\u010dujeme, aby si vybrali spr\u00e1vny z\u00e1ves pre svoje \u0161pecifick\u00e9 potreby.<\/p>\n<p>Na\u0161e zameranie na r\u00fdchle dodacie cykly znamen\u00e1, \u017ee klienti sa na n\u00e1s m\u00f4\u017eu spo\u013eahn\u00fa\u0165, pokia\u013e ide o v\u010dasn\u00fd pr\u00edstup k ich zdv\u00edhac\u00edm zariadeniam. Uvedomujeme si, ak\u00e9 d\u00f4le\u017eit\u00e9 je ma\u0165 spr\u00e1vne n\u00e1stroje v spr\u00e1vnom \u010dase, a n\u00e1\u0161 logistick\u00fd t\u00edm usilovne pracuje na tom, aby tieto o\u010dak\u00e1vania splnil a prekonal. Okrem toho na\u0161e komplexn\u00e9 spr\u00e1vy o kontrole kvality poskytuj\u00fa transparentnos\u0165, ktor\u00fa klienti potrebuj\u00fa, aby sa c\u00edtili ist\u00ed pri n\u00e1kupe, a posil\u0148uj\u00fa n\u00e1\u0161 z\u00e1v\u00e4zok k bezpe\u010dnosti a v\u00fdkonnosti.<\/p>\n<p>V\u00fdber 3 tonov\u00e9ho popruhu od spolo\u010dnosti Qingdao H&amp;F znamen\u00e1 invest\u00edciu do vysokokvalitn\u00e9ho zdv\u00edhacieho rie\u0161enia, za ktor\u00fdm stoj\u00ed spolo\u010dnos\u0165, ktor\u00e1 si v\u00e1\u017ei svojich z\u00e1kazn\u00edkov a uprednost\u0148uje ich potreby. Poskytovan\u00edm spo\u013eahliv\u00fdch v\u00fdrobkov a v\u00fdnimo\u010dn\u00fdch slu\u017eieb sa sna\u017e\u00edme podporova\u0165 dlhodob\u00e9 partnerstv\u00e1 zalo\u017een\u00e9 na d\u00f4vere a spo\u013eahlivosti. Na\u0161i klienti si m\u00f4\u017eu by\u0165 ist\u00ed, \u017ee ke\u010f si vyber\u00fa na\u0161e popruhy, vybavia sa t\u00fdmi najlep\u0161\u00edmi n\u00e1strojmi dostupn\u00fdmi na trhu, \u010d\u00edm zv\u00fd\u0161ia svoju prev\u00e1dzkov\u00fa efekt\u00edvnos\u0165 a bezpe\u010dnostn\u00e9 normy.<\/p>","protected":false},"excerpt":{"rendered":"<p>Trojtonov\u00fd popruh, ktor\u00fd pon\u00faka spolo\u010dnos\u0165 Qingdao H&amp;F, je z\u00e1kladn\u00fdm n\u00e1strojom na bezpe\u010dn\u00e9 a efekt\u00edvne zdv\u00edhanie v r\u00f4znych priemyseln\u00fdch aplik\u00e1ci\u00e1ch. Kupuj\u00faci \u010dasto h\u013eadaj\u00fa z\u00e1ruky t\u00fdkaj\u00face sa bezpe\u010dnosti n\u00e1kladu, trvanlivosti a jednoduchosti pou\u017e\u00edvania zdv\u00edhac\u00edch zariaden\u00ed. Tento z\u00e1ves sp\u013a\u0148a tieto potreby a m\u00f4\u017ee sa pochv\u00e1li\u0165 pevnou kon\u0161trukciou ur\u010denou na spo\u013eahliv\u00fa manipul\u00e1ciu s \u0165a\u017e\u0161\u00edmi bremenami. Ako obchodn\u00e1 spolo\u010dnos\u0165 sme hrd\u00ed na to, \u017ee poskytujeme v\u00fdnimo\u010dn\u00fa hodnotu prostredn\u00edctvom individu\u00e1lneho z\u00e1kazn\u00edckeho servisu, r\u00fdchlych dodac\u00edch cyklov a komplexn\u00fdch spr\u00e1v o kontrole kvality, \u010d\u00edm zabezpe\u010dujeme, \u017ee ka\u017ed\u00fd v\u00fdrobok sp\u013a\u0148a najvy\u0161\u0161ie \u0161tandardy bezpe\u010dnosti a v\u00fdkonu.<\/p>","protected":false},"featured_media":8197,"comment_status":"open","ping_status":"closed","template":"","meta":{"site-sidebar-layout":"default","site-content-layout":"","ast-site-content-layout":"default","site-content-style":"default","site-sidebar-style":"default","ast-global-header-display":"","ast-banner-title-visibility":"","ast-main-header-display":"","ast-hfb-above-header-display":"","ast-hfb-below-header-display":"","ast-hfb-mobile-header-display":"","site-post-title":"","ast-breadcrumbs-content":"","ast-featured-img":"","footer-sml-layout":"","theme-transparent-header-meta":"default","adv-header-id-meta":"","stick-header-meta":"default","header-above-stick-meta":"","header-main-stick-meta":"","header-below-stick-meta":"","astra-migrate-meta-layouts":"set","ast-page-background-enabled":"default","ast-page-background-meta":{"desktop":{"background-color":"","background-image":"","background-repeat":"repeat","background-position":"center center","background-size":"auto","background-attachment":"scroll","background-type":"","background-media":"","overlay-type":"","overlay-color":"","overlay-opacity":"","overlay-gradient":""},"tablet":{"background-color":"","background-image":"","background-repeat":"repeat","background-position":"center center","background-size":"auto","background-attachment":"scroll","background-type":"","background-media":"","overlay-type":"","overlay-color":"","overlay-opacity":"","overlay-gradient":""},"mobile":{"background-color":"","background-image":"","background-repeat":"repeat","background-position":"center center","background-size":"auto","background-attachment":"scroll","background-type":"","background-media":"","overlay-type":"","overlay-color":"","overlay-opacity":"","overlay-gradient":""}},"ast-content-background-meta":{"desktop":{"background-color":"var(--ast-global-color-5)","background-image":"","background-repeat":"repeat","background-position":"center center","background-size":"auto","background-attachment":"scroll","background-type":"","background-media":"","overlay-type":"","overlay-color":"","overlay-opacity":"","overlay-gradient":""},"tablet":{"background-color":"var(--ast-global-color-5)","background-image":"","background-repeat":"repeat","background-position":"center center","background-size":"auto","background-attachment":"scroll","background-type":"","background-media":"","overlay-type":"","overlay-color":"","overlay-opacity":"","overlay-gradient":""},"mobile":{"background-color":"var(--ast-global-color-5)","background-image":"","background-repeat":"repeat","background-position":"center center","background-size":"auto","background-attachment":"scroll","background-type":"","background-media":"","overlay-type":"","overlay-color":"","overlay-opacity":"","overlay-gradient":""}}},"product_brand":[],"product_cat":[39],"product_tag":[],"class_list":{"0":"post-8280","1":"product","2":"type-product","3":"status-publish","4":"has-post-thumbnail","6":"product_cat-webbing-sling","7":"desktop-align-left","8":"tablet-align-left","9":"mobile-align-left","10":"ast-product-gallery-layout-horizontal-slider","11":"ast-product-gallery-with-no-image","12":"ast-product-tabs-layout-horizontal","14":"first","15":"instock","16":"shipping-taxable","17":"purchasable","18":"product-type-simple"},"yoast_head":"<!-- This site is optimized with the Yoast SEO plugin v25.2 - https:\/\/yoast.com\/wordpress\/plugins\/seo\/ -->\n<title>Flat Webbing Sling 3 Ton Polyester Double Duplex<\/title>\n<meta name=\"robots\" content=\"index, follow, max-snippet:-1, max-image-preview:large, max-video-preview:-1\" \/>\n<link rel=\"canonical\" href=\"https:\/\/qingdaohf.com\/sk\/produkt\/popruhovy-zaves-3-tony\/\" \/>\n<meta property=\"og:locale\" content=\"sk_SK\" \/>\n<meta property=\"og:type\" content=\"article\" \/>\n<meta property=\"og:title\" content=\"Flat Webbing Sling 3 Ton Polyester Double Duplex\" \/>\n<meta property=\"og:description\" content=\"The 3-ton webbing sling offered by Qingdao H&amp;F is an essential tool for safe and effective lifting in a variety of industrial applications. Buyers often seek assurance regarding load security, durability, and the ease of use of lifting equipment. This sling meets those needs, boasting a strong construction designed for handling heavier loads with reliability. As a trading company, we pride ourselves on delivering exceptional value through one-on-one customer service, rapid delivery cycles, and comprehensive quality inspection reports, ensuring that each product is up to the highest standards of safety and performance.\" \/>\n<meta property=\"og:url\" content=\"https:\/\/qingdaohf.com\/sk\/produkt\/popruhovy-zaves-3-tony\/\" \/>\n<meta property=\"og:site_name\" content=\"Concrete Form &amp; Rigging Hardware Supplier\" \/>\n<meta property=\"article:publisher\" content=\"https:\/\/www.facebook.com\/qingdaohf\" \/>\n<meta property=\"article:modified_time\" content=\"2025-11-13T01:02:53+00:00\" \/>\n<meta property=\"og:image\" content=\"https:\/\/qingdaohf.com\/wp-content\/uploads\/2024\/10\/3-ton-webbing-sling_1.webp\" \/>\n\t<meta property=\"og:image:width\" content=\"1000\" \/>\n\t<meta property=\"og:image:height\" content=\"1000\" \/>\n\t<meta property=\"og:image:type\" content=\"image\/webp\" \/>\n<meta name=\"twitter:card\" content=\"summary_large_image\" \/>\n<meta name=\"twitter:label1\" content=\"Predpokladan\u00fd \u010das \u010d\u00edtania\" \/>\n\t<meta name=\"twitter:data1\" content=\"5 min\u00fat\" \/>\n<script type=\"application\/ld+json\" class=\"yoast-schema-graph\">{\"@context\":\"https:\/\/schema.org\",\"@graph\":[{\"@type\":\"WebPage\",\"@id\":\"https:\/\/qingdaohf.com\/product\/webbing-sling-3-ton\/\",\"url\":\"https:\/\/qingdaohf.com\/product\/webbing-sling-3-ton\/\",\"name\":\"Flat Webbing Sling 3 Ton Polyester Double Duplex\",\"isPartOf\":{\"@id\":\"https:\/\/qingdaohf.com\/bg\/#website\"},\"primaryImageOfPage\":{\"@id\":\"https:\/\/qingdaohf.com\/product\/webbing-sling-3-ton\/#primaryimage\"},\"image\":{\"@id\":\"https:\/\/qingdaohf.com\/product\/webbing-sling-3-ton\/#primaryimage\"},\"thumbnailUrl\":\"https:\/\/qingdaohf.com\/wp-content\/uploads\/2024\/10\/3-ton-webbing-sling_1.webp\",\"datePublished\":\"2024-11-05T08:43:34+00:00\",\"dateModified\":\"2025-11-13T01:02:53+00:00\",\"breadcrumb\":{\"@id\":\"https:\/\/qingdaohf.com\/product\/webbing-sling-3-ton\/#breadcrumb\"},\"inLanguage\":\"sk-SK\",\"potentialAction\":[{\"@type\":\"ReadAction\",\"target\":[\"https:\/\/qingdaohf.com\/product\/webbing-sling-3-ton\/\"]}]},{\"@type\":\"ImageObject\",\"inLanguage\":\"sk-SK\",\"@id\":\"https:\/\/qingdaohf.com\/product\/webbing-sling-3-ton\/#primaryimage\",\"url\":\"https:\/\/qingdaohf.com\/wp-content\/uploads\/2024\/10\/3-ton-webbing-sling_1.webp\",\"contentUrl\":\"https:\/\/qingdaohf.com\/wp-content\/uploads\/2024\/10\/3-ton-webbing-sling_1.webp\",\"width\":1000,\"height\":1000,\"caption\":\"3 ton webbing sling_1\"},{\"@type\":\"BreadcrumbList\",\"@id\":\"https:\/\/qingdaohf.com\/product\/webbing-sling-3-ton\/#breadcrumb\",\"itemListElement\":[{\"@type\":\"ListItem\",\"position\":1,\"name\":\"Home\",\"item\":\"https:\/\/qingdaohf.com\/\"},{\"@type\":\"ListItem\",\"position\":2,\"name\":\"Concrete Forming Accessories and Rigging Hardware\",\"item\":\"https:\/\/qingdaohf.com\/bg\/?page_id=944\"},{\"@type\":\"ListItem\",\"position\":3,\"name\":\"Flat Webbing Sling 3 Ton Polyester Double Duplex\"}]},{\"@type\":\"WebSite\",\"@id\":\"https:\/\/qingdaohf.com\/bg\/#website\",\"url\":\"https:\/\/qingdaohf.com\/bg\/\",\"name\":\"Concrete Form & Rigging Hardware Supplier\",\"description\":\"\",\"publisher\":{\"@id\":\"https:\/\/qingdaohf.com\/bg\/#organization\"},\"potentialAction\":[{\"@type\":\"SearchAction\",\"target\":{\"@type\":\"EntryPoint\",\"urlTemplate\":\"https:\/\/qingdaohf.com\/bg\/?s={search_term_string}\"},\"query-input\":{\"@type\":\"PropertyValueSpecification\",\"valueRequired\":true,\"valueName\":\"search_term_string\"}}],\"inLanguage\":\"sk-SK\"},{\"@type\":\"Organization\",\"@id\":\"https:\/\/qingdaohf.com\/bg\/#organization\",\"name\":\"Qingdao H&F\",\"url\":\"https:\/\/qingdaohf.com\/bg\/\",\"logo\":{\"@type\":\"ImageObject\",\"inLanguage\":\"sk-SK\",\"@id\":\"https:\/\/qingdaohf.com\/bg\/#\/schema\/logo\/image\/\",\"url\":\"https:\/\/qingdaohf.com\/wp-content\/uploads\/2022\/12\/cropped-HF-LOGO.png\",\"contentUrl\":\"https:\/\/qingdaohf.com\/wp-content\/uploads\/2022\/12\/cropped-HF-LOGO.png\",\"width\":391,\"height\":249,\"caption\":\"Qingdao H&F\"},\"image\":{\"@id\":\"https:\/\/qingdaohf.com\/bg\/#\/schema\/logo\/image\/\"},\"sameAs\":[\"https:\/\/www.facebook.com\/qingdaohf\"]}]}<\/script>\n<!-- \/ Yoast SEO plugin. -->","yoast_head_json":{"title":"Flat Webbing Sling 3 Ton Polyester Double Duplex","robots":{"index":"index","follow":"follow","max-snippet":"max-snippet:-1","max-image-preview":"max-image-preview:large","max-video-preview":"max-video-preview:-1"},"canonical":"https:\/\/qingdaohf.com\/sk\/produkt\/popruhovy-zaves-3-tony\/","og_locale":"sk_SK","og_type":"article","og_title":"Flat Webbing Sling 3 Ton Polyester Double Duplex","og_description":"The 3-ton webbing sling offered by Qingdao H&amp;F is an essential tool for safe and effective lifting in a variety of industrial applications. Buyers often seek assurance regarding load security, durability, and the ease of use of lifting equipment. This sling meets those needs, boasting a strong construction designed for handling heavier loads with reliability. As a trading company, we pride ourselves on delivering exceptional value through one-on-one customer service, rapid delivery cycles, and comprehensive quality inspection reports, ensuring that each product is up to the highest standards of safety and performance.","og_url":"https:\/\/qingdaohf.com\/sk\/produkt\/popruhovy-zaves-3-tony\/","og_site_name":"Concrete Form &amp; Rigging Hardware Supplier","article_publisher":"https:\/\/www.facebook.com\/qingdaohf","article_modified_time":"2025-11-13T01:02:53+00:00","og_image":[{"width":1000,"height":1000,"url":"https:\/\/qingdaohf.com\/wp-content\/uploads\/2024\/10\/3-ton-webbing-sling_1.webp","type":"image\/webp"}],"twitter_card":"summary_large_image","twitter_misc":{"Predpokladan\u00fd \u010das \u010d\u00edtania":"5 min\u00fat"},"schema":{"@context":"https:\/\/schema.org","@graph":[{"@type":"WebPage","@id":"https:\/\/qingdaohf.com\/product\/webbing-sling-3-ton\/","url":"https:\/\/qingdaohf.com\/product\/webbing-sling-3-ton\/","name":"Flat Webbing Sling 3 Ton Polyester Double Duplex","isPartOf":{"@id":"https:\/\/qingdaohf.com\/bg\/#website"},"primaryImageOfPage":{"@id":"https:\/\/qingdaohf.com\/product\/webbing-sling-3-ton\/#primaryimage"},"image":{"@id":"https:\/\/qingdaohf.com\/product\/webbing-sling-3-ton\/#primaryimage"},"thumbnailUrl":"https:\/\/qingdaohf.com\/wp-content\/uploads\/2024\/10\/3-ton-webbing-sling_1.webp","datePublished":"2024-11-05T08:43:34+00:00","dateModified":"2025-11-13T01:02:53+00:00","breadcrumb":{"@id":"https:\/\/qingdaohf.com\/product\/webbing-sling-3-ton\/#breadcrumb"},"inLanguage":"sk-SK","potentialAction":[{"@type":"ReadAction","target":["https:\/\/qingdaohf.com\/product\/webbing-sling-3-ton\/"]}]},{"@type":"ImageObject","inLanguage":"sk-SK","@id":"https:\/\/qingdaohf.com\/product\/webbing-sling-3-ton\/#primaryimage","url":"https:\/\/qingdaohf.com\/wp-content\/uploads\/2024\/10\/3-ton-webbing-sling_1.webp","contentUrl":"https:\/\/qingdaohf.com\/wp-content\/uploads\/2024\/10\/3-ton-webbing-sling_1.webp","width":1000,"height":1000,"caption":"3 ton webbing sling_1"},{"@type":"BreadcrumbList","@id":"https:\/\/qingdaohf.com\/product\/webbing-sling-3-ton\/#breadcrumb","itemListElement":[{"@type":"ListItem","position":1,"name":"Home","item":"https:\/\/qingdaohf.com\/"},{"@type":"ListItem","position":2,"name":"Concrete Forming Accessories and Rigging Hardware","item":"https:\/\/qingdaohf.com\/bg\/?page_id=944"},{"@type":"ListItem","position":3,"name":"Flat Webbing Sling 3 Ton Polyester Double Duplex"}]},{"@type":"WebSite","@id":"https:\/\/qingdaohf.com\/bg\/#website","url":"https:\/\/qingdaohf.com\/bg\/","name":"Concrete Form & Rigging Hardware Supplier","description":"","publisher":{"@id":"https:\/\/qingdaohf.com\/bg\/#organization"},"potentialAction":[{"@type":"SearchAction","target":{"@type":"EntryPoint","urlTemplate":"https:\/\/qingdaohf.com\/bg\/?s={search_term_string}"},"query-input":{"@type":"PropertyValueSpecification","valueRequired":true,"valueName":"search_term_string"}}],"inLanguage":"sk-SK"},{"@type":"Organization","@id":"https:\/\/qingdaohf.com\/bg\/#organization","name":"Qingdao H&F","url":"https:\/\/qingdaohf.com\/bg\/","logo":{"@type":"ImageObject","inLanguage":"sk-SK","@id":"https:\/\/qingdaohf.com\/bg\/#\/schema\/logo\/image\/","url":"https:\/\/qingdaohf.com\/wp-content\/uploads\/2022\/12\/cropped-HF-LOGO.png","contentUrl":"https:\/\/qingdaohf.com\/wp-content\/uploads\/2022\/12\/cropped-HF-LOGO.png","width":391,"height":249,"caption":"Qingdao H&F"},"image":{"@id":"https:\/\/qingdaohf.com\/bg\/#\/schema\/logo\/image\/"},"sameAs":["https:\/\/www.facebook.com\/qingdaohf"]}]}},"_links":{"self":[{"href":"https:\/\/qingdaohf.com\/sk\/wp-json\/wp\/v2\/product\/8280","targetHints":{"allow":["GET"]}}],"collection":[{"href":"https:\/\/qingdaohf.com\/sk\/wp-json\/wp\/v2\/product"}],"about":[{"href":"https:\/\/qingdaohf.com\/sk\/wp-json\/wp\/v2\/types\/product"}],"replies":[{"embeddable":true,"href":"https:\/\/qingdaohf.com\/sk\/wp-json\/wp\/v2\/comments?post=8280"}],"version-history":[{"count":2,"href":"https:\/\/qingdaohf.com\/sk\/wp-json\/wp\/v2\/product\/8280\/revisions"}],"predecessor-version":[{"id":8338,"href":"https:\/\/qingdaohf.com\/sk\/wp-json\/wp\/v2\/product\/8280\/revisions\/8338"}],"wp:featuredmedia":[{"embeddable":true,"href":"https:\/\/qingdaohf.com\/sk\/wp-json\/wp\/v2\/media\/8197"}],"wp:attachment":[{"href":"https:\/\/qingdaohf.com\/sk\/wp-json\/wp\/v2\/media?parent=8280"}],"wp:term":[{"taxonomy":"product_brand","embeddable":true,"href":"https:\/\/qingdaohf.com\/sk\/wp-json\/wp\/v2\/product_brand?post=8280"},{"taxonomy":"product_cat","embeddable":true,"href":"https:\/\/qingdaohf.com\/sk\/wp-json\/wp\/v2\/product_cat?post=8280"},{"taxonomy":"product_tag","embeddable":true,"href":"https:\/\/qingdaohf.com\/sk\/wp-json\/wp\/v2\/product_tag?post=8280"}],"curies":[{"name":"wp","href":"https:\/\/api.w.org\/{rel}","templated":true}]}}