{"id":8283,"date":"2024-11-05T17:52:39","date_gmt":"2024-11-05T09:52:39","guid":{"rendered":"http:\/\/qingdaohf.com\/?post_type=product&#038;p=8283"},"modified":"2025-11-13T09:02:53","modified_gmt":"2025-11-13T01:02:53","slug":"webbing-sling-4-ton","status":"publish","type":"product","link":"https:\/\/qingdaohf.com\/sk\/produkt\/popruhovy-zaves-4-tony\/","title":{"rendered":"Ploch\u00fd popruh Sling 4 Ton Polyester Double Duplex"},"content":{"rendered":"<h4>Vynikaj\u00faci v\u00fdkon a k\u013e\u00fa\u010dov\u00e9 vlastnosti popruhu s nosnos\u0165ou 4 tony<\/h4>\n<p>Pokia\u013e ide o \u0165a\u017ek\u00e9 zdv\u00edhacie zariadenia, spo\u013eahlivos\u0165, bezpe\u010dnos\u0165 a trvanlivos\u0165 s\u00fa pre priemyseln\u00fdch kupuj\u00facich z\u00e1kladn\u00fdmi faktormi. 4-tonov\u00fd popruh Qingdao H&amp;F je vytvoren\u00fd tak, aby sl\u00fa\u017eil priemyseln\u00fdm odvetviam, ktor\u00e9 vy\u017eaduj\u00fa bezpe\u010dn\u00e9 a spo\u013eahliv\u00e9 rie\u0161enia na manipul\u00e1ciu s \u0165a\u017ek\u00fdmi bremenami. Tento popruh je vyroben\u00fd z vysokopevnostn\u00fdch polyesterov\u00fdch vl\u00e1kien, ktor\u00e9 s\u00fa odoln\u00e9 vo\u010di oderu a UV \u017eiareniu, \u010d\u00edm pon\u00fakaj\u00fa dlh\u00fa \u017eivotnos\u0165 a odolnos\u0165. Tento popruh, ktor\u00fd dok\u00e1\u017ee zdvihn\u00fa\u0165 bremen\u00e1 s hmotnos\u0165ou a\u017e 4 tony, je ide\u00e1lny pre r\u00f4zne aplik\u00e1cie, od staven\u00edsk a skladov a\u017e po logistiku a dopravu.<\/p>\n<p>Kvalita je z\u00e1kladom ponuky spolo\u010dnosti Qingdao H&amp;F. Ka\u017ed\u00fd 4-tonov\u00fd z\u00e1ves prech\u00e1dza pr\u00edsnym testovan\u00edm, pri\u010dom s\u00fa k dispoz\u00edcii spr\u00e1vy o kontrole kvality, ktor\u00e9 overuj\u00fa jeho s\u00falad s medzin\u00e1rodn\u00fdmi normami. Kupuj\u00faci si m\u00f4\u017eu by\u0165 ist\u00ed, \u017ee ka\u017ed\u00fd v\u00fdrobok bol d\u00f4kladne skontrolovan\u00fd, \u010d\u00edm sa minimalizuje riziko opotrebovania alebo poruchy pri za\u0165a\u017een\u00ed. Pou\u017eitie odoln\u00fdch materi\u00e1lov a prec\u00edznych v\u00fdrobn\u00fdch postupov zaru\u010duje, \u017ee tento popruh si zachov\u00e1 svoju pevnos\u0165 a funk\u010dnos\u0165 aj v n\u00e1ro\u010dn\u00fdch podmienkach. Z\u00e1v\u00e4zok spolo\u010dnosti Qingdao H&amp;F poskytova\u0165 dod\u00e1vky zo skladu do skladu tie\u017e zefekt\u00edv\u0148uje proces n\u00e1kupu a poskytuje r\u00fdchly pr\u00edstup k z\u00e1kladn\u00e9mu vybaveniu bez oneskorenia.<\/p>\n<h4>Prisp\u00f4soben\u00e9 potreb\u00e1m odvetvia: Bezpe\u010dnos\u0165, efekt\u00edvnos\u0165 a spo\u013eahlivos\u0165<\/h4>\n<p>Pri priemyselnom zdv\u00edhan\u00ed je prvorad\u00e1 bezpe\u010dnos\u0165. \u0160tvortonov\u00fd popruh Qingdao H&amp;F je navrhnut\u00fd tak, aby sp\u013a\u0148al a prekra\u010doval bezpe\u010dnostn\u00e9 normy a zabezpe\u010dil, aby oper\u00e1tori mohli bez ob\u00e1v manipulova\u0165 s \u0165a\u017ek\u00fdmi bremenami. \u0160irok\u00fd povrch popruhu zni\u017euje tlakov\u00e9 body na bremeno a rovnomerne rozklad\u00e1 hmotnos\u0165, aby sa zabr\u00e1nilo po\u0161kodeniu. V aplik\u00e1ci\u00e1ch, kde je integrita bremena kritick\u00e1, je t\u00e1to kon\u0161truk\u010dn\u00e1 vlastnos\u0165 neocenite\u013en\u00e1, preto\u017ee minimalizuje riziko po\u0161myknutia alebo n\u00e1hleho posunu bremena po\u010das manipul\u00e1cie. T\u00e1to pozornos\u0165 venovan\u00e1 detailom v dizajne a kon\u0161trukcii pod\u010diarkuje odhodlanie spolo\u010dnosti Qingdao H&amp;F plni\u0165 po\u017eiadavky priemyslu na bezpe\u010dn\u00fa a efekt\u00edvnu manipul\u00e1ciu s n\u00e1kladom.<\/p>\n<p>Jedn\u00fdm z v\u00fdznamn\u00fdch aspektov ponuky spolo\u010dnosti Qingdao H&amp;F je individu\u00e1lny pr\u00edstup k z\u00e1kazn\u00edkom. Tento individu\u00e1lny pr\u00edstup umo\u017e\u0148uje kupuj\u00facim diskutova\u0165 o ich \u0161pecifick\u00fdch potreb\u00e1ch a z\u00edska\u0165 odpor\u00fa\u010dania \u0161it\u00e9 na mieru, \u010do u\u013eah\u010duje v\u00fdber najlep\u0161ieho popruhov\u00e9ho z\u00e1vesu pre konkr\u00e9tne aplik\u00e1cie. V\u010faka r\u00fdchlemu dodaciemu cyklu a pohotov\u00e9mu t\u00edmu z\u00e1kazn\u00edckeho servisu spolo\u010dnos\u0165 Qingdao H&amp;F zabezpe\u010duje, \u017ee klienti dostan\u00fa v\u010dasn\u00fa podporu a presn\u00e9 pokyny k v\u00fdrobkom, \u010do \u010falej zni\u017euje prestoje a zvy\u0161uje prev\u00e1dzkov\u00fa efekt\u00edvnos\u0165.<\/p>\n<h4>Pr\u00edstup spolo\u010dnosti Qingdao H&amp;F zameran\u00fd na z\u00e1kazn\u00edka: Zabezpe\u010denie kvality a v\u010dasnosti<\/h4>\n<p>Poves\u0165 spo\u013eahlivej spolo\u010dnosti Qingdao H&amp;F presahuje r\u00e1mec kvality jej v\u00fdrobkov a zah\u0155\u0148a v\u0161etky sk\u00fasenosti z\u00e1kazn\u00edkov. Ako obchodn\u00e1 spolo\u010dnos\u0165 B2B s dvadsa\u0165ro\u010dn\u00fdmi sk\u00fasenos\u0165ami spolo\u010dnos\u0165 Qingdao H&amp;F ch\u00e1pe k\u013e\u00fa\u010dov\u00fd v\u00fdznam v\u010dasn\u00fdch dod\u00e1vok a zabezpe\u010denia kvality. Ku ka\u017ed\u00e9mu 4-tunov\u00e9mu popruhu je k dispoz\u00edcii komplexn\u00e1 spr\u00e1va o kontrole kvality, ktor\u00e1 kupuj\u00facim poskytuje transparentnos\u0165 a istotu. Tieto spr\u00e1vy potvrdzuj\u00fa, \u017ee v\u00fdrobok bol podroben\u00fd pr\u00edsnym testom, ktor\u00e9 potvrdzuj\u00fa jeho nosnos\u0165, trvanlivos\u0165 a s\u00falad s bezpe\u010dnostn\u00fdmi predpismi.<\/p>\n<p>Okrem kvality v\u00fdrobkov kladie spolo\u010dnos\u0165 Qingdao H&amp;F d\u00f4raz na poskytovanie optim\u00e1lnych sk\u00fasenost\u00ed pri n\u00e1kupe. Zefekt\u00edvnen\u00e1 logistika spolo\u010dnosti a slu\u017eby od skladu po sklad zabezpe\u010duj\u00fa, \u017ee kupuj\u00faci m\u00f4\u017eu dosta\u0165 svoje objedn\u00e1vky s minim\u00e1lnym \u010dasom \u010dakania, \u010do je pre spolo\u010dnosti, ktor\u00e9 pracuj\u00fa v \u010dasovej tiesni, ve\u013emi d\u00f4le\u017eit\u00e9. Okrem toho \u0161pecializovan\u00fd z\u00e1kazn\u00edcky servis, ktor\u00fd spolo\u010dnos\u0165 Qingdao H&amp;F pon\u00faka, predstavuje v\u00fdznamn\u00fa pridan\u00fa hodnotu, preto\u017ee pom\u00e1ha klientom zorientova\u0165 sa vo v\u00fdbere v\u00fdrobkov a z\u00edska\u0165 inform\u00e1cie prisp\u00f4soben\u00e9 ich po\u017eiadavk\u00e1m na zdv\u00edhanie.<\/p>","protected":false},"excerpt":{"rendered":"<p>4 tonov\u00fd popruh je navrhnut\u00fd tak, aby sp\u013a\u0148al k\u013e\u00fa\u010dov\u00e9 po\u017eiadavky priemyseln\u00fdch z\u00e1kazn\u00edkov a sp\u00e1jal v sebe pevnos\u0165 a spo\u013eahlivos\u0165 pre n\u00e1ro\u010dn\u00e9 zdv\u00edhacie oper\u00e1cie. Tento popruhov\u00fd z\u00e1ves zabezpe\u010duje bezpe\u010dn\u00e9 a efekt\u00edvne zdv\u00edhanie bremien do 4 ton a rie\u0161i probl\u00e9my kupuj\u00facich, ako je odolnos\u0165, kvalita materi\u00e1lu a dodr\u017eiavanie bezpe\u010dnostn\u00fdch noriem. Ako d\u00f4veryhodn\u00fd obchodn\u00fd partner s 20-ro\u010dn\u00fdmi sk\u00fasenos\u0165ami poskytuje spolo\u010dnos\u0165 Qingdao H&amp;F individu\u00e1lnu z\u00e1kazn\u00edcku podporu, r\u00fdchly dodac\u00ed cyklus a komplexn\u00e9 spr\u00e1vy o kontrole kvality na zabezpe\u010denie integrity v\u00fdrobku. Tento pr\u00edstup orientovan\u00fd na slu\u017eby zvy\u0161uje hodnotu t\u00fdm, \u017ee podporuje d\u00f4veru a spo\u013eahlivos\u0165 pri ka\u017edom n\u00e1kupe.<\/p>","protected":false},"featured_media":8195,"comment_status":"open","ping_status":"closed","template":"","meta":{"site-sidebar-layout":"default","site-content-layout":"","ast-site-content-layout":"default","site-content-style":"default","site-sidebar-style":"default","ast-global-header-display":"","ast-banner-title-visibility":"","ast-main-header-display":"","ast-hfb-above-header-display":"","ast-hfb-below-header-display":"","ast-hfb-mobile-header-display":"","site-post-title":"","ast-breadcrumbs-content":"","ast-featured-img":"","footer-sml-layout":"","theme-transparent-header-meta":"default","adv-header-id-meta":"","stick-header-meta":"default","header-above-stick-meta":"","header-main-stick-meta":"","header-below-stick-meta":"","astra-migrate-meta-layouts":"set","ast-page-background-enabled":"default","ast-page-background-meta":{"desktop":{"background-color":"","background-image":"","background-repeat":"repeat","background-position":"center center","background-size":"auto","background-attachment":"scroll","background-type":"","background-media":"","overlay-type":"","overlay-color":"","overlay-opacity":"","overlay-gradient":""},"tablet":{"background-color":"","background-image":"","background-repeat":"repeat","background-position":"center center","background-size":"auto","background-attachment":"scroll","background-type":"","background-media":"","overlay-type":"","overlay-color":"","overlay-opacity":"","overlay-gradient":""},"mobile":{"background-color":"","background-image":"","background-repeat":"repeat","background-position":"center center","background-size":"auto","background-attachment":"scroll","background-type":"","background-media":"","overlay-type":"","overlay-color":"","overlay-opacity":"","overlay-gradient":""}},"ast-content-background-meta":{"desktop":{"background-color":"var(--ast-global-color-5)","background-image":"","background-repeat":"repeat","background-position":"center center","background-size":"auto","background-attachment":"scroll","background-type":"","background-media":"","overlay-type":"","overlay-color":"","overlay-opacity":"","overlay-gradient":""},"tablet":{"background-color":"var(--ast-global-color-5)","background-image":"","background-repeat":"repeat","background-position":"center center","background-size":"auto","background-attachment":"scroll","background-type":"","background-media":"","overlay-type":"","overlay-color":"","overlay-opacity":"","overlay-gradient":""},"mobile":{"background-color":"var(--ast-global-color-5)","background-image":"","background-repeat":"repeat","background-position":"center center","background-size":"auto","background-attachment":"scroll","background-type":"","background-media":"","overlay-type":"","overlay-color":"","overlay-opacity":"","overlay-gradient":""}}},"product_brand":[],"product_cat":[39],"product_tag":[],"class_list":{"0":"post-8283","1":"product","2":"type-product","3":"status-publish","4":"has-post-thumbnail","6":"product_cat-webbing-sling","7":"desktop-align-left","8":"tablet-align-left","9":"mobile-align-left","10":"ast-product-gallery-layout-horizontal-slider","11":"ast-product-gallery-with-no-image","12":"ast-product-tabs-layout-horizontal","14":"first","15":"instock","16":"shipping-taxable","17":"purchasable","18":"product-type-simple"},"yoast_head":"<!-- This site is optimized with the Yoast SEO plugin v25.2 - https:\/\/yoast.com\/wordpress\/plugins\/seo\/ -->\n<title>Flat Webbing Sling 4 Ton Polyester Double Duplex<\/title>\n<meta name=\"robots\" content=\"index, follow, max-snippet:-1, max-image-preview:large, max-video-preview:-1\" \/>\n<link rel=\"canonical\" href=\"https:\/\/qingdaohf.com\/sk\/produkt\/popruhovy-zaves-4-tony\/\" \/>\n<meta property=\"og:locale\" content=\"sk_SK\" \/>\n<meta property=\"og:type\" content=\"article\" \/>\n<meta property=\"og:title\" content=\"Flat Webbing Sling 4 Ton Polyester Double Duplex\" \/>\n<meta property=\"og:description\" content=\"4 Ton Webbing Sling is designed to meet the key demands of industrial buyers, combining strength and reliability for heavy-duty lifting operations. This webbing sling assures secure and efficient lifting for loads up to 4 tons, addressing buyer concerns such as durability, material quality, and compliance with safety standards. As a trusted trading partner with 20 years of experience, Qingdao H&amp;F provides one-on-one customer support, a fast delivery cycle, and comprehensive quality inspection reports to ensure product integrity. This service-oriented approach adds value by fostering confidence and reliability in every purchase.\" \/>\n<meta property=\"og:url\" content=\"https:\/\/qingdaohf.com\/sk\/produkt\/popruhovy-zaves-4-tony\/\" \/>\n<meta property=\"og:site_name\" content=\"Concrete Form &amp; Rigging Hardware Supplier\" \/>\n<meta property=\"article:publisher\" content=\"https:\/\/www.facebook.com\/qingdaohf\" \/>\n<meta property=\"article:modified_time\" content=\"2025-11-13T01:02:53+00:00\" \/>\n<meta property=\"og:image\" content=\"https:\/\/qingdaohf.com\/wp-content\/uploads\/2024\/10\/4ton-sling_1.webp\" \/>\n\t<meta property=\"og:image:width\" content=\"1000\" \/>\n\t<meta property=\"og:image:height\" content=\"1000\" \/>\n\t<meta property=\"og:image:type\" content=\"image\/webp\" \/>\n<meta name=\"twitter:card\" content=\"summary_large_image\" \/>\n<meta name=\"twitter:label1\" content=\"Predpokladan\u00fd \u010das \u010d\u00edtania\" \/>\n\t<meta name=\"twitter:data1\" content=\"3 min\u00faty\" \/>\n<script type=\"application\/ld+json\" class=\"yoast-schema-graph\">{\"@context\":\"https:\/\/schema.org\",\"@graph\":[{\"@type\":\"WebPage\",\"@id\":\"https:\/\/qingdaohf.com\/product\/webbing-sling-4-ton\/\",\"url\":\"https:\/\/qingdaohf.com\/product\/webbing-sling-4-ton\/\",\"name\":\"Flat Webbing Sling 4 Ton Polyester Double Duplex\",\"isPartOf\":{\"@id\":\"https:\/\/qingdaohf.com\/bg\/#website\"},\"primaryImageOfPage\":{\"@id\":\"https:\/\/qingdaohf.com\/product\/webbing-sling-4-ton\/#primaryimage\"},\"image\":{\"@id\":\"https:\/\/qingdaohf.com\/product\/webbing-sling-4-ton\/#primaryimage\"},\"thumbnailUrl\":\"https:\/\/qingdaohf.com\/wp-content\/uploads\/2024\/10\/4ton-sling_1.webp\",\"datePublished\":\"2024-11-05T09:52:39+00:00\",\"dateModified\":\"2025-11-13T01:02:53+00:00\",\"breadcrumb\":{\"@id\":\"https:\/\/qingdaohf.com\/product\/webbing-sling-4-ton\/#breadcrumb\"},\"inLanguage\":\"sk-SK\",\"potentialAction\":[{\"@type\":\"ReadAction\",\"target\":[\"https:\/\/qingdaohf.com\/product\/webbing-sling-4-ton\/\"]}]},{\"@type\":\"ImageObject\",\"inLanguage\":\"sk-SK\",\"@id\":\"https:\/\/qingdaohf.com\/product\/webbing-sling-4-ton\/#primaryimage\",\"url\":\"https:\/\/qingdaohf.com\/wp-content\/uploads\/2024\/10\/4ton-sling_1.webp\",\"contentUrl\":\"https:\/\/qingdaohf.com\/wp-content\/uploads\/2024\/10\/4ton-sling_1.webp\",\"width\":1000,\"height\":1000,\"caption\":\"Webbing Sling 4 Ton\"},{\"@type\":\"BreadcrumbList\",\"@id\":\"https:\/\/qingdaohf.com\/product\/webbing-sling-4-ton\/#breadcrumb\",\"itemListElement\":[{\"@type\":\"ListItem\",\"position\":1,\"name\":\"Home\",\"item\":\"https:\/\/qingdaohf.com\/\"},{\"@type\":\"ListItem\",\"position\":2,\"name\":\"Concrete Forming Accessories and Rigging Hardware\",\"item\":\"https:\/\/qingdaohf.com\/bg\/?page_id=944\"},{\"@type\":\"ListItem\",\"position\":3,\"name\":\"Flat Webbing Sling 4 Ton Polyester Double Duplex\"}]},{\"@type\":\"WebSite\",\"@id\":\"https:\/\/qingdaohf.com\/bg\/#website\",\"url\":\"https:\/\/qingdaohf.com\/bg\/\",\"name\":\"Concrete Form & Rigging Hardware Supplier\",\"description\":\"\",\"publisher\":{\"@id\":\"https:\/\/qingdaohf.com\/bg\/#organization\"},\"potentialAction\":[{\"@type\":\"SearchAction\",\"target\":{\"@type\":\"EntryPoint\",\"urlTemplate\":\"https:\/\/qingdaohf.com\/bg\/?s={search_term_string}\"},\"query-input\":{\"@type\":\"PropertyValueSpecification\",\"valueRequired\":true,\"valueName\":\"search_term_string\"}}],\"inLanguage\":\"sk-SK\"},{\"@type\":\"Organization\",\"@id\":\"https:\/\/qingdaohf.com\/bg\/#organization\",\"name\":\"Qingdao H&F\",\"url\":\"https:\/\/qingdaohf.com\/bg\/\",\"logo\":{\"@type\":\"ImageObject\",\"inLanguage\":\"sk-SK\",\"@id\":\"https:\/\/qingdaohf.com\/bg\/#\/schema\/logo\/image\/\",\"url\":\"https:\/\/qingdaohf.com\/wp-content\/uploads\/2022\/12\/cropped-HF-LOGO.png\",\"contentUrl\":\"https:\/\/qingdaohf.com\/wp-content\/uploads\/2022\/12\/cropped-HF-LOGO.png\",\"width\":391,\"height\":249,\"caption\":\"Qingdao H&F\"},\"image\":{\"@id\":\"https:\/\/qingdaohf.com\/bg\/#\/schema\/logo\/image\/\"},\"sameAs\":[\"https:\/\/www.facebook.com\/qingdaohf\"]}]}<\/script>\n<!-- \/ Yoast SEO plugin. -->","yoast_head_json":{"title":"Flat Webbing Sling 4 Ton Polyester Double Duplex","robots":{"index":"index","follow":"follow","max-snippet":"max-snippet:-1","max-image-preview":"max-image-preview:large","max-video-preview":"max-video-preview:-1"},"canonical":"https:\/\/qingdaohf.com\/sk\/produkt\/popruhovy-zaves-4-tony\/","og_locale":"sk_SK","og_type":"article","og_title":"Flat Webbing Sling 4 Ton Polyester Double Duplex","og_description":"4 Ton Webbing Sling is designed to meet the key demands of industrial buyers, combining strength and reliability for heavy-duty lifting operations. This webbing sling assures secure and efficient lifting for loads up to 4 tons, addressing buyer concerns such as durability, material quality, and compliance with safety standards. As a trusted trading partner with 20 years of experience, Qingdao H&amp;F provides one-on-one customer support, a fast delivery cycle, and comprehensive quality inspection reports to ensure product integrity. This service-oriented approach adds value by fostering confidence and reliability in every purchase.","og_url":"https:\/\/qingdaohf.com\/sk\/produkt\/popruhovy-zaves-4-tony\/","og_site_name":"Concrete Form &amp; Rigging Hardware Supplier","article_publisher":"https:\/\/www.facebook.com\/qingdaohf","article_modified_time":"2025-11-13T01:02:53+00:00","og_image":[{"width":1000,"height":1000,"url":"https:\/\/qingdaohf.com\/wp-content\/uploads\/2024\/10\/4ton-sling_1.webp","type":"image\/webp"}],"twitter_card":"summary_large_image","twitter_misc":{"Predpokladan\u00fd \u010das \u010d\u00edtania":"3 min\u00faty"},"schema":{"@context":"https:\/\/schema.org","@graph":[{"@type":"WebPage","@id":"https:\/\/qingdaohf.com\/product\/webbing-sling-4-ton\/","url":"https:\/\/qingdaohf.com\/product\/webbing-sling-4-ton\/","name":"Flat Webbing Sling 4 Ton Polyester Double Duplex","isPartOf":{"@id":"https:\/\/qingdaohf.com\/bg\/#website"},"primaryImageOfPage":{"@id":"https:\/\/qingdaohf.com\/product\/webbing-sling-4-ton\/#primaryimage"},"image":{"@id":"https:\/\/qingdaohf.com\/product\/webbing-sling-4-ton\/#primaryimage"},"thumbnailUrl":"https:\/\/qingdaohf.com\/wp-content\/uploads\/2024\/10\/4ton-sling_1.webp","datePublished":"2024-11-05T09:52:39+00:00","dateModified":"2025-11-13T01:02:53+00:00","breadcrumb":{"@id":"https:\/\/qingdaohf.com\/product\/webbing-sling-4-ton\/#breadcrumb"},"inLanguage":"sk-SK","potentialAction":[{"@type":"ReadAction","target":["https:\/\/qingdaohf.com\/product\/webbing-sling-4-ton\/"]}]},{"@type":"ImageObject","inLanguage":"sk-SK","@id":"https:\/\/qingdaohf.com\/product\/webbing-sling-4-ton\/#primaryimage","url":"https:\/\/qingdaohf.com\/wp-content\/uploads\/2024\/10\/4ton-sling_1.webp","contentUrl":"https:\/\/qingdaohf.com\/wp-content\/uploads\/2024\/10\/4ton-sling_1.webp","width":1000,"height":1000,"caption":"Webbing Sling 4 Ton"},{"@type":"BreadcrumbList","@id":"https:\/\/qingdaohf.com\/product\/webbing-sling-4-ton\/#breadcrumb","itemListElement":[{"@type":"ListItem","position":1,"name":"Home","item":"https:\/\/qingdaohf.com\/"},{"@type":"ListItem","position":2,"name":"Concrete Forming Accessories and Rigging Hardware","item":"https:\/\/qingdaohf.com\/bg\/?page_id=944"},{"@type":"ListItem","position":3,"name":"Flat Webbing Sling 4 Ton Polyester Double Duplex"}]},{"@type":"WebSite","@id":"https:\/\/qingdaohf.com\/bg\/#website","url":"https:\/\/qingdaohf.com\/bg\/","name":"Concrete Form & Rigging Hardware Supplier","description":"","publisher":{"@id":"https:\/\/qingdaohf.com\/bg\/#organization"},"potentialAction":[{"@type":"SearchAction","target":{"@type":"EntryPoint","urlTemplate":"https:\/\/qingdaohf.com\/bg\/?s={search_term_string}"},"query-input":{"@type":"PropertyValueSpecification","valueRequired":true,"valueName":"search_term_string"}}],"inLanguage":"sk-SK"},{"@type":"Organization","@id":"https:\/\/qingdaohf.com\/bg\/#organization","name":"Qingdao H&F","url":"https:\/\/qingdaohf.com\/bg\/","logo":{"@type":"ImageObject","inLanguage":"sk-SK","@id":"https:\/\/qingdaohf.com\/bg\/#\/schema\/logo\/image\/","url":"https:\/\/qingdaohf.com\/wp-content\/uploads\/2022\/12\/cropped-HF-LOGO.png","contentUrl":"https:\/\/qingdaohf.com\/wp-content\/uploads\/2022\/12\/cropped-HF-LOGO.png","width":391,"height":249,"caption":"Qingdao H&F"},"image":{"@id":"https:\/\/qingdaohf.com\/bg\/#\/schema\/logo\/image\/"},"sameAs":["https:\/\/www.facebook.com\/qingdaohf"]}]}},"_links":{"self":[{"href":"https:\/\/qingdaohf.com\/sk\/wp-json\/wp\/v2\/product\/8283","targetHints":{"allow":["GET"]}}],"collection":[{"href":"https:\/\/qingdaohf.com\/sk\/wp-json\/wp\/v2\/product"}],"about":[{"href":"https:\/\/qingdaohf.com\/sk\/wp-json\/wp\/v2\/types\/product"}],"replies":[{"embeddable":true,"href":"https:\/\/qingdaohf.com\/sk\/wp-json\/wp\/v2\/comments?post=8283"}],"version-history":[{"count":2,"href":"https:\/\/qingdaohf.com\/sk\/wp-json\/wp\/v2\/product\/8283\/revisions"}],"predecessor-version":[{"id":8337,"href":"https:\/\/qingdaohf.com\/sk\/wp-json\/wp\/v2\/product\/8283\/revisions\/8337"}],"wp:featuredmedia":[{"embeddable":true,"href":"https:\/\/qingdaohf.com\/sk\/wp-json\/wp\/v2\/media\/8195"}],"wp:attachment":[{"href":"https:\/\/qingdaohf.com\/sk\/wp-json\/wp\/v2\/media?parent=8283"}],"wp:term":[{"taxonomy":"product_brand","embeddable":true,"href":"https:\/\/qingdaohf.com\/sk\/wp-json\/wp\/v2\/product_brand?post=8283"},{"taxonomy":"product_cat","embeddable":true,"href":"https:\/\/qingdaohf.com\/sk\/wp-json\/wp\/v2\/product_cat?post=8283"},{"taxonomy":"product_tag","embeddable":true,"href":"https:\/\/qingdaohf.com\/sk\/wp-json\/wp\/v2\/product_tag?post=8283"}],"curies":[{"name":"wp","href":"https:\/\/api.w.org\/{rel}","templated":true}]}}