{"id":8287,"date":"2024-11-05T17:56:32","date_gmt":"2024-11-05T09:56:32","guid":{"rendered":"http:\/\/qingdaohf.com\/?post_type=product&#038;p=8287"},"modified":"2025-11-13T09:02:53","modified_gmt":"2025-11-13T01:02:53","slug":"webbing-sling-6-ton","status":"publish","type":"product","link":"https:\/\/qingdaohf.com\/sk\/produkt\/popruhovy-zaves-6-ton\/","title":{"rendered":"Ploch\u00fd popruh Sling 6 Ton Polyester Double Duplex"},"content":{"rendered":"<div class=\"flex max-w-full flex-col flex-grow\">\n<div class=\"min-h-8 text-message flex w-full flex-col items-end gap-2 whitespace-normal break-words [.text-message+&amp;]:mt-5\" dir=\"auto\" data-message-author-role=\"assistant\" data-message-id=\"c70e5c25-1016-4fd4-95f4-df6f87317104\" data-message-model-slug=\"gpt-4o\">\n<div class=\"flex w-full flex-col gap-1 empty:hidden first:pt-[3px]\">\n<div class=\"markdown prose w-full break-words dark:prose-invert light\">\n<h4>V\u00fdnimo\u010dn\u00e1 nosnos\u0165 a kon\u0161trukcia popruhu s nosnos\u0165ou 6 ton<\/h4>\n<p>Popruh Qingdao H&amp;F so 6 tonami je ur\u010den\u00fd na aplik\u00e1cie, pri ktor\u00fdch je rozhoduj\u00faca pevnos\u0165, stabilita a odolnos\u0165. Tento popruhov\u00fd z\u00e1ves vyroben\u00fd z vysokopevnostn\u00e9ho polyesteru poskytuje v\u00fdnimo\u010dn\u00fa nosnos\u0165 a z\u00e1rove\u0148 odol\u00e1va v\u00fdzvam prostredia, ako je vystavenie UV \u017eiareniu, oderu a pravideln\u00e9mu opotrebovaniu. V\u010faka svojej nosnosti 6 ton je vhodn\u00fd pre cel\u00fd rad n\u00e1ro\u010dn\u00fdch odvetv\u00ed vr\u00e1tane stavebn\u00edctva, logistiky a priemyselnej v\u00fdroby, kde je spo\u013eahliv\u00e9 zdv\u00edhacie zariadenie nevyhnutnos\u0165ou.<\/p>\n<p>Spolo\u010dnos\u0165 Qingdao H&amp;F zaru\u010duje, \u017ee ka\u017ed\u00fd 6-tonov\u00fd popruh sp\u013a\u0148a pr\u00edsne po\u017eiadavky na kvalitu. Popruh prech\u00e1dza pr\u00edsnym testovan\u00edm a dod\u00e1va sa so spr\u00e1vou o kontrole kvality, \u010do d\u00e1va kupuj\u00facim istotu, \u017ee sp\u013a\u0148a medzin\u00e1rodn\u00e9 bezpe\u010dnostn\u00e9 normy. Pre odvetvia, kde je spo\u013eahlivos\u0165 neod\u0161kriepite\u013en\u00e1, je tento popruh v\u010faka z\u00e1ruke kvality poskytovanej spolo\u010dnos\u0165ou Qingdao H&amp;F spo\u013eahlivou vo\u013ebou. Okrem toho r\u00fdchly dodac\u00ed cyklus spolo\u010dnosti Qingdao H&amp;F umo\u017e\u0148uje podnikom zabezpe\u010di\u0165 z\u00e1kladn\u00e9 vybavenie v stanovenom term\u00edne, \u010d\u00edm sa skracuj\u00fa prestoje a zabezpe\u010duje efekt\u00edvna prev\u00e1dzka.<\/p>\n<h4>Rie\u0161enie bezpe\u010dnostn\u00fdch noriem a stability za\u0165a\u017eenia pri zdv\u00edhan\u00ed<\/h4>\n<p>Bezpe\u010dnos\u0165 je pri zdv\u00edhan\u00ed prvorad\u00e1 a kon\u0161trukcia popruhu Qingdao H&amp;F 6 ton kladie d\u00f4raz na bezpe\u010dnos\u0165 n\u00e1kladu a prev\u00e1dzkov\u00fa stabilitu. Tento popruh, vyroben\u00fd zo \u0161irokej popruhovej tkaniny, \u00fa\u010dinne rozklad\u00e1 hmotnos\u0165, \u010d\u00edm zni\u017euje za\u0165a\u017eenie bremena a minimalizuje mo\u017enos\u0165 po\u0161kodenia. T\u00e1to kon\u0161truk\u010dn\u00e1 vlastnos\u0165 je rozhoduj\u00faca na zabezpe\u010denie hladk\u00e9ho a bezpe\u010dn\u00e9ho zdv\u00edhania, najm\u00e4 pri manipul\u00e1cii s ch\u00falostiv\u00fdmi alebo objemn\u00fdmi predmetmi. Z\u00e1v\u00e4zok spolo\u010dnosti Qingdao H&amp;F k bezpe\u010dnosti sa prejavuje aj v pou\u017eit\u00fdch materi\u00e1loch, pri\u010dom ka\u017ed\u00fd z\u00e1ves je vyroben\u00fd tak, aby sp\u013a\u0148al alebo prekra\u010doval priemyseln\u00e9 bezpe\u010dnostn\u00e9 normy, \u010d\u00edm podporuje bezpe\u010dn\u00e9 pracovn\u00e9 prostredie.<\/p>\n<p>V aplik\u00e1ci\u00e1ch, ktor\u00e9 si vy\u017eaduj\u00fa dodr\u017eiavanie pr\u00edsnych bezpe\u010dnostn\u00fdch protokolov, napr\u00edklad v stavebn\u00edctve a logistike, poskytuje popruh s nosnos\u0165ou 6 ton stabilitu a kontrolu, \u010d\u00edm zvy\u0161uje d\u00f4veru obsluhy. Oddanos\u0165 spolo\u010dnosti Qingdao H&amp;F bezpe\u010dnosti je v s\u00falade s po\u017eiadavkami odvetvia a ka\u017ed\u00fd popruhov\u00fd z\u00e1ves sa testuje, aby sa potvrdila jeho nosnos\u0165 a v\u00fdkonnos\u0165. V\u010faka z\u00e1ruke dodr\u017eiavania bezpe\u010dnostn\u00fdch predpisov sa kupuj\u00faci m\u00f4\u017eu spo\u013eahn\u00fa\u0165 na schopnos\u0165 v\u00fdrobku zvl\u00e1dnu\u0165 \u0165a\u017ek\u00e9 bremen\u00e1 bez toho, aby bola ohrozen\u00e1 jeho spo\u013eahlivos\u0165. Opatrenia na kontrolu kvality, ktor\u00e9 zaviedla spolo\u010dnos\u0165 Qingdao H&amp;F, \u010falej potvrdzuj\u00fa jeho vhodnos\u0165 na kritick\u00e9 \u00falohy zdv\u00edhania.<\/p>\n<h4>Qingdao H&amp;F: spo\u013eahliv\u00fd partner v oblasti zdv\u00edhac\u00edch rie\u0161en\u00ed B2B<\/h4>\n<p>Ako obchodn\u00e1 spolo\u010dnos\u0165 B2B s viac ako dvadsa\u0165ro\u010dn\u00fdmi sk\u00fasenos\u0165ami spolo\u010dnos\u0165 Qingdao H&amp;F ch\u00e1pe v\u00fdznam spo\u013eahliv\u00fdch a vysokokvalitn\u00fdch zdv\u00edhac\u00edch rie\u0161en\u00ed pre podniky v r\u00f4znych odvetviach. K 6 tonov\u00e9mu popruhov\u00e9mu z\u00e1vesu s\u00fa prilo\u017een\u00e9 podrobn\u00e9 kontroln\u00e9 spr\u00e1vy, ktor\u00e9 kupuj\u00facim umo\u017e\u0148uj\u00fa overi\u0165 kvalitu a zhodu v\u00fdrobku. Tieto spr\u00e1vy pod\u010diarkuj\u00fa z\u00e1v\u00e4zok spolo\u010dnosti Qingdao H&amp;F k transparentnosti a d\u00e1vaj\u00fa klientom istotu, \u017ee ka\u017ed\u00fd z\u00e1ves bol d\u00f4kladne otestovan\u00fd a je pripraven\u00fd fungova\u0165 v re\u00e1lnych podmienkach.<\/p>\n<p>Okrem kvality v\u00fdrobkov kladie spolo\u010dnos\u0165 Qingdao H&amp;F d\u00f4raz na pr\u00edstup zameran\u00fd na z\u00e1kazn\u00edka a individu\u00e1lne slu\u017eby, pri\u010dom poskytuje osobn\u00e9 odpor\u00fa\u010dania a pohotov\u00fa podporu. Tento model slu\u017eieb zameran\u00fd na z\u00e1kazn\u00edka je roz\u0161\u00edren\u00fd o r\u00fdchly a spo\u013eahliv\u00fd cyklus dod\u00e1vok, ktor\u00fd umo\u017e\u0148uje podnikom z\u00edska\u0165 pr\u00edstup k potrebn\u00e9mu vybaveniu bez zbyto\u010dn\u00fdch prie\u0165ahov. V\u010faka dod\u00e1vkam zo skladu do skladu spolo\u010dnos\u0165 Qingdao H&amp;F zefekt\u00edv\u0148uje proces obstar\u00e1vania a zabezpe\u010duje, aby kupuj\u00faci dostali svoje v\u00fdrobky r\u00fdchlo a efekt\u00edvne.<\/p>\n<p>\u0160es\u0165tonov\u00fd popruh od spolo\u010dnosti Qingdao H&amp;F predstavuje z\u00e1v\u00e4zok spolo\u010dnosti ku kvalite, bezpe\u010dnosti a slu\u017eb\u00e1m. Tento v\u00fdrobok poskytuje kupuj\u00facim zdv\u00edhacie rie\u0161enie, ktor\u00e9 sp\u013a\u0148a vysok\u00e9 \u0161tandardy s\u00fa\u010dasn\u00e9ho priemyseln\u00e9ho prostredia a pon\u00faka spo\u013eahliv\u00fa mo\u017enos\u0165 pre aplik\u00e1cie s ve\u013ekou z\u00e1\u0165a\u017eou. Oddanos\u0165 spolo\u010dnosti Qingdao H&amp;F kvalite aj spokojnosti z\u00e1kazn\u00edkov posil\u0148uje jej poz\u00edciu d\u00f4veryhodn\u00e9ho partnera v oblasti priemyseln\u00fdch zdv\u00edhac\u00edch rie\u0161en\u00ed.<\/p>\n<\/div>\n<\/div>\n<\/div>\n<\/div>","protected":false},"excerpt":{"rendered":"<p>6-tonov\u00fd popruh pon\u00faka vynikaj\u00facu pevnos\u0165 a odolnos\u0165 a vyhovuje potreb\u00e1m priemyseln\u00fdch odvetv\u00ed, ktor\u00e9 vy\u017eaduj\u00fa bezpe\u010dn\u00e9 rie\u0161enia na zdv\u00edhanie \u0165a\u017ek\u00fdch n\u00e1kladov. Tento popruhov\u00fd z\u00e1ves je navrhnut\u00fd tak, aby sp\u013a\u0148al najvy\u0161\u0161ie \u0161tandardy, a spo\u013eahlivo zvl\u00e1dne za\u0165a\u017eenie a\u017e do 6 ton. Spolo\u010dnos\u0165 Qingdao H&amp;F ch\u00e1pe obavy kupuj\u00facich o \u017eivotnos\u0165, bezpe\u010dnos\u0165 a s\u00falad v\u00fdrobkov a ako obchodn\u00e1 spolo\u010dnos\u0165 B2B s 20-ro\u010dn\u00fdmi sk\u00fasenos\u0165ami pon\u00faka individu\u00e1lny z\u00e1kazn\u00edcky servis, r\u00fdchly dodac\u00ed cyklus a podrobn\u00e9 spr\u00e1vy o kontrole kvality. Tento z\u00e1v\u00e4zok zaru\u010duje, \u017ee klienti dostan\u00fa spo\u013eahliv\u00e9 v\u00fdrobky s d\u00f4kladnou podporou a transparentn\u00fdm zabezpe\u010den\u00edm kvality.<\/p>","protected":false},"featured_media":8194,"comment_status":"open","ping_status":"closed","template":"","meta":{"site-sidebar-layout":"default","site-content-layout":"","ast-site-content-layout":"default","site-content-style":"default","site-sidebar-style":"default","ast-global-header-display":"","ast-banner-title-visibility":"","ast-main-header-display":"","ast-hfb-above-header-display":"","ast-hfb-below-header-display":"","ast-hfb-mobile-header-display":"","site-post-title":"","ast-breadcrumbs-content":"","ast-featured-img":"","footer-sml-layout":"","theme-transparent-header-meta":"default","adv-header-id-meta":"","stick-header-meta":"default","header-above-stick-meta":"","header-main-stick-meta":"","header-below-stick-meta":"","astra-migrate-meta-layouts":"set","ast-page-background-enabled":"default","ast-page-background-meta":{"desktop":{"background-color":"","background-image":"","background-repeat":"repeat","background-position":"center center","background-size":"auto","background-attachment":"scroll","background-type":"","background-media":"","overlay-type":"","overlay-color":"","overlay-opacity":"","overlay-gradient":""},"tablet":{"background-color":"","background-image":"","background-repeat":"repeat","background-position":"center center","background-size":"auto","background-attachment":"scroll","background-type":"","background-media":"","overlay-type":"","overlay-color":"","overlay-opacity":"","overlay-gradient":""},"mobile":{"background-color":"","background-image":"","background-repeat":"repeat","background-position":"center center","background-size":"auto","background-attachment":"scroll","background-type":"","background-media":"","overlay-type":"","overlay-color":"","overlay-opacity":"","overlay-gradient":""}},"ast-content-background-meta":{"desktop":{"background-color":"var(--ast-global-color-5)","background-image":"","background-repeat":"repeat","background-position":"center center","background-size":"auto","background-attachment":"scroll","background-type":"","background-media":"","overlay-type":"","overlay-color":"","overlay-opacity":"","overlay-gradient":""},"tablet":{"background-color":"var(--ast-global-color-5)","background-image":"","background-repeat":"repeat","background-position":"center center","background-size":"auto","background-attachment":"scroll","background-type":"","background-media":"","overlay-type":"","overlay-color":"","overlay-opacity":"","overlay-gradient":""},"mobile":{"background-color":"var(--ast-global-color-5)","background-image":"","background-repeat":"repeat","background-position":"center center","background-size":"auto","background-attachment":"scroll","background-type":"","background-media":"","overlay-type":"","overlay-color":"","overlay-opacity":"","overlay-gradient":""}}},"product_brand":[],"product_cat":[39],"product_tag":[],"class_list":{"0":"post-8287","1":"product","2":"type-product","3":"status-publish","4":"has-post-thumbnail","6":"product_cat-webbing-sling","7":"desktop-align-left","8":"tablet-align-left","9":"mobile-align-left","10":"ast-product-gallery-layout-horizontal-slider","11":"ast-product-gallery-with-no-image","12":"ast-product-tabs-layout-horizontal","14":"first","15":"instock","16":"shipping-taxable","17":"purchasable","18":"product-type-simple"},"yoast_head":"<!-- This site is optimized with the Yoast SEO plugin v25.2 - https:\/\/yoast.com\/wordpress\/plugins\/seo\/ -->\n<title>Flat Webbing Sling 6 Ton Polyester Double Duplex<\/title>\n<meta name=\"robots\" content=\"index, follow, max-snippet:-1, max-image-preview:large, max-video-preview:-1\" \/>\n<link rel=\"canonical\" href=\"https:\/\/qingdaohf.com\/sk\/produkt\/popruhovy-zaves-6-ton\/\" \/>\n<meta property=\"og:locale\" content=\"sk_SK\" \/>\n<meta property=\"og:type\" content=\"article\" \/>\n<meta property=\"og:title\" content=\"Flat Webbing Sling 6 Ton Polyester Double Duplex\" \/>\n<meta property=\"og:description\" content=\"6-Ton Webbing Sling offers superior strength and durability, catering to the needs of industries requiring secure, heavy-duty lifting solutions. Designed to meet the highest standards, this webbing sling handles loads up to 6 tons with consistent reliability. Qingdao H&amp;F understands buyers\u2019 concerns about product longevity, safety, and compliance, and as a B2B trading company with 20 years of experience, we offer one-on-one customer service, a fast delivery cycle, and detailed quality inspection reports. This commitment ensures clients receive dependable products with thorough support and transparent quality assurance.\" \/>\n<meta property=\"og:url\" content=\"https:\/\/qingdaohf.com\/sk\/produkt\/popruhovy-zaves-6-ton\/\" \/>\n<meta property=\"og:site_name\" content=\"Concrete Form &amp; Rigging Hardware Supplier\" \/>\n<meta property=\"article:publisher\" content=\"https:\/\/www.facebook.com\/qingdaohf\" \/>\n<meta property=\"article:modified_time\" content=\"2025-11-13T01:02:53+00:00\" \/>\n<meta property=\"og:image\" content=\"https:\/\/qingdaohf.com\/wp-content\/uploads\/2024\/10\/6-ton-webbing-sling_1.webp\" \/>\n\t<meta property=\"og:image:width\" content=\"1000\" \/>\n\t<meta property=\"og:image:height\" content=\"1000\" \/>\n\t<meta property=\"og:image:type\" content=\"image\/webp\" \/>\n<meta name=\"twitter:card\" content=\"summary_large_image\" \/>\n<meta name=\"twitter:label1\" content=\"Predpokladan\u00fd \u010das \u010d\u00edtania\" \/>\n\t<meta name=\"twitter:data1\" content=\"3 min\u00faty\" \/>\n<script type=\"application\/ld+json\" class=\"yoast-schema-graph\">{\"@context\":\"https:\/\/schema.org\",\"@graph\":[{\"@type\":\"WebPage\",\"@id\":\"https:\/\/qingdaohf.com\/product\/webbing-sling-6-ton\/\",\"url\":\"https:\/\/qingdaohf.com\/product\/webbing-sling-6-ton\/\",\"name\":\"Flat Webbing Sling 6 Ton Polyester Double Duplex\",\"isPartOf\":{\"@id\":\"https:\/\/qingdaohf.com\/bg\/#website\"},\"primaryImageOfPage\":{\"@id\":\"https:\/\/qingdaohf.com\/product\/webbing-sling-6-ton\/#primaryimage\"},\"image\":{\"@id\":\"https:\/\/qingdaohf.com\/product\/webbing-sling-6-ton\/#primaryimage\"},\"thumbnailUrl\":\"https:\/\/qingdaohf.com\/wp-content\/uploads\/2024\/10\/6-ton-webbing-sling_1.webp\",\"datePublished\":\"2024-11-05T09:56:32+00:00\",\"dateModified\":\"2025-11-13T01:02:53+00:00\",\"breadcrumb\":{\"@id\":\"https:\/\/qingdaohf.com\/product\/webbing-sling-6-ton\/#breadcrumb\"},\"inLanguage\":\"sk-SK\",\"potentialAction\":[{\"@type\":\"ReadAction\",\"target\":[\"https:\/\/qingdaohf.com\/product\/webbing-sling-6-ton\/\"]}]},{\"@type\":\"ImageObject\",\"inLanguage\":\"sk-SK\",\"@id\":\"https:\/\/qingdaohf.com\/product\/webbing-sling-6-ton\/#primaryimage\",\"url\":\"https:\/\/qingdaohf.com\/wp-content\/uploads\/2024\/10\/6-ton-webbing-sling_1.webp\",\"contentUrl\":\"https:\/\/qingdaohf.com\/wp-content\/uploads\/2024\/10\/6-ton-webbing-sling_1.webp\",\"width\":1000,\"height\":1000,\"caption\":\"6 ton webbing sling\"},{\"@type\":\"BreadcrumbList\",\"@id\":\"https:\/\/qingdaohf.com\/product\/webbing-sling-6-ton\/#breadcrumb\",\"itemListElement\":[{\"@type\":\"ListItem\",\"position\":1,\"name\":\"Home\",\"item\":\"https:\/\/qingdaohf.com\/\"},{\"@type\":\"ListItem\",\"position\":2,\"name\":\"Concrete Forming Accessories and Rigging Hardware\",\"item\":\"https:\/\/qingdaohf.com\/bg\/?page_id=944\"},{\"@type\":\"ListItem\",\"position\":3,\"name\":\"Flat Webbing Sling 6 Ton Polyester Double Duplex\"}]},{\"@type\":\"WebSite\",\"@id\":\"https:\/\/qingdaohf.com\/bg\/#website\",\"url\":\"https:\/\/qingdaohf.com\/bg\/\",\"name\":\"Concrete Form & Rigging Hardware Supplier\",\"description\":\"\",\"publisher\":{\"@id\":\"https:\/\/qingdaohf.com\/bg\/#organization\"},\"potentialAction\":[{\"@type\":\"SearchAction\",\"target\":{\"@type\":\"EntryPoint\",\"urlTemplate\":\"https:\/\/qingdaohf.com\/bg\/?s={search_term_string}\"},\"query-input\":{\"@type\":\"PropertyValueSpecification\",\"valueRequired\":true,\"valueName\":\"search_term_string\"}}],\"inLanguage\":\"sk-SK\"},{\"@type\":\"Organization\",\"@id\":\"https:\/\/qingdaohf.com\/bg\/#organization\",\"name\":\"Qingdao H&F\",\"url\":\"https:\/\/qingdaohf.com\/bg\/\",\"logo\":{\"@type\":\"ImageObject\",\"inLanguage\":\"sk-SK\",\"@id\":\"https:\/\/qingdaohf.com\/bg\/#\/schema\/logo\/image\/\",\"url\":\"https:\/\/qingdaohf.com\/wp-content\/uploads\/2022\/12\/cropped-HF-LOGO.png\",\"contentUrl\":\"https:\/\/qingdaohf.com\/wp-content\/uploads\/2022\/12\/cropped-HF-LOGO.png\",\"width\":391,\"height\":249,\"caption\":\"Qingdao H&F\"},\"image\":{\"@id\":\"https:\/\/qingdaohf.com\/bg\/#\/schema\/logo\/image\/\"},\"sameAs\":[\"https:\/\/www.facebook.com\/qingdaohf\"]}]}<\/script>\n<!-- \/ Yoast SEO plugin. -->","yoast_head_json":{"title":"Flat Webbing Sling 6 Ton Polyester Double Duplex","robots":{"index":"index","follow":"follow","max-snippet":"max-snippet:-1","max-image-preview":"max-image-preview:large","max-video-preview":"max-video-preview:-1"},"canonical":"https:\/\/qingdaohf.com\/sk\/produkt\/popruhovy-zaves-6-ton\/","og_locale":"sk_SK","og_type":"article","og_title":"Flat Webbing Sling 6 Ton Polyester Double Duplex","og_description":"6-Ton Webbing Sling offers superior strength and durability, catering to the needs of industries requiring secure, heavy-duty lifting solutions. Designed to meet the highest standards, this webbing sling handles loads up to 6 tons with consistent reliability. Qingdao H&amp;F understands buyers\u2019 concerns about product longevity, safety, and compliance, and as a B2B trading company with 20 years of experience, we offer one-on-one customer service, a fast delivery cycle, and detailed quality inspection reports. This commitment ensures clients receive dependable products with thorough support and transparent quality assurance.","og_url":"https:\/\/qingdaohf.com\/sk\/produkt\/popruhovy-zaves-6-ton\/","og_site_name":"Concrete Form &amp; Rigging Hardware Supplier","article_publisher":"https:\/\/www.facebook.com\/qingdaohf","article_modified_time":"2025-11-13T01:02:53+00:00","og_image":[{"width":1000,"height":1000,"url":"https:\/\/qingdaohf.com\/wp-content\/uploads\/2024\/10\/6-ton-webbing-sling_1.webp","type":"image\/webp"}],"twitter_card":"summary_large_image","twitter_misc":{"Predpokladan\u00fd \u010das \u010d\u00edtania":"3 min\u00faty"},"schema":{"@context":"https:\/\/schema.org","@graph":[{"@type":"WebPage","@id":"https:\/\/qingdaohf.com\/product\/webbing-sling-6-ton\/","url":"https:\/\/qingdaohf.com\/product\/webbing-sling-6-ton\/","name":"Flat Webbing Sling 6 Ton Polyester Double Duplex","isPartOf":{"@id":"https:\/\/qingdaohf.com\/bg\/#website"},"primaryImageOfPage":{"@id":"https:\/\/qingdaohf.com\/product\/webbing-sling-6-ton\/#primaryimage"},"image":{"@id":"https:\/\/qingdaohf.com\/product\/webbing-sling-6-ton\/#primaryimage"},"thumbnailUrl":"https:\/\/qingdaohf.com\/wp-content\/uploads\/2024\/10\/6-ton-webbing-sling_1.webp","datePublished":"2024-11-05T09:56:32+00:00","dateModified":"2025-11-13T01:02:53+00:00","breadcrumb":{"@id":"https:\/\/qingdaohf.com\/product\/webbing-sling-6-ton\/#breadcrumb"},"inLanguage":"sk-SK","potentialAction":[{"@type":"ReadAction","target":["https:\/\/qingdaohf.com\/product\/webbing-sling-6-ton\/"]}]},{"@type":"ImageObject","inLanguage":"sk-SK","@id":"https:\/\/qingdaohf.com\/product\/webbing-sling-6-ton\/#primaryimage","url":"https:\/\/qingdaohf.com\/wp-content\/uploads\/2024\/10\/6-ton-webbing-sling_1.webp","contentUrl":"https:\/\/qingdaohf.com\/wp-content\/uploads\/2024\/10\/6-ton-webbing-sling_1.webp","width":1000,"height":1000,"caption":"6 ton webbing sling"},{"@type":"BreadcrumbList","@id":"https:\/\/qingdaohf.com\/product\/webbing-sling-6-ton\/#breadcrumb","itemListElement":[{"@type":"ListItem","position":1,"name":"Home","item":"https:\/\/qingdaohf.com\/"},{"@type":"ListItem","position":2,"name":"Concrete Forming Accessories and Rigging Hardware","item":"https:\/\/qingdaohf.com\/bg\/?page_id=944"},{"@type":"ListItem","position":3,"name":"Flat Webbing Sling 6 Ton Polyester Double Duplex"}]},{"@type":"WebSite","@id":"https:\/\/qingdaohf.com\/bg\/#website","url":"https:\/\/qingdaohf.com\/bg\/","name":"Concrete Form & Rigging Hardware Supplier","description":"","publisher":{"@id":"https:\/\/qingdaohf.com\/bg\/#organization"},"potentialAction":[{"@type":"SearchAction","target":{"@type":"EntryPoint","urlTemplate":"https:\/\/qingdaohf.com\/bg\/?s={search_term_string}"},"query-input":{"@type":"PropertyValueSpecification","valueRequired":true,"valueName":"search_term_string"}}],"inLanguage":"sk-SK"},{"@type":"Organization","@id":"https:\/\/qingdaohf.com\/bg\/#organization","name":"Qingdao H&F","url":"https:\/\/qingdaohf.com\/bg\/","logo":{"@type":"ImageObject","inLanguage":"sk-SK","@id":"https:\/\/qingdaohf.com\/bg\/#\/schema\/logo\/image\/","url":"https:\/\/qingdaohf.com\/wp-content\/uploads\/2022\/12\/cropped-HF-LOGO.png","contentUrl":"https:\/\/qingdaohf.com\/wp-content\/uploads\/2022\/12\/cropped-HF-LOGO.png","width":391,"height":249,"caption":"Qingdao H&F"},"image":{"@id":"https:\/\/qingdaohf.com\/bg\/#\/schema\/logo\/image\/"},"sameAs":["https:\/\/www.facebook.com\/qingdaohf"]}]}},"_links":{"self":[{"href":"https:\/\/qingdaohf.com\/sk\/wp-json\/wp\/v2\/product\/8287","targetHints":{"allow":["GET"]}}],"collection":[{"href":"https:\/\/qingdaohf.com\/sk\/wp-json\/wp\/v2\/product"}],"about":[{"href":"https:\/\/qingdaohf.com\/sk\/wp-json\/wp\/v2\/types\/product"}],"replies":[{"embeddable":true,"href":"https:\/\/qingdaohf.com\/sk\/wp-json\/wp\/v2\/comments?post=8287"}],"version-history":[{"count":2,"href":"https:\/\/qingdaohf.com\/sk\/wp-json\/wp\/v2\/product\/8287\/revisions"}],"predecessor-version":[{"id":8335,"href":"https:\/\/qingdaohf.com\/sk\/wp-json\/wp\/v2\/product\/8287\/revisions\/8335"}],"wp:featuredmedia":[{"embeddable":true,"href":"https:\/\/qingdaohf.com\/sk\/wp-json\/wp\/v2\/media\/8194"}],"wp:attachment":[{"href":"https:\/\/qingdaohf.com\/sk\/wp-json\/wp\/v2\/media?parent=8287"}],"wp:term":[{"taxonomy":"product_brand","embeddable":true,"href":"https:\/\/qingdaohf.com\/sk\/wp-json\/wp\/v2\/product_brand?post=8287"},{"taxonomy":"product_cat","embeddable":true,"href":"https:\/\/qingdaohf.com\/sk\/wp-json\/wp\/v2\/product_cat?post=8287"},{"taxonomy":"product_tag","embeddable":true,"href":"https:\/\/qingdaohf.com\/sk\/wp-json\/wp\/v2\/product_tag?post=8287"}],"curies":[{"name":"wp","href":"https:\/\/api.w.org\/{rel}","templated":true}]}}