{"id":8289,"date":"2024-11-05T17:58:14","date_gmt":"2024-11-05T09:58:14","guid":{"rendered":"http:\/\/qingdaohf.com\/?post_type=product&#038;p=8289"},"modified":"2025-11-13T09:02:52","modified_gmt":"2025-11-13T01:02:52","slug":"webbing-sling-8-ton","status":"publish","type":"product","link":"https:\/\/qingdaohf.com\/sk\/produkt\/popruhovy-zaves-8-ton\/","title":{"rendered":"Ploch\u00fd popruh Sling 8 Ton Polyester Double Duplex"},"content":{"rendered":"<h4>Pevnos\u0165 a odolnos\u0165: K\u013e\u00fa\u010dov\u00e9 vlastnosti popruhu s nosnos\u0165ou 8 ton<\/h4>\n<p>8-tonov\u00fd popruh Qingdao H&amp;F je ur\u010den\u00fd pre priemyseln\u00e9 odvetvia, kde s\u00fa nevyhnutn\u00e9 bezpe\u010dn\u00e9 a spo\u013eahliv\u00e9 zdv\u00edhacie rie\u0161enia. Tento popruh je vyroben\u00fd z vysokokvalitn\u00e9ho polyesteru a poskytuje robustn\u00fa pevnos\u0165, v\u010faka ktorej zvl\u00e1dne za\u0165a\u017eenie a\u017e do 8 ton bez toho, aby sa zn\u00ed\u017eil jeho v\u00fdkon. Jeho odoln\u00e1 kon\u0161trukcia zaru\u010duje dlh\u00fa \u017eivotnos\u0165 aj pri \u010dastom pou\u017e\u00edvan\u00ed v n\u00e1ro\u010dn\u00fdch podmienkach, \u010do z neho rob\u00ed cenn\u00fd n\u00e1stroj pre odvetvia, ako je stavebn\u00edctvo, logistika a v\u00fdroba.<\/p>\n<p>Ka\u017ed\u00fd 8-tonov\u00fd z\u00e1ves prech\u00e1dza d\u00f4kladn\u00fdm testovan\u00edm kvality, aby sa potvrdila jeho nosnos\u0165 a s\u00falad s bezpe\u010dnostn\u00fdmi predpismi. Spolo\u010dnos\u0165 Qingdao H&amp;F poskytuje podrobn\u00e9 spr\u00e1vy o kontrole kvality, ktor\u00e9 kupuj\u00facim umo\u017e\u0148uj\u00fa presk\u00fama\u0165 \u00fadaje o bezpe\u010dnosti a v\u00fdkonnosti v\u00fdrobku. Spolo\u010dnos\u0165 Qingdao H&amp;F m\u00e1 poves\u0165 spo\u013eahlivej a transparentnej spolo\u010dnosti, ktor\u00e1 sa sna\u017e\u00ed dod\u00e1va\u0165 zariadenia podporuj\u00face po\u017eiadavky dne\u0161n\u00fdch priemyseln\u00fdch prev\u00e1dzok. R\u00fdchly dodac\u00ed cyklus, ktor\u00fd pon\u00fakame, zaru\u010duje, \u017ee kupuj\u00faci maj\u00fa okam\u017eit\u00fd pr\u00edstup k z\u00e1kladn\u00fdm zdv\u00edhac\u00edm zariadeniam, v\u010faka \u010domu m\u00f4\u017eu projekty prebieha\u0165 pod\u013ea pl\u00e1nu.<\/p>\n<h4>Kon\u0161trukcia zameran\u00e1 na bezpe\u010dnos\u0165 a bezpe\u010dn\u00fd v\u00fdkon pri zdv\u00edhan\u00ed<\/h4>\n<p>Bezpe\u010dnos\u0165 je prvorad\u00fdm z\u00e1ujmom pri ka\u017edom zdv\u00edhan\u00ed, najm\u00e4 pri manipul\u00e1cii s \u0165a\u017ek\u00fdmi bremenami. 8-tonov\u00fd popruh Qingdao H&amp;F je navrhnut\u00fd so \u0161irok\u00fdmi, pru\u017en\u00fdmi popruhmi, ktor\u00e9 rovnomerne rozde\u013euj\u00fa hmotnos\u0165 na cel\u00fd n\u00e1klad. T\u00e1to kon\u0161trukcia minimalizuje tlakov\u00e9 body, \u010d\u00edm sa zni\u017euje pravdepodobnos\u0165 po\u0161kodenia popruhu aj bremena. Tento popruh, ktor\u00e9ho prioritou je stabilita n\u00e1kladu, pom\u00e1ha zabezpe\u010di\u0165 bezpe\u010dn\u00e9 zdv\u00edhanie aj objemn\u00fdch alebo krehk\u00fdch predmetov a umo\u017e\u0148uje oper\u00e1torom s istotou manipulova\u0165 s \u0165a\u017ek\u00fdm n\u00e1kladom.<\/p>\n<p>Tento popruh je vyroben\u00fd v s\u00falade s pr\u00edsnymi bezpe\u010dnostn\u00fdmi normami a je vhodn\u00fd pre odvetvia s pr\u00edsnymi prev\u00e1dzkov\u00fdmi protokolmi. \u010ci u\u017e sa pou\u017e\u00edva v priemyseln\u00fdch are\u00e1loch, skladoch alebo na expedi\u010dn\u00fdch dvoroch, 8 tonov\u00fd popruh je v\u010faka svojej pru\u017enej kon\u0161trukcii a spo\u013eahliv\u00e9mu v\u00fdkonu ide\u00e1lnou vo\u013ebou. Zameranie spolo\u010dnosti Qingdao H&amp;F na kontrolu kvality a dodr\u017eiavanie bezpe\u010dnostn\u00fdch predpisov poskytuje kupuj\u00facim istotu, \u017ee ka\u017ed\u00fd z\u00e1ves pre\u0161iel s\u00e9riou kontrol kvality, aby sa zabezpe\u010dilo, \u017ee sp\u013a\u0148a po\u017eiadavky na nosnos\u0165. Spr\u00e1vy o kontrole kvality, ktor\u00e9 s\u00fa k dispoz\u00edcii pri ka\u017edom v\u00fdrobku, s\u00fa jasn\u00fdm d\u00f4kazom tohto z\u00e1v\u00e4zku k bezpe\u010dnosti a spo\u013eahlivosti.<\/p>\n<h4>Qingdao H&amp;F: spolupr\u00e1ca s klientmi pre spo\u013eahliv\u00e9 a efekt\u00edvne rie\u0161enia<\/h4>\n<p>V\u010faka 20 rokom sk\u00fasenost\u00ed ako obchodn\u00e1 spolo\u010dnos\u0165 B2B si spolo\u010dnos\u0165 Qingdao H&amp;F vybudovala poves\u0165 dod\u00e1vate\u013ea spo\u013eahliv\u00fdch zdv\u00edhac\u00edch rie\u0161en\u00ed, ktor\u00e9 sp\u013a\u0148aj\u00fa jedine\u010dn\u00e9 potreby priemyseln\u00fdch odberate\u013eov. Tento 8 tonov\u00fd popruh je s\u00fa\u010das\u0165ou r\u00f4znorod\u00e9ho sortimentu v\u00fdrobkov, pri\u010dom ku ka\u017edej polo\u017eke je prilo\u017een\u00e1 dokument\u00e1cia o kontrole kvality na overenie jej s\u00faladu s priemyseln\u00fdmi normami. T\u00e1to transparentnos\u0165 posil\u0148uje odhodlanie spolo\u010dnosti Qingdao H&amp;F poskytova\u0165 spo\u013eahliv\u00e9 v\u00fdrobky, ktor\u00fdm m\u00f4\u017eu kupuj\u00faci d\u00f4verova\u0165 pri n\u00e1ro\u010dn\u00fdch aplik\u00e1ci\u00e1ch.<\/p>\n<p>Okrem kvalitn\u00fdch v\u00fdrobkov sa spolo\u010dnos\u0165 Qingdao H&amp;F zav\u00e4zuje pon\u00faka\u0165 bezprobl\u00e9mov\u00fd n\u00e1kup zameran\u00fd na z\u00e1kazn\u00edka. N\u00e1\u0161 model individu\u00e1lneho z\u00e1kazn\u00edckeho servisu umo\u017e\u0148uje kupuj\u00facim spoji\u0165 sa priamo s kompetentn\u00fdmi z\u00e1stupcami, ktor\u00ed rozumej\u00fa ich po\u017eiadavk\u00e1m a poskytuj\u00fa individu\u00e1lne odpor\u00fa\u010dania, aby pomohli klientom vybra\u0165 najlep\u0161ie zdv\u00edhacie zariadenia pre ich aplik\u00e1cie. V spojen\u00ed s r\u00fdchlym dodac\u00edm cyklom spolo\u010dnos\u0165 Qingdao H&amp;F zabezpe\u010duje, \u017ee klienti m\u00f4\u017eu z\u00edska\u0165 d\u00f4le\u017eit\u00e9 zariadenia bez oneskorenia, \u010d\u00edm podporuje efekt\u00edvnos\u0165 projektu a minimalizuje prestoje.<\/p>\n<p>Dod\u00e1van\u00edm vysoko v\u00fdkonn\u00fdch popruhov, zabezpe\u010dovan\u00edm d\u00f4kladnej kontroly kvality a uprednost\u0148ovan\u00edm slu\u017eieb z\u00e1kazn\u00edkom sa spolo\u010dnos\u0165 Qingdao H&amp;F stala d\u00f4veryhodn\u00fdm partnerom pre priemyseln\u00e9 zdv\u00edhacie rie\u0161enia. Tento 8-tonov\u00fd popruh odr\u00e1\u017ea tento z\u00e1v\u00e4zok a pon\u00faka pevnos\u0165, bezpe\u010dnos\u0165 a spo\u013eahlivos\u0165, ktor\u00e9 si vy\u017eaduje dne\u0161n\u00e9 priemyseln\u00e9 prostredie. S ka\u017ed\u00fdm z\u00e1vesom poskytuje spolo\u010dnos\u0165 Qingdao H&amp;F bezpe\u010dn\u00e9 a spo\u013eahliv\u00e9 zdv\u00edhacie rie\u0161enie podporen\u00e9 podporou a transparentnos\u0165ou, ktor\u00fa klienti o\u010dak\u00e1vaj\u00fa.<\/p>","protected":false},"excerpt":{"rendered":"<p>8-tonov\u00fd popruh je vyroben\u00fd tak, aby zvl\u00e1dol ve\u013ek\u00e9 po\u017eiadavky na zdv\u00edhanie a pon\u00fakol v\u00fdnimo\u010dn\u00fa pevnos\u0165 a spo\u013eahlivos\u0165 pre priemyseln\u00e9 aplik\u00e1cie. Tento popruh je navrhnut\u00fd tak, aby rie\u0161il obavy kupuj\u00facich o bezpe\u010dnos\u0165 n\u00e1kladu, odolnos\u0165 a s\u00falad s bezpe\u010dnostn\u00fdmi normami, a \u013eahko unesie a\u017e 8 ton. Ako zaveden\u00e1 obchodn\u00e1 spolo\u010dnos\u0165 B2B s 20-ro\u010dn\u00fdmi sk\u00fasenos\u0165ami poskytuje spolo\u010dnos\u0165 Qingdao H&amp;F individu\u00e1lny z\u00e1kazn\u00edcky servis, r\u00fdchly dodac\u00ed cyklus a komplexn\u00e9 spr\u00e1vy o kontrole kvality. Tieto v\u00fdhody pod\u010diarkuj\u00fa n\u00e1\u0161 z\u00e1v\u00e4zok ku kvalite a spokojnosti z\u00e1kazn\u00edkov a zabezpe\u010duj\u00fa bezprobl\u00e9mov\u00fd n\u00e1kup.<\/p>","protected":false},"featured_media":8193,"comment_status":"open","ping_status":"closed","template":"","meta":{"site-sidebar-layout":"default","site-content-layout":"","ast-site-content-layout":"default","site-content-style":"default","site-sidebar-style":"default","ast-global-header-display":"","ast-banner-title-visibility":"","ast-main-header-display":"","ast-hfb-above-header-display":"","ast-hfb-below-header-display":"","ast-hfb-mobile-header-display":"","site-post-title":"","ast-breadcrumbs-content":"","ast-featured-img":"","footer-sml-layout":"","theme-transparent-header-meta":"default","adv-header-id-meta":"","stick-header-meta":"default","header-above-stick-meta":"","header-main-stick-meta":"","header-below-stick-meta":"","astra-migrate-meta-layouts":"set","ast-page-background-enabled":"default","ast-page-background-meta":{"desktop":{"background-color":"","background-image":"","background-repeat":"repeat","background-position":"center center","background-size":"auto","background-attachment":"scroll","background-type":"","background-media":"","overlay-type":"","overlay-color":"","overlay-opacity":"","overlay-gradient":""},"tablet":{"background-color":"","background-image":"","background-repeat":"repeat","background-position":"center center","background-size":"auto","background-attachment":"scroll","background-type":"","background-media":"","overlay-type":"","overlay-color":"","overlay-opacity":"","overlay-gradient":""},"mobile":{"background-color":"","background-image":"","background-repeat":"repeat","background-position":"center center","background-size":"auto","background-attachment":"scroll","background-type":"","background-media":"","overlay-type":"","overlay-color":"","overlay-opacity":"","overlay-gradient":""}},"ast-content-background-meta":{"desktop":{"background-color":"var(--ast-global-color-5)","background-image":"","background-repeat":"repeat","background-position":"center center","background-size":"auto","background-attachment":"scroll","background-type":"","background-media":"","overlay-type":"","overlay-color":"","overlay-opacity":"","overlay-gradient":""},"tablet":{"background-color":"var(--ast-global-color-5)","background-image":"","background-repeat":"repeat","background-position":"center center","background-size":"auto","background-attachment":"scroll","background-type":"","background-media":"","overlay-type":"","overlay-color":"","overlay-opacity":"","overlay-gradient":""},"mobile":{"background-color":"var(--ast-global-color-5)","background-image":"","background-repeat":"repeat","background-position":"center center","background-size":"auto","background-attachment":"scroll","background-type":"","background-media":"","overlay-type":"","overlay-color":"","overlay-opacity":"","overlay-gradient":""}}},"product_brand":[],"product_cat":[39],"product_tag":[],"class_list":{"0":"post-8289","1":"product","2":"type-product","3":"status-publish","4":"has-post-thumbnail","6":"product_cat-webbing-sling","7":"desktop-align-left","8":"tablet-align-left","9":"mobile-align-left","10":"ast-product-gallery-layout-horizontal-slider","11":"ast-product-gallery-with-no-image","12":"ast-product-tabs-layout-horizontal","14":"first","15":"instock","16":"shipping-taxable","17":"purchasable","18":"product-type-simple"},"yoast_head":"<!-- This site is optimized with the Yoast SEO plugin v25.2 - https:\/\/yoast.com\/wordpress\/plugins\/seo\/ -->\n<title>Flat Webbing Sling 8 Ton Polyester Double Duplex<\/title>\n<meta name=\"robots\" content=\"index, follow, max-snippet:-1, max-image-preview:large, max-video-preview:-1\" \/>\n<link rel=\"canonical\" href=\"https:\/\/qingdaohf.com\/sk\/produkt\/popruhovy-zaves-8-ton\/\" \/>\n<meta property=\"og:locale\" content=\"sk_SK\" \/>\n<meta property=\"og:type\" content=\"article\" \/>\n<meta property=\"og:title\" content=\"Flat Webbing Sling 8 Ton Polyester Double Duplex\" \/>\n<meta property=\"og:description\" content=\"8-Ton Webbing Sling is crafted to handle substantial lifting demands, offering outstanding strength and reliability for industrial applications. Designed to address buyer concerns about load security, durability, and compliance with safety standards, this sling supports up to 8 tons with ease. As an established B2B trading company with 20 years of experience, Qingdao H&amp;F provides one-on-one customer service, a fast delivery cycle, and comprehensive quality inspection reports. These advantages underscore our commitment to quality and customer satisfaction, ensuring a seamless purchasing experience.\" \/>\n<meta property=\"og:url\" content=\"https:\/\/qingdaohf.com\/sk\/produkt\/popruhovy-zaves-8-ton\/\" \/>\n<meta property=\"og:site_name\" content=\"Concrete Form &amp; Rigging Hardware Supplier\" \/>\n<meta property=\"article:publisher\" content=\"https:\/\/www.facebook.com\/qingdaohf\" \/>\n<meta property=\"article:modified_time\" content=\"2025-11-13T01:02:52+00:00\" \/>\n<meta property=\"og:image\" content=\"https:\/\/qingdaohf.com\/wp-content\/uploads\/2024\/10\/8ton-sling_1.webp\" \/>\n\t<meta property=\"og:image:width\" content=\"1000\" \/>\n\t<meta property=\"og:image:height\" content=\"1000\" \/>\n\t<meta property=\"og:image:type\" content=\"image\/webp\" \/>\n<meta name=\"twitter:card\" content=\"summary_large_image\" \/>\n<meta name=\"twitter:label1\" content=\"Predpokladan\u00fd \u010das \u010d\u00edtania\" \/>\n\t<meta name=\"twitter:data1\" content=\"3 min\u00faty\" \/>\n<script type=\"application\/ld+json\" class=\"yoast-schema-graph\">{\"@context\":\"https:\/\/schema.org\",\"@graph\":[{\"@type\":\"WebPage\",\"@id\":\"https:\/\/qingdaohf.com\/product\/webbing-sling-8-ton\/\",\"url\":\"https:\/\/qingdaohf.com\/product\/webbing-sling-8-ton\/\",\"name\":\"Flat Webbing Sling 8 Ton Polyester Double Duplex\",\"isPartOf\":{\"@id\":\"https:\/\/qingdaohf.com\/bg\/#website\"},\"primaryImageOfPage\":{\"@id\":\"https:\/\/qingdaohf.com\/product\/webbing-sling-8-ton\/#primaryimage\"},\"image\":{\"@id\":\"https:\/\/qingdaohf.com\/product\/webbing-sling-8-ton\/#primaryimage\"},\"thumbnailUrl\":\"https:\/\/qingdaohf.com\/wp-content\/uploads\/2024\/10\/8ton-sling_1.webp\",\"datePublished\":\"2024-11-05T09:58:14+00:00\",\"dateModified\":\"2025-11-13T01:02:52+00:00\",\"breadcrumb\":{\"@id\":\"https:\/\/qingdaohf.com\/product\/webbing-sling-8-ton\/#breadcrumb\"},\"inLanguage\":\"sk-SK\",\"potentialAction\":[{\"@type\":\"ReadAction\",\"target\":[\"https:\/\/qingdaohf.com\/product\/webbing-sling-8-ton\/\"]}]},{\"@type\":\"ImageObject\",\"inLanguage\":\"sk-SK\",\"@id\":\"https:\/\/qingdaohf.com\/product\/webbing-sling-8-ton\/#primaryimage\",\"url\":\"https:\/\/qingdaohf.com\/wp-content\/uploads\/2024\/10\/8ton-sling_1.webp\",\"contentUrl\":\"https:\/\/qingdaohf.com\/wp-content\/uploads\/2024\/10\/8ton-sling_1.webp\",\"width\":1000,\"height\":1000,\"caption\":\"8ton sling\"},{\"@type\":\"BreadcrumbList\",\"@id\":\"https:\/\/qingdaohf.com\/product\/webbing-sling-8-ton\/#breadcrumb\",\"itemListElement\":[{\"@type\":\"ListItem\",\"position\":1,\"name\":\"Home\",\"item\":\"https:\/\/qingdaohf.com\/\"},{\"@type\":\"ListItem\",\"position\":2,\"name\":\"Concrete Forming Accessories and Rigging Hardware\",\"item\":\"https:\/\/qingdaohf.com\/bg\/?page_id=944\"},{\"@type\":\"ListItem\",\"position\":3,\"name\":\"Flat Webbing Sling 8 Ton Polyester Double Duplex\"}]},{\"@type\":\"WebSite\",\"@id\":\"https:\/\/qingdaohf.com\/bg\/#website\",\"url\":\"https:\/\/qingdaohf.com\/bg\/\",\"name\":\"Concrete Form & Rigging Hardware Supplier\",\"description\":\"\",\"publisher\":{\"@id\":\"https:\/\/qingdaohf.com\/bg\/#organization\"},\"potentialAction\":[{\"@type\":\"SearchAction\",\"target\":{\"@type\":\"EntryPoint\",\"urlTemplate\":\"https:\/\/qingdaohf.com\/bg\/?s={search_term_string}\"},\"query-input\":{\"@type\":\"PropertyValueSpecification\",\"valueRequired\":true,\"valueName\":\"search_term_string\"}}],\"inLanguage\":\"sk-SK\"},{\"@type\":\"Organization\",\"@id\":\"https:\/\/qingdaohf.com\/bg\/#organization\",\"name\":\"Qingdao H&F\",\"url\":\"https:\/\/qingdaohf.com\/bg\/\",\"logo\":{\"@type\":\"ImageObject\",\"inLanguage\":\"sk-SK\",\"@id\":\"https:\/\/qingdaohf.com\/bg\/#\/schema\/logo\/image\/\",\"url\":\"https:\/\/qingdaohf.com\/wp-content\/uploads\/2022\/12\/cropped-HF-LOGO.png\",\"contentUrl\":\"https:\/\/qingdaohf.com\/wp-content\/uploads\/2022\/12\/cropped-HF-LOGO.png\",\"width\":391,\"height\":249,\"caption\":\"Qingdao H&F\"},\"image\":{\"@id\":\"https:\/\/qingdaohf.com\/bg\/#\/schema\/logo\/image\/\"},\"sameAs\":[\"https:\/\/www.facebook.com\/qingdaohf\"]}]}<\/script>\n<!-- \/ Yoast SEO plugin. -->","yoast_head_json":{"title":"Flat Webbing Sling 8 Ton Polyester Double Duplex","robots":{"index":"index","follow":"follow","max-snippet":"max-snippet:-1","max-image-preview":"max-image-preview:large","max-video-preview":"max-video-preview:-1"},"canonical":"https:\/\/qingdaohf.com\/sk\/produkt\/popruhovy-zaves-8-ton\/","og_locale":"sk_SK","og_type":"article","og_title":"Flat Webbing Sling 8 Ton Polyester Double Duplex","og_description":"8-Ton Webbing Sling is crafted to handle substantial lifting demands, offering outstanding strength and reliability for industrial applications. Designed to address buyer concerns about load security, durability, and compliance with safety standards, this sling supports up to 8 tons with ease. As an established B2B trading company with 20 years of experience, Qingdao H&amp;F provides one-on-one customer service, a fast delivery cycle, and comprehensive quality inspection reports. These advantages underscore our commitment to quality and customer satisfaction, ensuring a seamless purchasing experience.","og_url":"https:\/\/qingdaohf.com\/sk\/produkt\/popruhovy-zaves-8-ton\/","og_site_name":"Concrete Form &amp; Rigging Hardware Supplier","article_publisher":"https:\/\/www.facebook.com\/qingdaohf","article_modified_time":"2025-11-13T01:02:52+00:00","og_image":[{"width":1000,"height":1000,"url":"https:\/\/qingdaohf.com\/wp-content\/uploads\/2024\/10\/8ton-sling_1.webp","type":"image\/webp"}],"twitter_card":"summary_large_image","twitter_misc":{"Predpokladan\u00fd \u010das \u010d\u00edtania":"3 min\u00faty"},"schema":{"@context":"https:\/\/schema.org","@graph":[{"@type":"WebPage","@id":"https:\/\/qingdaohf.com\/product\/webbing-sling-8-ton\/","url":"https:\/\/qingdaohf.com\/product\/webbing-sling-8-ton\/","name":"Flat Webbing Sling 8 Ton Polyester Double Duplex","isPartOf":{"@id":"https:\/\/qingdaohf.com\/bg\/#website"},"primaryImageOfPage":{"@id":"https:\/\/qingdaohf.com\/product\/webbing-sling-8-ton\/#primaryimage"},"image":{"@id":"https:\/\/qingdaohf.com\/product\/webbing-sling-8-ton\/#primaryimage"},"thumbnailUrl":"https:\/\/qingdaohf.com\/wp-content\/uploads\/2024\/10\/8ton-sling_1.webp","datePublished":"2024-11-05T09:58:14+00:00","dateModified":"2025-11-13T01:02:52+00:00","breadcrumb":{"@id":"https:\/\/qingdaohf.com\/product\/webbing-sling-8-ton\/#breadcrumb"},"inLanguage":"sk-SK","potentialAction":[{"@type":"ReadAction","target":["https:\/\/qingdaohf.com\/product\/webbing-sling-8-ton\/"]}]},{"@type":"ImageObject","inLanguage":"sk-SK","@id":"https:\/\/qingdaohf.com\/product\/webbing-sling-8-ton\/#primaryimage","url":"https:\/\/qingdaohf.com\/wp-content\/uploads\/2024\/10\/8ton-sling_1.webp","contentUrl":"https:\/\/qingdaohf.com\/wp-content\/uploads\/2024\/10\/8ton-sling_1.webp","width":1000,"height":1000,"caption":"8ton sling"},{"@type":"BreadcrumbList","@id":"https:\/\/qingdaohf.com\/product\/webbing-sling-8-ton\/#breadcrumb","itemListElement":[{"@type":"ListItem","position":1,"name":"Home","item":"https:\/\/qingdaohf.com\/"},{"@type":"ListItem","position":2,"name":"Concrete Forming Accessories and Rigging Hardware","item":"https:\/\/qingdaohf.com\/bg\/?page_id=944"},{"@type":"ListItem","position":3,"name":"Flat Webbing Sling 8 Ton Polyester Double Duplex"}]},{"@type":"WebSite","@id":"https:\/\/qingdaohf.com\/bg\/#website","url":"https:\/\/qingdaohf.com\/bg\/","name":"Concrete Form & Rigging Hardware Supplier","description":"","publisher":{"@id":"https:\/\/qingdaohf.com\/bg\/#organization"},"potentialAction":[{"@type":"SearchAction","target":{"@type":"EntryPoint","urlTemplate":"https:\/\/qingdaohf.com\/bg\/?s={search_term_string}"},"query-input":{"@type":"PropertyValueSpecification","valueRequired":true,"valueName":"search_term_string"}}],"inLanguage":"sk-SK"},{"@type":"Organization","@id":"https:\/\/qingdaohf.com\/bg\/#organization","name":"Qingdao H&F","url":"https:\/\/qingdaohf.com\/bg\/","logo":{"@type":"ImageObject","inLanguage":"sk-SK","@id":"https:\/\/qingdaohf.com\/bg\/#\/schema\/logo\/image\/","url":"https:\/\/qingdaohf.com\/wp-content\/uploads\/2022\/12\/cropped-HF-LOGO.png","contentUrl":"https:\/\/qingdaohf.com\/wp-content\/uploads\/2022\/12\/cropped-HF-LOGO.png","width":391,"height":249,"caption":"Qingdao H&F"},"image":{"@id":"https:\/\/qingdaohf.com\/bg\/#\/schema\/logo\/image\/"},"sameAs":["https:\/\/www.facebook.com\/qingdaohf"]}]}},"_links":{"self":[{"href":"https:\/\/qingdaohf.com\/sk\/wp-json\/wp\/v2\/product\/8289","targetHints":{"allow":["GET"]}}],"collection":[{"href":"https:\/\/qingdaohf.com\/sk\/wp-json\/wp\/v2\/product"}],"about":[{"href":"https:\/\/qingdaohf.com\/sk\/wp-json\/wp\/v2\/types\/product"}],"replies":[{"embeddable":true,"href":"https:\/\/qingdaohf.com\/sk\/wp-json\/wp\/v2\/comments?post=8289"}],"version-history":[{"count":2,"href":"https:\/\/qingdaohf.com\/sk\/wp-json\/wp\/v2\/product\/8289\/revisions"}],"predecessor-version":[{"id":8334,"href":"https:\/\/qingdaohf.com\/sk\/wp-json\/wp\/v2\/product\/8289\/revisions\/8334"}],"wp:featuredmedia":[{"embeddable":true,"href":"https:\/\/qingdaohf.com\/sk\/wp-json\/wp\/v2\/media\/8193"}],"wp:attachment":[{"href":"https:\/\/qingdaohf.com\/sk\/wp-json\/wp\/v2\/media?parent=8289"}],"wp:term":[{"taxonomy":"product_brand","embeddable":true,"href":"https:\/\/qingdaohf.com\/sk\/wp-json\/wp\/v2\/product_brand?post=8289"},{"taxonomy":"product_cat","embeddable":true,"href":"https:\/\/qingdaohf.com\/sk\/wp-json\/wp\/v2\/product_cat?post=8289"},{"taxonomy":"product_tag","embeddable":true,"href":"https:\/\/qingdaohf.com\/sk\/wp-json\/wp\/v2\/product_tag?post=8289"}],"curies":[{"name":"wp","href":"https:\/\/api.w.org\/{rel}","templated":true}]}}