{"id":8310,"date":"2024-11-07T14:33:56","date_gmt":"2024-11-07T06:33:56","guid":{"rendered":"http:\/\/qingdaohf.com\/?post_type=product&#038;p=8310"},"modified":"2025-11-13T09:02:52","modified_gmt":"2025-11-13T01:02:52","slug":"spek-anchor-stockless-anchor","status":"publish","type":"product","link":"https:\/\/qingdaohf.com\/sk\/produkt\/spek-kotva-bez-zasob\/","title":{"rendered":"Spek Anchor Stockless Anchor"},"content":{"rendered":"<h3>Preh\u013ead a jedine\u010dn\u00fd dizajn kotiev Spek<\/h3>\n<p>Kotva Spek je \u0161iroko preferovan\u00fd typ kotvy pou\u017e\u00edvan\u00fd v n\u00e1mornom a pobre\u017enom priemysle, vybran\u00fd pre svoju charakteristick\u00fa kon\u0161trukciu, ktor\u00e1 zd\u00f4raz\u0148uje stabilitu a odolnos\u0165. Kotva Spek si ako jeden z tradi\u010dnej\u0161\u00edch typov kotiev z\u00edskala poves\u0165 kotvy \u00fa\u010dinnej v r\u00f4znych morsk\u00fdch podmienkach, a to najm\u00e4 v\u010faka svojej schopnosti r\u00fdchlo sa zary\u0165 do r\u00f4znych morsk\u00fdch dna. V porovnan\u00ed s in\u00fdmi kotvami umo\u017e\u0148uje kon\u0161trukcia kotvy Spek r\u00fdchle zapustenie pri nasaden\u00ed, \u010do je ve\u013emi \u017eiaduca vlastnos\u0165 pre plavidl\u00e1, ktor\u00e9 potrebuj\u00fa spo\u013eahliv\u00fa silu dr\u017eania bez dlh\u0161\u00edch kotviacich postupov.<\/p>\n<p>Tento typ kotvy obsahuje \u0161peci\u00e1lne navrhnut\u00fd chvost a stopku, ktor\u00e9 s\u00fa optimalizovan\u00e9 tak, aby odol\u00e1vali rota\u010dn\u00fdm sil\u00e1m sp\u00f4soben\u00fdm zmenami pohybu vody. Tento jedine\u010dn\u00fd tvar nielen\u017ee minimalizuje \u0165ahanie, ale tie\u017e udr\u017eiava stabilitu po\u010das n\u00e1hlych zmien pr\u00fadu, \u010d\u00edm poskytuje pokoj prev\u00e1dzkovate\u013eom plavidiel, ktor\u00ed sa spoliehaj\u00fa na st\u00e1lu silu dr\u017eania. Geometria kotvy Spek zah\u0155\u0148a \u0161irok\u00fd uhol chvosta a za\u0165a\u017een\u00fd driek, ktor\u00fd pom\u00e1ha udr\u017eiava\u0165 priazniv\u00fd uhol vstupu do morsk\u00e9ho dna. T\u00e1to vlastnos\u0165 umo\u017e\u0148uje r\u00fdchle usadenie a zaistenie v pies\u010ditom alebo bahnitom podlo\u017e\u00ed, v\u010faka \u010domu je kotva univerz\u00e1lna v r\u00f4znych morsk\u00fdch prostrediach.<\/p>\n<p>V spolo\u010dnosti Qingdao H&amp;F dod\u00e1vame kotvy Spek, ktor\u00e9 sp\u013a\u0148aj\u00fa tieto kritick\u00e9 v\u00fdkonnostn\u00e9 normy a z\u00e1rove\u0148 zvy\u0161uj\u00fa pohodlie z\u00e1kazn\u00edkov prostredn\u00edctvom dodato\u010dnej podpory a zabezpe\u010denia kvality. Poskytujeme cel\u00fd rad kontroln\u00fdch spr\u00e1v o kvalite na overenie \u0161truktur\u00e1lnej integrity a v\u00fdkonnostn\u00fdch schopnost\u00ed ka\u017edej kotvy, \u010d\u00edm zabezpe\u010dujeme s\u00falad s pr\u00edsnymi n\u00e1morn\u00fdmi bezpe\u010dnostn\u00fdmi predpismi. Ponukou individu\u00e1lnej z\u00e1kazn\u00edckej podpory pom\u00e1hame kupuj\u00facim pri v\u00fdbere optim\u00e1lnej ve\u013ekosti a typu kotvy pre ich konkr\u00e9tne aplik\u00e1cie. N\u00e1\u0161 spo\u013eahliv\u00fd a r\u00fdchly proces dod\u00e1vok \u010falej zabezpe\u010duje, \u017ee z\u00e1kazn\u00edci dostan\u00fa svoje v\u00fdrobky v\u010das, \u010d\u00edm sa zni\u017euje potenci\u00e1lne oneskorenie prev\u00e1dzky.<\/p>\n<p><img fetchpriority=\"high\" decoding=\"async\" class=\"alignnone wp-image-8317 size-full\" src=\"http:\/\/qingdaohf.com\/wp-content\/uploads\/2024\/11\/spek-anchor-1.jpg\" alt=\"\" width=\"640\" height=\"640\" srcset=\"https:\/\/qingdaohf.com\/wp-content\/uploads\/2024\/11\/spek-anchor-1.jpg 640w, https:\/\/qingdaohf.com\/wp-content\/uploads\/2024\/11\/spek-anchor-1-300x300.jpg 300w, https:\/\/qingdaohf.com\/wp-content\/uploads\/2024\/11\/spek-anchor-1-150x150.jpg 150w, https:\/\/qingdaohf.com\/wp-content\/uploads\/2024\/11\/spek-anchor-1-12x12.jpg 12w, https:\/\/qingdaohf.com\/wp-content\/uploads\/2024\/11\/spek-anchor-1-500x500.jpg 500w, https:\/\/qingdaohf.com\/wp-content\/uploads\/2024\/11\/spek-anchor-1-100x100.jpg 100w\" sizes=\"(max-width: 640px) 100vw, 640px\" \/> <img decoding=\"async\" class=\"alignnone wp-image-8318 size-full\" src=\"http:\/\/qingdaohf.com\/wp-content\/uploads\/2024\/11\/spek-anchor-1.png\" alt=\"\" width=\"598\" height=\"727\" srcset=\"https:\/\/qingdaohf.com\/wp-content\/uploads\/2024\/11\/spek-anchor-1.png 598w, https:\/\/qingdaohf.com\/wp-content\/uploads\/2024\/11\/spek-anchor-1-247x300.png 247w, https:\/\/qingdaohf.com\/wp-content\/uploads\/2024\/11\/spek-anchor-1-10x12.png 10w\" sizes=\"(max-width: 598px) 100vw, 598px\" \/><\/p>\n<h3>Aplik\u00e1cie a v\u0161estrannos\u0165 kotiev Spek v r\u00f4znych morsk\u00fdch prostrediach<\/h3>\n<p>Kotva Spek sa \u010dasto vyber\u00e1 pre komer\u010dn\u00e9 lode, vrtn\u00e9 plo\u0161iny na mori a in\u00e9 ve\u013ek\u00e9 plavidl\u00e1 v\u010faka svojej p\u00f4sobivej dr\u017eiacej kapacite a prisp\u00f4sobivosti. Kotva je obzvl\u00e1\u0161\u0165 \u00fa\u010dinn\u00e1 pre v\u00e4\u010d\u0161ie plavidl\u00e1, kde je bezpe\u010dn\u00e9 ukotvenie rozhoduj\u00face pre udr\u017eanie stability po\u010das dlh\u0161ieho pobytu. V stredne \u0165a\u017ek\u00fdch a\u017e \u0165a\u017ek\u00fdch morsk\u00fdch podmienkach poskytuje kotva Spek v\u00fdhodu v\u010faka svojej odolnosti vo\u010di bo\u010dn\u00fdm pohybom a schopnosti udr\u017ea\u0165 sa aj v meniacich sa pr\u00fadoch. V\u010faka t\u00fdmto vlastnostiam je uprednost\u0148ovanou vo\u013ebou v situ\u00e1ci\u00e1ch, ke\u010f sa vy\u017eaduje bezpe\u010dn\u00e9 ukotvenie napriek nepredv\u00eddate\u013en\u00fdm podmienkam prostredia.<\/p>\n<p>Pre kupuj\u00facich v n\u00e1mornom a pobre\u017enom sektore s\u00fa k\u013e\u00fa\u010dov\u00fdmi faktormi odolnos\u0165, jednoduchos\u0165 nasadenia a n\u00e1kladov\u00e1 efekt\u00edvnos\u0165. Kon\u0161trukcia kotvy Spek nielen u\u013eah\u010duje pou\u017e\u00edvanie, ale aj zni\u017euje opotrebovanie kotevnej re\u0165aze a s\u00favisiacich zariaden\u00ed t\u00fdm, \u017ee minimalizuje n\u00e1hle otrasy alebo \u0165ahy, ktor\u00e9 sa m\u00f4\u017eu vyskytn\u00fa\u0165 pri menej stabiln\u00fdch typoch kotiev. Plavidl\u00e1, ktor\u00e9 sa plavia v oblastiach s pies\u010dit\u00fdm, bahnit\u00fdm alebo dokonca skalnat\u00fdm morsk\u00fdm dnom, profituj\u00fa z r\u00fdchleho a spo\u013eahliv\u00e9ho nastavenia kotvy Spek, preto\u017ee sa dobre prisp\u00f4sobuje viacer\u00fdm typom povrchu.<\/p>\n<p>V spolo\u010dnosti Qingdao H&amp;F kladieme d\u00f4raz na poskytovanie produktov, ktor\u00e9 sp\u013a\u0148aj\u00fa tieto prev\u00e1dzkov\u00e9 potreby a z\u00e1rove\u0148 pon\u00fakaj\u00fa v\u00fdhody, ktor\u00e9 zlep\u0161uj\u00fa sk\u00fasenosti s n\u00e1kupom. N\u00e1\u0161 z\u00e1v\u00e4zok k r\u00fdchlym dodac\u00edm cyklom zaru\u010duje, \u017ee z\u00e1kazn\u00edci m\u00f4\u017eu okam\u017eite integrova\u0165 nov\u00e9 zariadenia bez dlh\u0161\u00edch \u010dakac\u00edch leh\u00f4t. Okrem toho vykon\u00e1vame d\u00f4kladn\u00e9 testovanie ka\u017edej kotvy Spek a poskytujeme podrobn\u00e9 spr\u00e1vy o kontrole, ktor\u00e9 potvrdzuj\u00fa odolnos\u0165, hmotnos\u0165 a v\u00fdkonnostn\u00e9 parametre kotvy. T\u00e1to \u00farove\u0148 kontroly kvality je obzvl\u00e1\u0161\u0165 d\u00f4le\u017eit\u00e1 pre kupuj\u00facich, ktor\u00ed musia dodr\u017eiava\u0165 n\u00e1morn\u00e9 bezpe\u010dnostn\u00e9 normy a vy\u017eaduj\u00fa jasn\u00fa dokument\u00e1ciu na overenie spo\u013eahlivosti zariadenia.<\/p>\n<h3>V\u00fdhody v\u00fdberu kotiev Spek od spolo\u010dnosti Qingdao H&amp;F<\/h3>\n<p>V\u00fdber kotvy Spek od spolo\u010dnosti Qingdao H&amp;F znamen\u00e1 invest\u00edciu do viac ne\u017e len v\u00fdrobku; znamen\u00e1 to z\u00edskanie d\u00f4veryhodn\u00e9ho partnera v oblasti obstar\u00e1vania n\u00e1morn\u00e9ho vybavenia. V\u010faka viac ako 20 rokom sk\u00fasenost\u00ed v medzin\u00e1rodnom obchode si spolo\u010dnos\u0165 Qingdao H&amp;F z\u00edskala poves\u0165 spo\u013eahlivej firmy, ktor\u00e1 sa sna\u017e\u00ed o spokojnos\u0165 z\u00e1kazn\u00edkov. Rozumieme prev\u00e1dzkov\u00fdm po\u017eiadavk\u00e1m n\u00e1morn\u00e9ho priemyslu a sna\u017e\u00edme sa ich rie\u0161i\u0165 t\u00fdm, \u017ee zabezpe\u010dujeme, aby ka\u017ed\u00e1 kotva nielen sp\u013a\u0148ala pr\u00edsne normy kvality, ale aj zodpovedala \u0161pecifick\u00fdm po\u017eiadavk\u00e1m na\u0161ich klientov na pou\u017eitie.<\/p>\n<p>N\u00e1\u0161 model individu\u00e1lnych slu\u017eieb z\u00e1kazn\u00edkom n\u00e1s odli\u0161uje od ostatn\u00fdch dod\u00e1vate\u013eov t\u00fdm, \u017ee podporuje individu\u00e1lny pr\u00edstup ku ka\u017edej transakcii. Od po\u010diato\u010dn\u00e9ho dopytu a\u017e po dod\u00e1vku dost\u00e1vaj\u00fa klienti \u0161pecializovan\u00fa pomoc od na\u0161ich kompetentn\u00fdch pracovn\u00edkov, ktor\u00ed poskytuj\u00fa poradenstvo na z\u00e1klade priemyseln\u00fdch noriem a po\u017eiadaviek \u0161pecifick\u00fdch pre dan\u00fa aplik\u00e1ciu. Pon\u00fakame napr\u00edklad poradenstvo pri v\u00fdbere vhodnej hmotnosti a ve\u013ekosti kotvy Spek na z\u00e1klade typu plavidla a typick\u00fdch podmienok na mori, \u010d\u00edm zabezpe\u010dujeme, aby z\u00e1kazn\u00edci prij\u00edmali informovan\u00e9 rozhodnutia, ktor\u00e9 zvy\u0161uj\u00fa bezpe\u010dnos\u0165 a efekt\u00edvnos\u0165 prev\u00e1dzky.<\/p>\n<p>N\u00e1\u0161 z\u00e1v\u00e4zok k transparentnosti je \u010falej pod\u010diarknut\u00fd rozsiahlym procesom zabezpe\u010denia kvality. Ka\u017ed\u00e1 kotva Spek prech\u00e1dza komplexn\u00fdm testovan\u00edm, ktor\u00e9 overuje faktory, ako je pevnos\u0165 v \u0165ahu, konzistentnos\u0165 hmotnosti a odolnos\u0165 vo\u010di kor\u00f3zii. Tieto testovacie procesy s\u00fa zdokumentovan\u00e9 v podrobn\u00fdch kontroln\u00fdch spr\u00e1vach, ktor\u00e9 poskytujeme z\u00e1kazn\u00edkom, \u010d\u00edm im poskytujeme istotu v trvanlivos\u0165 a v\u00fdkonnos\u0165 v\u00fdrobku. Okrem toho na\u0161a efekt\u00edvna logistika a mo\u017enosti dod\u00e1vok zo skladu do skladu umo\u017e\u0148uj\u00fa v\u010dasn\u00fd pr\u00edchod v\u00fdrobku, \u010do pom\u00e1ha minimalizova\u0165 preru\u0161enie prev\u00e1dzky klientov a maximalizova\u0165 pohodlie.<\/p>\n<p>Zameranie spolo\u010dnosti Qingdao H&amp;F na \u0161pi\u010dkov\u00e9 slu\u017eby a kvalitu v\u00fdrobkov z n\u00e1s rob\u00ed ide\u00e1lnu vo\u013ebu pre kupuj\u00facich, ktor\u00ed h\u013eadaj\u00fa nielen robustn\u00e9 a spo\u013eahliv\u00e9 kotvy, ale aj bezprobl\u00e9mov\u00fd n\u00e1kup.<\/p>","protected":false},"excerpt":{"rendered":"<p>Kotvu Spek, ktor\u00e1 je z\u00e1kladom n\u00e1morn\u00fdch aplik\u00e1ci\u00ed, vysoko oce\u0148uj\u00fa kupuj\u00faci, ktor\u00ed h\u013eadaj\u00fa rovnov\u00e1hu medzi spo\u013eahlivos\u0165ou a efekt\u00edvnym v\u00fdkonom v r\u00f4znych oce\u00e1nskych podmienkach. Kotva Spek je zn\u00e1ma svojou silnou pridr\u017eiavacou silou a stabilitou a je obzvl\u00e1\u0161\u0165 vhodn\u00e1 pre plavidl\u00e1 v miernom a\u017e rozb\u00farenom mori. V spolo\u010dnosti Qingdao H&amp;F ideme e\u0161te o krok \u010falej a poskytujeme individu\u00e1lny z\u00e1kazn\u00edcky servis, aby sme ka\u017ed\u00e9mu klientovi zabezpe\u010dili poradenstvo prisp\u00f4soben\u00e9 jeho \u0161pecifick\u00fdm po\u017eiadavk\u00e1m. N\u00e1\u0161 r\u00fdchly dodac\u00ed cyklus skracuje prestoje, zatia\u013e \u010do n\u00e1\u0161 rozsah spr\u00e1v o kontrole kvality pon\u00faka kupuj\u00facim v\u00e4\u010d\u0161iu istotu v spo\u013eahlivos\u0165 a trvanlivos\u0165 v\u00fdrobku. Profesion\u00e1lom v n\u00e1mornom priemysle zabezpe\u010duje na\u0161e zameranie na v\u00fdnimo\u010dn\u00e9 slu\u017eby a zjednodu\u0161en\u00e9 procesy bezprobl\u00e9mov\u00fd n\u00e1kup.<\/p>","protected":false},"featured_media":8311,"comment_status":"open","ping_status":"closed","template":"","meta":{"site-sidebar-layout":"default","site-content-layout":"","ast-site-content-layout":"default","site-content-style":"default","site-sidebar-style":"default","ast-global-header-display":"","ast-banner-title-visibility":"","ast-main-header-display":"","ast-hfb-above-header-display":"","ast-hfb-below-header-display":"","ast-hfb-mobile-header-display":"","site-post-title":"","ast-breadcrumbs-content":"","ast-featured-img":"","footer-sml-layout":"","theme-transparent-header-meta":"default","adv-header-id-meta":"","stick-header-meta":"default","header-above-stick-meta":"","header-main-stick-meta":"","header-below-stick-meta":"","astra-migrate-meta-layouts":"set","ast-page-background-enabled":"default","ast-page-background-meta":{"desktop":{"background-color":"","background-image":"","background-repeat":"repeat","background-position":"center center","background-size":"auto","background-attachment":"scroll","background-type":"","background-media":"","overlay-type":"","overlay-color":"","overlay-opacity":"","overlay-gradient":""},"tablet":{"background-color":"","background-image":"","background-repeat":"repeat","background-position":"center center","background-size":"auto","background-attachment":"scroll","background-type":"","background-media":"","overlay-type":"","overlay-color":"","overlay-opacity":"","overlay-gradient":""},"mobile":{"background-color":"","background-image":"","background-repeat":"repeat","background-position":"center center","background-size":"auto","background-attachment":"scroll","background-type":"","background-media":"","overlay-type":"","overlay-color":"","overlay-opacity":"","overlay-gradient":""}},"ast-content-background-meta":{"desktop":{"background-color":"var(--ast-global-color-5)","background-image":"","background-repeat":"repeat","background-position":"center center","background-size":"auto","background-attachment":"scroll","background-type":"","background-media":"","overlay-type":"","overlay-color":"","overlay-opacity":"","overlay-gradient":""},"tablet":{"background-color":"var(--ast-global-color-5)","background-image":"","background-repeat":"repeat","background-position":"center center","background-size":"auto","background-attachment":"scroll","background-type":"","background-media":"","overlay-type":"","overlay-color":"","overlay-opacity":"","overlay-gradient":""},"mobile":{"background-color":"var(--ast-global-color-5)","background-image":"","background-repeat":"repeat","background-position":"center center","background-size":"auto","background-attachment":"scroll","background-type":"","background-media":"","overlay-type":"","overlay-color":"","overlay-opacity":"","overlay-gradient":""}}},"product_brand":[],"product_cat":[74],"product_tag":[],"class_list":{"0":"post-8310","1":"product","2":"type-product","3":"status-publish","4":"has-post-thumbnail","6":"product_cat-boat-anchor","7":"desktop-align-left","8":"tablet-align-left","9":"mobile-align-left","10":"ast-product-gallery-layout-horizontal-slider","11":"ast-product-tabs-layout-horizontal","13":"first","14":"instock","15":"shipping-taxable","16":"purchasable","17":"product-type-simple"},"yoast_head":"<!-- This site is optimized with the Yoast SEO plugin v25.2 - https:\/\/yoast.com\/wordpress\/plugins\/seo\/ -->\n<title>Spek Anchor Stockless Anchor<\/title>\n<meta name=\"robots\" content=\"index, follow, max-snippet:-1, max-image-preview:large, max-video-preview:-1\" \/>\n<link rel=\"canonical\" href=\"https:\/\/qingdaohf.com\/sk\/produkt\/spek-kotva-bez-zasob\/\" \/>\n<meta property=\"og:locale\" content=\"sk_SK\" \/>\n<meta property=\"og:type\" content=\"article\" \/>\n<meta property=\"og:title\" content=\"Spek Anchor Stockless Anchor\" \/>\n<meta property=\"og:description\" content=\"The Spek Anchor, a staple in marine applications, is highly valued by buyers seeking a balance of reliability and efficient performance in diverse ocean conditions. Known for its robust holding power and stability, the Spek Anchor is particularly well-suited for vessels in moderate to rough seas. At Qingdao H&amp;F, we go a step further by providing one-on-one customer service to ensure each client receives guidance tailored to their specific requirements. Our fast delivery cycle reduces downtime, while our range of quality inspection reports offers buyers added confidence in product reliability and durability. For marine industry professionals, our focus on exceptional service and streamlined processes ensures a seamless purchasing experience.\" \/>\n<meta property=\"og:url\" content=\"https:\/\/qingdaohf.com\/sk\/produkt\/spek-kotva-bez-zasob\/\" \/>\n<meta property=\"og:site_name\" content=\"Concrete Form &amp; Rigging Hardware Supplier\" \/>\n<meta property=\"article:publisher\" content=\"https:\/\/www.facebook.com\/qingdaohf\" \/>\n<meta property=\"article:modified_time\" content=\"2025-11-13T01:02:52+00:00\" \/>\n<meta property=\"og:image\" content=\"https:\/\/qingdaohf.com\/wp-content\/uploads\/2024\/11\/spek-anchor.jpg\" \/>\n\t<meta property=\"og:image:width\" content=\"1000\" \/>\n\t<meta property=\"og:image:height\" content=\"1000\" \/>\n\t<meta property=\"og:image:type\" content=\"image\/jpeg\" \/>\n<meta name=\"twitter:card\" content=\"summary_large_image\" \/>\n<meta name=\"twitter:label1\" content=\"Predpokladan\u00fd \u010das \u010d\u00edtania\" \/>\n\t<meta name=\"twitter:data1\" content=\"5 min\u00fat\" \/>\n<script type=\"application\/ld+json\" class=\"yoast-schema-graph\">{\"@context\":\"https:\/\/schema.org\",\"@graph\":[{\"@type\":\"WebPage\",\"@id\":\"https:\/\/qingdaohf.com\/product\/spek-anchor-stockless-anchor\/\",\"url\":\"https:\/\/qingdaohf.com\/product\/spek-anchor-stockless-anchor\/\",\"name\":\"Spek Anchor Stockless Anchor\",\"isPartOf\":{\"@id\":\"https:\/\/qingdaohf.com\/bg\/#website\"},\"primaryImageOfPage\":{\"@id\":\"https:\/\/qingdaohf.com\/product\/spek-anchor-stockless-anchor\/#primaryimage\"},\"image\":{\"@id\":\"https:\/\/qingdaohf.com\/product\/spek-anchor-stockless-anchor\/#primaryimage\"},\"thumbnailUrl\":\"https:\/\/qingdaohf.com\/wp-content\/uploads\/2024\/11\/spek-anchor.jpg\",\"datePublished\":\"2024-11-07T06:33:56+00:00\",\"dateModified\":\"2025-11-13T01:02:52+00:00\",\"breadcrumb\":{\"@id\":\"https:\/\/qingdaohf.com\/product\/spek-anchor-stockless-anchor\/#breadcrumb\"},\"inLanguage\":\"sk-SK\",\"potentialAction\":[{\"@type\":\"ReadAction\",\"target\":[\"https:\/\/qingdaohf.com\/product\/spek-anchor-stockless-anchor\/\"]}]},{\"@type\":\"ImageObject\",\"inLanguage\":\"sk-SK\",\"@id\":\"https:\/\/qingdaohf.com\/product\/spek-anchor-stockless-anchor\/#primaryimage\",\"url\":\"https:\/\/qingdaohf.com\/wp-content\/uploads\/2024\/11\/spek-anchor.jpg\",\"contentUrl\":\"https:\/\/qingdaohf.com\/wp-content\/uploads\/2024\/11\/spek-anchor.jpg\",\"width\":1000,\"height\":1000,\"caption\":\"spek anchor\"},{\"@type\":\"BreadcrumbList\",\"@id\":\"https:\/\/qingdaohf.com\/product\/spek-anchor-stockless-anchor\/#breadcrumb\",\"itemListElement\":[{\"@type\":\"ListItem\",\"position\":1,\"name\":\"Home\",\"item\":\"https:\/\/qingdaohf.com\/\"},{\"@type\":\"ListItem\",\"position\":2,\"name\":\"Concrete Forming Accessories and Rigging Hardware\",\"item\":\"https:\/\/qingdaohf.com\/bg\/?page_id=944\"},{\"@type\":\"ListItem\",\"position\":3,\"name\":\"Spek Anchor Stockless Anchor\"}]},{\"@type\":\"WebSite\",\"@id\":\"https:\/\/qingdaohf.com\/bg\/#website\",\"url\":\"https:\/\/qingdaohf.com\/bg\/\",\"name\":\"Concrete Form & Rigging Hardware Supplier\",\"description\":\"\",\"publisher\":{\"@id\":\"https:\/\/qingdaohf.com\/bg\/#organization\"},\"potentialAction\":[{\"@type\":\"SearchAction\",\"target\":{\"@type\":\"EntryPoint\",\"urlTemplate\":\"https:\/\/qingdaohf.com\/bg\/?s={search_term_string}\"},\"query-input\":{\"@type\":\"PropertyValueSpecification\",\"valueRequired\":true,\"valueName\":\"search_term_string\"}}],\"inLanguage\":\"sk-SK\"},{\"@type\":\"Organization\",\"@id\":\"https:\/\/qingdaohf.com\/bg\/#organization\",\"name\":\"Qingdao H&F\",\"url\":\"https:\/\/qingdaohf.com\/bg\/\",\"logo\":{\"@type\":\"ImageObject\",\"inLanguage\":\"sk-SK\",\"@id\":\"https:\/\/qingdaohf.com\/bg\/#\/schema\/logo\/image\/\",\"url\":\"https:\/\/qingdaohf.com\/wp-content\/uploads\/2022\/12\/cropped-HF-LOGO.png\",\"contentUrl\":\"https:\/\/qingdaohf.com\/wp-content\/uploads\/2022\/12\/cropped-HF-LOGO.png\",\"width\":391,\"height\":249,\"caption\":\"Qingdao H&F\"},\"image\":{\"@id\":\"https:\/\/qingdaohf.com\/bg\/#\/schema\/logo\/image\/\"},\"sameAs\":[\"https:\/\/www.facebook.com\/qingdaohf\"]}]}<\/script>\n<!-- \/ Yoast SEO plugin. -->","yoast_head_json":{"title":"Spek Anchor Stockless Anchor","robots":{"index":"index","follow":"follow","max-snippet":"max-snippet:-1","max-image-preview":"max-image-preview:large","max-video-preview":"max-video-preview:-1"},"canonical":"https:\/\/qingdaohf.com\/sk\/produkt\/spek-kotva-bez-zasob\/","og_locale":"sk_SK","og_type":"article","og_title":"Spek Anchor Stockless Anchor","og_description":"The Spek Anchor, a staple in marine applications, is highly valued by buyers seeking a balance of reliability and efficient performance in diverse ocean conditions. Known for its robust holding power and stability, the Spek Anchor is particularly well-suited for vessels in moderate to rough seas. At Qingdao H&amp;F, we go a step further by providing one-on-one customer service to ensure each client receives guidance tailored to their specific requirements. Our fast delivery cycle reduces downtime, while our range of quality inspection reports offers buyers added confidence in product reliability and durability. For marine industry professionals, our focus on exceptional service and streamlined processes ensures a seamless purchasing experience.","og_url":"https:\/\/qingdaohf.com\/sk\/produkt\/spek-kotva-bez-zasob\/","og_site_name":"Concrete Form &amp; Rigging Hardware Supplier","article_publisher":"https:\/\/www.facebook.com\/qingdaohf","article_modified_time":"2025-11-13T01:02:52+00:00","og_image":[{"width":1000,"height":1000,"url":"https:\/\/qingdaohf.com\/wp-content\/uploads\/2024\/11\/spek-anchor.jpg","type":"image\/jpeg"}],"twitter_card":"summary_large_image","twitter_misc":{"Predpokladan\u00fd \u010das \u010d\u00edtania":"5 min\u00fat"},"schema":{"@context":"https:\/\/schema.org","@graph":[{"@type":"WebPage","@id":"https:\/\/qingdaohf.com\/product\/spek-anchor-stockless-anchor\/","url":"https:\/\/qingdaohf.com\/product\/spek-anchor-stockless-anchor\/","name":"Spek Anchor Stockless Anchor","isPartOf":{"@id":"https:\/\/qingdaohf.com\/bg\/#website"},"primaryImageOfPage":{"@id":"https:\/\/qingdaohf.com\/product\/spek-anchor-stockless-anchor\/#primaryimage"},"image":{"@id":"https:\/\/qingdaohf.com\/product\/spek-anchor-stockless-anchor\/#primaryimage"},"thumbnailUrl":"https:\/\/qingdaohf.com\/wp-content\/uploads\/2024\/11\/spek-anchor.jpg","datePublished":"2024-11-07T06:33:56+00:00","dateModified":"2025-11-13T01:02:52+00:00","breadcrumb":{"@id":"https:\/\/qingdaohf.com\/product\/spek-anchor-stockless-anchor\/#breadcrumb"},"inLanguage":"sk-SK","potentialAction":[{"@type":"ReadAction","target":["https:\/\/qingdaohf.com\/product\/spek-anchor-stockless-anchor\/"]}]},{"@type":"ImageObject","inLanguage":"sk-SK","@id":"https:\/\/qingdaohf.com\/product\/spek-anchor-stockless-anchor\/#primaryimage","url":"https:\/\/qingdaohf.com\/wp-content\/uploads\/2024\/11\/spek-anchor.jpg","contentUrl":"https:\/\/qingdaohf.com\/wp-content\/uploads\/2024\/11\/spek-anchor.jpg","width":1000,"height":1000,"caption":"spek anchor"},{"@type":"BreadcrumbList","@id":"https:\/\/qingdaohf.com\/product\/spek-anchor-stockless-anchor\/#breadcrumb","itemListElement":[{"@type":"ListItem","position":1,"name":"Home","item":"https:\/\/qingdaohf.com\/"},{"@type":"ListItem","position":2,"name":"Concrete Forming Accessories and Rigging Hardware","item":"https:\/\/qingdaohf.com\/bg\/?page_id=944"},{"@type":"ListItem","position":3,"name":"Spek Anchor Stockless Anchor"}]},{"@type":"WebSite","@id":"https:\/\/qingdaohf.com\/bg\/#website","url":"https:\/\/qingdaohf.com\/bg\/","name":"Concrete Form & Rigging Hardware Supplier","description":"","publisher":{"@id":"https:\/\/qingdaohf.com\/bg\/#organization"},"potentialAction":[{"@type":"SearchAction","target":{"@type":"EntryPoint","urlTemplate":"https:\/\/qingdaohf.com\/bg\/?s={search_term_string}"},"query-input":{"@type":"PropertyValueSpecification","valueRequired":true,"valueName":"search_term_string"}}],"inLanguage":"sk-SK"},{"@type":"Organization","@id":"https:\/\/qingdaohf.com\/bg\/#organization","name":"Qingdao H&F","url":"https:\/\/qingdaohf.com\/bg\/","logo":{"@type":"ImageObject","inLanguage":"sk-SK","@id":"https:\/\/qingdaohf.com\/bg\/#\/schema\/logo\/image\/","url":"https:\/\/qingdaohf.com\/wp-content\/uploads\/2022\/12\/cropped-HF-LOGO.png","contentUrl":"https:\/\/qingdaohf.com\/wp-content\/uploads\/2022\/12\/cropped-HF-LOGO.png","width":391,"height":249,"caption":"Qingdao H&F"},"image":{"@id":"https:\/\/qingdaohf.com\/bg\/#\/schema\/logo\/image\/"},"sameAs":["https:\/\/www.facebook.com\/qingdaohf"]}]}},"_links":{"self":[{"href":"https:\/\/qingdaohf.com\/sk\/wp-json\/wp\/v2\/product\/8310","targetHints":{"allow":["GET"]}}],"collection":[{"href":"https:\/\/qingdaohf.com\/sk\/wp-json\/wp\/v2\/product"}],"about":[{"href":"https:\/\/qingdaohf.com\/sk\/wp-json\/wp\/v2\/types\/product"}],"replies":[{"embeddable":true,"href":"https:\/\/qingdaohf.com\/sk\/wp-json\/wp\/v2\/comments?post=8310"}],"version-history":[{"count":1,"href":"https:\/\/qingdaohf.com\/sk\/wp-json\/wp\/v2\/product\/8310\/revisions"}],"predecessor-version":[{"id":8319,"href":"https:\/\/qingdaohf.com\/sk\/wp-json\/wp\/v2\/product\/8310\/revisions\/8319"}],"wp:featuredmedia":[{"embeddable":true,"href":"https:\/\/qingdaohf.com\/sk\/wp-json\/wp\/v2\/media\/8311"}],"wp:attachment":[{"href":"https:\/\/qingdaohf.com\/sk\/wp-json\/wp\/v2\/media?parent=8310"}],"wp:term":[{"taxonomy":"product_brand","embeddable":true,"href":"https:\/\/qingdaohf.com\/sk\/wp-json\/wp\/v2\/product_brand?post=8310"},{"taxonomy":"product_cat","embeddable":true,"href":"https:\/\/qingdaohf.com\/sk\/wp-json\/wp\/v2\/product_cat?post=8310"},{"taxonomy":"product_tag","embeddable":true,"href":"https:\/\/qingdaohf.com\/sk\/wp-json\/wp\/v2\/product_tag?post=8310"}],"curies":[{"name":"wp","href":"https:\/\/api.w.org\/{rel}","templated":true}]}}